{"id":28252,"date":"2020-05-07T12:55:36","date_gmt":"2020-05-07T12:55:36","guid":{"rendered":"https:\/\/women.lv\/?product=intensivs-atjaunojoss-juras-algu-serums-matiem"},"modified":"2026-03-21T11:56:45","modified_gmt":"2026-03-21T09:56:45","slug":"kava-kava-intensivs-atjaunojoss-juras-algu-serums-matiem","status":"publish","type":"product","link":"https:\/\/women.lv\/ru\/product\/kava-kava-intensivs-atjaunojoss-juras-algu-serums-matiem\/","title":{"rendered":"Intens\u012bvs atjaunojo\u0161s j\u016bras a\u013c\u0123u serums matiem"},"content":{"rendered":"<p><font face=\"Helvetica\"><span style=\"font-size: 18px;\"><b>Serums pret matu izkri\u0161anu<\/b>: Serums ir intens\u012bvs prepar\u0101ts ar paaugstin\u0101tu ies\u016bk\u0161an\u0101s sp\u0113ju. Inovat\u012bv\u0101s formulas pamat\u0101 ir sald\u016bdens a\u013c\u0123u akt\u012bvie komponenti kombin\u0101cij\u0101 ar kerat\u012bnu un dab\u012bgaj\u0101m e\u013c\u013c\u0101m. Labv\u0113l\u012bg\u0101s vielas iek\u013c\u016bst matu sakn\u0113s, nodro\u0161inot intens\u012bvu stimul\u0113jo\u0161u efektu. T\u0101 rezult\u0101t\u0101 mati k\u013c\u016bst stipr\u0101ki un biez\u0101ki, p\u0101rst\u0101jot matu izkri\u0161anu. Seruma labv\u0113l\u012bg\u0101 iedarb\u012bba izpau\u017eas ar\u012b izskat\u0101. Boj\u0101ti mati atg\u016bst k\u0101dreiz\u0113jo maigumu un z\u012bdain\u012bbu.<\/span><\/font><\/p>\n<p><strong><span style=\"font-size: 14pt;\"><span style=\"font-size: 18px;\"><font face=\"Helvetica\">\u0421\u043e\u0441\u0442\u0430\u0432:&nbsp;<\/font><\/span><\/span><\/strong><span style=\"font-family: Helvetica; font-size: 18px;\">Cyclopentasiloxane, Fragrance (Supplement), Carrot (Daucus Carota Sativa) Oil, Phenyl Trimethicone, Cl 16255, Cl 42090, spirulina, Limonene, Cyclomethicone, Dimethicone.<\/span><font face=\"Helvetica\"><span style=\"font-size: 18px;\"><b><br \/><\/b><\/span><\/font><\/p>\n<p><font face=\"Helvetica\"><span style=\"font-size: 18px;\"><b>\u0418\u0441\u043f\u043e\u043b\u044c\u0437\u043e\u0432\u0430\u043d\u0438\u0435:<\/b>&nbsp;mitros matos uzkl\u0101jiet 3-4 pilienus seruma, vispirms ieziediet matu galus un turpiniet piln\u0101 garum\u0101 l\u012bdz pat sakn\u0113m.<\/span><\/font><\/p>\n<p><font face=\"Helvetica\"><span style=\"font-size: 18px;\"><b>\u041e\u0431\u044a\u0435\u043c:<\/b>&nbsp;100 \u043c\u043b<\/span><\/font><\/p>","protected":false},"excerpt":{"rendered":"<p>Serums pret matu izkri\u0161anu: Serums ir intens\u012bvs prepar\u0101ts ar paaugstin\u0101tu ies\u016bk\u0161an\u0101s sp\u0113ju. Inovat\u012bv\u0101s formulas pamat\u0101 ir sald\u016bdens a\u013c\u0123u akt\u012bvie komponenti<\/p>","protected":false},"featured_media":28253,"comment_status":"open","ping_status":"closed","template":"","meta":[],"product_brand":[],"product_cat":[2204,2224,2215],"product_tag":[2569,2571,2244,2243,2534,2245,2570],"class_list":{"0":"post-28252","1":"product","2":"type-product","3":"status-publish","4":"has-post-thumbnail","6":"product_cat-matu-kopsanas-lidzekli","7":"product_cat-matu-serumi","8":"product_cat-visi-produkti","9":"product_tag-anti-hair-loss-serum-spirulina-algae","10":"product_tag-intensivs-atjaunojoss-juras-algu-serums-matiem","11":"product_tag-israel","12":"product_tag-izraela","13":"product_tag-kava-kava","14":"product_tag-2245","15":"product_tag-2570","16":"pa_brand_nc-kava-kava","17":"pa_ean_nc-2568","18":"pa_ean_nc-israel","20":"first","21":"instock","22":"sale","23":"taxable","24":"shipping-taxable","25":"purchasable","26":"product-type-simple"},"yoast_head":"<!-- This site is optimized with the Yoast SEO plugin v27.4 - https:\/\/yoast.com\/product\/yoast-seo-wordpress\/ -->\n<title>Intens\u012bvs atjaunojo\u0161s j\u016bras a\u013c\u0123u serums matiem<\/title>\n<meta name=\"description\" content=\"Serums pret matu izkri\u0161anu: Serums ir intens\u012bvs prepar\u0101ts ar paaugstin\u0101tu ies\u016bk\u0161an\u0101s sp\u0113ju. Inovat\u012bv\u0101s formulas pamat\u0101 ir sald\u016bdens a\u013c\u0123u akt\u012bvie komponenti kombin\u0101cij\u0101 ar kerat\u012bnu un dab\u012bgaj\u0101m e\u013c\u013c\u0101m. Labv\u0113l\u012bg\u0101s vielas iek\u013c\u016bst matu sakn\u0113s, nodro\u0161inot inten\" \/>\n<meta name=\"robots\" content=\"index, follow, max-snippet:-1, max-image-preview:large, max-video-preview:-1\" \/>\n<link rel=\"canonical\" href=\"https:\/\/women.lv\/ru\/product\/kava-kava-intensivs-atjaunojoss-juras-algu-serums-matiem\/\" \/>\n<meta property=\"og:locale\" content=\"ru_RU\" \/>\n<meta property=\"og:type\" content=\"article\" \/>\n<meta property=\"og:title\" content=\"Intens\u012bvs atjaunojo\u0161s j\u016bras a\u013c\u0123u serums matiem\" \/>\n<meta property=\"og:description\" content=\"Serums pret matu izkri\u0161anu: Serums ir intens\u012bvs prepar\u0101ts ar paaugstin\u0101tu ies\u016bk\u0161an\u0101s sp\u0113ju. Inovat\u012bv\u0101s formulas pamat\u0101 ir sald\u016bdens a\u013c\u0123u akt\u012bvie komponenti kombin\u0101cij\u0101 ar kerat\u012bnu un dab\u012bgaj\u0101m e\u013c\u013c\u0101m. Labv\u0113l\u012bg\u0101s vielas iek\u013c\u016bst matu sakn\u0113s, nodro\u0161inot inten\" \/>\n<meta property=\"og:url\" content=\"https:\/\/women.lv\/ru\/product\/kava-kava-intensivs-atjaunojoss-juras-algu-serums-matiem\/\" \/>\n<meta property=\"og:site_name\" content=\"Women Veikals\" \/>\n<meta property=\"article:modified_time\" content=\"2026-03-21T09:56:45+00:00\" \/>\n<meta property=\"og:image\" content=\"https:\/\/women.lv\/wp-content\/uploads\/nc\/catalog\/Israel\/Kava-Kava\/botanica-serum.PNG\" \/>\n\t<meta property=\"og:image:width\" content=\"441\" \/>\n\t<meta property=\"og:image:height\" content=\"582\" \/>\n\t<meta property=\"og:image:type\" content=\"image\/png\" \/>\n<meta name=\"twitter:card\" content=\"summary_large_image\" \/>\n<meta name=\"twitter:label1\" content=\"\u041f\u0440\u0438\u043c\u0435\u0440\u043d\u043e\u0435 \u0432\u0440\u0435\u043c\u044f \u0434\u043b\u044f \u0447\u0442\u0435\u043d\u0438\u044f\" \/>\n\t<meta name=\"twitter:data1\" content=\"1 \u043c\u0438\u043d\u0443\u0442\u0430\" \/>\n<script type=\"application\/ld+json\" class=\"yoast-schema-graph\">{\"@context\":\"https:\\\/\\\/schema.org\",\"@graph\":[{\"@type\":\"WebPage\",\"@id\":\"https:\\\/\\\/women.lv\\\/product\\\/kava-kava-intensivs-atjaunojoss-juras-algu-serums-matiem\\\/\",\"url\":\"https:\\\/\\\/women.lv\\\/product\\\/kava-kava-intensivs-atjaunojoss-juras-algu-serums-matiem\\\/\",\"name\":\"Intens\u012bvs atjaunojo\u0161s j\u016bras a\u013c\u0123u serums matiem\",\"isPartOf\":{\"@id\":\"https:\\\/\\\/women.lv\\\/#website\"},\"primaryImageOfPage\":{\"@id\":\"https:\\\/\\\/women.lv\\\/product\\\/kava-kava-intensivs-atjaunojoss-juras-algu-serums-matiem\\\/#primaryimage\"},\"image\":{\"@id\":\"https:\\\/\\\/women.lv\\\/product\\\/kava-kava-intensivs-atjaunojoss-juras-algu-serums-matiem\\\/#primaryimage\"},\"thumbnailUrl\":\"https:\\\/\\\/women.lv\\\/wp-content\\\/uploads\\\/nc\\\/catalog\\\/Israel\\\/Kava-Kava\\\/botanica-serum.PNG\",\"datePublished\":\"2020-05-07T12:55:36+00:00\",\"dateModified\":\"2026-03-21T09:56:45+00:00\",\"description\":\"Serums pret matu izkri\u0161anu: Serums ir intens\u012bvs prepar\u0101ts ar paaugstin\u0101tu ies\u016bk\u0161an\u0101s sp\u0113ju. Inovat\u012bv\u0101s formulas pamat\u0101 ir sald\u016bdens a\u013c\u0123u akt\u012bvie komponenti kombin\u0101cij\u0101 ar kerat\u012bnu un dab\u012bgaj\u0101m e\u013c\u013c\u0101m. Labv\u0113l\u012bg\u0101s vielas iek\u013c\u016bst matu sakn\u0113s, nodro\u0161inot inten\",\"breadcrumb\":{\"@id\":\"https:\\\/\\\/women.lv\\\/product\\\/kava-kava-intensivs-atjaunojoss-juras-algu-serums-matiem\\\/#breadcrumb\"},\"inLanguage\":\"ru-RU\",\"potentialAction\":[{\"@type\":\"ReadAction\",\"target\":[\"https:\\\/\\\/women.lv\\\/product\\\/kava-kava-intensivs-atjaunojoss-juras-algu-serums-matiem\\\/\"]}]},{\"@type\":\"ImageObject\",\"inLanguage\":\"ru-RU\",\"@id\":\"https:\\\/\\\/women.lv\\\/product\\\/kava-kava-intensivs-atjaunojoss-juras-algu-serums-matiem\\\/#primaryimage\",\"url\":\"https:\\\/\\\/women.lv\\\/wp-content\\\/uploads\\\/nc\\\/catalog\\\/Israel\\\/Kava-Kava\\\/botanica-serum.PNG\",\"contentUrl\":\"https:\\\/\\\/women.lv\\\/wp-content\\\/uploads\\\/nc\\\/catalog\\\/Israel\\\/Kava-Kava\\\/botanica-serum.PNG\",\"width\":441,\"height\":582,\"caption\":\"Intens\u012bvs atjaunojo\u0161s j\u016bras a\u013c\u0123u serums matiem\"},{\"@type\":\"BreadcrumbList\",\"@id\":\"https:\\\/\\\/women.lv\\\/product\\\/kava-kava-intensivs-atjaunojoss-juras-algu-serums-matiem\\\/#breadcrumb\",\"itemListElement\":[{\"@type\":\"ListItem\",\"position\":1,\"name\":\"Home\",\"item\":\"https:\\\/\\\/women.lv\\\/\"},{\"@type\":\"ListItem\",\"position\":2,\"name\":\"Products\",\"item\":\"https:\\\/\\\/women.lv\\\/en\\\/shop\\\/\"},{\"@type\":\"ListItem\",\"position\":3,\"name\":\"Intens\u012bvs atjaunojo\u0161s j\u016bras a\u013c\u0123u serums matiem\"}]},{\"@type\":\"WebSite\",\"@id\":\"https:\\\/\\\/women.lv\\\/#website\",\"url\":\"https:\\\/\\\/women.lv\\\/\",\"name\":\"Women Veikals\",\"description\":\"Uzdr\u012bksties b\u016bt skaista\",\"potentialAction\":[{\"@type\":\"SearchAction\",\"target\":{\"@type\":\"EntryPoint\",\"urlTemplate\":\"https:\\\/\\\/women.lv\\\/?s={search_term_string}\"},\"query-input\":{\"@type\":\"PropertyValueSpecification\",\"valueRequired\":true,\"valueName\":\"search_term_string\"}}],\"inLanguage\":\"ru-RU\"}]}<\/script>\n<!-- \/ Yoast SEO plugin. -->","yoast_head_json":{"title":"Intens\u012bvs atjaunojo\u0161s j\u016bras a\u013c\u0123u serums matiem","description":"Serums pret matu izkri\u0161anu: Serums ir intens\u012bvs prepar\u0101ts ar paaugstin\u0101tu ies\u016bk\u0161an\u0101s sp\u0113ju. Inovat\u012bv\u0101s formulas pamat\u0101 ir sald\u016bdens a\u013c\u0123u akt\u012bvie komponenti kombin\u0101cij\u0101 ar kerat\u012bnu un dab\u012bgaj\u0101m e\u013c\u013c\u0101m. Labv\u0113l\u012bg\u0101s vielas iek\u013c\u016bst matu sakn\u0113s, nodro\u0161inot inten","robots":{"index":"index","follow":"follow","max-snippet":"max-snippet:-1","max-image-preview":"max-image-preview:large","max-video-preview":"max-video-preview:-1"},"canonical":"https:\/\/women.lv\/ru\/product\/kava-kava-intensivs-atjaunojoss-juras-algu-serums-matiem\/","og_locale":"ru_RU","og_type":"article","og_title":"Intens\u012bvs atjaunojo\u0161s j\u016bras a\u013c\u0123u serums matiem","og_description":"Serums pret matu izkri\u0161anu: Serums ir intens\u012bvs prepar\u0101ts ar paaugstin\u0101tu ies\u016bk\u0161an\u0101s sp\u0113ju. Inovat\u012bv\u0101s formulas pamat\u0101 ir sald\u016bdens a\u013c\u0123u akt\u012bvie komponenti kombin\u0101cij\u0101 ar kerat\u012bnu un dab\u012bgaj\u0101m e\u013c\u013c\u0101m. Labv\u0113l\u012bg\u0101s vielas iek\u013c\u016bst matu sakn\u0113s, nodro\u0161inot inten","og_url":"https:\/\/women.lv\/ru\/product\/kava-kava-intensivs-atjaunojoss-juras-algu-serums-matiem\/","og_site_name":"Women Veikals","article_modified_time":"2026-03-21T09:56:45+00:00","og_image":[{"width":441,"height":582,"url":"https:\/\/women.lv\/wp-content\/uploads\/nc\/catalog\/Israel\/Kava-Kava\/botanica-serum.PNG","type":"image\/png"}],"twitter_card":"summary_large_image","twitter_misc":{"\u041f\u0440\u0438\u043c\u0435\u0440\u043d\u043e\u0435 \u0432\u0440\u0435\u043c\u044f \u0434\u043b\u044f \u0447\u0442\u0435\u043d\u0438\u044f":"1 \u043c\u0438\u043d\u0443\u0442\u0430"},"schema":{"@context":"https:\/\/schema.org","@graph":[{"@type":"WebPage","@id":"https:\/\/women.lv\/product\/kava-kava-intensivs-atjaunojoss-juras-algu-serums-matiem\/","url":"https:\/\/women.lv\/product\/kava-kava-intensivs-atjaunojoss-juras-algu-serums-matiem\/","name":"Intens\u012bvs atjaunojo\u0161s j\u016bras a\u013c\u0123u serums matiem","isPartOf":{"@id":"https:\/\/women.lv\/#website"},"primaryImageOfPage":{"@id":"https:\/\/women.lv\/product\/kava-kava-intensivs-atjaunojoss-juras-algu-serums-matiem\/#primaryimage"},"image":{"@id":"https:\/\/women.lv\/product\/kava-kava-intensivs-atjaunojoss-juras-algu-serums-matiem\/#primaryimage"},"thumbnailUrl":"https:\/\/women.lv\/wp-content\/uploads\/nc\/catalog\/Israel\/Kava-Kava\/botanica-serum.PNG","datePublished":"2020-05-07T12:55:36+00:00","dateModified":"2026-03-21T09:56:45+00:00","description":"Serums pret matu izkri\u0161anu: Serums ir intens\u012bvs prepar\u0101ts ar paaugstin\u0101tu ies\u016bk\u0161an\u0101s sp\u0113ju. Inovat\u012bv\u0101s formulas pamat\u0101 ir sald\u016bdens a\u013c\u0123u akt\u012bvie komponenti kombin\u0101cij\u0101 ar kerat\u012bnu un dab\u012bgaj\u0101m e\u013c\u013c\u0101m. Labv\u0113l\u012bg\u0101s vielas iek\u013c\u016bst matu sakn\u0113s, nodro\u0161inot inten","breadcrumb":{"@id":"https:\/\/women.lv\/product\/kava-kava-intensivs-atjaunojoss-juras-algu-serums-matiem\/#breadcrumb"},"inLanguage":"ru-RU","potentialAction":[{"@type":"ReadAction","target":["https:\/\/women.lv\/product\/kava-kava-intensivs-atjaunojoss-juras-algu-serums-matiem\/"]}]},{"@type":"ImageObject","inLanguage":"ru-RU","@id":"https:\/\/women.lv\/product\/kava-kava-intensivs-atjaunojoss-juras-algu-serums-matiem\/#primaryimage","url":"https:\/\/women.lv\/wp-content\/uploads\/nc\/catalog\/Israel\/Kava-Kava\/botanica-serum.PNG","contentUrl":"https:\/\/women.lv\/wp-content\/uploads\/nc\/catalog\/Israel\/Kava-Kava\/botanica-serum.PNG","width":441,"height":582,"caption":"Intens\u012bvs atjaunojo\u0161s j\u016bras a\u013c\u0123u serums matiem"},{"@type":"BreadcrumbList","@id":"https:\/\/women.lv\/product\/kava-kava-intensivs-atjaunojoss-juras-algu-serums-matiem\/#breadcrumb","itemListElement":[{"@type":"ListItem","position":1,"name":"Home","item":"https:\/\/women.lv\/"},{"@type":"ListItem","position":2,"name":"Products","item":"https:\/\/women.lv\/en\/shop\/"},{"@type":"ListItem","position":3,"name":"Intens\u012bvs atjaunojo\u0161s j\u016bras a\u013c\u0123u serums matiem"}]},{"@type":"WebSite","@id":"https:\/\/women.lv\/#website","url":"https:\/\/women.lv\/","name":"\u041c\u0430\u0433\u0430\u0437\u0438\u043d Women","description":"Uzdr\u012bksties b\u016bt skaista","potentialAction":[{"@type":"SearchAction","target":{"@type":"EntryPoint","urlTemplate":"https:\/\/women.lv\/?s={search_term_string}"},"query-input":{"@type":"PropertyValueSpecification","valueRequired":true,"valueName":"search_term_string"}}],"inLanguage":"ru-RU"}]}},"_links":{"self":[{"href":"https:\/\/women.lv\/ru\/wp-json\/wp\/v2\/product\/28252","targetHints":{"allow":["GET"]}}],"collection":[{"href":"https:\/\/women.lv\/ru\/wp-json\/wp\/v2\/product"}],"about":[{"href":"https:\/\/women.lv\/ru\/wp-json\/wp\/v2\/types\/product"}],"replies":[{"embeddable":true,"href":"https:\/\/women.lv\/ru\/wp-json\/wp\/v2\/comments?post=28252"}],"version-history":[{"count":0,"href":"https:\/\/women.lv\/ru\/wp-json\/wp\/v2\/product\/28252\/revisions"}],"wp:featuredmedia":[{"embeddable":true,"href":"https:\/\/women.lv\/ru\/wp-json\/wp\/v2\/media\/28253"}],"wp:attachment":[{"href":"https:\/\/women.lv\/ru\/wp-json\/wp\/v2\/media?parent=28252"}],"wp:term":[{"taxonomy":"product_brand","embeddable":true,"href":"https:\/\/women.lv\/ru\/wp-json\/wp\/v2\/product_brand?post=28252"},{"taxonomy":"product_cat","embeddable":true,"href":"https:\/\/women.lv\/ru\/wp-json\/wp\/v2\/product_cat?post=28252"},{"taxonomy":"product_tag","embeddable":true,"href":"https:\/\/women.lv\/ru\/wp-json\/wp\/v2\/product_tag?post=28252"}],"curies":[{"name":"wp","href":"https:\/\/api.w.org\/{rel}","templated":true}]}}