{"id":28248,"date":"2020-05-07T12:08:00","date_gmt":"2020-05-07T12:08:00","guid":{"rendered":"https:\/\/women.lv\/?product=sampuns-pret-matu-izkrisanu-ar-juras-algu-ekstraktu"},"modified":"2026-03-21T11:57:27","modified_gmt":"2026-03-21T09:57:27","slug":"kava-kava-sampuns-pret-matu-izkrisanu-ar-juras-algu-ekstraktu","status":"publish","type":"product","link":"https:\/\/women.lv\/ru\/product\/kava-kava-sampuns-pret-matu-izkrisanu-ar-juras-algu-ekstraktu\/","title":{"rendered":"\u0160amp\u016bns pret matu izkri\u0161anu ar j\u016bras a\u013c\u0123u ekstraktu"},"content":{"rendered":"<p><font face=\"Helvetica\"><span style=\"font-size: 18px;\"><b>\u0160amp\u016bns pret matu izkri\u0161anu<\/b>: \u0160amp\u016bns ar a\u013c\u0123u ekstraktu un dab\u012bg\u0101m e\u013c\u013c\u0101m maigi att\u012bra galvas \u0101du. Intens\u012bvi baro un stiprina matu stiebrus. Nov\u0113r\u0161 matu izkri\u0161anu, stimul\u0113jot asinsriti un sk\u0101bek\u013ca daudzuma pietiekam\u012bbu. Spirul\u012bn\u0101 iek\u013cautie fosfora, magnija, s\u0113ra un B vitam\u012bni nodro\u0161ina akt\u012bvu matu aug\u0161anu. Pie\u0161\u0137iriet matiem v\u0113lamo gludumu un z\u012bdain\u012bbu. \u0160amp\u016bns satur ar\u012b kerat\u012bnu, kam ir atjaunojo\u0161a iedarb\u012bba uz boj\u0101tu matu strukt\u016bru. K\u0101 ar\u012b dabisk\u0101s e\u013c\u013cas, lai aizsarg\u0101tu matus no dabisko faktoru negat\u012bv\u0101s ietekmes.<\/span><\/font><\/p>\n<p><\/p>\n<p style=\"background-image: initial; background-position: initial; background-size: initial; background-repeat: initial; background-attachment: initial; background-origin: initial; background-clip: initial;\"><font face=\"Helvetica\"><strong><span style=\"font-size: 14pt;\"><span style=\"font-size: 18px;\">\u0421\u043e\u0441\u0442\u0430\u0432:&nbsp;<\/span><\/span><\/strong><\/font><span style=\"font-family: Helvetica; font-size: 18px;\">Water, Cocamidoethyl Betaine, Cocamide Dea, Peg &#8211; 150 Distearate, Fragrance (Supplement) Dmdm Hydantion, Polyquatemium-10, Styrene\/Acrylates Copolymer, Edta Citric Acid, spirulin, &nbsp;<\/span><span style=\"font-family: Helvetica; font-size: 18px;\">Limonene, CI 19140, CI 16255, CI 42090, Cocamide Mea, Glycol Distearate.<\/span><\/p>\n<p><font face=\"Helvetica\"><span style=\"font-size: 18px;\"><b>\u0418\u0441\u043f\u043e\u043b\u044c\u0437\u043e\u0432\u0430\u043d\u0438\u0435:<\/b>&nbsp;uzkl\u0101t uz mitriem matiem, ieziediet matos ar mas\u0101\u017eas kust\u012bb\u0101m un k\u0101rt\u012bgi izskalot ar lielu daudzumu \u016bdens. Ja nepiecie\u0161ams, atk\u0101rtojiet proced\u016bru.<\/span><\/font><\/p>\n<p><font face=\"Helvetica\"><span style=\"font-size: 18px;\"><b>\u041e\u0431\u044a\u0435\u043c:<\/b>&nbsp;500 \u043c\u043b<\/span><\/font><\/p>","protected":false},"excerpt":{"rendered":"<p>\u0160amp\u016bns pret matu izkri\u0161anu: \u0160amp\u016bns ar a\u013c\u0123u ekstraktu un dab\u012bg\u0101m e\u013c\u013c\u0101m maigi att\u012bra galvas \u0101du. Intens\u012bvi baro un stiprina matu<\/p>","protected":false},"featured_media":28249,"comment_status":"open","ping_status":"closed","template":"","meta":[],"product_brand":[],"product_cat":[2204,2206,2215],"product_tag":[2561,2244,2243,2534,2563,2245,2562],"class_list":{"0":"post-28248","1":"product","2":"type-product","3":"status-publish","4":"has-post-thumbnail","6":"product_cat-matu-kopsanas-lidzekli","7":"product_cat-sampuni","8":"product_cat-visi-produkti","9":"product_tag-anti-hair-loss-shampoo-spirulina-algae","10":"product_tag-israel","11":"product_tag-izraela","12":"product_tag-kava-kava","13":"product_tag-sampuns-pret-matu-izkrisanu-ar-juras-algu-ekstraktu","14":"product_tag-2245","15":"product_tag-2562","16":"pa_brand_nc-kava-kava","17":"pa_ean_nc-2560","18":"pa_ean_nc-israel","20":"first","21":"instock","22":"sale","23":"taxable","24":"shipping-taxable","25":"purchasable","26":"product-type-simple"},"yoast_head":"<!-- This site is optimized with the Yoast SEO plugin v27.4 - https:\/\/yoast.com\/product\/yoast-seo-wordpress\/ -->\n<title>\u0160amp\u016bns pret matu izkri\u0161anu ar j\u016bras a\u013c\u0123u ekstraktu<\/title>\n<meta name=\"description\" content=\"\u0160amp\u016bns pret matu izkri\u0161anu: \u0160amp\u016bns ar a\u013c\u0123u ekstraktu un dab\u012bg\u0101m e\u013c\u013c\u0101m maigi att\u012bra galvas \u0101du. Intens\u012bvi baro un stiprina matu stiebrus. Nov\u0113r\u0161 matu izkri\u0161anu, stimul\u0113jot asinsriti un sk\u0101bek\u013ca daudzuma pietiekam\u012bbu. Spirul\u012bn\u0101 iek\u013cautie fosfora, magnija,\" \/>\n<meta name=\"robots\" content=\"index, follow, max-snippet:-1, max-image-preview:large, max-video-preview:-1\" \/>\n<link rel=\"canonical\" href=\"https:\/\/women.lv\/ru\/product\/kava-kava-sampuns-pret-matu-izkrisanu-ar-juras-algu-ekstraktu\/\" \/>\n<meta property=\"og:locale\" content=\"ru_RU\" \/>\n<meta property=\"og:type\" content=\"article\" \/>\n<meta property=\"og:title\" content=\"\u0160amp\u016bns pret matu izkri\u0161anu ar j\u016bras a\u013c\u0123u ekstraktu\" \/>\n<meta property=\"og:description\" content=\"\u0160amp\u016bns pret matu izkri\u0161anu: \u0160amp\u016bns ar a\u013c\u0123u ekstraktu un dab\u012bg\u0101m e\u013c\u013c\u0101m maigi att\u012bra galvas \u0101du. Intens\u012bvi baro un stiprina matu stiebrus. Nov\u0113r\u0161 matu izkri\u0161anu, stimul\u0113jot asinsriti un sk\u0101bek\u013ca daudzuma pietiekam\u012bbu. Spirul\u012bn\u0101 iek\u013cautie fosfora, magnija,\" \/>\n<meta property=\"og:url\" content=\"https:\/\/women.lv\/ru\/product\/kava-kava-sampuns-pret-matu-izkrisanu-ar-juras-algu-ekstraktu\/\" \/>\n<meta property=\"og:site_name\" content=\"Women Veikals\" \/>\n<meta property=\"article:modified_time\" content=\"2026-03-21T09:57:27+00:00\" \/>\n<meta property=\"og:image\" content=\"https:\/\/women.lv\/wp-content\/uploads\/nc\/catalog\/Israel\/Kava-Kava\/botanica-shampoo.PNG\" \/>\n\t<meta property=\"og:image:width\" content=\"413\" \/>\n\t<meta property=\"og:image:height\" content=\"602\" \/>\n\t<meta property=\"og:image:type\" content=\"image\/png\" \/>\n<meta name=\"twitter:card\" content=\"summary_large_image\" \/>\n<meta name=\"twitter:label1\" content=\"\u041f\u0440\u0438\u043c\u0435\u0440\u043d\u043e\u0435 \u0432\u0440\u0435\u043c\u044f \u0434\u043b\u044f \u0447\u0442\u0435\u043d\u0438\u044f\" \/>\n\t<meta name=\"twitter:data1\" content=\"1 \u043c\u0438\u043d\u0443\u0442\u0430\" \/>\n<script type=\"application\/ld+json\" class=\"yoast-schema-graph\">{\"@context\":\"https:\\\/\\\/schema.org\",\"@graph\":[{\"@type\":\"WebPage\",\"@id\":\"https:\\\/\\\/women.lv\\\/product\\\/kava-kava-sampuns-pret-matu-izkrisanu-ar-juras-algu-ekstraktu\\\/\",\"url\":\"https:\\\/\\\/women.lv\\\/product\\\/kava-kava-sampuns-pret-matu-izkrisanu-ar-juras-algu-ekstraktu\\\/\",\"name\":\"\u0160amp\u016bns pret matu izkri\u0161anu ar j\u016bras a\u013c\u0123u ekstraktu\",\"isPartOf\":{\"@id\":\"https:\\\/\\\/women.lv\\\/#website\"},\"primaryImageOfPage\":{\"@id\":\"https:\\\/\\\/women.lv\\\/product\\\/kava-kava-sampuns-pret-matu-izkrisanu-ar-juras-algu-ekstraktu\\\/#primaryimage\"},\"image\":{\"@id\":\"https:\\\/\\\/women.lv\\\/product\\\/kava-kava-sampuns-pret-matu-izkrisanu-ar-juras-algu-ekstraktu\\\/#primaryimage\"},\"thumbnailUrl\":\"https:\\\/\\\/women.lv\\\/wp-content\\\/uploads\\\/nc\\\/catalog\\\/Israel\\\/Kava-Kava\\\/botanica-shampoo.PNG\",\"datePublished\":\"2020-05-07T12:08:00+00:00\",\"dateModified\":\"2026-03-21T09:57:27+00:00\",\"description\":\"\u0160amp\u016bns pret matu izkri\u0161anu: \u0160amp\u016bns ar a\u013c\u0123u ekstraktu un dab\u012bg\u0101m e\u013c\u013c\u0101m maigi att\u012bra galvas \u0101du. Intens\u012bvi baro un stiprina matu stiebrus. Nov\u0113r\u0161 matu izkri\u0161anu, stimul\u0113jot asinsriti un sk\u0101bek\u013ca daudzuma pietiekam\u012bbu. Spirul\u012bn\u0101 iek\u013cautie fosfora, magnija,\",\"breadcrumb\":{\"@id\":\"https:\\\/\\\/women.lv\\\/product\\\/kava-kava-sampuns-pret-matu-izkrisanu-ar-juras-algu-ekstraktu\\\/#breadcrumb\"},\"inLanguage\":\"ru-RU\",\"potentialAction\":[{\"@type\":\"ReadAction\",\"target\":[\"https:\\\/\\\/women.lv\\\/product\\\/kava-kava-sampuns-pret-matu-izkrisanu-ar-juras-algu-ekstraktu\\\/\"]}]},{\"@type\":\"ImageObject\",\"inLanguage\":\"ru-RU\",\"@id\":\"https:\\\/\\\/women.lv\\\/product\\\/kava-kava-sampuns-pret-matu-izkrisanu-ar-juras-algu-ekstraktu\\\/#primaryimage\",\"url\":\"https:\\\/\\\/women.lv\\\/wp-content\\\/uploads\\\/nc\\\/catalog\\\/Israel\\\/Kava-Kava\\\/botanica-shampoo.PNG\",\"contentUrl\":\"https:\\\/\\\/women.lv\\\/wp-content\\\/uploads\\\/nc\\\/catalog\\\/Israel\\\/Kava-Kava\\\/botanica-shampoo.PNG\",\"width\":413,\"height\":602,\"caption\":\"\u0160amp\u016bns pret matu izkri\u0161anu ar j\u016bras a\u013c\u0123u ekstraktu\"},{\"@type\":\"BreadcrumbList\",\"@id\":\"https:\\\/\\\/women.lv\\\/product\\\/kava-kava-sampuns-pret-matu-izkrisanu-ar-juras-algu-ekstraktu\\\/#breadcrumb\",\"itemListElement\":[{\"@type\":\"ListItem\",\"position\":1,\"name\":\"Home\",\"item\":\"https:\\\/\\\/women.lv\\\/\"},{\"@type\":\"ListItem\",\"position\":2,\"name\":\"Products\",\"item\":\"https:\\\/\\\/women.lv\\\/en\\\/shop\\\/\"},{\"@type\":\"ListItem\",\"position\":3,\"name\":\"\u0160amp\u016bns pret matu izkri\u0161anu ar j\u016bras a\u013c\u0123u ekstraktu\"}]},{\"@type\":\"WebSite\",\"@id\":\"https:\\\/\\\/women.lv\\\/#website\",\"url\":\"https:\\\/\\\/women.lv\\\/\",\"name\":\"Women Veikals\",\"description\":\"Uzdr\u012bksties b\u016bt skaista\",\"potentialAction\":[{\"@type\":\"SearchAction\",\"target\":{\"@type\":\"EntryPoint\",\"urlTemplate\":\"https:\\\/\\\/women.lv\\\/?s={search_term_string}\"},\"query-input\":{\"@type\":\"PropertyValueSpecification\",\"valueRequired\":true,\"valueName\":\"search_term_string\"}}],\"inLanguage\":\"ru-RU\"}]}<\/script>\n<!-- \/ Yoast SEO plugin. -->","yoast_head_json":{"title":"\u0160amp\u016bns pret matu izkri\u0161anu ar j\u016bras a\u013c\u0123u ekstraktu","description":"\u0160amp\u016bns pret matu izkri\u0161anu: \u0160amp\u016bns ar a\u013c\u0123u ekstraktu un dab\u012bg\u0101m e\u013c\u013c\u0101m maigi att\u012bra galvas \u0101du. Intens\u012bvi baro un stiprina matu stiebrus. Nov\u0113r\u0161 matu izkri\u0161anu, stimul\u0113jot asinsriti un sk\u0101bek\u013ca daudzuma pietiekam\u012bbu. Spirul\u012bn\u0101 iek\u013cautie fosfora, magnija,","robots":{"index":"index","follow":"follow","max-snippet":"max-snippet:-1","max-image-preview":"max-image-preview:large","max-video-preview":"max-video-preview:-1"},"canonical":"https:\/\/women.lv\/ru\/product\/kava-kava-sampuns-pret-matu-izkrisanu-ar-juras-algu-ekstraktu\/","og_locale":"ru_RU","og_type":"article","og_title":"\u0160amp\u016bns pret matu izkri\u0161anu ar j\u016bras a\u013c\u0123u ekstraktu","og_description":"\u0160amp\u016bns pret matu izkri\u0161anu: \u0160amp\u016bns ar a\u013c\u0123u ekstraktu un dab\u012bg\u0101m e\u013c\u013c\u0101m maigi att\u012bra galvas \u0101du. Intens\u012bvi baro un stiprina matu stiebrus. Nov\u0113r\u0161 matu izkri\u0161anu, stimul\u0113jot asinsriti un sk\u0101bek\u013ca daudzuma pietiekam\u012bbu. Spirul\u012bn\u0101 iek\u013cautie fosfora, magnija,","og_url":"https:\/\/women.lv\/ru\/product\/kava-kava-sampuns-pret-matu-izkrisanu-ar-juras-algu-ekstraktu\/","og_site_name":"Women Veikals","article_modified_time":"2026-03-21T09:57:27+00:00","og_image":[{"width":413,"height":602,"url":"https:\/\/women.lv\/wp-content\/uploads\/nc\/catalog\/Israel\/Kava-Kava\/botanica-shampoo.PNG","type":"image\/png"}],"twitter_card":"summary_large_image","twitter_misc":{"\u041f\u0440\u0438\u043c\u0435\u0440\u043d\u043e\u0435 \u0432\u0440\u0435\u043c\u044f \u0434\u043b\u044f \u0447\u0442\u0435\u043d\u0438\u044f":"1 \u043c\u0438\u043d\u0443\u0442\u0430"},"schema":{"@context":"https:\/\/schema.org","@graph":[{"@type":"WebPage","@id":"https:\/\/women.lv\/product\/kava-kava-sampuns-pret-matu-izkrisanu-ar-juras-algu-ekstraktu\/","url":"https:\/\/women.lv\/product\/kava-kava-sampuns-pret-matu-izkrisanu-ar-juras-algu-ekstraktu\/","name":"\u0160amp\u016bns pret matu izkri\u0161anu ar j\u016bras a\u013c\u0123u ekstraktu","isPartOf":{"@id":"https:\/\/women.lv\/#website"},"primaryImageOfPage":{"@id":"https:\/\/women.lv\/product\/kava-kava-sampuns-pret-matu-izkrisanu-ar-juras-algu-ekstraktu\/#primaryimage"},"image":{"@id":"https:\/\/women.lv\/product\/kava-kava-sampuns-pret-matu-izkrisanu-ar-juras-algu-ekstraktu\/#primaryimage"},"thumbnailUrl":"https:\/\/women.lv\/wp-content\/uploads\/nc\/catalog\/Israel\/Kava-Kava\/botanica-shampoo.PNG","datePublished":"2020-05-07T12:08:00+00:00","dateModified":"2026-03-21T09:57:27+00:00","description":"\u0160amp\u016bns pret matu izkri\u0161anu: \u0160amp\u016bns ar a\u013c\u0123u ekstraktu un dab\u012bg\u0101m e\u013c\u013c\u0101m maigi att\u012bra galvas \u0101du. Intens\u012bvi baro un stiprina matu stiebrus. Nov\u0113r\u0161 matu izkri\u0161anu, stimul\u0113jot asinsriti un sk\u0101bek\u013ca daudzuma pietiekam\u012bbu. Spirul\u012bn\u0101 iek\u013cautie fosfora, magnija,","breadcrumb":{"@id":"https:\/\/women.lv\/product\/kava-kava-sampuns-pret-matu-izkrisanu-ar-juras-algu-ekstraktu\/#breadcrumb"},"inLanguage":"ru-RU","potentialAction":[{"@type":"ReadAction","target":["https:\/\/women.lv\/product\/kava-kava-sampuns-pret-matu-izkrisanu-ar-juras-algu-ekstraktu\/"]}]},{"@type":"ImageObject","inLanguage":"ru-RU","@id":"https:\/\/women.lv\/product\/kava-kava-sampuns-pret-matu-izkrisanu-ar-juras-algu-ekstraktu\/#primaryimage","url":"https:\/\/women.lv\/wp-content\/uploads\/nc\/catalog\/Israel\/Kava-Kava\/botanica-shampoo.PNG","contentUrl":"https:\/\/women.lv\/wp-content\/uploads\/nc\/catalog\/Israel\/Kava-Kava\/botanica-shampoo.PNG","width":413,"height":602,"caption":"\u0160amp\u016bns pret matu izkri\u0161anu ar j\u016bras a\u013c\u0123u ekstraktu"},{"@type":"BreadcrumbList","@id":"https:\/\/women.lv\/product\/kava-kava-sampuns-pret-matu-izkrisanu-ar-juras-algu-ekstraktu\/#breadcrumb","itemListElement":[{"@type":"ListItem","position":1,"name":"Home","item":"https:\/\/women.lv\/"},{"@type":"ListItem","position":2,"name":"Products","item":"https:\/\/women.lv\/en\/shop\/"},{"@type":"ListItem","position":3,"name":"\u0160amp\u016bns pret matu izkri\u0161anu ar j\u016bras a\u013c\u0123u ekstraktu"}]},{"@type":"WebSite","@id":"https:\/\/women.lv\/#website","url":"https:\/\/women.lv\/","name":"\u041c\u0430\u0433\u0430\u0437\u0438\u043d Women","description":"Uzdr\u012bksties b\u016bt skaista","potentialAction":[{"@type":"SearchAction","target":{"@type":"EntryPoint","urlTemplate":"https:\/\/women.lv\/?s={search_term_string}"},"query-input":{"@type":"PropertyValueSpecification","valueRequired":true,"valueName":"search_term_string"}}],"inLanguage":"ru-RU"}]}},"_links":{"self":[{"href":"https:\/\/women.lv\/ru\/wp-json\/wp\/v2\/product\/28248","targetHints":{"allow":["GET"]}}],"collection":[{"href":"https:\/\/women.lv\/ru\/wp-json\/wp\/v2\/product"}],"about":[{"href":"https:\/\/women.lv\/ru\/wp-json\/wp\/v2\/types\/product"}],"replies":[{"embeddable":true,"href":"https:\/\/women.lv\/ru\/wp-json\/wp\/v2\/comments?post=28248"}],"version-history":[{"count":0,"href":"https:\/\/women.lv\/ru\/wp-json\/wp\/v2\/product\/28248\/revisions"}],"wp:featuredmedia":[{"embeddable":true,"href":"https:\/\/women.lv\/ru\/wp-json\/wp\/v2\/media\/28249"}],"wp:attachment":[{"href":"https:\/\/women.lv\/ru\/wp-json\/wp\/v2\/media?parent=28248"}],"wp:term":[{"taxonomy":"product_brand","embeddable":true,"href":"https:\/\/women.lv\/ru\/wp-json\/wp\/v2\/product_brand?post=28248"},{"taxonomy":"product_cat","embeddable":true,"href":"https:\/\/women.lv\/ru\/wp-json\/wp\/v2\/product_cat?post=28248"},{"taxonomy":"product_tag","embeddable":true,"href":"https:\/\/women.lv\/ru\/wp-json\/wp\/v2\/product_tag?post=28248"}],"curies":[{"name":"wp","href":"https:\/\/api.w.org\/{rel}","templated":true}]}}