{"id":28227,"date":"2020-04-02T11:54:39","date_gmt":"2020-04-02T11:54:39","guid":{"rendered":"https:\/\/women.lv\/?product=naves-juras-dublu-kermena-ziepes"},"modified":"2025-11-05T13:25:51","modified_gmt":"2025-11-05T13:25:51","slug":"shemen-amour-naves-juras-dublu-kermena-ziepes","status":"publish","type":"product","link":"https:\/\/women.lv\/ru\/product\/shemen-amour-naves-juras-dublu-kermena-ziepes\/","title":{"rendered":"\u041c\u044b\u043b\u043e \u0434\u043b\u044f \u0442\u0435\u043b\u0430 \u0441 \u0433\u0440\u044f\u0437\u044c\u044e \u041c\u0435\u0440\u0442\u0432\u043e\u0433\u043e \u043c\u043e\u0440\u044f"},"content":{"rendered":"<p><span style=\"font-family: Helvetica;\"><span style=\"font-size: 18px;\">\u0413\u0440\u044f\u0437\u0435\u0432\u043e\u0435 \u043c\u044b\u043b\u043e \u0434\u043b\u044f \u0442\u0435\u043b\u0430 \u0438 \u043c\u0430\u0441\u0441\u0430\u0436\u0430 \u0441\u043e\u0434\u0435\u0440\u0436\u0438\u0442 \u0432\u044b\u0441\u043e\u043a\u0443\u044e \u043a\u043e\u043d\u0446\u0435\u043d\u0442\u0440\u0430\u0446\u0438\u044e \u0432\u0438\u0442\u0430\u043c\u0438\u043d\u043e\u0432 \u0438 \u043c\u0438\u043d\u0435\u0440\u0430\u043b\u043e\u0432 \u041c\u0435\u0440\u0442\u0432\u043e\u0433\u043e \u043c\u043e\u0440\u044f, \u0430 \u0442\u0430\u043a\u0436\u0435 \u0432\u0438\u0442\u0430\u043c\u0438\u043d \u0410, \u043e\u043b\u0438\u0432\u043a\u043e\u0432\u043e\u0435 \u043c\u0430\u0441\u043b\u043e, \u044d\u043a\u0441\u0442\u0440\u0430\u043a\u0442 \u0431\u0435\u0440\u0433\u0430\u043c\u043e\u0442\u0430 \u0438 \u0440\u043e\u043c\u0430\u0448\u043a\u0438. \u041c\u044b\u043b\u043e \u0442\u0430\u043a\u0436\u0435 \u0441\u043e\u0434\u0435\u0440\u0436\u0438\u0442 \u043c\u0430\u0433\u043d\u0438\u0439, \u043a\u043e\u0442\u043e\u0440\u044b\u0439, \u043a\u0430\u043a \u0438\u0437\u0432\u0435\u0441\u0442\u043d\u043e, \u043f\u043e\u043b\u0435\u0437\u0435\u043d \u0434\u043b\u044f \u043a\u043e\u0441\u0442\u0435\u0439, \u043c\u044b\u0448\u0446 \u0438 \u043e\u0431\u0449\u0435\u0433\u043e \u0441\u0430\u043c\u043e\u0447\u0443\u0432\u0441\u0442\u0432\u0438\u044f.<\/span><\/p>\n<p><span style=\"font-size: 18px;\">\u0415\u0436\u0435\u0434\u043d\u0435\u0432\u043d\u043e\u0435 \u043f\u0440\u0438\u043c\u0435\u043d\u0435\u043d\u0438\u0435 \u043f\u043e\u043c\u043e\u0436\u0435\u0442 \u043f\u0440\u0435\u0434\u043e\u0442\u0432\u0440\u0430\u0442\u0438\u0442\u044c \u043f\u043e\u044f\u0432\u043b\u0435\u043d\u0438\u0435 \u043f\u0440\u044b\u0449\u0435\u0439, \u0441\u0435\u0431\u043e\u0440\u0435\u0438, \u043f\u043e\u0432\u044b\u0448\u0435\u043d\u043d\u043e\u0439 \u043f\u043e\u0442\u043b\u0438\u0432\u043e\u0441\u0442\u0438, \u0433\u0435\u0440\u043f\u0435\u0441\u0430, \u0433\u0440\u0438\u0431\u043a\u0430 \u043a\u043e\u0436\u0438, \u043f\u0441\u043e\u0440\u0438\u0430\u0437\u0430 \u0438 \u0437\u0443\u0434\u0430. \u041c\u044b\u043b\u043e \u0441 \u0433\u0440\u044f\u0437\u044c\u044e \u041c\u0435\u0440\u0442\u0432\u043e\u0433\u043e \u043c\u043e\u0440\u044f \u0442\u0449\u0430\u0442\u0435\u043b\u044c\u043d\u043e \u043e\u0447\u0438\u0449\u0430\u0435\u0442 \u043f\u043e\u0440\u044b \u043a\u043e\u0436\u0438 \u0438 \u0434\u0435\u043b\u0430\u0435\u0442 \u043a\u043e\u0436\u0443 \u043c\u044f\u0433\u043a\u043e\u0439 \u0438 \u0433\u043b\u0430\u0434\u043a\u043e\u0439. \u0414\u043b\u044f \u043f\u043e\u0432\u0441\u0435\u0434\u043d\u0435\u0432\u043d\u043e\u0433\u043e \u0438\u0441\u043f\u043e\u043b\u044c\u0437\u043e\u0432\u0430\u043d\u0438\u044f \u0432\u0441\u0435\u0439 \u0441\u0435\u043c\u044c\u0435\u0439.<\/span><\/span><\/p>\n<ul>\n<li><span style=\"font-family: Helvetica;\"><span style=\"font-size: 18px;\">\u041e\u0440\u0438\u0433\u0438\u043d\u0430\u043b\u044c\u043d\u044b\u0439 \u043f\u0440\u043e\u0434\u0443\u043a\u0442 \u041c\u0435\u0440\u0442\u0432\u043e\u0433\u043e \u043c\u043e\u0440\u044f.<\/span><\/span><\/li>\n<li><span style=\"font-family: Helvetica;\"><span style=\"font-size: 18px;\">\u0411\u0435\u0437 \u043f\u0430\u0440\u0430\u0431\u0435\u043d\u043e\u0432<\/span>\n<p><\/span><\/li>\n<\/ul>","protected":false},"excerpt":{"rendered":"<p>\u0413\u0440\u044f\u0437\u0435\u0432\u043e\u0435 \u043c\u044b\u043b\u043e \u0434\u043b\u044f \u0442\u0435\u043b\u0430 \u0438 \u043c\u0430\u0441\u0441\u0430\u0436\u0430 \u0431\u043e\u0433\u0430\u0442\u043e \u0432\u0438\u0442\u0430\u043c\u0438\u043d\u0430\u043c\u0438 \u0438 \u043c\u0438\u043d\u0435\u0440\u0430\u043b\u0430\u043c\u0438 \u041c\u0435\u0440\u0442\u0432\u043e\u0433\u043e \u043c\u043e\u0440\u044f, \u0430 \u0442\u0430\u043a\u0436\u0435 \u0432\u0438\u0442\u0430\u043c\u0438\u043d\u043e\u043c \u0410, \u043e\u043b\u0438\u0432\u043a\u043e\u0432\u044b\u043c \u043c\u0430\u0441\u043b\u043e\u043c, \u0431\u0435\u0440\u0433\u0430\u043c\u043e\u0442\u043e\u043c \u0438 \u0440\u043e\u043c\u0430\u0448\u043a\u043e\u0439.<\/p>","protected":false},"featured_media":28228,"comment_status":"open","ping_status":"closed","template":"","meta":[],"product_brand":[],"product_cat":[2215,2223],"product_tag":[2526,2244,2243,2524,2368,2525,2245],"class_list":{"0":"post-28227","1":"product","2":"type-product","3":"status-publish","4":"has-post-thumbnail","6":"product_cat-visi-produkti","7":"product_cat-ziepes","8":"product_tag-black-mud-soap-body-amp-massage","9":"product_tag-israel","10":"product_tag-izraela","11":"product_tag-naves-juras-dublu-kermena-ziepes","12":"product_tag-shemen-amour","13":"product_tag-2525","14":"product_tag-2245","15":"pa_brand_nc-shemen-amour","16":"pa_ean_nc-3898","18":"first","19":"instock","20":"sale","21":"taxable","22":"shipping-taxable","23":"purchasable","24":"product-type-simple"},"yoast_head":"<!-- This site is optimized with the Yoast SEO plugin v27.5 - https:\/\/yoast.com\/product\/yoast-seo-wordpress\/ -->\n<title>N\u0101ves J\u016bras dub\u013cu \u0137erme\u0146a ziepes<\/title>\n<meta name=\"description\" content=\"Ikdienas lieto\u0161ana pal\u012bdz\u0113s nov\u0113rst p\u016bt\u012btes, seboreju, p\u0101rm\u0113r\u012bgu sv\u012b\u0161anu, herpes, \u0101das s\u0113n\u012btes, psori\u0101zi un niezi. N\u0101ves j\u016bras d\u016b\u0146u ziepes r\u016bp\u012bgi not\u012bra \u0101das poras un atst\u0101j \u0101du maigu un gludu.\" \/>\n<meta name=\"robots\" content=\"index, follow, max-snippet:-1, max-image-preview:large, max-video-preview:-1\" \/>\n<link rel=\"canonical\" href=\"https:\/\/women.lv\/ru\/product\/shemen-amour-naves-juras-dublu-kermena-ziepes\/\" \/>\n<meta property=\"og:locale\" content=\"ru_RU\" \/>\n<meta property=\"og:type\" content=\"article\" \/>\n<meta property=\"og:title\" content=\"N\u0101ves J\u016bras dub\u013cu \u0137erme\u0146a ziepes\" \/>\n<meta property=\"og:description\" content=\"Ikdienas lieto\u0161ana pal\u012bdz\u0113s nov\u0113rst p\u016bt\u012btes, seboreju, p\u0101rm\u0113r\u012bgu sv\u012b\u0161anu, herpes, \u0101das s\u0113n\u012btes, psori\u0101zi un niezi. N\u0101ves j\u016bras d\u016b\u0146u ziepes r\u016bp\u012bgi not\u012bra \u0101das poras un atst\u0101j \u0101du maigu un gludu.\" \/>\n<meta property=\"og:url\" content=\"https:\/\/women.lv\/ru\/product\/shemen-amour-naves-juras-dublu-kermena-ziepes\/\" \/>\n<meta property=\"og:site_name\" content=\"Women Veikals\" \/>\n<meta property=\"article:modified_time\" content=\"2025-11-05T13:25:51+00:00\" \/>\n<meta property=\"og:image\" content=\"https:\/\/women.lv\/wp-content\/uploads\/nc\/catalog\/Shemen-Amour\/BlackMud_MineralMudSoap_ShemenAmour.jpg\" \/>\n\t<meta property=\"og:image:width\" content=\"723\" \/>\n\t<meta property=\"og:image:height\" content=\"1024\" \/>\n\t<meta property=\"og:image:type\" content=\"image\/jpeg\" \/>\n<meta name=\"twitter:card\" content=\"summary_large_image\" \/>\n<meta name=\"twitter:label1\" content=\"\u041f\u0440\u0438\u043c\u0435\u0440\u043d\u043e\u0435 \u0432\u0440\u0435\u043c\u044f \u0434\u043b\u044f \u0447\u0442\u0435\u043d\u0438\u044f\" \/>\n\t<meta name=\"twitter:data1\" content=\"1 \u043c\u0438\u043d\u0443\u0442\u0430\" \/>\n<script type=\"application\/ld+json\" class=\"yoast-schema-graph\">{\"@context\":\"https:\\\/\\\/schema.org\",\"@graph\":[{\"@type\":\"WebPage\",\"@id\":\"https:\\\/\\\/women.lv\\\/product\\\/shemen-amour-naves-juras-dublu-kermena-ziepes\\\/\",\"url\":\"https:\\\/\\\/women.lv\\\/product\\\/shemen-amour-naves-juras-dublu-kermena-ziepes\\\/\",\"name\":\"N\u0101ves J\u016bras dub\u013cu \u0137erme\u0146a ziepes\",\"isPartOf\":{\"@id\":\"https:\\\/\\\/women.lv\\\/#website\"},\"primaryImageOfPage\":{\"@id\":\"https:\\\/\\\/women.lv\\\/product\\\/shemen-amour-naves-juras-dublu-kermena-ziepes\\\/#primaryimage\"},\"image\":{\"@id\":\"https:\\\/\\\/women.lv\\\/product\\\/shemen-amour-naves-juras-dublu-kermena-ziepes\\\/#primaryimage\"},\"thumbnailUrl\":\"https:\\\/\\\/women.lv\\\/wp-content\\\/uploads\\\/nc\\\/catalog\\\/Shemen-Amour\\\/BlackMud_MineralMudSoap_ShemenAmour.jpg\",\"datePublished\":\"2020-04-02T11:54:39+00:00\",\"dateModified\":\"2025-11-05T13:25:51+00:00\",\"description\":\"Ikdienas lieto\u0161ana pal\u012bdz\u0113s nov\u0113rst p\u016bt\u012btes, seboreju, p\u0101rm\u0113r\u012bgu sv\u012b\u0161anu, herpes, \u0101das s\u0113n\u012btes, psori\u0101zi un niezi. N\u0101ves j\u016bras d\u016b\u0146u ziepes r\u016bp\u012bgi not\u012bra \u0101das poras un atst\u0101j \u0101du maigu un gludu.\",\"breadcrumb\":{\"@id\":\"https:\\\/\\\/women.lv\\\/product\\\/shemen-amour-naves-juras-dublu-kermena-ziepes\\\/#breadcrumb\"},\"inLanguage\":\"ru-RU\",\"potentialAction\":[{\"@type\":\"ReadAction\",\"target\":[\"https:\\\/\\\/women.lv\\\/product\\\/shemen-amour-naves-juras-dublu-kermena-ziepes\\\/\"]}]},{\"@type\":\"ImageObject\",\"inLanguage\":\"ru-RU\",\"@id\":\"https:\\\/\\\/women.lv\\\/product\\\/shemen-amour-naves-juras-dublu-kermena-ziepes\\\/#primaryimage\",\"url\":\"https:\\\/\\\/women.lv\\\/wp-content\\\/uploads\\\/nc\\\/catalog\\\/Shemen-Amour\\\/BlackMud_MineralMudSoap_ShemenAmour.jpg\",\"contentUrl\":\"https:\\\/\\\/women.lv\\\/wp-content\\\/uploads\\\/nc\\\/catalog\\\/Shemen-Amour\\\/BlackMud_MineralMudSoap_ShemenAmour.jpg\",\"width\":723,\"height\":1024,\"caption\":\"N\u0101ves J\u016bras dub\u013cu \u0137erme\u0146a ziepes\"},{\"@type\":\"BreadcrumbList\",\"@id\":\"https:\\\/\\\/women.lv\\\/product\\\/shemen-amour-naves-juras-dublu-kermena-ziepes\\\/#breadcrumb\",\"itemListElement\":[{\"@type\":\"ListItem\",\"position\":1,\"name\":\"Home\",\"item\":\"https:\\\/\\\/women.lv\\\/\"},{\"@type\":\"ListItem\",\"position\":2,\"name\":\"Products\",\"item\":\"https:\\\/\\\/women.lv\\\/en\\\/shop\\\/\"},{\"@type\":\"ListItem\",\"position\":3,\"name\":\"N\u0101ves J\u016bras dub\u013cu \u0137erme\u0146a ziepes\"}]},{\"@type\":\"WebSite\",\"@id\":\"https:\\\/\\\/women.lv\\\/#website\",\"url\":\"https:\\\/\\\/women.lv\\\/\",\"name\":\"Women Veikals\",\"description\":\"Uzdr\u012bksties b\u016bt skaista\",\"potentialAction\":[{\"@type\":\"SearchAction\",\"target\":{\"@type\":\"EntryPoint\",\"urlTemplate\":\"https:\\\/\\\/women.lv\\\/?s={search_term_string}\"},\"query-input\":{\"@type\":\"PropertyValueSpecification\",\"valueRequired\":true,\"valueName\":\"search_term_string\"}}],\"inLanguage\":\"ru-RU\"}]}<\/script>\n<!-- \/ Yoast SEO plugin. -->","yoast_head_json":{"title":"\u041c\u044b\u043b\u043e \u0434\u043b\u044f \u0442\u0435\u043b\u0430 \u0441 \u0433\u0440\u044f\u0437\u044c\u044e \u041c\u0435\u0440\u0442\u0432\u043e\u0433\u043e \u043c\u043e\u0440\u044f","description":"Ikdienas lieto\u0161ana pal\u012bdz\u0113s nov\u0113rst p\u016bt\u012btes, seboreju, p\u0101rm\u0113r\u012bgu sv\u012b\u0161anu, herpes, \u0101das s\u0113n\u012btes, psori\u0101zi un niezi. N\u0101ves j\u016bras d\u016b\u0146u ziepes r\u016bp\u012bgi not\u012bra \u0101das poras un atst\u0101j \u0101du maigu un gludu.","robots":{"index":"index","follow":"follow","max-snippet":"max-snippet:-1","max-image-preview":"max-image-preview:large","max-video-preview":"max-video-preview:-1"},"canonical":"https:\/\/women.lv\/ru\/product\/shemen-amour-naves-juras-dublu-kermena-ziepes\/","og_locale":"ru_RU","og_type":"article","og_title":"N\u0101ves J\u016bras dub\u013cu \u0137erme\u0146a ziepes","og_description":"Ikdienas lieto\u0161ana pal\u012bdz\u0113s nov\u0113rst p\u016bt\u012btes, seboreju, p\u0101rm\u0113r\u012bgu sv\u012b\u0161anu, herpes, \u0101das s\u0113n\u012btes, psori\u0101zi un niezi. N\u0101ves j\u016bras d\u016b\u0146u ziepes r\u016bp\u012bgi not\u012bra \u0101das poras un atst\u0101j \u0101du maigu un gludu.","og_url":"https:\/\/women.lv\/ru\/product\/shemen-amour-naves-juras-dublu-kermena-ziepes\/","og_site_name":"Women Veikals","article_modified_time":"2025-11-05T13:25:51+00:00","og_image":[{"width":723,"height":1024,"url":"https:\/\/women.lv\/wp-content\/uploads\/nc\/catalog\/Shemen-Amour\/BlackMud_MineralMudSoap_ShemenAmour.jpg","type":"image\/jpeg"}],"twitter_card":"summary_large_image","twitter_misc":{"\u041f\u0440\u0438\u043c\u0435\u0440\u043d\u043e\u0435 \u0432\u0440\u0435\u043c\u044f \u0434\u043b\u044f \u0447\u0442\u0435\u043d\u0438\u044f":"1 \u043c\u0438\u043d\u0443\u0442\u0430"},"schema":{"@context":"https:\/\/schema.org","@graph":[{"@type":"WebPage","@id":"https:\/\/women.lv\/product\/shemen-amour-naves-juras-dublu-kermena-ziepes\/","url":"https:\/\/women.lv\/product\/shemen-amour-naves-juras-dublu-kermena-ziepes\/","name":"\u041c\u044b\u043b\u043e \u0434\u043b\u044f \u0442\u0435\u043b\u0430 \u0441 \u0433\u0440\u044f\u0437\u044c\u044e \u041c\u0435\u0440\u0442\u0432\u043e\u0433\u043e \u043c\u043e\u0440\u044f","isPartOf":{"@id":"https:\/\/women.lv\/#website"},"primaryImageOfPage":{"@id":"https:\/\/women.lv\/product\/shemen-amour-naves-juras-dublu-kermena-ziepes\/#primaryimage"},"image":{"@id":"https:\/\/women.lv\/product\/shemen-amour-naves-juras-dublu-kermena-ziepes\/#primaryimage"},"thumbnailUrl":"https:\/\/women.lv\/wp-content\/uploads\/nc\/catalog\/Shemen-Amour\/BlackMud_MineralMudSoap_ShemenAmour.jpg","datePublished":"2020-04-02T11:54:39+00:00","dateModified":"2025-11-05T13:25:51+00:00","description":"Ikdienas lieto\u0161ana pal\u012bdz\u0113s nov\u0113rst p\u016bt\u012btes, seboreju, p\u0101rm\u0113r\u012bgu sv\u012b\u0161anu, herpes, \u0101das s\u0113n\u012btes, psori\u0101zi un niezi. N\u0101ves j\u016bras d\u016b\u0146u ziepes r\u016bp\u012bgi not\u012bra \u0101das poras un atst\u0101j \u0101du maigu un gludu.","breadcrumb":{"@id":"https:\/\/women.lv\/product\/shemen-amour-naves-juras-dublu-kermena-ziepes\/#breadcrumb"},"inLanguage":"ru-RU","potentialAction":[{"@type":"ReadAction","target":["https:\/\/women.lv\/product\/shemen-amour-naves-juras-dublu-kermena-ziepes\/"]}]},{"@type":"ImageObject","inLanguage":"ru-RU","@id":"https:\/\/women.lv\/product\/shemen-amour-naves-juras-dublu-kermena-ziepes\/#primaryimage","url":"https:\/\/women.lv\/wp-content\/uploads\/nc\/catalog\/Shemen-Amour\/BlackMud_MineralMudSoap_ShemenAmour.jpg","contentUrl":"https:\/\/women.lv\/wp-content\/uploads\/nc\/catalog\/Shemen-Amour\/BlackMud_MineralMudSoap_ShemenAmour.jpg","width":723,"height":1024,"caption":"N\u0101ves J\u016bras dub\u013cu \u0137erme\u0146a ziepes"},{"@type":"BreadcrumbList","@id":"https:\/\/women.lv\/product\/shemen-amour-naves-juras-dublu-kermena-ziepes\/#breadcrumb","itemListElement":[{"@type":"ListItem","position":1,"name":"Home","item":"https:\/\/women.lv\/"},{"@type":"ListItem","position":2,"name":"Products","item":"https:\/\/women.lv\/en\/shop\/"},{"@type":"ListItem","position":3,"name":"N\u0101ves J\u016bras dub\u013cu \u0137erme\u0146a ziepes"}]},{"@type":"WebSite","@id":"https:\/\/women.lv\/#website","url":"https:\/\/women.lv\/","name":"\u041c\u0430\u0433\u0430\u0437\u0438\u043d Women","description":"Uzdr\u012bksties b\u016bt skaista","potentialAction":[{"@type":"SearchAction","target":{"@type":"EntryPoint","urlTemplate":"https:\/\/women.lv\/?s={search_term_string}"},"query-input":{"@type":"PropertyValueSpecification","valueRequired":true,"valueName":"search_term_string"}}],"inLanguage":"ru-RU"}]}},"_links":{"self":[{"href":"https:\/\/women.lv\/ru\/wp-json\/wp\/v2\/product\/28227","targetHints":{"allow":["GET"]}}],"collection":[{"href":"https:\/\/women.lv\/ru\/wp-json\/wp\/v2\/product"}],"about":[{"href":"https:\/\/women.lv\/ru\/wp-json\/wp\/v2\/types\/product"}],"replies":[{"embeddable":true,"href":"https:\/\/women.lv\/ru\/wp-json\/wp\/v2\/comments?post=28227"}],"version-history":[{"count":0,"href":"https:\/\/women.lv\/ru\/wp-json\/wp\/v2\/product\/28227\/revisions"}],"wp:featuredmedia":[{"embeddable":true,"href":"https:\/\/women.lv\/ru\/wp-json\/wp\/v2\/media\/28228"}],"wp:attachment":[{"href":"https:\/\/women.lv\/ru\/wp-json\/wp\/v2\/media?parent=28227"}],"wp:term":[{"taxonomy":"product_brand","embeddable":true,"href":"https:\/\/women.lv\/ru\/wp-json\/wp\/v2\/product_brand?post=28227"},{"taxonomy":"product_cat","embeddable":true,"href":"https:\/\/women.lv\/ru\/wp-json\/wp\/v2\/product_cat?post=28227"},{"taxonomy":"product_tag","embeddable":true,"href":"https:\/\/women.lv\/ru\/wp-json\/wp\/v2\/product_tag?post=28227"}],"curies":[{"name":"wp","href":"https:\/\/api.w.org\/{rel}","templated":true}]}}