{"id":28217,"date":"2020-04-02T11:19:26","date_gmt":"2020-04-02T11:19:26","guid":{"rendered":"https:\/\/women.lv\/?product=naves-juras-sals"},"modified":"2025-11-05T13:25:51","modified_gmt":"2025-11-05T13:25:51","slug":"naves-juras-sals","status":"publish","type":"product","link":"https:\/\/women.lv\/ru\/product\/naves-juras-sals\/","title":{"rendered":"\u0421\u043e\u043b\u044c \u041c\u0435\u0440\u0442\u0432\u043e\u0433\u043e \u043c\u043e\u0440\u044f"},"content":{"rendered":"<p><span style=\"font-family: Helvetica;\"><span style=\"font-size: 18px;\">\u041c\u0438\u043d\u0435\u0440\u0430\u043b\u044c\u043d\u0430\u044f \u0441\u043e\u043b\u044c \u041c\u0435\u0440\u0442\u0432\u043e\u0433\u043e \u043c\u043e\u0440\u044f \u0443\u0436\u0435 \u043c\u043d\u043e\u0433\u043e \u043b\u0435\u0442 \u0438\u0437\u0432\u0435\u0441\u0442\u043d\u0430 \u0441\u0432\u043e\u0435\u0439 \u0443\u0434\u0438\u0432\u0438\u0442\u0435\u043b\u044c\u043d\u043e\u0439 \u0441\u043f\u043e\u0441\u043e\u0431\u043d\u043e\u0441\u0442\u044c\u044e \u043b\u0435\u0447\u0438\u0442\u044c, \u043f\u0438\u0442\u0430\u0442\u044c \u0438 \u043e\u043c\u043e\u043b\u0430\u0436\u0438\u0432\u0430\u0442\u044c \u043a\u043e\u0436\u0443. \u041d\u0430\u0442\u0443\u0440\u0430\u043b\u044c\u043d\u0430\u044f \u0441\u043e\u043b\u044c \u041c\u0435\u0440\u0442\u0432\u043e\u0433\u043e \u043c\u043e\u0440\u044f \u0441\u043e\u0434\u0435\u0440\u0436\u0438\u0442 27 \u0440\u0430\u0437\u043b\u0438\u0447\u043d\u044b\u0445 \u043c\u0438\u043d\u0435\u0440\u0430\u043b\u043e\u0432, \u0432\u043a\u043b\u044e\u0447\u0430\u044f \u043c\u0430\u0433\u043d\u0438\u0439, \u043d\u0430\u0442\u0440\u0438\u0439, \u043a\u0430\u043b\u0438\u0439, \u043a\u0430\u043b\u044c\u0446\u0438\u0439, \u0436\u0435\u043b\u0435\u0437\u043e \u0438 \u0439\u043e\u0434, \u0430 \u0442\u0430\u043a\u0436\u0435 \u0432\u0438\u0442\u0430\u043c\u0438\u043d\u044b \u0410, \u0421, D \u0438 \u0415.<\/span><\/span><\/p>\n<p><span style=\"font-family: Helvetica;\"><span style=\"font-size: 18px;\">\u041c\u0438\u043d\u0435\u0440\u0430\u043b\u044c\u043d\u0430\u044f \u0441\u043e\u043b\u044c \u0438\u0437\u0432\u0435\u0441\u0442\u043d\u0430 \u0441\u0432\u043e\u0435\u0439 \u0441\u043f\u043e\u0441\u043e\u0431\u043d\u043e\u0441\u0442\u044c\u044e \u0441\u043d\u0438\u043c\u0430\u0442\u044c \u0440\u0435\u0432\u043c\u0430\u0442\u0438\u0447\u0435\u0441\u043a\u0438\u0435 \u0431\u043e\u043b\u0438 \u0438 \u0431\u043e\u043b\u0438 \u0432 \u043c\u044b\u0448\u0446\u0430\u0445 \u0438 \u0441\u0443\u0441\u0442\u0430\u0432\u0430\u0445. \u0421\u043e\u043b\u044c \u043f\u043e\u043f\u0443\u043b\u044f\u0440\u043d\u0430 \u0441\u0440\u0435\u0434\u0438 \u043b\u044e\u0434\u0435\u0439, \u0441\u0442\u0440\u0430\u0434\u0430\u044e\u0449\u0438\u0445 \u0440\u0430\u0437\u043b\u0438\u0447\u043d\u044b\u043c\u0438 \u043a\u043e\u0436\u043d\u044b\u043c\u0438 \u0437\u0430\u0431\u043e\u043b\u0435\u0432\u0430\u043d\u0438\u044f\u043c\u0438, \u0442\u0430\u043a\u0438\u043c\u0438 \u043a\u0430\u043a \u043f\u0441\u043e\u0440\u0438\u0430\u0437, \u0441\u0435\u0431\u043e\u0440\u0435\u044f, \u043f\u0440\u044b\u0449\u0438 \u0438 \u044d\u043a\u0437\u0435\u043c\u0430.<\/span><\/span><\/p>\n<p><span style=\"font-family: Helvetica;\"><span style=\"font-size: 18px;\">Da\u017eos gad\u012bjumos tas pat mazina s\u0101pes, ko izraisa ieaudzis nags. P\u0113c t\u0101s lieto\u0161anas \u0101da paliek gluda un z\u012bdaina.<\/span><\/span><\/p>","protected":false},"excerpt":{"rendered":"<p>\u041c\u0438\u043d\u0435\u0440\u0430\u043b\u044c\u043d\u0430\u044f \u0441\u043e\u043b\u044c \u041c\u0435\u0440\u0442\u0432\u043e\u0433\u043e \u043c\u043e\u0440\u044f \u0443\u0436\u0435 \u043c\u043d\u043e\u0433\u043e \u043b\u0435\u0442 \u0438\u0437\u0432\u0435\u0441\u0442\u043d\u0430 \u0441\u0432\u043e\u0435\u0439 \u0443\u0434\u0438\u0432\u0438\u0442\u0435\u043b\u044c\u043d\u043e\u0439 \u0441\u043f\u043e\u0441\u043e\u0431\u043d\u043e\u0441\u0442\u044c\u044e \u043b\u0435\u0447\u0438\u0442\u044c, \u043f\u0438\u0442\u0430\u0442\u044c \u0438 \u043e\u043c\u043e\u043b\u0430\u0436\u0438\u0432\u0430\u0442\u044c \u043a\u043e\u0436\u0443. \u041c\u0435\u0440\u0442\u0432\u043e\u0435 \u043c\u043e\u0440\u0435 \u041f\u0440\u0438\u0440\u043e\u0434\u043d\u043e\u0435<\/p>","protected":false},"featured_media":28218,"comment_status":"open","ping_status":"closed","template":"","meta":[],"product_brand":[],"product_cat":[2217,2208,2209,2231,2215],"product_tag":[2514,2244,2243,2512,2368,2245,2513],"class_list":{"0":"post-28217","1":"product","2":"type-product","3":"status-publish","4":"has-post-thumbnail","6":"product_cat-citi-produkti-kermena-kopsanai","7":"product_cat-kermena-kopsanas-lidzekii","8":"product_cat-mazgasana-un-attirisana","9":"product_cat-lv-on-sale","10":"product_cat-visi-produkti","11":"product_tag-dead-sea-salt","12":"product_tag-israel","13":"product_tag-izraela","14":"product_tag-naves-juras-sals","15":"product_tag-shemen-amour","16":"product_tag-2245","17":"product_tag-2513","18":"pa_brand_nc-shemen-amour","19":"pa_ean_nc-3895","21":"first","22":"instock","23":"sale","24":"taxable","25":"shipping-taxable","26":"purchasable","27":"product-type-simple"},"yoast_head":"<!-- This site is optimized with the Yoast SEO plugin v27.4 - https:\/\/yoast.com\/product\/yoast-seo-wordpress\/ -->\n<title>N\u0101ves J\u016bras s\u0101ls<\/title>\n<meta name=\"description\" content=\"N\u0101ves j\u016bras miner\u0101ls\u0101ls ir paz\u012bstams jau daudzus gadus, pateicoties t\u0101 br\u012bni\u0161\u0137\u012bgajai sp\u0113jai \u0101rst\u0113t, barot un atjaunot \u0101du. N\u0101ves j\u016bras dab\u012bgais s\u0101ls satur 27 da\u017e\u0101das miner\u0101lvielas.\" \/>\n<meta name=\"robots\" content=\"index, follow, max-snippet:-1, max-image-preview:large, max-video-preview:-1\" \/>\n<link rel=\"canonical\" href=\"https:\/\/women.lv\/ru\/product\/naves-juras-sals\/\" \/>\n<meta property=\"og:locale\" content=\"ru_RU\" \/>\n<meta property=\"og:type\" content=\"article\" \/>\n<meta property=\"og:title\" content=\"N\u0101ves J\u016bras s\u0101ls\" \/>\n<meta property=\"og:description\" content=\"N\u0101ves j\u016bras miner\u0101ls\u0101ls ir paz\u012bstams jau daudzus gadus, pateicoties t\u0101 br\u012bni\u0161\u0137\u012bgajai sp\u0113jai \u0101rst\u0113t, barot un atjaunot \u0101du. N\u0101ves j\u016bras dab\u012bgais s\u0101ls satur 27 da\u017e\u0101das miner\u0101lvielas.\" \/>\n<meta property=\"og:url\" content=\"https:\/\/women.lv\/ru\/product\/naves-juras-sals\/\" \/>\n<meta property=\"og:site_name\" content=\"Women Veikals\" \/>\n<meta property=\"article:modified_time\" content=\"2025-11-05T13:25:51+00:00\" \/>\n<meta property=\"og:image\" content=\"https:\/\/women.lv\/wp-content\/uploads\/nc\/catalog\/Shemen-Amour\/DeadSeaSalt.jpg\" \/>\n\t<meta property=\"og:image:width\" content=\"723\" \/>\n\t<meta property=\"og:image:height\" content=\"1024\" \/>\n\t<meta property=\"og:image:type\" content=\"image\/jpeg\" \/>\n<meta name=\"twitter:card\" content=\"summary_large_image\" \/>\n<meta name=\"twitter:label1\" content=\"\u041f\u0440\u0438\u043c\u0435\u0440\u043d\u043e\u0435 \u0432\u0440\u0435\u043c\u044f \u0434\u043b\u044f \u0447\u0442\u0435\u043d\u0438\u044f\" \/>\n\t<meta name=\"twitter:data1\" content=\"1 \u043c\u0438\u043d\u0443\u0442\u0430\" \/>\n<script type=\"application\/ld+json\" class=\"yoast-schema-graph\">{\"@context\":\"https:\\\/\\\/schema.org\",\"@graph\":[{\"@type\":\"WebPage\",\"@id\":\"https:\\\/\\\/women.lv\\\/product\\\/naves-juras-sals\\\/\",\"url\":\"https:\\\/\\\/women.lv\\\/product\\\/naves-juras-sals\\\/\",\"name\":\"N\u0101ves J\u016bras s\u0101ls\",\"isPartOf\":{\"@id\":\"https:\\\/\\\/women.lv\\\/#website\"},\"primaryImageOfPage\":{\"@id\":\"https:\\\/\\\/women.lv\\\/product\\\/naves-juras-sals\\\/#primaryimage\"},\"image\":{\"@id\":\"https:\\\/\\\/women.lv\\\/product\\\/naves-juras-sals\\\/#primaryimage\"},\"thumbnailUrl\":\"https:\\\/\\\/women.lv\\\/wp-content\\\/uploads\\\/nc\\\/catalog\\\/Shemen-Amour\\\/DeadSeaSalt.jpg\",\"datePublished\":\"2020-04-02T11:19:26+00:00\",\"dateModified\":\"2025-11-05T13:25:51+00:00\",\"description\":\"N\u0101ves j\u016bras miner\u0101ls\u0101ls ir paz\u012bstams jau daudzus gadus, pateicoties t\u0101 br\u012bni\u0161\u0137\u012bgajai sp\u0113jai \u0101rst\u0113t, barot un atjaunot \u0101du. N\u0101ves j\u016bras dab\u012bgais s\u0101ls satur 27 da\u017e\u0101das miner\u0101lvielas.\",\"breadcrumb\":{\"@id\":\"https:\\\/\\\/women.lv\\\/product\\\/naves-juras-sals\\\/#breadcrumb\"},\"inLanguage\":\"ru-RU\",\"potentialAction\":[{\"@type\":\"ReadAction\",\"target\":[\"https:\\\/\\\/women.lv\\\/product\\\/naves-juras-sals\\\/\"]}]},{\"@type\":\"ImageObject\",\"inLanguage\":\"ru-RU\",\"@id\":\"https:\\\/\\\/women.lv\\\/product\\\/naves-juras-sals\\\/#primaryimage\",\"url\":\"https:\\\/\\\/women.lv\\\/wp-content\\\/uploads\\\/nc\\\/catalog\\\/Shemen-Amour\\\/DeadSeaSalt.jpg\",\"contentUrl\":\"https:\\\/\\\/women.lv\\\/wp-content\\\/uploads\\\/nc\\\/catalog\\\/Shemen-Amour\\\/DeadSeaSalt.jpg\",\"width\":723,\"height\":1024,\"caption\":\"N\u0101ves J\u016bras s\u0101ls\"},{\"@type\":\"BreadcrumbList\",\"@id\":\"https:\\\/\\\/women.lv\\\/product\\\/naves-juras-sals\\\/#breadcrumb\",\"itemListElement\":[{\"@type\":\"ListItem\",\"position\":1,\"name\":\"Home\",\"item\":\"https:\\\/\\\/women.lv\\\/\"},{\"@type\":\"ListItem\",\"position\":2,\"name\":\"Products\",\"item\":\"https:\\\/\\\/women.lv\\\/en\\\/shop\\\/\"},{\"@type\":\"ListItem\",\"position\":3,\"name\":\"N\u0101ves J\u016bras s\u0101ls\"}]},{\"@type\":\"WebSite\",\"@id\":\"https:\\\/\\\/women.lv\\\/#website\",\"url\":\"https:\\\/\\\/women.lv\\\/\",\"name\":\"Women Veikals\",\"description\":\"Uzdr\u012bksties b\u016bt skaista\",\"potentialAction\":[{\"@type\":\"SearchAction\",\"target\":{\"@type\":\"EntryPoint\",\"urlTemplate\":\"https:\\\/\\\/women.lv\\\/?s={search_term_string}\"},\"query-input\":{\"@type\":\"PropertyValueSpecification\",\"valueRequired\":true,\"valueName\":\"search_term_string\"}}],\"inLanguage\":\"ru-RU\"}]}<\/script>\n<!-- \/ Yoast SEO plugin. -->","yoast_head_json":{"title":"\u0421\u043e\u043b\u044c \u041c\u0435\u0440\u0442\u0432\u043e\u0433\u043e \u043c\u043e\u0440\u044f","description":"N\u0101ves j\u016bras miner\u0101ls\u0101ls ir paz\u012bstams jau daudzus gadus, pateicoties t\u0101 br\u012bni\u0161\u0137\u012bgajai sp\u0113jai \u0101rst\u0113t, barot un atjaunot \u0101du. N\u0101ves j\u016bras dab\u012bgais s\u0101ls satur 27 da\u017e\u0101das miner\u0101lvielas.","robots":{"index":"index","follow":"follow","max-snippet":"max-snippet:-1","max-image-preview":"max-image-preview:large","max-video-preview":"max-video-preview:-1"},"canonical":"https:\/\/women.lv\/ru\/product\/naves-juras-sals\/","og_locale":"ru_RU","og_type":"article","og_title":"N\u0101ves J\u016bras s\u0101ls","og_description":"N\u0101ves j\u016bras miner\u0101ls\u0101ls ir paz\u012bstams jau daudzus gadus, pateicoties t\u0101 br\u012bni\u0161\u0137\u012bgajai sp\u0113jai \u0101rst\u0113t, barot un atjaunot \u0101du. N\u0101ves j\u016bras dab\u012bgais s\u0101ls satur 27 da\u017e\u0101das miner\u0101lvielas.","og_url":"https:\/\/women.lv\/ru\/product\/naves-juras-sals\/","og_site_name":"Women Veikals","article_modified_time":"2025-11-05T13:25:51+00:00","og_image":[{"width":723,"height":1024,"url":"https:\/\/women.lv\/wp-content\/uploads\/nc\/catalog\/Shemen-Amour\/DeadSeaSalt.jpg","type":"image\/jpeg"}],"twitter_card":"summary_large_image","twitter_misc":{"\u041f\u0440\u0438\u043c\u0435\u0440\u043d\u043e\u0435 \u0432\u0440\u0435\u043c\u044f \u0434\u043b\u044f \u0447\u0442\u0435\u043d\u0438\u044f":"1 \u043c\u0438\u043d\u0443\u0442\u0430"},"schema":{"@context":"https:\/\/schema.org","@graph":[{"@type":"WebPage","@id":"https:\/\/women.lv\/product\/naves-juras-sals\/","url":"https:\/\/women.lv\/product\/naves-juras-sals\/","name":"\u0421\u043e\u043b\u044c \u041c\u0435\u0440\u0442\u0432\u043e\u0433\u043e \u043c\u043e\u0440\u044f","isPartOf":{"@id":"https:\/\/women.lv\/#website"},"primaryImageOfPage":{"@id":"https:\/\/women.lv\/product\/naves-juras-sals\/#primaryimage"},"image":{"@id":"https:\/\/women.lv\/product\/naves-juras-sals\/#primaryimage"},"thumbnailUrl":"https:\/\/women.lv\/wp-content\/uploads\/nc\/catalog\/Shemen-Amour\/DeadSeaSalt.jpg","datePublished":"2020-04-02T11:19:26+00:00","dateModified":"2025-11-05T13:25:51+00:00","description":"N\u0101ves j\u016bras miner\u0101ls\u0101ls ir paz\u012bstams jau daudzus gadus, pateicoties t\u0101 br\u012bni\u0161\u0137\u012bgajai sp\u0113jai \u0101rst\u0113t, barot un atjaunot \u0101du. N\u0101ves j\u016bras dab\u012bgais s\u0101ls satur 27 da\u017e\u0101das miner\u0101lvielas.","breadcrumb":{"@id":"https:\/\/women.lv\/product\/naves-juras-sals\/#breadcrumb"},"inLanguage":"ru-RU","potentialAction":[{"@type":"ReadAction","target":["https:\/\/women.lv\/product\/naves-juras-sals\/"]}]},{"@type":"ImageObject","inLanguage":"ru-RU","@id":"https:\/\/women.lv\/product\/naves-juras-sals\/#primaryimage","url":"https:\/\/women.lv\/wp-content\/uploads\/nc\/catalog\/Shemen-Amour\/DeadSeaSalt.jpg","contentUrl":"https:\/\/women.lv\/wp-content\/uploads\/nc\/catalog\/Shemen-Amour\/DeadSeaSalt.jpg","width":723,"height":1024,"caption":"N\u0101ves J\u016bras s\u0101ls"},{"@type":"BreadcrumbList","@id":"https:\/\/women.lv\/product\/naves-juras-sals\/#breadcrumb","itemListElement":[{"@type":"ListItem","position":1,"name":"Home","item":"https:\/\/women.lv\/"},{"@type":"ListItem","position":2,"name":"Products","item":"https:\/\/women.lv\/en\/shop\/"},{"@type":"ListItem","position":3,"name":"N\u0101ves J\u016bras s\u0101ls"}]},{"@type":"WebSite","@id":"https:\/\/women.lv\/#website","url":"https:\/\/women.lv\/","name":"\u041c\u0430\u0433\u0430\u0437\u0438\u043d Women","description":"Uzdr\u012bksties b\u016bt skaista","potentialAction":[{"@type":"SearchAction","target":{"@type":"EntryPoint","urlTemplate":"https:\/\/women.lv\/?s={search_term_string}"},"query-input":{"@type":"PropertyValueSpecification","valueRequired":true,"valueName":"search_term_string"}}],"inLanguage":"ru-RU"}]}},"_links":{"self":[{"href":"https:\/\/women.lv\/ru\/wp-json\/wp\/v2\/product\/28217","targetHints":{"allow":["GET"]}}],"collection":[{"href":"https:\/\/women.lv\/ru\/wp-json\/wp\/v2\/product"}],"about":[{"href":"https:\/\/women.lv\/ru\/wp-json\/wp\/v2\/types\/product"}],"replies":[{"embeddable":true,"href":"https:\/\/women.lv\/ru\/wp-json\/wp\/v2\/comments?post=28217"}],"version-history":[{"count":0,"href":"https:\/\/women.lv\/ru\/wp-json\/wp\/v2\/product\/28217\/revisions"}],"wp:featuredmedia":[{"embeddable":true,"href":"https:\/\/women.lv\/ru\/wp-json\/wp\/v2\/media\/28218"}],"wp:attachment":[{"href":"https:\/\/women.lv\/ru\/wp-json\/wp\/v2\/media?parent=28217"}],"wp:term":[{"taxonomy":"product_brand","embeddable":true,"href":"https:\/\/women.lv\/ru\/wp-json\/wp\/v2\/product_brand?post=28217"},{"taxonomy":"product_cat","embeddable":true,"href":"https:\/\/women.lv\/ru\/wp-json\/wp\/v2\/product_cat?post=28217"},{"taxonomy":"product_tag","embeddable":true,"href":"https:\/\/women.lv\/ru\/wp-json\/wp\/v2\/product_tag?post=28217"}],"curies":[{"name":"wp","href":"https:\/\/api.w.org\/{rel}","templated":true}]}}