{"id":28204,"date":"2020-04-02T10:44:08","date_gmt":"2020-04-02T10:44:08","guid":{"rendered":"https:\/\/women.lv\/?product=argana-matu-ella"},"modified":"2025-11-05T13:25:50","modified_gmt":"2025-11-05T13:25:50","slug":"mogador-argana-matu-ella","status":"publish","type":"product","link":"https:\/\/women.lv\/ru\/product\/mogador-argana-matu-ella\/","title":{"rendered":"Arg\u0101na matu e\u013c\u013ca"},"content":{"rendered":"<p><span style=\"font-family: Helvetica;\"><span style=\"font-size: 18px;\">Mogador matu e\u013c\u013ca ir p\u0101rsteidzo\u0161i efekt\u012bva matu e\u013c\u013ca, kas atjauno matu sp\u012bdumu, padara matus elast\u012bgus un atjauno to vitalit\u0101ti. Paredz\u0113ta visiem matu tipiem.<\/span><span style=\"font-size: 18px;\"> Mogador matu sp\u012bduma e\u013c\u013ca ir ide\u0101li piem\u0113rota, lai j\u016bsu matiem nodro\u0161in\u0101tu gludu strukt\u016bru un mirdzo\u0161u sp\u012bdumu. Ekskluz\u012bvs JAS organiskais komplekss, kas satur Marokas argana e\u013c\u013cu, \u0161\u012b (shea) riekstu sviestu un jojobas e\u013c\u013cu, dzi\u013ci baro matu \u0161\u0137iedru, m\u012bkstina, ner\u0101tnus matus un nov\u0113r\u0161 trauslumu. Tas pie\u0161\u0137ir sp\u012bdumu un atjauno sadal\u012btus galus, aizsarg\u0101 matus no negat\u012bviem vides faktoriem.<\/span><span style=\"font-size: 14px;\"><\/p>\n<p><\/span><\/span><\/p>\n<ul>\n<li><span style=\"font-family: Helvetica;\"><span class=\"tlid-translation translation\" lang=\"lv\"><span class=\"\" style=\"font-size: 18px;\" title=\"\">Balst\u012bts uz JAS Organic Complex \u2122<\/span><\/span><\/span><\/li>\n<li><span style=\"font-family: Helvetica;\"><span class=\"tlid-translation translation\" lang=\"lv\"><span title=\"\"><span style=\"font-size: 18px;\">Bez parab\u0113na<\/span>\n<p><\/span><\/span><\/span><\/li>\n<li><span style=\"font-family: Helvetica;\"><span class=\"tlid-translation translation\" lang=\"lv\"><span style=\"font-size: 18px;\" title=\"\">Marokas argana e\u013c\u013ca<\/span><\/span><\/span><\/li>\n<li><span style=\"font-family: Helvetica;\"><span class=\"tlid-translation translation\" lang=\"lv\"><span style=\"font-size: 18px;\" title=\"\">\u0160\u012b (shea) riekstu sviests un jojobas e\u013c\u013ca<\/span><\/span><\/span><\/li>\n<\/ul>\n<p><span style=\"font-family: Helvetica;\"><span style=\"font-size: 14pt;\"><b><span style=\"font-size: 18px;\">\u0421\u043e\u0441\u0442\u0430\u0432:<\/span><\/b><span style=\"font-size: 18px;\">\u00a0<\/span><\/span><\/span><span style=\"font-family: Helvetica; font-size: 18px;\">argania spinosa kernel oil, jojoba oil oil, butyrospermum parkii shea, dimethiconol, dimethicone, macadamia ternifolia oil, cyclotetrasiloxane, parfum (fragrance)<\/span><span style=\"font-family: Helvetica;\"><b><span style=\"font-size: 18px;\"><\/p>\n<p><\/span><\/b><\/span><\/p>\n<p><span style=\"font-family: Helvetica;\"><b><span style=\"font-size: 18px;\">\u0418\u0441\u043f\u043e\u043b\u044c\u0437\u043e\u0432\u0430\u043d\u0438\u0435:<\/span><\/b><span style=\"font-size: 14px;\"><span style=\"font-size: 18px;\">\u00a0<\/span><span style=\"font-size: 18px;\">Ieberziet nelielu daudzumu e\u013c\u013cas plaukst\u0101s un uzkl\u0101jiet uz mitriem vai sausiem matiem. \u012apa\u0161i uzsveriet matu galus.<\/span><\/span><b><span style=\"font-size: 14px;\"><\/p>\n<p><\/span><\/b><\/span><\/p>\n<p><span style=\"font-family: Helvetica;\"><b><span style=\"font-size: 18px;\">\u041e\u0431\u044a\u0435\u043c:<\/span><\/b><span style=\"font-size: 18px;\"> 100 \u043c\u043b<\/span><\/p>\n<p><span class=\"tlid-translation translation\" lang=\"lv\"><span title=\"\"><\/p>\n<p><\/span><\/span><\/p>\n<p><\/span><\/p>","protected":false},"excerpt":{"rendered":"<p>Mogador matu e\u013c\u013ca ir p\u0101rsteidzo\u0161i efekt\u012bva matu e\u013c\u013ca, kas atjauno matu sp\u012bdumu, padara matus elast\u012bgus un atjauno to vitalit\u0101ti. Paredz\u0113ta<\/p>","protected":false},"featured_media":28205,"comment_status":"open","ping_status":"closed","template":"","meta":[],"product_brand":[],"product_cat":[2210,2204,2231,2215],"product_tag":[2404,2499,2500,2501,2497,2244,2243,2495,2496,2502,2245,2380,2498],"class_list":{"0":"post-28204","1":"product","2":"type-product","3":"status-publish","4":"has-post-thumbnail","6":"product_cat-citi-matu-kopsanas-produkti","7":"product_cat-matu-kopsanas-lidzekli","8":"product_cat-lv-on-sale","9":"product_cat-visi-produkti","10":"product_tag-argana-ella","11":"product_tag-argana-matu-ella","12":"product_tag-ella","13":"product_tag-hair-oil","14":"product_tag-hair-oil-with-argan","15":"product_tag-israel","16":"product_tag-izraela","17":"product_tag-matu-ella","18":"product_tag-mogador","19":"product_tag-oil","20":"product_tag-2245","21":"product_tag-2380","22":"product_tag-2498","23":"pa_brand_nc-mogador","24":"pa_ean_nc-3894","26":"first","27":"outofstock","28":"sale","29":"taxable","30":"shipping-taxable","31":"purchasable","32":"product-type-simple"},"yoast_head":"<!-- This site is optimized with the Yoast SEO plugin v27.4 - https:\/\/yoast.com\/product\/yoast-seo-wordpress\/ -->\n<title>Arg\u0101na matu e\u013c\u013ca<\/title>\n<meta name=\"description\" content=\"Mogador matu e\u013c\u013ca ir p\u0101rsteidzo\u0161i efekt\u012bva matu e\u013c\u013ca, kas pastiprina sp\u012bdumu, padara matus elast\u012bgus un atjauno to vitalit\u0101ti. Paredz\u0113ta visiem matu tipiem.\" \/>\n<meta name=\"robots\" content=\"index, follow, max-snippet:-1, max-image-preview:large, max-video-preview:-1\" \/>\n<link rel=\"canonical\" href=\"https:\/\/women.lv\/ru\/product\/mogador-argana-matu-ella\/\" \/>\n<meta property=\"og:locale\" content=\"ru_RU\" \/>\n<meta property=\"og:type\" content=\"article\" \/>\n<meta property=\"og:title\" content=\"Arg\u0101na matu e\u013c\u013ca\" \/>\n<meta property=\"og:description\" content=\"Mogador matu e\u013c\u013ca ir p\u0101rsteidzo\u0161i efekt\u012bva matu e\u013c\u013ca, kas pastiprina sp\u012bdumu, padara matus elast\u012bgus un atjauno to vitalit\u0101ti. Paredz\u0113ta visiem matu tipiem.\" \/>\n<meta property=\"og:url\" content=\"https:\/\/women.lv\/ru\/product\/mogador-argana-matu-ella\/\" \/>\n<meta property=\"og:site_name\" content=\"Women Veikals\" \/>\n<meta property=\"article:modified_time\" content=\"2025-11-05T13:25:50+00:00\" \/>\n<meta property=\"og:image\" content=\"https:\/\/women.lv\/wp-content\/uploads\/nc\/catalog\/mogador\/HairArganOil_Mogador.jpg\" \/>\n\t<meta property=\"og:image:width\" content=\"723\" \/>\n\t<meta property=\"og:image:height\" content=\"1024\" \/>\n\t<meta property=\"og:image:type\" content=\"image\/jpeg\" \/>\n<meta name=\"twitter:card\" content=\"summary_large_image\" \/>\n<meta name=\"twitter:label1\" content=\"\u041f\u0440\u0438\u043c\u0435\u0440\u043d\u043e\u0435 \u0432\u0440\u0435\u043c\u044f \u0434\u043b\u044f \u0447\u0442\u0435\u043d\u0438\u044f\" \/>\n\t<meta name=\"twitter:data1\" content=\"1 \u043c\u0438\u043d\u0443\u0442\u0430\" \/>\n<script type=\"application\/ld+json\" class=\"yoast-schema-graph\">{\"@context\":\"https:\\\/\\\/schema.org\",\"@graph\":[{\"@type\":\"WebPage\",\"@id\":\"https:\\\/\\\/women.lv\\\/product\\\/mogador-argana-matu-ella\\\/\",\"url\":\"https:\\\/\\\/women.lv\\\/product\\\/mogador-argana-matu-ella\\\/\",\"name\":\"Arg\u0101na matu e\u013c\u013ca\",\"isPartOf\":{\"@id\":\"https:\\\/\\\/women.lv\\\/#website\"},\"primaryImageOfPage\":{\"@id\":\"https:\\\/\\\/women.lv\\\/product\\\/mogador-argana-matu-ella\\\/#primaryimage\"},\"image\":{\"@id\":\"https:\\\/\\\/women.lv\\\/product\\\/mogador-argana-matu-ella\\\/#primaryimage\"},\"thumbnailUrl\":\"https:\\\/\\\/women.lv\\\/wp-content\\\/uploads\\\/nc\\\/catalog\\\/mogador\\\/HairArganOil_Mogador.jpg\",\"datePublished\":\"2020-04-02T10:44:08+00:00\",\"dateModified\":\"2025-11-05T13:25:50+00:00\",\"description\":\"Mogador matu e\u013c\u013ca ir p\u0101rsteidzo\u0161i efekt\u012bva matu e\u013c\u013ca, kas pastiprina sp\u012bdumu, padara matus elast\u012bgus un atjauno to vitalit\u0101ti. Paredz\u0113ta visiem matu tipiem.\",\"breadcrumb\":{\"@id\":\"https:\\\/\\\/women.lv\\\/product\\\/mogador-argana-matu-ella\\\/#breadcrumb\"},\"inLanguage\":\"ru-RU\",\"potentialAction\":[{\"@type\":\"ReadAction\",\"target\":[\"https:\\\/\\\/women.lv\\\/product\\\/mogador-argana-matu-ella\\\/\"]}]},{\"@type\":\"ImageObject\",\"inLanguage\":\"ru-RU\",\"@id\":\"https:\\\/\\\/women.lv\\\/product\\\/mogador-argana-matu-ella\\\/#primaryimage\",\"url\":\"https:\\\/\\\/women.lv\\\/wp-content\\\/uploads\\\/nc\\\/catalog\\\/mogador\\\/HairArganOil_Mogador.jpg\",\"contentUrl\":\"https:\\\/\\\/women.lv\\\/wp-content\\\/uploads\\\/nc\\\/catalog\\\/mogador\\\/HairArganOil_Mogador.jpg\",\"width\":723,\"height\":1024,\"caption\":\"Arg\u0101na matu e\u013c\u013ca\"},{\"@type\":\"BreadcrumbList\",\"@id\":\"https:\\\/\\\/women.lv\\\/product\\\/mogador-argana-matu-ella\\\/#breadcrumb\",\"itemListElement\":[{\"@type\":\"ListItem\",\"position\":1,\"name\":\"Home\",\"item\":\"https:\\\/\\\/women.lv\\\/\"},{\"@type\":\"ListItem\",\"position\":2,\"name\":\"Products\",\"item\":\"https:\\\/\\\/women.lv\\\/en\\\/shop\\\/\"},{\"@type\":\"ListItem\",\"position\":3,\"name\":\"Arg\u0101na matu e\u013c\u013ca\"}]},{\"@type\":\"WebSite\",\"@id\":\"https:\\\/\\\/women.lv\\\/#website\",\"url\":\"https:\\\/\\\/women.lv\\\/\",\"name\":\"Women Veikals\",\"description\":\"Uzdr\u012bksties b\u016bt skaista\",\"potentialAction\":[{\"@type\":\"SearchAction\",\"target\":{\"@type\":\"EntryPoint\",\"urlTemplate\":\"https:\\\/\\\/women.lv\\\/?s={search_term_string}\"},\"query-input\":{\"@type\":\"PropertyValueSpecification\",\"valueRequired\":true,\"valueName\":\"search_term_string\"}}],\"inLanguage\":\"ru-RU\"}]}<\/script>\n<!-- \/ Yoast SEO plugin. -->","yoast_head_json":{"title":"Arg\u0101na matu e\u013c\u013ca","description":"Mogador matu e\u013c\u013ca ir p\u0101rsteidzo\u0161i efekt\u012bva matu e\u013c\u013ca, kas pastiprina sp\u012bdumu, padara matus elast\u012bgus un atjauno to vitalit\u0101ti. Paredz\u0113ta visiem matu tipiem.","robots":{"index":"index","follow":"follow","max-snippet":"max-snippet:-1","max-image-preview":"max-image-preview:large","max-video-preview":"max-video-preview:-1"},"canonical":"https:\/\/women.lv\/ru\/product\/mogador-argana-matu-ella\/","og_locale":"ru_RU","og_type":"article","og_title":"Arg\u0101na matu e\u013c\u013ca","og_description":"Mogador matu e\u013c\u013ca ir p\u0101rsteidzo\u0161i efekt\u012bva matu e\u013c\u013ca, kas pastiprina sp\u012bdumu, padara matus elast\u012bgus un atjauno to vitalit\u0101ti. Paredz\u0113ta visiem matu tipiem.","og_url":"https:\/\/women.lv\/ru\/product\/mogador-argana-matu-ella\/","og_site_name":"Women Veikals","article_modified_time":"2025-11-05T13:25:50+00:00","og_image":[{"width":723,"height":1024,"url":"https:\/\/women.lv\/wp-content\/uploads\/nc\/catalog\/mogador\/HairArganOil_Mogador.jpg","type":"image\/jpeg"}],"twitter_card":"summary_large_image","twitter_misc":{"\u041f\u0440\u0438\u043c\u0435\u0440\u043d\u043e\u0435 \u0432\u0440\u0435\u043c\u044f \u0434\u043b\u044f \u0447\u0442\u0435\u043d\u0438\u044f":"1 \u043c\u0438\u043d\u0443\u0442\u0430"},"schema":{"@context":"https:\/\/schema.org","@graph":[{"@type":"WebPage","@id":"https:\/\/women.lv\/product\/mogador-argana-matu-ella\/","url":"https:\/\/women.lv\/product\/mogador-argana-matu-ella\/","name":"Arg\u0101na matu e\u013c\u013ca","isPartOf":{"@id":"https:\/\/women.lv\/#website"},"primaryImageOfPage":{"@id":"https:\/\/women.lv\/product\/mogador-argana-matu-ella\/#primaryimage"},"image":{"@id":"https:\/\/women.lv\/product\/mogador-argana-matu-ella\/#primaryimage"},"thumbnailUrl":"https:\/\/women.lv\/wp-content\/uploads\/nc\/catalog\/mogador\/HairArganOil_Mogador.jpg","datePublished":"2020-04-02T10:44:08+00:00","dateModified":"2025-11-05T13:25:50+00:00","description":"Mogador matu e\u013c\u013ca ir p\u0101rsteidzo\u0161i efekt\u012bva matu e\u013c\u013ca, kas pastiprina sp\u012bdumu, padara matus elast\u012bgus un atjauno to vitalit\u0101ti. Paredz\u0113ta visiem matu tipiem.","breadcrumb":{"@id":"https:\/\/women.lv\/product\/mogador-argana-matu-ella\/#breadcrumb"},"inLanguage":"ru-RU","potentialAction":[{"@type":"ReadAction","target":["https:\/\/women.lv\/product\/mogador-argana-matu-ella\/"]}]},{"@type":"ImageObject","inLanguage":"ru-RU","@id":"https:\/\/women.lv\/product\/mogador-argana-matu-ella\/#primaryimage","url":"https:\/\/women.lv\/wp-content\/uploads\/nc\/catalog\/mogador\/HairArganOil_Mogador.jpg","contentUrl":"https:\/\/women.lv\/wp-content\/uploads\/nc\/catalog\/mogador\/HairArganOil_Mogador.jpg","width":723,"height":1024,"caption":"Arg\u0101na matu e\u013c\u013ca"},{"@type":"BreadcrumbList","@id":"https:\/\/women.lv\/product\/mogador-argana-matu-ella\/#breadcrumb","itemListElement":[{"@type":"ListItem","position":1,"name":"Home","item":"https:\/\/women.lv\/"},{"@type":"ListItem","position":2,"name":"Products","item":"https:\/\/women.lv\/en\/shop\/"},{"@type":"ListItem","position":3,"name":"Arg\u0101na matu e\u013c\u013ca"}]},{"@type":"WebSite","@id":"https:\/\/women.lv\/#website","url":"https:\/\/women.lv\/","name":"\u041c\u0430\u0433\u0430\u0437\u0438\u043d Women","description":"Uzdr\u012bksties b\u016bt skaista","potentialAction":[{"@type":"SearchAction","target":{"@type":"EntryPoint","urlTemplate":"https:\/\/women.lv\/?s={search_term_string}"},"query-input":{"@type":"PropertyValueSpecification","valueRequired":true,"valueName":"search_term_string"}}],"inLanguage":"ru-RU"}]}},"_links":{"self":[{"href":"https:\/\/women.lv\/ru\/wp-json\/wp\/v2\/product\/28204","targetHints":{"allow":["GET"]}}],"collection":[{"href":"https:\/\/women.lv\/ru\/wp-json\/wp\/v2\/product"}],"about":[{"href":"https:\/\/women.lv\/ru\/wp-json\/wp\/v2\/types\/product"}],"replies":[{"embeddable":true,"href":"https:\/\/women.lv\/ru\/wp-json\/wp\/v2\/comments?post=28204"}],"version-history":[{"count":0,"href":"https:\/\/women.lv\/ru\/wp-json\/wp\/v2\/product\/28204\/revisions"}],"wp:featuredmedia":[{"embeddable":true,"href":"https:\/\/women.lv\/ru\/wp-json\/wp\/v2\/media\/28205"}],"wp:attachment":[{"href":"https:\/\/women.lv\/ru\/wp-json\/wp\/v2\/media?parent=28204"}],"wp:term":[{"taxonomy":"product_brand","embeddable":true,"href":"https:\/\/women.lv\/ru\/wp-json\/wp\/v2\/product_brand?post=28204"},{"taxonomy":"product_cat","embeddable":true,"href":"https:\/\/women.lv\/ru\/wp-json\/wp\/v2\/product_cat?post=28204"},{"taxonomy":"product_tag","embeddable":true,"href":"https:\/\/women.lv\/ru\/wp-json\/wp\/v2\/product_tag?post=28204"}],"curies":[{"name":"wp","href":"https:\/\/api.w.org\/{rel}","templated":true}]}}