{"id":28188,"date":"2020-04-01T20:22:27","date_gmt":"2020-04-01T20:22:27","guid":{"rendered":"https:\/\/women.lv\/?product=attirosa-dublu-sejas-maska"},"modified":"2025-11-05T13:25:50","modified_gmt":"2025-11-05T13:25:50","slug":"attirosa-dublu-sejas-maska","status":"publish","type":"product","link":"https:\/\/women.lv\/ru\/product\/attirosa-dublu-sejas-maska\/","title":{"rendered":"\u041e\u0447\u0438\u0449\u0430\u044e\u0449\u0430\u044f \u0433\u0440\u044f\u0437\u0435\u0432\u0430\u044f \u043c\u0430\u0441\u043a\u0430 \u0434\u043b\u044f \u043b\u0438\u0446\u0430"},"content":{"rendered":"<p><span style=\"font-family: Helvetica;\"><span style=\"font-size: 18px;\">\u0413\u0440\u044f\u0437\u0435\u0432\u0430\u044f \u043c\u0430\u0441\u043a\u0430 \u0434\u043b\u044f \u043b\u0438\u0446\u0430 \u2013 \u0443\u043d\u0438\u043a\u0430\u043b\u044c\u043d\u0430\u044f \u043c\u0430\u0441\u043a\u0430, \u043e\u0431\u043e\u0433\u0430\u0449\u0435\u043d\u043d\u0430\u044f \u043c\u0438\u043d\u0435\u0440\u0430\u043b\u0430\u043c\u0438 \u041c\u0435\u0440\u0442\u0432\u043e\u0433\u043e \u043c\u043e\u0440\u044f.<\/span><span style=\"font-size: 18px;\">, \u043c\u0430\u0441\u043b\u043e \u0448\u0438, \u043c\u0430\u0441\u043b\u043e \u0436\u043e\u0436\u043e\u0431\u0430 \u0438 \u0430\u043b\u043e\u044d \u0432\u0435\u0440\u0430. \u041c\u0430\u0441\u043a\u0430 \u0431\u0430\u043b\u0430\u043d\u0441\u0438\u0440\u0443\u0435\u0442 \u043a\u043e\u0436\u0443. <\/span><span style=\"font-size: 18px;\">lip\u012bdu l\u012bmeni, no\u0146em atmiru\u0161\u0101s \u0161\u016bnas, efekt\u012bvi dzi\u013ci att\u012bra \u0101du un l\u012bdz ar to samazin\u0101s <\/span><span style=\"font-size: 18px;\">\u043f\u043e\u0440\u044b, \u0441\u043f\u043e\u0441\u043e\u0431\u0441\u0442\u0432\u0443\u0435\u0442 \u0437\u0434\u043e\u0440\u043e\u0432\u043e\u0439 \u0440\u0435\u0433\u0435\u043d\u0435\u0440\u0430\u0446\u0438\u0438 \u043a\u043b\u0435\u0442\u043e\u043a \u043a\u043e\u0436\u0438 \u0438 \u0431\u0430\u043b\u0430\u043d\u0441\u0438\u0440\u0443\u0435\u0442<\/span> <span style=\"font-size: 18px;\">\u0443\u0440\u043e\u0432\u0435\u043d\u044c \u0432\u043b\u0430\u0436\u043d\u043e\u0441\u0442\u0438 \u043a\u043e\u0436\u0438. \u041f\u043e\u0441\u043b\u0435 \u0438\u0441\u043f\u043e\u043b\u044c\u0437\u043e\u0432\u0430\u043d\u0438\u044f \u043c\u0430\u0441\u043a\u0438 \u0432\u0430\u0448\u0430 \u043a\u043e\u0436\u0430 \u0441\u0442\u0430\u043d\u0435\u0442 \u043e\u0431\u043d\u043e\u0432\u043b\u0435\u043d\u043d\u043e\u0439, \u0441\u0432\u0435\u0436\u0435\u0439, \u0447\u0438\u0441\u0442\u043e\u0439, \u043c\u044f\u0433\u043a\u043e\u0439, \u0441\u0438\u044f\u044e\u0449\u0435\u0439 \u0438 \u043e\u0431\u0438\u043b\u044c\u043d\u043e \u0443\u0432\u043b\u0430\u0436\u043d\u0435\u043d\u043d\u043e\u0439.<\/span><\/span><\/p>","protected":false},"excerpt":{"rendered":"<p>\u0413\u0440\u044f\u0437\u0435\u0432\u0430\u044f \u043c\u0430\u0441\u043a\u0430 \u0434\u043b\u044f \u043b\u0438\u0446\u0430 \u2013 \u0443\u043d\u0438\u043a\u0430\u043b\u044c\u043d\u0430\u044f \u043c\u0430\u0441\u043a\u0430, \u043e\u0431\u043e\u0433\u0430\u0449\u0435\u043d\u043d\u0430\u044f \u043c\u0438\u043d\u0435\u0440\u0430\u043b\u0430\u043c\u0438 \u041c\u0435\u0440\u0442\u0432\u043e\u0433\u043e \u043c\u043e\u0440\u044f, \u043c\u0430\u0441\u043b\u043e\u043c \u0448\u0438, \u043c\u0430\u0441\u043b\u043e\u043c \u0436\u043e\u0436\u043e\u0431\u0430 \u0438 \u0430\u043b\u043e\u044d. \u041c\u0430\u0441\u043a\u0430 \u0431\u0430\u043b\u0430\u043d\u0441\u0438\u0440\u0443\u0435\u0442<\/p>","protected":false},"featured_media":28189,"comment_status":"open","ping_status":"closed","template":"","meta":[],"product_brand":[],"product_cat":[2211,2200,2215],"product_tag":[2467,2244,2243,2294,2462,2468,2245,2469],"class_list":{"0":"post-28188","1":"product","2":"type-product","3":"status-publish","4":"has-post-thumbnail","6":"product_cat-mazgasanas-un-attirisanas-produkti","7":"product_cat-sejas-kopsanas-lidzekli","8":"product_cat-visi-produkti","9":"product_tag-dublu-maska","10":"product_tag-israel","11":"product_tag-izraela","12":"product_tag-pure-mineral","13":"product_tag-purify","14":"product_tag-purifying-natural-mud-mask","15":"product_tag-2245","16":"product_tag-2469","17":"pa_brand_nc-pure-mineral","18":"pa_ean_nc-3889","20":"first","21":"instock","22":"sale","23":"taxable","24":"shipping-taxable","25":"purchasable","26":"product-type-simple"},"yoast_head":"<!-- This site is optimized with the Yoast SEO plugin v27.4 - https:\/\/yoast.com\/product\/yoast-seo-wordpress\/ -->\n<title>Att\u012bro\u0161\u0101 dub\u013cu sejas maska<\/title>\n<meta name=\"description\" content=\"Maska l\u012bdzsvaro \u0101das lip\u012bdu l\u012bmeni, no\u0146em atmiru\u0161\u0101s \u0161\u016bnas, efekt\u012bvi dzi\u013ci att\u012bra \u0101du un l\u012bdz ar to samazinas poras, veicina vesel\u012bgu \u0101das \u0161\u016bnu atjauno\u0161anos un l\u012bdzsvaro \u0101das mitruma l\u012bmeni.\" \/>\n<meta name=\"robots\" content=\"index, follow, max-snippet:-1, max-image-preview:large, max-video-preview:-1\" \/>\n<link rel=\"canonical\" href=\"https:\/\/women.lv\/ru\/product\/attirosa-dublu-sejas-maska\/\" \/>\n<meta property=\"og:locale\" content=\"ru_RU\" \/>\n<meta property=\"og:type\" content=\"article\" \/>\n<meta property=\"og:title\" content=\"Att\u012bro\u0161\u0101 dub\u013cu sejas maska\" \/>\n<meta property=\"og:description\" content=\"Maska l\u012bdzsvaro \u0101das lip\u012bdu l\u012bmeni, no\u0146em atmiru\u0161\u0101s \u0161\u016bnas, efekt\u012bvi dzi\u013ci att\u012bra \u0101du un l\u012bdz ar to samazinas poras, veicina vesel\u012bgu \u0101das \u0161\u016bnu atjauno\u0161anos un l\u012bdzsvaro \u0101das mitruma l\u012bmeni.\" \/>\n<meta property=\"og:url\" content=\"https:\/\/women.lv\/ru\/product\/attirosa-dublu-sejas-maska\/\" \/>\n<meta property=\"og:site_name\" content=\"Women Veikals\" \/>\n<meta property=\"article:modified_time\" content=\"2025-11-05T13:25:50+00:00\" \/>\n<meta property=\"og:image\" content=\"https:\/\/women.lv\/wp-content\/uploads\/nc\/catalog\/Pure-Mineral\/Purify\/PurifyingNaturalMudMask_PureMineral_large1.PNG\" \/>\n\t<meta property=\"og:image:width\" content=\"426\" \/>\n\t<meta property=\"og:image:height\" content=\"590\" \/>\n\t<meta property=\"og:image:type\" content=\"image\/png\" \/>\n<meta name=\"twitter:card\" content=\"summary_large_image\" \/>\n<meta name=\"twitter:label1\" content=\"\u041f\u0440\u0438\u043c\u0435\u0440\u043d\u043e\u0435 \u0432\u0440\u0435\u043c\u044f \u0434\u043b\u044f \u0447\u0442\u0435\u043d\u0438\u044f\" \/>\n\t<meta name=\"twitter:data1\" content=\"1 \u043c\u0438\u043d\u0443\u0442\u0430\" \/>\n<script type=\"application\/ld+json\" class=\"yoast-schema-graph\">{\"@context\":\"https:\\\/\\\/schema.org\",\"@graph\":[{\"@type\":\"WebPage\",\"@id\":\"https:\\\/\\\/women.lv\\\/product\\\/attirosa-dublu-sejas-maska\\\/\",\"url\":\"https:\\\/\\\/women.lv\\\/product\\\/attirosa-dublu-sejas-maska\\\/\",\"name\":\"Att\u012bro\u0161\u0101 dub\u013cu sejas maska\",\"isPartOf\":{\"@id\":\"https:\\\/\\\/women.lv\\\/#website\"},\"primaryImageOfPage\":{\"@id\":\"https:\\\/\\\/women.lv\\\/product\\\/attirosa-dublu-sejas-maska\\\/#primaryimage\"},\"image\":{\"@id\":\"https:\\\/\\\/women.lv\\\/product\\\/attirosa-dublu-sejas-maska\\\/#primaryimage\"},\"thumbnailUrl\":\"https:\\\/\\\/women.lv\\\/wp-content\\\/uploads\\\/nc\\\/catalog\\\/Pure-Mineral\\\/Purify\\\/PurifyingNaturalMudMask_PureMineral_large1.PNG\",\"datePublished\":\"2020-04-01T20:22:27+00:00\",\"dateModified\":\"2025-11-05T13:25:50+00:00\",\"description\":\"Maska l\u012bdzsvaro \u0101das lip\u012bdu l\u012bmeni, no\u0146em atmiru\u0161\u0101s \u0161\u016bnas, efekt\u012bvi dzi\u013ci att\u012bra \u0101du un l\u012bdz ar to samazinas poras, veicina vesel\u012bgu \u0101das \u0161\u016bnu atjauno\u0161anos un l\u012bdzsvaro \u0101das mitruma l\u012bmeni.\",\"breadcrumb\":{\"@id\":\"https:\\\/\\\/women.lv\\\/product\\\/attirosa-dublu-sejas-maska\\\/#breadcrumb\"},\"inLanguage\":\"ru-RU\",\"potentialAction\":[{\"@type\":\"ReadAction\",\"target\":[\"https:\\\/\\\/women.lv\\\/product\\\/attirosa-dublu-sejas-maska\\\/\"]}]},{\"@type\":\"ImageObject\",\"inLanguage\":\"ru-RU\",\"@id\":\"https:\\\/\\\/women.lv\\\/product\\\/attirosa-dublu-sejas-maska\\\/#primaryimage\",\"url\":\"https:\\\/\\\/women.lv\\\/wp-content\\\/uploads\\\/nc\\\/catalog\\\/Pure-Mineral\\\/Purify\\\/PurifyingNaturalMudMask_PureMineral_large1.PNG\",\"contentUrl\":\"https:\\\/\\\/women.lv\\\/wp-content\\\/uploads\\\/nc\\\/catalog\\\/Pure-Mineral\\\/Purify\\\/PurifyingNaturalMudMask_PureMineral_large1.PNG\",\"width\":426,\"height\":590,\"caption\":\"Att\u012bro\u0161\u0101 dub\u013cu sejas maska\"},{\"@type\":\"BreadcrumbList\",\"@id\":\"https:\\\/\\\/women.lv\\\/product\\\/attirosa-dublu-sejas-maska\\\/#breadcrumb\",\"itemListElement\":[{\"@type\":\"ListItem\",\"position\":1,\"name\":\"Home\",\"item\":\"https:\\\/\\\/women.lv\\\/\"},{\"@type\":\"ListItem\",\"position\":2,\"name\":\"Products\",\"item\":\"https:\\\/\\\/women.lv\\\/en\\\/shop\\\/\"},{\"@type\":\"ListItem\",\"position\":3,\"name\":\"Att\u012bro\u0161\u0101 dub\u013cu sejas maska\"}]},{\"@type\":\"WebSite\",\"@id\":\"https:\\\/\\\/women.lv\\\/#website\",\"url\":\"https:\\\/\\\/women.lv\\\/\",\"name\":\"Women Veikals\",\"description\":\"Uzdr\u012bksties b\u016bt skaista\",\"potentialAction\":[{\"@type\":\"SearchAction\",\"target\":{\"@type\":\"EntryPoint\",\"urlTemplate\":\"https:\\\/\\\/women.lv\\\/?s={search_term_string}\"},\"query-input\":{\"@type\":\"PropertyValueSpecification\",\"valueRequired\":true,\"valueName\":\"search_term_string\"}}],\"inLanguage\":\"ru-RU\"}]}<\/script>\n<!-- \/ Yoast SEO plugin. -->","yoast_head_json":{"title":"\u041e\u0447\u0438\u0449\u0430\u044e\u0449\u0430\u044f \u0433\u0440\u044f\u0437\u0435\u0432\u0430\u044f \u043c\u0430\u0441\u043a\u0430 \u0434\u043b\u044f \u043b\u0438\u0446\u0430","description":"Maska l\u012bdzsvaro \u0101das lip\u012bdu l\u012bmeni, no\u0146em atmiru\u0161\u0101s \u0161\u016bnas, efekt\u012bvi dzi\u013ci att\u012bra \u0101du un l\u012bdz ar to samazinas poras, veicina vesel\u012bgu \u0101das \u0161\u016bnu atjauno\u0161anos un l\u012bdzsvaro \u0101das mitruma l\u012bmeni.","robots":{"index":"index","follow":"follow","max-snippet":"max-snippet:-1","max-image-preview":"max-image-preview:large","max-video-preview":"max-video-preview:-1"},"canonical":"https:\/\/women.lv\/ru\/product\/attirosa-dublu-sejas-maska\/","og_locale":"ru_RU","og_type":"article","og_title":"Att\u012bro\u0161\u0101 dub\u013cu sejas maska","og_description":"Maska l\u012bdzsvaro \u0101das lip\u012bdu l\u012bmeni, no\u0146em atmiru\u0161\u0101s \u0161\u016bnas, efekt\u012bvi dzi\u013ci att\u012bra \u0101du un l\u012bdz ar to samazinas poras, veicina vesel\u012bgu \u0101das \u0161\u016bnu atjauno\u0161anos un l\u012bdzsvaro \u0101das mitruma l\u012bmeni.","og_url":"https:\/\/women.lv\/ru\/product\/attirosa-dublu-sejas-maska\/","og_site_name":"Women Veikals","article_modified_time":"2025-11-05T13:25:50+00:00","og_image":[{"width":426,"height":590,"url":"https:\/\/women.lv\/wp-content\/uploads\/nc\/catalog\/Pure-Mineral\/Purify\/PurifyingNaturalMudMask_PureMineral_large1.PNG","type":"image\/png"}],"twitter_card":"summary_large_image","twitter_misc":{"\u041f\u0440\u0438\u043c\u0435\u0440\u043d\u043e\u0435 \u0432\u0440\u0435\u043c\u044f \u0434\u043b\u044f \u0447\u0442\u0435\u043d\u0438\u044f":"1 \u043c\u0438\u043d\u0443\u0442\u0430"},"schema":{"@context":"https:\/\/schema.org","@graph":[{"@type":"WebPage","@id":"https:\/\/women.lv\/product\/attirosa-dublu-sejas-maska\/","url":"https:\/\/women.lv\/product\/attirosa-dublu-sejas-maska\/","name":"\u041e\u0447\u0438\u0449\u0430\u044e\u0449\u0430\u044f \u0433\u0440\u044f\u0437\u0435\u0432\u0430\u044f \u043c\u0430\u0441\u043a\u0430 \u0434\u043b\u044f \u043b\u0438\u0446\u0430","isPartOf":{"@id":"https:\/\/women.lv\/#website"},"primaryImageOfPage":{"@id":"https:\/\/women.lv\/product\/attirosa-dublu-sejas-maska\/#primaryimage"},"image":{"@id":"https:\/\/women.lv\/product\/attirosa-dublu-sejas-maska\/#primaryimage"},"thumbnailUrl":"https:\/\/women.lv\/wp-content\/uploads\/nc\/catalog\/Pure-Mineral\/Purify\/PurifyingNaturalMudMask_PureMineral_large1.PNG","datePublished":"2020-04-01T20:22:27+00:00","dateModified":"2025-11-05T13:25:50+00:00","description":"Maska l\u012bdzsvaro \u0101das lip\u012bdu l\u012bmeni, no\u0146em atmiru\u0161\u0101s \u0161\u016bnas, efekt\u012bvi dzi\u013ci att\u012bra \u0101du un l\u012bdz ar to samazinas poras, veicina vesel\u012bgu \u0101das \u0161\u016bnu atjauno\u0161anos un l\u012bdzsvaro \u0101das mitruma l\u012bmeni.","breadcrumb":{"@id":"https:\/\/women.lv\/product\/attirosa-dublu-sejas-maska\/#breadcrumb"},"inLanguage":"ru-RU","potentialAction":[{"@type":"ReadAction","target":["https:\/\/women.lv\/product\/attirosa-dublu-sejas-maska\/"]}]},{"@type":"ImageObject","inLanguage":"ru-RU","@id":"https:\/\/women.lv\/product\/attirosa-dublu-sejas-maska\/#primaryimage","url":"https:\/\/women.lv\/wp-content\/uploads\/nc\/catalog\/Pure-Mineral\/Purify\/PurifyingNaturalMudMask_PureMineral_large1.PNG","contentUrl":"https:\/\/women.lv\/wp-content\/uploads\/nc\/catalog\/Pure-Mineral\/Purify\/PurifyingNaturalMudMask_PureMineral_large1.PNG","width":426,"height":590,"caption":"Att\u012bro\u0161\u0101 dub\u013cu sejas maska"},{"@type":"BreadcrumbList","@id":"https:\/\/women.lv\/product\/attirosa-dublu-sejas-maska\/#breadcrumb","itemListElement":[{"@type":"ListItem","position":1,"name":"Home","item":"https:\/\/women.lv\/"},{"@type":"ListItem","position":2,"name":"Products","item":"https:\/\/women.lv\/en\/shop\/"},{"@type":"ListItem","position":3,"name":"Att\u012bro\u0161\u0101 dub\u013cu sejas maska"}]},{"@type":"WebSite","@id":"https:\/\/women.lv\/#website","url":"https:\/\/women.lv\/","name":"\u041c\u0430\u0433\u0430\u0437\u0438\u043d Women","description":"Uzdr\u012bksties b\u016bt skaista","potentialAction":[{"@type":"SearchAction","target":{"@type":"EntryPoint","urlTemplate":"https:\/\/women.lv\/?s={search_term_string}"},"query-input":{"@type":"PropertyValueSpecification","valueRequired":true,"valueName":"search_term_string"}}],"inLanguage":"ru-RU"}]}},"_links":{"self":[{"href":"https:\/\/women.lv\/ru\/wp-json\/wp\/v2\/product\/28188","targetHints":{"allow":["GET"]}}],"collection":[{"href":"https:\/\/women.lv\/ru\/wp-json\/wp\/v2\/product"}],"about":[{"href":"https:\/\/women.lv\/ru\/wp-json\/wp\/v2\/types\/product"}],"replies":[{"embeddable":true,"href":"https:\/\/women.lv\/ru\/wp-json\/wp\/v2\/comments?post=28188"}],"version-history":[{"count":0,"href":"https:\/\/women.lv\/ru\/wp-json\/wp\/v2\/product\/28188\/revisions"}],"wp:featuredmedia":[{"embeddable":true,"href":"https:\/\/women.lv\/ru\/wp-json\/wp\/v2\/media\/28189"}],"wp:attachment":[{"href":"https:\/\/women.lv\/ru\/wp-json\/wp\/v2\/media?parent=28188"}],"wp:term":[{"taxonomy":"product_brand","embeddable":true,"href":"https:\/\/women.lv\/ru\/wp-json\/wp\/v2\/product_brand?post=28188"},{"taxonomy":"product_cat","embeddable":true,"href":"https:\/\/women.lv\/ru\/wp-json\/wp\/v2\/product_cat?post=28188"},{"taxonomy":"product_tag","embeddable":true,"href":"https:\/\/women.lv\/ru\/wp-json\/wp\/v2\/product_tag?post=28188"}],"curies":[{"name":"wp","href":"https:\/\/api.w.org\/{rel}","templated":true}]}}