{"id":28106,"date":"2020-03-19T12:56:05","date_gmt":"2020-03-19T12:56:05","guid":{"rendered":"https:\/\/women.lv\/?product=specigs-dienas-krems-spf-15-ar-c-vitaminu"},"modified":"2025-12-21T12:20:57","modified_gmt":"2025-12-21T10:20:57","slug":"pure-mineral-specigs-dienas-krems-psf15-ar-c-vitaminu","status":"publish","type":"product","link":"https:\/\/women.lv\/ru\/product\/pure-mineral-specigs-dienas-krems-psf15-ar-c-vitaminu\/","title":{"rendered":"\u0421\u0438\u043b\u044c\u043d\u044b\u0439 \u0434\u043d\u0435\u0432\u043d\u043e\u0439 \u043a\u0440\u0435\u043c SPF 15 \u0441 \u0432\u0438\u0442\u0430\u043c\u0438\u043d\u043e\u043c \u0421."},"content":{"rendered":"<p><span style=\"font-family: Helvetica;\"><span style=\"font-size: 10pt;\" data-sheets-value=\"{&quot;1&quot;:2,&quot;2&quot;:&quot;Visiem \u0101das tipiem.\\nIzstr\u0101d\u0101ts ar N\u0101ves j\u016bras miner\u0101liem un C vitam\u012bnu.\\nVienm\u0113r\u012bga sejas kr\u0101sa un hidr\u0101ti.\\n\u0160is jaud\u012bgais dienas kr\u0113ms ir bag\u0101tin\u0101ts ar N\u0101ves j\u016bras miner\u0101liem un C vitam\u012bnu, lai uztur\u0113tu j\u016bsu \u0101das dabisko mitruma l\u012bmeni un atjaunotu t\u0101s aizsargbarjeru, lai nov\u0113rstu dehidrat\u0101ciju. Kr\u0113ms pal\u012bdz aizsarg\u0101t un baro \u0101du ar 12 stundu hidrat\u0101ciju, atst\u0101jot j\u016bsu \u0101du glud\u0101ku, tvirt\u0101ku un jaun\u0101ku, k\u0101 ar\u012b aizsarg\u0101 to no klimatiskajiem un vides post\u012bjumiem. C vitam\u012bns ir sp\u0113c\u012bgs antioksidants, kas efekt\u012bvi neitraliz\u0113 \u0101du boj\u0101jo\u0161os br\u012bvos radik\u0101\u013cus, kas rodas UV starojuma iedarb\u012bbas laik\u0101. Ide\u0101li piem\u0113rots k\u0101 kosm\u0113tikas b\u0101ze.&quot;}\" data-sheets-userformat=\"{&quot;2&quot;:897,&quot;3&quot;:{&quot;1&quot;:0},&quot;10&quot;:1,&quot;11&quot;:4,&quot;12&quot;:0}\"><span style=\"font-size: 18px;\">Visiem \u0101das tipiem.<\/span><\/p>\n<p><span style=\"font-size: 18px;\">Izstr\u0101d\u0101ts ar N\u0101ves j\u016bras miner\u0101liem un C vitam\u012bnu.<\/span><\/p>\n<p><span style=\"font-size: 18px;\">\u0160is jaud\u012bgais dienas kr\u0113ms ir bag\u0101tin\u0101ts ar N\u0101ves j\u016bras miner\u0101liem un C vitam\u012bnu, lai uztur\u0113tu j\u016bsu \u0101das dabisko mitruma l\u012bmeni un atjaunotu t\u0101s aizsargbarjeru, lai nov\u0113rstu dehidrat\u0101ciju. Kr\u0113ms pal\u012bdz aizsarg\u0101t un baro \u0101du ar 12 stundu mitrin\u0101\u0161anu, atst\u0101jot j\u016bsu \u0101du glud\u0101ku, tvirt\u0101ku un jaun\u0101ku, k\u0101 ar\u012b aizsarg\u0101 to no klimatiskajiem un vides post\u012bjumiem. C vitam\u012bns ir sp\u0113c\u012bgs antioksidants, kas efekt\u012bvi neitraliz\u0113 \u0101du boj\u0101jo\u0161os br\u012bvos radik\u0101\u013cus, kas rodas UV starojuma iedarb\u012bbas laik\u0101. Ide\u0101li piem\u0113rots k\u0101 kosm\u0113tikas b\u0101ze.<\/span><\/span><\/span><span style=\"font-family: Helvetica;\"><span style=\"font-size: 10pt;\" data-sheets-value=\"{&quot;1&quot;:2,&quot;2&quot;:&quot;Visiem \u0101das tipiem.\\nIzstr\u0101d\u0101ts ar N\u0101ves j\u016bras miner\u0101liem un C vitam\u012bnu.\\nVienm\u0113r\u012bga sejas kr\u0101sa un hidr\u0101ti.\\n\u0160is jaud\u012bgais dienas kr\u0113ms ir bag\u0101tin\u0101ts ar N\u0101ves j\u016bras miner\u0101liem un C vitam\u012bnu, lai uztur\u0113tu j\u016bsu \u0101das dabisko mitruma l\u012bmeni un atjaunotu t\u0101s aizsargbarjeru, lai nov\u0113rstu dehidrat\u0101ciju. Kr\u0113ms pal\u012bdz aizsarg\u0101t un baro \u0101du ar 12 stundu hidrat\u0101ciju, atst\u0101jot j\u016bsu \u0101du glud\u0101ku, tvirt\u0101ku un jaun\u0101ku, k\u0101 ar\u012b aizsarg\u0101 to no klimatiskajiem un vides post\u012bjumiem. C vitam\u012bns ir sp\u0113c\u012bgs antioksidants, kas efekt\u012bvi neitraliz\u0113 \u0101du boj\u0101jo\u0161os br\u012bvos radik\u0101\u013cus, kas rodas UV starojuma iedarb\u012bbas laik\u0101. Ide\u0101li piem\u0113rots k\u0101 kosm\u0113tikas b\u0101ze.&quot;}\" data-sheets-userformat=\"{&quot;2&quot;:897,&quot;3&quot;:{&quot;1&quot;:0},&quot;10&quot;:1,&quot;11&quot;:4,&quot;12&quot;:0}\"><span style=\"font-size: 10pt;\" data-sheets-value=\"{&quot;1&quot;:2,&quot;2&quot;:&quot;Lieto\u0161anas instrukcija: Viegli iemas\u0113jiet kr\u0113mu uz t\u012bras sejas un kakla, l\u012bdz tas uzs\u016bcas piln\u012bb\u0101. Kr\u0113ms paredz\u0113ts ikdienas lieto\u0161anai.&quot;}\" data-sheets-userformat=\"{&quot;2&quot;:897,&quot;3&quot;:{&quot;1&quot;:0},&quot;10&quot;:1,&quot;11&quot;:4,&quot;12&quot;:0}\" data-sheets-textstyleruns=\"[null,0,{&quot;5&quot;:1}]\uee10{&quot;1&quot;:22}\"><span style=\"font-size: 12px;\"><\/p>\n<p><\/span><\/span><span style=\"font-size: 12px;\"><\/p>\n<p><\/span><\/span><\/p>\n<p><\/span><\/p>\n","protected":false},"excerpt":{"rendered":"<p>\u0414\u043b\u044f \u0432\u0441\u0435\u0445 \u0442\u0438\u043f\u043e\u0432 \u043a\u043e\u0436\u0438. \u041d\u0430\u0441\u044b\u0449\u0435\u043d \u043c\u0438\u043d\u0435\u0440\u0430\u043b\u0430\u043c\u0438 \u041c\u0435\u0440\u0442\u0432\u043e\u0433\u043e \u043c\u043e\u0440\u044f \u0438 \u0432\u0438\u0442\u0430\u043c\u0438\u043d\u043e\u043c \u0421. \u042d\u0442\u043e\u0442 \u043c\u043e\u0449\u043d\u044b\u0439 \u0434\u043d\u0435\u0432\u043d\u043e\u0439 \u043a\u0440\u0435\u043c \u043e\u0431\u043e\u0433\u0430\u0449\u0435\u043d \u041c\u0435\u0440\u0442\u0432\u044b\u043c \u043c\u043e\u0440\u0435\u043c.<\/p>","protected":false},"featured_media":28107,"comment_status":"open","ping_status":"closed","template":"","meta":[],"product_brand":[],"product_cat":[2212,2231,2200,2215],"product_tag":[2244,2243,2322,2294,2320,2245,2321,2305],"class_list":{"0":"post-28106","1":"product","2":"type-product","3":"status-publish","4":"has-post-thumbnail","6":"product_cat-dienas-kremi","7":"product_cat-lv-on-sale","8":"product_cat-sejas-kopsanas-lidzekli","9":"product_cat-visi-produkti","10":"product_tag-israel","11":"product_tag-izraela","12":"product_tag-powerful-day-cream-spf-15-with-vitamin-c","13":"product_tag-pure-mineral","14":"product_tag-specigs-dienas-krems-spf-15-ar-c-vitaminu","15":"product_tag-2245","16":"product_tag----spf-15---","17":"product_tag-2305","18":"pa_brand_nc-pure-mineral","19":"pa_ean_nc-3870","21":"first","22":"instock","23":"sale","24":"taxable","25":"shipping-taxable","26":"purchasable","27":"product-type-simple"},"yoast_head":"<!-- This site is optimized with the Yoast SEO plugin v27.4 - https:\/\/yoast.com\/product\/yoast-seo-wordpress\/ -->\n<title>Sp\u0113c\u012bgs dienas kr\u0113ms SPF 15 ar C vitam\u012bnu<\/title>\n<meta name=\"description\" content=\"\u0160is jaud\u012bgais dienas kr\u0113ms ir bag\u0101tin\u0101ts ar N\u0101ves j\u016bras miner\u0101liem un C vitam\u012bnu, lai uztur\u0113tu j\u016bsu \u0101das dabisko mitruma l\u012bmeni un atjaunotu t\u0101s aizsargbarjeru, lai nov\u0113rstu dehidrat\u0101ciju.\" \/>\n<meta name=\"robots\" content=\"index, follow, max-snippet:-1, max-image-preview:large, max-video-preview:-1\" \/>\n<link rel=\"canonical\" href=\"https:\/\/women.lv\/ru\/product\/pure-mineral-specigs-dienas-krems-psf15-ar-c-vitaminu\/\" \/>\n<meta property=\"og:locale\" content=\"ru_RU\" \/>\n<meta property=\"og:type\" content=\"article\" \/>\n<meta property=\"og:title\" content=\"Sp\u0113c\u012bgs dienas kr\u0113ms SPF 15 ar C vitam\u012bnu\" \/>\n<meta property=\"og:description\" content=\"\u0160is jaud\u012bgais dienas kr\u0113ms ir bag\u0101tin\u0101ts ar N\u0101ves j\u016bras miner\u0101liem un C vitam\u012bnu, lai uztur\u0113tu j\u016bsu \u0101das dabisko mitruma l\u012bmeni un atjaunotu t\u0101s aizsargbarjeru, lai nov\u0113rstu dehidrat\u0101ciju.\" \/>\n<meta property=\"og:url\" content=\"https:\/\/women.lv\/ru\/product\/pure-mineral-specigs-dienas-krems-psf15-ar-c-vitaminu\/\" \/>\n<meta property=\"og:site_name\" content=\"Women Veikals\" \/>\n<meta property=\"article:modified_time\" content=\"2025-12-21T10:20:57+00:00\" \/>\n<meta property=\"og:image\" content=\"https:\/\/women.lv\/wp-content\/uploads\/nc\/catalog\/Pure-Mineral\/vitamin-C\/pure_mineral_powerful_day_cream_spf_15_with_vitamin_c11-scaled.jpg\" \/>\n\t<meta property=\"og:image:width\" content=\"1200\" \/>\n\t<meta property=\"og:image:height\" content=\"1600\" \/>\n\t<meta property=\"og:image:type\" content=\"image\/jpeg\" \/>\n<meta name=\"twitter:card\" content=\"summary_large_image\" \/>\n<meta name=\"twitter:label1\" content=\"\u041f\u0440\u0438\u043c\u0435\u0440\u043d\u043e\u0435 \u0432\u0440\u0435\u043c\u044f \u0434\u043b\u044f \u0447\u0442\u0435\u043d\u0438\u044f\" \/>\n\t<meta name=\"twitter:data1\" content=\"1 \u043c\u0438\u043d\u0443\u0442\u0430\" \/>\n<script type=\"application\/ld+json\" class=\"yoast-schema-graph\">{\"@context\":\"https:\\\/\\\/schema.org\",\"@graph\":[{\"@type\":\"WebPage\",\"@id\":\"https:\\\/\\\/women.lv\\\/product\\\/pure-mineral-specigs-dienas-krems-psf15-ar-c-vitaminu\\\/\",\"url\":\"https:\\\/\\\/women.lv\\\/product\\\/pure-mineral-specigs-dienas-krems-psf15-ar-c-vitaminu\\\/\",\"name\":\"Sp\u0113c\u012bgs dienas kr\u0113ms SPF 15 ar C vitam\u012bnu\",\"isPartOf\":{\"@id\":\"https:\\\/\\\/women.lv\\\/#website\"},\"primaryImageOfPage\":{\"@id\":\"https:\\\/\\\/women.lv\\\/product\\\/pure-mineral-specigs-dienas-krems-psf15-ar-c-vitaminu\\\/#primaryimage\"},\"image\":{\"@id\":\"https:\\\/\\\/women.lv\\\/product\\\/pure-mineral-specigs-dienas-krems-psf15-ar-c-vitaminu\\\/#primaryimage\"},\"thumbnailUrl\":\"https:\\\/\\\/women.lv\\\/wp-content\\\/uploads\\\/nc\\\/catalog\\\/Pure-Mineral\\\/vitamin-C\\\/pure_mineral_powerful_day_cream_spf_15_with_vitamin_c11-scaled.jpg\",\"datePublished\":\"2020-03-19T12:56:05+00:00\",\"dateModified\":\"2025-12-21T10:20:57+00:00\",\"description\":\"\u0160is jaud\u012bgais dienas kr\u0113ms ir bag\u0101tin\u0101ts ar N\u0101ves j\u016bras miner\u0101liem un C vitam\u012bnu, lai uztur\u0113tu j\u016bsu \u0101das dabisko mitruma l\u012bmeni un atjaunotu t\u0101s aizsargbarjeru, lai nov\u0113rstu dehidrat\u0101ciju.\",\"breadcrumb\":{\"@id\":\"https:\\\/\\\/women.lv\\\/product\\\/pure-mineral-specigs-dienas-krems-psf15-ar-c-vitaminu\\\/#breadcrumb\"},\"inLanguage\":\"ru-RU\",\"potentialAction\":[{\"@type\":\"ReadAction\",\"target\":[\"https:\\\/\\\/women.lv\\\/product\\\/pure-mineral-specigs-dienas-krems-psf15-ar-c-vitaminu\\\/\"]}]},{\"@type\":\"ImageObject\",\"inLanguage\":\"ru-RU\",\"@id\":\"https:\\\/\\\/women.lv\\\/product\\\/pure-mineral-specigs-dienas-krems-psf15-ar-c-vitaminu\\\/#primaryimage\",\"url\":\"https:\\\/\\\/women.lv\\\/wp-content\\\/uploads\\\/nc\\\/catalog\\\/Pure-Mineral\\\/vitamin-C\\\/pure_mineral_powerful_day_cream_spf_15_with_vitamin_c11-scaled.jpg\",\"contentUrl\":\"https:\\\/\\\/women.lv\\\/wp-content\\\/uploads\\\/nc\\\/catalog\\\/Pure-Mineral\\\/vitamin-C\\\/pure_mineral_powerful_day_cream_spf_15_with_vitamin_c11-scaled.jpg\",\"width\":1200,\"height\":1600,\"caption\":\"Sp\u0113c\u012bgs dienas kr\u0113ms SPF 15 ar C vitam\u012bnu\"},{\"@type\":\"BreadcrumbList\",\"@id\":\"https:\\\/\\\/women.lv\\\/product\\\/pure-mineral-specigs-dienas-krems-psf15-ar-c-vitaminu\\\/#breadcrumb\",\"itemListElement\":[{\"@type\":\"ListItem\",\"position\":1,\"name\":\"Home\",\"item\":\"https:\\\/\\\/women.lv\\\/\"},{\"@type\":\"ListItem\",\"position\":2,\"name\":\"Products\",\"item\":\"https:\\\/\\\/women.lv\\\/en\\\/shop\\\/\"},{\"@type\":\"ListItem\",\"position\":3,\"name\":\"Sp\u0113c\u012bgs dienas kr\u0113ms SPF 15 ar C vitam\u012bnu\"}]},{\"@type\":\"WebSite\",\"@id\":\"https:\\\/\\\/women.lv\\\/#website\",\"url\":\"https:\\\/\\\/women.lv\\\/\",\"name\":\"Women Veikals\",\"description\":\"Uzdr\u012bksties b\u016bt skaista\",\"potentialAction\":[{\"@type\":\"SearchAction\",\"target\":{\"@type\":\"EntryPoint\",\"urlTemplate\":\"https:\\\/\\\/women.lv\\\/?s={search_term_string}\"},\"query-input\":{\"@type\":\"PropertyValueSpecification\",\"valueRequired\":true,\"valueName\":\"search_term_string\"}}],\"inLanguage\":\"ru-RU\"}]}<\/script>\n<!-- \/ Yoast SEO plugin. -->","yoast_head_json":{"title":"\u0421\u0438\u043b\u044c\u043d\u044b\u0439 \u0434\u043d\u0435\u0432\u043d\u043e\u0439 \u043a\u0440\u0435\u043c SPF 15 \u0441 \u0432\u0438\u0442\u0430\u043c\u0438\u043d\u043e\u043c \u0421.","description":"\u0160is jaud\u012bgais dienas kr\u0113ms ir bag\u0101tin\u0101ts ar N\u0101ves j\u016bras miner\u0101liem un C vitam\u012bnu, lai uztur\u0113tu j\u016bsu \u0101das dabisko mitruma l\u012bmeni un atjaunotu t\u0101s aizsargbarjeru, lai nov\u0113rstu dehidrat\u0101ciju.","robots":{"index":"index","follow":"follow","max-snippet":"max-snippet:-1","max-image-preview":"max-image-preview:large","max-video-preview":"max-video-preview:-1"},"canonical":"https:\/\/women.lv\/ru\/product\/pure-mineral-specigs-dienas-krems-psf15-ar-c-vitaminu\/","og_locale":"ru_RU","og_type":"article","og_title":"Sp\u0113c\u012bgs dienas kr\u0113ms SPF 15 ar C vitam\u012bnu","og_description":"\u0160is jaud\u012bgais dienas kr\u0113ms ir bag\u0101tin\u0101ts ar N\u0101ves j\u016bras miner\u0101liem un C vitam\u012bnu, lai uztur\u0113tu j\u016bsu \u0101das dabisko mitruma l\u012bmeni un atjaunotu t\u0101s aizsargbarjeru, lai nov\u0113rstu dehidrat\u0101ciju.","og_url":"https:\/\/women.lv\/ru\/product\/pure-mineral-specigs-dienas-krems-psf15-ar-c-vitaminu\/","og_site_name":"Women Veikals","article_modified_time":"2025-12-21T10:20:57+00:00","og_image":[{"width":1200,"height":1600,"url":"https:\/\/women.lv\/wp-content\/uploads\/nc\/catalog\/Pure-Mineral\/vitamin-C\/pure_mineral_powerful_day_cream_spf_15_with_vitamin_c11-scaled.jpg","type":"image\/jpeg"}],"twitter_card":"summary_large_image","twitter_misc":{"\u041f\u0440\u0438\u043c\u0435\u0440\u043d\u043e\u0435 \u0432\u0440\u0435\u043c\u044f \u0434\u043b\u044f \u0447\u0442\u0435\u043d\u0438\u044f":"1 \u043c\u0438\u043d\u0443\u0442\u0430"},"schema":{"@context":"https:\/\/schema.org","@graph":[{"@type":"WebPage","@id":"https:\/\/women.lv\/product\/pure-mineral-specigs-dienas-krems-psf15-ar-c-vitaminu\/","url":"https:\/\/women.lv\/product\/pure-mineral-specigs-dienas-krems-psf15-ar-c-vitaminu\/","name":"\u0421\u0438\u043b\u044c\u043d\u044b\u0439 \u0434\u043d\u0435\u0432\u043d\u043e\u0439 \u043a\u0440\u0435\u043c SPF 15 \u0441 \u0432\u0438\u0442\u0430\u043c\u0438\u043d\u043e\u043c \u0421.","isPartOf":{"@id":"https:\/\/women.lv\/#website"},"primaryImageOfPage":{"@id":"https:\/\/women.lv\/product\/pure-mineral-specigs-dienas-krems-psf15-ar-c-vitaminu\/#primaryimage"},"image":{"@id":"https:\/\/women.lv\/product\/pure-mineral-specigs-dienas-krems-psf15-ar-c-vitaminu\/#primaryimage"},"thumbnailUrl":"https:\/\/women.lv\/wp-content\/uploads\/nc\/catalog\/Pure-Mineral\/vitamin-C\/pure_mineral_powerful_day_cream_spf_15_with_vitamin_c11-scaled.jpg","datePublished":"2020-03-19T12:56:05+00:00","dateModified":"2025-12-21T10:20:57+00:00","description":"\u0160is jaud\u012bgais dienas kr\u0113ms ir bag\u0101tin\u0101ts ar N\u0101ves j\u016bras miner\u0101liem un C vitam\u012bnu, lai uztur\u0113tu j\u016bsu \u0101das dabisko mitruma l\u012bmeni un atjaunotu t\u0101s aizsargbarjeru, lai nov\u0113rstu dehidrat\u0101ciju.","breadcrumb":{"@id":"https:\/\/women.lv\/product\/pure-mineral-specigs-dienas-krems-psf15-ar-c-vitaminu\/#breadcrumb"},"inLanguage":"ru-RU","potentialAction":[{"@type":"ReadAction","target":["https:\/\/women.lv\/product\/pure-mineral-specigs-dienas-krems-psf15-ar-c-vitaminu\/"]}]},{"@type":"ImageObject","inLanguage":"ru-RU","@id":"https:\/\/women.lv\/product\/pure-mineral-specigs-dienas-krems-psf15-ar-c-vitaminu\/#primaryimage","url":"https:\/\/women.lv\/wp-content\/uploads\/nc\/catalog\/Pure-Mineral\/vitamin-C\/pure_mineral_powerful_day_cream_spf_15_with_vitamin_c11-scaled.jpg","contentUrl":"https:\/\/women.lv\/wp-content\/uploads\/nc\/catalog\/Pure-Mineral\/vitamin-C\/pure_mineral_powerful_day_cream_spf_15_with_vitamin_c11-scaled.jpg","width":1200,"height":1600,"caption":"Sp\u0113c\u012bgs dienas kr\u0113ms SPF 15 ar C vitam\u012bnu"},{"@type":"BreadcrumbList","@id":"https:\/\/women.lv\/product\/pure-mineral-specigs-dienas-krems-psf15-ar-c-vitaminu\/#breadcrumb","itemListElement":[{"@type":"ListItem","position":1,"name":"Home","item":"https:\/\/women.lv\/"},{"@type":"ListItem","position":2,"name":"Products","item":"https:\/\/women.lv\/en\/shop\/"},{"@type":"ListItem","position":3,"name":"Sp\u0113c\u012bgs dienas kr\u0113ms SPF 15 ar C vitam\u012bnu"}]},{"@type":"WebSite","@id":"https:\/\/women.lv\/#website","url":"https:\/\/women.lv\/","name":"\u041c\u0430\u0433\u0430\u0437\u0438\u043d Women","description":"Uzdr\u012bksties b\u016bt skaista","potentialAction":[{"@type":"SearchAction","target":{"@type":"EntryPoint","urlTemplate":"https:\/\/women.lv\/?s={search_term_string}"},"query-input":{"@type":"PropertyValueSpecification","valueRequired":true,"valueName":"search_term_string"}}],"inLanguage":"ru-RU"}]}},"_links":{"self":[{"href":"https:\/\/women.lv\/ru\/wp-json\/wp\/v2\/product\/28106","targetHints":{"allow":["GET"]}}],"collection":[{"href":"https:\/\/women.lv\/ru\/wp-json\/wp\/v2\/product"}],"about":[{"href":"https:\/\/women.lv\/ru\/wp-json\/wp\/v2\/types\/product"}],"replies":[{"embeddable":true,"href":"https:\/\/women.lv\/ru\/wp-json\/wp\/v2\/comments?post=28106"}],"version-history":[{"count":0,"href":"https:\/\/women.lv\/ru\/wp-json\/wp\/v2\/product\/28106\/revisions"}],"wp:featuredmedia":[{"embeddable":true,"href":"https:\/\/women.lv\/ru\/wp-json\/wp\/v2\/media\/28107"}],"wp:attachment":[{"href":"https:\/\/women.lv\/ru\/wp-json\/wp\/v2\/media?parent=28106"}],"wp:term":[{"taxonomy":"product_brand","embeddable":true,"href":"https:\/\/women.lv\/ru\/wp-json\/wp\/v2\/product_brand?post=28106"},{"taxonomy":"product_cat","embeddable":true,"href":"https:\/\/women.lv\/ru\/wp-json\/wp\/v2\/product_cat?post=28106"},{"taxonomy":"product_tag","embeddable":true,"href":"https:\/\/women.lv\/ru\/wp-json\/wp\/v2\/product_tag?post=28106"}],"curies":[{"name":"wp","href":"https:\/\/api.w.org\/{rel}","templated":true}]}}