{"id":28058,"date":"2019-04-17T17:20:13","date_gmt":"2019-04-17T17:20:13","guid":{"rendered":"https:\/\/women.lv\/?product=sampuns-un-dusas-zeleja-2in1-viriesiem"},"modified":"2025-11-05T13:25:45","modified_gmt":"2025-11-05T13:25:45","slug":"sampuns-un-dusas-zeleja-2in1-viriesiem","status":"publish","type":"product","link":"https:\/\/women.lv\/ru\/product\/sampuns-un-dusas-zeleja-2in1-viriesiem\/","title":{"rendered":"\u0428\u0430\u043c\u043f\u0443\u043d\u044c \u0438 \u0433\u0435\u043b\u044c \u0434\u043b\u044f \u0434\u0443\u0448\u0430 \u00ab2\u04321\u00bb \u0434\u043b\u044f \u043c\u0443\u0436\u0447\u0438\u043d."},"content":{"rendered":"<p><span style=\"font-family: Helvetica;\"><span style=\"font-size: 18px;\">M\u0113s ar prieku pied\u0101v\u0101jam Jums inovat\u012bvu formulu 2 in 1 du\u0161as \u017eeleja un \u0161amp\u016bns, kas tika \u012bpa\u0161i izstr\u0101d\u0101ta v\u012brie\u0161iem. \u017deleja ir bag\u0101tin\u0101ta ar augst\u0101k\u0101s kvalit\u0101tes e\u013c\u013c\u0101m un N\u0101ves j\u016bras miner\u0101liem. Du\u0161as \u017eeleja un \u0161amp\u016bns 2 vien\u0101 ietver N\u0101ves j\u016bras miner\u0101lus, alvejas ekstraktu, kumel\u012b\u0161u, v\u012bnogu kauli\u0146u, argana e\u013c\u013cu, \u0161\u012b sviestu un papaijas ekstraktu, lai j\u016bsu \u0101da un mati b\u016btu aizsarg\u0101ti no sausuma, saules starojuma un kait\u012bgiem vides apst\u0101k\u013ciem. G\u0113lu viegli not\u012bra ar \u016bdeni. Produkta formula ir lieliska, lai att\u012br\u012btu j\u016bsu b\u0101rdu, atst\u0101jot to maigu, svaigu, barotu un kondicion\u0113tu. Yofing z\u012bmols tic dabas sast\u0101vda\u013cu sp\u0113jai uzlabot j\u016bsu ikdienas labsaj\u016btu.<\/span><\/span><\/p>","protected":false},"excerpt":{"rendered":"<p>\u041c\u044b \u0440\u0430\u0434\u044b \u043f\u0440\u0435\u0434\u043b\u043e\u0436\u0438\u0442\u044c \u0432\u0430\u043c \u0438\u043d\u043d\u043e\u0432\u0430\u0446\u0438\u043e\u043d\u043d\u0443\u044e \u0444\u043e\u0440\u043c\u0443\u043b\u0443 \u0433\u0435\u043b\u044f \u0438 \u0448\u0430\u043c\u043f\u0443\u043d\u044f \u0434\u043b\u044f \u0434\u0443\u0448\u0430 2 \u0432 1, \u0441\u043f\u0435\u0446\u0438\u0430\u043b\u044c\u043d\u043e \u0440\u0430\u0437\u0440\u0430\u0431\u043e\u0442\u0430\u043d\u043d\u0443\u044e \u0434\u043b\u044f \u043c\u0443\u0436\u0447\u0438\u043d. \u0416\u0435\u043b\u0435<\/p>","protected":false},"featured_media":28059,"comment_status":"open","ping_status":"closed","template":"","meta":[],"product_brand":[],"product_cat":[2204,2206,2215,2220],"product_tag":[2269,2244,2243,3861,2240,2245,2268],"class_list":{"0":"post-28058","1":"product","2":"type-product","3":"status-publish","4":"has-post-thumbnail","6":"product_cat-matu-kopsanas-lidzekli","7":"product_cat-sampuni","8":"product_cat-visi-produkti","9":"product_cat-viss-viriesiem","10":"product_tag-2-in-1-shower-gel-amp-shampoo-for-men","11":"product_tag-israel","12":"product_tag-izraela","13":"product_tag-sampuns-un-dusas-zeleja-2in1-viriesiem","14":"product_tag-yofing","15":"product_tag-2245","16":"product_tag-------2--1","17":"pa_brand_nc-yofing","18":"pa_ean_nc-2266","19":"pa_ean_nc-israel","21":"first","22":"instock","23":"sale","24":"taxable","25":"shipping-taxable","26":"purchasable","27":"product-type-simple"},"yoast_head":"<!-- This site is optimized with the Yoast SEO plugin v23.9 - https:\/\/yoast.com\/wordpress\/plugins\/seo\/ -->\n<title>2in1 \u0160amp\u016bns un du\u0161as \u017eeleja v\u012brie\u0161iem<\/title>\n<meta name=\"description\" content=\"\u017deleja ir bag\u0101tin\u0101ta ar augst\u0101k\u0101s kvalit\u0101tes e\u013c\u013c\u0101m un N\u0101ves j\u016bras miner\u0101liem.\" \/>\n<meta name=\"robots\" content=\"index, follow, max-snippet:-1, max-image-preview:large, max-video-preview:-1\" \/>\n<link rel=\"canonical\" href=\"https:\/\/women.lv\/ru\/product\/sampuns-un-dusas-zeleja-2in1-viriesiem\/\" \/>\n<meta property=\"og:locale\" content=\"ru_RU\" \/>\n<meta property=\"og:type\" content=\"article\" \/>\n<meta property=\"og:title\" content=\"2in1 \u0160amp\u016bns un du\u0161as \u017eeleja v\u012brie\u0161iem\" \/>\n<meta property=\"og:description\" content=\"\u017deleja ir bag\u0101tin\u0101ta ar augst\u0101k\u0101s kvalit\u0101tes e\u013c\u013c\u0101m un N\u0101ves j\u016bras miner\u0101liem.\" \/>\n<meta property=\"og:url\" content=\"https:\/\/women.lv\/ru\/product\/sampuns-un-dusas-zeleja-2in1-viriesiem\/\" \/>\n<meta property=\"og:site_name\" content=\"Women Veikals\" \/>\n<meta property=\"article:modified_time\" content=\"2025-11-05T13:25:45+00:00\" \/>\n<meta property=\"og:image\" content=\"https:\/\/women.lv\/wp-content\/uploads\/nc\/catalog\/Israel\/Yofing\/Hair\/men-2in1.jpg\" \/>\n\t<meta property=\"og:image:width\" content=\"1024\" \/>\n\t<meta property=\"og:image:height\" content=\"1024\" \/>\n\t<meta property=\"og:image:type\" content=\"image\/jpeg\" \/>\n<meta name=\"twitter:card\" content=\"summary_large_image\" \/>\n<meta name=\"twitter:label1\" content=\"\u041f\u0440\u0438\u043c\u0435\u0440\u043d\u043e\u0435 \u0432\u0440\u0435\u043c\u044f \u0434\u043b\u044f \u0447\u0442\u0435\u043d\u0438\u044f\" \/>\n\t<meta name=\"twitter:data1\" content=\"1 \u043c\u0438\u043d\u0443\u0442\u0430\" \/>\n<script type=\"application\/ld+json\" class=\"yoast-schema-graph\">{\"@context\":\"https:\/\/schema.org\",\"@graph\":[{\"@type\":\"WebPage\",\"@id\":\"https:\/\/women.lv\/product\/sampuns-un-dusas-zeleja-2in1-viriesiem\/\",\"url\":\"https:\/\/women.lv\/product\/sampuns-un-dusas-zeleja-2in1-viriesiem\/\",\"name\":\"2in1 \u0160amp\u016bns un du\u0161as \u017eeleja v\u012brie\u0161iem\",\"isPartOf\":{\"@id\":\"https:\/\/women.lv\/#website\"},\"primaryImageOfPage\":{\"@id\":\"https:\/\/women.lv\/product\/sampuns-un-dusas-zeleja-2in1-viriesiem\/#primaryimage\"},\"image\":{\"@id\":\"https:\/\/women.lv\/product\/sampuns-un-dusas-zeleja-2in1-viriesiem\/#primaryimage\"},\"thumbnailUrl\":\"https:\/\/women.lv\/wp-content\/uploads\/nc\/catalog\/Israel\/Yofing\/Hair\/men-2in1.jpg\",\"datePublished\":\"2019-04-17T17:20:13+00:00\",\"dateModified\":\"2025-11-05T13:25:45+00:00\",\"description\":\"\u017deleja ir bag\u0101tin\u0101ta ar augst\u0101k\u0101s kvalit\u0101tes e\u013c\u013c\u0101m un N\u0101ves j\u016bras miner\u0101liem.\",\"breadcrumb\":{\"@id\":\"https:\/\/women.lv\/product\/sampuns-un-dusas-zeleja-2in1-viriesiem\/#breadcrumb\"},\"inLanguage\":\"ru-RU\",\"potentialAction\":[{\"@type\":\"ReadAction\",\"target\":[\"https:\/\/women.lv\/product\/sampuns-un-dusas-zeleja-2in1-viriesiem\/\"]}]},{\"@type\":\"ImageObject\",\"inLanguage\":\"ru-RU\",\"@id\":\"https:\/\/women.lv\/product\/sampuns-un-dusas-zeleja-2in1-viriesiem\/#primaryimage\",\"url\":\"https:\/\/women.lv\/wp-content\/uploads\/nc\/catalog\/Israel\/Yofing\/Hair\/men-2in1.jpg\",\"contentUrl\":\"https:\/\/women.lv\/wp-content\/uploads\/nc\/catalog\/Israel\/Yofing\/Hair\/men-2in1.jpg\",\"width\":1024,\"height\":1024,\"caption\":\"\u0160amp\u016bns un du\u0161as \u017eeleja \\\"2in1\\\" v\u012brie\u0161iem\"},{\"@type\":\"BreadcrumbList\",\"@id\":\"https:\/\/women.lv\/product\/sampuns-un-dusas-zeleja-2in1-viriesiem\/#breadcrumb\",\"itemListElement\":[{\"@type\":\"ListItem\",\"position\":1,\"name\":\"Home\",\"item\":\"https:\/\/women.lv\/\"},{\"@type\":\"ListItem\",\"position\":2,\"name\":\"Products\",\"item\":\"https:\/\/women.lv\/en\/shop\/\"},{\"@type\":\"ListItem\",\"position\":3,\"name\":\"\u0160amp\u016bns un du\u0161as \u017eeleja &#8220;2in1&#8221; v\u012brie\u0161iem\"}]},{\"@type\":\"WebSite\",\"@id\":\"https:\/\/women.lv\/#website\",\"url\":\"https:\/\/women.lv\/\",\"name\":\"Women Veikals\",\"description\":\"Uzdr\u012bksties b\u016bt skaista\",\"potentialAction\":[{\"@type\":\"SearchAction\",\"target\":{\"@type\":\"EntryPoint\",\"urlTemplate\":\"https:\/\/women.lv\/?s={search_term_string}\"},\"query-input\":{\"@type\":\"PropertyValueSpecification\",\"valueRequired\":true,\"valueName\":\"search_term_string\"}}],\"inLanguage\":\"ru-RU\"}]}<\/script>\n<!-- \/ Yoast SEO plugin. -->","yoast_head_json":{"title":"2in1 \u0160amp\u016bns un du\u0161as \u017eeleja v\u012brie\u0161iem","description":"\u017deleja ir bag\u0101tin\u0101ta ar augst\u0101k\u0101s kvalit\u0101tes e\u013c\u013c\u0101m un N\u0101ves j\u016bras miner\u0101liem.","robots":{"index":"index","follow":"follow","max-snippet":"max-snippet:-1","max-image-preview":"max-image-preview:large","max-video-preview":"max-video-preview:-1"},"canonical":"https:\/\/women.lv\/ru\/product\/sampuns-un-dusas-zeleja-2in1-viriesiem\/","og_locale":"ru_RU","og_type":"article","og_title":"2in1 \u0160amp\u016bns un du\u0161as \u017eeleja v\u012brie\u0161iem","og_description":"\u017deleja ir bag\u0101tin\u0101ta ar augst\u0101k\u0101s kvalit\u0101tes e\u013c\u013c\u0101m un N\u0101ves j\u016bras miner\u0101liem.","og_url":"https:\/\/women.lv\/ru\/product\/sampuns-un-dusas-zeleja-2in1-viriesiem\/","og_site_name":"Women Veikals","article_modified_time":"2025-11-05T13:25:45+00:00","og_image":[{"width":1024,"height":1024,"url":"https:\/\/women.lv\/wp-content\/uploads\/nc\/catalog\/Israel\/Yofing\/Hair\/men-2in1.jpg","type":"image\/jpeg"}],"twitter_card":"summary_large_image","twitter_misc":{"\u041f\u0440\u0438\u043c\u0435\u0440\u043d\u043e\u0435 \u0432\u0440\u0435\u043c\u044f \u0434\u043b\u044f \u0447\u0442\u0435\u043d\u0438\u044f":"1 \u043c\u0438\u043d\u0443\u0442\u0430"},"schema":{"@context":"https:\/\/schema.org","@graph":[{"@type":"WebPage","@id":"https:\/\/women.lv\/product\/sampuns-un-dusas-zeleja-2in1-viriesiem\/","url":"https:\/\/women.lv\/product\/sampuns-un-dusas-zeleja-2in1-viriesiem\/","name":"2in1 \u0160amp\u016bns un du\u0161as \u017eeleja v\u012brie\u0161iem","isPartOf":{"@id":"https:\/\/women.lv\/#website"},"primaryImageOfPage":{"@id":"https:\/\/women.lv\/product\/sampuns-un-dusas-zeleja-2in1-viriesiem\/#primaryimage"},"image":{"@id":"https:\/\/women.lv\/product\/sampuns-un-dusas-zeleja-2in1-viriesiem\/#primaryimage"},"thumbnailUrl":"https:\/\/women.lv\/wp-content\/uploads\/nc\/catalog\/Israel\/Yofing\/Hair\/men-2in1.jpg","datePublished":"2019-04-17T17:20:13+00:00","dateModified":"2025-11-05T13:25:45+00:00","description":"\u017deleja ir bag\u0101tin\u0101ta ar augst\u0101k\u0101s kvalit\u0101tes e\u013c\u013c\u0101m un N\u0101ves j\u016bras miner\u0101liem.","breadcrumb":{"@id":"https:\/\/women.lv\/product\/sampuns-un-dusas-zeleja-2in1-viriesiem\/#breadcrumb"},"inLanguage":"ru-RU","potentialAction":[{"@type":"ReadAction","target":["https:\/\/women.lv\/product\/sampuns-un-dusas-zeleja-2in1-viriesiem\/"]}]},{"@type":"ImageObject","inLanguage":"ru-RU","@id":"https:\/\/women.lv\/product\/sampuns-un-dusas-zeleja-2in1-viriesiem\/#primaryimage","url":"https:\/\/women.lv\/wp-content\/uploads\/nc\/catalog\/Israel\/Yofing\/Hair\/men-2in1.jpg","contentUrl":"https:\/\/women.lv\/wp-content\/uploads\/nc\/catalog\/Israel\/Yofing\/Hair\/men-2in1.jpg","width":1024,"height":1024,"caption":"\u0160amp\u016bns un du\u0161as \u017eeleja \"2in1\" v\u012brie\u0161iem"},{"@type":"BreadcrumbList","@id":"https:\/\/women.lv\/product\/sampuns-un-dusas-zeleja-2in1-viriesiem\/#breadcrumb","itemListElement":[{"@type":"ListItem","position":1,"name":"Home","item":"https:\/\/women.lv\/"},{"@type":"ListItem","position":2,"name":"Products","item":"https:\/\/women.lv\/en\/shop\/"},{"@type":"ListItem","position":3,"name":"\u0160amp\u016bns un du\u0161as \u017eeleja &#8220;2in1&#8221; v\u012brie\u0161iem"}]},{"@type":"WebSite","@id":"https:\/\/women.lv\/#website","url":"https:\/\/women.lv\/","name":"Women Veikals","description":"Uzdr\u012bksties b\u016bt skaista","potentialAction":[{"@type":"SearchAction","target":{"@type":"EntryPoint","urlTemplate":"https:\/\/women.lv\/?s={search_term_string}"},"query-input":{"@type":"PropertyValueSpecification","valueRequired":true,"valueName":"search_term_string"}}],"inLanguage":"ru-RU"}]}},"_links":{"self":[{"href":"https:\/\/women.lv\/ru\/wp-json\/wp\/v2\/product\/28058","targetHints":{"allow":["GET"]}}],"collection":[{"href":"https:\/\/women.lv\/ru\/wp-json\/wp\/v2\/product"}],"about":[{"href":"https:\/\/women.lv\/ru\/wp-json\/wp\/v2\/types\/product"}],"replies":[{"embeddable":true,"href":"https:\/\/women.lv\/ru\/wp-json\/wp\/v2\/comments?post=28058"}],"version-history":[{"count":1,"href":"https:\/\/women.lv\/ru\/wp-json\/wp\/v2\/product\/28058\/revisions"}],"predecessor-version":[{"id":29726,"href":"https:\/\/women.lv\/ru\/wp-json\/wp\/v2\/product\/28058\/revisions\/29726"}],"wp:featuredmedia":[{"embeddable":true,"href":"https:\/\/women.lv\/ru\/wp-json\/wp\/v2\/media\/28059"}],"wp:attachment":[{"href":"https:\/\/women.lv\/ru\/wp-json\/wp\/v2\/media?parent=28058"}],"wp:term":[{"taxonomy":"product_brand","embeddable":true,"href":"https:\/\/women.lv\/ru\/wp-json\/wp\/v2\/product_brand?post=28058"},{"taxonomy":"product_cat","embeddable":true,"href":"https:\/\/women.lv\/ru\/wp-json\/wp\/v2\/product_cat?post=28058"},{"taxonomy":"product_tag","embeddable":true,"href":"https:\/\/women.lv\/ru\/wp-json\/wp\/v2\/product_tag?post=28058"}],"curies":[{"name":"wp","href":"https:\/\/api.w.org\/{rel}","templated":true}]}}