{"id":28053,"date":"2019-04-17T16:58:14","date_gmt":"2019-04-17T16:58:14","guid":{"rendered":"https:\/\/women.lv\/?product=atjaunojoss-kondicionieris-ar-kolagenu"},"modified":"2026-01-08T17:25:22","modified_gmt":"2026-01-08T15:25:22","slug":"yofing-atjaunojoss-kondicionieris-ar-kollagenu","status":"publish","type":"product","link":"https:\/\/women.lv\/ru\/product\/yofing-atjaunojoss-kondicionieris-ar-kollagenu\/","title":{"rendered":"\u0420\u0435\u0433\u0435\u043d\u0435\u0440\u0438\u0440\u0443\u044e\u0449\u0438\u0439 \u043a\u043e\u043d\u0434\u0438\u0446\u0438\u043e\u043d\u0435\u0440 \u0441 \u043a\u043e\u043b\u043b\u0430\u0433\u0435\u043d\u043e\u043c"},"content":{"rendered":"<p><span style=\"font-family: Helvetica;\"><span style=\"font-size: 18px;\">\u0412\u043e\u0441\u0441\u0442\u0430\u043d\u0430\u0432\u043b\u0438\u0432\u0430\u044e\u0449\u0438\u0439 \u0437\u0434\u043e\u0440\u043e\u0432\u044c\u0435 \u0432\u043e\u043b\u043e\u0441 \u043a\u043e\u043d\u0434\u0438\u0446\u0438\u043e\u043d\u0435\u0440 \u0441 \u043a\u043e\u043b\u043b\u0430\u0433\u0435\u043d\u043e\u043c.<\/p>\n<p><\/span><\/span><\/p>\n<p><span style=\"font-family: Helvetica;\"><span style=\"font-size: 18px;\">\u0411\u043e\u0433\u0430\u0442\u0430\u044f \u0444\u043e\u0440\u043c\u0443\u043b\u0430 \u0441\u043e\u0434\u0435\u0440\u0436\u0438\u0442 \u043c\u043e\u0449\u043d\u0443\u044e \u0441\u043c\u0435\u0441\u044c \u043f\u0438\u0442\u0430\u0442\u0435\u043b\u044c\u043d\u044b\u0445 \u0438 \u0431\u043e\u0433\u0430\u0442\u044b\u0445 \u0432\u0438\u0442\u0430\u043c\u0438\u043d\u0430\u043c\u0438 \u0438\u043d\u0433\u0440\u0435\u0434\u0438\u0435\u043d\u0442\u043e\u0432, \u043a\u043e\u0442\u043e\u0440\u044b\u0435 \u043f\u043e\u043c\u043e\u0433\u0430\u044e\u0442 \u043f\u043e\u0434\u0434\u0435\u0440\u0436\u0438\u0432\u0430\u0442\u044c \u0437\u0434\u043e\u0440\u043e\u0432\u044c\u0435 \u0432\u043e\u043b\u043e\u0441, \u043e\u0431\u0435\u0441\u043f\u0435\u0447\u0438\u0432\u0430\u044f \u043d\u0435\u0432\u0435\u0440\u043e\u044f\u0442\u043d\u0443\u044e \u043c\u044f\u0433\u043a\u043e\u0441\u0442\u044c, \u043f\u043e\u0441\u043b\u0443\u0448\u043d\u043e\u0441\u0442\u044c \u0438 \u0435\u0441\u0442\u0435\u0441\u0442\u0432\u0435\u043d\u043d\u044b\u0439 \u0431\u043b\u0435\u0441\u043a. \u0420\u0435\u0437\u0443\u043b\u044c\u0442\u0430\u0442 \u0432\u0434\u043e\u0445\u043d\u043e\u0432\u043b\u044f\u0435\u0442: \u0432\u0430\u0448\u0438 \u0432\u043e\u043b\u043e\u0441\u044b \u0441\u0442\u0430\u043d\u043e\u0432\u044f\u0442\u0441\u044f \u0431\u043e\u043b\u0435\u0435 \u0437\u0434\u043e\u0440\u043e\u0432\u044b\u043c\u0438 \u0438 \u0448\u0435\u043b\u043a\u043e\u0432\u0438\u0441\u0442\u044b\u043c\u0438.<\/span><\/span><\/p>\n<p><span style=\"font-family: Helvetica;\"><span style=\"font-size: 18px;\">\u042d\u0442\u043e\u0442 \u043a\u043e\u043d\u0434\u0438\u0446\u0438\u043e\u043d\u0435\u0440 \u043c\u043e\u0436\u043d\u043e \u0438\u0441\u043f\u043e\u043b\u044c\u0437\u043e\u0432\u0430\u0442\u044c \u0432\u043c\u0435\u0441\u0442\u0435 \u0441\u043e \u0432\u0441\u0435\u043c\u0438 \u0448\u0430\u043c\u043f\u0443\u043d\u044f\u043c\u0438 \u0441\u0435\u0440\u0438\u0438 YOFING.<\/span><\/span><\/p>","protected":false},"excerpt":{"rendered":"<p>\u0412\u043e\u0441\u0441\u0442\u0430\u043d\u0430\u0432\u043b\u0438\u0432\u0430\u044e\u0449\u0438\u0439 \u0437\u0434\u043e\u0440\u043e\u0432\u044c\u0435 \u0432\u043e\u043b\u043e\u0441 \u043a\u043e\u043d\u0434\u0438\u0446\u0438\u043e\u043d\u0435\u0440 \u0441 \u043a\u043e\u043b\u043b\u0430\u0433\u0435\u043d\u043e\u043c. \u0411\u043e\u0433\u0430\u0442\u0430\u044f \u0444\u043e\u0440\u043c\u0443\u043b\u0430, \u0441\u043e\u0434\u0435\u0440\u0436\u0430\u0449\u0430\u044f \u043c\u043e\u0449\u043d\u0443\u044e \u0441\u043c\u0435\u0441\u044c \u043f\u0438\u0442\u0430\u0442\u0435\u043b\u044c\u043d\u044b\u0445 \u0438 \u0431\u043e\u0433\u0430\u0442\u044b\u0445 \u0432\u0438\u0442\u0430\u043c\u0438\u043d\u0430\u043c\u0438 \u0438\u043d\u0433\u0440\u0435\u0434\u0438\u0435\u043d\u0442\u043e\u0432, \u043f\u043e\u043c\u043e\u0433\u0430\u0435\u0442<\/p>","protected":false},"featured_media":28054,"comment_status":"open","ping_status":"closed","template":"","meta":[],"product_brand":[],"product_cat":[2205,2204,2215],"product_tag":[2261,2265,2251,2244,2243,2264,2250,2262,2240,2245,2252,2263],"class_list":{"0":"post-28053","1":"product","2":"type-product","3":"status-publish","4":"has-post-thumbnail","6":"product_cat-kondicionieri","7":"product_cat-matu-kopsanas-lidzekli","8":"product_cat-visi-produkti","9":"product_tag-atjaunojoss-kondicionieris","10":"product_tag-collagen","11":"product_tag-conditioner","12":"product_tag-israel","13":"product_tag-izraela","14":"product_tag-kolagens","15":"product_tag-kondicionieris","16":"product_tag-restoring-conditioner","17":"product_tag-yofing","18":"product_tag-2245","19":"product_tag-2252","20":"product_tag-2263","21":"pa_brand_nc-yofing","22":"pa_ean_nc-2260","23":"pa_ean_nc-israel","25":"first","26":"instock","27":"sale","28":"taxable","29":"shipping-taxable","30":"purchasable","31":"product-type-simple"},"yoast_head":"<!-- This site is optimized with the Yoast SEO plugin v23.9 - https:\/\/yoast.com\/wordpress\/plugins\/seo\/ -->\n<title>Atjaunojo\u0161s Kondicionieris<\/title>\n<meta name=\"description\" content=\"Bag\u0101t\u012bgais sast\u0101vs, kas satur jaud\u012bgu barojo\u0161u un vitam\u012bniem pies\u0101tin\u0101tu sast\u0101vda\u013cu mais\u012bjumu\" \/>\n<meta name=\"robots\" content=\"index, follow, max-snippet:-1, max-image-preview:large, max-video-preview:-1\" \/>\n<link rel=\"canonical\" href=\"https:\/\/women.lv\/ru\/product\/yofing-atjaunojoss-kondicionieris-ar-kollagenu\/\" \/>\n<meta property=\"og:locale\" content=\"ru_RU\" \/>\n<meta property=\"og:type\" content=\"article\" \/>\n<meta property=\"og:title\" content=\"Atjaunojo\u0161s Kondicionieris\" \/>\n<meta property=\"og:description\" content=\"Bag\u0101t\u012bgais sast\u0101vs, kas satur jaud\u012bgu barojo\u0161u un vitam\u012bniem pies\u0101tin\u0101tu sast\u0101vda\u013cu mais\u012bjumu\" \/>\n<meta property=\"og:url\" content=\"https:\/\/women.lv\/ru\/product\/yofing-atjaunojoss-kondicionieris-ar-kollagenu\/\" \/>\n<meta property=\"og:site_name\" content=\"Women Veikals\" \/>\n<meta property=\"article:modified_time\" content=\"2026-01-08T15:25:22+00:00\" \/>\n<meta property=\"og:image\" content=\"https:\/\/women.lv\/wp-content\/uploads\/nc\/catalog\/Israel\/Yofing\/Hair\/yofing_restoring_conditioner11-scaled.jpg\" \/>\n\t<meta property=\"og:image:width\" content=\"1214\" \/>\n\t<meta property=\"og:image:height\" content=\"1600\" \/>\n\t<meta property=\"og:image:type\" content=\"image\/jpeg\" \/>\n<meta name=\"twitter:card\" content=\"summary_large_image\" \/>\n<script type=\"application\/ld+json\" class=\"yoast-schema-graph\">{\"@context\":\"https:\/\/schema.org\",\"@graph\":[{\"@type\":\"WebPage\",\"@id\":\"https:\/\/women.lv\/product\/yofing-atjaunojoss-kondicionieris-ar-kollagenu\/\",\"url\":\"https:\/\/women.lv\/product\/yofing-atjaunojoss-kondicionieris-ar-kollagenu\/\",\"name\":\"Atjaunojo\u0161s Kondicionieris\",\"isPartOf\":{\"@id\":\"https:\/\/women.lv\/#website\"},\"primaryImageOfPage\":{\"@id\":\"https:\/\/women.lv\/product\/yofing-atjaunojoss-kondicionieris-ar-kollagenu\/#primaryimage\"},\"image\":{\"@id\":\"https:\/\/women.lv\/product\/yofing-atjaunojoss-kondicionieris-ar-kollagenu\/#primaryimage\"},\"thumbnailUrl\":\"https:\/\/women.lv\/wp-content\/uploads\/nc\/catalog\/Israel\/Yofing\/Hair\/yofing_restoring_conditioner11-scaled.jpg\",\"datePublished\":\"2019-04-17T16:58:14+00:00\",\"dateModified\":\"2026-01-08T15:25:22+00:00\",\"description\":\"Bag\u0101t\u012bgais sast\u0101vs, kas satur jaud\u012bgu barojo\u0161u un vitam\u012bniem pies\u0101tin\u0101tu sast\u0101vda\u013cu mais\u012bjumu\",\"breadcrumb\":{\"@id\":\"https:\/\/women.lv\/product\/yofing-atjaunojoss-kondicionieris-ar-kollagenu\/#breadcrumb\"},\"inLanguage\":\"ru-RU\",\"potentialAction\":[{\"@type\":\"ReadAction\",\"target\":[\"https:\/\/women.lv\/product\/yofing-atjaunojoss-kondicionieris-ar-kollagenu\/\"]}]},{\"@type\":\"ImageObject\",\"inLanguage\":\"ru-RU\",\"@id\":\"https:\/\/women.lv\/product\/yofing-atjaunojoss-kondicionieris-ar-kollagenu\/#primaryimage\",\"url\":\"https:\/\/women.lv\/wp-content\/uploads\/nc\/catalog\/Israel\/Yofing\/Hair\/yofing_restoring_conditioner11-scaled.jpg\",\"contentUrl\":\"https:\/\/women.lv\/wp-content\/uploads\/nc\/catalog\/Israel\/Yofing\/Hair\/yofing_restoring_conditioner11-scaled.jpg\",\"width\":1214,\"height\":1600,\"caption\":\"Atjaunojo\u0161s Kondicionieris ar kolag\u0113nu\"},{\"@type\":\"BreadcrumbList\",\"@id\":\"https:\/\/women.lv\/product\/yofing-atjaunojoss-kondicionieris-ar-kollagenu\/#breadcrumb\",\"itemListElement\":[{\"@type\":\"ListItem\",\"position\":1,\"name\":\"Home\",\"item\":\"https:\/\/women.lv\/\"},{\"@type\":\"ListItem\",\"position\":2,\"name\":\"Products\",\"item\":\"https:\/\/women.lv\/en\/shop\/\"},{\"@type\":\"ListItem\",\"position\":3,\"name\":\"Atjaunojo\u0161s Kondicionieris ar kolag\u0113nu\"}]},{\"@type\":\"WebSite\",\"@id\":\"https:\/\/women.lv\/#website\",\"url\":\"https:\/\/women.lv\/\",\"name\":\"Women Veikals\",\"description\":\"Uzdr\u012bksties b\u016bt skaista\",\"potentialAction\":[{\"@type\":\"SearchAction\",\"target\":{\"@type\":\"EntryPoint\",\"urlTemplate\":\"https:\/\/women.lv\/?s={search_term_string}\"},\"query-input\":{\"@type\":\"PropertyValueSpecification\",\"valueRequired\":true,\"valueName\":\"search_term_string\"}}],\"inLanguage\":\"ru-RU\"}]}<\/script>\n<!-- \/ Yoast SEO plugin. -->","yoast_head_json":{"title":"Atjaunojo\u0161s Kondicionieris","description":"Bag\u0101t\u012bgais sast\u0101vs, kas satur jaud\u012bgu barojo\u0161u un vitam\u012bniem pies\u0101tin\u0101tu sast\u0101vda\u013cu mais\u012bjumu","robots":{"index":"index","follow":"follow","max-snippet":"max-snippet:-1","max-image-preview":"max-image-preview:large","max-video-preview":"max-video-preview:-1"},"canonical":"https:\/\/women.lv\/ru\/product\/yofing-atjaunojoss-kondicionieris-ar-kollagenu\/","og_locale":"ru_RU","og_type":"article","og_title":"Atjaunojo\u0161s Kondicionieris","og_description":"Bag\u0101t\u012bgais sast\u0101vs, kas satur jaud\u012bgu barojo\u0161u un vitam\u012bniem pies\u0101tin\u0101tu sast\u0101vda\u013cu mais\u012bjumu","og_url":"https:\/\/women.lv\/ru\/product\/yofing-atjaunojoss-kondicionieris-ar-kollagenu\/","og_site_name":"Women Veikals","article_modified_time":"2026-01-08T15:25:22+00:00","og_image":[{"width":1214,"height":1600,"url":"https:\/\/women.lv\/wp-content\/uploads\/nc\/catalog\/Israel\/Yofing\/Hair\/yofing_restoring_conditioner11-scaled.jpg","type":"image\/jpeg"}],"twitter_card":"summary_large_image","schema":{"@context":"https:\/\/schema.org","@graph":[{"@type":"WebPage","@id":"https:\/\/women.lv\/product\/yofing-atjaunojoss-kondicionieris-ar-kollagenu\/","url":"https:\/\/women.lv\/product\/yofing-atjaunojoss-kondicionieris-ar-kollagenu\/","name":"Atjaunojo\u0161s Kondicionieris","isPartOf":{"@id":"https:\/\/women.lv\/#website"},"primaryImageOfPage":{"@id":"https:\/\/women.lv\/product\/yofing-atjaunojoss-kondicionieris-ar-kollagenu\/#primaryimage"},"image":{"@id":"https:\/\/women.lv\/product\/yofing-atjaunojoss-kondicionieris-ar-kollagenu\/#primaryimage"},"thumbnailUrl":"https:\/\/women.lv\/wp-content\/uploads\/nc\/catalog\/Israel\/Yofing\/Hair\/yofing_restoring_conditioner11-scaled.jpg","datePublished":"2019-04-17T16:58:14+00:00","dateModified":"2026-01-08T15:25:22+00:00","description":"Bag\u0101t\u012bgais sast\u0101vs, kas satur jaud\u012bgu barojo\u0161u un vitam\u012bniem pies\u0101tin\u0101tu sast\u0101vda\u013cu mais\u012bjumu","breadcrumb":{"@id":"https:\/\/women.lv\/product\/yofing-atjaunojoss-kondicionieris-ar-kollagenu\/#breadcrumb"},"inLanguage":"ru-RU","potentialAction":[{"@type":"ReadAction","target":["https:\/\/women.lv\/product\/yofing-atjaunojoss-kondicionieris-ar-kollagenu\/"]}]},{"@type":"ImageObject","inLanguage":"ru-RU","@id":"https:\/\/women.lv\/product\/yofing-atjaunojoss-kondicionieris-ar-kollagenu\/#primaryimage","url":"https:\/\/women.lv\/wp-content\/uploads\/nc\/catalog\/Israel\/Yofing\/Hair\/yofing_restoring_conditioner11-scaled.jpg","contentUrl":"https:\/\/women.lv\/wp-content\/uploads\/nc\/catalog\/Israel\/Yofing\/Hair\/yofing_restoring_conditioner11-scaled.jpg","width":1214,"height":1600,"caption":"Atjaunojo\u0161s Kondicionieris ar kolag\u0113nu"},{"@type":"BreadcrumbList","@id":"https:\/\/women.lv\/product\/yofing-atjaunojoss-kondicionieris-ar-kollagenu\/#breadcrumb","itemListElement":[{"@type":"ListItem","position":1,"name":"Home","item":"https:\/\/women.lv\/"},{"@type":"ListItem","position":2,"name":"Products","item":"https:\/\/women.lv\/en\/shop\/"},{"@type":"ListItem","position":3,"name":"Atjaunojo\u0161s Kondicionieris ar kolag\u0113nu"}]},{"@type":"WebSite","@id":"https:\/\/women.lv\/#website","url":"https:\/\/women.lv\/","name":"Women Veikals","description":"Uzdr\u012bksties b\u016bt skaista","potentialAction":[{"@type":"SearchAction","target":{"@type":"EntryPoint","urlTemplate":"https:\/\/women.lv\/?s={search_term_string}"},"query-input":{"@type":"PropertyValueSpecification","valueRequired":true,"valueName":"search_term_string"}}],"inLanguage":"ru-RU"}]}},"_links":{"self":[{"href":"https:\/\/women.lv\/ru\/wp-json\/wp\/v2\/product\/28053","targetHints":{"allow":["GET"]}}],"collection":[{"href":"https:\/\/women.lv\/ru\/wp-json\/wp\/v2\/product"}],"about":[{"href":"https:\/\/women.lv\/ru\/wp-json\/wp\/v2\/types\/product"}],"replies":[{"embeddable":true,"href":"https:\/\/women.lv\/ru\/wp-json\/wp\/v2\/comments?post=28053"}],"version-history":[{"count":2,"href":"https:\/\/women.lv\/ru\/wp-json\/wp\/v2\/product\/28053\/revisions"}],"predecessor-version":[{"id":29616,"href":"https:\/\/women.lv\/ru\/wp-json\/wp\/v2\/product\/28053\/revisions\/29616"}],"wp:featuredmedia":[{"embeddable":true,"href":"https:\/\/women.lv\/ru\/wp-json\/wp\/v2\/media\/28054"}],"wp:attachment":[{"href":"https:\/\/women.lv\/ru\/wp-json\/wp\/v2\/media?parent=28053"}],"wp:term":[{"taxonomy":"product_brand","embeddable":true,"href":"https:\/\/women.lv\/ru\/wp-json\/wp\/v2\/product_brand?post=28053"},{"taxonomy":"product_cat","embeddable":true,"href":"https:\/\/women.lv\/ru\/wp-json\/wp\/v2\/product_cat?post=28053"},{"taxonomy":"product_tag","embeddable":true,"href":"https:\/\/women.lv\/ru\/wp-json\/wp\/v2\/product_tag?post=28053"}],"curies":[{"name":"wp","href":"https:\/\/api.w.org\/{rel}","templated":true}]}}