{"id":28042,"date":"2019-02-28T14:13:53","date_gmt":"2019-02-28T14:13:53","guid":{"rendered":"https:\/\/women.lv\/?product=atjaunojoss-dublu-kondicionieris"},"modified":"2026-03-21T11:40:36","modified_gmt":"2026-03-21T09:40:36","slug":"atjaunojoss-dublu-kondicionieris","status":"publish","type":"product","link":"https:\/\/women.lv\/ru\/product\/atjaunojoss-dublu-kondicionieris\/","title":{"rendered":"\u0412\u043e\u0441\u0441\u0442\u0430\u043d\u0430\u0432\u043b\u0438\u0432\u0430\u044e\u0449\u0438\u0439 \u043a\u043e\u043d\u0434\u0438\u0446\u0438\u043e\u043d\u0435\u0440 \u0434\u043b\u044f \u0433\u0440\u044f\u0437\u0438"},"content":{"rendered":"<p style=\"margin-bottom: 20px;\"><span style=\"font-family: Helvetica;\"><span style=\"font-size: 18px;\"><b>YOFING REPAIR CONDITIONER<\/b> atjauno matus, kas ir boj\u0101ti kr\u0101so\u0161anas, taisno\u0161anas un veido\u0161anas rezult\u0101t\u0101. Tas maigi un efekt\u012bvi att\u012bra un kondicion\u0113 matus, lai tie b\u016btu mitrin\u0101ti, vad\u0101mi un sp\u0113c\u012bgi. T\u0101 \u013coti koncentr\u0113t\u0101, reparat\u012bv\u0101 formula atjauno matu vesel\u012bbu, mitrumu un elast\u012bbu ar antioksidantiem bag\u0101tu argana e\u013c\u013cu un N\u0101ves J\u016bras dub\u013ciem.<\/span><\/span><\/p>","protected":false},"excerpt":{"rendered":"<p>YOFING REPAIR CONDITIONER \u0432\u043e\u0441\u0441\u0442\u0430\u043d\u0430\u0432\u043b\u0438\u0432\u0430\u0435\u0442 \u0432\u043e\u043b\u043e\u0441\u044b, \u043f\u043e\u0432\u0440\u0435\u0436\u0434\u0435\u043d\u043d\u044b\u0435 \u043e\u043a\u0440\u0430\u0448\u0438\u0432\u0430\u043d\u0438\u0435\u043c, \u0432\u044b\u043f\u0440\u044f\u043c\u043b\u0435\u043d\u0438\u0435\u043c \u0438 \u0443\u043a\u043b\u0430\u0434\u043a\u043e\u0439. \u041c\u044f\u0433\u043a\u043e \u0438 \u044d\u0444\u0444\u0435\u043a\u0442\u0438\u0432\u043d\u043e \u043e\u0447\u0438\u0449\u0430\u0435\u0442 \u0438 \u043a\u043e\u043d\u0434\u0438\u0446\u0438\u043e\u043d\u0438\u0440\u0443\u0435\u0442.<\/p>","protected":false},"featured_media":28043,"comment_status":"open","ping_status":"closed","template":"","meta":[],"product_brand":[],"product_cat":[2205,2204,2215],"product_tag":[2247,2251,2254,2244,2243,2250,2253,2249,2240,2248,2245,2252,2255],"class_list":{"0":"post-28042","1":"product","2":"type-product","3":"status-publish","4":"has-post-thumbnail","6":"product_cat-kondicionieri","7":"product_cat-matu-kopsanas-lidzekli","8":"product_cat-visi-produkti","9":"product_tag-atjaunojoss-dublu-kondicionieris","10":"product_tag-conditioner","11":"product_tag-dublu","12":"product_tag-israel","13":"product_tag-izraela","14":"product_tag-kondicionieris","15":"product_tag-mud","16":"product_tag-repair-mud-conditioner","17":"product_tag-yofing","18":"product_tag-2248","19":"product_tag-2245","20":"product_tag-2252","21":"product_tag-2255","22":"pa_brand_nc-yofing","23":"pa_ean_nc-2246","24":"pa_ean_nc-israel","26":"first","27":"instock","28":"sale","29":"taxable","30":"shipping-taxable","31":"purchasable","32":"product-type-simple"},"yoast_head":"<!-- This site is optimized with the Yoast SEO plugin v23.9 - https:\/\/yoast.com\/wordpress\/plugins\/seo\/ -->\n<title>Atjaunojo\u0161s dub\u013cu kondicionieris<\/title>\n<meta name=\"description\" content=\"Maigi un efekt\u012bvi att\u012bra un kondicion\u0113 matus, lai tie b\u016btu mitrin\u0101ti, vad\u0101mi un sp\u0113c\u012bgi.\" \/>\n<meta name=\"robots\" content=\"index, follow, max-snippet:-1, max-image-preview:large, max-video-preview:-1\" \/>\n<link rel=\"canonical\" href=\"https:\/\/women.lv\/ru\/product\/atjaunojoss-dublu-kondicionieris\/\" \/>\n<meta property=\"og:locale\" content=\"ru_RU\" \/>\n<meta property=\"og:type\" content=\"article\" \/>\n<meta property=\"og:title\" content=\"Atjaunojo\u0161s dub\u013cu kondicionieris\" \/>\n<meta property=\"og:description\" content=\"Maigi un efekt\u012bvi att\u012bra un kondicion\u0113 matus, lai tie b\u016btu mitrin\u0101ti, vad\u0101mi un sp\u0113c\u012bgi.\" \/>\n<meta property=\"og:url\" content=\"https:\/\/women.lv\/ru\/product\/atjaunojoss-dublu-kondicionieris\/\" \/>\n<meta property=\"og:site_name\" content=\"Women Veikals\" \/>\n<meta property=\"article:modified_time\" content=\"2026-03-21T09:40:36+00:00\" \/>\n<meta property=\"og:image\" content=\"https:\/\/women.lv\/wp-content\/uploads\/nc\/catalog\/Israel\/Yofing\/Hair\/yofing_mud_conditioner11-scaled.jpg\" \/>\n\t<meta property=\"og:image:width\" content=\"1200\" \/>\n\t<meta property=\"og:image:height\" content=\"1600\" \/>\n\t<meta property=\"og:image:type\" content=\"image\/jpeg\" \/>\n<meta name=\"twitter:card\" content=\"summary_large_image\" \/>\n<meta name=\"twitter:label1\" content=\"\u041f\u0440\u0438\u043c\u0435\u0440\u043d\u043e\u0435 \u0432\u0440\u0435\u043c\u044f \u0434\u043b\u044f \u0447\u0442\u0435\u043d\u0438\u044f\" \/>\n\t<meta name=\"twitter:data1\" content=\"1 \u043c\u0438\u043d\u0443\u0442\u0430\" \/>\n<script type=\"application\/ld+json\" class=\"yoast-schema-graph\">{\"@context\":\"https:\/\/schema.org\",\"@graph\":[{\"@type\":\"WebPage\",\"@id\":\"https:\/\/women.lv\/product\/atjaunojoss-dublu-kondicionieris\/\",\"url\":\"https:\/\/women.lv\/product\/atjaunojoss-dublu-kondicionieris\/\",\"name\":\"Atjaunojo\u0161s dub\u013cu kondicionieris\",\"isPartOf\":{\"@id\":\"https:\/\/women.lv\/#website\"},\"primaryImageOfPage\":{\"@id\":\"https:\/\/women.lv\/product\/atjaunojoss-dublu-kondicionieris\/#primaryimage\"},\"image\":{\"@id\":\"https:\/\/women.lv\/product\/atjaunojoss-dublu-kondicionieris\/#primaryimage\"},\"thumbnailUrl\":\"https:\/\/women.lv\/wp-content\/uploads\/nc\/catalog\/Israel\/Yofing\/Hair\/yofing_mud_conditioner11-scaled.jpg\",\"datePublished\":\"2019-02-28T14:13:53+00:00\",\"dateModified\":\"2026-03-21T09:40:36+00:00\",\"description\":\"Maigi un efekt\u012bvi att\u012bra un kondicion\u0113 matus, lai tie b\u016btu mitrin\u0101ti, vad\u0101mi un sp\u0113c\u012bgi.\",\"breadcrumb\":{\"@id\":\"https:\/\/women.lv\/product\/atjaunojoss-dublu-kondicionieris\/#breadcrumb\"},\"inLanguage\":\"ru-RU\",\"potentialAction\":[{\"@type\":\"ReadAction\",\"target\":[\"https:\/\/women.lv\/product\/atjaunojoss-dublu-kondicionieris\/\"]}]},{\"@type\":\"ImageObject\",\"inLanguage\":\"ru-RU\",\"@id\":\"https:\/\/women.lv\/product\/atjaunojoss-dublu-kondicionieris\/#primaryimage\",\"url\":\"https:\/\/women.lv\/wp-content\/uploads\/nc\/catalog\/Israel\/Yofing\/Hair\/yofing_mud_conditioner11-scaled.jpg\",\"contentUrl\":\"https:\/\/women.lv\/wp-content\/uploads\/nc\/catalog\/Israel\/Yofing\/Hair\/yofing_mud_conditioner11-scaled.jpg\",\"width\":1200,\"height\":1600,\"caption\":\"Atjaunojo\u0161s dub\u013cu kondicionieris\"},{\"@type\":\"BreadcrumbList\",\"@id\":\"https:\/\/women.lv\/product\/atjaunojoss-dublu-kondicionieris\/#breadcrumb\",\"itemListElement\":[{\"@type\":\"ListItem\",\"position\":1,\"name\":\"Home\",\"item\":\"https:\/\/women.lv\/\"},{\"@type\":\"ListItem\",\"position\":2,\"name\":\"Products\",\"item\":\"https:\/\/women.lv\/en\/shop\/\"},{\"@type\":\"ListItem\",\"position\":3,\"name\":\"Atjaunojo\u0161s dub\u013cu kondicionieris\"}]},{\"@type\":\"WebSite\",\"@id\":\"https:\/\/women.lv\/#website\",\"url\":\"https:\/\/women.lv\/\",\"name\":\"Women Veikals\",\"description\":\"Uzdr\u012bksties b\u016bt skaista\",\"potentialAction\":[{\"@type\":\"SearchAction\",\"target\":{\"@type\":\"EntryPoint\",\"urlTemplate\":\"https:\/\/women.lv\/?s={search_term_string}\"},\"query-input\":{\"@type\":\"PropertyValueSpecification\",\"valueRequired\":true,\"valueName\":\"search_term_string\"}}],\"inLanguage\":\"ru-RU\"}]}<\/script>\n<!-- \/ Yoast SEO plugin. -->","yoast_head_json":{"title":"Atjaunojo\u0161s dub\u013cu kondicionieris","description":"Maigi un efekt\u012bvi att\u012bra un kondicion\u0113 matus, lai tie b\u016btu mitrin\u0101ti, vad\u0101mi un sp\u0113c\u012bgi.","robots":{"index":"index","follow":"follow","max-snippet":"max-snippet:-1","max-image-preview":"max-image-preview:large","max-video-preview":"max-video-preview:-1"},"canonical":"https:\/\/women.lv\/ru\/product\/atjaunojoss-dublu-kondicionieris\/","og_locale":"ru_RU","og_type":"article","og_title":"Atjaunojo\u0161s dub\u013cu kondicionieris","og_description":"Maigi un efekt\u012bvi att\u012bra un kondicion\u0113 matus, lai tie b\u016btu mitrin\u0101ti, vad\u0101mi un sp\u0113c\u012bgi.","og_url":"https:\/\/women.lv\/ru\/product\/atjaunojoss-dublu-kondicionieris\/","og_site_name":"Women Veikals","article_modified_time":"2026-03-21T09:40:36+00:00","og_image":[{"width":1200,"height":1600,"url":"https:\/\/women.lv\/wp-content\/uploads\/nc\/catalog\/Israel\/Yofing\/Hair\/yofing_mud_conditioner11-scaled.jpg","type":"image\/jpeg"}],"twitter_card":"summary_large_image","twitter_misc":{"\u041f\u0440\u0438\u043c\u0435\u0440\u043d\u043e\u0435 \u0432\u0440\u0435\u043c\u044f \u0434\u043b\u044f \u0447\u0442\u0435\u043d\u0438\u044f":"1 \u043c\u0438\u043d\u0443\u0442\u0430"},"schema":{"@context":"https:\/\/schema.org","@graph":[{"@type":"WebPage","@id":"https:\/\/women.lv\/product\/atjaunojoss-dublu-kondicionieris\/","url":"https:\/\/women.lv\/product\/atjaunojoss-dublu-kondicionieris\/","name":"Atjaunojo\u0161s dub\u013cu kondicionieris","isPartOf":{"@id":"https:\/\/women.lv\/#website"},"primaryImageOfPage":{"@id":"https:\/\/women.lv\/product\/atjaunojoss-dublu-kondicionieris\/#primaryimage"},"image":{"@id":"https:\/\/women.lv\/product\/atjaunojoss-dublu-kondicionieris\/#primaryimage"},"thumbnailUrl":"https:\/\/women.lv\/wp-content\/uploads\/nc\/catalog\/Israel\/Yofing\/Hair\/yofing_mud_conditioner11-scaled.jpg","datePublished":"2019-02-28T14:13:53+00:00","dateModified":"2026-03-21T09:40:36+00:00","description":"Maigi un efekt\u012bvi att\u012bra un kondicion\u0113 matus, lai tie b\u016btu mitrin\u0101ti, vad\u0101mi un sp\u0113c\u012bgi.","breadcrumb":{"@id":"https:\/\/women.lv\/product\/atjaunojoss-dublu-kondicionieris\/#breadcrumb"},"inLanguage":"ru-RU","potentialAction":[{"@type":"ReadAction","target":["https:\/\/women.lv\/product\/atjaunojoss-dublu-kondicionieris\/"]}]},{"@type":"ImageObject","inLanguage":"ru-RU","@id":"https:\/\/women.lv\/product\/atjaunojoss-dublu-kondicionieris\/#primaryimage","url":"https:\/\/women.lv\/wp-content\/uploads\/nc\/catalog\/Israel\/Yofing\/Hair\/yofing_mud_conditioner11-scaled.jpg","contentUrl":"https:\/\/women.lv\/wp-content\/uploads\/nc\/catalog\/Israel\/Yofing\/Hair\/yofing_mud_conditioner11-scaled.jpg","width":1200,"height":1600,"caption":"Atjaunojo\u0161s dub\u013cu kondicionieris"},{"@type":"BreadcrumbList","@id":"https:\/\/women.lv\/product\/atjaunojoss-dublu-kondicionieris\/#breadcrumb","itemListElement":[{"@type":"ListItem","position":1,"name":"Home","item":"https:\/\/women.lv\/"},{"@type":"ListItem","position":2,"name":"Products","item":"https:\/\/women.lv\/en\/shop\/"},{"@type":"ListItem","position":3,"name":"Atjaunojo\u0161s dub\u013cu kondicionieris"}]},{"@type":"WebSite","@id":"https:\/\/women.lv\/#website","url":"https:\/\/women.lv\/","name":"Women Veikals","description":"Uzdr\u012bksties b\u016bt skaista","potentialAction":[{"@type":"SearchAction","target":{"@type":"EntryPoint","urlTemplate":"https:\/\/women.lv\/?s={search_term_string}"},"query-input":{"@type":"PropertyValueSpecification","valueRequired":true,"valueName":"search_term_string"}}],"inLanguage":"ru-RU"}]}},"_links":{"self":[{"href":"https:\/\/women.lv\/ru\/wp-json\/wp\/v2\/product\/28042","targetHints":{"allow":["GET"]}}],"collection":[{"href":"https:\/\/women.lv\/ru\/wp-json\/wp\/v2\/product"}],"about":[{"href":"https:\/\/women.lv\/ru\/wp-json\/wp\/v2\/types\/product"}],"replies":[{"embeddable":true,"href":"https:\/\/women.lv\/ru\/wp-json\/wp\/v2\/comments?post=28042"}],"version-history":[{"count":2,"href":"https:\/\/women.lv\/ru\/wp-json\/wp\/v2\/product\/28042\/revisions"}],"predecessor-version":[{"id":29618,"href":"https:\/\/women.lv\/ru\/wp-json\/wp\/v2\/product\/28042\/revisions\/29618"}],"wp:featuredmedia":[{"embeddable":true,"href":"https:\/\/women.lv\/ru\/wp-json\/wp\/v2\/media\/28043"}],"wp:attachment":[{"href":"https:\/\/women.lv\/ru\/wp-json\/wp\/v2\/media?parent=28042"}],"wp:term":[{"taxonomy":"product_brand","embeddable":true,"href":"https:\/\/women.lv\/ru\/wp-json\/wp\/v2\/product_brand?post=28042"},{"taxonomy":"product_cat","embeddable":true,"href":"https:\/\/women.lv\/ru\/wp-json\/wp\/v2\/product_cat?post=28042"},{"taxonomy":"product_tag","embeddable":true,"href":"https:\/\/women.lv\/ru\/wp-json\/wp\/v2\/product_tag?post=28042"}],"curies":[{"name":"wp","href":"https:\/\/api.w.org\/{rel}","templated":true}]}}