{"id":29276,"date":"2024-10-31T12:49:59","date_gmt":"2024-10-31T12:49:59","guid":{"rendered":"https:\/\/women.lv\/?p=29276"},"modified":"2024-11-26T12:58:14","modified_gmt":"2024-11-26T12:58:14","slug":"par-mums","status":"publish","type":"page","link":"https:\/\/women.lv\/ru\/par-mums\/","title":{"rendered":"\u041e \u043d\u0430\u0441"},"content":{"rendered":"<div data-elementor-type=\"wp-page\" data-elementor-id=\"29276\" class=\"elementor elementor-29276\" data-elementor-post-type=\"page\">\n\t\t\t\t<div class=\"wd-negative-gap elementor-element elementor-element-444daf9 e-flex e-con-boxed e-con e-parent\" data-id=\"444daf9\" data-element_type=\"container\" data-e-type=\"container\" data-no-translation=\"\">\n\t\t\t\t\t<div class=\"e-con-inner\">\n\t\t\t\t<div class=\"elementor-element elementor-element-8f22d5b elementor-widget elementor-widget-image\" data-id=\"8f22d5b\" data-element_type=\"widget\" data-e-type=\"widget\" data-no-translation=\"\" data-widget_type=\"image.default\">\n\t\t\t\t<div class=\"elementor-widget-container\">\n\t\t\t\t\t\t\t\t\t\t\t\t\t\t\t<img decoding=\"async\" class=\"wd-lazy-fade\" src=\"https:\/\/women.lv\/wp-content\/themes\/woodmart-new\/images\/lazy.svg\" data-src=\"https:\/\/i.ibb.co\/4Rsxjv1\/ru-about-us1-1-1.jpg\" title=\"\" alt=\"\" loading=\"lazy\" \/>\t\t\t\t\t\t\t\t\t\t\t\t\t\t\t<\/div>\n\t\t\t\t<\/div>\n\t\t\t\t\t<\/div>\n\t\t\t\t<\/div>\n\t\t\t\t<\/div>","protected":false},"excerpt":{"rendered":"","protected":false},"author":1,"featured_media":0,"parent":0,"menu_order":0,"comment_status":"open","ping_status":"closed","template":"","meta":{"footnotes":""},"class_list":["post-29276","page","type-page","status-publish","hentry"],"yoast_head":"<!-- This site is optimized with the Yoast SEO plugin v27.4 - https:\/\/yoast.com\/product\/yoast-seo-wordpress\/ -->\n<title>Par mums<\/title>\n<meta name=\"description\" content=\"\ufeff&quot;Women&quot; z\u012bmols ir ofici\u0101lais starpnieks starp Jums un eksluz\u012bv\u0101s Izra\u0113las N\u0101ves J\u016bras kosm\u0113tikas, \u0137erme\u0146a, sejas un matu kop\u0161anas l\u012bdzek\u013ciem. N\u0101ves J\u016bras dab\u012bg\u0101s b\u0101zes kosm\u0113tika jau sen ir iemantojusi klientu uztic\u012bbu, k\u0101 augstas kvalit\u0101tes pro\" \/>\n<meta name=\"robots\" content=\"index, follow, max-snippet:-1, max-image-preview:large, max-video-preview:-1\" \/>\n<link rel=\"canonical\" href=\"https:\/\/women.lv\/ru\/par-mums\/\" \/>\n<meta property=\"og:locale\" content=\"ru_RU\" \/>\n<meta property=\"og:type\" content=\"article\" \/>\n<meta property=\"og:title\" content=\"Par mums\" \/>\n<meta property=\"og:description\" content=\"\ufeff&quot;Women&quot; z\u012bmols ir ofici\u0101lais starpnieks starp Jums un eksluz\u012bv\u0101s Izra\u0113las N\u0101ves J\u016bras kosm\u0113tikas, \u0137erme\u0146a, sejas un matu kop\u0161anas l\u012bdzek\u013ciem. N\u0101ves J\u016bras dab\u012bg\u0101s b\u0101zes kosm\u0113tika jau sen ir iemantojusi klientu uztic\u012bbu, k\u0101 augstas kvalit\u0101tes pro\" \/>\n<meta property=\"og:url\" content=\"https:\/\/women.lv\/ru\/par-mums\/\" \/>\n<meta property=\"og:site_name\" content=\"Women Veikals\" \/>\n<meta property=\"article:modified_time\" content=\"2024-11-26T12:58:14+00:00\" \/>\n<meta property=\"og:image\" content=\"https:\/\/i.ibb.co\/DVSpNWZ\/parmumsattels-1.webp\" \/>\n<meta name=\"twitter:card\" content=\"summary_large_image\" \/>\n<meta name=\"twitter:label1\" content=\"\u041f\u0440\u0438\u043c\u0435\u0440\u043d\u043e\u0435 \u0432\u0440\u0435\u043c\u044f \u0434\u043b\u044f \u0447\u0442\u0435\u043d\u0438\u044f\" \/>\n\t<meta name=\"twitter:data1\" content=\"1 \u043c\u0438\u043d\u0443\u0442\u0430\" \/>\n<script type=\"application\/ld+json\" class=\"yoast-schema-graph\">{\"@context\":\"https:\\\/\\\/schema.org\",\"@graph\":[{\"@type\":\"WebPage\",\"@id\":\"https:\\\/\\\/women.lv\\\/par-mums\\\/\",\"url\":\"https:\\\/\\\/women.lv\\\/par-mums\\\/\",\"name\":\"Par mums\",\"isPartOf\":{\"@id\":\"https:\\\/\\\/women.lv\\\/#website\"},\"primaryImageOfPage\":{\"@id\":\"https:\\\/\\\/women.lv\\\/par-mums\\\/#primaryimage\"},\"image\":{\"@id\":\"https:\\\/\\\/women.lv\\\/par-mums\\\/#primaryimage\"},\"thumbnailUrl\":\"https:\\\/\\\/i.ibb.co\\\/DVSpNWZ\\\/parmumsattels-1.webp\",\"datePublished\":\"2024-10-31T12:49:59+00:00\",\"dateModified\":\"2024-11-26T12:58:14+00:00\",\"description\":\"\ufeff\\\"Women\\\" z\u012bmols ir ofici\u0101lais starpnieks starp Jums un eksluz\u012bv\u0101s Izra\u0113las N\u0101ves J\u016bras kosm\u0113tikas, \u0137erme\u0146a, sejas un matu kop\u0161anas l\u012bdzek\u013ciem. N\u0101ves J\u016bras dab\u012bg\u0101s b\u0101zes kosm\u0113tika jau sen ir iemantojusi klientu uztic\u012bbu, k\u0101 augstas kvalit\u0101tes pro\",\"breadcrumb\":{\"@id\":\"https:\\\/\\\/women.lv\\\/par-mums\\\/#breadcrumb\"},\"inLanguage\":\"ru-RU\",\"potentialAction\":[{\"@type\":\"ReadAction\",\"target\":[\"https:\\\/\\\/women.lv\\\/par-mums\\\/\"]}]},{\"@type\":\"ImageObject\",\"inLanguage\":\"ru-RU\",\"@id\":\"https:\\\/\\\/women.lv\\\/par-mums\\\/#primaryimage\",\"url\":\"https:\\\/\\\/i.ibb.co\\\/DVSpNWZ\\\/parmumsattels-1.webp\",\"contentUrl\":\"https:\\\/\\\/i.ibb.co\\\/DVSpNWZ\\\/parmumsattels-1.webp\"},{\"@type\":\"BreadcrumbList\",\"@id\":\"https:\\\/\\\/women.lv\\\/par-mums\\\/#breadcrumb\",\"itemListElement\":[{\"@type\":\"ListItem\",\"position\":1,\"name\":\"Home\",\"item\":\"https:\\\/\\\/women.lv\\\/\"},{\"@type\":\"ListItem\",\"position\":2,\"name\":\"Par mums\"}]},{\"@type\":\"WebSite\",\"@id\":\"https:\\\/\\\/women.lv\\\/#website\",\"url\":\"https:\\\/\\\/women.lv\\\/\",\"name\":\"Women Veikals\",\"description\":\"Uzdr\u012bksties b\u016bt skaista\",\"potentialAction\":[{\"@type\":\"SearchAction\",\"target\":{\"@type\":\"EntryPoint\",\"urlTemplate\":\"https:\\\/\\\/women.lv\\\/?s={search_term_string}\"},\"query-input\":{\"@type\":\"PropertyValueSpecification\",\"valueRequired\":true,\"valueName\":\"search_term_string\"}}],\"inLanguage\":\"ru-RU\"}]}<\/script>\n<!-- \/ Yoast SEO plugin. -->","yoast_head_json":{"title":"\u041e \u043d\u0430\u0441","description":"\ufeff\"Women\" z\u012bmols ir ofici\u0101lais starpnieks starp Jums un eksluz\u012bv\u0101s Izra\u0113las N\u0101ves J\u016bras kosm\u0113tikas, \u0137erme\u0146a, sejas un matu kop\u0161anas l\u012bdzek\u013ciem. N\u0101ves J\u016bras dab\u012bg\u0101s b\u0101zes kosm\u0113tika jau sen ir iemantojusi klientu uztic\u012bbu, k\u0101 augstas kvalit\u0101tes pro","robots":{"index":"index","follow":"follow","max-snippet":"max-snippet:-1","max-image-preview":"max-image-preview:large","max-video-preview":"max-video-preview:-1"},"canonical":"https:\/\/women.lv\/ru\/par-mums\/","og_locale":"ru_RU","og_type":"article","og_title":"Par mums","og_description":"\ufeff\"Women\" z\u012bmols ir ofici\u0101lais starpnieks starp Jums un eksluz\u012bv\u0101s Izra\u0113las N\u0101ves J\u016bras kosm\u0113tikas, \u0137erme\u0146a, sejas un matu kop\u0161anas l\u012bdzek\u013ciem. N\u0101ves J\u016bras dab\u012bg\u0101s b\u0101zes kosm\u0113tika jau sen ir iemantojusi klientu uztic\u012bbu, k\u0101 augstas kvalit\u0101tes pro","og_url":"https:\/\/women.lv\/ru\/par-mums\/","og_site_name":"Women Veikals","article_modified_time":"2024-11-26T12:58:14+00:00","og_image":[{"url":"https:\/\/i.ibb.co\/DVSpNWZ\/parmumsattels-1.webp","type":"","width":"","height":""}],"twitter_card":"summary_large_image","twitter_misc":{"\u041f\u0440\u0438\u043c\u0435\u0440\u043d\u043e\u0435 \u0432\u0440\u0435\u043c\u044f \u0434\u043b\u044f \u0447\u0442\u0435\u043d\u0438\u044f":"1 \u043c\u0438\u043d\u0443\u0442\u0430"},"schema":{"@context":"https:\/\/schema.org","@graph":[{"@type":"WebPage","@id":"https:\/\/women.lv\/par-mums\/","url":"https:\/\/women.lv\/par-mums\/","name":"\u041e \u043d\u0430\u0441","isPartOf":{"@id":"https:\/\/women.lv\/#website"},"primaryImageOfPage":{"@id":"https:\/\/women.lv\/par-mums\/#primaryimage"},"image":{"@id":"https:\/\/women.lv\/par-mums\/#primaryimage"},"thumbnailUrl":"https:\/\/i.ibb.co\/DVSpNWZ\/parmumsattels-1.webp","datePublished":"2024-10-31T12:49:59+00:00","dateModified":"2024-11-26T12:58:14+00:00","description":"\ufeff\"Women\" z\u012bmols ir ofici\u0101lais starpnieks starp Jums un eksluz\u012bv\u0101s Izra\u0113las N\u0101ves J\u016bras kosm\u0113tikas, \u0137erme\u0146a, sejas un matu kop\u0161anas l\u012bdzek\u013ciem. N\u0101ves J\u016bras dab\u012bg\u0101s b\u0101zes kosm\u0113tika jau sen ir iemantojusi klientu uztic\u012bbu, k\u0101 augstas kvalit\u0101tes pro","breadcrumb":{"@id":"https:\/\/women.lv\/par-mums\/#breadcrumb"},"inLanguage":"ru-RU","potentialAction":[{"@type":"ReadAction","target":["https:\/\/women.lv\/par-mums\/"]}]},{"@type":"ImageObject","inLanguage":"ru-RU","@id":"https:\/\/women.lv\/par-mums\/#primaryimage","url":"https:\/\/i.ibb.co\/DVSpNWZ\/parmumsattels-1.webp","contentUrl":"https:\/\/i.ibb.co\/DVSpNWZ\/parmumsattels-1.webp"},{"@type":"BreadcrumbList","@id":"https:\/\/women.lv\/par-mums\/#breadcrumb","itemListElement":[{"@type":"ListItem","position":1,"name":"Home","item":"https:\/\/women.lv\/"},{"@type":"ListItem","position":2,"name":"Par mums"}]},{"@type":"WebSite","@id":"https:\/\/women.lv\/#website","url":"https:\/\/women.lv\/","name":"\u041c\u0430\u0433\u0430\u0437\u0438\u043d Women","description":"Uzdr\u012bksties b\u016bt skaista","potentialAction":[{"@type":"SearchAction","target":{"@type":"EntryPoint","urlTemplate":"https:\/\/women.lv\/?s={search_term_string}"},"query-input":{"@type":"PropertyValueSpecification","valueRequired":true,"valueName":"search_term_string"}}],"inLanguage":"ru-RU"}]}},"_links":{"self":[{"href":"https:\/\/women.lv\/ru\/wp-json\/wp\/v2\/pages\/29276","targetHints":{"allow":["GET"]}}],"collection":[{"href":"https:\/\/women.lv\/ru\/wp-json\/wp\/v2\/pages"}],"about":[{"href":"https:\/\/women.lv\/ru\/wp-json\/wp\/v2\/types\/page"}],"author":[{"embeddable":true,"href":"https:\/\/women.lv\/ru\/wp-json\/wp\/v2\/users\/1"}],"replies":[{"embeddable":true,"href":"https:\/\/women.lv\/ru\/wp-json\/wp\/v2\/comments?post=29276"}],"version-history":[{"count":0,"href":"https:\/\/women.lv\/ru\/wp-json\/wp\/v2\/pages\/29276\/revisions"}],"wp:attachment":[{"href":"https:\/\/women.lv\/ru\/wp-json\/wp\/v2\/media?parent=29276"}],"curies":[{"name":"wp","href":"https:\/\/api.w.org\/{rel}","templated":true}]}}