{"id":28999,"date":"2024-09-25T18:29:49","date_gmt":"2024-09-25T18:29:49","guid":{"rendered":"https:\/\/women.lv\/?product=empower"},"modified":"2025-11-05T13:26:35","modified_gmt":"2025-11-05T13:26:35","slug":"empower-deo-spray","status":"publish","type":"product","link":"https:\/\/women.lv\/en\/product\/empower-deo-spray\/","title":{"rendered":"Empower"},"content":{"rendered":"<p><span style=\"font-family: Helvetica;\"><span style=\"font-size: 18px;\">Empower starts with fruity aromatic notes of citrus fruits, bergamot, mint, which gives way to floral spiciness, geranium, cardamom and ends with oriental woods, musk, sandalwood and musk.<\/span><\/span><\/p>\n<p><span style=\"font-family: Helvetica;\"><span style=\"font-size: 18px;\"><b>Do not use on dry, inflamed skin or after shaving.<\/b><\/span><\/span><\/p>","protected":false},"excerpt":{"rendered":"<p>Empower starts with fruity aromatic notes of citrus fruits, bergamot, mint, which gives way to floral spiciness, geranium, cardamom and reaches an oriental<\/p>","protected":false},"featured_media":29000,"comment_status":"open","ping_status":"closed","template":"","meta":[],"product_brand":[],"product_cat":[2229,2208,2215,2220],"product_tag":[3727,3838,3837,3855,3721,3853,3726,3839,3728],"class_list":{"0":"post-28999","1":"product","2":"type-product","3":"status-publish","4":"has-post-thumbnail","6":"product_cat-antiperspiranti-dezodoranti","7":"product_cat-kermena-kopsanas-lidzekii","8":"product_cat-visi-produkti","9":"product_cat-viss-viriesiem","10":"product_tag-apvienotie-arabu-emirati","11":"product_tag-deodorant","12":"product_tag-dezodorants","13":"product_tag-empower","14":"product_tag-louis-cardin","15":"product_tag-spray","16":"product_tag-united-arab-emirates","17":"product_tag-3839","18":"product_tag-3728","19":"pa_brand_nc-louis-cardin","20":"pa_ean_nc-3854","21":"pa_ean_nc-united-arab-emirates","23":"first","24":"instock","25":"sale","26":"taxable","27":"shipping-taxable","28":"purchasable","29":"product-type-simple"},"yoast_head":"<!-- This site is optimized with the Yoast SEO plugin v23.9 - https:\/\/yoast.com\/wordpress\/plugins\/seo\/ -->\n<title>Empower<\/title>\n<meta name=\"description\" content=\"Man, Empower s\u0101kas ar aug\u013cu arom\u0101tisk\u0101m citrusaug\u013cu, bergamotes, piparm\u0113tru not\u012bm, kas dod vietu ziedu pikantumam, \u0123er\u0101nijai, kardamonam un non\u0101k pie austrumniecisk\u0101s koksnes, muskusa, sandalkoka un muskusa notis.\" \/>\n<meta name=\"robots\" content=\"index, follow, max-snippet:-1, max-image-preview:large, max-video-preview:-1\" \/>\n<link rel=\"canonical\" href=\"https:\/\/women.lv\/en\/product\/empower-deo-spray\/\" \/>\n<meta property=\"og:locale\" content=\"en_GB\" \/>\n<meta property=\"og:type\" content=\"article\" \/>\n<meta property=\"og:title\" content=\"Empower\" \/>\n<meta property=\"og:description\" content=\"Man, Empower s\u0101kas ar aug\u013cu arom\u0101tisk\u0101m citrusaug\u013cu, bergamotes, piparm\u0113tru not\u012bm, kas dod vietu ziedu pikantumam, \u0123er\u0101nijai, kardamonam un non\u0101k pie austrumniecisk\u0101s koksnes, muskusa, sandalkoka un muskusa notis.\" \/>\n<meta property=\"og:url\" content=\"https:\/\/women.lv\/en\/product\/empower-deo-spray\/\" \/>\n<meta property=\"og:site_name\" content=\"Women Veikals\" \/>\n<meta property=\"article:modified_time\" content=\"2025-11-05T13:26:35+00:00\" \/>\n<meta property=\"og:image\" content=\"https:\/\/women.lv\/wp-content\/uploads\/nc\/catalog\/United-Arab-Emirates\/Louis-Cardin\/Deo-Spray\/empower-deo-spray.png\" \/>\n\t<meta property=\"og:image:width\" content=\"672\" \/>\n\t<meta property=\"og:image:height\" content=\"1026\" \/>\n\t<meta property=\"og:image:type\" content=\"image\/png\" \/>\n<meta name=\"twitter:card\" content=\"summary_large_image\" \/>\n<script type=\"application\/ld+json\" class=\"yoast-schema-graph\">{\"@context\":\"https:\/\/schema.org\",\"@graph\":[{\"@type\":\"WebPage\",\"@id\":\"https:\/\/women.lv\/product\/empower-deo-spray\/\",\"url\":\"https:\/\/women.lv\/product\/empower-deo-spray\/\",\"name\":\"Empower\",\"isPartOf\":{\"@id\":\"https:\/\/women.lv\/#website\"},\"primaryImageOfPage\":{\"@id\":\"https:\/\/women.lv\/product\/empower-deo-spray\/#primaryimage\"},\"image\":{\"@id\":\"https:\/\/women.lv\/product\/empower-deo-spray\/#primaryimage\"},\"thumbnailUrl\":\"https:\/\/women.lv\/wp-content\/uploads\/nc\/catalog\/United-Arab-Emirates\/Louis-Cardin\/Deo-Spray\/empower-deo-spray.png\",\"datePublished\":\"2024-09-25T18:29:49+00:00\",\"dateModified\":\"2025-11-05T13:26:35+00:00\",\"description\":\"Man, Empower s\u0101kas ar aug\u013cu arom\u0101tisk\u0101m citrusaug\u013cu, bergamotes, piparm\u0113tru not\u012bm, kas dod vietu ziedu pikantumam, \u0123er\u0101nijai, kardamonam un non\u0101k pie austrumniecisk\u0101s koksnes, muskusa, sandalkoka un muskusa notis.\",\"breadcrumb\":{\"@id\":\"https:\/\/women.lv\/product\/empower-deo-spray\/#breadcrumb\"},\"inLanguage\":\"en-GB\",\"potentialAction\":[{\"@type\":\"ReadAction\",\"target\":[\"https:\/\/women.lv\/product\/empower-deo-spray\/\"]}]},{\"@type\":\"ImageObject\",\"inLanguage\":\"en-GB\",\"@id\":\"https:\/\/women.lv\/product\/empower-deo-spray\/#primaryimage\",\"url\":\"https:\/\/women.lv\/wp-content\/uploads\/nc\/catalog\/United-Arab-Emirates\/Louis-Cardin\/Deo-Spray\/empower-deo-spray.png\",\"contentUrl\":\"https:\/\/women.lv\/wp-content\/uploads\/nc\/catalog\/United-Arab-Emirates\/Louis-Cardin\/Deo-Spray\/empower-deo-spray.png\",\"width\":672,\"height\":1026,\"caption\":\"Empower\"},{\"@type\":\"BreadcrumbList\",\"@id\":\"https:\/\/women.lv\/product\/empower-deo-spray\/#breadcrumb\",\"itemListElement\":[{\"@type\":\"ListItem\",\"position\":1,\"name\":\"Home\",\"item\":\"https:\/\/women.lv\/\"},{\"@type\":\"ListItem\",\"position\":2,\"name\":\"Products\",\"item\":\"https:\/\/women.lv\/en\/shop\/\"},{\"@type\":\"ListItem\",\"position\":3,\"name\":\"Empower\"}]},{\"@type\":\"WebSite\",\"@id\":\"https:\/\/women.lv\/#website\",\"url\":\"https:\/\/women.lv\/\",\"name\":\"Women Veikals\",\"description\":\"Uzdr\u012bksties b\u016bt skaista\",\"potentialAction\":[{\"@type\":\"SearchAction\",\"target\":{\"@type\":\"EntryPoint\",\"urlTemplate\":\"https:\/\/women.lv\/?s={search_term_string}\"},\"query-input\":{\"@type\":\"PropertyValueSpecification\",\"valueRequired\":true,\"valueName\":\"search_term_string\"}}],\"inLanguage\":\"en-GB\"}]}<\/script>\n<!-- \/ Yoast SEO plugin. -->","yoast_head_json":{"title":"Empower","description":"Man, Empower s\u0101kas ar aug\u013cu arom\u0101tisk\u0101m citrusaug\u013cu, bergamotes, piparm\u0113tru not\u012bm, kas dod vietu ziedu pikantumam, \u0123er\u0101nijai, kardamonam un non\u0101k pie austrumniecisk\u0101s koksnes, muskusa, sandalkoka un muskusa notis.","robots":{"index":"index","follow":"follow","max-snippet":"max-snippet:-1","max-image-preview":"max-image-preview:large","max-video-preview":"max-video-preview:-1"},"canonical":"https:\/\/women.lv\/en\/product\/empower-deo-spray\/","og_locale":"en_GB","og_type":"article","og_title":"Empower","og_description":"Man, Empower s\u0101kas ar aug\u013cu arom\u0101tisk\u0101m citrusaug\u013cu, bergamotes, piparm\u0113tru not\u012bm, kas dod vietu ziedu pikantumam, \u0123er\u0101nijai, kardamonam un non\u0101k pie austrumniecisk\u0101s koksnes, muskusa, sandalkoka un muskusa notis.","og_url":"https:\/\/women.lv\/en\/product\/empower-deo-spray\/","og_site_name":"Women Veikals","article_modified_time":"2025-11-05T13:26:35+00:00","og_image":[{"width":672,"height":1026,"url":"https:\/\/women.lv\/wp-content\/uploads\/nc\/catalog\/United-Arab-Emirates\/Louis-Cardin\/Deo-Spray\/empower-deo-spray.png","type":"image\/png"}],"twitter_card":"summary_large_image","schema":{"@context":"https:\/\/schema.org","@graph":[{"@type":"WebPage","@id":"https:\/\/women.lv\/product\/empower-deo-spray\/","url":"https:\/\/women.lv\/product\/empower-deo-spray\/","name":"Empower","isPartOf":{"@id":"https:\/\/women.lv\/#website"},"primaryImageOfPage":{"@id":"https:\/\/women.lv\/product\/empower-deo-spray\/#primaryimage"},"image":{"@id":"https:\/\/women.lv\/product\/empower-deo-spray\/#primaryimage"},"thumbnailUrl":"https:\/\/women.lv\/wp-content\/uploads\/nc\/catalog\/United-Arab-Emirates\/Louis-Cardin\/Deo-Spray\/empower-deo-spray.png","datePublished":"2024-09-25T18:29:49+00:00","dateModified":"2025-11-05T13:26:35+00:00","description":"Man, Empower s\u0101kas ar aug\u013cu arom\u0101tisk\u0101m citrusaug\u013cu, bergamotes, piparm\u0113tru not\u012bm, kas dod vietu ziedu pikantumam, \u0123er\u0101nijai, kardamonam un non\u0101k pie austrumniecisk\u0101s koksnes, muskusa, sandalkoka un muskusa notis.","breadcrumb":{"@id":"https:\/\/women.lv\/product\/empower-deo-spray\/#breadcrumb"},"inLanguage":"en-GB","potentialAction":[{"@type":"ReadAction","target":["https:\/\/women.lv\/product\/empower-deo-spray\/"]}]},{"@type":"ImageObject","inLanguage":"en-GB","@id":"https:\/\/women.lv\/product\/empower-deo-spray\/#primaryimage","url":"https:\/\/women.lv\/wp-content\/uploads\/nc\/catalog\/United-Arab-Emirates\/Louis-Cardin\/Deo-Spray\/empower-deo-spray.png","contentUrl":"https:\/\/women.lv\/wp-content\/uploads\/nc\/catalog\/United-Arab-Emirates\/Louis-Cardin\/Deo-Spray\/empower-deo-spray.png","width":672,"height":1026,"caption":"Empower"},{"@type":"BreadcrumbList","@id":"https:\/\/women.lv\/product\/empower-deo-spray\/#breadcrumb","itemListElement":[{"@type":"ListItem","position":1,"name":"Home","item":"https:\/\/women.lv\/"},{"@type":"ListItem","position":2,"name":"Products","item":"https:\/\/women.lv\/en\/shop\/"},{"@type":"ListItem","position":3,"name":"Empower"}]},{"@type":"WebSite","@id":"https:\/\/women.lv\/#website","url":"https:\/\/women.lv\/","name":"Women Veikals","description":"Uzdr\u012bksties b\u016bt skaista","potentialAction":[{"@type":"SearchAction","target":{"@type":"EntryPoint","urlTemplate":"https:\/\/women.lv\/?s={search_term_string}"},"query-input":{"@type":"PropertyValueSpecification","valueRequired":true,"valueName":"search_term_string"}}],"inLanguage":"en-GB"}]}},"_links":{"self":[{"href":"https:\/\/women.lv\/en\/wp-json\/wp\/v2\/product\/28999","targetHints":{"allow":["GET"]}}],"collection":[{"href":"https:\/\/women.lv\/en\/wp-json\/wp\/v2\/product"}],"about":[{"href":"https:\/\/women.lv\/en\/wp-json\/wp\/v2\/types\/product"}],"replies":[{"embeddable":true,"href":"https:\/\/women.lv\/en\/wp-json\/wp\/v2\/comments?post=28999"}],"version-history":[{"count":2,"href":"https:\/\/women.lv\/en\/wp-json\/wp\/v2\/product\/28999\/revisions"}],"predecessor-version":[{"id":29447,"href":"https:\/\/women.lv\/en\/wp-json\/wp\/v2\/product\/28999\/revisions\/29447"}],"wp:featuredmedia":[{"embeddable":true,"href":"https:\/\/women.lv\/en\/wp-json\/wp\/v2\/media\/29000"}],"wp:attachment":[{"href":"https:\/\/women.lv\/en\/wp-json\/wp\/v2\/media?parent=28999"}],"wp:term":[{"taxonomy":"product_brand","embeddable":true,"href":"https:\/\/women.lv\/en\/wp-json\/wp\/v2\/product_brand?post=28999"},{"taxonomy":"product_cat","embeddable":true,"href":"https:\/\/women.lv\/en\/wp-json\/wp\/v2\/product_cat?post=28999"},{"taxonomy":"product_tag","embeddable":true,"href":"https:\/\/women.lv\/en\/wp-json\/wp\/v2\/product_tag?post=28999"}],"curies":[{"name":"wp","href":"https:\/\/api.w.org\/{rel}","templated":true}]}}