{"id":28995,"date":"2024-09-25T17:38:27","date_gmt":"2024-09-25T17:38:27","guid":{"rendered":"https:\/\/women.lv\/?product=iluzija"},"modified":"2025-11-05T13:26:35","modified_gmt":"2025-11-05T13:26:35","slug":"illusion-deo-roll-on","status":"publish","type":"product","link":"https:\/\/women.lv\/en\/product\/illusion-deo-roll-on\/","title":{"rendered":"Illusion Roll-on"},"content":{"rendered":"<p><span style=\"font-family: Helvetica;\"><span style=\"font-size: 18px;\">Illusion Deo Roll-Ons s\u0101kas ar citrona, apels\u012bna, bergamotes, persika, \u0101bolu, pl\u016bmju, roz\u0101 pipara, za\u013co not\u012bm, kas dod vietu jasm\u012bnam, magnolijai, rozei, maijpu\u0137\u012btei, fr\u0113zijai, un nok\u013c\u016bst austrumu pamatnot\u012bm. no ciedra, balt\u0101 muskusa, amberga.<\/span><\/span><\/p>\n<p><span style=\"font-family: Helvetica;\"><span style=\"font-size: 18px;\"><b>Do not use on dry, inflamed skin or after shaving.<\/b><\/span><\/span><\/p>","protected":false},"excerpt":{"rendered":"<p>Illusion Deo Roll-On starts with notes of lemon, orange, bergamot, peach, apple, plum, pink pepper, green, which give way to jasmine, magnolia,<\/p>","protected":false},"featured_media":28996,"comment_status":"open","ping_status":"closed","template":"","meta":[],"product_brand":[],"product_cat":[2229,2208,2215,2220],"product_tag":[3727,3838,3837,3846,3848,3721,3840,3726,3839,3847,3728],"class_list":{"0":"post-28995","1":"product","2":"type-product","3":"status-publish","4":"has-post-thumbnail","6":"product_cat-antiperspiranti-dezodoranti","7":"product_cat-kermena-kopsanas-lidzekii","8":"product_cat-visi-produkti","9":"product_cat-viss-viriesiem","10":"product_tag-apvienotie-arabu-emirati","11":"product_tag-deodorant","12":"product_tag-dezodorants","13":"product_tag-illusion","14":"product_tag-iluzija","15":"product_tag-louis-cardin","16":"product_tag-roll-on","17":"product_tag-united-arab-emirates","18":"product_tag-3839","19":"product_tag-3847","20":"product_tag-3728","21":"pa_brand_nc-louis-cardin","22":"pa_ean_nc-3845","23":"pa_ean_nc-united-arab-emirates","25":"first","26":"instock","27":"sale","28":"taxable","29":"shipping-taxable","30":"purchasable","31":"product-type-simple"},"yoast_head":"<!-- This site is optimized with the Yoast SEO plugin v23.9 - https:\/\/yoast.com\/wordpress\/plugins\/seo\/ -->\n<title>Il\u016bzija<\/title>\n<meta name=\"description\" content=\"Unisex, Illusion Deo Roll-Ons s\u0101kas ar citrona, apels\u012bna, bergamotes, persika, \u0101bolu, pl\u016bmju, roz\u0101 pipara, za\u013co not\u012bm, kas dod vietu jasm\u012bnam, magnolijai, rozei, maijpu\u0137\u012btei, fr\u0113zijai, un nok\u013c\u016bst austrumu pamatnot\u012bm. no ciedra, balt\u0101 muskusa, amberga.\" \/>\n<meta name=\"robots\" content=\"index, follow, max-snippet:-1, max-image-preview:large, max-video-preview:-1\" \/>\n<link rel=\"canonical\" href=\"https:\/\/women.lv\/en\/product\/illusion-deo-roll-on\/\" \/>\n<meta property=\"og:locale\" content=\"en_GB\" \/>\n<meta property=\"og:type\" content=\"article\" \/>\n<meta property=\"og:title\" content=\"Il\u016bzija\" \/>\n<meta property=\"og:description\" content=\"Unisex, Illusion Deo Roll-Ons s\u0101kas ar citrona, apels\u012bna, bergamotes, persika, \u0101bolu, pl\u016bmju, roz\u0101 pipara, za\u013co not\u012bm, kas dod vietu jasm\u012bnam, magnolijai, rozei, maijpu\u0137\u012btei, fr\u0113zijai, un nok\u013c\u016bst austrumu pamatnot\u012bm. no ciedra, balt\u0101 muskusa, amberga.\" \/>\n<meta property=\"og:url\" content=\"https:\/\/women.lv\/en\/product\/illusion-deo-roll-on\/\" \/>\n<meta property=\"og:site_name\" content=\"Women Veikals\" \/>\n<meta property=\"article:modified_time\" content=\"2025-11-05T13:26:35+00:00\" \/>\n<meta property=\"og:image\" content=\"https:\/\/women.lv\/wp-content\/uploads\/nc\/catalog\/United-Arab-Emirates\/Louis-Cardin\/Deo-Roll-On\/illusion-deo-roll-on.jpg\" \/>\n\t<meta property=\"og:image:width\" content=\"1024\" \/>\n\t<meta property=\"og:image:height\" content=\"1024\" \/>\n\t<meta property=\"og:image:type\" content=\"image\/jpeg\" \/>\n<meta name=\"twitter:card\" content=\"summary_large_image\" \/>\n<script type=\"application\/ld+json\" class=\"yoast-schema-graph\">{\"@context\":\"https:\/\/schema.org\",\"@graph\":[{\"@type\":\"WebPage\",\"@id\":\"https:\/\/women.lv\/product\/illusion-deo-roll-on\/\",\"url\":\"https:\/\/women.lv\/product\/illusion-deo-roll-on\/\",\"name\":\"Il\u016bzija\",\"isPartOf\":{\"@id\":\"https:\/\/women.lv\/#website\"},\"primaryImageOfPage\":{\"@id\":\"https:\/\/women.lv\/product\/illusion-deo-roll-on\/#primaryimage\"},\"image\":{\"@id\":\"https:\/\/women.lv\/product\/illusion-deo-roll-on\/#primaryimage\"},\"thumbnailUrl\":\"https:\/\/women.lv\/wp-content\/uploads\/nc\/catalog\/United-Arab-Emirates\/Louis-Cardin\/Deo-Roll-On\/illusion-deo-roll-on.jpg\",\"datePublished\":\"2024-09-25T17:38:27+00:00\",\"dateModified\":\"2025-11-05T13:26:35+00:00\",\"description\":\"Unisex, Illusion Deo Roll-Ons s\u0101kas ar citrona, apels\u012bna, bergamotes, persika, \u0101bolu, pl\u016bmju, roz\u0101 pipara, za\u013co not\u012bm, kas dod vietu jasm\u012bnam, magnolijai, rozei, maijpu\u0137\u012btei, fr\u0113zijai, un nok\u013c\u016bst austrumu pamatnot\u012bm. no ciedra, balt\u0101 muskusa, amberga.\",\"breadcrumb\":{\"@id\":\"https:\/\/women.lv\/product\/illusion-deo-roll-on\/#breadcrumb\"},\"inLanguage\":\"en-GB\",\"potentialAction\":[{\"@type\":\"ReadAction\",\"target\":[\"https:\/\/women.lv\/product\/illusion-deo-roll-on\/\"]}]},{\"@type\":\"ImageObject\",\"inLanguage\":\"en-GB\",\"@id\":\"https:\/\/women.lv\/product\/illusion-deo-roll-on\/#primaryimage\",\"url\":\"https:\/\/women.lv\/wp-content\/uploads\/nc\/catalog\/United-Arab-Emirates\/Louis-Cardin\/Deo-Roll-On\/illusion-deo-roll-on.jpg\",\"contentUrl\":\"https:\/\/women.lv\/wp-content\/uploads\/nc\/catalog\/United-Arab-Emirates\/Louis-Cardin\/Deo-Roll-On\/illusion-deo-roll-on.jpg\",\"width\":1024,\"height\":1024,\"caption\":\"Il\u016bzija\"},{\"@type\":\"BreadcrumbList\",\"@id\":\"https:\/\/women.lv\/product\/illusion-deo-roll-on\/#breadcrumb\",\"itemListElement\":[{\"@type\":\"ListItem\",\"position\":1,\"name\":\"Home\",\"item\":\"https:\/\/women.lv\/\"},{\"@type\":\"ListItem\",\"position\":2,\"name\":\"Products\",\"item\":\"https:\/\/women.lv\/en\/shop\/\"},{\"@type\":\"ListItem\",\"position\":3,\"name\":\"Illusion Roll-on\"}]},{\"@type\":\"WebSite\",\"@id\":\"https:\/\/women.lv\/#website\",\"url\":\"https:\/\/women.lv\/\",\"name\":\"Women Veikals\",\"description\":\"Uzdr\u012bksties b\u016bt skaista\",\"potentialAction\":[{\"@type\":\"SearchAction\",\"target\":{\"@type\":\"EntryPoint\",\"urlTemplate\":\"https:\/\/women.lv\/?s={search_term_string}\"},\"query-input\":{\"@type\":\"PropertyValueSpecification\",\"valueRequired\":true,\"valueName\":\"search_term_string\"}}],\"inLanguage\":\"en-GB\"}]}<\/script>\n<!-- \/ Yoast SEO plugin. -->","yoast_head_json":{"title":"Il\u016bzija","description":"Unisex, Illusion Deo Roll-Ons s\u0101kas ar citrona, apels\u012bna, bergamotes, persika, \u0101bolu, pl\u016bmju, roz\u0101 pipara, za\u013co not\u012bm, kas dod vietu jasm\u012bnam, magnolijai, rozei, maijpu\u0137\u012btei, fr\u0113zijai, un nok\u013c\u016bst austrumu pamatnot\u012bm. no ciedra, balt\u0101 muskusa, amberga.","robots":{"index":"index","follow":"follow","max-snippet":"max-snippet:-1","max-image-preview":"max-image-preview:large","max-video-preview":"max-video-preview:-1"},"canonical":"https:\/\/women.lv\/en\/product\/illusion-deo-roll-on\/","og_locale":"en_GB","og_type":"article","og_title":"Il\u016bzija","og_description":"Unisex, Illusion Deo Roll-Ons s\u0101kas ar citrona, apels\u012bna, bergamotes, persika, \u0101bolu, pl\u016bmju, roz\u0101 pipara, za\u013co not\u012bm, kas dod vietu jasm\u012bnam, magnolijai, rozei, maijpu\u0137\u012btei, fr\u0113zijai, un nok\u013c\u016bst austrumu pamatnot\u012bm. no ciedra, balt\u0101 muskusa, amberga.","og_url":"https:\/\/women.lv\/en\/product\/illusion-deo-roll-on\/","og_site_name":"Women Veikals","article_modified_time":"2025-11-05T13:26:35+00:00","og_image":[{"width":1024,"height":1024,"url":"https:\/\/women.lv\/wp-content\/uploads\/nc\/catalog\/United-Arab-Emirates\/Louis-Cardin\/Deo-Roll-On\/illusion-deo-roll-on.jpg","type":"image\/jpeg"}],"twitter_card":"summary_large_image","schema":{"@context":"https:\/\/schema.org","@graph":[{"@type":"WebPage","@id":"https:\/\/women.lv\/product\/illusion-deo-roll-on\/","url":"https:\/\/women.lv\/product\/illusion-deo-roll-on\/","name":"Il\u016bzija","isPartOf":{"@id":"https:\/\/women.lv\/#website"},"primaryImageOfPage":{"@id":"https:\/\/women.lv\/product\/illusion-deo-roll-on\/#primaryimage"},"image":{"@id":"https:\/\/women.lv\/product\/illusion-deo-roll-on\/#primaryimage"},"thumbnailUrl":"https:\/\/women.lv\/wp-content\/uploads\/nc\/catalog\/United-Arab-Emirates\/Louis-Cardin\/Deo-Roll-On\/illusion-deo-roll-on.jpg","datePublished":"2024-09-25T17:38:27+00:00","dateModified":"2025-11-05T13:26:35+00:00","description":"Unisex, Illusion Deo Roll-Ons s\u0101kas ar citrona, apels\u012bna, bergamotes, persika, \u0101bolu, pl\u016bmju, roz\u0101 pipara, za\u013co not\u012bm, kas dod vietu jasm\u012bnam, magnolijai, rozei, maijpu\u0137\u012btei, fr\u0113zijai, un nok\u013c\u016bst austrumu pamatnot\u012bm. no ciedra, balt\u0101 muskusa, amberga.","breadcrumb":{"@id":"https:\/\/women.lv\/product\/illusion-deo-roll-on\/#breadcrumb"},"inLanguage":"en-GB","potentialAction":[{"@type":"ReadAction","target":["https:\/\/women.lv\/product\/illusion-deo-roll-on\/"]}]},{"@type":"ImageObject","inLanguage":"en-GB","@id":"https:\/\/women.lv\/product\/illusion-deo-roll-on\/#primaryimage","url":"https:\/\/women.lv\/wp-content\/uploads\/nc\/catalog\/United-Arab-Emirates\/Louis-Cardin\/Deo-Roll-On\/illusion-deo-roll-on.jpg","contentUrl":"https:\/\/women.lv\/wp-content\/uploads\/nc\/catalog\/United-Arab-Emirates\/Louis-Cardin\/Deo-Roll-On\/illusion-deo-roll-on.jpg","width":1024,"height":1024,"caption":"Il\u016bzija"},{"@type":"BreadcrumbList","@id":"https:\/\/women.lv\/product\/illusion-deo-roll-on\/#breadcrumb","itemListElement":[{"@type":"ListItem","position":1,"name":"Home","item":"https:\/\/women.lv\/"},{"@type":"ListItem","position":2,"name":"Products","item":"https:\/\/women.lv\/en\/shop\/"},{"@type":"ListItem","position":3,"name":"Illusion Roll-on"}]},{"@type":"WebSite","@id":"https:\/\/women.lv\/#website","url":"https:\/\/women.lv\/","name":"Women Veikals","description":"Uzdr\u012bksties b\u016bt skaista","potentialAction":[{"@type":"SearchAction","target":{"@type":"EntryPoint","urlTemplate":"https:\/\/women.lv\/?s={search_term_string}"},"query-input":{"@type":"PropertyValueSpecification","valueRequired":true,"valueName":"search_term_string"}}],"inLanguage":"en-GB"}]}},"_links":{"self":[{"href":"https:\/\/women.lv\/en\/wp-json\/wp\/v2\/product\/28995","targetHints":{"allow":["GET"]}}],"collection":[{"href":"https:\/\/women.lv\/en\/wp-json\/wp\/v2\/product"}],"about":[{"href":"https:\/\/women.lv\/en\/wp-json\/wp\/v2\/types\/product"}],"replies":[{"embeddable":true,"href":"https:\/\/women.lv\/en\/wp-json\/wp\/v2\/comments?post=28995"}],"version-history":[{"count":2,"href":"https:\/\/women.lv\/en\/wp-json\/wp\/v2\/product\/28995\/revisions"}],"predecessor-version":[{"id":29451,"href":"https:\/\/women.lv\/en\/wp-json\/wp\/v2\/product\/28995\/revisions\/29451"}],"wp:featuredmedia":[{"embeddable":true,"href":"https:\/\/women.lv\/en\/wp-json\/wp\/v2\/media\/28996"}],"wp:attachment":[{"href":"https:\/\/women.lv\/en\/wp-json\/wp\/v2\/media?parent=28995"}],"wp:term":[{"taxonomy":"product_brand","embeddable":true,"href":"https:\/\/women.lv\/en\/wp-json\/wp\/v2\/product_brand?post=28995"},{"taxonomy":"product_cat","embeddable":true,"href":"https:\/\/women.lv\/en\/wp-json\/wp\/v2\/product_cat?post=28995"},{"taxonomy":"product_tag","embeddable":true,"href":"https:\/\/women.lv\/en\/wp-json\/wp\/v2\/product_tag?post=28995"}],"curies":[{"name":"wp","href":"https:\/\/api.w.org\/{rel}","templated":true}]}}