{"id":28987,"date":"2024-09-25T10:18:47","date_gmt":"2024-09-25T10:18:47","guid":{"rendered":"https:\/\/women.lv\/?product=scenty-pink"},"modified":"2025-11-05T13:26:41","modified_gmt":"2025-11-05T13:26:41","slug":"scenty-pink","status":"publish","type":"product","link":"https:\/\/women.lv\/en\/product\/scenty-pink\/","title":{"rendered":"Scenty Pink"},"content":{"rendered":"<p><span style=\"font-family: Helvetica;\"><span style=\"font-size: 18px;\">Fragrant pink EDP opens with fresh fruity top notes of bergamot, neroli, orange, green, giving way to base notes of rose, jasmine, orange blossom, lily of the valley, strawberry, peach, coconut and patchouli. Musk, amber<\/span><\/span><\/p>","protected":false},"excerpt":{"rendered":"<p>Fragrant pink EDP opens with fresh fruity top notes of bergamot, neroli, orange, green, giving way to rose, jasmine, orange blossom,<\/p>","protected":false},"featured_media":28988,"comment_status":"open","ping_status":"closed","template":"","meta":[],"product_brand":[],"product_cat":[2232,2234,2215],"product_tag":[3727,3782,3811,3783,3721,3826,3784,3726,3827,3785,3728],"class_list":{"0":"post-28987","1":"product","2":"type-product","3":"status-publish","4":"has-post-thumbnail","6":"product_cat-aromats-lv","7":"product_cat-lv-for-her-edp","8":"product_cat-visi-produkti","9":"product_tag-apvienotie-arabu-emirati","10":"product_tag-edp","11":"product_tag-femme","12":"product_tag-fragrance","13":"product_tag-louis-cardin","14":"product_tag-scenty-pink","15":"product_tag-smarzas","16":"product_tag-united-arab-emirates","17":"product_tag-3827","18":"product_tag-3785","19":"product_tag-3728","20":"pa_brand_nc-louis-cardin","21":"pa_ean_nc-3825","22":"pa_izcelsmes-valsts-united-arab-emirates","23":"pa_izveleties-tilpumu-100-ml","24":"pa_izveleties-tilpumu-3-ml","26":"first","27":"instock","28":"taxable","29":"shipping-taxable","30":"purchasable","31":"product-type-variable"},"yoast_head":"<!-- This site is optimized with the Yoast SEO plugin v23.9 - https:\/\/yoast.com\/wordpress\/plugins\/seo\/ -->\n<title>Scenty Pink<\/title>\n<meta name=\"description\" content=\"Smar\u017e\u012bgi roz\u0101 EDP s\u0101kas ar svaig\u0101m aug\u013cu aug\u0161\u0113j\u0101m bergamotes, neroli, apels\u012bna, za\u013c\u0101s not\u012bm, dodot ce\u013cu uz ro\u017eu, jasm\u012bna, apels\u012bna ziedu, maijpu\u0137\u012b\u0161u, zeme\u0146u, persiku, kokosriekstu un pa\u010d\u016blijas pamatnot\u012bm. Muskuss, dzintars\" \/>\n<meta name=\"robots\" content=\"index, follow, max-snippet:-1, max-image-preview:large, max-video-preview:-1\" \/>\n<link rel=\"canonical\" href=\"https:\/\/women.lv\/en\/product\/scenty-pink\/\" \/>\n<meta property=\"og:locale\" content=\"en_GB\" \/>\n<meta property=\"og:type\" content=\"article\" \/>\n<meta property=\"og:title\" content=\"Scenty Pink\" \/>\n<meta property=\"og:description\" content=\"Smar\u017e\u012bgi roz\u0101 EDP s\u0101kas ar svaig\u0101m aug\u013cu aug\u0161\u0113j\u0101m bergamotes, neroli, apels\u012bna, za\u013c\u0101s not\u012bm, dodot ce\u013cu uz ro\u017eu, jasm\u012bna, apels\u012bna ziedu, maijpu\u0137\u012b\u0161u, zeme\u0146u, persiku, kokosriekstu un pa\u010d\u016blijas pamatnot\u012bm. Muskuss, dzintars\" \/>\n<meta property=\"og:url\" content=\"https:\/\/women.lv\/en\/product\/scenty-pink\/\" \/>\n<meta property=\"og:site_name\" content=\"Women Veikals\" \/>\n<meta property=\"article:modified_time\" content=\"2025-11-05T13:26:41+00:00\" \/>\n<meta property=\"og:image\" content=\"https:\/\/women.lv\/wp-content\/uploads\/nc\/catalog\/United-Arab-Emirates\/Louis-Cardin\/For-Her\/scenty-pink-femme-100ml.jpg\" \/>\n\t<meta property=\"og:image:width\" content=\"1024\" \/>\n\t<meta property=\"og:image:height\" content=\"1024\" \/>\n\t<meta property=\"og:image:type\" content=\"image\/jpeg\" \/>\n<meta name=\"twitter:card\" content=\"summary_large_image\" \/>\n<meta name=\"twitter:label1\" content=\"Estimated reading time\" \/>\n\t<meta name=\"twitter:data1\" content=\"1 minute\" \/>\n<script type=\"application\/ld+json\" class=\"yoast-schema-graph\">{\"@context\":\"https:\/\/schema.org\",\"@graph\":[{\"@type\":\"WebPage\",\"@id\":\"https:\/\/women.lv\/product\/scenty-pink\/\",\"url\":\"https:\/\/women.lv\/product\/scenty-pink\/\",\"name\":\"Scenty Pink\",\"isPartOf\":{\"@id\":\"https:\/\/women.lv\/#website\"},\"primaryImageOfPage\":{\"@id\":\"https:\/\/women.lv\/product\/scenty-pink\/#primaryimage\"},\"image\":{\"@id\":\"https:\/\/women.lv\/product\/scenty-pink\/#primaryimage\"},\"thumbnailUrl\":\"https:\/\/women.lv\/wp-content\/uploads\/nc\/catalog\/United-Arab-Emirates\/Louis-Cardin\/For-Her\/scenty-pink-femme-100ml.jpg\",\"datePublished\":\"2024-09-25T10:18:47+00:00\",\"dateModified\":\"2025-11-05T13:26:41+00:00\",\"description\":\"Smar\u017e\u012bgi roz\u0101 EDP s\u0101kas ar svaig\u0101m aug\u013cu aug\u0161\u0113j\u0101m bergamotes, neroli, apels\u012bna, za\u013c\u0101s not\u012bm, dodot ce\u013cu uz ro\u017eu, jasm\u012bna, apels\u012bna ziedu, maijpu\u0137\u012b\u0161u, zeme\u0146u, persiku, kokosriekstu un pa\u010d\u016blijas pamatnot\u012bm. Muskuss, dzintars\",\"breadcrumb\":{\"@id\":\"https:\/\/women.lv\/product\/scenty-pink\/#breadcrumb\"},\"inLanguage\":\"en-GB\",\"potentialAction\":[{\"@type\":\"ReadAction\",\"target\":[\"https:\/\/women.lv\/product\/scenty-pink\/\"]}]},{\"@type\":\"ImageObject\",\"inLanguage\":\"en-GB\",\"@id\":\"https:\/\/women.lv\/product\/scenty-pink\/#primaryimage\",\"url\":\"https:\/\/women.lv\/wp-content\/uploads\/nc\/catalog\/United-Arab-Emirates\/Louis-Cardin\/For-Her\/scenty-pink-femme-100ml.jpg\",\"contentUrl\":\"https:\/\/women.lv\/wp-content\/uploads\/nc\/catalog\/United-Arab-Emirates\/Louis-Cardin\/For-Her\/scenty-pink-femme-100ml.jpg\",\"width\":1024,\"height\":1024,\"caption\":\"Scenty Pink\"},{\"@type\":\"BreadcrumbList\",\"@id\":\"https:\/\/women.lv\/product\/scenty-pink\/#breadcrumb\",\"itemListElement\":[{\"@type\":\"ListItem\",\"position\":1,\"name\":\"Home\",\"item\":\"https:\/\/women.lv\/\"},{\"@type\":\"ListItem\",\"position\":2,\"name\":\"Products\",\"item\":\"https:\/\/women.lv\/en\/shop\/\"},{\"@type\":\"ListItem\",\"position\":3,\"name\":\"Scenty Pink\"}]},{\"@type\":\"WebSite\",\"@id\":\"https:\/\/women.lv\/#website\",\"url\":\"https:\/\/women.lv\/\",\"name\":\"Women Veikals\",\"description\":\"Uzdr\u012bksties b\u016bt skaista\",\"potentialAction\":[{\"@type\":\"SearchAction\",\"target\":{\"@type\":\"EntryPoint\",\"urlTemplate\":\"https:\/\/women.lv\/?s={search_term_string}\"},\"query-input\":{\"@type\":\"PropertyValueSpecification\",\"valueRequired\":true,\"valueName\":\"search_term_string\"}}],\"inLanguage\":\"en-GB\"}]}<\/script>\n<!-- \/ Yoast SEO plugin. -->","yoast_head_json":{"title":"Scenty Pink","description":"Smar\u017e\u012bgi roz\u0101 EDP s\u0101kas ar svaig\u0101m aug\u013cu aug\u0161\u0113j\u0101m bergamotes, neroli, apels\u012bna, za\u013c\u0101s not\u012bm, dodot ce\u013cu uz ro\u017eu, jasm\u012bna, apels\u012bna ziedu, maijpu\u0137\u012b\u0161u, zeme\u0146u, persiku, kokosriekstu un pa\u010d\u016blijas pamatnot\u012bm. Muskuss, dzintars","robots":{"index":"index","follow":"follow","max-snippet":"max-snippet:-1","max-image-preview":"max-image-preview:large","max-video-preview":"max-video-preview:-1"},"canonical":"https:\/\/women.lv\/en\/product\/scenty-pink\/","og_locale":"en_GB","og_type":"article","og_title":"Scenty Pink","og_description":"Smar\u017e\u012bgi roz\u0101 EDP s\u0101kas ar svaig\u0101m aug\u013cu aug\u0161\u0113j\u0101m bergamotes, neroli, apels\u012bna, za\u013c\u0101s not\u012bm, dodot ce\u013cu uz ro\u017eu, jasm\u012bna, apels\u012bna ziedu, maijpu\u0137\u012b\u0161u, zeme\u0146u, persiku, kokosriekstu un pa\u010d\u016blijas pamatnot\u012bm. Muskuss, dzintars","og_url":"https:\/\/women.lv\/en\/product\/scenty-pink\/","og_site_name":"Women Veikals","article_modified_time":"2025-11-05T13:26:41+00:00","og_image":[{"width":1024,"height":1024,"url":"https:\/\/women.lv\/wp-content\/uploads\/nc\/catalog\/United-Arab-Emirates\/Louis-Cardin\/For-Her\/scenty-pink-femme-100ml.jpg","type":"image\/jpeg"}],"twitter_card":"summary_large_image","twitter_misc":{"Estimated reading time":"1 minute"},"schema":{"@context":"https:\/\/schema.org","@graph":[{"@type":"WebPage","@id":"https:\/\/women.lv\/product\/scenty-pink\/","url":"https:\/\/women.lv\/product\/scenty-pink\/","name":"Scenty Pink","isPartOf":{"@id":"https:\/\/women.lv\/#website"},"primaryImageOfPage":{"@id":"https:\/\/women.lv\/product\/scenty-pink\/#primaryimage"},"image":{"@id":"https:\/\/women.lv\/product\/scenty-pink\/#primaryimage"},"thumbnailUrl":"https:\/\/women.lv\/wp-content\/uploads\/nc\/catalog\/United-Arab-Emirates\/Louis-Cardin\/For-Her\/scenty-pink-femme-100ml.jpg","datePublished":"2024-09-25T10:18:47+00:00","dateModified":"2025-11-05T13:26:41+00:00","description":"Smar\u017e\u012bgi roz\u0101 EDP s\u0101kas ar svaig\u0101m aug\u013cu aug\u0161\u0113j\u0101m bergamotes, neroli, apels\u012bna, za\u013c\u0101s not\u012bm, dodot ce\u013cu uz ro\u017eu, jasm\u012bna, apels\u012bna ziedu, maijpu\u0137\u012b\u0161u, zeme\u0146u, persiku, kokosriekstu un pa\u010d\u016blijas pamatnot\u012bm. Muskuss, dzintars","breadcrumb":{"@id":"https:\/\/women.lv\/product\/scenty-pink\/#breadcrumb"},"inLanguage":"en-GB","potentialAction":[{"@type":"ReadAction","target":["https:\/\/women.lv\/product\/scenty-pink\/"]}]},{"@type":"ImageObject","inLanguage":"en-GB","@id":"https:\/\/women.lv\/product\/scenty-pink\/#primaryimage","url":"https:\/\/women.lv\/wp-content\/uploads\/nc\/catalog\/United-Arab-Emirates\/Louis-Cardin\/For-Her\/scenty-pink-femme-100ml.jpg","contentUrl":"https:\/\/women.lv\/wp-content\/uploads\/nc\/catalog\/United-Arab-Emirates\/Louis-Cardin\/For-Her\/scenty-pink-femme-100ml.jpg","width":1024,"height":1024,"caption":"Scenty Pink"},{"@type":"BreadcrumbList","@id":"https:\/\/women.lv\/product\/scenty-pink\/#breadcrumb","itemListElement":[{"@type":"ListItem","position":1,"name":"Home","item":"https:\/\/women.lv\/"},{"@type":"ListItem","position":2,"name":"Products","item":"https:\/\/women.lv\/en\/shop\/"},{"@type":"ListItem","position":3,"name":"Scenty Pink"}]},{"@type":"WebSite","@id":"https:\/\/women.lv\/#website","url":"https:\/\/women.lv\/","name":"Women Veikals","description":"Uzdr\u012bksties b\u016bt skaista","potentialAction":[{"@type":"SearchAction","target":{"@type":"EntryPoint","urlTemplate":"https:\/\/women.lv\/?s={search_term_string}"},"query-input":{"@type":"PropertyValueSpecification","valueRequired":true,"valueName":"search_term_string"}}],"inLanguage":"en-GB"}]}},"_links":{"self":[{"href":"https:\/\/women.lv\/en\/wp-json\/wp\/v2\/product\/28987","targetHints":{"allow":["GET"]}}],"collection":[{"href":"https:\/\/women.lv\/en\/wp-json\/wp\/v2\/product"}],"about":[{"href":"https:\/\/women.lv\/en\/wp-json\/wp\/v2\/types\/product"}],"replies":[{"embeddable":true,"href":"https:\/\/women.lv\/en\/wp-json\/wp\/v2\/comments?post=28987"}],"version-history":[{"count":2,"href":"https:\/\/women.lv\/en\/wp-json\/wp\/v2\/product\/28987\/revisions"}],"predecessor-version":[{"id":29478,"href":"https:\/\/women.lv\/en\/wp-json\/wp\/v2\/product\/28987\/revisions\/29478"}],"wp:featuredmedia":[{"embeddable":true,"href":"https:\/\/women.lv\/en\/wp-json\/wp\/v2\/media\/28988"}],"wp:attachment":[{"href":"https:\/\/women.lv\/en\/wp-json\/wp\/v2\/media?parent=28987"}],"wp:term":[{"taxonomy":"product_brand","embeddable":true,"href":"https:\/\/women.lv\/en\/wp-json\/wp\/v2\/product_brand?post=28987"},{"taxonomy":"product_cat","embeddable":true,"href":"https:\/\/women.lv\/en\/wp-json\/wp\/v2\/product_cat?post=28987"},{"taxonomy":"product_tag","embeddable":true,"href":"https:\/\/women.lv\/en\/wp-json\/wp\/v2\/product_tag?post=28987"}],"curies":[{"name":"wp","href":"https:\/\/api.w.org\/{rel}","templated":true}]}}