{"id":28983,"date":"2024-09-25T10:05:55","date_gmt":"2024-09-25T10:05:55","guid":{"rendered":"https:\/\/women.lv\/?product=scenty-gold"},"modified":"2025-11-05T13:26:41","modified_gmt":"2025-11-05T13:26:41","slug":"scenty-gold","status":"publish","type":"product","link":"https:\/\/women.lv\/en\/product\/scenty-gold\/","title":{"rendered":"Scenty Gold"},"content":{"rendered":"<p><span style=\"font-family: Helvetica;\"><span style=\"font-size: 18px;\">Scenty Gold EDP opens with fresh green top notes of green, mandarin, sage, giving way to ozonic floral middle notes of rose, lily of the valley, geranium, sea and earth notes of amber, musk, sandalwood, tobacco.<\/span><\/span><\/p>","protected":false},"excerpt":{"rendered":"<p>Scenty Gold EDP opens with fresh green top notes of green, mandarin, sage, giving way to ozonic floral middle notes of rose, lily of the valley,<\/p>","protected":false},"featured_media":28984,"comment_status":"open","ping_status":"closed","template":"","meta":[],"product_brand":[],"product_cat":[2232,2234,2215],"product_tag":[3727,3782,3811,3783,3721,3820,3784,3726,3821,3785,3728],"class_list":{"0":"post-28983","1":"product","2":"type-product","3":"status-publish","4":"has-post-thumbnail","6":"product_cat-aromats-lv","7":"product_cat-lv-for-her-edp","8":"product_cat-visi-produkti","9":"product_tag-apvienotie-arabu-emirati","10":"product_tag-edp","11":"product_tag-femme","12":"product_tag-fragrance","13":"product_tag-louis-cardin","14":"product_tag-scenty-gold","15":"product_tag-smarzas","16":"product_tag-united-arab-emirates","17":"product_tag-3821","18":"product_tag-3785","19":"product_tag-3728","20":"pa_brand_nc-louis-cardin","21":"pa_ean_nc-3819","22":"pa_izcelsmes-valsts-united-arab-emirates","23":"pa_izveleties-tilpumu-100-ml","24":"pa_izveleties-tilpumu-3-ml","26":"first","27":"instock","28":"taxable","29":"shipping-taxable","30":"purchasable","31":"product-type-variable"},"yoast_head":"<!-- This site is optimized with the Yoast SEO plugin v27.4 - https:\/\/yoast.com\/product\/yoast-seo-wordpress\/ -->\n<title>Scenty Gold<\/title>\n<meta name=\"description\" content=\"Scenty Gold EDP s\u0101kas ar svaigi za\u013c\u0101m za\u013c\u0101, mandar\u012bna, salvijas aug\u0161\u0113j\u0101m not\u012bm, dodot ce\u013cu uz ozonisk\u0101m ziedu vid\u0113j\u0101m ro\u017eu, maijpu\u0137\u012b\u0161u, \u0123er\u0101nijas, j\u016bras un zemju not\u012bm dzintara, muskusa, sandalkoka, tabakas not\u012bm.\" \/>\n<meta name=\"robots\" content=\"index, follow, max-snippet:-1, max-image-preview:large, max-video-preview:-1\" \/>\n<link rel=\"canonical\" href=\"https:\/\/women.lv\/en\/product\/scenty-gold\/\" \/>\n<meta property=\"og:locale\" content=\"en_GB\" \/>\n<meta property=\"og:type\" content=\"article\" \/>\n<meta property=\"og:title\" content=\"Scenty Gold\" \/>\n<meta property=\"og:description\" content=\"Scenty Gold EDP s\u0101kas ar svaigi za\u013c\u0101m za\u013c\u0101, mandar\u012bna, salvijas aug\u0161\u0113j\u0101m not\u012bm, dodot ce\u013cu uz ozonisk\u0101m ziedu vid\u0113j\u0101m ro\u017eu, maijpu\u0137\u012b\u0161u, \u0123er\u0101nijas, j\u016bras un zemju not\u012bm dzintara, muskusa, sandalkoka, tabakas not\u012bm.\" \/>\n<meta property=\"og:url\" content=\"https:\/\/women.lv\/en\/product\/scenty-gold\/\" \/>\n<meta property=\"og:site_name\" content=\"Women Veikals\" \/>\n<meta property=\"article:modified_time\" content=\"2025-11-05T13:26:41+00:00\" \/>\n<meta property=\"og:image\" content=\"https:\/\/women.lv\/wp-content\/uploads\/nc\/catalog\/United-Arab-Emirates\/Louis-Cardin\/For-Her\/scenty-gold-femme-100ml.jpg\" \/>\n\t<meta property=\"og:image:width\" content=\"1024\" \/>\n\t<meta property=\"og:image:height\" content=\"1024\" \/>\n\t<meta property=\"og:image:type\" content=\"image\/jpeg\" \/>\n<meta name=\"twitter:card\" content=\"summary_large_image\" \/>\n<meta name=\"twitter:label1\" content=\"Estimated reading time\" \/>\n\t<meta name=\"twitter:data1\" content=\"1 minute\" \/>\n<script type=\"application\/ld+json\" class=\"yoast-schema-graph\">{\"@context\":\"https:\\\/\\\/schema.org\",\"@graph\":[{\"@type\":\"WebPage\",\"@id\":\"https:\\\/\\\/women.lv\\\/product\\\/scenty-gold\\\/\",\"url\":\"https:\\\/\\\/women.lv\\\/product\\\/scenty-gold\\\/\",\"name\":\"Scenty Gold\",\"isPartOf\":{\"@id\":\"https:\\\/\\\/women.lv\\\/#website\"},\"primaryImageOfPage\":{\"@id\":\"https:\\\/\\\/women.lv\\\/product\\\/scenty-gold\\\/#primaryimage\"},\"image\":{\"@id\":\"https:\\\/\\\/women.lv\\\/product\\\/scenty-gold\\\/#primaryimage\"},\"thumbnailUrl\":\"https:\\\/\\\/women.lv\\\/wp-content\\\/uploads\\\/nc\\\/catalog\\\/United-Arab-Emirates\\\/Louis-Cardin\\\/For-Her\\\/scenty-gold-femme-100ml.jpg\",\"datePublished\":\"2024-09-25T10:05:55+00:00\",\"dateModified\":\"2025-11-05T13:26:41+00:00\",\"description\":\"Scenty Gold EDP s\u0101kas ar svaigi za\u013c\u0101m za\u013c\u0101, mandar\u012bna, salvijas aug\u0161\u0113j\u0101m not\u012bm, dodot ce\u013cu uz ozonisk\u0101m ziedu vid\u0113j\u0101m ro\u017eu, maijpu\u0137\u012b\u0161u, \u0123er\u0101nijas, j\u016bras un zemju not\u012bm dzintara, muskusa, sandalkoka, tabakas not\u012bm.\",\"breadcrumb\":{\"@id\":\"https:\\\/\\\/women.lv\\\/product\\\/scenty-gold\\\/#breadcrumb\"},\"inLanguage\":\"en-GB\",\"potentialAction\":[{\"@type\":\"ReadAction\",\"target\":[\"https:\\\/\\\/women.lv\\\/product\\\/scenty-gold\\\/\"]}]},{\"@type\":\"ImageObject\",\"inLanguage\":\"en-GB\",\"@id\":\"https:\\\/\\\/women.lv\\\/product\\\/scenty-gold\\\/#primaryimage\",\"url\":\"https:\\\/\\\/women.lv\\\/wp-content\\\/uploads\\\/nc\\\/catalog\\\/United-Arab-Emirates\\\/Louis-Cardin\\\/For-Her\\\/scenty-gold-femme-100ml.jpg\",\"contentUrl\":\"https:\\\/\\\/women.lv\\\/wp-content\\\/uploads\\\/nc\\\/catalog\\\/United-Arab-Emirates\\\/Louis-Cardin\\\/For-Her\\\/scenty-gold-femme-100ml.jpg\",\"width\":1024,\"height\":1024,\"caption\":\"Scenty Gold\"},{\"@type\":\"BreadcrumbList\",\"@id\":\"https:\\\/\\\/women.lv\\\/product\\\/scenty-gold\\\/#breadcrumb\",\"itemListElement\":[{\"@type\":\"ListItem\",\"position\":1,\"name\":\"Home\",\"item\":\"https:\\\/\\\/women.lv\\\/\"},{\"@type\":\"ListItem\",\"position\":2,\"name\":\"Products\",\"item\":\"https:\\\/\\\/women.lv\\\/en\\\/shop\\\/\"},{\"@type\":\"ListItem\",\"position\":3,\"name\":\"Scenty Gold\"}]},{\"@type\":\"WebSite\",\"@id\":\"https:\\\/\\\/women.lv\\\/#website\",\"url\":\"https:\\\/\\\/women.lv\\\/\",\"name\":\"Women Veikals\",\"description\":\"Uzdr\u012bksties b\u016bt skaista\",\"potentialAction\":[{\"@type\":\"SearchAction\",\"target\":{\"@type\":\"EntryPoint\",\"urlTemplate\":\"https:\\\/\\\/women.lv\\\/?s={search_term_string}\"},\"query-input\":{\"@type\":\"PropertyValueSpecification\",\"valueRequired\":true,\"valueName\":\"search_term_string\"}}],\"inLanguage\":\"en-GB\"}]}<\/script>\n<!-- \/ Yoast SEO plugin. -->","yoast_head_json":{"title":"Scenty Gold","description":"Scenty Gold EDP opens with fresh green top notes of green, mandarin, sage, giving way to ozonic floral middle notes of rose, lily of the valley, geranium, sea and earth notes of amber, musk, sandalwood, tobacco.","robots":{"index":"index","follow":"follow","max-snippet":"max-snippet:-1","max-image-preview":"max-image-preview:large","max-video-preview":"max-video-preview:-1"},"canonical":"https:\/\/women.lv\/en\/product\/scenty-gold\/","og_locale":"en_GB","og_type":"article","og_title":"Scenty Gold","og_description":"Scenty Gold EDP s\u0101kas ar svaigi za\u013c\u0101m za\u013c\u0101, mandar\u012bna, salvijas aug\u0161\u0113j\u0101m not\u012bm, dodot ce\u013cu uz ozonisk\u0101m ziedu vid\u0113j\u0101m ro\u017eu, maijpu\u0137\u012b\u0161u, \u0123er\u0101nijas, j\u016bras un zemju not\u012bm dzintara, muskusa, sandalkoka, tabakas not\u012bm.","og_url":"https:\/\/women.lv\/en\/product\/scenty-gold\/","og_site_name":"Women Veikals","article_modified_time":"2025-11-05T13:26:41+00:00","og_image":[{"width":1024,"height":1024,"url":"https:\/\/women.lv\/wp-content\/uploads\/nc\/catalog\/United-Arab-Emirates\/Louis-Cardin\/For-Her\/scenty-gold-femme-100ml.jpg","type":"image\/jpeg"}],"twitter_card":"summary_large_image","twitter_misc":{"Estimated reading time":"1 minute"},"schema":{"@context":"https:\/\/schema.org","@graph":[{"@type":"WebPage","@id":"https:\/\/women.lv\/product\/scenty-gold\/","url":"https:\/\/women.lv\/product\/scenty-gold\/","name":"Scenty Gold","isPartOf":{"@id":"https:\/\/women.lv\/#website"},"primaryImageOfPage":{"@id":"https:\/\/women.lv\/product\/scenty-gold\/#primaryimage"},"image":{"@id":"https:\/\/women.lv\/product\/scenty-gold\/#primaryimage"},"thumbnailUrl":"https:\/\/women.lv\/wp-content\/uploads\/nc\/catalog\/United-Arab-Emirates\/Louis-Cardin\/For-Her\/scenty-gold-femme-100ml.jpg","datePublished":"2024-09-25T10:05:55+00:00","dateModified":"2025-11-05T13:26:41+00:00","description":"Scenty Gold EDP opens with fresh green top notes of green, mandarin, sage, giving way to ozonic floral middle notes of rose, lily of the valley, geranium, sea and earth notes of amber, musk, sandalwood, tobacco.","breadcrumb":{"@id":"https:\/\/women.lv\/product\/scenty-gold\/#breadcrumb"},"inLanguage":"en-GB","potentialAction":[{"@type":"ReadAction","target":["https:\/\/women.lv\/product\/scenty-gold\/"]}]},{"@type":"ImageObject","inLanguage":"en-GB","@id":"https:\/\/women.lv\/product\/scenty-gold\/#primaryimage","url":"https:\/\/women.lv\/wp-content\/uploads\/nc\/catalog\/United-Arab-Emirates\/Louis-Cardin\/For-Her\/scenty-gold-femme-100ml.jpg","contentUrl":"https:\/\/women.lv\/wp-content\/uploads\/nc\/catalog\/United-Arab-Emirates\/Louis-Cardin\/For-Her\/scenty-gold-femme-100ml.jpg","width":1024,"height":1024,"caption":"Scenty Gold"},{"@type":"BreadcrumbList","@id":"https:\/\/women.lv\/product\/scenty-gold\/#breadcrumb","itemListElement":[{"@type":"ListItem","position":1,"name":"Home","item":"https:\/\/women.lv\/"},{"@type":"ListItem","position":2,"name":"Products","item":"https:\/\/women.lv\/en\/shop\/"},{"@type":"ListItem","position":3,"name":"Scenty Gold"}]},{"@type":"WebSite","@id":"https:\/\/women.lv\/#website","url":"https:\/\/women.lv\/","name":"Women Shop","description":"Uzdr\u012bksties b\u016bt skaista","potentialAction":[{"@type":"SearchAction","target":{"@type":"EntryPoint","urlTemplate":"https:\/\/women.lv\/?s={search_term_string}"},"query-input":{"@type":"PropertyValueSpecification","valueRequired":true,"valueName":"search_term_string"}}],"inLanguage":"en-GB"}]}},"_links":{"self":[{"href":"https:\/\/women.lv\/en\/wp-json\/wp\/v2\/product\/28983","targetHints":{"allow":["GET"]}}],"collection":[{"href":"https:\/\/women.lv\/en\/wp-json\/wp\/v2\/product"}],"about":[{"href":"https:\/\/women.lv\/en\/wp-json\/wp\/v2\/types\/product"}],"replies":[{"embeddable":true,"href":"https:\/\/women.lv\/en\/wp-json\/wp\/v2\/comments?post=28983"}],"version-history":[{"count":2,"href":"https:\/\/women.lv\/en\/wp-json\/wp\/v2\/product\/28983\/revisions"}],"predecessor-version":[{"id":29481,"href":"https:\/\/women.lv\/en\/wp-json\/wp\/v2\/product\/28983\/revisions\/29481"}],"wp:featuredmedia":[{"embeddable":true,"href":"https:\/\/women.lv\/en\/wp-json\/wp\/v2\/media\/28984"}],"wp:attachment":[{"href":"https:\/\/women.lv\/en\/wp-json\/wp\/v2\/media?parent=28983"}],"wp:term":[{"taxonomy":"product_brand","embeddable":true,"href":"https:\/\/women.lv\/en\/wp-json\/wp\/v2\/product_brand?post=28983"},{"taxonomy":"product_cat","embeddable":true,"href":"https:\/\/women.lv\/en\/wp-json\/wp\/v2\/product_cat?post=28983"},{"taxonomy":"product_tag","embeddable":true,"href":"https:\/\/women.lv\/en\/wp-json\/wp\/v2\/product_tag?post=28983"}],"curies":[{"name":"wp","href":"https:\/\/api.w.org\/{rel}","templated":true}]}}