{"id":28973,"date":"2024-09-24T22:44:48","date_gmt":"2024-09-24T22:44:48","guid":{"rendered":"https:\/\/women.lv\/?product=aspiration-homme"},"modified":"2025-11-05T13:26:36","modified_gmt":"2025-11-05T13:26:36","slug":"aspiration-homme-edt","status":"publish","type":"product","link":"https:\/\/women.lv\/en\/product\/aspiration-homme-edt\/","title":{"rendered":"Aspiration Homme EDT"},"content":{"rendered":"<p><span style=\"font-family: Helvetica;\"><span style=\"font-size: 18px;\">Aspiration EDT opens with fresh spicy notes of lemon, cypress, lavender, pepper, giving way to aromatic middle notes of orange blossom, patchouli, thyme and earth on a base of leather, amber, sandalwood.<\/span><\/span><\/p>","protected":false},"excerpt":{"rendered":"<p>Aspiration EDT opens with fresh spicy notes of lemon, cypress, lavender, pepper, giving way to aromatic middle notes of orange blossom, patchouli, thyme<\/p>","protected":false},"featured_media":28974,"comment_status":"open","ping_status":"closed","template":"","meta":[],"product_brand":[],"product_cat":[2220,2215,2232,2235],"product_tag":[3727,3804,3782,4206,3783,3721,3784,3726,3785,3728,3805],"class_list":{"0":"post-28973","1":"product","2":"type-product","3":"status-publish","4":"has-post-thumbnail","6":"product_cat-viss-viriesiem","7":"product_cat-visi-produkti","8":"product_cat-aromats-lv","9":"product_cat-lv-for-him-edp","10":"product_tag-apvienotie-arabu-emirati","11":"product_tag-aspiration-homme","12":"product_tag-edp","13":"product_tag-edt","14":"product_tag-fragrance","15":"product_tag-louis-cardin","16":"product_tag-smarzas","17":"product_tag-united-arab-emirates","18":"product_tag-3785","19":"product_tag-3728","20":"product_tag-3805","21":"pa_brand_nc-louis-cardin","22":"pa_ean_nc-3803","23":"pa_izcelsmes-valsts-united-arab-emirates","24":"pa_izveleties-tilpumu-100-ml","25":"pa_izveleties-tilpumu-3-ml","27":"first","28":"instock","29":"taxable","30":"shipping-taxable","31":"purchasable","32":"product-type-variable"},"yoast_head":"<!-- This site is optimized with the Yoast SEO plugin v23.9 - https:\/\/yoast.com\/wordpress\/plugins\/seo\/ -->\n<title>Aspiration Homme<\/title>\n<meta name=\"description\" content=\"Aspiration EDT atveras ar svaig\u0101m pikant\u0101m citrona, ciprese, lavandas, piparu not\u012bm, dodot ce\u013cu uz arom\u0101tisk\u0101m vid\u0113j\u0101m apels\u012bna ziedu, pa\u010d\u016blijas, timi\u0101na un zemju not\u012bm, pamatojoties uz \u0101das, dzintara, sandalkoka not\u012bm.\" \/>\n<meta name=\"robots\" content=\"index, follow, max-snippet:-1, max-image-preview:large, max-video-preview:-1\" \/>\n<link rel=\"canonical\" href=\"https:\/\/women.lv\/en\/product\/aspiration-homme-edt\/\" \/>\n<meta property=\"og:locale\" content=\"en_GB\" \/>\n<meta property=\"og:type\" content=\"article\" \/>\n<meta property=\"og:title\" content=\"Aspiration Homme\" \/>\n<meta property=\"og:description\" content=\"Aspiration EDT atveras ar svaig\u0101m pikant\u0101m citrona, ciprese, lavandas, piparu not\u012bm, dodot ce\u013cu uz arom\u0101tisk\u0101m vid\u0113j\u0101m apels\u012bna ziedu, pa\u010d\u016blijas, timi\u0101na un zemju not\u012bm, pamatojoties uz \u0101das, dzintara, sandalkoka not\u012bm.\" \/>\n<meta property=\"og:url\" content=\"https:\/\/women.lv\/en\/product\/aspiration-homme-edt\/\" \/>\n<meta property=\"og:site_name\" content=\"Women Veikals\" \/>\n<meta property=\"article:modified_time\" content=\"2025-11-05T13:26:36+00:00\" \/>\n<meta property=\"og:image\" content=\"https:\/\/women.lv\/wp-content\/uploads\/nc\/catalog\/United-Arab-Emirates\/Louis-Cardin\/For-Him\/aspiration-homme-100ml.png\" \/>\n\t<meta property=\"og:image:width\" content=\"1028\" \/>\n\t<meta property=\"og:image:height\" content=\"1023\" \/>\n\t<meta property=\"og:image:type\" content=\"image\/png\" \/>\n<meta name=\"twitter:card\" content=\"summary_large_image\" \/>\n<meta name=\"twitter:label1\" content=\"Estimated reading time\" \/>\n\t<meta name=\"twitter:data1\" content=\"1 minute\" \/>\n<script type=\"application\/ld+json\" class=\"yoast-schema-graph\">{\"@context\":\"https:\/\/schema.org\",\"@graph\":[{\"@type\":\"WebPage\",\"@id\":\"https:\/\/women.lv\/product\/aspiration-homme-edt\/\",\"url\":\"https:\/\/women.lv\/product\/aspiration-homme-edt\/\",\"name\":\"Aspiration Homme\",\"isPartOf\":{\"@id\":\"https:\/\/women.lv\/#website\"},\"primaryImageOfPage\":{\"@id\":\"https:\/\/women.lv\/product\/aspiration-homme-edt\/#primaryimage\"},\"image\":{\"@id\":\"https:\/\/women.lv\/product\/aspiration-homme-edt\/#primaryimage\"},\"thumbnailUrl\":\"https:\/\/women.lv\/wp-content\/uploads\/nc\/catalog\/United-Arab-Emirates\/Louis-Cardin\/For-Him\/aspiration-homme-100ml.png\",\"datePublished\":\"2024-09-24T22:44:48+00:00\",\"dateModified\":\"2025-11-05T13:26:36+00:00\",\"description\":\"Aspiration EDT atveras ar svaig\u0101m pikant\u0101m citrona, ciprese, lavandas, piparu not\u012bm, dodot ce\u013cu uz arom\u0101tisk\u0101m vid\u0113j\u0101m apels\u012bna ziedu, pa\u010d\u016blijas, timi\u0101na un zemju not\u012bm, pamatojoties uz \u0101das, dzintara, sandalkoka not\u012bm.\",\"breadcrumb\":{\"@id\":\"https:\/\/women.lv\/product\/aspiration-homme-edt\/#breadcrumb\"},\"inLanguage\":\"en-GB\",\"potentialAction\":[{\"@type\":\"ReadAction\",\"target\":[\"https:\/\/women.lv\/product\/aspiration-homme-edt\/\"]}]},{\"@type\":\"ImageObject\",\"inLanguage\":\"en-GB\",\"@id\":\"https:\/\/women.lv\/product\/aspiration-homme-edt\/#primaryimage\",\"url\":\"https:\/\/women.lv\/wp-content\/uploads\/nc\/catalog\/United-Arab-Emirates\/Louis-Cardin\/For-Him\/aspiration-homme-100ml.png\",\"contentUrl\":\"https:\/\/women.lv\/wp-content\/uploads\/nc\/catalog\/United-Arab-Emirates\/Louis-Cardin\/For-Him\/aspiration-homme-100ml.png\",\"width\":1028,\"height\":1023,\"caption\":\"Aspiration Homme\"},{\"@type\":\"BreadcrumbList\",\"@id\":\"https:\/\/women.lv\/product\/aspiration-homme-edt\/#breadcrumb\",\"itemListElement\":[{\"@type\":\"ListItem\",\"position\":1,\"name\":\"Home\",\"item\":\"https:\/\/women.lv\/\"},{\"@type\":\"ListItem\",\"position\":2,\"name\":\"Products\",\"item\":\"https:\/\/women.lv\/en\/shop\/\"},{\"@type\":\"ListItem\",\"position\":3,\"name\":\"Aspiration Homme EDT\"}]},{\"@type\":\"WebSite\",\"@id\":\"https:\/\/women.lv\/#website\",\"url\":\"https:\/\/women.lv\/\",\"name\":\"Women Veikals\",\"description\":\"Uzdr\u012bksties b\u016bt skaista\",\"potentialAction\":[{\"@type\":\"SearchAction\",\"target\":{\"@type\":\"EntryPoint\",\"urlTemplate\":\"https:\/\/women.lv\/?s={search_term_string}\"},\"query-input\":{\"@type\":\"PropertyValueSpecification\",\"valueRequired\":true,\"valueName\":\"search_term_string\"}}],\"inLanguage\":\"en-GB\"}]}<\/script>\n<!-- \/ Yoast SEO plugin. -->","yoast_head_json":{"title":"Aspiration Homme","description":"Aspiration EDT atveras ar svaig\u0101m pikant\u0101m citrona, ciprese, lavandas, piparu not\u012bm, dodot ce\u013cu uz arom\u0101tisk\u0101m vid\u0113j\u0101m apels\u012bna ziedu, pa\u010d\u016blijas, timi\u0101na un zemju not\u012bm, pamatojoties uz \u0101das, dzintara, sandalkoka not\u012bm.","robots":{"index":"index","follow":"follow","max-snippet":"max-snippet:-1","max-image-preview":"max-image-preview:large","max-video-preview":"max-video-preview:-1"},"canonical":"https:\/\/women.lv\/en\/product\/aspiration-homme-edt\/","og_locale":"en_GB","og_type":"article","og_title":"Aspiration Homme","og_description":"Aspiration EDT atveras ar svaig\u0101m pikant\u0101m citrona, ciprese, lavandas, piparu not\u012bm, dodot ce\u013cu uz arom\u0101tisk\u0101m vid\u0113j\u0101m apels\u012bna ziedu, pa\u010d\u016blijas, timi\u0101na un zemju not\u012bm, pamatojoties uz \u0101das, dzintara, sandalkoka not\u012bm.","og_url":"https:\/\/women.lv\/en\/product\/aspiration-homme-edt\/","og_site_name":"Women Veikals","article_modified_time":"2025-11-05T13:26:36+00:00","og_image":[{"width":1028,"height":1023,"url":"https:\/\/women.lv\/wp-content\/uploads\/nc\/catalog\/United-Arab-Emirates\/Louis-Cardin\/For-Him\/aspiration-homme-100ml.png","type":"image\/png"}],"twitter_card":"summary_large_image","twitter_misc":{"Estimated reading time":"1 minute"},"schema":{"@context":"https:\/\/schema.org","@graph":[{"@type":"WebPage","@id":"https:\/\/women.lv\/product\/aspiration-homme-edt\/","url":"https:\/\/women.lv\/product\/aspiration-homme-edt\/","name":"Aspiration Homme","isPartOf":{"@id":"https:\/\/women.lv\/#website"},"primaryImageOfPage":{"@id":"https:\/\/women.lv\/product\/aspiration-homme-edt\/#primaryimage"},"image":{"@id":"https:\/\/women.lv\/product\/aspiration-homme-edt\/#primaryimage"},"thumbnailUrl":"https:\/\/women.lv\/wp-content\/uploads\/nc\/catalog\/United-Arab-Emirates\/Louis-Cardin\/For-Him\/aspiration-homme-100ml.png","datePublished":"2024-09-24T22:44:48+00:00","dateModified":"2025-11-05T13:26:36+00:00","description":"Aspiration EDT atveras ar svaig\u0101m pikant\u0101m citrona, ciprese, lavandas, piparu not\u012bm, dodot ce\u013cu uz arom\u0101tisk\u0101m vid\u0113j\u0101m apels\u012bna ziedu, pa\u010d\u016blijas, timi\u0101na un zemju not\u012bm, pamatojoties uz \u0101das, dzintara, sandalkoka not\u012bm.","breadcrumb":{"@id":"https:\/\/women.lv\/product\/aspiration-homme-edt\/#breadcrumb"},"inLanguage":"en-GB","potentialAction":[{"@type":"ReadAction","target":["https:\/\/women.lv\/product\/aspiration-homme-edt\/"]}]},{"@type":"ImageObject","inLanguage":"en-GB","@id":"https:\/\/women.lv\/product\/aspiration-homme-edt\/#primaryimage","url":"https:\/\/women.lv\/wp-content\/uploads\/nc\/catalog\/United-Arab-Emirates\/Louis-Cardin\/For-Him\/aspiration-homme-100ml.png","contentUrl":"https:\/\/women.lv\/wp-content\/uploads\/nc\/catalog\/United-Arab-Emirates\/Louis-Cardin\/For-Him\/aspiration-homme-100ml.png","width":1028,"height":1023,"caption":"Aspiration Homme"},{"@type":"BreadcrumbList","@id":"https:\/\/women.lv\/product\/aspiration-homme-edt\/#breadcrumb","itemListElement":[{"@type":"ListItem","position":1,"name":"Home","item":"https:\/\/women.lv\/"},{"@type":"ListItem","position":2,"name":"Products","item":"https:\/\/women.lv\/en\/shop\/"},{"@type":"ListItem","position":3,"name":"Aspiration Homme EDT"}]},{"@type":"WebSite","@id":"https:\/\/women.lv\/#website","url":"https:\/\/women.lv\/","name":"Women Veikals","description":"Uzdr\u012bksties b\u016bt skaista","potentialAction":[{"@type":"SearchAction","target":{"@type":"EntryPoint","urlTemplate":"https:\/\/women.lv\/?s={search_term_string}"},"query-input":{"@type":"PropertyValueSpecification","valueRequired":true,"valueName":"search_term_string"}}],"inLanguage":"en-GB"}]}},"_links":{"self":[{"href":"https:\/\/women.lv\/en\/wp-json\/wp\/v2\/product\/28973","targetHints":{"allow":["GET"]}}],"collection":[{"href":"https:\/\/women.lv\/en\/wp-json\/wp\/v2\/product"}],"about":[{"href":"https:\/\/women.lv\/en\/wp-json\/wp\/v2\/types\/product"}],"replies":[{"embeddable":true,"href":"https:\/\/women.lv\/en\/wp-json\/wp\/v2\/comments?post=28973"}],"version-history":[{"count":9,"href":"https:\/\/women.lv\/en\/wp-json\/wp\/v2\/product\/28973\/revisions"}],"predecessor-version":[{"id":32042,"href":"https:\/\/women.lv\/en\/wp-json\/wp\/v2\/product\/28973\/revisions\/32042"}],"wp:featuredmedia":[{"embeddable":true,"href":"https:\/\/women.lv\/en\/wp-json\/wp\/v2\/media\/28974"}],"wp:attachment":[{"href":"https:\/\/women.lv\/en\/wp-json\/wp\/v2\/media?parent=28973"}],"wp:term":[{"taxonomy":"product_brand","embeddable":true,"href":"https:\/\/women.lv\/en\/wp-json\/wp\/v2\/product_brand?post=28973"},{"taxonomy":"product_cat","embeddable":true,"href":"https:\/\/women.lv\/en\/wp-json\/wp\/v2\/product_cat?post=28973"},{"taxonomy":"product_tag","embeddable":true,"href":"https:\/\/women.lv\/en\/wp-json\/wp\/v2\/product_tag?post=28973"}],"curies":[{"name":"wp","href":"https:\/\/api.w.org\/{rel}","templated":true}]}}