{"id":28969,"date":"2024-09-24T22:09:02","date_gmt":"2024-09-24T22:09:02","guid":{"rendered":"https:\/\/women.lv\/?product=dnuit-homme"},"modified":"2025-11-05T13:26:36","modified_gmt":"2025-11-05T13:26:36","slug":"dnuit-homme","status":"publish","type":"product","link":"https:\/\/women.lv\/en\/product\/dnuit-homme\/","title":{"rendered":"D&#039;Nuit Homme"},"content":{"rendered":"<p><span style=\"font-family: Helvetica;\"><span style=\"font-size: 18px;\">D&#039;Nuit EDP opens with fresh top notes of bergamot, cardamom, clove, giving way to green middle notes of juniper berries, green notes and base notes of patchouli, cedar wood.<\/span><\/span><\/p>","protected":false},"excerpt":{"rendered":"<p>D&#039;Nuit EDP opens with fresh top notes of bergamot, cardamom, clove, giving way to green middle notes of juniper berries, green notes<\/p>","protected":false},"featured_media":28970,"comment_status":"open","ping_status":"closed","template":"","meta":[],"product_brand":[],"product_cat":[2232,2235,2215,2220],"product_tag":[3727,3799,3798,3782,3783,3721,3784,3726,3785,3728],"class_list":{"0":"post-28969","1":"product","2":"type-product","3":"status-publish","4":"has-post-thumbnail","6":"product_cat-aromats-lv","7":"product_cat-lv-for-him-edp","8":"product_cat-visi-produkti","9":"product_cat-viss-viriesiem","10":"product_tag-apvienotie-arabu-emirati","11":"product_tag-d--","12":"product_tag-dnuit-homme","13":"product_tag-edp","14":"product_tag-fragrance","15":"product_tag-louis-cardin","16":"product_tag-smarzas","17":"product_tag-united-arab-emirates","18":"product_tag-3785","19":"product_tag-3728","20":"pa_brand_nc-louis-cardin","21":"pa_ean_nc-3797","22":"pa_izcelsmes-valsts-united-arab-emirates","23":"pa_izveleties-tilpumu-3-ml","24":"pa_izveleties-tilpumu-85-ml","26":"first","27":"instock","28":"taxable","29":"shipping-taxable","30":"purchasable","31":"product-type-variable"},"yoast_head":"<!-- This site is optimized with the Yoast SEO plugin v23.9 - https:\/\/yoast.com\/wordpress\/plugins\/seo\/ -->\n<title>D&#039;Nuit Homme<\/title>\n<meta name=\"description\" content=\"D\u2019Nuit EDP s\u0101kas ar svaig\u0101m bergamotes, kardamona, krustnagli\u0146as aug\u0161\u0113j\u0101m not\u012bm, dodot ce\u013cu uz kadi\u0137a ogu za\u013caj\u0101m vid\u0113j\u0101m not\u012bm, za\u013caj\u0101m not\u012bm un pa\u010d\u016blijas, ciedra koka pamatnot\u012bm.\" \/>\n<meta name=\"robots\" content=\"index, follow, max-snippet:-1, max-image-preview:large, max-video-preview:-1\" \/>\n<link rel=\"canonical\" href=\"https:\/\/women.lv\/en\/product\/dnuit-homme\/\" \/>\n<meta property=\"og:locale\" content=\"en_GB\" \/>\n<meta property=\"og:type\" content=\"article\" \/>\n<meta property=\"og:title\" content=\"D&#039;Nuit Homme\" \/>\n<meta property=\"og:description\" content=\"D\u2019Nuit EDP s\u0101kas ar svaig\u0101m bergamotes, kardamona, krustnagli\u0146as aug\u0161\u0113j\u0101m not\u012bm, dodot ce\u013cu uz kadi\u0137a ogu za\u013caj\u0101m vid\u0113j\u0101m not\u012bm, za\u013caj\u0101m not\u012bm un pa\u010d\u016blijas, ciedra koka pamatnot\u012bm.\" \/>\n<meta property=\"og:url\" content=\"https:\/\/women.lv\/en\/product\/dnuit-homme\/\" \/>\n<meta property=\"og:site_name\" content=\"Women Veikals\" \/>\n<meta property=\"article:modified_time\" content=\"2025-11-05T13:26:36+00:00\" \/>\n<meta property=\"og:image\" content=\"https:\/\/women.lv\/wp-content\/uploads\/nc\/catalog\/United-Arab-Emirates\/Louis-Cardin\/For-Him\/d-nuit-homme-85ml.jpg\" \/>\n\t<meta property=\"og:image:width\" content=\"1024\" \/>\n\t<meta property=\"og:image:height\" content=\"1024\" \/>\n\t<meta property=\"og:image:type\" content=\"image\/jpeg\" \/>\n<meta name=\"twitter:card\" content=\"summary_large_image\" \/>\n<meta name=\"twitter:label1\" content=\"Estimated reading time\" \/>\n\t<meta name=\"twitter:data1\" content=\"1 minute\" \/>\n<script type=\"application\/ld+json\" class=\"yoast-schema-graph\">{\"@context\":\"https:\/\/schema.org\",\"@graph\":[{\"@type\":\"WebPage\",\"@id\":\"https:\/\/women.lv\/product\/dnuit-homme\/\",\"url\":\"https:\/\/women.lv\/product\/dnuit-homme\/\",\"name\":\"D'Nuit Homme\",\"isPartOf\":{\"@id\":\"https:\/\/women.lv\/#website\"},\"primaryImageOfPage\":{\"@id\":\"https:\/\/women.lv\/product\/dnuit-homme\/#primaryimage\"},\"image\":{\"@id\":\"https:\/\/women.lv\/product\/dnuit-homme\/#primaryimage\"},\"thumbnailUrl\":\"https:\/\/women.lv\/wp-content\/uploads\/nc\/catalog\/United-Arab-Emirates\/Louis-Cardin\/For-Him\/d-nuit-homme-85ml.jpg\",\"datePublished\":\"2024-09-24T22:09:02+00:00\",\"dateModified\":\"2025-11-05T13:26:36+00:00\",\"description\":\"D\u2019Nuit EDP s\u0101kas ar svaig\u0101m bergamotes, kardamona, krustnagli\u0146as aug\u0161\u0113j\u0101m not\u012bm, dodot ce\u013cu uz kadi\u0137a ogu za\u013caj\u0101m vid\u0113j\u0101m not\u012bm, za\u013caj\u0101m not\u012bm un pa\u010d\u016blijas, ciedra koka pamatnot\u012bm.\",\"breadcrumb\":{\"@id\":\"https:\/\/women.lv\/product\/dnuit-homme\/#breadcrumb\"},\"inLanguage\":\"en-GB\",\"potentialAction\":[{\"@type\":\"ReadAction\",\"target\":[\"https:\/\/women.lv\/product\/dnuit-homme\/\"]}]},{\"@type\":\"ImageObject\",\"inLanguage\":\"en-GB\",\"@id\":\"https:\/\/women.lv\/product\/dnuit-homme\/#primaryimage\",\"url\":\"https:\/\/women.lv\/wp-content\/uploads\/nc\/catalog\/United-Arab-Emirates\/Louis-Cardin\/For-Him\/d-nuit-homme-85ml.jpg\",\"contentUrl\":\"https:\/\/women.lv\/wp-content\/uploads\/nc\/catalog\/United-Arab-Emirates\/Louis-Cardin\/For-Him\/d-nuit-homme-85ml.jpg\",\"width\":1024,\"height\":1024,\"caption\":\"D'Nuit Homme\"},{\"@type\":\"BreadcrumbList\",\"@id\":\"https:\/\/women.lv\/product\/dnuit-homme\/#breadcrumb\",\"itemListElement\":[{\"@type\":\"ListItem\",\"position\":1,\"name\":\"Home\",\"item\":\"https:\/\/women.lv\/\"},{\"@type\":\"ListItem\",\"position\":2,\"name\":\"Products\",\"item\":\"https:\/\/women.lv\/en\/shop\/\"},{\"@type\":\"ListItem\",\"position\":3,\"name\":\"D&#8217;Nuit Homme\"}]},{\"@type\":\"WebSite\",\"@id\":\"https:\/\/women.lv\/#website\",\"url\":\"https:\/\/women.lv\/\",\"name\":\"Women Veikals\",\"description\":\"Uzdr\u012bksties b\u016bt skaista\",\"potentialAction\":[{\"@type\":\"SearchAction\",\"target\":{\"@type\":\"EntryPoint\",\"urlTemplate\":\"https:\/\/women.lv\/?s={search_term_string}\"},\"query-input\":{\"@type\":\"PropertyValueSpecification\",\"valueRequired\":true,\"valueName\":\"search_term_string\"}}],\"inLanguage\":\"en-GB\"}]}<\/script>\n<!-- \/ Yoast SEO plugin. -->","yoast_head_json":{"title":"D'Nuit Homme","description":"D\u2019Nuit EDP s\u0101kas ar svaig\u0101m bergamotes, kardamona, krustnagli\u0146as aug\u0161\u0113j\u0101m not\u012bm, dodot ce\u013cu uz kadi\u0137a ogu za\u013caj\u0101m vid\u0113j\u0101m not\u012bm, za\u013caj\u0101m not\u012bm un pa\u010d\u016blijas, ciedra koka pamatnot\u012bm.","robots":{"index":"index","follow":"follow","max-snippet":"max-snippet:-1","max-image-preview":"max-image-preview:large","max-video-preview":"max-video-preview:-1"},"canonical":"https:\/\/women.lv\/en\/product\/dnuit-homme\/","og_locale":"en_GB","og_type":"article","og_title":"D'Nuit Homme","og_description":"D\u2019Nuit EDP s\u0101kas ar svaig\u0101m bergamotes, kardamona, krustnagli\u0146as aug\u0161\u0113j\u0101m not\u012bm, dodot ce\u013cu uz kadi\u0137a ogu za\u013caj\u0101m vid\u0113j\u0101m not\u012bm, za\u013caj\u0101m not\u012bm un pa\u010d\u016blijas, ciedra koka pamatnot\u012bm.","og_url":"https:\/\/women.lv\/en\/product\/dnuit-homme\/","og_site_name":"Women Veikals","article_modified_time":"2025-11-05T13:26:36+00:00","og_image":[{"width":1024,"height":1024,"url":"https:\/\/women.lv\/wp-content\/uploads\/nc\/catalog\/United-Arab-Emirates\/Louis-Cardin\/For-Him\/d-nuit-homme-85ml.jpg","type":"image\/jpeg"}],"twitter_card":"summary_large_image","twitter_misc":{"Estimated reading time":"1 minute"},"schema":{"@context":"https:\/\/schema.org","@graph":[{"@type":"WebPage","@id":"https:\/\/women.lv\/product\/dnuit-homme\/","url":"https:\/\/women.lv\/product\/dnuit-homme\/","name":"D'Nuit Homme","isPartOf":{"@id":"https:\/\/women.lv\/#website"},"primaryImageOfPage":{"@id":"https:\/\/women.lv\/product\/dnuit-homme\/#primaryimage"},"image":{"@id":"https:\/\/women.lv\/product\/dnuit-homme\/#primaryimage"},"thumbnailUrl":"https:\/\/women.lv\/wp-content\/uploads\/nc\/catalog\/United-Arab-Emirates\/Louis-Cardin\/For-Him\/d-nuit-homme-85ml.jpg","datePublished":"2024-09-24T22:09:02+00:00","dateModified":"2025-11-05T13:26:36+00:00","description":"D\u2019Nuit EDP s\u0101kas ar svaig\u0101m bergamotes, kardamona, krustnagli\u0146as aug\u0161\u0113j\u0101m not\u012bm, dodot ce\u013cu uz kadi\u0137a ogu za\u013caj\u0101m vid\u0113j\u0101m not\u012bm, za\u013caj\u0101m not\u012bm un pa\u010d\u016blijas, ciedra koka pamatnot\u012bm.","breadcrumb":{"@id":"https:\/\/women.lv\/product\/dnuit-homme\/#breadcrumb"},"inLanguage":"en-GB","potentialAction":[{"@type":"ReadAction","target":["https:\/\/women.lv\/product\/dnuit-homme\/"]}]},{"@type":"ImageObject","inLanguage":"en-GB","@id":"https:\/\/women.lv\/product\/dnuit-homme\/#primaryimage","url":"https:\/\/women.lv\/wp-content\/uploads\/nc\/catalog\/United-Arab-Emirates\/Louis-Cardin\/For-Him\/d-nuit-homme-85ml.jpg","contentUrl":"https:\/\/women.lv\/wp-content\/uploads\/nc\/catalog\/United-Arab-Emirates\/Louis-Cardin\/For-Him\/d-nuit-homme-85ml.jpg","width":1024,"height":1024,"caption":"D'Nuit Homme"},{"@type":"BreadcrumbList","@id":"https:\/\/women.lv\/product\/dnuit-homme\/#breadcrumb","itemListElement":[{"@type":"ListItem","position":1,"name":"Home","item":"https:\/\/women.lv\/"},{"@type":"ListItem","position":2,"name":"Products","item":"https:\/\/women.lv\/en\/shop\/"},{"@type":"ListItem","position":3,"name":"D&#8217;Nuit Homme"}]},{"@type":"WebSite","@id":"https:\/\/women.lv\/#website","url":"https:\/\/women.lv\/","name":"Women Veikals","description":"Uzdr\u012bksties b\u016bt skaista","potentialAction":[{"@type":"SearchAction","target":{"@type":"EntryPoint","urlTemplate":"https:\/\/women.lv\/?s={search_term_string}"},"query-input":{"@type":"PropertyValueSpecification","valueRequired":true,"valueName":"search_term_string"}}],"inLanguage":"en-GB"}]}},"_links":{"self":[{"href":"https:\/\/women.lv\/en\/wp-json\/wp\/v2\/product\/28969","targetHints":{"allow":["GET"]}}],"collection":[{"href":"https:\/\/women.lv\/en\/wp-json\/wp\/v2\/product"}],"about":[{"href":"https:\/\/women.lv\/en\/wp-json\/wp\/v2\/types\/product"}],"replies":[{"embeddable":true,"href":"https:\/\/women.lv\/en\/wp-json\/wp\/v2\/comments?post=28969"}],"version-history":[{"count":2,"href":"https:\/\/women.lv\/en\/wp-json\/wp\/v2\/product\/28969\/revisions"}],"predecessor-version":[{"id":29493,"href":"https:\/\/women.lv\/en\/wp-json\/wp\/v2\/product\/28969\/revisions\/29493"}],"wp:featuredmedia":[{"embeddable":true,"href":"https:\/\/women.lv\/en\/wp-json\/wp\/v2\/media\/28970"}],"wp:attachment":[{"href":"https:\/\/women.lv\/en\/wp-json\/wp\/v2\/media?parent=28969"}],"wp:term":[{"taxonomy":"product_brand","embeddable":true,"href":"https:\/\/women.lv\/en\/wp-json\/wp\/v2\/product_brand?post=28969"},{"taxonomy":"product_cat","embeddable":true,"href":"https:\/\/women.lv\/en\/wp-json\/wp\/v2\/product_cat?post=28969"},{"taxonomy":"product_tag","embeddable":true,"href":"https:\/\/women.lv\/en\/wp-json\/wp\/v2\/product_tag?post=28969"}],"curies":[{"name":"wp","href":"https:\/\/api.w.org\/{rel}","templated":true}]}}