{"id":28965,"date":"2024-09-24T21:31:37","date_gmt":"2024-09-24T21:31:37","guid":{"rendered":"https:\/\/women.lv\/?product=baltais-topazs"},"modified":"2025-11-05T13:26:43","modified_gmt":"2025-11-05T13:26:43","slug":"baltais-topazs","status":"publish","type":"product","link":"https:\/\/women.lv\/en\/product\/baltais-topazs\/","title":{"rendered":"White topaz"},"content":{"rendered":"<p><span style=\"font-family: Helvetica;\"><span style=\"font-size: 18px;\">Balt\u0101 top\u0101za EDP atveras ar svaig\u0101m citrusaug\u013cu aug\u0161\u0113j\u0101m not\u012bm, medu, dodot ce\u013cu bumbieru, \u0137ir\u0161u, apels\u012bna ziedu, tuberozes vid\u0113j\u0101m not\u012bm, un nok\u013c\u016bst tonkas pupi\u0146u, sandalkoka, pa\u010d\u016blijas, dzintara pamatnot\u012bm.<\/span><\/span><\/p>","protected":false},"excerpt":{"rendered":"<p>White Topaz EDP opens with fresh top notes of citrus, honey, giving way to middle notes of pear, cherry, orange blossom, tuberose, and<\/p>","protected":false},"featured_media":28966,"comment_status":"open","ping_status":"closed","template":"","meta":[],"product_brand":[],"product_cat":[2232,2234,2215],"product_tag":[3727,3791,3782,3783,3721,3784,3726,3790,3792,3785,3728],"class_list":{"0":"post-28965","1":"product","2":"type-product","3":"status-publish","4":"has-post-thumbnail","6":"product_cat-aromats-lv","7":"product_cat-lv-for-her-edp","8":"product_cat-visi-produkti","9":"product_tag-apvienotie-arabu-emirati","10":"product_tag-baltais-topazs","11":"product_tag-edp","12":"product_tag-fragrance","13":"product_tag-louis-cardin","14":"product_tag-smarzas","15":"product_tag-united-arab-emirates","16":"product_tag-white-topaz","17":"product_tag-3792","18":"product_tag-3785","19":"product_tag-3728","20":"pa_brand_nc-louis-cardin","21":"pa_ean_nc-3789","22":"pa_izcelsmes-valsts-united-arab-emirates","23":"pa_izveleties-tilpumu-100-ml","24":"pa_izveleties-tilpumu-3-ml","26":"first","27":"instock","28":"taxable","29":"shipping-taxable","30":"purchasable","31":"product-type-variable"},"yoast_head":"<!-- This site is optimized with the Yoast SEO plugin v23.9 - https:\/\/yoast.com\/wordpress\/plugins\/seo\/ -->\n<title>Baltais top\u0101zs<\/title>\n<meta name=\"description\" content=\"Balt\u0101 top\u0101za EDP atveras ar svaig\u0101m citrusaug\u013cu aug\u0161\u0113j\u0101m not\u012bm, medu, dodot ce\u013cu bumbieru, \u0137ir\u0161u, apels\u012bna ziedu, tuberozes vid\u0113j\u0101m not\u012bm, un nok\u013c\u016bst tonkas pupi\u0146u, sandalkoka, pa\u010d\u016blijas, dzintara pamatnot\u012bm.\" \/>\n<meta name=\"robots\" content=\"index, follow, max-snippet:-1, max-image-preview:large, max-video-preview:-1\" \/>\n<link rel=\"canonical\" href=\"https:\/\/women.lv\/en\/product\/baltais-topazs\/\" \/>\n<meta property=\"og:locale\" content=\"en_GB\" \/>\n<meta property=\"og:type\" content=\"article\" \/>\n<meta property=\"og:title\" content=\"Baltais top\u0101zs\" \/>\n<meta property=\"og:description\" content=\"Balt\u0101 top\u0101za EDP atveras ar svaig\u0101m citrusaug\u013cu aug\u0161\u0113j\u0101m not\u012bm, medu, dodot ce\u013cu bumbieru, \u0137ir\u0161u, apels\u012bna ziedu, tuberozes vid\u0113j\u0101m not\u012bm, un nok\u013c\u016bst tonkas pupi\u0146u, sandalkoka, pa\u010d\u016blijas, dzintara pamatnot\u012bm.\" \/>\n<meta property=\"og:url\" content=\"https:\/\/women.lv\/en\/product\/baltais-topazs\/\" \/>\n<meta property=\"og:site_name\" content=\"Women Veikals\" \/>\n<meta property=\"article:modified_time\" content=\"2025-11-05T13:26:43+00:00\" \/>\n<meta property=\"og:image\" content=\"https:\/\/women.lv\/wp-content\/uploads\/nc\/catalog\/United-Arab-Emirates\/Louis-Cardin\/For-Her\/white-topaz-100ml.jpg\" \/>\n\t<meta property=\"og:image:width\" content=\"1000\" \/>\n\t<meta property=\"og:image:height\" content=\"1000\" \/>\n\t<meta property=\"og:image:type\" content=\"image\/jpeg\" \/>\n<meta name=\"twitter:card\" content=\"summary_large_image\" \/>\n<meta name=\"twitter:label1\" content=\"Estimated reading time\" \/>\n\t<meta name=\"twitter:data1\" content=\"1 minute\" \/>\n<script type=\"application\/ld+json\" class=\"yoast-schema-graph\">{\"@context\":\"https:\/\/schema.org\",\"@graph\":[{\"@type\":\"WebPage\",\"@id\":\"https:\/\/women.lv\/product\/baltais-topazs\/\",\"url\":\"https:\/\/women.lv\/product\/baltais-topazs\/\",\"name\":\"Baltais top\u0101zs\",\"isPartOf\":{\"@id\":\"https:\/\/women.lv\/#website\"},\"primaryImageOfPage\":{\"@id\":\"https:\/\/women.lv\/product\/baltais-topazs\/#primaryimage\"},\"image\":{\"@id\":\"https:\/\/women.lv\/product\/baltais-topazs\/#primaryimage\"},\"thumbnailUrl\":\"https:\/\/women.lv\/wp-content\/uploads\/nc\/catalog\/United-Arab-Emirates\/Louis-Cardin\/For-Her\/white-topaz-100ml.jpg\",\"datePublished\":\"2024-09-24T21:31:37+00:00\",\"dateModified\":\"2025-11-05T13:26:43+00:00\",\"description\":\"Balt\u0101 top\u0101za EDP atveras ar svaig\u0101m citrusaug\u013cu aug\u0161\u0113j\u0101m not\u012bm, medu, dodot ce\u013cu bumbieru, \u0137ir\u0161u, apels\u012bna ziedu, tuberozes vid\u0113j\u0101m not\u012bm, un nok\u013c\u016bst tonkas pupi\u0146u, sandalkoka, pa\u010d\u016blijas, dzintara pamatnot\u012bm.\",\"breadcrumb\":{\"@id\":\"https:\/\/women.lv\/product\/baltais-topazs\/#breadcrumb\"},\"inLanguage\":\"en-GB\",\"potentialAction\":[{\"@type\":\"ReadAction\",\"target\":[\"https:\/\/women.lv\/product\/baltais-topazs\/\"]}]},{\"@type\":\"ImageObject\",\"inLanguage\":\"en-GB\",\"@id\":\"https:\/\/women.lv\/product\/baltais-topazs\/#primaryimage\",\"url\":\"https:\/\/women.lv\/wp-content\/uploads\/nc\/catalog\/United-Arab-Emirates\/Louis-Cardin\/For-Her\/white-topaz-100ml.jpg\",\"contentUrl\":\"https:\/\/women.lv\/wp-content\/uploads\/nc\/catalog\/United-Arab-Emirates\/Louis-Cardin\/For-Her\/white-topaz-100ml.jpg\",\"width\":1000,\"height\":1000,\"caption\":\"Baltais top\u0101zs\"},{\"@type\":\"BreadcrumbList\",\"@id\":\"https:\/\/women.lv\/product\/baltais-topazs\/#breadcrumb\",\"itemListElement\":[{\"@type\":\"ListItem\",\"position\":1,\"name\":\"Home\",\"item\":\"https:\/\/women.lv\/\"},{\"@type\":\"ListItem\",\"position\":2,\"name\":\"Products\",\"item\":\"https:\/\/women.lv\/en\/shop\/\"},{\"@type\":\"ListItem\",\"position\":3,\"name\":\"Baltais top\u0101zs\"}]},{\"@type\":\"WebSite\",\"@id\":\"https:\/\/women.lv\/#website\",\"url\":\"https:\/\/women.lv\/\",\"name\":\"Women Veikals\",\"description\":\"Uzdr\u012bksties b\u016bt skaista\",\"potentialAction\":[{\"@type\":\"SearchAction\",\"target\":{\"@type\":\"EntryPoint\",\"urlTemplate\":\"https:\/\/women.lv\/?s={search_term_string}\"},\"query-input\":{\"@type\":\"PropertyValueSpecification\",\"valueRequired\":true,\"valueName\":\"search_term_string\"}}],\"inLanguage\":\"en-GB\"}]}<\/script>\n<!-- \/ Yoast SEO plugin. -->","yoast_head_json":{"title":"Baltais top\u0101zs","description":"Balt\u0101 top\u0101za EDP atveras ar svaig\u0101m citrusaug\u013cu aug\u0161\u0113j\u0101m not\u012bm, medu, dodot ce\u013cu bumbieru, \u0137ir\u0161u, apels\u012bna ziedu, tuberozes vid\u0113j\u0101m not\u012bm, un nok\u013c\u016bst tonkas pupi\u0146u, sandalkoka, pa\u010d\u016blijas, dzintara pamatnot\u012bm.","robots":{"index":"index","follow":"follow","max-snippet":"max-snippet:-1","max-image-preview":"max-image-preview:large","max-video-preview":"max-video-preview:-1"},"canonical":"https:\/\/women.lv\/en\/product\/baltais-topazs\/","og_locale":"en_GB","og_type":"article","og_title":"Baltais top\u0101zs","og_description":"Balt\u0101 top\u0101za EDP atveras ar svaig\u0101m citrusaug\u013cu aug\u0161\u0113j\u0101m not\u012bm, medu, dodot ce\u013cu bumbieru, \u0137ir\u0161u, apels\u012bna ziedu, tuberozes vid\u0113j\u0101m not\u012bm, un nok\u013c\u016bst tonkas pupi\u0146u, sandalkoka, pa\u010d\u016blijas, dzintara pamatnot\u012bm.","og_url":"https:\/\/women.lv\/en\/product\/baltais-topazs\/","og_site_name":"Women Veikals","article_modified_time":"2025-11-05T13:26:43+00:00","og_image":[{"width":1000,"height":1000,"url":"https:\/\/women.lv\/wp-content\/uploads\/nc\/catalog\/United-Arab-Emirates\/Louis-Cardin\/For-Her\/white-topaz-100ml.jpg","type":"image\/jpeg"}],"twitter_card":"summary_large_image","twitter_misc":{"Estimated reading time":"1 minute"},"schema":{"@context":"https:\/\/schema.org","@graph":[{"@type":"WebPage","@id":"https:\/\/women.lv\/product\/baltais-topazs\/","url":"https:\/\/women.lv\/product\/baltais-topazs\/","name":"Baltais top\u0101zs","isPartOf":{"@id":"https:\/\/women.lv\/#website"},"primaryImageOfPage":{"@id":"https:\/\/women.lv\/product\/baltais-topazs\/#primaryimage"},"image":{"@id":"https:\/\/women.lv\/product\/baltais-topazs\/#primaryimage"},"thumbnailUrl":"https:\/\/women.lv\/wp-content\/uploads\/nc\/catalog\/United-Arab-Emirates\/Louis-Cardin\/For-Her\/white-topaz-100ml.jpg","datePublished":"2024-09-24T21:31:37+00:00","dateModified":"2025-11-05T13:26:43+00:00","description":"Balt\u0101 top\u0101za EDP atveras ar svaig\u0101m citrusaug\u013cu aug\u0161\u0113j\u0101m not\u012bm, medu, dodot ce\u013cu bumbieru, \u0137ir\u0161u, apels\u012bna ziedu, tuberozes vid\u0113j\u0101m not\u012bm, un nok\u013c\u016bst tonkas pupi\u0146u, sandalkoka, pa\u010d\u016blijas, dzintara pamatnot\u012bm.","breadcrumb":{"@id":"https:\/\/women.lv\/product\/baltais-topazs\/#breadcrumb"},"inLanguage":"en-GB","potentialAction":[{"@type":"ReadAction","target":["https:\/\/women.lv\/product\/baltais-topazs\/"]}]},{"@type":"ImageObject","inLanguage":"en-GB","@id":"https:\/\/women.lv\/product\/baltais-topazs\/#primaryimage","url":"https:\/\/women.lv\/wp-content\/uploads\/nc\/catalog\/United-Arab-Emirates\/Louis-Cardin\/For-Her\/white-topaz-100ml.jpg","contentUrl":"https:\/\/women.lv\/wp-content\/uploads\/nc\/catalog\/United-Arab-Emirates\/Louis-Cardin\/For-Her\/white-topaz-100ml.jpg","width":1000,"height":1000,"caption":"Baltais top\u0101zs"},{"@type":"BreadcrumbList","@id":"https:\/\/women.lv\/product\/baltais-topazs\/#breadcrumb","itemListElement":[{"@type":"ListItem","position":1,"name":"Home","item":"https:\/\/women.lv\/"},{"@type":"ListItem","position":2,"name":"Products","item":"https:\/\/women.lv\/en\/shop\/"},{"@type":"ListItem","position":3,"name":"Baltais top\u0101zs"}]},{"@type":"WebSite","@id":"https:\/\/women.lv\/#website","url":"https:\/\/women.lv\/","name":"Women Veikals","description":"Uzdr\u012bksties b\u016bt skaista","potentialAction":[{"@type":"SearchAction","target":{"@type":"EntryPoint","urlTemplate":"https:\/\/women.lv\/?s={search_term_string}"},"query-input":{"@type":"PropertyValueSpecification","valueRequired":true,"valueName":"search_term_string"}}],"inLanguage":"en-GB"}]}},"_links":{"self":[{"href":"https:\/\/women.lv\/en\/wp-json\/wp\/v2\/product\/28965","targetHints":{"allow":["GET"]}}],"collection":[{"href":"https:\/\/women.lv\/en\/wp-json\/wp\/v2\/product"}],"about":[{"href":"https:\/\/women.lv\/en\/wp-json\/wp\/v2\/types\/product"}],"replies":[{"embeddable":true,"href":"https:\/\/women.lv\/en\/wp-json\/wp\/v2\/comments?post=28965"}],"version-history":[{"count":2,"href":"https:\/\/women.lv\/en\/wp-json\/wp\/v2\/product\/28965\/revisions"}],"predecessor-version":[{"id":29497,"href":"https:\/\/women.lv\/en\/wp-json\/wp\/v2\/product\/28965\/revisions\/29497"}],"wp:featuredmedia":[{"embeddable":true,"href":"https:\/\/women.lv\/en\/wp-json\/wp\/v2\/media\/28966"}],"wp:attachment":[{"href":"https:\/\/women.lv\/en\/wp-json\/wp\/v2\/media?parent=28965"}],"wp:term":[{"taxonomy":"product_brand","embeddable":true,"href":"https:\/\/women.lv\/en\/wp-json\/wp\/v2\/product_brand?post=28965"},{"taxonomy":"product_cat","embeddable":true,"href":"https:\/\/women.lv\/en\/wp-json\/wp\/v2\/product_cat?post=28965"},{"taxonomy":"product_tag","embeddable":true,"href":"https:\/\/women.lv\/en\/wp-json\/wp\/v2\/product_tag?post=28965"}],"curies":[{"name":"wp","href":"https:\/\/api.w.org\/{rel}","templated":true}]}}