{"id":28961,"date":"2024-08-27T11:17:36","date_gmt":"2024-08-27T11:17:36","guid":{"rendered":"https:\/\/women.lv\/?product=intimas-mazgasanas-dezodorants"},"modified":"2025-11-05T13:26:31","modified_gmt":"2025-11-05T13:26:31","slug":"intimas-mazgasanas-dezodorants","status":"publish","type":"product","link":"https:\/\/women.lv\/en\/product\/intimas-mazgasanas-dezodorants\/","title":{"rendered":"Intimate wash deodorant"},"content":{"rendered":"<p><span style=\"font-family: Helvetica;\"><span style=\"font-size: 18px;\">Paredz\u0113ts delik\u0101t\u0101m zon\u0101m, Lavilin Intimate Wash ir lieliski l\u012bdzsvarots, lai att\u012br\u012btu un aizsarg\u0101tu. Izmantojot augstu atpaz\u012bstamu, labv\u0113l\u012bgu ekstraktu un sast\u0101vda\u013cu koncentr\u0101ciju Bio Balanced \u0101dai, piem\u0113ram, salvijas ekstraktu, kumel\u012b\u0161u ekstraktu, alvejas, kokvilnas ziedu ekstraktu, pantenolu, comfrey saknes ekstraktu un D vitam\u012bnu, \u0161\u012b daudzfunkcion\u0101l\u0101 formula nomierina \u0101du, nov\u0113r\u0161 nepat\u012bkama smaka un mazina aps\u0101rtumu un kairin\u0101jumu.<\/span><\/span><\/p>\n<p><span style=\"font-family: Helvetica;\"><span style=\"font-size: 18px;\"><b>Iev\u0113rojam\u0101s funkcijas ietver:<\/b><\/span><\/span><\/p>\n<ul>\n<li><span style=\"font-family: Helvetica;\"><span style=\"font-size: 18px;\">Piem\u0113rots v\u012brie\u0161iem un sieviet\u0113m<\/span><\/span><\/li>\n<li><span style=\"font-family: Helvetica;\"><span style=\"font-size: 18px;\">Nov\u0113r\u0161 nepat\u012bkamu smaku<\/span><\/span><\/li>\n<li><span style=\"font-family: Helvetica;\"><span style=\"font-size: 18px;\">Mazina aps\u0101rtumu un kairin\u0101jumu<\/span><\/span><\/li>\n<li><span style=\"font-family: Helvetica;\"><span style=\"font-size: 18px;\">P\u0101rbaud\u012bts vado\u0161aj\u0101s starptautiskaj\u0101s p\u0113tniec\u012bbas iest\u0101d\u0113s<\/span><\/span><\/li>\n<\/ul>","protected":false},"excerpt":{"rendered":"<p>Designed for delicate areas, Lavilin Intimate Wash is perfectly balanced to cleanse and protect. Using a highly recognized, beneficial extract and ingredient<\/p>","protected":false},"featured_media":28962,"comment_status":"open","ping_status":"closed","template":"","meta":[],"product_brand":[],"product_cat":[2229,2208,2209,2215],"product_tag":[3780,3778,2244,2243,3559,3779,2245],"class_list":{"0":"post-28961","1":"product","2":"type-product","3":"status-publish","4":"has-post-thumbnail","6":"product_cat-antiperspiranti-dezodoranti","7":"product_cat-kermena-kopsanas-lidzekii","8":"product_cat-mazgasana-un-attirisana","9":"product_cat-visi-produkti","10":"product_tag-intimas-mazgasanas-dezodorants","11":"product_tag-intimate-wash-deodorant","12":"product_tag-israel","13":"product_tag-izraela","14":"product_tag-lavilin","15":"product_tag-3779","16":"product_tag-2245","17":"pa_brand_nc-lavilin","18":"pa_ean_nc-3777","19":"pa_ean_nc-israel","21":"first","22":"instock","23":"sale","24":"taxable","25":"shipping-taxable","26":"purchasable","27":"product-type-simple"},"yoast_head":"<!-- This site is optimized with the Yoast SEO plugin v27.4 - https:\/\/yoast.com\/product\/yoast-seo-wordpress\/ -->\n<title>Int\u012bm\u0101s mazg\u0101\u0161anas dezodorants<\/title>\n<meta name=\"description\" content=\"nov\u0113r\u0161 nepat\u012bkama smaka un mazina aps\u0101rtumu un kairin\u0101jumu\" \/>\n<meta name=\"robots\" content=\"index, follow, max-snippet:-1, max-image-preview:large, max-video-preview:-1\" \/>\n<link rel=\"canonical\" href=\"https:\/\/women.lv\/en\/product\/intimas-mazgasanas-dezodorants\/\" \/>\n<meta property=\"og:locale\" content=\"en_GB\" \/>\n<meta property=\"og:type\" content=\"article\" \/>\n<meta property=\"og:title\" content=\"Int\u012bm\u0101s mazg\u0101\u0161anas dezodorants\" \/>\n<meta property=\"og:description\" content=\"nov\u0113r\u0161 nepat\u012bkama smaka un mazina aps\u0101rtumu un kairin\u0101jumu\" \/>\n<meta property=\"og:url\" content=\"https:\/\/women.lv\/en\/product\/intimas-mazgasanas-dezodorants\/\" \/>\n<meta property=\"og:site_name\" content=\"Women Veikals\" \/>\n<meta property=\"article:modified_time\" content=\"2025-11-05T13:26:31+00:00\" \/>\n<meta property=\"og:image\" content=\"https:\/\/women.lv\/wp-content\/uploads\/nc\/catalog\/Israel\/Lavilin\/intime-wash-deodorant.png\" \/>\n\t<meta property=\"og:image:width\" content=\"746\" \/>\n\t<meta property=\"og:image:height\" content=\"962\" \/>\n\t<meta property=\"og:image:type\" content=\"image\/png\" \/>\n<meta name=\"twitter:card\" content=\"summary_large_image\" \/>\n<meta name=\"twitter:label1\" content=\"Estimated reading time\" \/>\n\t<meta name=\"twitter:data1\" content=\"1 minute\" \/>\n<script type=\"application\/ld+json\" class=\"yoast-schema-graph\">{\"@context\":\"https:\\\/\\\/schema.org\",\"@graph\":[{\"@type\":\"WebPage\",\"@id\":\"https:\\\/\\\/women.lv\\\/product\\\/intimas-mazgasanas-dezodorants\\\/\",\"url\":\"https:\\\/\\\/women.lv\\\/product\\\/intimas-mazgasanas-dezodorants\\\/\",\"name\":\"Int\u012bm\u0101s mazg\u0101\u0161anas dezodorants\",\"isPartOf\":{\"@id\":\"https:\\\/\\\/women.lv\\\/#website\"},\"primaryImageOfPage\":{\"@id\":\"https:\\\/\\\/women.lv\\\/product\\\/intimas-mazgasanas-dezodorants\\\/#primaryimage\"},\"image\":{\"@id\":\"https:\\\/\\\/women.lv\\\/product\\\/intimas-mazgasanas-dezodorants\\\/#primaryimage\"},\"thumbnailUrl\":\"https:\\\/\\\/women.lv\\\/wp-content\\\/uploads\\\/nc\\\/catalog\\\/Israel\\\/Lavilin\\\/intime-wash-deodorant.png\",\"datePublished\":\"2024-08-27T11:17:36+00:00\",\"dateModified\":\"2025-11-05T13:26:31+00:00\",\"description\":\"nov\u0113r\u0161 nepat\u012bkama smaka un mazina aps\u0101rtumu un kairin\u0101jumu\",\"breadcrumb\":{\"@id\":\"https:\\\/\\\/women.lv\\\/product\\\/intimas-mazgasanas-dezodorants\\\/#breadcrumb\"},\"inLanguage\":\"en-GB\",\"potentialAction\":[{\"@type\":\"ReadAction\",\"target\":[\"https:\\\/\\\/women.lv\\\/product\\\/intimas-mazgasanas-dezodorants\\\/\"]}]},{\"@type\":\"ImageObject\",\"inLanguage\":\"en-GB\",\"@id\":\"https:\\\/\\\/women.lv\\\/product\\\/intimas-mazgasanas-dezodorants\\\/#primaryimage\",\"url\":\"https:\\\/\\\/women.lv\\\/wp-content\\\/uploads\\\/nc\\\/catalog\\\/Israel\\\/Lavilin\\\/intime-wash-deodorant.png\",\"contentUrl\":\"https:\\\/\\\/women.lv\\\/wp-content\\\/uploads\\\/nc\\\/catalog\\\/Israel\\\/Lavilin\\\/intime-wash-deodorant.png\",\"width\":746,\"height\":962,\"caption\":\"Int\u012bm\u0101s mazg\u0101\u0161anas dezodorants\"},{\"@type\":\"BreadcrumbList\",\"@id\":\"https:\\\/\\\/women.lv\\\/product\\\/intimas-mazgasanas-dezodorants\\\/#breadcrumb\",\"itemListElement\":[{\"@type\":\"ListItem\",\"position\":1,\"name\":\"Home\",\"item\":\"https:\\\/\\\/women.lv\\\/\"},{\"@type\":\"ListItem\",\"position\":2,\"name\":\"Products\",\"item\":\"https:\\\/\\\/women.lv\\\/en\\\/shop\\\/\"},{\"@type\":\"ListItem\",\"position\":3,\"name\":\"Int\u012bm\u0101s mazg\u0101\u0161anas dezodorants\"}]},{\"@type\":\"WebSite\",\"@id\":\"https:\\\/\\\/women.lv\\\/#website\",\"url\":\"https:\\\/\\\/women.lv\\\/\",\"name\":\"Women Veikals\",\"description\":\"Uzdr\u012bksties b\u016bt skaista\",\"potentialAction\":[{\"@type\":\"SearchAction\",\"target\":{\"@type\":\"EntryPoint\",\"urlTemplate\":\"https:\\\/\\\/women.lv\\\/?s={search_term_string}\"},\"query-input\":{\"@type\":\"PropertyValueSpecification\",\"valueRequired\":true,\"valueName\":\"search_term_string\"}}],\"inLanguage\":\"en-GB\"}]}<\/script>\n<!-- \/ Yoast SEO plugin. -->","yoast_head_json":{"title":"Intimate wash deodorant","description":"nov\u0113r\u0161 nepat\u012bkama smaka un mazina aps\u0101rtumu un kairin\u0101jumu","robots":{"index":"index","follow":"follow","max-snippet":"max-snippet:-1","max-image-preview":"max-image-preview:large","max-video-preview":"max-video-preview:-1"},"canonical":"https:\/\/women.lv\/en\/product\/intimas-mazgasanas-dezodorants\/","og_locale":"en_GB","og_type":"article","og_title":"Int\u012bm\u0101s mazg\u0101\u0161anas dezodorants","og_description":"nov\u0113r\u0161 nepat\u012bkama smaka un mazina aps\u0101rtumu un kairin\u0101jumu","og_url":"https:\/\/women.lv\/en\/product\/intimas-mazgasanas-dezodorants\/","og_site_name":"Women Veikals","article_modified_time":"2025-11-05T13:26:31+00:00","og_image":[{"width":746,"height":962,"url":"https:\/\/women.lv\/wp-content\/uploads\/nc\/catalog\/Israel\/Lavilin\/intime-wash-deodorant.png","type":"image\/png"}],"twitter_card":"summary_large_image","twitter_misc":{"Estimated reading time":"1 minute"},"schema":{"@context":"https:\/\/schema.org","@graph":[{"@type":"WebPage","@id":"https:\/\/women.lv\/product\/intimas-mazgasanas-dezodorants\/","url":"https:\/\/women.lv\/product\/intimas-mazgasanas-dezodorants\/","name":"Intimate wash deodorant","isPartOf":{"@id":"https:\/\/women.lv\/#website"},"primaryImageOfPage":{"@id":"https:\/\/women.lv\/product\/intimas-mazgasanas-dezodorants\/#primaryimage"},"image":{"@id":"https:\/\/women.lv\/product\/intimas-mazgasanas-dezodorants\/#primaryimage"},"thumbnailUrl":"https:\/\/women.lv\/wp-content\/uploads\/nc\/catalog\/Israel\/Lavilin\/intime-wash-deodorant.png","datePublished":"2024-08-27T11:17:36+00:00","dateModified":"2025-11-05T13:26:31+00:00","description":"nov\u0113r\u0161 nepat\u012bkama smaka un mazina aps\u0101rtumu un kairin\u0101jumu","breadcrumb":{"@id":"https:\/\/women.lv\/product\/intimas-mazgasanas-dezodorants\/#breadcrumb"},"inLanguage":"en-GB","potentialAction":[{"@type":"ReadAction","target":["https:\/\/women.lv\/product\/intimas-mazgasanas-dezodorants\/"]}]},{"@type":"ImageObject","inLanguage":"en-GB","@id":"https:\/\/women.lv\/product\/intimas-mazgasanas-dezodorants\/#primaryimage","url":"https:\/\/women.lv\/wp-content\/uploads\/nc\/catalog\/Israel\/Lavilin\/intime-wash-deodorant.png","contentUrl":"https:\/\/women.lv\/wp-content\/uploads\/nc\/catalog\/Israel\/Lavilin\/intime-wash-deodorant.png","width":746,"height":962,"caption":"Int\u012bm\u0101s mazg\u0101\u0161anas dezodorants"},{"@type":"BreadcrumbList","@id":"https:\/\/women.lv\/product\/intimas-mazgasanas-dezodorants\/#breadcrumb","itemListElement":[{"@type":"ListItem","position":1,"name":"Home","item":"https:\/\/women.lv\/"},{"@type":"ListItem","position":2,"name":"Products","item":"https:\/\/women.lv\/en\/shop\/"},{"@type":"ListItem","position":3,"name":"Int\u012bm\u0101s mazg\u0101\u0161anas dezodorants"}]},{"@type":"WebSite","@id":"https:\/\/women.lv\/#website","url":"https:\/\/women.lv\/","name":"Women Shop","description":"Uzdr\u012bksties b\u016bt skaista","potentialAction":[{"@type":"SearchAction","target":{"@type":"EntryPoint","urlTemplate":"https:\/\/women.lv\/?s={search_term_string}"},"query-input":{"@type":"PropertyValueSpecification","valueRequired":true,"valueName":"search_term_string"}}],"inLanguage":"en-GB"}]}},"_links":{"self":[{"href":"https:\/\/women.lv\/en\/wp-json\/wp\/v2\/product\/28961","targetHints":{"allow":["GET"]}}],"collection":[{"href":"https:\/\/women.lv\/en\/wp-json\/wp\/v2\/product"}],"about":[{"href":"https:\/\/women.lv\/en\/wp-json\/wp\/v2\/types\/product"}],"replies":[{"embeddable":true,"href":"https:\/\/women.lv\/en\/wp-json\/wp\/v2\/comments?post=28961"}],"version-history":[{"count":0,"href":"https:\/\/women.lv\/en\/wp-json\/wp\/v2\/product\/28961\/revisions"}],"wp:featuredmedia":[{"embeddable":true,"href":"https:\/\/women.lv\/en\/wp-json\/wp\/v2\/media\/28962"}],"wp:attachment":[{"href":"https:\/\/women.lv\/en\/wp-json\/wp\/v2\/media?parent=28961"}],"wp:term":[{"taxonomy":"product_brand","embeddable":true,"href":"https:\/\/women.lv\/en\/wp-json\/wp\/v2\/product_brand?post=28961"},{"taxonomy":"product_cat","embeddable":true,"href":"https:\/\/women.lv\/en\/wp-json\/wp\/v2\/product_cat?post=28961"},{"taxonomy":"product_tag","embeddable":true,"href":"https:\/\/women.lv\/en\/wp-json\/wp\/v2\/product_tag?post=28961"}],"curies":[{"name":"wp","href":"https:\/\/api.w.org\/{rel}","templated":true}]}}