{"id":28956,"date":"2024-08-23T21:35:33","date_gmt":"2024-08-23T21:35:33","guid":{"rendered":"https:\/\/women.lv\/?product=sieviesu-dezodorants"},"modified":"2025-11-05T13:26:31","modified_gmt":"2025-11-05T13:26:31","slug":"sieviesu-dezodorants-stick","status":"publish","type":"product","link":"https:\/\/women.lv\/en\/product\/sieviesu-dezodorants-stick\/","title":{"rendered":"Women&#039;s deodorant"},"content":{"rendered":"<p><span style=\"font-family: Helvetica;\"><span style=\"font-size: 18px;\">Neitraliz\u0113 smaku l\u012bdz 72 stund\u0101m!<\/span><\/span><\/p>\n<p><span style=\"font-family: Helvetica;\"><span style=\"font-size: 18px;\">Lavilin Stick dezodorants nodro\u0161ina \u0101tru, ilgsto\u0161u aizsardz\u012bbu pret smaku, uz kuru varat pa\u013cauties tikai ar vienu vilk\u0161anu. Lavilin \u016bdensiztur\u012bg\u0101 formula, kas kl\u012bniski p\u0101rbaud\u012bta efekt\u012bvai smakas kontrolei, \u0101tri neitraliz\u0113 bakt\u0113rijas, neaizsprostojot poras un netrauc\u0113jot j\u016bsu dabiskajam biolo\u0123iskajam l\u012bdzsvaram. Lavilin, \u0137ermenim draudz\u012bgs risin\u0101jums, nodro\u0161ina maksim\u0101lu aizsardz\u012bbu pat p\u0113c du\u0161as, peld\u0113\u0161anas vai treni\u0146a. Mitrin\u0101t\u0101ji un dabiskie ekstrakti pal\u012bdz mitrin\u0101t un aizsarg\u0101t \u0101du smalkaj\u0101 padu\u0161u zon\u0101.<\/span><\/span><\/p>\n<ul>\n<li><span style=\"font-family: Helvetica;\"><span style=\"font-size: 18px;\">Does not contain aluminum, alcohol and parabens<\/span><\/span><\/li>\n<li><span style=\"font-family: Helvetica;\"><span style=\"font-size: 18px;\">L\u012bdz 72 stund\u0101m<\/span><\/span><\/li>\n<\/ul>","protected":false},"excerpt":{"rendered":"<p>Neitraliz\u0113 smaku l\u012bdz 72 stund\u0101m! Lavilin Stick dezodorants nodro\u0161ina \u0101tru, ilgsto\u0161u aizsardz\u012bbu pret smaku, uz kuru varat pa\u013cauties tikai ar<\/p>","protected":false},"featured_media":28957,"comment_status":"open","ping_status":"closed","template":"","meta":[],"product_brand":[],"product_cat":[2208,2229,2215],"product_tag":[2244,2243,3559,3773,3772,3774,2245],"class_list":{"0":"post-28956","1":"product","2":"type-product","3":"status-publish","4":"has-post-thumbnail","6":"product_cat-kermena-kopsanas-lidzekii","7":"product_cat-antiperspiranti-dezodoranti","8":"product_cat-visi-produkti","9":"product_tag-israel","10":"product_tag-izraela","11":"product_tag-lavilin","12":"product_tag-sieviesu-dezodorants","13":"product_tag-womens-stick-deodorant","14":"product_tag-3774","15":"product_tag-2245","16":"pa_brand_nc-lavilin","17":"pa_ean_nc-3771","18":"pa_ean_nc-israel","20":"first","21":"instock","22":"sale","23":"taxable","24":"shipping-taxable","25":"purchasable","26":"product-type-simple"},"yoast_head":"<!-- This site is optimized with the Yoast SEO plugin v23.9 - https:\/\/yoast.com\/wordpress\/plugins\/seo\/ -->\n<title>Sievie\u0161u dezodorants<\/title>\n<meta name=\"description\" content=\"Neitraliz\u0113 smaku l\u012bdz 72 stund\u0101m!\" \/>\n<meta name=\"robots\" content=\"index, follow, max-snippet:-1, max-image-preview:large, max-video-preview:-1\" \/>\n<link rel=\"canonical\" href=\"https:\/\/women.lv\/en\/product\/sieviesu-dezodorants-stick\/\" \/>\n<meta property=\"og:locale\" content=\"en_GB\" \/>\n<meta property=\"og:type\" content=\"article\" \/>\n<meta property=\"og:title\" content=\"Sievie\u0161u dezodorants\" \/>\n<meta property=\"og:description\" content=\"Neitraliz\u0113 smaku l\u012bdz 72 stund\u0101m!\" \/>\n<meta property=\"og:url\" content=\"https:\/\/women.lv\/en\/product\/sieviesu-dezodorants-stick\/\" \/>\n<meta property=\"og:site_name\" content=\"Women Veikals\" \/>\n<meta property=\"article:modified_time\" content=\"2025-11-05T13:26:31+00:00\" \/>\n<meta property=\"og:image\" content=\"https:\/\/women.lv\/wp-content\/uploads\/nc\/catalog\/Israel\/Lavilin\/Women-deodorant-stick.png\" \/>\n\t<meta property=\"og:image:width\" content=\"1023\" \/>\n\t<meta property=\"og:image:height\" content=\"1022\" \/>\n\t<meta property=\"og:image:type\" content=\"image\/png\" \/>\n<meta name=\"twitter:card\" content=\"summary_large_image\" \/>\n<meta name=\"twitter:label1\" content=\"Estimated reading time\" \/>\n\t<meta name=\"twitter:data1\" content=\"1 minute\" \/>\n<script type=\"application\/ld+json\" class=\"yoast-schema-graph\">{\"@context\":\"https:\/\/schema.org\",\"@graph\":[{\"@type\":\"WebPage\",\"@id\":\"https:\/\/women.lv\/product\/sieviesu-dezodorants-stick\/\",\"url\":\"https:\/\/women.lv\/product\/sieviesu-dezodorants-stick\/\",\"name\":\"Sievie\u0161u dezodorants\",\"isPartOf\":{\"@id\":\"https:\/\/women.lv\/#website\"},\"primaryImageOfPage\":{\"@id\":\"https:\/\/women.lv\/product\/sieviesu-dezodorants-stick\/#primaryimage\"},\"image\":{\"@id\":\"https:\/\/women.lv\/product\/sieviesu-dezodorants-stick\/#primaryimage\"},\"thumbnailUrl\":\"https:\/\/women.lv\/wp-content\/uploads\/nc\/catalog\/Israel\/Lavilin\/Women-deodorant-stick.png\",\"datePublished\":\"2024-08-23T21:35:33+00:00\",\"dateModified\":\"2025-11-05T13:26:31+00:00\",\"description\":\"Neitraliz\u0113 smaku l\u012bdz 72 stund\u0101m!\",\"breadcrumb\":{\"@id\":\"https:\/\/women.lv\/product\/sieviesu-dezodorants-stick\/#breadcrumb\"},\"inLanguage\":\"en-GB\",\"potentialAction\":[{\"@type\":\"ReadAction\",\"target\":[\"https:\/\/women.lv\/product\/sieviesu-dezodorants-stick\/\"]}]},{\"@type\":\"ImageObject\",\"inLanguage\":\"en-GB\",\"@id\":\"https:\/\/women.lv\/product\/sieviesu-dezodorants-stick\/#primaryimage\",\"url\":\"https:\/\/women.lv\/wp-content\/uploads\/nc\/catalog\/Israel\/Lavilin\/Women-deodorant-stick.png\",\"contentUrl\":\"https:\/\/women.lv\/wp-content\/uploads\/nc\/catalog\/Israel\/Lavilin\/Women-deodorant-stick.png\",\"width\":1023,\"height\":1022,\"caption\":\"Sievie\u0161u dezodorants\"},{\"@type\":\"BreadcrumbList\",\"@id\":\"https:\/\/women.lv\/product\/sieviesu-dezodorants-stick\/#breadcrumb\",\"itemListElement\":[{\"@type\":\"ListItem\",\"position\":1,\"name\":\"Home\",\"item\":\"https:\/\/women.lv\/\"},{\"@type\":\"ListItem\",\"position\":2,\"name\":\"Products\",\"item\":\"https:\/\/women.lv\/en\/shop\/\"},{\"@type\":\"ListItem\",\"position\":3,\"name\":\"Sievie\u0161u dezodorants\"}]},{\"@type\":\"WebSite\",\"@id\":\"https:\/\/women.lv\/#website\",\"url\":\"https:\/\/women.lv\/\",\"name\":\"Women Veikals\",\"description\":\"Uzdr\u012bksties b\u016bt skaista\",\"potentialAction\":[{\"@type\":\"SearchAction\",\"target\":{\"@type\":\"EntryPoint\",\"urlTemplate\":\"https:\/\/women.lv\/?s={search_term_string}\"},\"query-input\":{\"@type\":\"PropertyValueSpecification\",\"valueRequired\":true,\"valueName\":\"search_term_string\"}}],\"inLanguage\":\"en-GB\"}]}<\/script>\n<!-- \/ Yoast SEO plugin. -->","yoast_head_json":{"title":"Sievie\u0161u dezodorants","description":"Neitraliz\u0113 smaku l\u012bdz 72 stund\u0101m!","robots":{"index":"index","follow":"follow","max-snippet":"max-snippet:-1","max-image-preview":"max-image-preview:large","max-video-preview":"max-video-preview:-1"},"canonical":"https:\/\/women.lv\/en\/product\/sieviesu-dezodorants-stick\/","og_locale":"en_GB","og_type":"article","og_title":"Sievie\u0161u dezodorants","og_description":"Neitraliz\u0113 smaku l\u012bdz 72 stund\u0101m!","og_url":"https:\/\/women.lv\/en\/product\/sieviesu-dezodorants-stick\/","og_site_name":"Women Veikals","article_modified_time":"2025-11-05T13:26:31+00:00","og_image":[{"width":1023,"height":1022,"url":"https:\/\/women.lv\/wp-content\/uploads\/nc\/catalog\/Israel\/Lavilin\/Women-deodorant-stick.png","type":"image\/png"}],"twitter_card":"summary_large_image","twitter_misc":{"Estimated reading time":"1 minute"},"schema":{"@context":"https:\/\/schema.org","@graph":[{"@type":"WebPage","@id":"https:\/\/women.lv\/product\/sieviesu-dezodorants-stick\/","url":"https:\/\/women.lv\/product\/sieviesu-dezodorants-stick\/","name":"Sievie\u0161u dezodorants","isPartOf":{"@id":"https:\/\/women.lv\/#website"},"primaryImageOfPage":{"@id":"https:\/\/women.lv\/product\/sieviesu-dezodorants-stick\/#primaryimage"},"image":{"@id":"https:\/\/women.lv\/product\/sieviesu-dezodorants-stick\/#primaryimage"},"thumbnailUrl":"https:\/\/women.lv\/wp-content\/uploads\/nc\/catalog\/Israel\/Lavilin\/Women-deodorant-stick.png","datePublished":"2024-08-23T21:35:33+00:00","dateModified":"2025-11-05T13:26:31+00:00","description":"Neitraliz\u0113 smaku l\u012bdz 72 stund\u0101m!","breadcrumb":{"@id":"https:\/\/women.lv\/product\/sieviesu-dezodorants-stick\/#breadcrumb"},"inLanguage":"en-GB","potentialAction":[{"@type":"ReadAction","target":["https:\/\/women.lv\/product\/sieviesu-dezodorants-stick\/"]}]},{"@type":"ImageObject","inLanguage":"en-GB","@id":"https:\/\/women.lv\/product\/sieviesu-dezodorants-stick\/#primaryimage","url":"https:\/\/women.lv\/wp-content\/uploads\/nc\/catalog\/Israel\/Lavilin\/Women-deodorant-stick.png","contentUrl":"https:\/\/women.lv\/wp-content\/uploads\/nc\/catalog\/Israel\/Lavilin\/Women-deodorant-stick.png","width":1023,"height":1022,"caption":"Sievie\u0161u dezodorants"},{"@type":"BreadcrumbList","@id":"https:\/\/women.lv\/product\/sieviesu-dezodorants-stick\/#breadcrumb","itemListElement":[{"@type":"ListItem","position":1,"name":"Home","item":"https:\/\/women.lv\/"},{"@type":"ListItem","position":2,"name":"Products","item":"https:\/\/women.lv\/en\/shop\/"},{"@type":"ListItem","position":3,"name":"Sievie\u0161u dezodorants"}]},{"@type":"WebSite","@id":"https:\/\/women.lv\/#website","url":"https:\/\/women.lv\/","name":"Women Veikals","description":"Uzdr\u012bksties b\u016bt skaista","potentialAction":[{"@type":"SearchAction","target":{"@type":"EntryPoint","urlTemplate":"https:\/\/women.lv\/?s={search_term_string}"},"query-input":{"@type":"PropertyValueSpecification","valueRequired":true,"valueName":"search_term_string"}}],"inLanguage":"en-GB"}]}},"_links":{"self":[{"href":"https:\/\/women.lv\/en\/wp-json\/wp\/v2\/product\/28956","targetHints":{"allow":["GET"]}}],"collection":[{"href":"https:\/\/women.lv\/en\/wp-json\/wp\/v2\/product"}],"about":[{"href":"https:\/\/women.lv\/en\/wp-json\/wp\/v2\/types\/product"}],"replies":[{"embeddable":true,"href":"https:\/\/women.lv\/en\/wp-json\/wp\/v2\/comments?post=28956"}],"version-history":[{"count":1,"href":"https:\/\/women.lv\/en\/wp-json\/wp\/v2\/product\/28956\/revisions"}],"predecessor-version":[{"id":29658,"href":"https:\/\/women.lv\/en\/wp-json\/wp\/v2\/product\/28956\/revisions\/29658"}],"wp:featuredmedia":[{"embeddable":true,"href":"https:\/\/women.lv\/en\/wp-json\/wp\/v2\/media\/28957"}],"wp:attachment":[{"href":"https:\/\/women.lv\/en\/wp-json\/wp\/v2\/media?parent=28956"}],"wp:term":[{"taxonomy":"product_brand","embeddable":true,"href":"https:\/\/women.lv\/en\/wp-json\/wp\/v2\/product_brand?post=28956"},{"taxonomy":"product_cat","embeddable":true,"href":"https:\/\/women.lv\/en\/wp-json\/wp\/v2\/product_cat?post=28956"},{"taxonomy":"product_tag","embeddable":true,"href":"https:\/\/women.lv\/en\/wp-json\/wp\/v2\/product_tag?post=28956"}],"curies":[{"name":"wp","href":"https:\/\/api.w.org\/{rel}","templated":true}]}}