{"id":28950,"date":"2024-08-23T20:37:12","date_gmt":"2024-08-23T20:37:12","guid":{"rendered":"https:\/\/women.lv\/?product=atjaunojosa-matu-maska-sausiem-un-bojatiem-matiem"},"modified":"2026-03-19T10:20:06","modified_gmt":"2026-03-19T08:20:06","slug":"atjaunojosa-matu-maska-sausiem-un-bojatiem-matiem","status":"publish","type":"product","link":"https:\/\/women.lv\/en\/product\/atjaunojosa-matu-maska-sausiem-un-bojatiem-matiem\/","title":{"rendered":"Regenerating hair mask for dry and damaged hair"},"content":{"rendered":"<p><span style=\"font-family: Helvetica;\"><span style=\"font-size: 18px;\">Barojo\u0161a maska \u200b\u200bsausu un\/vai boj\u0101tu matu kop\u0161anai, bag\u0101tin\u0101ta ar kerat\u012bnu un organiskiem kava kava, ginkgo biloba un rozmar\u012bna ekstraktiem.<\/span><\/span><\/p>\n<p><span style=\"font-family: Helvetica;\"><span style=\"font-size: 18px;\">Tam ir akt\u012bv\u0101 formula, kas nodro\u0161ina akt\u012bvu aizsardz\u012bbu pret mitrumu un vides pies\u0101r\u0146ojumu. Pie\u0161\u0137ir matiem m\u012bkstumu un sp\u012bdumu. Atst\u0101j matus pl\u016bsto\u0161us un pat\u012bkami pieskarties. Maskas lieto\u0161ana nodro\u0161ina t\u016bl\u012bt\u0113jus rezult\u0101tus no pirm\u0101s lieto\u0161anas reizes.<\/span><\/span><\/p>\n<p style=\"background-image: initial; background-position: initial; background-size: initial; background-repeat: initial; background-attachment: initial; background-origin: initial; background-clip: initial;\"><span style=\"font-family: Helvetica;\"><strong><span style=\"font-size: 14pt;\"><span style=\"font-size: 18px;\">Composition:\u00a0<\/span><\/span><\/strong><\/span><span style=\"font-family: Helvetica; font-size: 18px;\">Cetearyl Alcohol, Propylene Glycol, Cyclopentasiloxane, Cetrimonium Chloride, Behentrimonium Chloride, Fragrance (Supplrmrnt), Amodimethicone, Isopropyl Myristate, Phenyl Trimethicone, Tocopheryl, DMDM Hydantion, Imidazolidinyl Urea, Lauryl Alcohol, Dimethicone Copolyol, Kava Kava Extract, Ginkgo Biloba Leaf Extract, Rosmarinus Officinalis Ci , 42090 Ci , 16255 Ci , 19140 Ci, 527-(Rosemary) Leaf Oil, Keratin, Limonene, Unispheres AGE 42090 CI , 19140<\/span><\/p>\n<p><span style=\"font-family: Helvetica;\"><span style=\"font-size: 18px;\"><b>Usage:<\/b>\u00a0Uzkl\u0101jiet uz mitriem matiem un maigi iemas\u0113jiet. Atst\u0101jiet uz matiem 3-4 min\u016btes un r\u016bp\u012bgi izskalojiet.<\/span><\/span><\/p>\n<p><span style=\"font-family: Helvetica;\"><span style=\"font-size: 18px;\"><b>Volume:<\/b>\u00a0500 ml<\/span><\/span><\/p>","protected":false},"excerpt":{"rendered":"<p>A nourishing mask for the care of dry and\/or damaged hair, enriched with keratin and organic extracts of kava kava, ginkgo biloba and rosemary. For that<\/p>","protected":false},"featured_media":28951,"comment_status":"open","ping_status":"closed","template":"","meta":[],"product_brand":[],"product_cat":[2204,2207,2215],"product_tag":[3766,3768,2244,2243,2534,2245,3767],"class_list":{"0":"post-28950","1":"product","2":"type-product","3":"status-publish","4":"has-post-thumbnail","6":"product_cat-matu-kopsanas-lidzekli","7":"product_cat-matu-maskas","8":"product_cat-visi-produkti","9":"product_tag-atjaunojosa-matu-maska-sausiem-un-bojatiem-matiem","10":"product_tag-hydroganic-mask","11":"product_tag-israel","12":"product_tag-izraela","13":"product_tag-kava-kava","14":"product_tag-2245","15":"product_tag-3767","16":"pa_brand_nc-kava-kava","17":"pa_ean_nc-3765","18":"pa_ean_nc-israel","20":"first","21":"instock","22":"sale","23":"taxable","24":"shipping-taxable","25":"purchasable","26":"product-type-simple"},"yoast_head":"<!-- This site is optimized with the Yoast SEO plugin v27.4 - https:\/\/yoast.com\/product\/yoast-seo-wordpress\/ -->\n<title>Atjaunojo\u0161a matu maska sausiem un boj\u0101tiem matiem<\/title>\n<meta name=\"description\" content=\"Maskas lieto\u0161ana nodro\u0161ina t\u016bl\u012bt\u0113jus rezult\u0101tus no pirm\u0101s lieto\u0161anas reizes.\" \/>\n<meta name=\"robots\" content=\"index, follow, max-snippet:-1, max-image-preview:large, max-video-preview:-1\" \/>\n<link rel=\"canonical\" href=\"https:\/\/women.lv\/en\/product\/atjaunojosa-matu-maska-sausiem-un-bojatiem-matiem\/\" \/>\n<meta property=\"og:locale\" content=\"en_GB\" \/>\n<meta property=\"og:type\" content=\"article\" \/>\n<meta property=\"og:title\" content=\"Atjaunojo\u0161a matu maska sausiem un boj\u0101tiem matiem\" \/>\n<meta property=\"og:description\" content=\"Maskas lieto\u0161ana nodro\u0161ina t\u016bl\u012bt\u0113jus rezult\u0101tus no pirm\u0101s lieto\u0161anas reizes.\" \/>\n<meta property=\"og:url\" content=\"https:\/\/women.lv\/en\/product\/atjaunojosa-matu-maska-sausiem-un-bojatiem-matiem\/\" \/>\n<meta property=\"og:site_name\" content=\"Women Veikals\" \/>\n<meta property=\"article:modified_time\" content=\"2026-03-19T08:20:06+00:00\" \/>\n<meta property=\"og:image\" content=\"https:\/\/women.lv\/wp-content\/uploads\/nc\/catalog\/Israel\/Kava-Kava\/hydroganic-mask.jpeg\" \/>\n\t<meta property=\"og:image:width\" content=\"700\" \/>\n\t<meta property=\"og:image:height\" content=\"700\" \/>\n\t<meta property=\"og:image:type\" content=\"image\/jpeg\" \/>\n<meta name=\"twitter:card\" content=\"summary_large_image\" \/>\n<meta name=\"twitter:label1\" content=\"Estimated reading time\" \/>\n\t<meta name=\"twitter:data1\" content=\"1 minute\" \/>\n<script type=\"application\/ld+json\" class=\"yoast-schema-graph\">{\"@context\":\"https:\\\/\\\/schema.org\",\"@graph\":[{\"@type\":\"WebPage\",\"@id\":\"https:\\\/\\\/women.lv\\\/product\\\/atjaunojosa-matu-maska-sausiem-un-bojatiem-matiem\\\/\",\"url\":\"https:\\\/\\\/women.lv\\\/product\\\/atjaunojosa-matu-maska-sausiem-un-bojatiem-matiem\\\/\",\"name\":\"Atjaunojo\u0161a matu maska sausiem un boj\u0101tiem matiem\",\"isPartOf\":{\"@id\":\"https:\\\/\\\/women.lv\\\/#website\"},\"primaryImageOfPage\":{\"@id\":\"https:\\\/\\\/women.lv\\\/product\\\/atjaunojosa-matu-maska-sausiem-un-bojatiem-matiem\\\/#primaryimage\"},\"image\":{\"@id\":\"https:\\\/\\\/women.lv\\\/product\\\/atjaunojosa-matu-maska-sausiem-un-bojatiem-matiem\\\/#primaryimage\"},\"thumbnailUrl\":\"https:\\\/\\\/women.lv\\\/wp-content\\\/uploads\\\/nc\\\/catalog\\\/Israel\\\/Kava-Kava\\\/hydroganic-mask.jpeg\",\"datePublished\":\"2024-08-23T20:37:12+00:00\",\"dateModified\":\"2026-03-19T08:20:06+00:00\",\"description\":\"Maskas lieto\u0161ana nodro\u0161ina t\u016bl\u012bt\u0113jus rezult\u0101tus no pirm\u0101s lieto\u0161anas reizes.\",\"breadcrumb\":{\"@id\":\"https:\\\/\\\/women.lv\\\/product\\\/atjaunojosa-matu-maska-sausiem-un-bojatiem-matiem\\\/#breadcrumb\"},\"inLanguage\":\"en-GB\",\"potentialAction\":[{\"@type\":\"ReadAction\",\"target\":[\"https:\\\/\\\/women.lv\\\/product\\\/atjaunojosa-matu-maska-sausiem-un-bojatiem-matiem\\\/\"]}]},{\"@type\":\"ImageObject\",\"inLanguage\":\"en-GB\",\"@id\":\"https:\\\/\\\/women.lv\\\/product\\\/atjaunojosa-matu-maska-sausiem-un-bojatiem-matiem\\\/#primaryimage\",\"url\":\"https:\\\/\\\/women.lv\\\/wp-content\\\/uploads\\\/nc\\\/catalog\\\/Israel\\\/Kava-Kava\\\/hydroganic-mask.jpeg\",\"contentUrl\":\"https:\\\/\\\/women.lv\\\/wp-content\\\/uploads\\\/nc\\\/catalog\\\/Israel\\\/Kava-Kava\\\/hydroganic-mask.jpeg\",\"width\":700,\"height\":700,\"caption\":\"Atjaunojo\u0161a matu maska sausiem un boj\u0101tiem matiem\"},{\"@type\":\"BreadcrumbList\",\"@id\":\"https:\\\/\\\/women.lv\\\/product\\\/atjaunojosa-matu-maska-sausiem-un-bojatiem-matiem\\\/#breadcrumb\",\"itemListElement\":[{\"@type\":\"ListItem\",\"position\":1,\"name\":\"Home\",\"item\":\"https:\\\/\\\/women.lv\\\/\"},{\"@type\":\"ListItem\",\"position\":2,\"name\":\"Products\",\"item\":\"https:\\\/\\\/women.lv\\\/en\\\/shop\\\/\"},{\"@type\":\"ListItem\",\"position\":3,\"name\":\"Atjaunojo\u0161a matu maska sausiem un boj\u0101tiem matiem\"}]},{\"@type\":\"WebSite\",\"@id\":\"https:\\\/\\\/women.lv\\\/#website\",\"url\":\"https:\\\/\\\/women.lv\\\/\",\"name\":\"Women Veikals\",\"description\":\"Uzdr\u012bksties b\u016bt skaista\",\"potentialAction\":[{\"@type\":\"SearchAction\",\"target\":{\"@type\":\"EntryPoint\",\"urlTemplate\":\"https:\\\/\\\/women.lv\\\/?s={search_term_string}\"},\"query-input\":{\"@type\":\"PropertyValueSpecification\",\"valueRequired\":true,\"valueName\":\"search_term_string\"}}],\"inLanguage\":\"en-GB\"}]}<\/script>\n<!-- \/ Yoast SEO plugin. -->","yoast_head_json":{"title":"Regenerating hair mask for dry and damaged hair","description":"Maskas lieto\u0161ana nodro\u0161ina t\u016bl\u012bt\u0113jus rezult\u0101tus no pirm\u0101s lieto\u0161anas reizes.","robots":{"index":"index","follow":"follow","max-snippet":"max-snippet:-1","max-image-preview":"max-image-preview:large","max-video-preview":"max-video-preview:-1"},"canonical":"https:\/\/women.lv\/en\/product\/atjaunojosa-matu-maska-sausiem-un-bojatiem-matiem\/","og_locale":"en_GB","og_type":"article","og_title":"Atjaunojo\u0161a matu maska sausiem un boj\u0101tiem matiem","og_description":"Maskas lieto\u0161ana nodro\u0161ina t\u016bl\u012bt\u0113jus rezult\u0101tus no pirm\u0101s lieto\u0161anas reizes.","og_url":"https:\/\/women.lv\/en\/product\/atjaunojosa-matu-maska-sausiem-un-bojatiem-matiem\/","og_site_name":"Women Veikals","article_modified_time":"2026-03-19T08:20:06+00:00","og_image":[{"width":700,"height":700,"url":"https:\/\/women.lv\/wp-content\/uploads\/nc\/catalog\/Israel\/Kava-Kava\/hydroganic-mask.jpeg","type":"image\/jpeg"}],"twitter_card":"summary_large_image","twitter_misc":{"Estimated reading time":"1 minute"},"schema":{"@context":"https:\/\/schema.org","@graph":[{"@type":"WebPage","@id":"https:\/\/women.lv\/product\/atjaunojosa-matu-maska-sausiem-un-bojatiem-matiem\/","url":"https:\/\/women.lv\/product\/atjaunojosa-matu-maska-sausiem-un-bojatiem-matiem\/","name":"Regenerating hair mask for dry and damaged hair","isPartOf":{"@id":"https:\/\/women.lv\/#website"},"primaryImageOfPage":{"@id":"https:\/\/women.lv\/product\/atjaunojosa-matu-maska-sausiem-un-bojatiem-matiem\/#primaryimage"},"image":{"@id":"https:\/\/women.lv\/product\/atjaunojosa-matu-maska-sausiem-un-bojatiem-matiem\/#primaryimage"},"thumbnailUrl":"https:\/\/women.lv\/wp-content\/uploads\/nc\/catalog\/Israel\/Kava-Kava\/hydroganic-mask.jpeg","datePublished":"2024-08-23T20:37:12+00:00","dateModified":"2026-03-19T08:20:06+00:00","description":"Maskas lieto\u0161ana nodro\u0161ina t\u016bl\u012bt\u0113jus rezult\u0101tus no pirm\u0101s lieto\u0161anas reizes.","breadcrumb":{"@id":"https:\/\/women.lv\/product\/atjaunojosa-matu-maska-sausiem-un-bojatiem-matiem\/#breadcrumb"},"inLanguage":"en-GB","potentialAction":[{"@type":"ReadAction","target":["https:\/\/women.lv\/product\/atjaunojosa-matu-maska-sausiem-un-bojatiem-matiem\/"]}]},{"@type":"ImageObject","inLanguage":"en-GB","@id":"https:\/\/women.lv\/product\/atjaunojosa-matu-maska-sausiem-un-bojatiem-matiem\/#primaryimage","url":"https:\/\/women.lv\/wp-content\/uploads\/nc\/catalog\/Israel\/Kava-Kava\/hydroganic-mask.jpeg","contentUrl":"https:\/\/women.lv\/wp-content\/uploads\/nc\/catalog\/Israel\/Kava-Kava\/hydroganic-mask.jpeg","width":700,"height":700,"caption":"Atjaunojo\u0161a matu maska sausiem un boj\u0101tiem matiem"},{"@type":"BreadcrumbList","@id":"https:\/\/women.lv\/product\/atjaunojosa-matu-maska-sausiem-un-bojatiem-matiem\/#breadcrumb","itemListElement":[{"@type":"ListItem","position":1,"name":"Home","item":"https:\/\/women.lv\/"},{"@type":"ListItem","position":2,"name":"Products","item":"https:\/\/women.lv\/en\/shop\/"},{"@type":"ListItem","position":3,"name":"Atjaunojo\u0161a matu maska sausiem un boj\u0101tiem matiem"}]},{"@type":"WebSite","@id":"https:\/\/women.lv\/#website","url":"https:\/\/women.lv\/","name":"Women Shop","description":"Uzdr\u012bksties b\u016bt skaista","potentialAction":[{"@type":"SearchAction","target":{"@type":"EntryPoint","urlTemplate":"https:\/\/women.lv\/?s={search_term_string}"},"query-input":{"@type":"PropertyValueSpecification","valueRequired":true,"valueName":"search_term_string"}}],"inLanguage":"en-GB"}]}},"_links":{"self":[{"href":"https:\/\/women.lv\/en\/wp-json\/wp\/v2\/product\/28950","targetHints":{"allow":["GET"]}}],"collection":[{"href":"https:\/\/women.lv\/en\/wp-json\/wp\/v2\/product"}],"about":[{"href":"https:\/\/women.lv\/en\/wp-json\/wp\/v2\/types\/product"}],"replies":[{"embeddable":true,"href":"https:\/\/women.lv\/en\/wp-json\/wp\/v2\/comments?post=28950"}],"version-history":[{"count":0,"href":"https:\/\/women.lv\/en\/wp-json\/wp\/v2\/product\/28950\/revisions"}],"wp:featuredmedia":[{"embeddable":true,"href":"https:\/\/women.lv\/en\/wp-json\/wp\/v2\/media\/28951"}],"wp:attachment":[{"href":"https:\/\/women.lv\/en\/wp-json\/wp\/v2\/media?parent=28950"}],"wp:term":[{"taxonomy":"product_brand","embeddable":true,"href":"https:\/\/women.lv\/en\/wp-json\/wp\/v2\/product_brand?post=28950"},{"taxonomy":"product_cat","embeddable":true,"href":"https:\/\/women.lv\/en\/wp-json\/wp\/v2\/product_cat?post=28950"},{"taxonomy":"product_tag","embeddable":true,"href":"https:\/\/women.lv\/en\/wp-json\/wp\/v2\/product_tag?post=28950"}],"curies":[{"name":"wp","href":"https:\/\/api.w.org\/{rel}","templated":true}]}}