{"id":28936,"date":"2024-07-03T17:59:22","date_gmt":"2024-07-03T17:59:22","guid":{"rendered":"https:\/\/women.lv\/?product=saldais-zirnis"},"modified":"2025-11-05T13:26:40","modified_gmt":"2025-11-05T13:26:40","slug":"saldais-zirnis","status":"publish","type":"product","link":"https:\/\/women.lv\/en\/product\/saldais-zirnis\/","title":{"rendered":"Sweet pea"},"content":{"rendered":"<p><span style=\"font-family: Helvetica;\"><span style=\"font-size: 18px;\">Sweet Pea\u00a0s\u0101kas ar svaig\u0101m muskatrieksta, gran\u0101t\u0101bolu, citrusaug\u013cu un kazenes not\u012bm, dodot vietu Cassia, ave\u0146u un jasm\u012bna not\u012bm, un nok\u013c\u016bst austrumniecisk\u0101s sandalkoka, pa\u010d\u016blijas, muskusa un vani\u013cas not\u012bm.<\/span><\/span><\/p>","protected":false},"excerpt":{"rendered":"<p>Sweet Pea opens with fresh notes of nutmeg, pomegranate, citrus and blackberry, giving way to notes of cassia, raspberry and jasmine, and settles into an oriental<\/p>","protected":false},"featured_media":28937,"comment_status":"open","ping_status":"closed","template":"","meta":[],"product_brand":[],"product_cat":[2232,2233,2215],"product_tag":[3727,3722,3721,3739,3738,3726,3728,3740],"class_list":{"0":"post-28936","1":"product","2":"type-product","3":"status-publish","4":"has-post-thumbnail","6":"product_cat-aromats-lv","7":"product_cat-lv-body-mist","8":"product_cat-visi-produkti","9":"product_tag-apvienotie-arabu-emirati","10":"product_tag-body-mist","11":"product_tag-louis-cardin","12":"product_tag-saldais-zirnis","13":"product_tag-sweet-pea","14":"product_tag-united-arab-emirates","15":"product_tag-3728","16":"product_tag-3740","17":"pa_brand_nc-louis-cardin","18":"pa_ean_nc-3737","19":"pa_izcelsmes-valsts-united-arab-emirates","20":"pa_izveleties-tilpumu-250-ml","21":"pa_izveleties-tilpumu-3-ml","23":"first","24":"instock","25":"taxable","26":"shipping-taxable","27":"purchasable","28":"product-type-variable"},"yoast_head":"<!-- This site is optimized with the Yoast SEO plugin v23.9 - https:\/\/yoast.com\/wordpress\/plugins\/seo\/ -->\n<title>Saldais zirnis<\/title>\n<meta name=\"description\" content=\"Sweet Pea s\u0101kas ar svaig\u0101m muskatrieksta, gran\u0101t\u0101bolu, citrusaug\u013cu un kazenes not\u012bm, dodot vietu Cassia, ave\u0146u un jasm\u012bna not\u012bm, un nok\u013c\u016bst austrumniecisk\u0101s sandalkoka, pa\u010d\u016blijas, muskusa un vani\u013cas not\u012bm.\" \/>\n<meta name=\"robots\" content=\"index, follow, max-snippet:-1, max-image-preview:large, max-video-preview:-1\" \/>\n<link rel=\"canonical\" href=\"https:\/\/women.lv\/en\/product\/saldais-zirnis\/\" \/>\n<meta property=\"og:locale\" content=\"en_GB\" \/>\n<meta property=\"og:type\" content=\"article\" \/>\n<meta property=\"og:title\" content=\"Saldais zirnis\" \/>\n<meta property=\"og:description\" content=\"Sweet Pea s\u0101kas ar svaig\u0101m muskatrieksta, gran\u0101t\u0101bolu, citrusaug\u013cu un kazenes not\u012bm, dodot vietu Cassia, ave\u0146u un jasm\u012bna not\u012bm, un nok\u013c\u016bst austrumniecisk\u0101s sandalkoka, pa\u010d\u016blijas, muskusa un vani\u013cas not\u012bm.\" \/>\n<meta property=\"og:url\" content=\"https:\/\/women.lv\/en\/product\/saldais-zirnis\/\" \/>\n<meta property=\"og:site_name\" content=\"Women Veikals\" \/>\n<meta property=\"article:modified_time\" content=\"2025-11-05T13:26:40+00:00\" \/>\n<meta property=\"og:image\" content=\"https:\/\/women.lv\/wp-content\/uploads\/nc\/catalog\/United-Arab-Emirates\/Louis-Cardin\/Body-mist\/sweet-Pea-1024x1024.png\" \/>\n\t<meta property=\"og:image:width\" content=\"1024\" \/>\n\t<meta property=\"og:image:height\" content=\"1024\" \/>\n\t<meta property=\"og:image:type\" content=\"image\/png\" \/>\n<meta name=\"twitter:card\" content=\"summary_large_image\" \/>\n<meta name=\"twitter:label1\" content=\"Estimated reading time\" \/>\n\t<meta name=\"twitter:data1\" content=\"1 minute\" \/>\n<script type=\"application\/ld+json\" class=\"yoast-schema-graph\">{\"@context\":\"https:\/\/schema.org\",\"@graph\":[{\"@type\":\"WebPage\",\"@id\":\"https:\/\/women.lv\/product\/saldais-zirnis\/\",\"url\":\"https:\/\/women.lv\/product\/saldais-zirnis\/\",\"name\":\"Saldais zirnis\",\"isPartOf\":{\"@id\":\"https:\/\/women.lv\/#website\"},\"primaryImageOfPage\":{\"@id\":\"https:\/\/women.lv\/product\/saldais-zirnis\/#primaryimage\"},\"image\":{\"@id\":\"https:\/\/women.lv\/product\/saldais-zirnis\/#primaryimage\"},\"thumbnailUrl\":\"https:\/\/women.lv\/wp-content\/uploads\/nc\/catalog\/United-Arab-Emirates\/Louis-Cardin\/Body-mist\/sweet-Pea-1024x1024.png\",\"datePublished\":\"2024-07-03T17:59:22+00:00\",\"dateModified\":\"2025-11-05T13:26:40+00:00\",\"description\":\"Sweet Pea s\u0101kas ar svaig\u0101m muskatrieksta, gran\u0101t\u0101bolu, citrusaug\u013cu un kazenes not\u012bm, dodot vietu Cassia, ave\u0146u un jasm\u012bna not\u012bm, un nok\u013c\u016bst austrumniecisk\u0101s sandalkoka, pa\u010d\u016blijas, muskusa un vani\u013cas not\u012bm.\",\"breadcrumb\":{\"@id\":\"https:\/\/women.lv\/product\/saldais-zirnis\/#breadcrumb\"},\"inLanguage\":\"en-GB\",\"potentialAction\":[{\"@type\":\"ReadAction\",\"target\":[\"https:\/\/women.lv\/product\/saldais-zirnis\/\"]}]},{\"@type\":\"ImageObject\",\"inLanguage\":\"en-GB\",\"@id\":\"https:\/\/women.lv\/product\/saldais-zirnis\/#primaryimage\",\"url\":\"https:\/\/women.lv\/wp-content\/uploads\/nc\/catalog\/United-Arab-Emirates\/Louis-Cardin\/Body-mist\/sweet-Pea-1024x1024.png\",\"contentUrl\":\"https:\/\/women.lv\/wp-content\/uploads\/nc\/catalog\/United-Arab-Emirates\/Louis-Cardin\/Body-mist\/sweet-Pea-1024x1024.png\",\"width\":1024,\"height\":1024,\"caption\":\"Saldais zirnis\"},{\"@type\":\"BreadcrumbList\",\"@id\":\"https:\/\/women.lv\/product\/saldais-zirnis\/#breadcrumb\",\"itemListElement\":[{\"@type\":\"ListItem\",\"position\":1,\"name\":\"Home\",\"item\":\"https:\/\/women.lv\/\"},{\"@type\":\"ListItem\",\"position\":2,\"name\":\"Products\",\"item\":\"https:\/\/women.lv\/en\/shop\/\"},{\"@type\":\"ListItem\",\"position\":3,\"name\":\"Saldais zirnis\"}]},{\"@type\":\"WebSite\",\"@id\":\"https:\/\/women.lv\/#website\",\"url\":\"https:\/\/women.lv\/\",\"name\":\"Women Veikals\",\"description\":\"Uzdr\u012bksties b\u016bt skaista\",\"potentialAction\":[{\"@type\":\"SearchAction\",\"target\":{\"@type\":\"EntryPoint\",\"urlTemplate\":\"https:\/\/women.lv\/?s={search_term_string}\"},\"query-input\":{\"@type\":\"PropertyValueSpecification\",\"valueRequired\":true,\"valueName\":\"search_term_string\"}}],\"inLanguage\":\"en-GB\"}]}<\/script>\n<!-- \/ Yoast SEO plugin. -->","yoast_head_json":{"title":"Saldais zirnis","description":"Sweet Pea s\u0101kas ar svaig\u0101m muskatrieksta, gran\u0101t\u0101bolu, citrusaug\u013cu un kazenes not\u012bm, dodot vietu Cassia, ave\u0146u un jasm\u012bna not\u012bm, un nok\u013c\u016bst austrumniecisk\u0101s sandalkoka, pa\u010d\u016blijas, muskusa un vani\u013cas not\u012bm.","robots":{"index":"index","follow":"follow","max-snippet":"max-snippet:-1","max-image-preview":"max-image-preview:large","max-video-preview":"max-video-preview:-1"},"canonical":"https:\/\/women.lv\/en\/product\/saldais-zirnis\/","og_locale":"en_GB","og_type":"article","og_title":"Saldais zirnis","og_description":"Sweet Pea s\u0101kas ar svaig\u0101m muskatrieksta, gran\u0101t\u0101bolu, citrusaug\u013cu un kazenes not\u012bm, dodot vietu Cassia, ave\u0146u un jasm\u012bna not\u012bm, un nok\u013c\u016bst austrumniecisk\u0101s sandalkoka, pa\u010d\u016blijas, muskusa un vani\u013cas not\u012bm.","og_url":"https:\/\/women.lv\/en\/product\/saldais-zirnis\/","og_site_name":"Women Veikals","article_modified_time":"2025-11-05T13:26:40+00:00","og_image":[{"width":1024,"height":1024,"url":"https:\/\/women.lv\/wp-content\/uploads\/nc\/catalog\/United-Arab-Emirates\/Louis-Cardin\/Body-mist\/sweet-Pea-1024x1024.png","type":"image\/png"}],"twitter_card":"summary_large_image","twitter_misc":{"Estimated reading time":"1 minute"},"schema":{"@context":"https:\/\/schema.org","@graph":[{"@type":"WebPage","@id":"https:\/\/women.lv\/product\/saldais-zirnis\/","url":"https:\/\/women.lv\/product\/saldais-zirnis\/","name":"Saldais zirnis","isPartOf":{"@id":"https:\/\/women.lv\/#website"},"primaryImageOfPage":{"@id":"https:\/\/women.lv\/product\/saldais-zirnis\/#primaryimage"},"image":{"@id":"https:\/\/women.lv\/product\/saldais-zirnis\/#primaryimage"},"thumbnailUrl":"https:\/\/women.lv\/wp-content\/uploads\/nc\/catalog\/United-Arab-Emirates\/Louis-Cardin\/Body-mist\/sweet-Pea-1024x1024.png","datePublished":"2024-07-03T17:59:22+00:00","dateModified":"2025-11-05T13:26:40+00:00","description":"Sweet Pea s\u0101kas ar svaig\u0101m muskatrieksta, gran\u0101t\u0101bolu, citrusaug\u013cu un kazenes not\u012bm, dodot vietu Cassia, ave\u0146u un jasm\u012bna not\u012bm, un nok\u013c\u016bst austrumniecisk\u0101s sandalkoka, pa\u010d\u016blijas, muskusa un vani\u013cas not\u012bm.","breadcrumb":{"@id":"https:\/\/women.lv\/product\/saldais-zirnis\/#breadcrumb"},"inLanguage":"en-GB","potentialAction":[{"@type":"ReadAction","target":["https:\/\/women.lv\/product\/saldais-zirnis\/"]}]},{"@type":"ImageObject","inLanguage":"en-GB","@id":"https:\/\/women.lv\/product\/saldais-zirnis\/#primaryimage","url":"https:\/\/women.lv\/wp-content\/uploads\/nc\/catalog\/United-Arab-Emirates\/Louis-Cardin\/Body-mist\/sweet-Pea-1024x1024.png","contentUrl":"https:\/\/women.lv\/wp-content\/uploads\/nc\/catalog\/United-Arab-Emirates\/Louis-Cardin\/Body-mist\/sweet-Pea-1024x1024.png","width":1024,"height":1024,"caption":"Saldais zirnis"},{"@type":"BreadcrumbList","@id":"https:\/\/women.lv\/product\/saldais-zirnis\/#breadcrumb","itemListElement":[{"@type":"ListItem","position":1,"name":"Home","item":"https:\/\/women.lv\/"},{"@type":"ListItem","position":2,"name":"Products","item":"https:\/\/women.lv\/en\/shop\/"},{"@type":"ListItem","position":3,"name":"Saldais zirnis"}]},{"@type":"WebSite","@id":"https:\/\/women.lv\/#website","url":"https:\/\/women.lv\/","name":"Women Veikals","description":"Uzdr\u012bksties b\u016bt skaista","potentialAction":[{"@type":"SearchAction","target":{"@type":"EntryPoint","urlTemplate":"https:\/\/women.lv\/?s={search_term_string}"},"query-input":{"@type":"PropertyValueSpecification","valueRequired":true,"valueName":"search_term_string"}}],"inLanguage":"en-GB"}]}},"_links":{"self":[{"href":"https:\/\/women.lv\/en\/wp-json\/wp\/v2\/product\/28936","targetHints":{"allow":["GET"]}}],"collection":[{"href":"https:\/\/women.lv\/en\/wp-json\/wp\/v2\/product"}],"about":[{"href":"https:\/\/women.lv\/en\/wp-json\/wp\/v2\/types\/product"}],"replies":[{"embeddable":true,"href":"https:\/\/women.lv\/en\/wp-json\/wp\/v2\/comments?post=28936"}],"version-history":[{"count":1,"href":"https:\/\/women.lv\/en\/wp-json\/wp\/v2\/product\/28936\/revisions"}],"predecessor-version":[{"id":29649,"href":"https:\/\/women.lv\/en\/wp-json\/wp\/v2\/product\/28936\/revisions\/29649"}],"wp:featuredmedia":[{"embeddable":true,"href":"https:\/\/women.lv\/en\/wp-json\/wp\/v2\/media\/28937"}],"wp:attachment":[{"href":"https:\/\/women.lv\/en\/wp-json\/wp\/v2\/media?parent=28936"}],"wp:term":[{"taxonomy":"product_brand","embeddable":true,"href":"https:\/\/women.lv\/en\/wp-json\/wp\/v2\/product_brand?post=28936"},{"taxonomy":"product_cat","embeddable":true,"href":"https:\/\/women.lv\/en\/wp-json\/wp\/v2\/product_cat?post=28936"},{"taxonomy":"product_tag","embeddable":true,"href":"https:\/\/women.lv\/en\/wp-json\/wp\/v2\/product_tag?post=28936"}],"curies":[{"name":"wp","href":"https:\/\/api.w.org\/{rel}","templated":true}]}}