{"id":28934,"date":"2024-07-03T17:23:37","date_gmt":"2024-07-03T17:23:37","guid":{"rendered":"https:\/\/women.lv\/?product=kirsu-ziedi"},"modified":"2026-04-20T09:59:08","modified_gmt":"2026-04-20T07:59:08","slug":"kirsu-ziedi","status":"publish","type":"product","link":"https:\/\/women.lv\/en\/product\/kirsu-ziedi\/","title":{"rendered":"Cherry Blossoms"},"content":{"rendered":"<p><span style=\"font-family: Helvetica;\"><span style=\"font-size: 18px;\">Cherry Blossom Body Mist opens with an intense floral fruity scent with forest fruits. Aromas of strawberry, raspberry, cherry and cherry blossom.<\/span><\/span><\/p>","protected":false},"excerpt":{"rendered":"<p>Cherry Blossom Body Mist opens with an intense floral fruity scent with forest fruits. Aromas of strawberry, raspberry, cherry and cherry blossom.<\/p>","protected":false},"featured_media":28935,"comment_status":"open","ping_status":"closed","template":"","meta":[],"product_brand":[],"product_cat":[2232,2233,2215],"product_tag":[3727,3722,3734,3735,3721,3726,3736,3728],"class_list":{"0":"post-28934","1":"product","2":"type-product","3":"status-publish","4":"has-post-thumbnail","6":"product_cat-aromats-lv","7":"product_cat-lv-body-mist","8":"product_cat-visi-produkti","9":"product_tag-apvienotie-arabu-emirati","10":"product_tag-body-mist","11":"product_tag-cherry-blossom","12":"product_tag-kirsu-ziedi","13":"product_tag-louis-cardin","14":"product_tag-united-arab-emirates","15":"product_tag-3736","16":"product_tag-3728","17":"pa_brand_nc-louis-cardin","18":"pa_ean_nc-3733","19":"pa_izcelsmes-valsts-united-arab-emirates","20":"pa_izveleties-tilpumu-250-ml","21":"pa_izveleties-tilpumu-3-ml","23":"first","24":"instock","25":"taxable","26":"shipping-taxable","27":"purchasable","28":"product-type-variable"},"yoast_head":"<!-- This site is optimized with the Yoast SEO plugin v27.5 - https:\/\/yoast.com\/product\/yoast-seo-wordpress\/ -->\n<title>\u0136ir\u0161u Ziedi<\/title>\n<meta name=\"description\" content=\"Cherry Blossom Body Mist atveras ar intens\u012bvu ziedu aug\u013cu smar\u017eu ar me\u017ea aug\u013ciem. Zeme\u0146u, ave\u0146u, \u0137ir\u0161u un \u0137ir\u0161u ziedu arom\u0101ti.\" \/>\n<meta name=\"robots\" content=\"index, follow, max-snippet:-1, max-image-preview:large, max-video-preview:-1\" \/>\n<link rel=\"canonical\" href=\"https:\/\/women.lv\/en\/product\/kirsu-ziedi\/\" \/>\n<meta property=\"og:locale\" content=\"en_GB\" \/>\n<meta property=\"og:type\" content=\"article\" \/>\n<meta property=\"og:title\" content=\"\u0136ir\u0161u Ziedi\" \/>\n<meta property=\"og:description\" content=\"Cherry Blossom Body Mist atveras ar intens\u012bvu ziedu aug\u013cu smar\u017eu ar me\u017ea aug\u013ciem. Zeme\u0146u, ave\u0146u, \u0137ir\u0161u un \u0137ir\u0161u ziedu arom\u0101ti.\" \/>\n<meta property=\"og:url\" content=\"https:\/\/women.lv\/en\/product\/kirsu-ziedi\/\" \/>\n<meta property=\"og:site_name\" content=\"Women Veikals\" \/>\n<meta property=\"article:modified_time\" content=\"2026-04-20T07:59:08+00:00\" \/>\n<meta property=\"og:image\" content=\"https:\/\/women.lv\/wp-content\/uploads\/nc\/catalog\/United-Arab-Emirates\/Louis-Cardin\/Body-mist\/Cherry-Blossom-1024x1024.png\" \/>\n\t<meta property=\"og:image:width\" content=\"1024\" \/>\n\t<meta property=\"og:image:height\" content=\"1024\" \/>\n\t<meta property=\"og:image:type\" content=\"image\/png\" \/>\n<meta name=\"twitter:card\" content=\"summary_large_image\" \/>\n<meta name=\"twitter:label1\" content=\"Estimated reading time\" \/>\n\t<meta name=\"twitter:data1\" content=\"1 minute\" \/>\n<script type=\"application\/ld+json\" class=\"yoast-schema-graph\">{\"@context\":\"https:\\\/\\\/schema.org\",\"@graph\":[{\"@type\":\"WebPage\",\"@id\":\"https:\\\/\\\/women.lv\\\/product\\\/kirsu-ziedi\\\/\",\"url\":\"https:\\\/\\\/women.lv\\\/product\\\/kirsu-ziedi\\\/\",\"name\":\"\u0136ir\u0161u Ziedi\",\"isPartOf\":{\"@id\":\"https:\\\/\\\/women.lv\\\/#website\"},\"primaryImageOfPage\":{\"@id\":\"https:\\\/\\\/women.lv\\\/product\\\/kirsu-ziedi\\\/#primaryimage\"},\"image\":{\"@id\":\"https:\\\/\\\/women.lv\\\/product\\\/kirsu-ziedi\\\/#primaryimage\"},\"thumbnailUrl\":\"https:\\\/\\\/women.lv\\\/wp-content\\\/uploads\\\/nc\\\/catalog\\\/United-Arab-Emirates\\\/Louis-Cardin\\\/Body-mist\\\/Cherry-Blossom-1024x1024.png\",\"datePublished\":\"2024-07-03T17:23:37+00:00\",\"dateModified\":\"2026-04-20T07:59:08+00:00\",\"description\":\"Cherry Blossom Body Mist atveras ar intens\u012bvu ziedu aug\u013cu smar\u017eu ar me\u017ea aug\u013ciem. Zeme\u0146u, ave\u0146u, \u0137ir\u0161u un \u0137ir\u0161u ziedu arom\u0101ti.\",\"breadcrumb\":{\"@id\":\"https:\\\/\\\/women.lv\\\/product\\\/kirsu-ziedi\\\/#breadcrumb\"},\"inLanguage\":\"en-GB\",\"potentialAction\":[{\"@type\":\"ReadAction\",\"target\":[\"https:\\\/\\\/women.lv\\\/product\\\/kirsu-ziedi\\\/\"]}]},{\"@type\":\"ImageObject\",\"inLanguage\":\"en-GB\",\"@id\":\"https:\\\/\\\/women.lv\\\/product\\\/kirsu-ziedi\\\/#primaryimage\",\"url\":\"https:\\\/\\\/women.lv\\\/wp-content\\\/uploads\\\/nc\\\/catalog\\\/United-Arab-Emirates\\\/Louis-Cardin\\\/Body-mist\\\/Cherry-Blossom-1024x1024.png\",\"contentUrl\":\"https:\\\/\\\/women.lv\\\/wp-content\\\/uploads\\\/nc\\\/catalog\\\/United-Arab-Emirates\\\/Louis-Cardin\\\/Body-mist\\\/Cherry-Blossom-1024x1024.png\",\"width\":1024,\"height\":1024,\"caption\":\"\u0136ir\u0161u Ziedi\"},{\"@type\":\"BreadcrumbList\",\"@id\":\"https:\\\/\\\/women.lv\\\/product\\\/kirsu-ziedi\\\/#breadcrumb\",\"itemListElement\":[{\"@type\":\"ListItem\",\"position\":1,\"name\":\"Home\",\"item\":\"https:\\\/\\\/women.lv\\\/\"},{\"@type\":\"ListItem\",\"position\":2,\"name\":\"Products\",\"item\":\"https:\\\/\\\/women.lv\\\/en\\\/shop\\\/\"},{\"@type\":\"ListItem\",\"position\":3,\"name\":\"\u0136ir\u0161u Ziedi\"}]},{\"@type\":\"WebSite\",\"@id\":\"https:\\\/\\\/women.lv\\\/#website\",\"url\":\"https:\\\/\\\/women.lv\\\/\",\"name\":\"Women Veikals\",\"description\":\"Uzdr\u012bksties b\u016bt skaista\",\"potentialAction\":[{\"@type\":\"SearchAction\",\"target\":{\"@type\":\"EntryPoint\",\"urlTemplate\":\"https:\\\/\\\/women.lv\\\/?s={search_term_string}\"},\"query-input\":{\"@type\":\"PropertyValueSpecification\",\"valueRequired\":true,\"valueName\":\"search_term_string\"}}],\"inLanguage\":\"en-GB\"}]}<\/script>\n<!-- \/ Yoast SEO plugin. -->","yoast_head_json":{"title":"Cherry Blossoms","description":"Cherry Blossom Body Mist opens with an intense floral fruity scent with forest fruits. Aromas of strawberry, raspberry, cherry and cherry blossom.","robots":{"index":"index","follow":"follow","max-snippet":"max-snippet:-1","max-image-preview":"max-image-preview:large","max-video-preview":"max-video-preview:-1"},"canonical":"https:\/\/women.lv\/en\/product\/kirsu-ziedi\/","og_locale":"en_GB","og_type":"article","og_title":"\u0136ir\u0161u Ziedi","og_description":"Cherry Blossom Body Mist atveras ar intens\u012bvu ziedu aug\u013cu smar\u017eu ar me\u017ea aug\u013ciem. Zeme\u0146u, ave\u0146u, \u0137ir\u0161u un \u0137ir\u0161u ziedu arom\u0101ti.","og_url":"https:\/\/women.lv\/en\/product\/kirsu-ziedi\/","og_site_name":"Women Veikals","article_modified_time":"2026-04-20T07:59:08+00:00","og_image":[{"width":1024,"height":1024,"url":"https:\/\/women.lv\/wp-content\/uploads\/nc\/catalog\/United-Arab-Emirates\/Louis-Cardin\/Body-mist\/Cherry-Blossom-1024x1024.png","type":"image\/png"}],"twitter_card":"summary_large_image","twitter_misc":{"Estimated reading time":"1 minute"},"schema":{"@context":"https:\/\/schema.org","@graph":[{"@type":"WebPage","@id":"https:\/\/women.lv\/product\/kirsu-ziedi\/","url":"https:\/\/women.lv\/product\/kirsu-ziedi\/","name":"Cherry Blossoms","isPartOf":{"@id":"https:\/\/women.lv\/#website"},"primaryImageOfPage":{"@id":"https:\/\/women.lv\/product\/kirsu-ziedi\/#primaryimage"},"image":{"@id":"https:\/\/women.lv\/product\/kirsu-ziedi\/#primaryimage"},"thumbnailUrl":"https:\/\/women.lv\/wp-content\/uploads\/nc\/catalog\/United-Arab-Emirates\/Louis-Cardin\/Body-mist\/Cherry-Blossom-1024x1024.png","datePublished":"2024-07-03T17:23:37+00:00","dateModified":"2026-04-20T07:59:08+00:00","description":"Cherry Blossom Body Mist opens with an intense floral fruity scent with forest fruits. Aromas of strawberry, raspberry, cherry and cherry blossom.","breadcrumb":{"@id":"https:\/\/women.lv\/product\/kirsu-ziedi\/#breadcrumb"},"inLanguage":"en-GB","potentialAction":[{"@type":"ReadAction","target":["https:\/\/women.lv\/product\/kirsu-ziedi\/"]}]},{"@type":"ImageObject","inLanguage":"en-GB","@id":"https:\/\/women.lv\/product\/kirsu-ziedi\/#primaryimage","url":"https:\/\/women.lv\/wp-content\/uploads\/nc\/catalog\/United-Arab-Emirates\/Louis-Cardin\/Body-mist\/Cherry-Blossom-1024x1024.png","contentUrl":"https:\/\/women.lv\/wp-content\/uploads\/nc\/catalog\/United-Arab-Emirates\/Louis-Cardin\/Body-mist\/Cherry-Blossom-1024x1024.png","width":1024,"height":1024,"caption":"\u0136ir\u0161u Ziedi"},{"@type":"BreadcrumbList","@id":"https:\/\/women.lv\/product\/kirsu-ziedi\/#breadcrumb","itemListElement":[{"@type":"ListItem","position":1,"name":"Home","item":"https:\/\/women.lv\/"},{"@type":"ListItem","position":2,"name":"Products","item":"https:\/\/women.lv\/en\/shop\/"},{"@type":"ListItem","position":3,"name":"\u0136ir\u0161u Ziedi"}]},{"@type":"WebSite","@id":"https:\/\/women.lv\/#website","url":"https:\/\/women.lv\/","name":"Women Shop","description":"Uzdr\u012bksties b\u016bt skaista","potentialAction":[{"@type":"SearchAction","target":{"@type":"EntryPoint","urlTemplate":"https:\/\/women.lv\/?s={search_term_string}"},"query-input":{"@type":"PropertyValueSpecification","valueRequired":true,"valueName":"search_term_string"}}],"inLanguage":"en-GB"}]}},"_links":{"self":[{"href":"https:\/\/women.lv\/en\/wp-json\/wp\/v2\/product\/28934","targetHints":{"allow":["GET"]}}],"collection":[{"href":"https:\/\/women.lv\/en\/wp-json\/wp\/v2\/product"}],"about":[{"href":"https:\/\/women.lv\/en\/wp-json\/wp\/v2\/types\/product"}],"replies":[{"embeddable":true,"href":"https:\/\/women.lv\/en\/wp-json\/wp\/v2\/comments?post=28934"}],"version-history":[{"count":0,"href":"https:\/\/women.lv\/en\/wp-json\/wp\/v2\/product\/28934\/revisions"}],"wp:featuredmedia":[{"embeddable":true,"href":"https:\/\/women.lv\/en\/wp-json\/wp\/v2\/media\/28935"}],"wp:attachment":[{"href":"https:\/\/women.lv\/en\/wp-json\/wp\/v2\/media?parent=28934"}],"wp:term":[{"taxonomy":"product_brand","embeddable":true,"href":"https:\/\/women.lv\/en\/wp-json\/wp\/v2\/product_brand?post=28934"},{"taxonomy":"product_cat","embeddable":true,"href":"https:\/\/women.lv\/en\/wp-json\/wp\/v2\/product_cat?post=28934"},{"taxonomy":"product_tag","embeddable":true,"href":"https:\/\/women.lv\/en\/wp-json\/wp\/v2\/product_tag?post=28934"}],"curies":[{"name":"wp","href":"https:\/\/api.w.org\/{rel}","templated":true}]}}