{"id":28930,"date":"2024-07-03T16:34:52","date_gmt":"2024-07-03T16:34:52","guid":{"rendered":"https:\/\/women.lv\/?product=muzigi-sapni"},"modified":"2025-11-05T13:26:40","modified_gmt":"2025-11-05T13:26:40","slug":"muzigi-sapni","status":"publish","type":"product","link":"https:\/\/women.lv\/en\/product\/muzigi-sapni\/","title":{"rendered":"Eternal dreams"},"content":{"rendered":"<p><span style=\"font-family: Helvetica;\"><span style=\"font-size: 18px;\">Timeless Dreams opens with fresh notes of nutmeg, pomegranate, citrus and blackberry, giving way to notes of cassia, raspberry and jasmine, and settles into the oriental base notes of sandalwood.<\/span><\/span><\/p>","protected":false},"excerpt":{"rendered":"<p>Timeless Dreams opens with fresh notes of nutmeg, pomegranate, citrus and blackberry, giving way to notes of cassia, raspberry and jasmine, and settles<\/p>","protected":false},"featured_media":28931,"comment_status":"open","ping_status":"closed","template":"","meta":[],"product_brand":[],"product_cat":[2232,2233,2215],"product_tag":[3727,3722,3721,3724,3723,3726,3725,3728],"class_list":{"0":"post-28930","1":"product","2":"type-product","3":"status-publish","4":"has-post-thumbnail","6":"product_cat-aromats-lv","7":"product_cat-lv-body-mist","8":"product_cat-visi-produkti","9":"product_tag-apvienotie-arabu-emirati","10":"product_tag-body-mist","11":"product_tag-louis-cardin","12":"product_tag-muzigi-sapni","13":"product_tag-timeless-dreams","14":"product_tag-united-arab-emirates","15":"product_tag-3725","16":"product_tag-3728","17":"pa_brand_nc-louis-cardin","18":"pa_ean_nc-3720","19":"pa_izcelsmes-valsts-united-arab-emirates","20":"pa_izveleties-tilpumu-250-ml","21":"pa_izveleties-tilpumu-3-ml","23":"first","24":"instock","25":"taxable","26":"shipping-taxable","27":"purchasable","28":"product-type-variable"},"yoast_head":"<!-- This site is optimized with the Yoast SEO plugin v23.9 - https:\/\/yoast.com\/wordpress\/plugins\/seo\/ -->\n<title>M\u016b\u017e\u012bgi sap\u0146i<\/title>\n<meta name=\"description\" content=\"Timeless Dreams s\u0101kas ar svaig\u0101m muskatrieksta, gran\u0101t\u0101bola, citrusaug\u013cu un kazenes not\u012bm, dodot vietu Cassia, ave\u0146u un jasm\u012bna not\u012bm, un nok\u013c\u016bst sandalkoka austrumu pamatnot\u012bs.\" \/>\n<meta name=\"robots\" content=\"index, follow, max-snippet:-1, max-image-preview:large, max-video-preview:-1\" \/>\n<link rel=\"canonical\" href=\"https:\/\/women.lv\/en\/product\/muzigi-sapni\/\" \/>\n<meta property=\"og:locale\" content=\"en_GB\" \/>\n<meta property=\"og:type\" content=\"article\" \/>\n<meta property=\"og:title\" content=\"M\u016b\u017e\u012bgi sap\u0146i\" \/>\n<meta property=\"og:description\" content=\"Timeless Dreams s\u0101kas ar svaig\u0101m muskatrieksta, gran\u0101t\u0101bola, citrusaug\u013cu un kazenes not\u012bm, dodot vietu Cassia, ave\u0146u un jasm\u012bna not\u012bm, un nok\u013c\u016bst sandalkoka austrumu pamatnot\u012bs.\" \/>\n<meta property=\"og:url\" content=\"https:\/\/women.lv\/en\/product\/muzigi-sapni\/\" \/>\n<meta property=\"og:site_name\" content=\"Women Veikals\" \/>\n<meta property=\"article:modified_time\" content=\"2025-11-05T13:26:40+00:00\" \/>\n<meta property=\"og:image\" content=\"https:\/\/women.lv\/wp-content\/uploads\/nc\/catalog\/United-Arab-Emirates\/Louis-Cardin\/Body-mist\/Timeless-Dreams-1-1024x1024.png\" \/>\n\t<meta property=\"og:image:width\" content=\"1024\" \/>\n\t<meta property=\"og:image:height\" content=\"1024\" \/>\n\t<meta property=\"og:image:type\" content=\"image\/png\" \/>\n<meta name=\"twitter:card\" content=\"summary_large_image\" \/>\n<meta name=\"twitter:label1\" content=\"Estimated reading time\" \/>\n\t<meta name=\"twitter:data1\" content=\"1 minute\" \/>\n<script type=\"application\/ld+json\" class=\"yoast-schema-graph\">{\"@context\":\"https:\/\/schema.org\",\"@graph\":[{\"@type\":\"WebPage\",\"@id\":\"https:\/\/women.lv\/product\/muzigi-sapni\/\",\"url\":\"https:\/\/women.lv\/product\/muzigi-sapni\/\",\"name\":\"M\u016b\u017e\u012bgi sap\u0146i\",\"isPartOf\":{\"@id\":\"https:\/\/women.lv\/#website\"},\"primaryImageOfPage\":{\"@id\":\"https:\/\/women.lv\/product\/muzigi-sapni\/#primaryimage\"},\"image\":{\"@id\":\"https:\/\/women.lv\/product\/muzigi-sapni\/#primaryimage\"},\"thumbnailUrl\":\"https:\/\/women.lv\/wp-content\/uploads\/nc\/catalog\/United-Arab-Emirates\/Louis-Cardin\/Body-mist\/Timeless-Dreams-1-1024x1024.png\",\"datePublished\":\"2024-07-03T16:34:52+00:00\",\"dateModified\":\"2025-11-05T13:26:40+00:00\",\"description\":\"Timeless Dreams s\u0101kas ar svaig\u0101m muskatrieksta, gran\u0101t\u0101bola, citrusaug\u013cu un kazenes not\u012bm, dodot vietu Cassia, ave\u0146u un jasm\u012bna not\u012bm, un nok\u013c\u016bst sandalkoka austrumu pamatnot\u012bs.\",\"breadcrumb\":{\"@id\":\"https:\/\/women.lv\/product\/muzigi-sapni\/#breadcrumb\"},\"inLanguage\":\"en-GB\",\"potentialAction\":[{\"@type\":\"ReadAction\",\"target\":[\"https:\/\/women.lv\/product\/muzigi-sapni\/\"]}]},{\"@type\":\"ImageObject\",\"inLanguage\":\"en-GB\",\"@id\":\"https:\/\/women.lv\/product\/muzigi-sapni\/#primaryimage\",\"url\":\"https:\/\/women.lv\/wp-content\/uploads\/nc\/catalog\/United-Arab-Emirates\/Louis-Cardin\/Body-mist\/Timeless-Dreams-1-1024x1024.png\",\"contentUrl\":\"https:\/\/women.lv\/wp-content\/uploads\/nc\/catalog\/United-Arab-Emirates\/Louis-Cardin\/Body-mist\/Timeless-Dreams-1-1024x1024.png\",\"width\":1024,\"height\":1024,\"caption\":\"M\u016b\u017e\u012bgi sap\u0146i\"},{\"@type\":\"BreadcrumbList\",\"@id\":\"https:\/\/women.lv\/product\/muzigi-sapni\/#breadcrumb\",\"itemListElement\":[{\"@type\":\"ListItem\",\"position\":1,\"name\":\"Home\",\"item\":\"https:\/\/women.lv\/\"},{\"@type\":\"ListItem\",\"position\":2,\"name\":\"Products\",\"item\":\"https:\/\/women.lv\/en\/shop\/\"},{\"@type\":\"ListItem\",\"position\":3,\"name\":\"M\u016b\u017e\u012bgi sap\u0146i\"}]},{\"@type\":\"WebSite\",\"@id\":\"https:\/\/women.lv\/#website\",\"url\":\"https:\/\/women.lv\/\",\"name\":\"Women Veikals\",\"description\":\"Uzdr\u012bksties b\u016bt skaista\",\"potentialAction\":[{\"@type\":\"SearchAction\",\"target\":{\"@type\":\"EntryPoint\",\"urlTemplate\":\"https:\/\/women.lv\/?s={search_term_string}\"},\"query-input\":{\"@type\":\"PropertyValueSpecification\",\"valueRequired\":true,\"valueName\":\"search_term_string\"}}],\"inLanguage\":\"en-GB\"}]}<\/script>\n<!-- \/ Yoast SEO plugin. -->","yoast_head_json":{"title":"M\u016b\u017e\u012bgi sap\u0146i","description":"Timeless Dreams s\u0101kas ar svaig\u0101m muskatrieksta, gran\u0101t\u0101bola, citrusaug\u013cu un kazenes not\u012bm, dodot vietu Cassia, ave\u0146u un jasm\u012bna not\u012bm, un nok\u013c\u016bst sandalkoka austrumu pamatnot\u012bs.","robots":{"index":"index","follow":"follow","max-snippet":"max-snippet:-1","max-image-preview":"max-image-preview:large","max-video-preview":"max-video-preview:-1"},"canonical":"https:\/\/women.lv\/en\/product\/muzigi-sapni\/","og_locale":"en_GB","og_type":"article","og_title":"M\u016b\u017e\u012bgi sap\u0146i","og_description":"Timeless Dreams s\u0101kas ar svaig\u0101m muskatrieksta, gran\u0101t\u0101bola, citrusaug\u013cu un kazenes not\u012bm, dodot vietu Cassia, ave\u0146u un jasm\u012bna not\u012bm, un nok\u013c\u016bst sandalkoka austrumu pamatnot\u012bs.","og_url":"https:\/\/women.lv\/en\/product\/muzigi-sapni\/","og_site_name":"Women Veikals","article_modified_time":"2025-11-05T13:26:40+00:00","og_image":[{"width":1024,"height":1024,"url":"https:\/\/women.lv\/wp-content\/uploads\/nc\/catalog\/United-Arab-Emirates\/Louis-Cardin\/Body-mist\/Timeless-Dreams-1-1024x1024.png","type":"image\/png"}],"twitter_card":"summary_large_image","twitter_misc":{"Estimated reading time":"1 minute"},"schema":{"@context":"https:\/\/schema.org","@graph":[{"@type":"WebPage","@id":"https:\/\/women.lv\/product\/muzigi-sapni\/","url":"https:\/\/women.lv\/product\/muzigi-sapni\/","name":"M\u016b\u017e\u012bgi sap\u0146i","isPartOf":{"@id":"https:\/\/women.lv\/#website"},"primaryImageOfPage":{"@id":"https:\/\/women.lv\/product\/muzigi-sapni\/#primaryimage"},"image":{"@id":"https:\/\/women.lv\/product\/muzigi-sapni\/#primaryimage"},"thumbnailUrl":"https:\/\/women.lv\/wp-content\/uploads\/nc\/catalog\/United-Arab-Emirates\/Louis-Cardin\/Body-mist\/Timeless-Dreams-1-1024x1024.png","datePublished":"2024-07-03T16:34:52+00:00","dateModified":"2025-11-05T13:26:40+00:00","description":"Timeless Dreams s\u0101kas ar svaig\u0101m muskatrieksta, gran\u0101t\u0101bola, citrusaug\u013cu un kazenes not\u012bm, dodot vietu Cassia, ave\u0146u un jasm\u012bna not\u012bm, un nok\u013c\u016bst sandalkoka austrumu pamatnot\u012bs.","breadcrumb":{"@id":"https:\/\/women.lv\/product\/muzigi-sapni\/#breadcrumb"},"inLanguage":"en-GB","potentialAction":[{"@type":"ReadAction","target":["https:\/\/women.lv\/product\/muzigi-sapni\/"]}]},{"@type":"ImageObject","inLanguage":"en-GB","@id":"https:\/\/women.lv\/product\/muzigi-sapni\/#primaryimage","url":"https:\/\/women.lv\/wp-content\/uploads\/nc\/catalog\/United-Arab-Emirates\/Louis-Cardin\/Body-mist\/Timeless-Dreams-1-1024x1024.png","contentUrl":"https:\/\/women.lv\/wp-content\/uploads\/nc\/catalog\/United-Arab-Emirates\/Louis-Cardin\/Body-mist\/Timeless-Dreams-1-1024x1024.png","width":1024,"height":1024,"caption":"M\u016b\u017e\u012bgi sap\u0146i"},{"@type":"BreadcrumbList","@id":"https:\/\/women.lv\/product\/muzigi-sapni\/#breadcrumb","itemListElement":[{"@type":"ListItem","position":1,"name":"Home","item":"https:\/\/women.lv\/"},{"@type":"ListItem","position":2,"name":"Products","item":"https:\/\/women.lv\/en\/shop\/"},{"@type":"ListItem","position":3,"name":"M\u016b\u017e\u012bgi sap\u0146i"}]},{"@type":"WebSite","@id":"https:\/\/women.lv\/#website","url":"https:\/\/women.lv\/","name":"Women Veikals","description":"Uzdr\u012bksties b\u016bt skaista","potentialAction":[{"@type":"SearchAction","target":{"@type":"EntryPoint","urlTemplate":"https:\/\/women.lv\/?s={search_term_string}"},"query-input":{"@type":"PropertyValueSpecification","valueRequired":true,"valueName":"search_term_string"}}],"inLanguage":"en-GB"}]}},"_links":{"self":[{"href":"https:\/\/women.lv\/en\/wp-json\/wp\/v2\/product\/28930","targetHints":{"allow":["GET"]}}],"collection":[{"href":"https:\/\/women.lv\/en\/wp-json\/wp\/v2\/product"}],"about":[{"href":"https:\/\/women.lv\/en\/wp-json\/wp\/v2\/types\/product"}],"replies":[{"embeddable":true,"href":"https:\/\/women.lv\/en\/wp-json\/wp\/v2\/comments?post=28930"}],"version-history":[{"count":1,"href":"https:\/\/women.lv\/en\/wp-json\/wp\/v2\/product\/28930\/revisions"}],"predecessor-version":[{"id":29653,"href":"https:\/\/women.lv\/en\/wp-json\/wp\/v2\/product\/28930\/revisions\/29653"}],"wp:featuredmedia":[{"embeddable":true,"href":"https:\/\/women.lv\/en\/wp-json\/wp\/v2\/media\/28931"}],"wp:attachment":[{"href":"https:\/\/women.lv\/en\/wp-json\/wp\/v2\/media?parent=28930"}],"wp:term":[{"taxonomy":"product_brand","embeddable":true,"href":"https:\/\/women.lv\/en\/wp-json\/wp\/v2\/product_brand?post=28930"},{"taxonomy":"product_cat","embeddable":true,"href":"https:\/\/women.lv\/en\/wp-json\/wp\/v2\/product_cat?post=28930"},{"taxonomy":"product_tag","embeddable":true,"href":"https:\/\/women.lv\/en\/wp-json\/wp\/v2\/product_tag?post=28930"}],"curies":[{"name":"wp","href":"https:\/\/api.w.org\/{rel}","templated":true}]}}