{"id":28928,"date":"2024-05-29T15:26:45","date_gmt":"2024-05-29T15:26:45","guid":{"rendered":"https:\/\/women.lv\/?product=pretgrumbu-dienas-krems-45"},"modified":"2026-04-22T07:34:42","modified_gmt":"2026-04-22T05:34:42","slug":"pretgrumbu-dienas-krems-45","status":"publish","type":"product","link":"https:\/\/women.lv\/en\/product\/pretgrumbu-dienas-krems-45\/","title":{"rendered":"Anti-wrinkle day cream 45+"},"content":{"rendered":"<p><span style=\"font-family: Helvetica;\"><span style=\"font-size: 18px;\"><b>Anti-wrinkle day cream 45+<\/b> is an antiaging day cream based on black pearls and Dead Sea minerals. Helps to get rid of facial wrinkles and prevents their appearance to keep your skin young and beautiful.<\/span><\/span><\/p>\n<p><span style=\"font-size: 18px;\">Dead Sea minerals intensively nourish and moisturize aging skin, making it soft and velvety. Being in the cream, the black pearl activates regeneration processes. Promotes accelerated skin regeneration. Perfectly smoothes the skin of the face and gives it a gentle glow.<\/span><\/p>\n<p><span style=\"font-size: 18px;\">Silky textured cream absorbs quickly and does not leave a greasy shine, ideal as a make-up base.<\/span><\/p>\n<p><span style=\"font-size: 18px;\">The cream contains sunscreen SPF 25.<\/span><\/p>\n<p><span style=\"font-size: 18px;\"><b>Active ingredients:<\/b> Borage seed oil, Sunflower seed oil, Calendula officinalis flower extract, pearl powder, Dead Sea salt.<\/span><\/p>\n<p>&nbsp;<\/p>","protected":false},"excerpt":{"rendered":"<p>Anti-Wrinkle Day Cream 45+ is an anti-aging day cream based on black pearls and Dead Sea minerals. Helps to get rid of<\/p>","protected":false},"featured_media":28929,"comment_status":"open","ping_status":"closed","template":"","meta":[],"product_brand":[],"product_cat":[2212,2231,2201,2200,2203,2215],"product_tag":[2433,2244,2243,2717,2719,2718,2245],"class_list":{"0":"post-28928","1":"product","2":"type-product","3":"status-publish","4":"has-post-thumbnail","6":"product_cat-dienas-kremi","7":"product_cat-lv-on-sale","8":"product_cat-pretnovecosanas-un-pretgrumbu","9":"product_cat-sejas-kopsanas-lidzekli","10":"product_cat-sejas-kremi","11":"product_cat-visi-produkti","12":"product_tag-black-pearl-royalty","13":"product_tag-israel","14":"product_tag-izraela","15":"product_tag-perfect-day-cream-45","16":"product_tag-pretgrumbu-dienas-krems-45","17":"product_tag-----45","18":"product_tag-2245","19":"pa_brand_nc-black-pearl-royalty","20":"pa_ean_nc-3718","21":"pa_ean_nc-israel","23":"first","24":"instock","25":"sale","26":"taxable","27":"shipping-taxable","28":"purchasable","29":"product-type-simple"},"yoast_head":"<!-- This site is optimized with the Yoast SEO plugin v27.4 - https:\/\/yoast.com\/product\/yoast-seo-wordpress\/ -->\n<title>Pretgrumbu dienas kr\u0113ms 45+<\/title>\n<meta name=\"description\" content=\"Pretgrumbu dienas kr\u0113ms 45+ ir pretnoveco\u0161an\u0101s dienas kr\u0113ms, kura pamat\u0101 ir meln\u0101s p\u0113rles un N\u0101ves j\u016bras miner\u0101li. Pal\u012bdz atbr\u012bvoties no sejas grumb\u0101m un nov\u0113r\u0161 to par\u0101d\u012b\u0161anos, lai saglab\u0101tu j\u016bsu \u0101das jaun\u012bbu un skaistumu.\" \/>\n<meta name=\"robots\" content=\"index, follow, max-snippet:-1, max-image-preview:large, max-video-preview:-1\" \/>\n<link rel=\"canonical\" href=\"https:\/\/women.lv\/en\/product\/pretgrumbu-dienas-krems-45\/\" \/>\n<meta property=\"og:locale\" content=\"en_GB\" \/>\n<meta property=\"og:type\" content=\"article\" \/>\n<meta property=\"og:title\" content=\"Pretgrumbu dienas kr\u0113ms 45+\" \/>\n<meta property=\"og:description\" content=\"Pretgrumbu dienas kr\u0113ms 45+ ir pretnoveco\u0161an\u0101s dienas kr\u0113ms, kura pamat\u0101 ir meln\u0101s p\u0113rles un N\u0101ves j\u016bras miner\u0101li. Pal\u012bdz atbr\u012bvoties no sejas grumb\u0101m un nov\u0113r\u0161 to par\u0101d\u012b\u0161anos, lai saglab\u0101tu j\u016bsu \u0101das jaun\u012bbu un skaistumu.\" \/>\n<meta property=\"og:url\" content=\"https:\/\/women.lv\/en\/product\/pretgrumbu-dienas-krems-45\/\" \/>\n<meta property=\"og:site_name\" content=\"Women Veikals\" \/>\n<meta property=\"article:modified_time\" content=\"2026-04-22T05:34:42+00:00\" \/>\n<meta property=\"og:image\" content=\"https:\/\/women.lv\/wp-content\/uploads\/nc\/catalog\/Black-Pearl-Royalty\/perfect-day-cream-45-spf-25.png\" \/>\n\t<meta property=\"og:image:width\" content=\"950\" \/>\n\t<meta property=\"og:image:height\" content=\"781\" \/>\n\t<meta property=\"og:image:type\" content=\"image\/png\" \/>\n<meta name=\"twitter:card\" content=\"summary_large_image\" \/>\n<meta name=\"twitter:label1\" content=\"Estimated reading time\" \/>\n\t<meta name=\"twitter:data1\" content=\"1 minute\" \/>\n<script type=\"application\/ld+json\" class=\"yoast-schema-graph\">{\"@context\":\"https:\\\/\\\/schema.org\",\"@graph\":[{\"@type\":\"WebPage\",\"@id\":\"https:\\\/\\\/women.lv\\\/product\\\/pretgrumbu-dienas-krems-45\\\/\",\"url\":\"https:\\\/\\\/women.lv\\\/product\\\/pretgrumbu-dienas-krems-45\\\/\",\"name\":\"Pretgrumbu dienas kr\u0113ms 45+\",\"isPartOf\":{\"@id\":\"https:\\\/\\\/women.lv\\\/#website\"},\"primaryImageOfPage\":{\"@id\":\"https:\\\/\\\/women.lv\\\/product\\\/pretgrumbu-dienas-krems-45\\\/#primaryimage\"},\"image\":{\"@id\":\"https:\\\/\\\/women.lv\\\/product\\\/pretgrumbu-dienas-krems-45\\\/#primaryimage\"},\"thumbnailUrl\":\"https:\\\/\\\/women.lv\\\/wp-content\\\/uploads\\\/nc\\\/catalog\\\/Black-Pearl-Royalty\\\/perfect-day-cream-45-spf-25.png\",\"datePublished\":\"2024-05-29T15:26:45+00:00\",\"dateModified\":\"2026-04-22T05:34:42+00:00\",\"description\":\"Pretgrumbu dienas kr\u0113ms 45+ ir pretnoveco\u0161an\u0101s dienas kr\u0113ms, kura pamat\u0101 ir meln\u0101s p\u0113rles un N\u0101ves j\u016bras miner\u0101li. Pal\u012bdz atbr\u012bvoties no sejas grumb\u0101m un nov\u0113r\u0161 to par\u0101d\u012b\u0161anos, lai saglab\u0101tu j\u016bsu \u0101das jaun\u012bbu un skaistumu.\",\"breadcrumb\":{\"@id\":\"https:\\\/\\\/women.lv\\\/product\\\/pretgrumbu-dienas-krems-45\\\/#breadcrumb\"},\"inLanguage\":\"en-GB\",\"potentialAction\":[{\"@type\":\"ReadAction\",\"target\":[\"https:\\\/\\\/women.lv\\\/product\\\/pretgrumbu-dienas-krems-45\\\/\"]}]},{\"@type\":\"ImageObject\",\"inLanguage\":\"en-GB\",\"@id\":\"https:\\\/\\\/women.lv\\\/product\\\/pretgrumbu-dienas-krems-45\\\/#primaryimage\",\"url\":\"https:\\\/\\\/women.lv\\\/wp-content\\\/uploads\\\/nc\\\/catalog\\\/Black-Pearl-Royalty\\\/perfect-day-cream-45-spf-25.png\",\"contentUrl\":\"https:\\\/\\\/women.lv\\\/wp-content\\\/uploads\\\/nc\\\/catalog\\\/Black-Pearl-Royalty\\\/perfect-day-cream-45-spf-25.png\",\"width\":950,\"height\":781,\"caption\":\"Pretgrumbu dienas kr\u0113ms 45+\"},{\"@type\":\"BreadcrumbList\",\"@id\":\"https:\\\/\\\/women.lv\\\/product\\\/pretgrumbu-dienas-krems-45\\\/#breadcrumb\",\"itemListElement\":[{\"@type\":\"ListItem\",\"position\":1,\"name\":\"Home\",\"item\":\"https:\\\/\\\/women.lv\\\/\"},{\"@type\":\"ListItem\",\"position\":2,\"name\":\"Products\",\"item\":\"https:\\\/\\\/women.lv\\\/en\\\/shop\\\/\"},{\"@type\":\"ListItem\",\"position\":3,\"name\":\"Pretgrumbu dienas kr\u0113ms 45+\"}]},{\"@type\":\"WebSite\",\"@id\":\"https:\\\/\\\/women.lv\\\/#website\",\"url\":\"https:\\\/\\\/women.lv\\\/\",\"name\":\"Women Veikals\",\"description\":\"Uzdr\u012bksties b\u016bt skaista\",\"potentialAction\":[{\"@type\":\"SearchAction\",\"target\":{\"@type\":\"EntryPoint\",\"urlTemplate\":\"https:\\\/\\\/women.lv\\\/?s={search_term_string}\"},\"query-input\":{\"@type\":\"PropertyValueSpecification\",\"valueRequired\":true,\"valueName\":\"search_term_string\"}}],\"inLanguage\":\"en-GB\"}]}<\/script>\n<!-- \/ Yoast SEO plugin. -->","yoast_head_json":{"title":"Anti-wrinkle day cream 45+","description":"Pretgrumbu dienas kr\u0113ms 45+ ir pretnoveco\u0161an\u0101s dienas kr\u0113ms, kura pamat\u0101 ir meln\u0101s p\u0113rles un N\u0101ves j\u016bras miner\u0101li. Pal\u012bdz atbr\u012bvoties no sejas grumb\u0101m un nov\u0113r\u0161 to par\u0101d\u012b\u0161anos, lai saglab\u0101tu j\u016bsu \u0101das jaun\u012bbu un skaistumu.","robots":{"index":"index","follow":"follow","max-snippet":"max-snippet:-1","max-image-preview":"max-image-preview:large","max-video-preview":"max-video-preview:-1"},"canonical":"https:\/\/women.lv\/en\/product\/pretgrumbu-dienas-krems-45\/","og_locale":"en_GB","og_type":"article","og_title":"Pretgrumbu dienas kr\u0113ms 45+","og_description":"Pretgrumbu dienas kr\u0113ms 45+ ir pretnoveco\u0161an\u0101s dienas kr\u0113ms, kura pamat\u0101 ir meln\u0101s p\u0113rles un N\u0101ves j\u016bras miner\u0101li. Pal\u012bdz atbr\u012bvoties no sejas grumb\u0101m un nov\u0113r\u0161 to par\u0101d\u012b\u0161anos, lai saglab\u0101tu j\u016bsu \u0101das jaun\u012bbu un skaistumu.","og_url":"https:\/\/women.lv\/en\/product\/pretgrumbu-dienas-krems-45\/","og_site_name":"Women Veikals","article_modified_time":"2026-04-22T05:34:42+00:00","og_image":[{"width":950,"height":781,"url":"https:\/\/women.lv\/wp-content\/uploads\/nc\/catalog\/Black-Pearl-Royalty\/perfect-day-cream-45-spf-25.png","type":"image\/png"}],"twitter_card":"summary_large_image","twitter_misc":{"Estimated reading time":"1 minute"},"schema":{"@context":"https:\/\/schema.org","@graph":[{"@type":"WebPage","@id":"https:\/\/women.lv\/product\/pretgrumbu-dienas-krems-45\/","url":"https:\/\/women.lv\/product\/pretgrumbu-dienas-krems-45\/","name":"Anti-wrinkle day cream 45+","isPartOf":{"@id":"https:\/\/women.lv\/#website"},"primaryImageOfPage":{"@id":"https:\/\/women.lv\/product\/pretgrumbu-dienas-krems-45\/#primaryimage"},"image":{"@id":"https:\/\/women.lv\/product\/pretgrumbu-dienas-krems-45\/#primaryimage"},"thumbnailUrl":"https:\/\/women.lv\/wp-content\/uploads\/nc\/catalog\/Black-Pearl-Royalty\/perfect-day-cream-45-spf-25.png","datePublished":"2024-05-29T15:26:45+00:00","dateModified":"2026-04-22T05:34:42+00:00","description":"Pretgrumbu dienas kr\u0113ms 45+ ir pretnoveco\u0161an\u0101s dienas kr\u0113ms, kura pamat\u0101 ir meln\u0101s p\u0113rles un N\u0101ves j\u016bras miner\u0101li. Pal\u012bdz atbr\u012bvoties no sejas grumb\u0101m un nov\u0113r\u0161 to par\u0101d\u012b\u0161anos, lai saglab\u0101tu j\u016bsu \u0101das jaun\u012bbu un skaistumu.","breadcrumb":{"@id":"https:\/\/women.lv\/product\/pretgrumbu-dienas-krems-45\/#breadcrumb"},"inLanguage":"en-GB","potentialAction":[{"@type":"ReadAction","target":["https:\/\/women.lv\/product\/pretgrumbu-dienas-krems-45\/"]}]},{"@type":"ImageObject","inLanguage":"en-GB","@id":"https:\/\/women.lv\/product\/pretgrumbu-dienas-krems-45\/#primaryimage","url":"https:\/\/women.lv\/wp-content\/uploads\/nc\/catalog\/Black-Pearl-Royalty\/perfect-day-cream-45-spf-25.png","contentUrl":"https:\/\/women.lv\/wp-content\/uploads\/nc\/catalog\/Black-Pearl-Royalty\/perfect-day-cream-45-spf-25.png","width":950,"height":781,"caption":"Pretgrumbu dienas kr\u0113ms 45+"},{"@type":"BreadcrumbList","@id":"https:\/\/women.lv\/product\/pretgrumbu-dienas-krems-45\/#breadcrumb","itemListElement":[{"@type":"ListItem","position":1,"name":"Home","item":"https:\/\/women.lv\/"},{"@type":"ListItem","position":2,"name":"Products","item":"https:\/\/women.lv\/en\/shop\/"},{"@type":"ListItem","position":3,"name":"Pretgrumbu dienas kr\u0113ms 45+"}]},{"@type":"WebSite","@id":"https:\/\/women.lv\/#website","url":"https:\/\/women.lv\/","name":"Women Shop","description":"Uzdr\u012bksties b\u016bt skaista","potentialAction":[{"@type":"SearchAction","target":{"@type":"EntryPoint","urlTemplate":"https:\/\/women.lv\/?s={search_term_string}"},"query-input":{"@type":"PropertyValueSpecification","valueRequired":true,"valueName":"search_term_string"}}],"inLanguage":"en-GB"}]}},"_links":{"self":[{"href":"https:\/\/women.lv\/en\/wp-json\/wp\/v2\/product\/28928","targetHints":{"allow":["GET"]}}],"collection":[{"href":"https:\/\/women.lv\/en\/wp-json\/wp\/v2\/product"}],"about":[{"href":"https:\/\/women.lv\/en\/wp-json\/wp\/v2\/types\/product"}],"replies":[{"embeddable":true,"href":"https:\/\/women.lv\/en\/wp-json\/wp\/v2\/comments?post=28928"}],"version-history":[{"count":0,"href":"https:\/\/women.lv\/en\/wp-json\/wp\/v2\/product\/28928\/revisions"}],"wp:featuredmedia":[{"embeddable":true,"href":"https:\/\/women.lv\/en\/wp-json\/wp\/v2\/media\/28929"}],"wp:attachment":[{"href":"https:\/\/women.lv\/en\/wp-json\/wp\/v2\/media?parent=28928"}],"wp:term":[{"taxonomy":"product_brand","embeddable":true,"href":"https:\/\/women.lv\/en\/wp-json\/wp\/v2\/product_brand?post=28928"},{"taxonomy":"product_cat","embeddable":true,"href":"https:\/\/women.lv\/en\/wp-json\/wp\/v2\/product_cat?post=28928"},{"taxonomy":"product_tag","embeddable":true,"href":"https:\/\/women.lv\/en\/wp-json\/wp\/v2\/product_tag?post=28928"}],"curies":[{"name":"wp","href":"https:\/\/api.w.org\/{rel}","templated":true}]}}