{"id":28926,"date":"2024-05-23T16:51:30","date_gmt":"2024-05-23T16:51:30","guid":{"rendered":"https:\/\/women.lv\/?product=barojoss-nakts-krems"},"modified":"2026-04-22T07:34:42","modified_gmt":"2026-04-22T05:34:42","slug":"lv-barojoss-nakts-krems","status":"publish","type":"product","link":"https:\/\/women.lv\/en\/product\/lv-barojoss-nakts-krems\/","title":{"rendered":"Nourishing night cream"},"content":{"rendered":"<p><span style=\"font-size: 18px; font-family: Helvetica;\">The unique combination of pearl powder, seaweed and active Dead Sea minerals creates an exceptionally silky and light texture cream that is quickly absorbed.<\/span><\/p>\n<p><span style=\"font-family: Helvetica;\"><span style=\"font-size: 18px;\">The cream contains effective moisturizing agents that provide maximum protection against moisture loss, keep your skin balanced and rejuvenated, and help smooth fine lines.<\/span><\/span><\/p>\n<p><span style=\"font-family: Helvetica;\"><span style=\"font-size: 18px;\">After use, you will notice a visible improvement in the appearance of your skin.<\/span><\/span><\/p>\n<p><span style=\"font-family: Helvetica;\"><span style=\"font-size: 18px;\">The cream contains an SPF sun filter.<\/span><\/span><\/p>\n<p><span style=\"font-family: Helvetica;\"><\/p>\n<p><span style=\"font-size: 18px;\"><b>Active ingredients:<\/b><\/p>\n<p>1. Dead Sea minerals - reduce aging processes, revive and renew the skin<\/span><\/span><\/p>\n<p><span style=\"font-family: Helvetica;\"><span style=\"font-size: 18px;\">2. Perlin powder - gives the cream a velvety soft texture, accelerates absorption, sprays regeneration<\/span><\/span><\/p>\n<p><span style=\"font-family: Helvetica;\"><span style=\"font-size: 18px;\">3. Dunaliella seaweed \u2013 provides deep hydration and replenishes the skin.<\/span><\/span><\/p>","protected":false},"excerpt":{"rendered":"<p>The unique combination of pearl powder, seaweed and active Dead Sea minerals creates an exceptionally silky and light texture cream that quickly<\/p>","protected":false},"featured_media":28927,"comment_status":"open","ping_status":"closed","template":"","meta":[],"product_brand":[],"product_cat":[2213,2231,2201,2200,2203,2215],"product_tag":[3717,2433,2244,2243,3715,2245,3716],"class_list":{"0":"post-28926","1":"product","2":"type-product","3":"status-publish","4":"has-post-thumbnail","6":"product_cat-nakts-kremi","7":"product_cat-lv-on-sale","8":"product_cat-pretnovecosanas-un-pretgrumbu","9":"product_cat-sejas-kopsanas-lidzekli","10":"product_cat-sejas-kremi","11":"product_cat-visi-produkti","12":"product_tag-barojoss-nakts-krems","13":"product_tag-black-pearl-royalty","14":"product_tag-israel","15":"product_tag-izraela","16":"product_tag-nourishing-night-cream","17":"product_tag-2245","18":"product_tag-3716","19":"pa_brand_nc-black-pearl-royalty","20":"pa_ean_nc-3714","21":"pa_ean_nc-israel","23":"first","24":"instock","25":"sale","26":"taxable","27":"shipping-taxable","28":"purchasable","29":"product-type-simple"},"yoast_head":"<!-- This site is optimized with the Yoast SEO plugin v27.4 - https:\/\/yoast.com\/product\/yoast-seo-wordpress\/ -->\n<title>Barojo\u0161s nakts kr\u0113ms<\/title>\n<meta name=\"description\" content=\"Unik\u0101l\u0101 p\u0113r\u013cu pulvera, j\u016bras a\u013c\u0123u un akt\u012bvo N\u0101ves j\u016bras miner\u0101lu kombin\u0101cija veido izcili z\u012bdainu un vieglas tekst\u016bras kr\u0113mu, kas \u0101tri uzs\u016bcas.\" \/>\n<meta name=\"robots\" content=\"index, follow, max-snippet:-1, max-image-preview:large, max-video-preview:-1\" \/>\n<link rel=\"canonical\" href=\"https:\/\/women.lv\/en\/product\/lv-barojoss-nakts-krems\/\" \/>\n<meta property=\"og:locale\" content=\"en_GB\" \/>\n<meta property=\"og:type\" content=\"article\" \/>\n<meta property=\"og:title\" content=\"Barojo\u0161s nakts kr\u0113ms\" \/>\n<meta property=\"og:description\" content=\"Unik\u0101l\u0101 p\u0113r\u013cu pulvera, j\u016bras a\u013c\u0123u un akt\u012bvo N\u0101ves j\u016bras miner\u0101lu kombin\u0101cija veido izcili z\u012bdainu un vieglas tekst\u016bras kr\u0113mu, kas \u0101tri uzs\u016bcas.\" \/>\n<meta property=\"og:url\" content=\"https:\/\/women.lv\/en\/product\/lv-barojoss-nakts-krems\/\" \/>\n<meta property=\"og:site_name\" content=\"Women Veikals\" \/>\n<meta property=\"article:modified_time\" content=\"2026-04-22T05:34:42+00:00\" \/>\n<meta property=\"og:image\" content=\"https:\/\/women.lv\/wp-content\/uploads\/nc\/catalog\/Black-Pearl-Royalty\/age-control-night-cream.png\" \/>\n\t<meta property=\"og:image:width\" content=\"953\" \/>\n\t<meta property=\"og:image:height\" content=\"762\" \/>\n\t<meta property=\"og:image:type\" content=\"image\/png\" \/>\n<meta name=\"twitter:card\" content=\"summary_large_image\" \/>\n<meta name=\"twitter:label1\" content=\"Estimated reading time\" \/>\n\t<meta name=\"twitter:data1\" content=\"1 minute\" \/>\n<script type=\"application\/ld+json\" class=\"yoast-schema-graph\">{\"@context\":\"https:\\\/\\\/schema.org\",\"@graph\":[{\"@type\":\"WebPage\",\"@id\":\"https:\\\/\\\/women.lv\\\/product\\\/lv-barojoss-nakts-krems\\\/\",\"url\":\"https:\\\/\\\/women.lv\\\/product\\\/lv-barojoss-nakts-krems\\\/\",\"name\":\"Barojo\u0161s nakts kr\u0113ms\",\"isPartOf\":{\"@id\":\"https:\\\/\\\/women.lv\\\/#website\"},\"primaryImageOfPage\":{\"@id\":\"https:\\\/\\\/women.lv\\\/product\\\/lv-barojoss-nakts-krems\\\/#primaryimage\"},\"image\":{\"@id\":\"https:\\\/\\\/women.lv\\\/product\\\/lv-barojoss-nakts-krems\\\/#primaryimage\"},\"thumbnailUrl\":\"https:\\\/\\\/women.lv\\\/wp-content\\\/uploads\\\/nc\\\/catalog\\\/Black-Pearl-Royalty\\\/age-control-night-cream.png\",\"datePublished\":\"2024-05-23T16:51:30+00:00\",\"dateModified\":\"2026-04-22T05:34:42+00:00\",\"description\":\"Unik\u0101l\u0101 p\u0113r\u013cu pulvera, j\u016bras a\u013c\u0123u un akt\u012bvo N\u0101ves j\u016bras miner\u0101lu kombin\u0101cija veido izcili z\u012bdainu un vieglas tekst\u016bras kr\u0113mu, kas \u0101tri uzs\u016bcas.\",\"breadcrumb\":{\"@id\":\"https:\\\/\\\/women.lv\\\/product\\\/lv-barojoss-nakts-krems\\\/#breadcrumb\"},\"inLanguage\":\"en-GB\",\"potentialAction\":[{\"@type\":\"ReadAction\",\"target\":[\"https:\\\/\\\/women.lv\\\/product\\\/lv-barojoss-nakts-krems\\\/\"]}]},{\"@type\":\"ImageObject\",\"inLanguage\":\"en-GB\",\"@id\":\"https:\\\/\\\/women.lv\\\/product\\\/lv-barojoss-nakts-krems\\\/#primaryimage\",\"url\":\"https:\\\/\\\/women.lv\\\/wp-content\\\/uploads\\\/nc\\\/catalog\\\/Black-Pearl-Royalty\\\/age-control-night-cream.png\",\"contentUrl\":\"https:\\\/\\\/women.lv\\\/wp-content\\\/uploads\\\/nc\\\/catalog\\\/Black-Pearl-Royalty\\\/age-control-night-cream.png\",\"width\":953,\"height\":762,\"caption\":\"Barojo\u0161s nakts kr\u0113ms\"},{\"@type\":\"BreadcrumbList\",\"@id\":\"https:\\\/\\\/women.lv\\\/product\\\/lv-barojoss-nakts-krems\\\/#breadcrumb\",\"itemListElement\":[{\"@type\":\"ListItem\",\"position\":1,\"name\":\"Home\",\"item\":\"https:\\\/\\\/women.lv\\\/\"},{\"@type\":\"ListItem\",\"position\":2,\"name\":\"Products\",\"item\":\"https:\\\/\\\/women.lv\\\/en\\\/shop\\\/\"},{\"@type\":\"ListItem\",\"position\":3,\"name\":\"Barojo\u0161s nakts kr\u0113ms\"}]},{\"@type\":\"WebSite\",\"@id\":\"https:\\\/\\\/women.lv\\\/#website\",\"url\":\"https:\\\/\\\/women.lv\\\/\",\"name\":\"Women Veikals\",\"description\":\"Uzdr\u012bksties b\u016bt skaista\",\"potentialAction\":[{\"@type\":\"SearchAction\",\"target\":{\"@type\":\"EntryPoint\",\"urlTemplate\":\"https:\\\/\\\/women.lv\\\/?s={search_term_string}\"},\"query-input\":{\"@type\":\"PropertyValueSpecification\",\"valueRequired\":true,\"valueName\":\"search_term_string\"}}],\"inLanguage\":\"en-GB\"}]}<\/script>\n<!-- \/ Yoast SEO plugin. -->","yoast_head_json":{"title":"Nourishing night cream","description":"The unique combination of pearl powder, seaweed and active Dead Sea minerals creates an exceptionally silky and light texture cream that is quickly absorbed.","robots":{"index":"index","follow":"follow","max-snippet":"max-snippet:-1","max-image-preview":"max-image-preview:large","max-video-preview":"max-video-preview:-1"},"canonical":"https:\/\/women.lv\/en\/product\/lv-barojoss-nakts-krems\/","og_locale":"en_GB","og_type":"article","og_title":"Barojo\u0161s nakts kr\u0113ms","og_description":"Unik\u0101l\u0101 p\u0113r\u013cu pulvera, j\u016bras a\u013c\u0123u un akt\u012bvo N\u0101ves j\u016bras miner\u0101lu kombin\u0101cija veido izcili z\u012bdainu un vieglas tekst\u016bras kr\u0113mu, kas \u0101tri uzs\u016bcas.","og_url":"https:\/\/women.lv\/en\/product\/lv-barojoss-nakts-krems\/","og_site_name":"Women Veikals","article_modified_time":"2026-04-22T05:34:42+00:00","og_image":[{"width":953,"height":762,"url":"https:\/\/women.lv\/wp-content\/uploads\/nc\/catalog\/Black-Pearl-Royalty\/age-control-night-cream.png","type":"image\/png"}],"twitter_card":"summary_large_image","twitter_misc":{"Estimated reading time":"1 minute"},"schema":{"@context":"https:\/\/schema.org","@graph":[{"@type":"WebPage","@id":"https:\/\/women.lv\/product\/lv-barojoss-nakts-krems\/","url":"https:\/\/women.lv\/product\/lv-barojoss-nakts-krems\/","name":"Nourishing night cream","isPartOf":{"@id":"https:\/\/women.lv\/#website"},"primaryImageOfPage":{"@id":"https:\/\/women.lv\/product\/lv-barojoss-nakts-krems\/#primaryimage"},"image":{"@id":"https:\/\/women.lv\/product\/lv-barojoss-nakts-krems\/#primaryimage"},"thumbnailUrl":"https:\/\/women.lv\/wp-content\/uploads\/nc\/catalog\/Black-Pearl-Royalty\/age-control-night-cream.png","datePublished":"2024-05-23T16:51:30+00:00","dateModified":"2026-04-22T05:34:42+00:00","description":"The unique combination of pearl powder, seaweed and active Dead Sea minerals creates an exceptionally silky and light texture cream that is quickly absorbed.","breadcrumb":{"@id":"https:\/\/women.lv\/product\/lv-barojoss-nakts-krems\/#breadcrumb"},"inLanguage":"en-GB","potentialAction":[{"@type":"ReadAction","target":["https:\/\/women.lv\/product\/lv-barojoss-nakts-krems\/"]}]},{"@type":"ImageObject","inLanguage":"en-GB","@id":"https:\/\/women.lv\/product\/lv-barojoss-nakts-krems\/#primaryimage","url":"https:\/\/women.lv\/wp-content\/uploads\/nc\/catalog\/Black-Pearl-Royalty\/age-control-night-cream.png","contentUrl":"https:\/\/women.lv\/wp-content\/uploads\/nc\/catalog\/Black-Pearl-Royalty\/age-control-night-cream.png","width":953,"height":762,"caption":"Barojo\u0161s nakts kr\u0113ms"},{"@type":"BreadcrumbList","@id":"https:\/\/women.lv\/product\/lv-barojoss-nakts-krems\/#breadcrumb","itemListElement":[{"@type":"ListItem","position":1,"name":"Home","item":"https:\/\/women.lv\/"},{"@type":"ListItem","position":2,"name":"Products","item":"https:\/\/women.lv\/en\/shop\/"},{"@type":"ListItem","position":3,"name":"Barojo\u0161s nakts kr\u0113ms"}]},{"@type":"WebSite","@id":"https:\/\/women.lv\/#website","url":"https:\/\/women.lv\/","name":"Women Shop","description":"Uzdr\u012bksties b\u016bt skaista","potentialAction":[{"@type":"SearchAction","target":{"@type":"EntryPoint","urlTemplate":"https:\/\/women.lv\/?s={search_term_string}"},"query-input":{"@type":"PropertyValueSpecification","valueRequired":true,"valueName":"search_term_string"}}],"inLanguage":"en-GB"}]}},"_links":{"self":[{"href":"https:\/\/women.lv\/en\/wp-json\/wp\/v2\/product\/28926","targetHints":{"allow":["GET"]}}],"collection":[{"href":"https:\/\/women.lv\/en\/wp-json\/wp\/v2\/product"}],"about":[{"href":"https:\/\/women.lv\/en\/wp-json\/wp\/v2\/types\/product"}],"replies":[{"embeddable":true,"href":"https:\/\/women.lv\/en\/wp-json\/wp\/v2\/comments?post=28926"}],"version-history":[{"count":0,"href":"https:\/\/women.lv\/en\/wp-json\/wp\/v2\/product\/28926\/revisions"}],"wp:featuredmedia":[{"embeddable":true,"href":"https:\/\/women.lv\/en\/wp-json\/wp\/v2\/media\/28927"}],"wp:attachment":[{"href":"https:\/\/women.lv\/en\/wp-json\/wp\/v2\/media?parent=28926"}],"wp:term":[{"taxonomy":"product_brand","embeddable":true,"href":"https:\/\/women.lv\/en\/wp-json\/wp\/v2\/product_brand?post=28926"},{"taxonomy":"product_cat","embeddable":true,"href":"https:\/\/women.lv\/en\/wp-json\/wp\/v2\/product_cat?post=28926"},{"taxonomy":"product_tag","embeddable":true,"href":"https:\/\/women.lv\/en\/wp-json\/wp\/v2\/product_tag?post=28926"}],"curies":[{"name":"wp","href":"https:\/\/api.w.org\/{rel}","templated":true}]}}