{"id":28911,"date":"2023-09-14T11:18:49","date_gmt":"2023-09-14T11:18:49","guid":{"rendered":"https:\/\/women.lv\/?product=kokosriekstu-kermena-skrubis"},"modified":"2025-11-05T13:26:29","modified_gmt":"2025-11-05T13:26:29","slug":"kokosriekstu-kermena-skrubis","status":"publish","type":"product","link":"https:\/\/women.lv\/en\/product\/kokosriekstu-kermena-skrubis\/","title":{"rendered":"Coconut Body Scrub"},"content":{"rendered":"<p><span style=\"font-family: Helvetica;\"><span style=\"font-size: 18px;\">FORMULATING AND STRENGTHENING COCONUT SCRUB WITH HEMP OIL<\/span><\/span><\/p>\n<p><span style=\"font-family: Helvetica;\"><span style=\"font-size: 18px;\">Helps reduce dead skin cells, prevents and limits the formation of cellulite. After application, the skin is cleansed, smoothed and nourished. The relaxing aroma of coconut and almond awakens the senses and creates a great mood.<\/span><\/span><\/p>\n<p><span style=\"font-family: Helvetica;\"><span style=\"font-size: 18px;\">\u00a0<\/span><\/span><\/p>\n<ul>\n<li><span style=\"font-family: Helvetica;\"><span style=\"font-size: 18px;\"><b><i>hemp oil<\/i><\/b> nourishes the skin while delaying the skin aging process<\/span><\/span><\/li>\n<li><span style=\"font-family: Helvetica;\"><span style=\"font-size: 18px;\"><i><b>coconut oil<\/b><\/i> intensively softens and moisturizes the skin<\/span><\/span><\/li>\n<li><span style=\"font-family: Helvetica;\"><span style=\"font-size: 18px;\"><b><i>almond oil<\/i><\/b> improves skin firmness and elasticity<\/span><\/span><\/li>\n<\/ul>","protected":false},"excerpt":{"rendered":"<p>FORMULATING AND STRENGTHENING COCONUT SCRUB WITH HEMP OIL Helps reduce dead skin cells, prevents and limits the formation of cellulite. After application<\/p>","protected":false},"featured_media":28912,"comment_status":"open","ping_status":"closed","template":"","meta":[],"product_brand":[],"product_cat":[2208,2209,2215],"product_tag":[3689,3605,3606,3688,3608,3609,3607,3687,3610],"class_list":{"0":"post-28911","1":"product","2":"type-product","3":"status-publish","4":"has-post-thumbnail","6":"product_cat-kermena-kopsanas-lidzekii","7":"product_cat-mazgasana-un-attirisana","8":"product_cat-visi-produkti","9":"product_tag-coconut-body-scrub","10":"product_tag-india","11":"product_tag-indija","12":"product_tag-kokosriekstu-kermena-skrubis","13":"product_tag-poland","14":"product_tag-polija","15":"product_tag-3607","16":"product_tag-3687","17":"product_tag-3610","18":"pa_brand_nc-india","19":"pa_ean_nc-3686","20":"pa_ean_nc-poland","22":"first","23":"instock","24":"sale","25":"taxable","26":"shipping-taxable","27":"purchasable","28":"product-type-simple"},"yoast_head":"<!-- This site is optimized with the Yoast SEO plugin v27.5 - https:\/\/yoast.com\/product\/yoast-seo-wordpress\/ -->\n<title>Kokosriekstu \u0137erme\u0146a skrubis<\/title>\n<meta name=\"description\" content=\"Pal\u012bdz samazin\u0101t atmiru\u0161\u0101s \u0101das \u0161\u016bnas, nov\u0113r\u0161 un ierobe\u017eo celul\u012bta veido\u0161anos. P\u0113c uzkl\u0101\u0161anas \u0101da tiek att\u012br\u012bta, izl\u012bdzin\u0101ta un barota.\" \/>\n<meta name=\"robots\" content=\"index, follow, max-snippet:-1, max-image-preview:large, max-video-preview:-1\" \/>\n<link rel=\"canonical\" href=\"https:\/\/women.lv\/en\/product\/kokosriekstu-kermena-skrubis\/\" \/>\n<meta property=\"og:locale\" content=\"en_GB\" \/>\n<meta property=\"og:type\" content=\"article\" \/>\n<meta property=\"og:title\" content=\"Kokosriekstu \u0137erme\u0146a skrubis\" \/>\n<meta property=\"og:description\" content=\"Pal\u012bdz samazin\u0101t atmiru\u0161\u0101s \u0101das \u0161\u016bnas, nov\u0113r\u0161 un ierobe\u017eo celul\u012bta veido\u0161anos. P\u0113c uzkl\u0101\u0161anas \u0101da tiek att\u012br\u012bta, izl\u012bdzin\u0101ta un barota.\" \/>\n<meta property=\"og:url\" content=\"https:\/\/women.lv\/en\/product\/kokosriekstu-kermena-skrubis\/\" \/>\n<meta property=\"og:site_name\" content=\"Women Veikals\" \/>\n<meta property=\"article:modified_time\" content=\"2025-11-05T13:26:29+00:00\" \/>\n<meta property=\"og:image\" content=\"https:\/\/women.lv\/wp-content\/uploads\/nc\/catalog\/India\/coconut-body-scrub.jpg\" \/>\n\t<meta property=\"og:image:width\" content=\"1000\" \/>\n\t<meta property=\"og:image:height\" content=\"1000\" \/>\n\t<meta property=\"og:image:type\" content=\"image\/jpeg\" \/>\n<meta name=\"twitter:card\" content=\"summary_large_image\" \/>\n<script type=\"application\/ld+json\" class=\"yoast-schema-graph\">{\"@context\":\"https:\\\/\\\/schema.org\",\"@graph\":[{\"@type\":\"WebPage\",\"@id\":\"https:\\\/\\\/women.lv\\\/product\\\/kokosriekstu-kermena-skrubis\\\/\",\"url\":\"https:\\\/\\\/women.lv\\\/product\\\/kokosriekstu-kermena-skrubis\\\/\",\"name\":\"Kokosriekstu \u0137erme\u0146a skrubis\",\"isPartOf\":{\"@id\":\"https:\\\/\\\/women.lv\\\/#website\"},\"primaryImageOfPage\":{\"@id\":\"https:\\\/\\\/women.lv\\\/product\\\/kokosriekstu-kermena-skrubis\\\/#primaryimage\"},\"image\":{\"@id\":\"https:\\\/\\\/women.lv\\\/product\\\/kokosriekstu-kermena-skrubis\\\/#primaryimage\"},\"thumbnailUrl\":\"https:\\\/\\\/women.lv\\\/wp-content\\\/uploads\\\/nc\\\/catalog\\\/India\\\/coconut-body-scrub.jpg\",\"datePublished\":\"2023-09-14T11:18:49+00:00\",\"dateModified\":\"2025-11-05T13:26:29+00:00\",\"description\":\"Pal\u012bdz samazin\u0101t atmiru\u0161\u0101s \u0101das \u0161\u016bnas, nov\u0113r\u0161 un ierobe\u017eo celul\u012bta veido\u0161anos. P\u0113c uzkl\u0101\u0161anas \u0101da tiek att\u012br\u012bta, izl\u012bdzin\u0101ta un barota.\",\"breadcrumb\":{\"@id\":\"https:\\\/\\\/women.lv\\\/product\\\/kokosriekstu-kermena-skrubis\\\/#breadcrumb\"},\"inLanguage\":\"en-GB\",\"potentialAction\":[{\"@type\":\"ReadAction\",\"target\":[\"https:\\\/\\\/women.lv\\\/product\\\/kokosriekstu-kermena-skrubis\\\/\"]}]},{\"@type\":\"ImageObject\",\"inLanguage\":\"en-GB\",\"@id\":\"https:\\\/\\\/women.lv\\\/product\\\/kokosriekstu-kermena-skrubis\\\/#primaryimage\",\"url\":\"https:\\\/\\\/women.lv\\\/wp-content\\\/uploads\\\/nc\\\/catalog\\\/India\\\/coconut-body-scrub.jpg\",\"contentUrl\":\"https:\\\/\\\/women.lv\\\/wp-content\\\/uploads\\\/nc\\\/catalog\\\/India\\\/coconut-body-scrub.jpg\",\"width\":1000,\"height\":1000,\"caption\":\"Kokosriekstu \u0137erme\u0146a skrubis\"},{\"@type\":\"BreadcrumbList\",\"@id\":\"https:\\\/\\\/women.lv\\\/product\\\/kokosriekstu-kermena-skrubis\\\/#breadcrumb\",\"itemListElement\":[{\"@type\":\"ListItem\",\"position\":1,\"name\":\"Home\",\"item\":\"https:\\\/\\\/women.lv\\\/\"},{\"@type\":\"ListItem\",\"position\":2,\"name\":\"Products\",\"item\":\"https:\\\/\\\/women.lv\\\/en\\\/shop\\\/\"},{\"@type\":\"ListItem\",\"position\":3,\"name\":\"Kokosriekstu \u0137erme\u0146a skrubis\"}]},{\"@type\":\"WebSite\",\"@id\":\"https:\\\/\\\/women.lv\\\/#website\",\"url\":\"https:\\\/\\\/women.lv\\\/\",\"name\":\"Women Veikals\",\"description\":\"Uzdr\u012bksties b\u016bt skaista\",\"potentialAction\":[{\"@type\":\"SearchAction\",\"target\":{\"@type\":\"EntryPoint\",\"urlTemplate\":\"https:\\\/\\\/women.lv\\\/?s={search_term_string}\"},\"query-input\":{\"@type\":\"PropertyValueSpecification\",\"valueRequired\":true,\"valueName\":\"search_term_string\"}}],\"inLanguage\":\"en-GB\"}]}<\/script>\n<!-- \/ Yoast SEO plugin. -->","yoast_head_json":{"title":"Coconut Body Scrub","description":"Pal\u012bdz samazin\u0101t atmiru\u0161\u0101s \u0101das \u0161\u016bnas, nov\u0113r\u0161 un ierobe\u017eo celul\u012bta veido\u0161anos. P\u0113c uzkl\u0101\u0161anas \u0101da tiek att\u012br\u012bta, izl\u012bdzin\u0101ta un barota.","robots":{"index":"index","follow":"follow","max-snippet":"max-snippet:-1","max-image-preview":"max-image-preview:large","max-video-preview":"max-video-preview:-1"},"canonical":"https:\/\/women.lv\/en\/product\/kokosriekstu-kermena-skrubis\/","og_locale":"en_GB","og_type":"article","og_title":"Kokosriekstu \u0137erme\u0146a skrubis","og_description":"Pal\u012bdz samazin\u0101t atmiru\u0161\u0101s \u0101das \u0161\u016bnas, nov\u0113r\u0161 un ierobe\u017eo celul\u012bta veido\u0161anos. P\u0113c uzkl\u0101\u0161anas \u0101da tiek att\u012br\u012bta, izl\u012bdzin\u0101ta un barota.","og_url":"https:\/\/women.lv\/en\/product\/kokosriekstu-kermena-skrubis\/","og_site_name":"Women Veikals","article_modified_time":"2025-11-05T13:26:29+00:00","og_image":[{"width":1000,"height":1000,"url":"https:\/\/women.lv\/wp-content\/uploads\/nc\/catalog\/India\/coconut-body-scrub.jpg","type":"image\/jpeg"}],"twitter_card":"summary_large_image","schema":{"@context":"https:\/\/schema.org","@graph":[{"@type":"WebPage","@id":"https:\/\/women.lv\/product\/kokosriekstu-kermena-skrubis\/","url":"https:\/\/women.lv\/product\/kokosriekstu-kermena-skrubis\/","name":"Coconut Body Scrub","isPartOf":{"@id":"https:\/\/women.lv\/#website"},"primaryImageOfPage":{"@id":"https:\/\/women.lv\/product\/kokosriekstu-kermena-skrubis\/#primaryimage"},"image":{"@id":"https:\/\/women.lv\/product\/kokosriekstu-kermena-skrubis\/#primaryimage"},"thumbnailUrl":"https:\/\/women.lv\/wp-content\/uploads\/nc\/catalog\/India\/coconut-body-scrub.jpg","datePublished":"2023-09-14T11:18:49+00:00","dateModified":"2025-11-05T13:26:29+00:00","description":"Pal\u012bdz samazin\u0101t atmiru\u0161\u0101s \u0101das \u0161\u016bnas, nov\u0113r\u0161 un ierobe\u017eo celul\u012bta veido\u0161anos. P\u0113c uzkl\u0101\u0161anas \u0101da tiek att\u012br\u012bta, izl\u012bdzin\u0101ta un barota.","breadcrumb":{"@id":"https:\/\/women.lv\/product\/kokosriekstu-kermena-skrubis\/#breadcrumb"},"inLanguage":"en-GB","potentialAction":[{"@type":"ReadAction","target":["https:\/\/women.lv\/product\/kokosriekstu-kermena-skrubis\/"]}]},{"@type":"ImageObject","inLanguage":"en-GB","@id":"https:\/\/women.lv\/product\/kokosriekstu-kermena-skrubis\/#primaryimage","url":"https:\/\/women.lv\/wp-content\/uploads\/nc\/catalog\/India\/coconut-body-scrub.jpg","contentUrl":"https:\/\/women.lv\/wp-content\/uploads\/nc\/catalog\/India\/coconut-body-scrub.jpg","width":1000,"height":1000,"caption":"Kokosriekstu \u0137erme\u0146a skrubis"},{"@type":"BreadcrumbList","@id":"https:\/\/women.lv\/product\/kokosriekstu-kermena-skrubis\/#breadcrumb","itemListElement":[{"@type":"ListItem","position":1,"name":"Home","item":"https:\/\/women.lv\/"},{"@type":"ListItem","position":2,"name":"Products","item":"https:\/\/women.lv\/en\/shop\/"},{"@type":"ListItem","position":3,"name":"Kokosriekstu \u0137erme\u0146a skrubis"}]},{"@type":"WebSite","@id":"https:\/\/women.lv\/#website","url":"https:\/\/women.lv\/","name":"Women Shop","description":"Uzdr\u012bksties b\u016bt skaista","potentialAction":[{"@type":"SearchAction","target":{"@type":"EntryPoint","urlTemplate":"https:\/\/women.lv\/?s={search_term_string}"},"query-input":{"@type":"PropertyValueSpecification","valueRequired":true,"valueName":"search_term_string"}}],"inLanguage":"en-GB"}]}},"_links":{"self":[{"href":"https:\/\/women.lv\/en\/wp-json\/wp\/v2\/product\/28911","targetHints":{"allow":["GET"]}}],"collection":[{"href":"https:\/\/women.lv\/en\/wp-json\/wp\/v2\/product"}],"about":[{"href":"https:\/\/women.lv\/en\/wp-json\/wp\/v2\/types\/product"}],"replies":[{"embeddable":true,"href":"https:\/\/women.lv\/en\/wp-json\/wp\/v2\/comments?post=28911"}],"version-history":[{"count":0,"href":"https:\/\/women.lv\/en\/wp-json\/wp\/v2\/product\/28911\/revisions"}],"wp:featuredmedia":[{"embeddable":true,"href":"https:\/\/women.lv\/en\/wp-json\/wp\/v2\/media\/28912"}],"wp:attachment":[{"href":"https:\/\/women.lv\/en\/wp-json\/wp\/v2\/media?parent=28911"}],"wp:term":[{"taxonomy":"product_brand","embeddable":true,"href":"https:\/\/women.lv\/en\/wp-json\/wp\/v2\/product_brand?post=28911"},{"taxonomy":"product_cat","embeddable":true,"href":"https:\/\/women.lv\/en\/wp-json\/wp\/v2\/product_cat?post=28911"},{"taxonomy":"product_tag","embeddable":true,"href":"https:\/\/women.lv\/en\/wp-json\/wp\/v2\/product_tag?post=28911"}],"curies":[{"name":"wp","href":"https:\/\/api.w.org\/{rel}","templated":true}]}}