{"id":28909,"date":"2023-09-14T11:17:07","date_gmt":"2023-09-14T11:17:07","guid":{"rendered":"https:\/\/women.lv\/?product=skidras-roku-ziepes"},"modified":"2025-11-05T13:26:29","modified_gmt":"2025-11-05T13:26:29","slug":"skidras-roku-ziepes-india","status":"publish","type":"product","link":"https:\/\/women.lv\/en\/product\/skidras-roku-ziepes-india\/","title":{"rendered":"Liquid hand soap"},"content":{"rendered":"<p style=\"background-image: initial; background-position: initial; background-size: initial; background-repeat: initial; background-attachment: initial; background-origin: initial; background-clip: initial;\"><span style=\"font-family: Helvetica;\"><span style=\"font-size: 18px;\"><b>INDIJAS ka\u0146epju e\u013c\u013cas \u0161\u0137idr\u0101s roku ziepes<\/b> efekt\u012bvi att\u012bra un kopj roku \u0101du, nodro\u0161inot t\u0101s pareizu mitrin\u0101\u0161anu. Pateicoties nomierino\u0161aj\u0101m \u012bpa\u0161\u012bb\u0101m, ziepes var lietot cilv\u0113ki ar \u0101das probl\u0113m\u0101m. T\u0101s atst\u0101j smalku, svaigu n\u0101tru smar\u017eu k\u0101 ar\u012b maigu un gludu roku \u0101du. Produkts paredz\u0113ts ikdienas kop\u0161anai, dermatolo\u0123iski p\u0101rbaud\u012bts starp cilv\u0113kiem ar jut\u012bgu \u0101du.<\/span><\/span><\/p>\n<ul>\n<li style=\"background-image: initial; background-position: initial; background-size: initial; background-repeat: initial; background-attachment: initial; background-origin: initial; background-clip: initial;\"><span style=\"font-family: Helvetica;\"><span style=\"font-size: 18px;\"><b>Hemp oil:<\/b> efekt\u012bvi mitrina un baro \u0101du, nomierina kairin\u0101jumus un atbalsta epidermas atjauno\u0161anos;<\/span><\/span><\/li>\n<li style=\"background-image: initial; background-position: initial; background-size: initial; background-repeat: initial; background-attachment: initial; background-origin: initial; background-clip: initial;\"><span style=\"font-family: Helvetica;\"><span style=\"font-size: 18px;\"><b>Collagen:<\/b> pa\u0101trina \u0101das atjauno\u0161anos un palielina t\u0101s elast\u012bbu, pal\u0113ninot noveco\u0161an\u0101s procesu;<\/span><\/span><\/li>\n<li style=\"background-image: initial; background-position: initial; background-size: initial; background-repeat: initial; background-attachment: initial; background-origin: initial; background-clip: initial;\"><span style=\"font-family: Helvetica;\"><span style=\"font-size: 18px;\"><b>D-panthenol:<\/b> piem\u012bt nomierino\u0161a iedarb\u012bba, t\u0101p\u0113c ziepes ir ieteicamas sausai un jut\u012bgai \u0101dai.<\/span><\/span><\/li>\n<\/ul>","protected":false},"excerpt":{"rendered":"<p>INDIJAS ka\u0146epju e\u013c\u013cas \u0161\u0137idr\u0101s roku ziepes efekt\u012bvi att\u012bra un kopj roku \u0101du, nodro\u0161inot t\u0101s pareizu mitrin\u0101\u0161anu. Pateicoties nomierino\u0161aj\u0101m \u012bpa\u0161\u012bb\u0101m, ziepes<\/p>","protected":false},"featured_media":28910,"comment_status":"open","ping_status":"closed","template":"","meta":[],"product_brand":[],"product_cat":[2217,2208,2215],"product_tag":[3605,3606,3685,3608,3609,3683,3684,3607,3610],"class_list":{"0":"post-28909","1":"product","2":"type-product","3":"status-publish","4":"has-post-thumbnail","6":"product_cat-citi-produkti-kermena-kopsanai","7":"product_cat-kermena-kopsanas-lidzekii","8":"product_cat-visi-produkti","9":"product_tag-india","10":"product_tag-indija","11":"product_tag-liquide-hand-soap","12":"product_tag-poland","13":"product_tag-polija","14":"product_tag-skidras-roku-ziepes","15":"product_tag-3684","16":"product_tag-3607","17":"product_tag-3610","18":"pa_brand_nc-india","19":"pa_ean_nc-3682","20":"pa_ean_nc-poland","22":"first","23":"instock","24":"sale","25":"taxable","26":"shipping-taxable","27":"purchasable","28":"product-type-simple"},"yoast_head":"<!-- This site is optimized with the Yoast SEO plugin v23.9 - https:\/\/yoast.com\/wordpress\/plugins\/seo\/ -->\n<title>\u0160\u0137idr\u0101s roku ziepes<\/title>\n<meta name=\"description\" content=\"Produkts paredz\u0113ts ikdienas kop\u0161anai, dermatolo\u0123iski p\u0101rbaud\u012bts starp cilv\u0113kiem ar jut\u012bgu \u0101du.\" \/>\n<meta name=\"robots\" content=\"index, follow, max-snippet:-1, max-image-preview:large, max-video-preview:-1\" \/>\n<link rel=\"canonical\" href=\"https:\/\/women.lv\/en\/product\/skidras-roku-ziepes-india\/\" \/>\n<meta property=\"og:locale\" content=\"en_GB\" \/>\n<meta property=\"og:type\" content=\"article\" \/>\n<meta property=\"og:title\" content=\"\u0160\u0137idr\u0101s roku ziepes\" \/>\n<meta property=\"og:description\" content=\"Produkts paredz\u0113ts ikdienas kop\u0161anai, dermatolo\u0123iski p\u0101rbaud\u012bts starp cilv\u0113kiem ar jut\u012bgu \u0101du.\" \/>\n<meta property=\"og:url\" content=\"https:\/\/women.lv\/en\/product\/skidras-roku-ziepes-india\/\" \/>\n<meta property=\"og:site_name\" content=\"Women Veikals\" \/>\n<meta property=\"article:modified_time\" content=\"2025-11-05T13:26:29+00:00\" \/>\n<meta property=\"og:image\" content=\"https:\/\/women.lv\/wp-content\/uploads\/nc\/catalog\/India\/liquide-hand-soap.jpg\" \/>\n\t<meta property=\"og:image:width\" content=\"1000\" \/>\n\t<meta property=\"og:image:height\" content=\"1000\" \/>\n\t<meta property=\"og:image:type\" content=\"image\/jpeg\" \/>\n<meta name=\"twitter:card\" content=\"summary_large_image\" \/>\n<meta name=\"twitter:label1\" content=\"Estimated reading time\" \/>\n\t<meta name=\"twitter:data1\" content=\"1 minute\" \/>\n<script type=\"application\/ld+json\" class=\"yoast-schema-graph\">{\"@context\":\"https:\/\/schema.org\",\"@graph\":[{\"@type\":\"WebPage\",\"@id\":\"https:\/\/women.lv\/product\/skidras-roku-ziepes-india\/\",\"url\":\"https:\/\/women.lv\/product\/skidras-roku-ziepes-india\/\",\"name\":\"\u0160\u0137idr\u0101s roku ziepes\",\"isPartOf\":{\"@id\":\"https:\/\/women.lv\/#website\"},\"primaryImageOfPage\":{\"@id\":\"https:\/\/women.lv\/product\/skidras-roku-ziepes-india\/#primaryimage\"},\"image\":{\"@id\":\"https:\/\/women.lv\/product\/skidras-roku-ziepes-india\/#primaryimage\"},\"thumbnailUrl\":\"https:\/\/women.lv\/wp-content\/uploads\/nc\/catalog\/India\/liquide-hand-soap.jpg\",\"datePublished\":\"2023-09-14T11:17:07+00:00\",\"dateModified\":\"2025-11-05T13:26:29+00:00\",\"description\":\"Produkts paredz\u0113ts ikdienas kop\u0161anai, dermatolo\u0123iski p\u0101rbaud\u012bts starp cilv\u0113kiem ar jut\u012bgu \u0101du.\",\"breadcrumb\":{\"@id\":\"https:\/\/women.lv\/product\/skidras-roku-ziepes-india\/#breadcrumb\"},\"inLanguage\":\"en-GB\",\"potentialAction\":[{\"@type\":\"ReadAction\",\"target\":[\"https:\/\/women.lv\/product\/skidras-roku-ziepes-india\/\"]}]},{\"@type\":\"ImageObject\",\"inLanguage\":\"en-GB\",\"@id\":\"https:\/\/women.lv\/product\/skidras-roku-ziepes-india\/#primaryimage\",\"url\":\"https:\/\/women.lv\/wp-content\/uploads\/nc\/catalog\/India\/liquide-hand-soap.jpg\",\"contentUrl\":\"https:\/\/women.lv\/wp-content\/uploads\/nc\/catalog\/India\/liquide-hand-soap.jpg\",\"width\":1000,\"height\":1000,\"caption\":\"\u0160\u0137idr\u0101s roku ziepes\"},{\"@type\":\"BreadcrumbList\",\"@id\":\"https:\/\/women.lv\/product\/skidras-roku-ziepes-india\/#breadcrumb\",\"itemListElement\":[{\"@type\":\"ListItem\",\"position\":1,\"name\":\"Home\",\"item\":\"https:\/\/women.lv\/\"},{\"@type\":\"ListItem\",\"position\":2,\"name\":\"Products\",\"item\":\"https:\/\/women.lv\/en\/shop\/\"},{\"@type\":\"ListItem\",\"position\":3,\"name\":\"\u0160\u0137idr\u0101s roku ziepes\"}]},{\"@type\":\"WebSite\",\"@id\":\"https:\/\/women.lv\/#website\",\"url\":\"https:\/\/women.lv\/\",\"name\":\"Women Veikals\",\"description\":\"Uzdr\u012bksties b\u016bt skaista\",\"potentialAction\":[{\"@type\":\"SearchAction\",\"target\":{\"@type\":\"EntryPoint\",\"urlTemplate\":\"https:\/\/women.lv\/?s={search_term_string}\"},\"query-input\":{\"@type\":\"PropertyValueSpecification\",\"valueRequired\":true,\"valueName\":\"search_term_string\"}}],\"inLanguage\":\"en-GB\"}]}<\/script>\n<!-- \/ Yoast SEO plugin. -->","yoast_head_json":{"title":"\u0160\u0137idr\u0101s roku ziepes","description":"Produkts paredz\u0113ts ikdienas kop\u0161anai, dermatolo\u0123iski p\u0101rbaud\u012bts starp cilv\u0113kiem ar jut\u012bgu \u0101du.","robots":{"index":"index","follow":"follow","max-snippet":"max-snippet:-1","max-image-preview":"max-image-preview:large","max-video-preview":"max-video-preview:-1"},"canonical":"https:\/\/women.lv\/en\/product\/skidras-roku-ziepes-india\/","og_locale":"en_GB","og_type":"article","og_title":"\u0160\u0137idr\u0101s roku ziepes","og_description":"Produkts paredz\u0113ts ikdienas kop\u0161anai, dermatolo\u0123iski p\u0101rbaud\u012bts starp cilv\u0113kiem ar jut\u012bgu \u0101du.","og_url":"https:\/\/women.lv\/en\/product\/skidras-roku-ziepes-india\/","og_site_name":"Women Veikals","article_modified_time":"2025-11-05T13:26:29+00:00","og_image":[{"width":1000,"height":1000,"url":"https:\/\/women.lv\/wp-content\/uploads\/nc\/catalog\/India\/liquide-hand-soap.jpg","type":"image\/jpeg"}],"twitter_card":"summary_large_image","twitter_misc":{"Estimated reading time":"1 minute"},"schema":{"@context":"https:\/\/schema.org","@graph":[{"@type":"WebPage","@id":"https:\/\/women.lv\/product\/skidras-roku-ziepes-india\/","url":"https:\/\/women.lv\/product\/skidras-roku-ziepes-india\/","name":"\u0160\u0137idr\u0101s roku ziepes","isPartOf":{"@id":"https:\/\/women.lv\/#website"},"primaryImageOfPage":{"@id":"https:\/\/women.lv\/product\/skidras-roku-ziepes-india\/#primaryimage"},"image":{"@id":"https:\/\/women.lv\/product\/skidras-roku-ziepes-india\/#primaryimage"},"thumbnailUrl":"https:\/\/women.lv\/wp-content\/uploads\/nc\/catalog\/India\/liquide-hand-soap.jpg","datePublished":"2023-09-14T11:17:07+00:00","dateModified":"2025-11-05T13:26:29+00:00","description":"Produkts paredz\u0113ts ikdienas kop\u0161anai, dermatolo\u0123iski p\u0101rbaud\u012bts starp cilv\u0113kiem ar jut\u012bgu \u0101du.","breadcrumb":{"@id":"https:\/\/women.lv\/product\/skidras-roku-ziepes-india\/#breadcrumb"},"inLanguage":"en-GB","potentialAction":[{"@type":"ReadAction","target":["https:\/\/women.lv\/product\/skidras-roku-ziepes-india\/"]}]},{"@type":"ImageObject","inLanguage":"en-GB","@id":"https:\/\/women.lv\/product\/skidras-roku-ziepes-india\/#primaryimage","url":"https:\/\/women.lv\/wp-content\/uploads\/nc\/catalog\/India\/liquide-hand-soap.jpg","contentUrl":"https:\/\/women.lv\/wp-content\/uploads\/nc\/catalog\/India\/liquide-hand-soap.jpg","width":1000,"height":1000,"caption":"\u0160\u0137idr\u0101s roku ziepes"},{"@type":"BreadcrumbList","@id":"https:\/\/women.lv\/product\/skidras-roku-ziepes-india\/#breadcrumb","itemListElement":[{"@type":"ListItem","position":1,"name":"Home","item":"https:\/\/women.lv\/"},{"@type":"ListItem","position":2,"name":"Products","item":"https:\/\/women.lv\/en\/shop\/"},{"@type":"ListItem","position":3,"name":"\u0160\u0137idr\u0101s roku ziepes"}]},{"@type":"WebSite","@id":"https:\/\/women.lv\/#website","url":"https:\/\/women.lv\/","name":"Women Veikals","description":"Uzdr\u012bksties b\u016bt skaista","potentialAction":[{"@type":"SearchAction","target":{"@type":"EntryPoint","urlTemplate":"https:\/\/women.lv\/?s={search_term_string}"},"query-input":{"@type":"PropertyValueSpecification","valueRequired":true,"valueName":"search_term_string"}}],"inLanguage":"en-GB"}]}},"_links":{"self":[{"href":"https:\/\/women.lv\/en\/wp-json\/wp\/v2\/product\/28909","targetHints":{"allow":["GET"]}}],"collection":[{"href":"https:\/\/women.lv\/en\/wp-json\/wp\/v2\/product"}],"about":[{"href":"https:\/\/women.lv\/en\/wp-json\/wp\/v2\/types\/product"}],"replies":[{"embeddable":true,"href":"https:\/\/women.lv\/en\/wp-json\/wp\/v2\/comments?post=28909"}],"version-history":[{"count":1,"href":"https:\/\/women.lv\/en\/wp-json\/wp\/v2\/product\/28909\/revisions"}],"predecessor-version":[{"id":29667,"href":"https:\/\/women.lv\/en\/wp-json\/wp\/v2\/product\/28909\/revisions\/29667"}],"wp:featuredmedia":[{"embeddable":true,"href":"https:\/\/women.lv\/en\/wp-json\/wp\/v2\/media\/28910"}],"wp:attachment":[{"href":"https:\/\/women.lv\/en\/wp-json\/wp\/v2\/media?parent=28909"}],"wp:term":[{"taxonomy":"product_brand","embeddable":true,"href":"https:\/\/women.lv\/en\/wp-json\/wp\/v2\/product_brand?post=28909"},{"taxonomy":"product_cat","embeddable":true,"href":"https:\/\/women.lv\/en\/wp-json\/wp\/v2\/product_cat?post=28909"},{"taxonomy":"product_tag","embeddable":true,"href":"https:\/\/women.lv\/en\/wp-json\/wp\/v2\/product_tag?post=28909"}],"curies":[{"name":"wp","href":"https:\/\/api.w.org\/{rel}","templated":true}]}}