{"id":28905,"date":"2023-03-15T20:41:49","date_gmt":"2023-03-15T20:41:49","guid":{"rendered":"https:\/\/women.lv\/?product=ziepes-pret-putitem"},"modified":"2025-11-05T13:26:27","modified_gmt":"2025-11-05T13:26:27","slug":"ziepes-pret-putitem","status":"publish","type":"product","link":"https:\/\/women.lv\/en\/product\/ziepes-pret-putitem\/","title":{"rendered":"Soap for acne"},"content":{"rendered":"<p><span style=\"font-family: Helvetica;\"><span style=\"font-size: 18px;\">Acne Soap ir bag\u0101tas ar dab\u012bgiem N\u0101ves j\u016bras melnajiem dub\u013ciem un miner\u0101lviel\u0101m.<\/span><\/span><\/p>\n<p><span style=\"font-family: Helvetica;\"><span style=\"font-size: 18px;\">Ziepes satur augstu dabisko e\u013c\u013cu koncentr\u0101ciju, kas ir b\u016btiskas, lai \u0101rst\u0113tu \u0101du ar p\u016bt\u012bt\u0113m. Ziepes r\u016bp\u012bgi att\u012bra seju un efekt\u012bvi no\u0146em atmiru\u0161\u0101s \u0161\u016bnas.<\/span><\/span><\/p>\n<p><span style=\"font-family: Helvetica;\"><span style=\"font-size: 18px;\">Tas neatst\u0101s J\u016bsu \u0101du sausu un pal\u012bdz\u0113s tai uztur\u0113t l\u012bdzsvarotu un vesel\u012bgu mitruma l\u012bmeni.<\/span><\/span><\/p>","protected":false},"excerpt":{"rendered":"<p>Acne Soap ir bag\u0101tas ar dab\u012bgiem N\u0101ves j\u016bras melnajiem dub\u013ciem un miner\u0101lviel\u0101m. Ziepes satur augstu dabisko e\u013c\u013cu koncentr\u0101ciju, kas ir<\/p>","protected":false},"featured_media":28906,"comment_status":"open","ping_status":"closed","template":"","meta":[],"product_brand":[],"product_cat":[2215,2223],"product_tag":[3676,2244,2243,2933,3677,2245,3675],"class_list":{"0":"post-28905","1":"product","2":"type-product","3":"status-publish","4":"has-post-thumbnail","6":"product_cat-visi-produkti","7":"product_cat-ziepes","8":"product_tag-acne-soap","9":"product_tag-israel","10":"product_tag-izraela","11":"product_tag-sea-of-spa","12":"product_tag-ziepes-pret-putitem","13":"product_tag-2245","14":"product_tag-3675","15":"pa_brand_nc-sea-of-spa","16":"pa_ean_nc-3674","17":"pa_ean_nc-israel","19":"first","20":"instock","21":"sale","22":"taxable","23":"shipping-taxable","24":"purchasable","25":"product-type-simple"},"yoast_head":"<!-- This site is optimized with the Yoast SEO plugin v27.4 - https:\/\/yoast.com\/product\/yoast-seo-wordpress\/ -->\n<title>Ziepes pret p\u016bt\u012bt\u0113m<\/title>\n<meta name=\"description\" content=\"Ziepes satur augstu dabisko e\u013c\u013cu koncentr\u0101ciju, kas ir b\u016btiskas, lai \u0101rst\u0113tu \u0101du ar p\u016bt\u012bt\u0113m. Ziepes r\u016bp\u012bgi att\u012bra seju un efekt\u012bvi no\u0146em atmiru\u0161\u0101s \u0161\u016bnas.\" \/>\n<meta name=\"robots\" content=\"index, follow, max-snippet:-1, max-image-preview:large, max-video-preview:-1\" \/>\n<link rel=\"canonical\" href=\"https:\/\/women.lv\/en\/product\/ziepes-pret-putitem\/\" \/>\n<meta property=\"og:locale\" content=\"en_GB\" \/>\n<meta property=\"og:type\" content=\"article\" \/>\n<meta property=\"og:title\" content=\"Ziepes pret p\u016bt\u012bt\u0113m\" \/>\n<meta property=\"og:description\" content=\"Ziepes satur augstu dabisko e\u013c\u013cu koncentr\u0101ciju, kas ir b\u016btiskas, lai \u0101rst\u0113tu \u0101du ar p\u016bt\u012bt\u0113m. Ziepes r\u016bp\u012bgi att\u012bra seju un efekt\u012bvi no\u0146em atmiru\u0161\u0101s \u0161\u016bnas.\" \/>\n<meta property=\"og:url\" content=\"https:\/\/women.lv\/en\/product\/ziepes-pret-putitem\/\" \/>\n<meta property=\"og:site_name\" content=\"Women Veikals\" \/>\n<meta property=\"article:modified_time\" content=\"2025-11-05T13:26:27+00:00\" \/>\n<meta property=\"og:image\" content=\"https:\/\/women.lv\/wp-content\/uploads\/nc\/catalog\/Israel\/Sea-of-Spa\/sos-acne-soap.jpg\" \/>\n\t<meta property=\"og:image:width\" content=\"1000\" \/>\n\t<meta property=\"og:image:height\" content=\"1000\" \/>\n\t<meta property=\"og:image:type\" content=\"image\/jpeg\" \/>\n<meta name=\"twitter:card\" content=\"summary_large_image\" \/>\n<meta name=\"twitter:label1\" content=\"Estimated reading time\" \/>\n\t<meta name=\"twitter:data1\" content=\"1 minute\" \/>\n<script type=\"application\/ld+json\" class=\"yoast-schema-graph\">{\"@context\":\"https:\\\/\\\/schema.org\",\"@graph\":[{\"@type\":\"WebPage\",\"@id\":\"https:\\\/\\\/women.lv\\\/product\\\/ziepes-pret-putitem\\\/\",\"url\":\"https:\\\/\\\/women.lv\\\/product\\\/ziepes-pret-putitem\\\/\",\"name\":\"Ziepes pret p\u016bt\u012bt\u0113m\",\"isPartOf\":{\"@id\":\"https:\\\/\\\/women.lv\\\/#website\"},\"primaryImageOfPage\":{\"@id\":\"https:\\\/\\\/women.lv\\\/product\\\/ziepes-pret-putitem\\\/#primaryimage\"},\"image\":{\"@id\":\"https:\\\/\\\/women.lv\\\/product\\\/ziepes-pret-putitem\\\/#primaryimage\"},\"thumbnailUrl\":\"https:\\\/\\\/women.lv\\\/wp-content\\\/uploads\\\/nc\\\/catalog\\\/Israel\\\/Sea-of-Spa\\\/sos-acne-soap.jpg\",\"datePublished\":\"2023-03-15T20:41:49+00:00\",\"dateModified\":\"2025-11-05T13:26:27+00:00\",\"description\":\"Ziepes satur augstu dabisko e\u013c\u013cu koncentr\u0101ciju, kas ir b\u016btiskas, lai \u0101rst\u0113tu \u0101du ar p\u016bt\u012bt\u0113m. Ziepes r\u016bp\u012bgi att\u012bra seju un efekt\u012bvi no\u0146em atmiru\u0161\u0101s \u0161\u016bnas.\",\"breadcrumb\":{\"@id\":\"https:\\\/\\\/women.lv\\\/product\\\/ziepes-pret-putitem\\\/#breadcrumb\"},\"inLanguage\":\"en-GB\",\"potentialAction\":[{\"@type\":\"ReadAction\",\"target\":[\"https:\\\/\\\/women.lv\\\/product\\\/ziepes-pret-putitem\\\/\"]}]},{\"@type\":\"ImageObject\",\"inLanguage\":\"en-GB\",\"@id\":\"https:\\\/\\\/women.lv\\\/product\\\/ziepes-pret-putitem\\\/#primaryimage\",\"url\":\"https:\\\/\\\/women.lv\\\/wp-content\\\/uploads\\\/nc\\\/catalog\\\/Israel\\\/Sea-of-Spa\\\/sos-acne-soap.jpg\",\"contentUrl\":\"https:\\\/\\\/women.lv\\\/wp-content\\\/uploads\\\/nc\\\/catalog\\\/Israel\\\/Sea-of-Spa\\\/sos-acne-soap.jpg\",\"width\":1000,\"height\":1000,\"caption\":\"Ziepes pret p\u016bt\u012bt\u0113m\"},{\"@type\":\"BreadcrumbList\",\"@id\":\"https:\\\/\\\/women.lv\\\/product\\\/ziepes-pret-putitem\\\/#breadcrumb\",\"itemListElement\":[{\"@type\":\"ListItem\",\"position\":1,\"name\":\"Home\",\"item\":\"https:\\\/\\\/women.lv\\\/\"},{\"@type\":\"ListItem\",\"position\":2,\"name\":\"Products\",\"item\":\"https:\\\/\\\/women.lv\\\/en\\\/shop\\\/\"},{\"@type\":\"ListItem\",\"position\":3,\"name\":\"Ziepes pret p\u016bt\u012bt\u0113m\"}]},{\"@type\":\"WebSite\",\"@id\":\"https:\\\/\\\/women.lv\\\/#website\",\"url\":\"https:\\\/\\\/women.lv\\\/\",\"name\":\"Women Veikals\",\"description\":\"Uzdr\u012bksties b\u016bt skaista\",\"potentialAction\":[{\"@type\":\"SearchAction\",\"target\":{\"@type\":\"EntryPoint\",\"urlTemplate\":\"https:\\\/\\\/women.lv\\\/?s={search_term_string}\"},\"query-input\":{\"@type\":\"PropertyValueSpecification\",\"valueRequired\":true,\"valueName\":\"search_term_string\"}}],\"inLanguage\":\"en-GB\"}]}<\/script>\n<!-- \/ Yoast SEO plugin. -->","yoast_head_json":{"title":"Soap for acne","description":"Ziepes satur augstu dabisko e\u013c\u013cu koncentr\u0101ciju, kas ir b\u016btiskas, lai \u0101rst\u0113tu \u0101du ar p\u016bt\u012bt\u0113m. Ziepes r\u016bp\u012bgi att\u012bra seju un efekt\u012bvi no\u0146em atmiru\u0161\u0101s \u0161\u016bnas.","robots":{"index":"index","follow":"follow","max-snippet":"max-snippet:-1","max-image-preview":"max-image-preview:large","max-video-preview":"max-video-preview:-1"},"canonical":"https:\/\/women.lv\/en\/product\/ziepes-pret-putitem\/","og_locale":"en_GB","og_type":"article","og_title":"Ziepes pret p\u016bt\u012bt\u0113m","og_description":"Ziepes satur augstu dabisko e\u013c\u013cu koncentr\u0101ciju, kas ir b\u016btiskas, lai \u0101rst\u0113tu \u0101du ar p\u016bt\u012bt\u0113m. Ziepes r\u016bp\u012bgi att\u012bra seju un efekt\u012bvi no\u0146em atmiru\u0161\u0101s \u0161\u016bnas.","og_url":"https:\/\/women.lv\/en\/product\/ziepes-pret-putitem\/","og_site_name":"Women Veikals","article_modified_time":"2025-11-05T13:26:27+00:00","og_image":[{"width":1000,"height":1000,"url":"https:\/\/women.lv\/wp-content\/uploads\/nc\/catalog\/Israel\/Sea-of-Spa\/sos-acne-soap.jpg","type":"image\/jpeg"}],"twitter_card":"summary_large_image","twitter_misc":{"Estimated reading time":"1 minute"},"schema":{"@context":"https:\/\/schema.org","@graph":[{"@type":"WebPage","@id":"https:\/\/women.lv\/product\/ziepes-pret-putitem\/","url":"https:\/\/women.lv\/product\/ziepes-pret-putitem\/","name":"Soap for acne","isPartOf":{"@id":"https:\/\/women.lv\/#website"},"primaryImageOfPage":{"@id":"https:\/\/women.lv\/product\/ziepes-pret-putitem\/#primaryimage"},"image":{"@id":"https:\/\/women.lv\/product\/ziepes-pret-putitem\/#primaryimage"},"thumbnailUrl":"https:\/\/women.lv\/wp-content\/uploads\/nc\/catalog\/Israel\/Sea-of-Spa\/sos-acne-soap.jpg","datePublished":"2023-03-15T20:41:49+00:00","dateModified":"2025-11-05T13:26:27+00:00","description":"Ziepes satur augstu dabisko e\u013c\u013cu koncentr\u0101ciju, kas ir b\u016btiskas, lai \u0101rst\u0113tu \u0101du ar p\u016bt\u012bt\u0113m. Ziepes r\u016bp\u012bgi att\u012bra seju un efekt\u012bvi no\u0146em atmiru\u0161\u0101s \u0161\u016bnas.","breadcrumb":{"@id":"https:\/\/women.lv\/product\/ziepes-pret-putitem\/#breadcrumb"},"inLanguage":"en-GB","potentialAction":[{"@type":"ReadAction","target":["https:\/\/women.lv\/product\/ziepes-pret-putitem\/"]}]},{"@type":"ImageObject","inLanguage":"en-GB","@id":"https:\/\/women.lv\/product\/ziepes-pret-putitem\/#primaryimage","url":"https:\/\/women.lv\/wp-content\/uploads\/nc\/catalog\/Israel\/Sea-of-Spa\/sos-acne-soap.jpg","contentUrl":"https:\/\/women.lv\/wp-content\/uploads\/nc\/catalog\/Israel\/Sea-of-Spa\/sos-acne-soap.jpg","width":1000,"height":1000,"caption":"Ziepes pret p\u016bt\u012bt\u0113m"},{"@type":"BreadcrumbList","@id":"https:\/\/women.lv\/product\/ziepes-pret-putitem\/#breadcrumb","itemListElement":[{"@type":"ListItem","position":1,"name":"Home","item":"https:\/\/women.lv\/"},{"@type":"ListItem","position":2,"name":"Products","item":"https:\/\/women.lv\/en\/shop\/"},{"@type":"ListItem","position":3,"name":"Ziepes pret p\u016bt\u012bt\u0113m"}]},{"@type":"WebSite","@id":"https:\/\/women.lv\/#website","url":"https:\/\/women.lv\/","name":"Women Shop","description":"Uzdr\u012bksties b\u016bt skaista","potentialAction":[{"@type":"SearchAction","target":{"@type":"EntryPoint","urlTemplate":"https:\/\/women.lv\/?s={search_term_string}"},"query-input":{"@type":"PropertyValueSpecification","valueRequired":true,"valueName":"search_term_string"}}],"inLanguage":"en-GB"}]}},"_links":{"self":[{"href":"https:\/\/women.lv\/en\/wp-json\/wp\/v2\/product\/28905","targetHints":{"allow":["GET"]}}],"collection":[{"href":"https:\/\/women.lv\/en\/wp-json\/wp\/v2\/product"}],"about":[{"href":"https:\/\/women.lv\/en\/wp-json\/wp\/v2\/types\/product"}],"replies":[{"embeddable":true,"href":"https:\/\/women.lv\/en\/wp-json\/wp\/v2\/comments?post=28905"}],"version-history":[{"count":0,"href":"https:\/\/women.lv\/en\/wp-json\/wp\/v2\/product\/28905\/revisions"}],"wp:featuredmedia":[{"embeddable":true,"href":"https:\/\/women.lv\/en\/wp-json\/wp\/v2\/media\/28906"}],"wp:attachment":[{"href":"https:\/\/women.lv\/en\/wp-json\/wp\/v2\/media?parent=28905"}],"wp:term":[{"taxonomy":"product_brand","embeddable":true,"href":"https:\/\/women.lv\/en\/wp-json\/wp\/v2\/product_brand?post=28905"},{"taxonomy":"product_cat","embeddable":true,"href":"https:\/\/women.lv\/en\/wp-json\/wp\/v2\/product_cat?post=28905"},{"taxonomy":"product_tag","embeddable":true,"href":"https:\/\/women.lv\/en\/wp-json\/wp\/v2\/product_tag?post=28905"}],"curies":[{"name":"wp","href":"https:\/\/api.w.org\/{rel}","templated":true}]}}