{"id":28903,"date":"2023-03-15T17:40:19","date_gmt":"2023-03-15T17:40:19","guid":{"rendered":"https:\/\/women.lv\/?product=barojoss-kaju-sviests"},"modified":"2025-11-05T13:26:27","modified_gmt":"2025-11-05T13:26:27","slug":"barojoss-kaju-sviests","status":"publish","type":"product","link":"https:\/\/women.lv\/en\/product\/barojoss-kaju-sviests\/","title":{"rendered":"Nourishing foot butter"},"content":{"rendered":"<p><span style=\"font-family: Helvetica;\"><span style=\"font-size: 18px;\">Enriched with Dead Sea minerals and oils such as avocado oil, shea butter, jojoba oil, calendula, tea tree oil and other rich oils. This butter is a quick fix and remedy for dry and cracked feet.<\/span><\/span><\/p>\n<p><span style=\"font-family: Helvetica;\"><span style=\"font-size: 18px;\">It creates a thin layer that protects the feet and prevents dryness and cracking, stimulates blood circulation, promotes the regeneration of skin cells, soothes irritated skin and has a great effect on cracked skin. Butter wraps around the skin of the foot and nourishes it. After use, the skin of the feet will be soft, flexible and velvety.<\/span><\/span><\/p>","protected":false},"excerpt":{"rendered":"<p>Enriched with Dead Sea minerals and oils such as avocado oil, shea butter, jojoba oil, calendula, tea tree oil and<\/p>","protected":false},"featured_media":28904,"comment_status":"open","ping_status":"closed","template":"","meta":[],"product_brand":[],"product_cat":[2222,2208,2215],"product_tag":[3673,3585,2244,2243,3671,2933,2245,3672],"class_list":{"0":"post-28903","1":"product","2":"type-product","3":"status-publish","4":"has-post-thumbnail","6":"product_cat-kaju-kremi","7":"product_cat-kermena-kopsanas-lidzekii","8":"product_cat-visi-produkti","9":"product_tag-barojoss-kaju-sviests","10":"product_tag-bio-spa","11":"product_tag-israel","12":"product_tag-izraela","13":"product_tag-nourishing-foot-butter","14":"product_tag-sea-of-spa","15":"product_tag-2245","16":"product_tag-3672","17":"pa_brand_nc-sea-of-spa","18":"pa_ean_nc-3670","19":"pa_ean_nc-israel","21":"first","22":"instock","23":"sale","24":"taxable","25":"shipping-taxable","26":"purchasable","27":"product-type-simple"},"yoast_head":"<!-- This site is optimized with the Yoast SEO plugin v27.4 - https:\/\/yoast.com\/product\/yoast-seo-wordpress\/ -->\n<title>Kli\u0146\u0123er\u012b\u0161u un t\u0113jas koka sviests p\u0113d\u0101m<\/title>\n<meta name=\"description\" content=\"Bag\u0101tin\u0101ts ar N\u0101ves j\u016bras miner\u0101liem un e\u013c\u013c\u0101m, k\u0101 piem\u0113ram, avokado e\u013c\u013cu, \u0161\u012b sviestu, jojobas e\u013c\u013cu, kli\u0146\u0123er\u012b\u0161u, t\u0113jas koka e\u013c\u013cu un cit\u0101m bag\u0101t\u012bg\u0101m e\u013c\u013c\u0101m. \u0160is sviests ir \u0101trs risin\u0101jums un l\u012bdzeklis sausu un saplais\u0101ju\u0161u p\u0113du \u0101rst\u0113\u0161anai.\" \/>\n<meta name=\"robots\" content=\"index, follow, max-snippet:-1, max-image-preview:large, max-video-preview:-1\" \/>\n<link rel=\"canonical\" href=\"https:\/\/women.lv\/en\/product\/barojoss-kaju-sviests\/\" \/>\n<meta property=\"og:locale\" content=\"en_GB\" \/>\n<meta property=\"og:type\" content=\"article\" \/>\n<meta property=\"og:title\" content=\"Kli\u0146\u0123er\u012b\u0161u un t\u0113jas koka sviests p\u0113d\u0101m\" \/>\n<meta property=\"og:description\" content=\"Bag\u0101tin\u0101ts ar N\u0101ves j\u016bras miner\u0101liem un e\u013c\u013c\u0101m, k\u0101 piem\u0113ram, avokado e\u013c\u013cu, \u0161\u012b sviestu, jojobas e\u013c\u013cu, kli\u0146\u0123er\u012b\u0161u, t\u0113jas koka e\u013c\u013cu un cit\u0101m bag\u0101t\u012bg\u0101m e\u013c\u013c\u0101m. \u0160is sviests ir \u0101trs risin\u0101jums un l\u012bdzeklis sausu un saplais\u0101ju\u0161u p\u0113du \u0101rst\u0113\u0161anai.\" \/>\n<meta property=\"og:url\" content=\"https:\/\/women.lv\/en\/product\/barojoss-kaju-sviests\/\" \/>\n<meta property=\"og:site_name\" content=\"Women Veikals\" \/>\n<meta property=\"article:modified_time\" content=\"2025-11-05T13:26:27+00:00\" \/>\n<meta property=\"og:image\" content=\"https:\/\/women.lv\/wp-content\/uploads\/nc\/catalog\/SOS-Sea-of-Spa\/BIO-SPA\/bio-spa-foot-salve-100-ml_web-1.jpg\" \/>\n\t<meta property=\"og:image:width\" content=\"700\" \/>\n\t<meta property=\"og:image:height\" content=\"700\" \/>\n\t<meta property=\"og:image:type\" content=\"image\/jpeg\" \/>\n<meta name=\"twitter:card\" content=\"summary_large_image\" \/>\n<meta name=\"twitter:label1\" content=\"Estimated reading time\" \/>\n\t<meta name=\"twitter:data1\" content=\"1 minute\" \/>\n<script type=\"application\/ld+json\" class=\"yoast-schema-graph\">{\"@context\":\"https:\\\/\\\/schema.org\",\"@graph\":[{\"@type\":\"WebPage\",\"@id\":\"https:\\\/\\\/women.lv\\\/product\\\/barojoss-kaju-sviests\\\/\",\"url\":\"https:\\\/\\\/women.lv\\\/product\\\/barojoss-kaju-sviests\\\/\",\"name\":\"Kli\u0146\u0123er\u012b\u0161u un t\u0113jas koka sviests p\u0113d\u0101m\",\"isPartOf\":{\"@id\":\"https:\\\/\\\/women.lv\\\/#website\"},\"primaryImageOfPage\":{\"@id\":\"https:\\\/\\\/women.lv\\\/product\\\/barojoss-kaju-sviests\\\/#primaryimage\"},\"image\":{\"@id\":\"https:\\\/\\\/women.lv\\\/product\\\/barojoss-kaju-sviests\\\/#primaryimage\"},\"thumbnailUrl\":\"https:\\\/\\\/women.lv\\\/wp-content\\\/uploads\\\/nc\\\/catalog\\\/SOS-Sea-of-Spa\\\/BIO-SPA\\\/bio-spa-foot-salve-100-ml_web-1.jpg\",\"datePublished\":\"2023-03-15T17:40:19+00:00\",\"dateModified\":\"2025-11-05T13:26:27+00:00\",\"description\":\"Bag\u0101tin\u0101ts ar N\u0101ves j\u016bras miner\u0101liem un e\u013c\u013c\u0101m, k\u0101 piem\u0113ram, avokado e\u013c\u013cu, \u0161\u012b sviestu, jojobas e\u013c\u013cu, kli\u0146\u0123er\u012b\u0161u, t\u0113jas koka e\u013c\u013cu un cit\u0101m bag\u0101t\u012bg\u0101m e\u013c\u013c\u0101m. \u0160is sviests ir \u0101trs risin\u0101jums un l\u012bdzeklis sausu un saplais\u0101ju\u0161u p\u0113du \u0101rst\u0113\u0161anai.\",\"breadcrumb\":{\"@id\":\"https:\\\/\\\/women.lv\\\/product\\\/barojoss-kaju-sviests\\\/#breadcrumb\"},\"inLanguage\":\"en-GB\",\"potentialAction\":[{\"@type\":\"ReadAction\",\"target\":[\"https:\\\/\\\/women.lv\\\/product\\\/barojoss-kaju-sviests\\\/\"]}]},{\"@type\":\"ImageObject\",\"inLanguage\":\"en-GB\",\"@id\":\"https:\\\/\\\/women.lv\\\/product\\\/barojoss-kaju-sviests\\\/#primaryimage\",\"url\":\"https:\\\/\\\/women.lv\\\/wp-content\\\/uploads\\\/nc\\\/catalog\\\/SOS-Sea-of-Spa\\\/BIO-SPA\\\/bio-spa-foot-salve-100-ml_web-1.jpg\",\"contentUrl\":\"https:\\\/\\\/women.lv\\\/wp-content\\\/uploads\\\/nc\\\/catalog\\\/SOS-Sea-of-Spa\\\/BIO-SPA\\\/bio-spa-foot-salve-100-ml_web-1.jpg\",\"width\":700,\"height\":700,\"caption\":\"Barojo\u0161s k\u0101ju sviests\"},{\"@type\":\"BreadcrumbList\",\"@id\":\"https:\\\/\\\/women.lv\\\/product\\\/barojoss-kaju-sviests\\\/#breadcrumb\",\"itemListElement\":[{\"@type\":\"ListItem\",\"position\":1,\"name\":\"Home\",\"item\":\"https:\\\/\\\/women.lv\\\/\"},{\"@type\":\"ListItem\",\"position\":2,\"name\":\"Products\",\"item\":\"https:\\\/\\\/women.lv\\\/en\\\/shop\\\/\"},{\"@type\":\"ListItem\",\"position\":3,\"name\":\"Barojo\u0161s k\u0101ju sviests\"}]},{\"@type\":\"WebSite\",\"@id\":\"https:\\\/\\\/women.lv\\\/#website\",\"url\":\"https:\\\/\\\/women.lv\\\/\",\"name\":\"Women Veikals\",\"description\":\"Uzdr\u012bksties b\u016bt skaista\",\"potentialAction\":[{\"@type\":\"SearchAction\",\"target\":{\"@type\":\"EntryPoint\",\"urlTemplate\":\"https:\\\/\\\/women.lv\\\/?s={search_term_string}\"},\"query-input\":{\"@type\":\"PropertyValueSpecification\",\"valueRequired\":true,\"valueName\":\"search_term_string\"}}],\"inLanguage\":\"en-GB\"}]}<\/script>\n<!-- \/ Yoast SEO plugin. -->","yoast_head_json":{"title":"Kli\u0146\u0123er\u012b\u0161u un t\u0113jas koka sviests p\u0113d\u0101m","description":"Enriched with Dead Sea minerals and oils such as avocado oil, shea butter, jojoba oil, calendula, tea tree oil and other rich oils. This butter is a quick fix and remedy for dry and cracked feet.","robots":{"index":"index","follow":"follow","max-snippet":"max-snippet:-1","max-image-preview":"max-image-preview:large","max-video-preview":"max-video-preview:-1"},"canonical":"https:\/\/women.lv\/en\/product\/barojoss-kaju-sviests\/","og_locale":"en_GB","og_type":"article","og_title":"Kli\u0146\u0123er\u012b\u0161u un t\u0113jas koka sviests p\u0113d\u0101m","og_description":"Bag\u0101tin\u0101ts ar N\u0101ves j\u016bras miner\u0101liem un e\u013c\u013c\u0101m, k\u0101 piem\u0113ram, avokado e\u013c\u013cu, \u0161\u012b sviestu, jojobas e\u013c\u013cu, kli\u0146\u0123er\u012b\u0161u, t\u0113jas koka e\u013c\u013cu un cit\u0101m bag\u0101t\u012bg\u0101m e\u013c\u013c\u0101m. \u0160is sviests ir \u0101trs risin\u0101jums un l\u012bdzeklis sausu un saplais\u0101ju\u0161u p\u0113du \u0101rst\u0113\u0161anai.","og_url":"https:\/\/women.lv\/en\/product\/barojoss-kaju-sviests\/","og_site_name":"Women Veikals","article_modified_time":"2025-11-05T13:26:27+00:00","og_image":[{"width":700,"height":700,"url":"https:\/\/women.lv\/wp-content\/uploads\/nc\/catalog\/SOS-Sea-of-Spa\/BIO-SPA\/bio-spa-foot-salve-100-ml_web-1.jpg","type":"image\/jpeg"}],"twitter_card":"summary_large_image","twitter_misc":{"Estimated reading time":"1 minute"},"schema":{"@context":"https:\/\/schema.org","@graph":[{"@type":"WebPage","@id":"https:\/\/women.lv\/product\/barojoss-kaju-sviests\/","url":"https:\/\/women.lv\/product\/barojoss-kaju-sviests\/","name":"Kli\u0146\u0123er\u012b\u0161u un t\u0113jas koka sviests p\u0113d\u0101m","isPartOf":{"@id":"https:\/\/women.lv\/#website"},"primaryImageOfPage":{"@id":"https:\/\/women.lv\/product\/barojoss-kaju-sviests\/#primaryimage"},"image":{"@id":"https:\/\/women.lv\/product\/barojoss-kaju-sviests\/#primaryimage"},"thumbnailUrl":"https:\/\/women.lv\/wp-content\/uploads\/nc\/catalog\/SOS-Sea-of-Spa\/BIO-SPA\/bio-spa-foot-salve-100-ml_web-1.jpg","datePublished":"2023-03-15T17:40:19+00:00","dateModified":"2025-11-05T13:26:27+00:00","description":"Enriched with Dead Sea minerals and oils such as avocado oil, shea butter, jojoba oil, calendula, tea tree oil and other rich oils. This butter is a quick fix and remedy for dry and cracked feet.","breadcrumb":{"@id":"https:\/\/women.lv\/product\/barojoss-kaju-sviests\/#breadcrumb"},"inLanguage":"en-GB","potentialAction":[{"@type":"ReadAction","target":["https:\/\/women.lv\/product\/barojoss-kaju-sviests\/"]}]},{"@type":"ImageObject","inLanguage":"en-GB","@id":"https:\/\/women.lv\/product\/barojoss-kaju-sviests\/#primaryimage","url":"https:\/\/women.lv\/wp-content\/uploads\/nc\/catalog\/SOS-Sea-of-Spa\/BIO-SPA\/bio-spa-foot-salve-100-ml_web-1.jpg","contentUrl":"https:\/\/women.lv\/wp-content\/uploads\/nc\/catalog\/SOS-Sea-of-Spa\/BIO-SPA\/bio-spa-foot-salve-100-ml_web-1.jpg","width":700,"height":700,"caption":"Barojo\u0161s k\u0101ju sviests"},{"@type":"BreadcrumbList","@id":"https:\/\/women.lv\/product\/barojoss-kaju-sviests\/#breadcrumb","itemListElement":[{"@type":"ListItem","position":1,"name":"Home","item":"https:\/\/women.lv\/"},{"@type":"ListItem","position":2,"name":"Products","item":"https:\/\/women.lv\/en\/shop\/"},{"@type":"ListItem","position":3,"name":"Barojo\u0161s k\u0101ju sviests"}]},{"@type":"WebSite","@id":"https:\/\/women.lv\/#website","url":"https:\/\/women.lv\/","name":"Women Shop","description":"Uzdr\u012bksties b\u016bt skaista","potentialAction":[{"@type":"SearchAction","target":{"@type":"EntryPoint","urlTemplate":"https:\/\/women.lv\/?s={search_term_string}"},"query-input":{"@type":"PropertyValueSpecification","valueRequired":true,"valueName":"search_term_string"}}],"inLanguage":"en-GB"}]}},"_links":{"self":[{"href":"https:\/\/women.lv\/en\/wp-json\/wp\/v2\/product\/28903","targetHints":{"allow":["GET"]}}],"collection":[{"href":"https:\/\/women.lv\/en\/wp-json\/wp\/v2\/product"}],"about":[{"href":"https:\/\/women.lv\/en\/wp-json\/wp\/v2\/types\/product"}],"replies":[{"embeddable":true,"href":"https:\/\/women.lv\/en\/wp-json\/wp\/v2\/comments?post=28903"}],"version-history":[{"count":0,"href":"https:\/\/women.lv\/en\/wp-json\/wp\/v2\/product\/28903\/revisions"}],"wp:featuredmedia":[{"embeddable":true,"href":"https:\/\/women.lv\/en\/wp-json\/wp\/v2\/media\/28904"}],"wp:attachment":[{"href":"https:\/\/women.lv\/en\/wp-json\/wp\/v2\/media?parent=28903"}],"wp:term":[{"taxonomy":"product_brand","embeddable":true,"href":"https:\/\/women.lv\/en\/wp-json\/wp\/v2\/product_brand?post=28903"},{"taxonomy":"product_cat","embeddable":true,"href":"https:\/\/women.lv\/en\/wp-json\/wp\/v2\/product_cat?post=28903"},{"taxonomy":"product_tag","embeddable":true,"href":"https:\/\/women.lv\/en\/wp-json\/wp\/v2\/product_tag?post=28903"}],"curies":[{"name":"wp","href":"https:\/\/api.w.org\/{rel}","templated":true}]}}