{"id":28898,"date":"2023-03-15T17:15:42","date_gmt":"2023-03-15T17:15:42","guid":{"rendered":"https:\/\/women.lv\/?product=intensiva-matu-maska-ar-ricinellu-makadamijas-un-argana-ellu"},"modified":"2026-03-21T11:43:28","modified_gmt":"2026-03-21T09:43:28","slug":"lv-intensiva-matu-maska-ar-ricinellu-makadamijas-un-argana-ellu","status":"publish","type":"product","link":"https:\/\/women.lv\/en\/product\/lv-intensiva-matu-maska-ar-ricinellu-makadamijas-un-argana-ellu\/","title":{"rendered":"Intensive hair mask with castor oil, macadamia and argan oil"},"content":{"rendered":"<p><span style=\"font-family: Helvetica;\"><span style=\"font-size: 18px;\">R\u012bcine\u013c\u013cas stiprino\u0161a un atjaunojo\u0161a kop\u0161anas maska \u200b\u200bPapildu mitrin\u0101\u0161anai un matu \u0161\u0137iedru stiprin\u0101\u0161anai ar dab\u012bg\u0101m e\u013c\u013c\u0101m un ekstraktiem, piem\u0113ram: \u0161\u012b sviestu, r\u012bcine\u013c\u013cu un makad\u0101mijas e\u013c\u013cu. Atjauno sp\u0113ku un notur\u012bbu boj\u0101tiem, trausliem vai \u0137\u012bmiski apstr\u0101d\u0101tiem matiem. Dzi\u013ci kondicion\u0113jo\u0161\u0101 maska atbalsta matu elast\u012bbu un samazina to l\u016b\u0161anu un izkri\u0161anu. Lieliski piem\u0113rots tiem, kas regul\u0101ri kr\u0101so, taisno, ievi\u013c\u0146o vai termiski ieveido (apstr\u0101d\u0101) matus.<\/span><\/span><\/p>","protected":false},"excerpt":{"rendered":"<p>Castor Oil Strengthening and Regenerating Treatment Mask For additional hydration and strengthening of hair fibers with natural oils and extracts such as: shea butter,<\/p>","protected":false},"featured_media":29623,"comment_status":"open","ping_status":"closed","template":"","meta":[],"product_brand":[],"product_cat":[2204,2207,2215],"product_tag":[3668,3664,2244,2243,3665,3669,3643,2245,3666,3667],"class_list":{"0":"post-28898","1":"product","2":"type-product","3":"status-publish","4":"has-post-thumbnail","6":"product_cat-matu-kopsanas-lidzekli","7":"product_cat-matu-maskas","8":"product_cat-visi-produkti","9":"product_tag-intensiva-matu-maska-ar-ricinellu","10":"product_tag-intensive-hair-mask-with-castor-oil","11":"product_tag-israel","12":"product_tag-izraela","13":"product_tag-macadamia-oil-and-argan-oil","14":"product_tag-makadamijas-un-argana-ellu","15":"product_tag-peptid","16":"product_tag-2245","17":"product_tag-3666","18":"product_tag-3667","19":"pa_brand_nc-peptid","20":"pa_ean_nc-3663","21":"pa_ean_nc-israel","23":"first","24":"instock","25":"sale","26":"taxable","27":"shipping-taxable","28":"purchasable","29":"product-type-simple"},"yoast_head":"<!-- This site is optimized with the Yoast SEO plugin v27.4 - https:\/\/yoast.com\/product\/yoast-seo-wordpress\/ -->\n<title>Intens\u012bva matu maska ar r\u012bcine\u013c\u013cu, makad\u0101mijas un argana e\u013c\u013cu<\/title>\n<meta name=\"description\" content=\"Atjauno sp\u0113ku un notur\u012bbu boj\u0101tiem, trausliem vai \u0137\u012bmiski apstr\u0101d\u0101tiem matiem.\" \/>\n<meta name=\"robots\" content=\"index, follow, max-snippet:-1, max-image-preview:large, max-video-preview:-1\" \/>\n<link rel=\"canonical\" href=\"https:\/\/women.lv\/en\/product\/lv-intensiva-matu-maska-ar-ricinellu-makadamijas-un-argana-ellu\/\" \/>\n<meta property=\"og:locale\" content=\"en_GB\" \/>\n<meta property=\"og:type\" content=\"article\" \/>\n<meta property=\"og:title\" content=\"Intens\u012bva matu maska ar r\u012bcine\u013c\u013cu, makad\u0101mijas un argana e\u013c\u013cu\" \/>\n<meta property=\"og:description\" content=\"Atjauno sp\u0113ku un notur\u012bbu boj\u0101tiem, trausliem vai \u0137\u012bmiski apstr\u0101d\u0101tiem matiem.\" \/>\n<meta property=\"og:url\" content=\"https:\/\/women.lv\/en\/product\/lv-intensiva-matu-maska-ar-ricinellu-makadamijas-un-argana-ellu\/\" \/>\n<meta property=\"og:site_name\" content=\"Women Veikals\" \/>\n<meta property=\"article:modified_time\" content=\"2026-03-21T09:43:28+00:00\" \/>\n<meta property=\"og:image\" content=\"https:\/\/women.lv\/wp-content\/uploads\/2023\/03\/peptid-castor-oil-macadamia-intensive-mask.jpg\" \/>\n\t<meta property=\"og:image:width\" content=\"1080\" \/>\n\t<meta property=\"og:image:height\" content=\"1080\" \/>\n\t<meta property=\"og:image:type\" content=\"image\/jpeg\" \/>\n<meta name=\"twitter:card\" content=\"summary_large_image\" \/>\n<script type=\"application\/ld+json\" class=\"yoast-schema-graph\">{\"@context\":\"https:\\\/\\\/schema.org\",\"@graph\":[{\"@type\":\"WebPage\",\"@id\":\"https:\\\/\\\/women.lv\\\/product\\\/lv-intensiva-matu-maska-ar-ricinellu-makadamijas-un-argana-ellu\\\/\",\"url\":\"https:\\\/\\\/women.lv\\\/product\\\/lv-intensiva-matu-maska-ar-ricinellu-makadamijas-un-argana-ellu\\\/\",\"name\":\"Intens\u012bva matu maska ar r\u012bcine\u013c\u013cu, makad\u0101mijas un argana e\u013c\u013cu\",\"isPartOf\":{\"@id\":\"https:\\\/\\\/women.lv\\\/#website\"},\"primaryImageOfPage\":{\"@id\":\"https:\\\/\\\/women.lv\\\/product\\\/lv-intensiva-matu-maska-ar-ricinellu-makadamijas-un-argana-ellu\\\/#primaryimage\"},\"image\":{\"@id\":\"https:\\\/\\\/women.lv\\\/product\\\/lv-intensiva-matu-maska-ar-ricinellu-makadamijas-un-argana-ellu\\\/#primaryimage\"},\"thumbnailUrl\":\"https:\\\/\\\/women.lv\\\/wp-content\\\/uploads\\\/2023\\\/03\\\/peptid-castor-oil-macadamia-intensive-mask.jpg\",\"datePublished\":\"2023-03-15T17:15:42+00:00\",\"dateModified\":\"2026-03-21T09:43:28+00:00\",\"description\":\"Atjauno sp\u0113ku un notur\u012bbu boj\u0101tiem, trausliem vai \u0137\u012bmiski apstr\u0101d\u0101tiem matiem.\",\"breadcrumb\":{\"@id\":\"https:\\\/\\\/women.lv\\\/product\\\/lv-intensiva-matu-maska-ar-ricinellu-makadamijas-un-argana-ellu\\\/#breadcrumb\"},\"inLanguage\":\"en-GB\",\"potentialAction\":[{\"@type\":\"ReadAction\",\"target\":[\"https:\\\/\\\/women.lv\\\/product\\\/lv-intensiva-matu-maska-ar-ricinellu-makadamijas-un-argana-ellu\\\/\"]}]},{\"@type\":\"ImageObject\",\"inLanguage\":\"en-GB\",\"@id\":\"https:\\\/\\\/women.lv\\\/product\\\/lv-intensiva-matu-maska-ar-ricinellu-makadamijas-un-argana-ellu\\\/#primaryimage\",\"url\":\"https:\\\/\\\/women.lv\\\/wp-content\\\/uploads\\\/2023\\\/03\\\/peptid-castor-oil-macadamia-intensive-mask.jpg\",\"contentUrl\":\"https:\\\/\\\/women.lv\\\/wp-content\\\/uploads\\\/2023\\\/03\\\/peptid-castor-oil-macadamia-intensive-mask.jpg\",\"width\":1080,\"height\":1080},{\"@type\":\"BreadcrumbList\",\"@id\":\"https:\\\/\\\/women.lv\\\/product\\\/lv-intensiva-matu-maska-ar-ricinellu-makadamijas-un-argana-ellu\\\/#breadcrumb\",\"itemListElement\":[{\"@type\":\"ListItem\",\"position\":1,\"name\":\"Home\",\"item\":\"https:\\\/\\\/women.lv\\\/\"},{\"@type\":\"ListItem\",\"position\":2,\"name\":\"Products\",\"item\":\"https:\\\/\\\/women.lv\\\/en\\\/shop\\\/\"},{\"@type\":\"ListItem\",\"position\":3,\"name\":\"Intens\u012bva matu maska ar r\u012bcine\u013c\u013cu, makad\u0101mijas un argana e\u013c\u013cu\"}]},{\"@type\":\"WebSite\",\"@id\":\"https:\\\/\\\/women.lv\\\/#website\",\"url\":\"https:\\\/\\\/women.lv\\\/\",\"name\":\"Women Veikals\",\"description\":\"Uzdr\u012bksties b\u016bt skaista\",\"potentialAction\":[{\"@type\":\"SearchAction\",\"target\":{\"@type\":\"EntryPoint\",\"urlTemplate\":\"https:\\\/\\\/women.lv\\\/?s={search_term_string}\"},\"query-input\":{\"@type\":\"PropertyValueSpecification\",\"valueRequired\":true,\"valueName\":\"search_term_string\"}}],\"inLanguage\":\"en-GB\"}]}<\/script>\n<!-- \/ Yoast SEO plugin. -->","yoast_head_json":{"title":"Intensive hair mask with castor oil, macadamia and argan oil","description":"Atjauno sp\u0113ku un notur\u012bbu boj\u0101tiem, trausliem vai \u0137\u012bmiski apstr\u0101d\u0101tiem matiem.","robots":{"index":"index","follow":"follow","max-snippet":"max-snippet:-1","max-image-preview":"max-image-preview:large","max-video-preview":"max-video-preview:-1"},"canonical":"https:\/\/women.lv\/en\/product\/lv-intensiva-matu-maska-ar-ricinellu-makadamijas-un-argana-ellu\/","og_locale":"en_GB","og_type":"article","og_title":"Intens\u012bva matu maska ar r\u012bcine\u013c\u013cu, makad\u0101mijas un argana e\u013c\u013cu","og_description":"Atjauno sp\u0113ku un notur\u012bbu boj\u0101tiem, trausliem vai \u0137\u012bmiski apstr\u0101d\u0101tiem matiem.","og_url":"https:\/\/women.lv\/en\/product\/lv-intensiva-matu-maska-ar-ricinellu-makadamijas-un-argana-ellu\/","og_site_name":"Women Veikals","article_modified_time":"2026-03-21T09:43:28+00:00","og_image":[{"width":1080,"height":1080,"url":"https:\/\/women.lv\/wp-content\/uploads\/2023\/03\/peptid-castor-oil-macadamia-intensive-mask.jpg","type":"image\/jpeg"}],"twitter_card":"summary_large_image","schema":{"@context":"https:\/\/schema.org","@graph":[{"@type":"WebPage","@id":"https:\/\/women.lv\/product\/lv-intensiva-matu-maska-ar-ricinellu-makadamijas-un-argana-ellu\/","url":"https:\/\/women.lv\/product\/lv-intensiva-matu-maska-ar-ricinellu-makadamijas-un-argana-ellu\/","name":"Intensive hair mask with castor oil, macadamia and argan oil","isPartOf":{"@id":"https:\/\/women.lv\/#website"},"primaryImageOfPage":{"@id":"https:\/\/women.lv\/product\/lv-intensiva-matu-maska-ar-ricinellu-makadamijas-un-argana-ellu\/#primaryimage"},"image":{"@id":"https:\/\/women.lv\/product\/lv-intensiva-matu-maska-ar-ricinellu-makadamijas-un-argana-ellu\/#primaryimage"},"thumbnailUrl":"https:\/\/women.lv\/wp-content\/uploads\/2023\/03\/peptid-castor-oil-macadamia-intensive-mask.jpg","datePublished":"2023-03-15T17:15:42+00:00","dateModified":"2026-03-21T09:43:28+00:00","description":"Atjauno sp\u0113ku un notur\u012bbu boj\u0101tiem, trausliem vai \u0137\u012bmiski apstr\u0101d\u0101tiem matiem.","breadcrumb":{"@id":"https:\/\/women.lv\/product\/lv-intensiva-matu-maska-ar-ricinellu-makadamijas-un-argana-ellu\/#breadcrumb"},"inLanguage":"en-GB","potentialAction":[{"@type":"ReadAction","target":["https:\/\/women.lv\/product\/lv-intensiva-matu-maska-ar-ricinellu-makadamijas-un-argana-ellu\/"]}]},{"@type":"ImageObject","inLanguage":"en-GB","@id":"https:\/\/women.lv\/product\/lv-intensiva-matu-maska-ar-ricinellu-makadamijas-un-argana-ellu\/#primaryimage","url":"https:\/\/women.lv\/wp-content\/uploads\/2023\/03\/peptid-castor-oil-macadamia-intensive-mask.jpg","contentUrl":"https:\/\/women.lv\/wp-content\/uploads\/2023\/03\/peptid-castor-oil-macadamia-intensive-mask.jpg","width":1080,"height":1080},{"@type":"BreadcrumbList","@id":"https:\/\/women.lv\/product\/lv-intensiva-matu-maska-ar-ricinellu-makadamijas-un-argana-ellu\/#breadcrumb","itemListElement":[{"@type":"ListItem","position":1,"name":"Home","item":"https:\/\/women.lv\/"},{"@type":"ListItem","position":2,"name":"Products","item":"https:\/\/women.lv\/en\/shop\/"},{"@type":"ListItem","position":3,"name":"Intens\u012bva matu maska ar r\u012bcine\u013c\u013cu, makad\u0101mijas un argana e\u013c\u013cu"}]},{"@type":"WebSite","@id":"https:\/\/women.lv\/#website","url":"https:\/\/women.lv\/","name":"Women Shop","description":"Uzdr\u012bksties b\u016bt skaista","potentialAction":[{"@type":"SearchAction","target":{"@type":"EntryPoint","urlTemplate":"https:\/\/women.lv\/?s={search_term_string}"},"query-input":{"@type":"PropertyValueSpecification","valueRequired":true,"valueName":"search_term_string"}}],"inLanguage":"en-GB"}]}},"_links":{"self":[{"href":"https:\/\/women.lv\/en\/wp-json\/wp\/v2\/product\/28898","targetHints":{"allow":["GET"]}}],"collection":[{"href":"https:\/\/women.lv\/en\/wp-json\/wp\/v2\/product"}],"about":[{"href":"https:\/\/women.lv\/en\/wp-json\/wp\/v2\/types\/product"}],"replies":[{"embeddable":true,"href":"https:\/\/women.lv\/en\/wp-json\/wp\/v2\/comments?post=28898"}],"version-history":[{"count":0,"href":"https:\/\/women.lv\/en\/wp-json\/wp\/v2\/product\/28898\/revisions"}],"wp:featuredmedia":[{"embeddable":true,"href":"https:\/\/women.lv\/en\/wp-json\/wp\/v2\/media\/29623"}],"wp:attachment":[{"href":"https:\/\/women.lv\/en\/wp-json\/wp\/v2\/media?parent=28898"}],"wp:term":[{"taxonomy":"product_brand","embeddable":true,"href":"https:\/\/women.lv\/en\/wp-json\/wp\/v2\/product_brand?post=28898"},{"taxonomy":"product_cat","embeddable":true,"href":"https:\/\/women.lv\/en\/wp-json\/wp\/v2\/product_cat?post=28898"},{"taxonomy":"product_tag","embeddable":true,"href":"https:\/\/women.lv\/en\/wp-json\/wp\/v2\/product_tag?post=28898"}],"curies":[{"name":"wp","href":"https:\/\/api.w.org\/{rel}","templated":true}]}}