{"id":28894,"date":"2023-03-14T16:45:57","date_gmt":"2023-03-14T16:45:57","guid":{"rendered":"https:\/\/women.lv\/?product=keratina-atjaunojoss-serums-parastiem-un-iztaisnotiem-matiem"},"modified":"2026-03-21T11:44:06","modified_gmt":"2026-03-21T09:44:06","slug":"keratina-atjaunojoss-serums-parastiem-un-iztaisnotiem-matiem","status":"publish","type":"product","link":"https:\/\/women.lv\/en\/product\/keratina-atjaunojoss-serums-parastiem-un-iztaisnotiem-matiem\/","title":{"rendered":"Keratin restoring serum for normal and straightened hair"},"content":{"rendered":"<p><span style=\"font-family: Helvetica;\"><span style=\"font-size: 18px;\">Neparasts kerat\u012bna matu serums pie\u0161\u0137ir apjomu un dz\u012bv\u012bgu izskatu sausiem un apstr\u0101d\u0101tiem matiem. Rezult\u0101tu var redz\u0113t jau no 1. lieto\u0161anas reizes! Satur kerat\u012bna, kvalitat\u012bvu e\u013c\u013cu un augu ekstraktu mais\u012bjumu, kas nodro\u0161ina matu mitrin\u0101\u0161anu un nostiprina matu kutikulu. Serumu var izmantot vair\u0101kos veidos:<\/span><\/span><\/p>\n<ul>\n<li><span style=\"font-family: Helvetica;\"><span style=\"font-size: 18px;\">Before washing with shampoo to ensure hair nutrition and prepare hair before washing.<\/span><\/span><\/li>\n<li><span style=\"font-family: Helvetica;\"><span style=\"font-size: 18px;\">Before drying hair to protect hair from heat and ensure smooth hair during drying.<\/span><\/span><\/li>\n<li><span style=\"font-family: Helvetica;\"><span style=\"font-size: 18px;\">Before styling the hair as well as to add volume to the hair.<\/span><\/span><\/li>\n<\/ul>","protected":false},"excerpt":{"rendered":"<p>Neparasts kerat\u012bna matu serums pie\u0161\u0137ir apjomu un dz\u012bv\u012bgu izskatu sausiem un apstr\u0101d\u0101tiem matiem. Rezult\u0101tu var redz\u0113t jau no 1. lieto\u0161anas<\/p>","protected":false},"featured_media":29673,"comment_status":"open","ping_status":"closed","template":"","meta":[],"product_brand":[],"product_cat":[2204,2224,2215],"product_tag":[2244,2243,3656,3658,3643,2245,4076],"class_list":{"0":"post-28894","1":"product","2":"type-product","3":"status-publish","4":"has-post-thumbnail","6":"product_cat-matu-kopsanas-lidzekli","7":"product_cat-matu-serumi","8":"product_cat-visi-produkti","9":"product_tag-israel","10":"product_tag-izraela","11":"product_tag-keratin-repair-serum-for-ordinary-or-straighten-hair","12":"product_tag-keratina-atjaunojoss-serums-parastiem-un-iztaisnotiem-matiem","13":"product_tag-peptid","14":"product_tag-2245","15":"product_tag------2","16":"pa_brand_nc-peptid","17":"pa_ean_nc-3655","18":"pa_ean_nc-israel","20":"first","21":"instock","22":"sale","23":"taxable","24":"shipping-taxable","25":"purchasable","26":"product-type-simple"},"yoast_head":"<!-- This site is optimized with the Yoast SEO plugin v23.9 - https:\/\/yoast.com\/wordpress\/plugins\/seo\/ -->\n<title>Kerat\u012bna atjaunojo\u0161s serums parastiem un iztaisnotiem matiem<\/title>\n<meta name=\"description\" content=\"kerat\u012bna matu serums pie\u0161\u0137ir apjomu un dz\u012bv\u012bgu izskatu sausiem un apstr\u0101d\u0101tiem matiem. Rez\u016blt\u0101tu var redz\u0113t jau no 1. lieto\u0161anas reizes!\" \/>\n<meta name=\"robots\" content=\"index, follow, max-snippet:-1, max-image-preview:large, max-video-preview:-1\" \/>\n<link rel=\"canonical\" href=\"https:\/\/women.lv\/en\/product\/keratina-atjaunojoss-serums-parastiem-un-iztaisnotiem-matiem\/\" \/>\n<meta property=\"og:locale\" content=\"en_GB\" \/>\n<meta property=\"og:type\" content=\"article\" \/>\n<meta property=\"og:title\" content=\"Kerat\u012bna atjaunojo\u0161s serums parastiem un iztaisnotiem matiem\" \/>\n<meta property=\"og:description\" content=\"kerat\u012bna matu serums pie\u0161\u0137ir apjomu un dz\u012bv\u012bgu izskatu sausiem un apstr\u0101d\u0101tiem matiem. Rez\u016blt\u0101tu var redz\u0113t jau no 1. lieto\u0161anas reizes!\" \/>\n<meta property=\"og:url\" content=\"https:\/\/women.lv\/en\/product\/keratina-atjaunojoss-serums-parastiem-un-iztaisnotiem-matiem\/\" \/>\n<meta property=\"og:site_name\" content=\"Women Veikals\" \/>\n<meta property=\"article:modified_time\" content=\"2026-03-21T09:44:06+00:00\" \/>\n<meta property=\"og:image\" content=\"https:\/\/women.lv\/wp-content\/uploads\/2023\/03\/peptid-keratin-repair-serum-for-ordinary-or-straighten-hair.jpg\" \/>\n\t<meta property=\"og:image:width\" content=\"2000\" \/>\n\t<meta property=\"og:image:height\" content=\"2000\" \/>\n\t<meta property=\"og:image:type\" content=\"image\/jpeg\" \/>\n<meta name=\"twitter:card\" content=\"summary_large_image\" \/>\n<meta name=\"twitter:label1\" content=\"Estimated reading time\" \/>\n\t<meta name=\"twitter:data1\" content=\"1 minute\" \/>\n<script type=\"application\/ld+json\" class=\"yoast-schema-graph\">{\"@context\":\"https:\/\/schema.org\",\"@graph\":[{\"@type\":\"WebPage\",\"@id\":\"https:\/\/women.lv\/product\/keratina-atjaunojoss-serums-parastiem-un-iztaisnotiem-matiem\/\",\"url\":\"https:\/\/women.lv\/product\/keratina-atjaunojoss-serums-parastiem-un-iztaisnotiem-matiem\/\",\"name\":\"Kerat\u012bna atjaunojo\u0161s serums parastiem un iztaisnotiem matiem\",\"isPartOf\":{\"@id\":\"https:\/\/women.lv\/#website\"},\"primaryImageOfPage\":{\"@id\":\"https:\/\/women.lv\/product\/keratina-atjaunojoss-serums-parastiem-un-iztaisnotiem-matiem\/#primaryimage\"},\"image\":{\"@id\":\"https:\/\/women.lv\/product\/keratina-atjaunojoss-serums-parastiem-un-iztaisnotiem-matiem\/#primaryimage\"},\"thumbnailUrl\":\"https:\/\/women.lv\/wp-content\/uploads\/2023\/03\/peptid-keratin-repair-serum-for-ordinary-or-straighten-hair.jpg\",\"datePublished\":\"2023-03-14T16:45:57+00:00\",\"dateModified\":\"2026-03-21T09:44:06+00:00\",\"description\":\"kerat\u012bna matu serums pie\u0161\u0137ir apjomu un dz\u012bv\u012bgu izskatu sausiem un apstr\u0101d\u0101tiem matiem. Rez\u016blt\u0101tu var redz\u0113t jau no 1. lieto\u0161anas reizes!\",\"breadcrumb\":{\"@id\":\"https:\/\/women.lv\/product\/keratina-atjaunojoss-serums-parastiem-un-iztaisnotiem-matiem\/#breadcrumb\"},\"inLanguage\":\"en-GB\",\"potentialAction\":[{\"@type\":\"ReadAction\",\"target\":[\"https:\/\/women.lv\/product\/keratina-atjaunojoss-serums-parastiem-un-iztaisnotiem-matiem\/\"]}]},{\"@type\":\"ImageObject\",\"inLanguage\":\"en-GB\",\"@id\":\"https:\/\/women.lv\/product\/keratina-atjaunojoss-serums-parastiem-un-iztaisnotiem-matiem\/#primaryimage\",\"url\":\"https:\/\/women.lv\/wp-content\/uploads\/2023\/03\/peptid-keratin-repair-serum-for-ordinary-or-straighten-hair.jpg\",\"contentUrl\":\"https:\/\/women.lv\/wp-content\/uploads\/2023\/03\/peptid-keratin-repair-serum-for-ordinary-or-straighten-hair.jpg\",\"width\":2000,\"height\":2000},{\"@type\":\"BreadcrumbList\",\"@id\":\"https:\/\/women.lv\/product\/keratina-atjaunojoss-serums-parastiem-un-iztaisnotiem-matiem\/#breadcrumb\",\"itemListElement\":[{\"@type\":\"ListItem\",\"position\":1,\"name\":\"Home\",\"item\":\"https:\/\/women.lv\/\"},{\"@type\":\"ListItem\",\"position\":2,\"name\":\"Products\",\"item\":\"https:\/\/women.lv\/en\/shop\/\"},{\"@type\":\"ListItem\",\"position\":3,\"name\":\"Kerat\u012bna atjaunojo\u0161s serums parastiem un iztaisnotiem matiem\"}]},{\"@type\":\"WebSite\",\"@id\":\"https:\/\/women.lv\/#website\",\"url\":\"https:\/\/women.lv\/\",\"name\":\"Women Veikals\",\"description\":\"Uzdr\u012bksties b\u016bt skaista\",\"potentialAction\":[{\"@type\":\"SearchAction\",\"target\":{\"@type\":\"EntryPoint\",\"urlTemplate\":\"https:\/\/women.lv\/?s={search_term_string}\"},\"query-input\":{\"@type\":\"PropertyValueSpecification\",\"valueRequired\":true,\"valueName\":\"search_term_string\"}}],\"inLanguage\":\"en-GB\"}]}<\/script>\n<!-- \/ Yoast SEO plugin. -->","yoast_head_json":{"title":"Kerat\u012bna atjaunojo\u0161s serums parastiem un iztaisnotiem matiem","description":"kerat\u012bna matu serums pie\u0161\u0137ir apjomu un dz\u012bv\u012bgu izskatu sausiem un apstr\u0101d\u0101tiem matiem. Rez\u016blt\u0101tu var redz\u0113t jau no 1. lieto\u0161anas reizes!","robots":{"index":"index","follow":"follow","max-snippet":"max-snippet:-1","max-image-preview":"max-image-preview:large","max-video-preview":"max-video-preview:-1"},"canonical":"https:\/\/women.lv\/en\/product\/keratina-atjaunojoss-serums-parastiem-un-iztaisnotiem-matiem\/","og_locale":"en_GB","og_type":"article","og_title":"Kerat\u012bna atjaunojo\u0161s serums parastiem un iztaisnotiem matiem","og_description":"kerat\u012bna matu serums pie\u0161\u0137ir apjomu un dz\u012bv\u012bgu izskatu sausiem un apstr\u0101d\u0101tiem matiem. Rez\u016blt\u0101tu var redz\u0113t jau no 1. lieto\u0161anas reizes!","og_url":"https:\/\/women.lv\/en\/product\/keratina-atjaunojoss-serums-parastiem-un-iztaisnotiem-matiem\/","og_site_name":"Women Veikals","article_modified_time":"2026-03-21T09:44:06+00:00","og_image":[{"width":2000,"height":2000,"url":"https:\/\/women.lv\/wp-content\/uploads\/2023\/03\/peptid-keratin-repair-serum-for-ordinary-or-straighten-hair.jpg","type":"image\/jpeg"}],"twitter_card":"summary_large_image","twitter_misc":{"Estimated reading time":"1 minute"},"schema":{"@context":"https:\/\/schema.org","@graph":[{"@type":"WebPage","@id":"https:\/\/women.lv\/product\/keratina-atjaunojoss-serums-parastiem-un-iztaisnotiem-matiem\/","url":"https:\/\/women.lv\/product\/keratina-atjaunojoss-serums-parastiem-un-iztaisnotiem-matiem\/","name":"Kerat\u012bna atjaunojo\u0161s serums parastiem un iztaisnotiem matiem","isPartOf":{"@id":"https:\/\/women.lv\/#website"},"primaryImageOfPage":{"@id":"https:\/\/women.lv\/product\/keratina-atjaunojoss-serums-parastiem-un-iztaisnotiem-matiem\/#primaryimage"},"image":{"@id":"https:\/\/women.lv\/product\/keratina-atjaunojoss-serums-parastiem-un-iztaisnotiem-matiem\/#primaryimage"},"thumbnailUrl":"https:\/\/women.lv\/wp-content\/uploads\/2023\/03\/peptid-keratin-repair-serum-for-ordinary-or-straighten-hair.jpg","datePublished":"2023-03-14T16:45:57+00:00","dateModified":"2026-03-21T09:44:06+00:00","description":"kerat\u012bna matu serums pie\u0161\u0137ir apjomu un dz\u012bv\u012bgu izskatu sausiem un apstr\u0101d\u0101tiem matiem. Rez\u016blt\u0101tu var redz\u0113t jau no 1. lieto\u0161anas reizes!","breadcrumb":{"@id":"https:\/\/women.lv\/product\/keratina-atjaunojoss-serums-parastiem-un-iztaisnotiem-matiem\/#breadcrumb"},"inLanguage":"en-GB","potentialAction":[{"@type":"ReadAction","target":["https:\/\/women.lv\/product\/keratina-atjaunojoss-serums-parastiem-un-iztaisnotiem-matiem\/"]}]},{"@type":"ImageObject","inLanguage":"en-GB","@id":"https:\/\/women.lv\/product\/keratina-atjaunojoss-serums-parastiem-un-iztaisnotiem-matiem\/#primaryimage","url":"https:\/\/women.lv\/wp-content\/uploads\/2023\/03\/peptid-keratin-repair-serum-for-ordinary-or-straighten-hair.jpg","contentUrl":"https:\/\/women.lv\/wp-content\/uploads\/2023\/03\/peptid-keratin-repair-serum-for-ordinary-or-straighten-hair.jpg","width":2000,"height":2000},{"@type":"BreadcrumbList","@id":"https:\/\/women.lv\/product\/keratina-atjaunojoss-serums-parastiem-un-iztaisnotiem-matiem\/#breadcrumb","itemListElement":[{"@type":"ListItem","position":1,"name":"Home","item":"https:\/\/women.lv\/"},{"@type":"ListItem","position":2,"name":"Products","item":"https:\/\/women.lv\/en\/shop\/"},{"@type":"ListItem","position":3,"name":"Kerat\u012bna atjaunojo\u0161s serums parastiem un iztaisnotiem matiem"}]},{"@type":"WebSite","@id":"https:\/\/women.lv\/#website","url":"https:\/\/women.lv\/","name":"Women Veikals","description":"Uzdr\u012bksties b\u016bt skaista","potentialAction":[{"@type":"SearchAction","target":{"@type":"EntryPoint","urlTemplate":"https:\/\/women.lv\/?s={search_term_string}"},"query-input":{"@type":"PropertyValueSpecification","valueRequired":true,"valueName":"search_term_string"}}],"inLanguage":"en-GB"}]}},"_links":{"self":[{"href":"https:\/\/women.lv\/en\/wp-json\/wp\/v2\/product\/28894","targetHints":{"allow":["GET"]}}],"collection":[{"href":"https:\/\/women.lv\/en\/wp-json\/wp\/v2\/product"}],"about":[{"href":"https:\/\/women.lv\/en\/wp-json\/wp\/v2\/types\/product"}],"replies":[{"embeddable":true,"href":"https:\/\/women.lv\/en\/wp-json\/wp\/v2\/comments?post=28894"}],"version-history":[{"count":4,"href":"https:\/\/women.lv\/en\/wp-json\/wp\/v2\/product\/28894\/revisions"}],"predecessor-version":[{"id":32089,"href":"https:\/\/women.lv\/en\/wp-json\/wp\/v2\/product\/28894\/revisions\/32089"}],"wp:featuredmedia":[{"embeddable":true,"href":"https:\/\/women.lv\/en\/wp-json\/wp\/v2\/media\/29673"}],"wp:attachment":[{"href":"https:\/\/women.lv\/en\/wp-json\/wp\/v2\/media?parent=28894"}],"wp:term":[{"taxonomy":"product_brand","embeddable":true,"href":"https:\/\/women.lv\/en\/wp-json\/wp\/v2\/product_brand?post=28894"},{"taxonomy":"product_cat","embeddable":true,"href":"https:\/\/women.lv\/en\/wp-json\/wp\/v2\/product_cat?post=28894"},{"taxonomy":"product_tag","embeddable":true,"href":"https:\/\/women.lv\/en\/wp-json\/wp\/v2\/product_tag?post=28894"}],"curies":[{"name":"wp","href":"https:\/\/api.w.org\/{rel}","templated":true}]}}