{"id":28892,"date":"2023-03-11T09:34:56","date_gmt":"2023-03-11T09:34:56","guid":{"rendered":"https:\/\/women.lv\/?product=keratina-sampuns-sausiem-un-taisnotiem-matiem"},"modified":"2025-11-05T13:26:27","modified_gmt":"2025-11-05T13:26:27","slug":"lv-keratina-sampuns-sausiem-un-taisnotiem-matiem","status":"publish","type":"product","link":"https:\/\/women.lv\/en\/product\/lv-keratina-sampuns-sausiem-un-taisnotiem-matiem\/","title":{"rendered":"Keratin shampoo for dry and straightened hair"},"content":{"rendered":"<p><span style=\"font-family: Helvetica;\"><span style=\"font-size: 18px;\">Shampoo\u00a0<\/span><\/span><span style=\"font-family: Helvetica; font-size: 18px;\">Deep Hydration Keratin<\/span><span style=\"font-family: Helvetica;\"><span style=\"font-size: 18px;\">. \u0160is \u012bpa\u0161ais komplekss nodro\u0161ina maigumu un gludumu J\u016bsu matiem. Bag\u0101t\u012bgas tekst\u016bras \u0161amp\u016bns, kas izveidots ar kerat\u012bnu, matu dab\u012bgo prote\u012bnu, funkcion\u0101liem pept\u012bdiem un aminosk\u0101b\u0113m, lai pal\u012bdz\u0113tu stiprin\u0101t un atjaunot matus. \u0160amp\u016bna formula iek\u013c\u016bst matu stiebri\u0146os, lai pal\u012bdz\u0113tu izvair\u012bties no matu galu \u0161\u0137el\u0161an\u0101s, samazina l\u016b\u0161anu un pal\u012bdz izl\u012bdzin\u0101t matu kutikulu. Sausiem, boj\u0101tiem, iztaisnotiem un apstr\u0101d\u0101tiem matiem.<\/span><\/span><\/p>","protected":false},"excerpt":{"rendered":"<p>Shampoo Deep Hydration Keratin. This special complex provides softness and smoothness to your hair. Rich texture shampoo created with keratin hair<\/p>","protected":false},"featured_media":29584,"comment_status":"open","ping_status":"closed","template":"","meta":[],"product_brand":[],"product_cat":[2204,2206,2215],"product_tag":[2244,2243,3652,3654,3643,2245,3653],"class_list":{"0":"post-28892","1":"product","2":"type-product","3":"status-publish","4":"has-post-thumbnail","6":"product_cat-matu-kopsanas-lidzekli","7":"product_cat-sampuni","8":"product_cat-visi-produkti","9":"product_tag-israel","10":"product_tag-izraela","11":"product_tag-keratin-shampoo-for-dry-amp-straighten-hair","12":"product_tag-keratina-sampuns-sausiem-un-taisnotiem-matiem","13":"product_tag-peptid","14":"product_tag-2245","15":"product_tag-3653","16":"pa_brand_nc-peptid","17":"pa_ean_nc-3651","18":"pa_ean_nc-israel","20":"first","21":"instock","22":"taxable","23":"shipping-taxable","24":"purchasable","25":"product-type-simple"},"yoast_head":"<!-- This site is optimized with the Yoast SEO plugin v23.9 - https:\/\/yoast.com\/wordpress\/plugins\/seo\/ -->\n<title>Kerat\u012bna \u0161amp\u016bns sausiem un taisnotiem matiem<\/title>\n<meta name=\"description\" content=\"Sausiem, boj\u0101tiem, iztaisnotiem un apstr\u0101d\u0101tiem matiem.\" \/>\n<meta name=\"robots\" content=\"index, follow, max-snippet:-1, max-image-preview:large, max-video-preview:-1\" \/>\n<link rel=\"canonical\" href=\"https:\/\/women.lv\/en\/product\/lv-keratina-sampuns-sausiem-un-taisnotiem-matiem\/\" \/>\n<meta property=\"og:locale\" content=\"en_GB\" \/>\n<meta property=\"og:type\" content=\"article\" \/>\n<meta property=\"og:title\" content=\"Kerat\u012bna \u0161amp\u016bns sausiem un taisnotiem matiem\" \/>\n<meta property=\"og:description\" content=\"Sausiem, boj\u0101tiem, iztaisnotiem un apstr\u0101d\u0101tiem matiem.\" \/>\n<meta property=\"og:url\" content=\"https:\/\/women.lv\/en\/product\/lv-keratina-sampuns-sausiem-un-taisnotiem-matiem\/\" \/>\n<meta property=\"og:site_name\" content=\"Women Veikals\" \/>\n<meta property=\"article:modified_time\" content=\"2025-11-05T13:26:27+00:00\" \/>\n<meta property=\"og:image\" content=\"https:\/\/women.lv\/wp-content\/uploads\/2023\/03\/peptid-keratin-shampoo-for-dry-straighten-hair.jpg\" \/>\n\t<meta property=\"og:image:width\" content=\"829\" \/>\n\t<meta property=\"og:image:height\" content=\"1600\" \/>\n\t<meta property=\"og:image:type\" content=\"image\/jpeg\" \/>\n<meta name=\"twitter:card\" content=\"summary_large_image\" \/>\n<script type=\"application\/ld+json\" class=\"yoast-schema-graph\">{\"@context\":\"https:\/\/schema.org\",\"@graph\":[{\"@type\":\"WebPage\",\"@id\":\"https:\/\/women.lv\/product\/lv-keratina-sampuns-sausiem-un-taisnotiem-matiem\/\",\"url\":\"https:\/\/women.lv\/product\/lv-keratina-sampuns-sausiem-un-taisnotiem-matiem\/\",\"name\":\"Kerat\u012bna \u0161amp\u016bns sausiem un taisnotiem matiem\",\"isPartOf\":{\"@id\":\"https:\/\/women.lv\/#website\"},\"primaryImageOfPage\":{\"@id\":\"https:\/\/women.lv\/product\/lv-keratina-sampuns-sausiem-un-taisnotiem-matiem\/#primaryimage\"},\"image\":{\"@id\":\"https:\/\/women.lv\/product\/lv-keratina-sampuns-sausiem-un-taisnotiem-matiem\/#primaryimage\"},\"thumbnailUrl\":\"https:\/\/women.lv\/wp-content\/uploads\/2023\/03\/peptid-keratin-shampoo-for-dry-straighten-hair.jpg\",\"datePublished\":\"2023-03-11T09:34:56+00:00\",\"dateModified\":\"2025-11-05T13:26:27+00:00\",\"description\":\"Sausiem, boj\u0101tiem, iztaisnotiem un apstr\u0101d\u0101tiem matiem.\",\"breadcrumb\":{\"@id\":\"https:\/\/women.lv\/product\/lv-keratina-sampuns-sausiem-un-taisnotiem-matiem\/#breadcrumb\"},\"inLanguage\":\"en-GB\",\"potentialAction\":[{\"@type\":\"ReadAction\",\"target\":[\"https:\/\/women.lv\/product\/lv-keratina-sampuns-sausiem-un-taisnotiem-matiem\/\"]}]},{\"@type\":\"ImageObject\",\"inLanguage\":\"en-GB\",\"@id\":\"https:\/\/women.lv\/product\/lv-keratina-sampuns-sausiem-un-taisnotiem-matiem\/#primaryimage\",\"url\":\"https:\/\/women.lv\/wp-content\/uploads\/2023\/03\/peptid-keratin-shampoo-for-dry-straighten-hair.jpg\",\"contentUrl\":\"https:\/\/women.lv\/wp-content\/uploads\/2023\/03\/peptid-keratin-shampoo-for-dry-straighten-hair.jpg\",\"width\":829,\"height\":1600},{\"@type\":\"BreadcrumbList\",\"@id\":\"https:\/\/women.lv\/product\/lv-keratina-sampuns-sausiem-un-taisnotiem-matiem\/#breadcrumb\",\"itemListElement\":[{\"@type\":\"ListItem\",\"position\":1,\"name\":\"Home\",\"item\":\"https:\/\/women.lv\/\"},{\"@type\":\"ListItem\",\"position\":2,\"name\":\"Products\",\"item\":\"https:\/\/women.lv\/en\/shop\/\"},{\"@type\":\"ListItem\",\"position\":3,\"name\":\"Kerat\u012bna \u0161amp\u016bns sausiem un taisnotiem matiem\"}]},{\"@type\":\"WebSite\",\"@id\":\"https:\/\/women.lv\/#website\",\"url\":\"https:\/\/women.lv\/\",\"name\":\"Women Veikals\",\"description\":\"Uzdr\u012bksties b\u016bt skaista\",\"potentialAction\":[{\"@type\":\"SearchAction\",\"target\":{\"@type\":\"EntryPoint\",\"urlTemplate\":\"https:\/\/women.lv\/?s={search_term_string}\"},\"query-input\":{\"@type\":\"PropertyValueSpecification\",\"valueRequired\":true,\"valueName\":\"search_term_string\"}}],\"inLanguage\":\"en-GB\"}]}<\/script>\n<!-- \/ Yoast SEO plugin. -->","yoast_head_json":{"title":"Kerat\u012bna \u0161amp\u016bns sausiem un taisnotiem matiem","description":"Sausiem, boj\u0101tiem, iztaisnotiem un apstr\u0101d\u0101tiem matiem.","robots":{"index":"index","follow":"follow","max-snippet":"max-snippet:-1","max-image-preview":"max-image-preview:large","max-video-preview":"max-video-preview:-1"},"canonical":"https:\/\/women.lv\/en\/product\/lv-keratina-sampuns-sausiem-un-taisnotiem-matiem\/","og_locale":"en_GB","og_type":"article","og_title":"Kerat\u012bna \u0161amp\u016bns sausiem un taisnotiem matiem","og_description":"Sausiem, boj\u0101tiem, iztaisnotiem un apstr\u0101d\u0101tiem matiem.","og_url":"https:\/\/women.lv\/en\/product\/lv-keratina-sampuns-sausiem-un-taisnotiem-matiem\/","og_site_name":"Women Veikals","article_modified_time":"2025-11-05T13:26:27+00:00","og_image":[{"width":829,"height":1600,"url":"https:\/\/women.lv\/wp-content\/uploads\/2023\/03\/peptid-keratin-shampoo-for-dry-straighten-hair.jpg","type":"image\/jpeg"}],"twitter_card":"summary_large_image","schema":{"@context":"https:\/\/schema.org","@graph":[{"@type":"WebPage","@id":"https:\/\/women.lv\/product\/lv-keratina-sampuns-sausiem-un-taisnotiem-matiem\/","url":"https:\/\/women.lv\/product\/lv-keratina-sampuns-sausiem-un-taisnotiem-matiem\/","name":"Kerat\u012bna \u0161amp\u016bns sausiem un taisnotiem matiem","isPartOf":{"@id":"https:\/\/women.lv\/#website"},"primaryImageOfPage":{"@id":"https:\/\/women.lv\/product\/lv-keratina-sampuns-sausiem-un-taisnotiem-matiem\/#primaryimage"},"image":{"@id":"https:\/\/women.lv\/product\/lv-keratina-sampuns-sausiem-un-taisnotiem-matiem\/#primaryimage"},"thumbnailUrl":"https:\/\/women.lv\/wp-content\/uploads\/2023\/03\/peptid-keratin-shampoo-for-dry-straighten-hair.jpg","datePublished":"2023-03-11T09:34:56+00:00","dateModified":"2025-11-05T13:26:27+00:00","description":"Sausiem, boj\u0101tiem, iztaisnotiem un apstr\u0101d\u0101tiem matiem.","breadcrumb":{"@id":"https:\/\/women.lv\/product\/lv-keratina-sampuns-sausiem-un-taisnotiem-matiem\/#breadcrumb"},"inLanguage":"en-GB","potentialAction":[{"@type":"ReadAction","target":["https:\/\/women.lv\/product\/lv-keratina-sampuns-sausiem-un-taisnotiem-matiem\/"]}]},{"@type":"ImageObject","inLanguage":"en-GB","@id":"https:\/\/women.lv\/product\/lv-keratina-sampuns-sausiem-un-taisnotiem-matiem\/#primaryimage","url":"https:\/\/women.lv\/wp-content\/uploads\/2023\/03\/peptid-keratin-shampoo-for-dry-straighten-hair.jpg","contentUrl":"https:\/\/women.lv\/wp-content\/uploads\/2023\/03\/peptid-keratin-shampoo-for-dry-straighten-hair.jpg","width":829,"height":1600},{"@type":"BreadcrumbList","@id":"https:\/\/women.lv\/product\/lv-keratina-sampuns-sausiem-un-taisnotiem-matiem\/#breadcrumb","itemListElement":[{"@type":"ListItem","position":1,"name":"Home","item":"https:\/\/women.lv\/"},{"@type":"ListItem","position":2,"name":"Products","item":"https:\/\/women.lv\/en\/shop\/"},{"@type":"ListItem","position":3,"name":"Kerat\u012bna \u0161amp\u016bns sausiem un taisnotiem matiem"}]},{"@type":"WebSite","@id":"https:\/\/women.lv\/#website","url":"https:\/\/women.lv\/","name":"Women Veikals","description":"Uzdr\u012bksties b\u016bt skaista","potentialAction":[{"@type":"SearchAction","target":{"@type":"EntryPoint","urlTemplate":"https:\/\/women.lv\/?s={search_term_string}"},"query-input":{"@type":"PropertyValueSpecification","valueRequired":true,"valueName":"search_term_string"}}],"inLanguage":"en-GB"}]}},"_links":{"self":[{"href":"https:\/\/women.lv\/en\/wp-json\/wp\/v2\/product\/28892","targetHints":{"allow":["GET"]}}],"collection":[{"href":"https:\/\/women.lv\/en\/wp-json\/wp\/v2\/product"}],"about":[{"href":"https:\/\/women.lv\/en\/wp-json\/wp\/v2\/types\/product"}],"replies":[{"embeddable":true,"href":"https:\/\/women.lv\/en\/wp-json\/wp\/v2\/comments?post=28892"}],"version-history":[{"count":2,"href":"https:\/\/women.lv\/en\/wp-json\/wp\/v2\/product\/28892\/revisions"}],"predecessor-version":[{"id":29585,"href":"https:\/\/women.lv\/en\/wp-json\/wp\/v2\/product\/28892\/revisions\/29585"}],"wp:featuredmedia":[{"embeddable":true,"href":"https:\/\/women.lv\/en\/wp-json\/wp\/v2\/media\/29584"}],"wp:attachment":[{"href":"https:\/\/women.lv\/en\/wp-json\/wp\/v2\/media?parent=28892"}],"wp:term":[{"taxonomy":"product_brand","embeddable":true,"href":"https:\/\/women.lv\/en\/wp-json\/wp\/v2\/product_brand?post=28892"},{"taxonomy":"product_cat","embeddable":true,"href":"https:\/\/women.lv\/en\/wp-json\/wp\/v2\/product_cat?post=28892"},{"taxonomy":"product_tag","embeddable":true,"href":"https:\/\/women.lv\/en\/wp-json\/wp\/v2\/product_tag?post=28892"}],"curies":[{"name":"wp","href":"https:\/\/api.w.org\/{rel}","templated":true}]}}