{"id":28885,"date":"2023-01-27T14:04:59","date_gmt":"2023-01-27T14:04:59","guid":{"rendered":"https:\/\/women.lv\/?product=botoksa-taisnosana"},"modified":"2025-11-06T00:00:37","modified_gmt":"2025-11-06T00:00:37","slug":"botoksa-taisnosana","status":"publish","type":"product","link":"https:\/\/women.lv\/en\/product\/botoksa-taisnosana\/","title":{"rendered":"Botox straightening"},"content":{"rendered":"<p><span style=\"font-family: Helvetica;\"><span style=\"font-size: 18px;\">Hair botox is a type of deep conditioning treatment, so your hair will feel smoother and more moisturized than with a keratin treatment. Plus, you don&#039;t have to wait 72 hours for the keratin to set. You can wash your hair after 24 hours.\u00a0<\/span><\/span><\/p>\n<p><span style=\"font-family: Helvetica;\"><span style=\"font-size: 18px;\">The action of BOTOX lasts from 8 to 16 weeks, depending on hair care and the structure, porosity and other characteristics of individual hair. The procedure is based on the principle that the structure of damaged porous, chemically damaged or otherwise damaged hair is uniquely restored. P<\/span><\/span><span style=\"font-family: Helvetica; font-size: 18px;\">the service is performed by a certified specialist.<\/span><\/p>\n<p><span style=\"font-family: Helvetica;\"><span style=\"font-size: 18px;\">\u00a0<\/span><\/span><\/p>\n<p><span style=\"font-family: Helvetica;\"><span style=\"font-size: 18px;\"><b>Hair filling with Botox:<\/b><\/span><\/span><\/p>\n<ul>\n<li><span style=\"font-family: Helvetica;\"><span style=\"font-size: 18px;\">Restores dry and damaged hair,<\/span><\/span><\/li>\n<li><span style=\"font-family: Helvetica;\"><span style=\"font-size: 18px;\">Prevents split ends and frizz,<\/span><\/span><\/li>\n<li><span style=\"font-family: Helvetica;\"><span style=\"font-size: 18px;\">Gives hair shine<\/span><\/span><\/li>\n<li><span style=\"font-family: Helvetica;\"><span style=\"font-size: 18px;\">Prevents hair breakage and improves its texture,<\/span><\/span><\/li>\n<li><span style=\"font-family: Helvetica;\"><span style=\"font-size: 18px;\">Suitable for all hair types (undyed, bleached, colored, chemically treated),<\/span><\/span><\/li>\n<li><span style=\"font-family: Helvetica;\"><span style=\"font-size: 18px;\">Deeply moisturizes the hair follicle.<\/span><\/span><\/li>\n<\/ul>\n<p><span style=\"font-family: Helvetica;\"><span style=\"font-size: 18px;\"><b>The course of the procedure:<\/b><\/span><\/span><\/p>\n<ul>\n<li><span style=\"font-family: Helvetica;\"><span style=\"font-size: 18px;\">The hair is washed with a special shampoo to open the hair scales.<\/span><\/span><\/li>\n<li><span style=\"font-family: Helvetica;\"><span style=\"font-size: 18px;\">Hair is dried in 60-70%.\u00a0<\/span><\/span><\/li>\n<li><span style=\"font-family: Helvetica;\"><span style=\"font-size: 18px;\">Botox is applied to the hair.<\/span><\/span><\/li>\n<li><span style=\"font-family: Helvetica;\"><span style=\"font-size: 18px;\">We wait for the effect of Botox for 20-30 minutes (we blow dry a little)<\/span>\n<p><\/span><\/li>\n<li><span style=\"font-family: Helvetica; font-size: 18px;\">Botox is incorporated into the hair with a straightener, after which the hair must not be moisturized for 24 hours.<\/span><\/li>\n<\/ul>\n<p>&nbsp;<\/p>\n<p><span style=\"font-family: Helvetica; font-size: 18px;\">The procedure takes place in Ogre according to the previous appointment (putting the product in the basket - specifying the desired dates and times in the comment, completing the purchase with 0.00 EUR. After which the manager will contact you and agree on the most convenient time for you and us). Make sure you have specified the correct e-mail.<\/span><\/p>\n<p>&nbsp;<\/p>\n<p><span style=\"font-family: Helvetica;\"><span style=\"font-size: 18px;\"><b>Prices:<\/b><\/span><\/span><\/p>\n<p><span style=\"font-family: Helvetica;\"><span style=\"font-size: 18px;\"><u><i>Short hair \/1.5-2h\/<\/i><\/u><\/p>\n<p><\/span><\/span><span style=\"font-size: 18px; font-family: Helvetica;\">Thin-35\u20ac, medium thick-40e, thick-45e<\/span><\/p>\n<p><span style=\"font-family: Helvetica;\"><span style=\"font-size: 18px;\"><u><i>Medium long hair (from shoulders to chest) \/1.5-2.5h\/<\/i><\/u><\/span><\/span><\/p>\n<p><span style=\"font-family: Helvetica;\"><span style=\"font-size: 18px;\">Thin-45\u20ac, medium thick-50e, thick-55e<\/span><\/span><\/p>\n<p><span style=\"font-family: Helvetica;\"><span style=\"font-size: 18px;\"><u><i>Long hair \/2-3h\/<\/i><\/u><\/span><\/span><\/p>\n<p><span style=\"font-family: Helvetica;\"><span style=\"font-size: 18px;\">Thin-55\u20ac, medium thick-60e, thick-65e<\/span><\/span><\/p>","protected":false},"excerpt":{"rendered":"<p>Hair botox is a type of deep conditioning treatment, so your hair will feel smoother and more moisturized than with a keratin treatment. In addition to you<\/p>","protected":false},"featured_media":28886,"comment_status":"open","ping_status":"closed","template":"","meta":[],"product_brand":[],"product_cat":[2230],"product_tag":[3635,3636,3637],"class_list":{"0":"post-28885","1":"product","2":"type-product","3":"status-publish","4":"has-post-thumbnail","6":"product_cat-lv-women-pakalpojumi","7":"product_tag-botoksa-taisnosana","8":"product_tag-botox-straightening","9":"product_tag-3637","11":"first","12":"instock","13":"taxable","14":"shipping-taxable","15":"purchasable","16":"product-type-simple"},"yoast_head":"<!-- This site is optimized with the Yoast SEO plugin v27.4 - https:\/\/yoast.com\/product\/yoast-seo-wordpress\/ -->\n<title>Botoksa taisno\u0161ana<\/title>\n<meta name=\"description\" content=\"Matu botox ir dzi\u013ci kondicion\u0113jo\u0161as proced\u016bras veids, t\u0101p\u0113c J\u016bsu mati jut\u012bsies glud\u0101ki un mitrin\u0101t\u0101ki, nek\u0101 veicot kerat\u012bna proced\u016bru. Turkl\u0101t jums nav j\u0101gaida 72 stundas, l\u012bdz kerat\u012bns nofiks\u0113jas. Jau p\u0113c 24 stund\u0101m varat mazg\u0101t matus.\" \/>\n<meta name=\"robots\" content=\"index, follow, max-snippet:-1, max-image-preview:large, max-video-preview:-1\" \/>\n<link rel=\"canonical\" href=\"https:\/\/women.lv\/en\/product\/botoksa-taisnosana\/\" \/>\n<meta property=\"og:locale\" content=\"en_GB\" \/>\n<meta property=\"og:type\" content=\"article\" \/>\n<meta property=\"og:title\" content=\"Botoksa taisno\u0161ana\" \/>\n<meta property=\"og:description\" content=\"Matu botox ir dzi\u013ci kondicion\u0113jo\u0161as proced\u016bras veids, t\u0101p\u0113c J\u016bsu mati jut\u012bsies glud\u0101ki un mitrin\u0101t\u0101ki, nek\u0101 veicot kerat\u012bna proced\u016bru. Turkl\u0101t jums nav j\u0101gaida 72 stundas, l\u012bdz kerat\u012bns nofiks\u0113jas. Jau p\u0113c 24 stund\u0101m varat mazg\u0101t matus.\" \/>\n<meta property=\"og:url\" content=\"https:\/\/women.lv\/en\/product\/botoksa-taisnosana\/\" \/>\n<meta property=\"og:site_name\" content=\"Women Veikals\" \/>\n<meta property=\"article:modified_time\" content=\"2025-11-06T00:00:37+00:00\" \/>\n<meta property=\"og:image\" content=\"https:\/\/women.lv\/wp-content\/uploads\/nc\/catalog\/Women-salons\/botox.jpg\" \/>\n\t<meta property=\"og:image:width\" content=\"1200\" \/>\n\t<meta property=\"og:image:height\" content=\"799\" \/>\n\t<meta property=\"og:image:type\" content=\"image\/jpeg\" \/>\n<meta name=\"twitter:card\" content=\"summary_large_image\" \/>\n<meta name=\"twitter:label1\" content=\"Estimated reading time\" \/>\n\t<meta name=\"twitter:data1\" content=\"2 minutes\" \/>\n<script type=\"application\/ld+json\" class=\"yoast-schema-graph\">{\"@context\":\"https:\\\/\\\/schema.org\",\"@graph\":[{\"@type\":\"WebPage\",\"@id\":\"https:\\\/\\\/women.lv\\\/product\\\/botoksa-taisnosana\\\/\",\"url\":\"https:\\\/\\\/women.lv\\\/product\\\/botoksa-taisnosana\\\/\",\"name\":\"Botoksa taisno\u0161ana\",\"isPartOf\":{\"@id\":\"https:\\\/\\\/women.lv\\\/#website\"},\"primaryImageOfPage\":{\"@id\":\"https:\\\/\\\/women.lv\\\/product\\\/botoksa-taisnosana\\\/#primaryimage\"},\"image\":{\"@id\":\"https:\\\/\\\/women.lv\\\/product\\\/botoksa-taisnosana\\\/#primaryimage\"},\"thumbnailUrl\":\"https:\\\/\\\/women.lv\\\/wp-content\\\/uploads\\\/nc\\\/catalog\\\/Women-salons\\\/botox.jpg\",\"datePublished\":\"2023-01-27T14:04:59+00:00\",\"dateModified\":\"2025-11-06T00:00:37+00:00\",\"description\":\"Matu botox ir dzi\u013ci kondicion\u0113jo\u0161as proced\u016bras veids, t\u0101p\u0113c J\u016bsu mati jut\u012bsies glud\u0101ki un mitrin\u0101t\u0101ki, nek\u0101 veicot kerat\u012bna proced\u016bru. Turkl\u0101t jums nav j\u0101gaida 72 stundas, l\u012bdz kerat\u012bns nofiks\u0113jas. Jau p\u0113c 24 stund\u0101m varat mazg\u0101t matus.\",\"breadcrumb\":{\"@id\":\"https:\\\/\\\/women.lv\\\/product\\\/botoksa-taisnosana\\\/#breadcrumb\"},\"inLanguage\":\"en-GB\",\"potentialAction\":[{\"@type\":\"ReadAction\",\"target\":[\"https:\\\/\\\/women.lv\\\/product\\\/botoksa-taisnosana\\\/\"]}]},{\"@type\":\"ImageObject\",\"inLanguage\":\"en-GB\",\"@id\":\"https:\\\/\\\/women.lv\\\/product\\\/botoksa-taisnosana\\\/#primaryimage\",\"url\":\"https:\\\/\\\/women.lv\\\/wp-content\\\/uploads\\\/nc\\\/catalog\\\/Women-salons\\\/botox.jpg\",\"contentUrl\":\"https:\\\/\\\/women.lv\\\/wp-content\\\/uploads\\\/nc\\\/catalog\\\/Women-salons\\\/botox.jpg\",\"width\":1200,\"height\":799,\"caption\":\"Botoksa taisno\u0161ana\"},{\"@type\":\"BreadcrumbList\",\"@id\":\"https:\\\/\\\/women.lv\\\/product\\\/botoksa-taisnosana\\\/#breadcrumb\",\"itemListElement\":[{\"@type\":\"ListItem\",\"position\":1,\"name\":\"Home\",\"item\":\"https:\\\/\\\/women.lv\\\/\"},{\"@type\":\"ListItem\",\"position\":2,\"name\":\"Products\",\"item\":\"https:\\\/\\\/women.lv\\\/en\\\/shop\\\/\"},{\"@type\":\"ListItem\",\"position\":3,\"name\":\"Botoksa taisno\u0161ana\"}]},{\"@type\":\"WebSite\",\"@id\":\"https:\\\/\\\/women.lv\\\/#website\",\"url\":\"https:\\\/\\\/women.lv\\\/\",\"name\":\"Women Veikals\",\"description\":\"Uzdr\u012bksties b\u016bt skaista\",\"potentialAction\":[{\"@type\":\"SearchAction\",\"target\":{\"@type\":\"EntryPoint\",\"urlTemplate\":\"https:\\\/\\\/women.lv\\\/?s={search_term_string}\"},\"query-input\":{\"@type\":\"PropertyValueSpecification\",\"valueRequired\":true,\"valueName\":\"search_term_string\"}}],\"inLanguage\":\"en-GB\"}]}<\/script>\n<!-- \/ Yoast SEO plugin. -->","yoast_head_json":{"title":"Botox straightening","description":"Hair botox is a type of deep conditioning treatment, so your hair will feel smoother and more moisturized than with a keratin treatment. Plus, you don&#039;t have to wait 72 hours for the keratin to set. You can wash your hair after 24 hours.","robots":{"index":"index","follow":"follow","max-snippet":"max-snippet:-1","max-image-preview":"max-image-preview:large","max-video-preview":"max-video-preview:-1"},"canonical":"https:\/\/women.lv\/en\/product\/botoksa-taisnosana\/","og_locale":"en_GB","og_type":"article","og_title":"Botoksa taisno\u0161ana","og_description":"Matu botox ir dzi\u013ci kondicion\u0113jo\u0161as proced\u016bras veids, t\u0101p\u0113c J\u016bsu mati jut\u012bsies glud\u0101ki un mitrin\u0101t\u0101ki, nek\u0101 veicot kerat\u012bna proced\u016bru. Turkl\u0101t jums nav j\u0101gaida 72 stundas, l\u012bdz kerat\u012bns nofiks\u0113jas. Jau p\u0113c 24 stund\u0101m varat mazg\u0101t matus.","og_url":"https:\/\/women.lv\/en\/product\/botoksa-taisnosana\/","og_site_name":"Women Veikals","article_modified_time":"2025-11-06T00:00:37+00:00","og_image":[{"width":1200,"height":799,"url":"https:\/\/women.lv\/wp-content\/uploads\/nc\/catalog\/Women-salons\/botox.jpg","type":"image\/jpeg"}],"twitter_card":"summary_large_image","twitter_misc":{"Estimated reading time":"2 minutes"},"schema":{"@context":"https:\/\/schema.org","@graph":[{"@type":"WebPage","@id":"https:\/\/women.lv\/product\/botoksa-taisnosana\/","url":"https:\/\/women.lv\/product\/botoksa-taisnosana\/","name":"Botox straightening","isPartOf":{"@id":"https:\/\/women.lv\/#website"},"primaryImageOfPage":{"@id":"https:\/\/women.lv\/product\/botoksa-taisnosana\/#primaryimage"},"image":{"@id":"https:\/\/women.lv\/product\/botoksa-taisnosana\/#primaryimage"},"thumbnailUrl":"https:\/\/women.lv\/wp-content\/uploads\/nc\/catalog\/Women-salons\/botox.jpg","datePublished":"2023-01-27T14:04:59+00:00","dateModified":"2025-11-06T00:00:37+00:00","description":"Hair botox is a type of deep conditioning treatment, so your hair will feel smoother and more moisturized than with a keratin treatment. Plus, you don&#039;t have to wait 72 hours for the keratin to set. You can wash your hair after 24 hours.","breadcrumb":{"@id":"https:\/\/women.lv\/product\/botoksa-taisnosana\/#breadcrumb"},"inLanguage":"en-GB","potentialAction":[{"@type":"ReadAction","target":["https:\/\/women.lv\/product\/botoksa-taisnosana\/"]}]},{"@type":"ImageObject","inLanguage":"en-GB","@id":"https:\/\/women.lv\/product\/botoksa-taisnosana\/#primaryimage","url":"https:\/\/women.lv\/wp-content\/uploads\/nc\/catalog\/Women-salons\/botox.jpg","contentUrl":"https:\/\/women.lv\/wp-content\/uploads\/nc\/catalog\/Women-salons\/botox.jpg","width":1200,"height":799,"caption":"Botoksa taisno\u0161ana"},{"@type":"BreadcrumbList","@id":"https:\/\/women.lv\/product\/botoksa-taisnosana\/#breadcrumb","itemListElement":[{"@type":"ListItem","position":1,"name":"Home","item":"https:\/\/women.lv\/"},{"@type":"ListItem","position":2,"name":"Products","item":"https:\/\/women.lv\/en\/shop\/"},{"@type":"ListItem","position":3,"name":"Botoksa taisno\u0161ana"}]},{"@type":"WebSite","@id":"https:\/\/women.lv\/#website","url":"https:\/\/women.lv\/","name":"Women Shop","description":"Uzdr\u012bksties b\u016bt skaista","potentialAction":[{"@type":"SearchAction","target":{"@type":"EntryPoint","urlTemplate":"https:\/\/women.lv\/?s={search_term_string}"},"query-input":{"@type":"PropertyValueSpecification","valueRequired":true,"valueName":"search_term_string"}}],"inLanguage":"en-GB"}]}},"_links":{"self":[{"href":"https:\/\/women.lv\/en\/wp-json\/wp\/v2\/product\/28885","targetHints":{"allow":["GET"]}}],"collection":[{"href":"https:\/\/women.lv\/en\/wp-json\/wp\/v2\/product"}],"about":[{"href":"https:\/\/women.lv\/en\/wp-json\/wp\/v2\/types\/product"}],"replies":[{"embeddable":true,"href":"https:\/\/women.lv\/en\/wp-json\/wp\/v2\/comments?post=28885"}],"version-history":[{"count":0,"href":"https:\/\/women.lv\/en\/wp-json\/wp\/v2\/product\/28885\/revisions"}],"wp:featuredmedia":[{"embeddable":true,"href":"https:\/\/women.lv\/en\/wp-json\/wp\/v2\/media\/28886"}],"wp:attachment":[{"href":"https:\/\/women.lv\/en\/wp-json\/wp\/v2\/media?parent=28885"}],"wp:term":[{"taxonomy":"product_brand","embeddable":true,"href":"https:\/\/women.lv\/en\/wp-json\/wp\/v2\/product_brand?post=28885"},{"taxonomy":"product_cat","embeddable":true,"href":"https:\/\/women.lv\/en\/wp-json\/wp\/v2\/product_cat?post=28885"},{"taxonomy":"product_tag","embeddable":true,"href":"https:\/\/women.lv\/en\/wp-json\/wp\/v2\/product_tag?post=28885"}],"curies":[{"name":"wp","href":"https:\/\/api.w.org\/{rel}","templated":true}]}}