{"id":28883,"date":"2023-01-27T13:33:06","date_gmt":"2023-01-27T13:33:06","guid":{"rendered":"https:\/\/women.lv\/?product=keratina-taisnosana"},"modified":"2025-11-06T00:00:37","modified_gmt":"2025-11-06T00:00:37","slug":"keratina-taisnosana","status":"publish","type":"product","link":"https:\/\/women.lv\/en\/product\/keratina-taisnosana\/","title":{"rendered":"Keratin straightening"},"content":{"rendered":"<p><span style=\"font-family: Helvetica;\"><span style=\"font-size: 18px;\">Keratin hair straightening helps to achieve beautiful, straight, smooth, shiny and healthy hair. After the procedure, your hair will be shinier, smoother and less frizzy.\u00a0<\/span><\/span><span style=\"font-size: 18px; font-family: Helvetica;\">Keratin provides immediate effects and the results last for 2-6 months.\u00a0<\/span><span style=\"font-family: Helvetica; font-size: 18px;\">(for each individual)<\/span><span style=\"font-family: Helvetica; font-size: 18px;\">.\u00a0<\/span><span style=\"font-family: Helvetica; font-size: 18px;\">The service is performed by a certified specialist.<\/span><\/p>\n<p><span style=\"font-family: Helvetica;\"><span style=\"font-size: 18px;\"><b><\/p>\n<p>Filling hair with keratin:<\/b><\/span><\/span><\/p>\n<ul>\n<li><span style=\"font-family: Helvetica;\"><span style=\"font-size: 18px;\">Reduces hair frizz,<\/span><\/span><\/li>\n<li><span style=\"font-family: Helvetica;\"><span style=\"font-size: 18px;\">Prevents hair damage,<\/span><\/span><\/li>\n<li><span style=\"font-family: Helvetica;\"><span style=\"font-size: 18px;\">Gives hair shine<\/span><\/span><\/li>\n<li><span style=\"font-family: Helvetica;\"><span style=\"font-size: 18px;\">Prevents hair breakage,<\/span><\/span><\/li>\n<li><span style=\"font-family: Helvetica;\"><span style=\"font-size: 18px;\">Suitable for all hair types (uncolored, bleached, colored, chemically treated).<\/span><\/span><\/li>\n<\/ul>\n<p><span style=\"font-family: Helvetica;\"><span style=\"font-size: 18px;\"><b>The course of the procedure:<\/b><\/span><\/span><\/p>\n<ul>\n<li><span style=\"font-family: Helvetica;\"><span style=\"font-size: 18px;\">The hair is washed with a special shampoo to open the hair scales.<\/span><\/span><\/li>\n<li><span style=\"font-family: Helvetica;\"><span style=\"font-size: 18px;\">The hair is completely dried.\u00a0<\/span><\/span><\/li>\n<li><span style=\"font-family: Helvetica;\"><span style=\"font-size: 18px;\">Natural keratin is applied to the hair. Keratin is the substance that human hair is made of (countless layers of keratin). But now we can fill the damaged keratin layers of the hair with natural keratin.\u00a0<\/span><span style=\"font-size: 18px;\">We wait for the keratin to take effect for 30-40 minutes (we blow dry it a little)<\/span><\/span><\/li>\n<li><span style=\"font-family: Helvetica;\"><span style=\"font-size: 18px;\">The hair is heated with a straightener to inject nano-keratin particles into your hair.<\/span><\/span><\/li>\n<\/ul>\n<p><span style=\"font-family: Helvetica; font-size: 18px;\">After that, the hair should not be washed or moisturized for 72 hours. If the hair gets wet from rain or other means, it should be dried and straightened. After washing the hair, you can do anything.<\/span><span style=\"font-family: Helvetica;\"><\/p>\n<p><\/span><\/p>\n<p>&nbsp;<\/p>\n<p><span style=\"font-family: Helvetica; font-size: 18px;\">The procedure takes place in Ogre according to the previous appointment (putting the product in the basket - specifying the desired dates and times in the comment, completing the purchase with 0.00 EUR. After which the manager will contact you and agree on the most convenient time for you and us). Make sure you have specified the correct e-mail.<\/span><\/p>\n<p><span style=\"font-family: Helvetica;\"><span style=\"font-size: 18px;\"><b>\u00a0<\/b><\/span><\/span><\/p>\n<p><span style=\"font-family: Helvetica;\"><span style=\"font-size: 18px;\"><b>Prices:<\/b><\/span><\/span><\/p>\n<p><i style=\"font-size: 18px; font-family: Helvetica;\"><u>Short hair \/1.5-2h\/<\/u><\/i><\/p>\n<p><span style=\"font-family: Helvetica;\"><span style=\"font-size: 18px;\">Thin-25\u20ac, medium-thick-30e, thick-35e<\/p>\n<p><\/span><\/span><u style=\"font-size: 18px; font-family: Helvetica;\"><i><\/p>\n<p>Medium long hair (from shoulders to chest) \/1.5-2.5h\/<\/i><\/u><span style=\"font-family: Helvetica;\"><span style=\"font-size: 18px;\"><\/p>\n<p><\/span><\/span><\/p>\n<p><span style=\"font-family: Helvetica;\"><span style=\"font-size: 18px;\">Thin-35\u20ac, medium thick-40e, thick-45e<\/p>\n<p><\/span><\/span><u style=\"font-size: 18px; font-family: Helvetica;\"><i><\/p>\n<p>Long hair \/2-3h\/<\/i><\/u><span style=\"font-family: Helvetica;\"><span style=\"font-size: 18px;\"><\/p>\n<p><\/span><\/span><\/p>\n<p><span style=\"font-family: Helvetica;\"><span style=\"font-size: 18px;\">Thin-45\u20ac, medium thick-50e, thick-55e<\/span><\/span><\/p>\n<p>&nbsp;<\/p>","protected":false},"excerpt":{"rendered":"<p>Keratin hair straightening helps to achieve beautiful, straight, smooth, shiny and healthy hair. After the procedure, they will be shinier, smoother and will not frizz. Keratin<\/p>","protected":false},"featured_media":28884,"comment_status":"open","ping_status":"closed","template":"","meta":[],"product_brand":[],"product_cat":[2230],"product_tag":[3634,3632,3633],"class_list":{"0":"post-28883","1":"product","2":"type-product","3":"status-publish","4":"has-post-thumbnail","6":"product_cat-lv-women-pakalpojumi","7":"product_tag-keratin-straightening","8":"product_tag-keratina-taisnosana","9":"product_tag-3633","11":"first","12":"instock","13":"taxable","14":"shipping-taxable","15":"purchasable","16":"product-type-simple"},"yoast_head":"<!-- This site is optimized with the Yoast SEO plugin v23.9 - https:\/\/yoast.com\/wordpress\/plugins\/seo\/ -->\n<title>Kerat\u012bna taisno\u0161ana<\/title>\n<meta name=\"description\" content=\"Kerat\u012bna matu taisno\u0161ana pal\u012bdz ieg\u016bt skaistus, taisnus, gludus, mirdzo\u0161us un veselus matus. P\u0113c proced\u016bras tie b\u016bs sp\u012bd\u012bg\u0101ki, glud\u0101ki un nep\u016bkosies. Kerat\u012bns sniedz t\u016bl\u012bt\u0113ju efektu un rezult\u0101ts saglab\u0101jas 2-6 m\u0113ne\u0161us (katram individu\u0101li). Pakalpojumu ve\" \/>\n<meta name=\"robots\" content=\"index, follow, max-snippet:-1, max-image-preview:large, max-video-preview:-1\" \/>\n<link rel=\"canonical\" href=\"https:\/\/women.lv\/en\/product\/keratina-taisnosana\/\" \/>\n<meta property=\"og:locale\" content=\"en_GB\" \/>\n<meta property=\"og:type\" content=\"article\" \/>\n<meta property=\"og:title\" content=\"Kerat\u012bna taisno\u0161ana\" \/>\n<meta property=\"og:description\" content=\"Kerat\u012bna matu taisno\u0161ana pal\u012bdz ieg\u016bt skaistus, taisnus, gludus, mirdzo\u0161us un veselus matus. P\u0113c proced\u016bras tie b\u016bs sp\u012bd\u012bg\u0101ki, glud\u0101ki un nep\u016bkosies. Kerat\u012bns sniedz t\u016bl\u012bt\u0113ju efektu un rezult\u0101ts saglab\u0101jas 2-6 m\u0113ne\u0161us (katram individu\u0101li). Pakalpojumu ve\" \/>\n<meta property=\"og:url\" content=\"https:\/\/women.lv\/en\/product\/keratina-taisnosana\/\" \/>\n<meta property=\"og:site_name\" content=\"Women Veikals\" \/>\n<meta property=\"article:modified_time\" content=\"2025-11-06T00:00:37+00:00\" \/>\n<meta property=\"og:image\" content=\"https:\/\/women.lv\/wp-content\/uploads\/nc\/catalog\/Women-salons\/keratin-women.jpeg\" \/>\n\t<meta property=\"og:image:width\" content=\"1087\" \/>\n\t<meta property=\"og:image:height\" content=\"1600\" \/>\n\t<meta property=\"og:image:type\" content=\"image\/jpeg\" \/>\n<meta name=\"twitter:card\" content=\"summary_large_image\" \/>\n<meta name=\"twitter:label1\" content=\"Estimated reading time\" \/>\n\t<meta name=\"twitter:data1\" content=\"2 minutes\" \/>\n<script type=\"application\/ld+json\" class=\"yoast-schema-graph\">{\"@context\":\"https:\/\/schema.org\",\"@graph\":[{\"@type\":\"WebPage\",\"@id\":\"https:\/\/women.lv\/product\/keratina-taisnosana\/\",\"url\":\"https:\/\/women.lv\/product\/keratina-taisnosana\/\",\"name\":\"Kerat\u012bna taisno\u0161ana\",\"isPartOf\":{\"@id\":\"https:\/\/women.lv\/#website\"},\"primaryImageOfPage\":{\"@id\":\"https:\/\/women.lv\/product\/keratina-taisnosana\/#primaryimage\"},\"image\":{\"@id\":\"https:\/\/women.lv\/product\/keratina-taisnosana\/#primaryimage\"},\"thumbnailUrl\":\"https:\/\/women.lv\/wp-content\/uploads\/nc\/catalog\/Women-salons\/keratin-women.jpeg\",\"datePublished\":\"2023-01-27T13:33:06+00:00\",\"dateModified\":\"2025-11-06T00:00:37+00:00\",\"description\":\"Kerat\u012bna matu taisno\u0161ana pal\u012bdz ieg\u016bt skaistus, taisnus, gludus, mirdzo\u0161us un veselus matus. P\u0113c proced\u016bras tie b\u016bs sp\u012bd\u012bg\u0101ki, glud\u0101ki un nep\u016bkosies. Kerat\u012bns sniedz t\u016bl\u012bt\u0113ju efektu un rezult\u0101ts saglab\u0101jas 2-6 m\u0113ne\u0161us (katram individu\u0101li). Pakalpojumu ve\",\"breadcrumb\":{\"@id\":\"https:\/\/women.lv\/product\/keratina-taisnosana\/#breadcrumb\"},\"inLanguage\":\"en-GB\",\"potentialAction\":[{\"@type\":\"ReadAction\",\"target\":[\"https:\/\/women.lv\/product\/keratina-taisnosana\/\"]}]},{\"@type\":\"ImageObject\",\"inLanguage\":\"en-GB\",\"@id\":\"https:\/\/women.lv\/product\/keratina-taisnosana\/#primaryimage\",\"url\":\"https:\/\/women.lv\/wp-content\/uploads\/nc\/catalog\/Women-salons\/keratin-women.jpeg\",\"contentUrl\":\"https:\/\/women.lv\/wp-content\/uploads\/nc\/catalog\/Women-salons\/keratin-women.jpeg\",\"width\":1087,\"height\":1600,\"caption\":\"Kerat\u012bna taisno\u0161ana\"},{\"@type\":\"BreadcrumbList\",\"@id\":\"https:\/\/women.lv\/product\/keratina-taisnosana\/#breadcrumb\",\"itemListElement\":[{\"@type\":\"ListItem\",\"position\":1,\"name\":\"Home\",\"item\":\"https:\/\/women.lv\/\"},{\"@type\":\"ListItem\",\"position\":2,\"name\":\"Products\",\"item\":\"https:\/\/women.lv\/en\/shop\/\"},{\"@type\":\"ListItem\",\"position\":3,\"name\":\"Kerat\u012bna taisno\u0161ana\"}]},{\"@type\":\"WebSite\",\"@id\":\"https:\/\/women.lv\/#website\",\"url\":\"https:\/\/women.lv\/\",\"name\":\"Women Veikals\",\"description\":\"Uzdr\u012bksties b\u016bt skaista\",\"potentialAction\":[{\"@type\":\"SearchAction\",\"target\":{\"@type\":\"EntryPoint\",\"urlTemplate\":\"https:\/\/women.lv\/?s={search_term_string}\"},\"query-input\":{\"@type\":\"PropertyValueSpecification\",\"valueRequired\":true,\"valueName\":\"search_term_string\"}}],\"inLanguage\":\"en-GB\"}]}<\/script>\n<!-- \/ Yoast SEO plugin. -->","yoast_head_json":{"title":"Kerat\u012bna taisno\u0161ana","description":"Kerat\u012bna matu taisno\u0161ana pal\u012bdz ieg\u016bt skaistus, taisnus, gludus, mirdzo\u0161us un veselus matus. P\u0113c proced\u016bras tie b\u016bs sp\u012bd\u012bg\u0101ki, glud\u0101ki un nep\u016bkosies. Kerat\u012bns sniedz t\u016bl\u012bt\u0113ju efektu un rezult\u0101ts saglab\u0101jas 2-6 m\u0113ne\u0161us (katram individu\u0101li). Pakalpojumu ve","robots":{"index":"index","follow":"follow","max-snippet":"max-snippet:-1","max-image-preview":"max-image-preview:large","max-video-preview":"max-video-preview:-1"},"canonical":"https:\/\/women.lv\/en\/product\/keratina-taisnosana\/","og_locale":"en_GB","og_type":"article","og_title":"Kerat\u012bna taisno\u0161ana","og_description":"Kerat\u012bna matu taisno\u0161ana pal\u012bdz ieg\u016bt skaistus, taisnus, gludus, mirdzo\u0161us un veselus matus. P\u0113c proced\u016bras tie b\u016bs sp\u012bd\u012bg\u0101ki, glud\u0101ki un nep\u016bkosies. Kerat\u012bns sniedz t\u016bl\u012bt\u0113ju efektu un rezult\u0101ts saglab\u0101jas 2-6 m\u0113ne\u0161us (katram individu\u0101li). Pakalpojumu ve","og_url":"https:\/\/women.lv\/en\/product\/keratina-taisnosana\/","og_site_name":"Women Veikals","article_modified_time":"2025-11-06T00:00:37+00:00","og_image":[{"width":1087,"height":1600,"url":"https:\/\/women.lv\/wp-content\/uploads\/nc\/catalog\/Women-salons\/keratin-women.jpeg","type":"image\/jpeg"}],"twitter_card":"summary_large_image","twitter_misc":{"Estimated reading time":"2 minutes"},"schema":{"@context":"https:\/\/schema.org","@graph":[{"@type":"WebPage","@id":"https:\/\/women.lv\/product\/keratina-taisnosana\/","url":"https:\/\/women.lv\/product\/keratina-taisnosana\/","name":"Kerat\u012bna taisno\u0161ana","isPartOf":{"@id":"https:\/\/women.lv\/#website"},"primaryImageOfPage":{"@id":"https:\/\/women.lv\/product\/keratina-taisnosana\/#primaryimage"},"image":{"@id":"https:\/\/women.lv\/product\/keratina-taisnosana\/#primaryimage"},"thumbnailUrl":"https:\/\/women.lv\/wp-content\/uploads\/nc\/catalog\/Women-salons\/keratin-women.jpeg","datePublished":"2023-01-27T13:33:06+00:00","dateModified":"2025-11-06T00:00:37+00:00","description":"Kerat\u012bna matu taisno\u0161ana pal\u012bdz ieg\u016bt skaistus, taisnus, gludus, mirdzo\u0161us un veselus matus. P\u0113c proced\u016bras tie b\u016bs sp\u012bd\u012bg\u0101ki, glud\u0101ki un nep\u016bkosies. Kerat\u012bns sniedz t\u016bl\u012bt\u0113ju efektu un rezult\u0101ts saglab\u0101jas 2-6 m\u0113ne\u0161us (katram individu\u0101li). Pakalpojumu ve","breadcrumb":{"@id":"https:\/\/women.lv\/product\/keratina-taisnosana\/#breadcrumb"},"inLanguage":"en-GB","potentialAction":[{"@type":"ReadAction","target":["https:\/\/women.lv\/product\/keratina-taisnosana\/"]}]},{"@type":"ImageObject","inLanguage":"en-GB","@id":"https:\/\/women.lv\/product\/keratina-taisnosana\/#primaryimage","url":"https:\/\/women.lv\/wp-content\/uploads\/nc\/catalog\/Women-salons\/keratin-women.jpeg","contentUrl":"https:\/\/women.lv\/wp-content\/uploads\/nc\/catalog\/Women-salons\/keratin-women.jpeg","width":1087,"height":1600,"caption":"Kerat\u012bna taisno\u0161ana"},{"@type":"BreadcrumbList","@id":"https:\/\/women.lv\/product\/keratina-taisnosana\/#breadcrumb","itemListElement":[{"@type":"ListItem","position":1,"name":"Home","item":"https:\/\/women.lv\/"},{"@type":"ListItem","position":2,"name":"Products","item":"https:\/\/women.lv\/en\/shop\/"},{"@type":"ListItem","position":3,"name":"Kerat\u012bna taisno\u0161ana"}]},{"@type":"WebSite","@id":"https:\/\/women.lv\/#website","url":"https:\/\/women.lv\/","name":"Women Veikals","description":"Uzdr\u012bksties b\u016bt skaista","potentialAction":[{"@type":"SearchAction","target":{"@type":"EntryPoint","urlTemplate":"https:\/\/women.lv\/?s={search_term_string}"},"query-input":{"@type":"PropertyValueSpecification","valueRequired":true,"valueName":"search_term_string"}}],"inLanguage":"en-GB"}]}},"_links":{"self":[{"href":"https:\/\/women.lv\/en\/wp-json\/wp\/v2\/product\/28883","targetHints":{"allow":["GET"]}}],"collection":[{"href":"https:\/\/women.lv\/en\/wp-json\/wp\/v2\/product"}],"about":[{"href":"https:\/\/women.lv\/en\/wp-json\/wp\/v2\/types\/product"}],"replies":[{"embeddable":true,"href":"https:\/\/women.lv\/en\/wp-json\/wp\/v2\/comments?post=28883"}],"version-history":[{"count":3,"href":"https:\/\/women.lv\/en\/wp-json\/wp\/v2\/product\/28883\/revisions"}],"predecessor-version":[{"id":31812,"href":"https:\/\/women.lv\/en\/wp-json\/wp\/v2\/product\/28883\/revisions\/31812"}],"wp:featuredmedia":[{"embeddable":true,"href":"https:\/\/women.lv\/en\/wp-json\/wp\/v2\/media\/28884"}],"wp:attachment":[{"href":"https:\/\/women.lv\/en\/wp-json\/wp\/v2\/media?parent=28883"}],"wp:term":[{"taxonomy":"product_brand","embeddable":true,"href":"https:\/\/women.lv\/en\/wp-json\/wp\/v2\/product_brand?post=28883"},{"taxonomy":"product_cat","embeddable":true,"href":"https:\/\/women.lv\/en\/wp-json\/wp\/v2\/product_cat?post=28883"},{"taxonomy":"product_tag","embeddable":true,"href":"https:\/\/women.lv\/en\/wp-json\/wp\/v2\/product_tag?post=28883"}],"curies":[{"name":"wp","href":"https:\/\/api.w.org\/{rel}","templated":true}]}}