{"id":28881,"date":"2022-05-27T13:50:09","date_gmt":"2022-05-27T13:50:09","guid":{"rendered":"https:\/\/women.lv\/?product=matu-maska"},"modified":"2026-03-21T11:44:25","modified_gmt":"2026-03-21T09:44:25","slug":"matu-maska-india","status":"publish","type":"product","link":"https:\/\/women.lv\/en\/product\/matu-maska-india\/","title":{"rendered":"Hair mask"},"content":{"rendered":"<p><span style=\"font-family: Helvetica;\"><span style=\"font-size: 18px;\">Hemp oil hair mask was created for fast and effective restoration of damaged hair. The healing properties of the main ingredient guarantee intensive reconstruction and supply of nutrients in ideal proportions. The procedure prevents split ends and ensures the restoration of natural shine.<\/span><\/span><\/p>\n<ul>\n<li><span style=\"font-family: Helvetica;\"><span style=\"font-size: 18px;\"><i>Hemp oil:<\/i> intensively nourishes hair, makes it easier to comb and soothes irritated scalp;<\/span><\/span><\/li>\n<li><span style=\"font-family: Helvetica;\"><span style=\"font-size: 18px;\"><i>D-panthenol:<\/i> moisturizes hair fibers, guarantees hair shine and reduces split ends;<\/span><\/span><\/li>\n<li><span style=\"font-family: Helvetica;\"><span style=\"font-size: 18px;\"><i>Collagen:<\/i> maintains proper hydration, improves hair structure and volume, and positively affects natural hair styling.<\/span><\/span><\/li>\n<\/ul>","protected":false},"excerpt":{"rendered":"<p>The hemp oil hair mask was created for quick and effective restoration of damaged hair. The healing properties of the main ingredient guarantee intensive reconstruction and<\/p>","protected":false},"featured_media":28882,"comment_status":"open","ping_status":"closed","template":"","meta":[],"product_brand":[],"product_cat":[2204,2207,2215],"product_tag":[3528,3605,3606,3530,3608,3609,3607,3529,3610],"class_list":{"0":"post-28881","1":"product","2":"type-product","3":"status-publish","4":"has-post-thumbnail","6":"product_cat-matu-kopsanas-lidzekli","7":"product_cat-matu-maskas","8":"product_cat-visi-produkti","9":"product_tag-hair-mask","10":"product_tag-india","11":"product_tag-indija","12":"product_tag-matu-maska","13":"product_tag-poland","14":"product_tag-polija","15":"product_tag-3607","16":"product_tag-3529","17":"product_tag-3610","18":"pa_brand_nc-india","19":"pa_ean_nc-3631","20":"pa_ean_nc-poland","22":"first","23":"instock","24":"sale","25":"taxable","26":"shipping-taxable","27":"purchasable","28":"product-type-simple"},"yoast_head":"<!-- This site is optimized with the Yoast SEO plugin v27.5 - https:\/\/yoast.com\/product\/yoast-seo-wordpress\/ -->\n<title>Matu maska<\/title>\n<meta name=\"description\" content=\"Ka\u0146epju e\u013c\u013cas matu maska tika rad\u012bta \u0101trai un efekt\u012bvai boj\u0101tu matu atjauno\u0161anai. Galven\u0101s sast\u0101vda\u013cas \u0101rstniecisk\u0101s \u012bpa\u0161\u012bbas garant\u0113 intens\u012bvu rekonstrukciju un bar\u012bbas vielu pieg\u0101di ide\u0101l\u0101s proporcij\u0101s. Proced\u016bra nov\u0113r\u0161 matu galu \u0161\u0137el\u0161anos un nodro\u0161ina\" \/>\n<meta name=\"robots\" content=\"index, follow, max-snippet:-1, max-image-preview:large, max-video-preview:-1\" \/>\n<link rel=\"canonical\" href=\"https:\/\/women.lv\/en\/product\/matu-maska-india\/\" \/>\n<meta property=\"og:locale\" content=\"en_GB\" \/>\n<meta property=\"og:type\" content=\"article\" \/>\n<meta property=\"og:title\" content=\"Matu maska\" \/>\n<meta property=\"og:description\" content=\"Ka\u0146epju e\u013c\u013cas matu maska tika rad\u012bta \u0101trai un efekt\u012bvai boj\u0101tu matu atjauno\u0161anai. Galven\u0101s sast\u0101vda\u013cas \u0101rstniecisk\u0101s \u012bpa\u0161\u012bbas garant\u0113 intens\u012bvu rekonstrukciju un bar\u012bbas vielu pieg\u0101di ide\u0101l\u0101s proporcij\u0101s. Proced\u016bra nov\u0113r\u0161 matu galu \u0161\u0137el\u0161anos un nodro\u0161ina\" \/>\n<meta property=\"og:url\" content=\"https:\/\/women.lv\/en\/product\/matu-maska-india\/\" \/>\n<meta property=\"og:site_name\" content=\"Women Veikals\" \/>\n<meta property=\"article:modified_time\" content=\"2026-03-21T09:44:25+00:00\" \/>\n<meta property=\"og:image\" content=\"https:\/\/women.lv\/wp-content\/uploads\/nc\/catalog\/India\/hair-mask-200ml-india.png\" \/>\n\t<meta property=\"og:image:width\" content=\"1600\" \/>\n\t<meta property=\"og:image:height\" content=\"1600\" \/>\n\t<meta property=\"og:image:type\" content=\"image\/png\" \/>\n<meta name=\"twitter:card\" content=\"summary_large_image\" \/>\n<meta name=\"twitter:label1\" content=\"Estimated reading time\" \/>\n\t<meta name=\"twitter:data1\" content=\"1 minute\" \/>\n<script type=\"application\/ld+json\" class=\"yoast-schema-graph\">{\"@context\":\"https:\\\/\\\/schema.org\",\"@graph\":[{\"@type\":\"WebPage\",\"@id\":\"https:\\\/\\\/women.lv\\\/product\\\/matu-maska-india\\\/\",\"url\":\"https:\\\/\\\/women.lv\\\/product\\\/matu-maska-india\\\/\",\"name\":\"Matu maska\",\"isPartOf\":{\"@id\":\"https:\\\/\\\/women.lv\\\/#website\"},\"primaryImageOfPage\":{\"@id\":\"https:\\\/\\\/women.lv\\\/product\\\/matu-maska-india\\\/#primaryimage\"},\"image\":{\"@id\":\"https:\\\/\\\/women.lv\\\/product\\\/matu-maska-india\\\/#primaryimage\"},\"thumbnailUrl\":\"https:\\\/\\\/women.lv\\\/wp-content\\\/uploads\\\/nc\\\/catalog\\\/India\\\/hair-mask-200ml-india.png\",\"datePublished\":\"2022-05-27T13:50:09+00:00\",\"dateModified\":\"2026-03-21T09:44:25+00:00\",\"description\":\"Ka\u0146epju e\u013c\u013cas matu maska tika rad\u012bta \u0101trai un efekt\u012bvai boj\u0101tu matu atjauno\u0161anai. Galven\u0101s sast\u0101vda\u013cas \u0101rstniecisk\u0101s \u012bpa\u0161\u012bbas garant\u0113 intens\u012bvu rekonstrukciju un bar\u012bbas vielu pieg\u0101di ide\u0101l\u0101s proporcij\u0101s. Proced\u016bra nov\u0113r\u0161 matu galu \u0161\u0137el\u0161anos un nodro\u0161ina\",\"breadcrumb\":{\"@id\":\"https:\\\/\\\/women.lv\\\/product\\\/matu-maska-india\\\/#breadcrumb\"},\"inLanguage\":\"en-GB\",\"potentialAction\":[{\"@type\":\"ReadAction\",\"target\":[\"https:\\\/\\\/women.lv\\\/product\\\/matu-maska-india\\\/\"]}]},{\"@type\":\"ImageObject\",\"inLanguage\":\"en-GB\",\"@id\":\"https:\\\/\\\/women.lv\\\/product\\\/matu-maska-india\\\/#primaryimage\",\"url\":\"https:\\\/\\\/women.lv\\\/wp-content\\\/uploads\\\/nc\\\/catalog\\\/India\\\/hair-mask-200ml-india.png\",\"contentUrl\":\"https:\\\/\\\/women.lv\\\/wp-content\\\/uploads\\\/nc\\\/catalog\\\/India\\\/hair-mask-200ml-india.png\",\"width\":1600,\"height\":1600,\"caption\":\"Matu maska\"},{\"@type\":\"BreadcrumbList\",\"@id\":\"https:\\\/\\\/women.lv\\\/product\\\/matu-maska-india\\\/#breadcrumb\",\"itemListElement\":[{\"@type\":\"ListItem\",\"position\":1,\"name\":\"Home\",\"item\":\"https:\\\/\\\/women.lv\\\/\"},{\"@type\":\"ListItem\",\"position\":2,\"name\":\"Products\",\"item\":\"https:\\\/\\\/women.lv\\\/en\\\/shop\\\/\"},{\"@type\":\"ListItem\",\"position\":3,\"name\":\"Matu maska\"}]},{\"@type\":\"WebSite\",\"@id\":\"https:\\\/\\\/women.lv\\\/#website\",\"url\":\"https:\\\/\\\/women.lv\\\/\",\"name\":\"Women Veikals\",\"description\":\"Uzdr\u012bksties b\u016bt skaista\",\"potentialAction\":[{\"@type\":\"SearchAction\",\"target\":{\"@type\":\"EntryPoint\",\"urlTemplate\":\"https:\\\/\\\/women.lv\\\/?s={search_term_string}\"},\"query-input\":{\"@type\":\"PropertyValueSpecification\",\"valueRequired\":true,\"valueName\":\"search_term_string\"}}],\"inLanguage\":\"en-GB\"}]}<\/script>\n<!-- \/ Yoast SEO plugin. -->","yoast_head_json":{"title":"Hair mask","description":"Ka\u0146epju e\u013c\u013cas matu maska tika rad\u012bta \u0101trai un efekt\u012bvai boj\u0101tu matu atjauno\u0161anai. Galven\u0101s sast\u0101vda\u013cas \u0101rstniecisk\u0101s \u012bpa\u0161\u012bbas garant\u0113 intens\u012bvu rekonstrukciju un bar\u012bbas vielu pieg\u0101di ide\u0101l\u0101s proporcij\u0101s. Proced\u016bra nov\u0113r\u0161 matu galu \u0161\u0137el\u0161anos un nodro\u0161ina","robots":{"index":"index","follow":"follow","max-snippet":"max-snippet:-1","max-image-preview":"max-image-preview:large","max-video-preview":"max-video-preview:-1"},"canonical":"https:\/\/women.lv\/en\/product\/matu-maska-india\/","og_locale":"en_GB","og_type":"article","og_title":"Matu maska","og_description":"Ka\u0146epju e\u013c\u013cas matu maska tika rad\u012bta \u0101trai un efekt\u012bvai boj\u0101tu matu atjauno\u0161anai. Galven\u0101s sast\u0101vda\u013cas \u0101rstniecisk\u0101s \u012bpa\u0161\u012bbas garant\u0113 intens\u012bvu rekonstrukciju un bar\u012bbas vielu pieg\u0101di ide\u0101l\u0101s proporcij\u0101s. Proced\u016bra nov\u0113r\u0161 matu galu \u0161\u0137el\u0161anos un nodro\u0161ina","og_url":"https:\/\/women.lv\/en\/product\/matu-maska-india\/","og_site_name":"Women Veikals","article_modified_time":"2026-03-21T09:44:25+00:00","og_image":[{"width":1600,"height":1600,"url":"https:\/\/women.lv\/wp-content\/uploads\/nc\/catalog\/India\/hair-mask-200ml-india.png","type":"image\/png"}],"twitter_card":"summary_large_image","twitter_misc":{"Estimated reading time":"1 minute"},"schema":{"@context":"https:\/\/schema.org","@graph":[{"@type":"WebPage","@id":"https:\/\/women.lv\/product\/matu-maska-india\/","url":"https:\/\/women.lv\/product\/matu-maska-india\/","name":"Hair mask","isPartOf":{"@id":"https:\/\/women.lv\/#website"},"primaryImageOfPage":{"@id":"https:\/\/women.lv\/product\/matu-maska-india\/#primaryimage"},"image":{"@id":"https:\/\/women.lv\/product\/matu-maska-india\/#primaryimage"},"thumbnailUrl":"https:\/\/women.lv\/wp-content\/uploads\/nc\/catalog\/India\/hair-mask-200ml-india.png","datePublished":"2022-05-27T13:50:09+00:00","dateModified":"2026-03-21T09:44:25+00:00","description":"Ka\u0146epju e\u013c\u013cas matu maska tika rad\u012bta \u0101trai un efekt\u012bvai boj\u0101tu matu atjauno\u0161anai. Galven\u0101s sast\u0101vda\u013cas \u0101rstniecisk\u0101s \u012bpa\u0161\u012bbas garant\u0113 intens\u012bvu rekonstrukciju un bar\u012bbas vielu pieg\u0101di ide\u0101l\u0101s proporcij\u0101s. Proced\u016bra nov\u0113r\u0161 matu galu \u0161\u0137el\u0161anos un nodro\u0161ina","breadcrumb":{"@id":"https:\/\/women.lv\/product\/matu-maska-india\/#breadcrumb"},"inLanguage":"en-GB","potentialAction":[{"@type":"ReadAction","target":["https:\/\/women.lv\/product\/matu-maska-india\/"]}]},{"@type":"ImageObject","inLanguage":"en-GB","@id":"https:\/\/women.lv\/product\/matu-maska-india\/#primaryimage","url":"https:\/\/women.lv\/wp-content\/uploads\/nc\/catalog\/India\/hair-mask-200ml-india.png","contentUrl":"https:\/\/women.lv\/wp-content\/uploads\/nc\/catalog\/India\/hair-mask-200ml-india.png","width":1600,"height":1600,"caption":"Matu maska"},{"@type":"BreadcrumbList","@id":"https:\/\/women.lv\/product\/matu-maska-india\/#breadcrumb","itemListElement":[{"@type":"ListItem","position":1,"name":"Home","item":"https:\/\/women.lv\/"},{"@type":"ListItem","position":2,"name":"Products","item":"https:\/\/women.lv\/en\/shop\/"},{"@type":"ListItem","position":3,"name":"Matu maska"}]},{"@type":"WebSite","@id":"https:\/\/women.lv\/#website","url":"https:\/\/women.lv\/","name":"Women Shop","description":"Uzdr\u012bksties b\u016bt skaista","potentialAction":[{"@type":"SearchAction","target":{"@type":"EntryPoint","urlTemplate":"https:\/\/women.lv\/?s={search_term_string}"},"query-input":{"@type":"PropertyValueSpecification","valueRequired":true,"valueName":"search_term_string"}}],"inLanguage":"en-GB"}]}},"_links":{"self":[{"href":"https:\/\/women.lv\/en\/wp-json\/wp\/v2\/product\/28881","targetHints":{"allow":["GET"]}}],"collection":[{"href":"https:\/\/women.lv\/en\/wp-json\/wp\/v2\/product"}],"about":[{"href":"https:\/\/women.lv\/en\/wp-json\/wp\/v2\/types\/product"}],"replies":[{"embeddable":true,"href":"https:\/\/women.lv\/en\/wp-json\/wp\/v2\/comments?post=28881"}],"version-history":[{"count":0,"href":"https:\/\/women.lv\/en\/wp-json\/wp\/v2\/product\/28881\/revisions"}],"wp:featuredmedia":[{"embeddable":true,"href":"https:\/\/women.lv\/en\/wp-json\/wp\/v2\/media\/28882"}],"wp:attachment":[{"href":"https:\/\/women.lv\/en\/wp-json\/wp\/v2\/media?parent=28881"}],"wp:term":[{"taxonomy":"product_brand","embeddable":true,"href":"https:\/\/women.lv\/en\/wp-json\/wp\/v2\/product_brand?post=28881"},{"taxonomy":"product_cat","embeddable":true,"href":"https:\/\/women.lv\/en\/wp-json\/wp\/v2\/product_cat?post=28881"},{"taxonomy":"product_tag","embeddable":true,"href":"https:\/\/women.lv\/en\/wp-json\/wp\/v2\/product_tag?post=28881"}],"curies":[{"name":"wp","href":"https:\/\/api.w.org\/{rel}","templated":true}]}}