{"id":28877,"date":"2022-05-27T12:55:49","date_gmt":"2022-05-27T12:55:49","guid":{"rendered":"https:\/\/women.lv\/?product=dusas-gels"},"modified":"2025-11-05T13:26:26","modified_gmt":"2025-11-05T13:26:26","slug":"dusas-gels","status":"publish","type":"product","link":"https:\/\/women.lv\/en\/product\/dusas-gels\/","title":{"rendered":"Shower gel"},"content":{"rendered":"<p><span style=\"font-family: Helvetica;\"><span style=\"font-size: 18px;\">INDIA ka\u0146epju e\u013c\u013cas du\u0161as kr\u0113ms r\u016bp\u012bgi att\u012br\u012bs un pabaros j\u016bsu \u0101du.<\/span><\/span><\/p>\n<p><span style=\"font-family: Helvetica;\"><span style=\"font-size: 18px;\">INDIA du\u0161as kr\u0113ms sava organisk\u0101 sast\u0101va d\u0113\u013c maigi att\u012bra \u0101du, nepadarot to sausu. 90% t\u0101 sast\u0101vda\u013cu ir dabiskas izcelsmes. Pateicoties t\u0101 nomierino\u0161aj\u0101m \u012bpa\u0161\u012bb\u0101m, kr\u0113mu var lietot cilv\u0113ki ar \u0101das probl\u0113m\u0101m. Atsvaidzino\u0161a smar\u017ea nodro\u0161ina ilgsto\u0161u svaiguma saj\u016btu. \u0160is univers\u0101lais arom\u0101ts padara produktu piem\u0113rotu gan sieviet\u0113m, gan v\u012brie\u0161iem.<\/span><\/span><\/p>\n<ul>\n<li><span style=\"font-family: Helvetica;\"><span style=\"font-size: 18px;\"><i>Hemp oil:<\/i> efekt\u012bvi mitrina un baro \u0101du, nomierina kairin\u0101jumus un pa\u0101trina \u0101das atjauno\u0161anos;<\/span><\/span><\/li>\n<li><span style=\"font-family: Helvetica;\"><span style=\"font-size: 18px;\"><i>E vitam\u012bns:<\/i> piem\u012bt antioksidanta \u012bpa\u0161\u012bbas, aizsarg\u0101 \u0101du no br\u012bvajiem radik\u0101\u013ciem. Turkl\u0101t tas pa\u0101trina br\u016b\u010du dz\u012b\u0161anu un nov\u0113r\u0161 \u0101das dehidrat\u0101ciju.<\/span><\/span><\/li>\n<\/ul>","protected":false},"excerpt":{"rendered":"<p>INDIA hemp oil shower cream will thoroughly cleanse and nourish your skin. INDIA shower cream gently cleanses due to its organic composition<\/p>","protected":false},"featured_media":28878,"comment_status":"open","ping_status":"closed","template":"","meta":[],"product_brand":[],"product_cat":[2208,2209,2215],"product_tag":[3624,3605,3606,3608,3609,3626,3625,3607,3610],"class_list":{"0":"post-28877","1":"product","2":"type-product","3":"status-publish","4":"has-post-thumbnail","6":"product_cat-kermena-kopsanas-lidzekii","7":"product_cat-mazgasana-un-attirisana","8":"product_cat-visi-produkti","9":"product_tag-dusas-gels","10":"product_tag-india","11":"product_tag-indija","12":"product_tag-poland","13":"product_tag-polija","14":"product_tag-shower-cream","15":"product_tag-3625","16":"product_tag-3607","17":"product_tag-3610","18":"pa_brand_nc-india","19":"pa_ean_nc-3623","20":"pa_ean_nc-poland","22":"first","23":"instock","24":"sale","25":"taxable","26":"shipping-taxable","27":"purchasable","28":"product-type-simple"},"yoast_head":"<!-- This site is optimized with the Yoast SEO plugin v27.4 - https:\/\/yoast.com\/product\/yoast-seo-wordpress\/ -->\n<title>Du\u0161as g\u0113ls<\/title>\n<meta name=\"description\" content=\"Atsvaidzino\u0161a smar\u017ea nodro\u0161ina ilgsto\u0161u svaiguma saj\u016btu. \u0160is univers\u0101lais arom\u0101ts padara produktu piem\u0113rotu gan sieviet\u0113m, gan v\u012brie\u0161iem.\" \/>\n<meta name=\"robots\" content=\"index, follow, max-snippet:-1, max-image-preview:large, max-video-preview:-1\" \/>\n<link rel=\"canonical\" href=\"https:\/\/women.lv\/en\/product\/dusas-gels\/\" \/>\n<meta property=\"og:locale\" content=\"en_GB\" \/>\n<meta property=\"og:type\" content=\"article\" \/>\n<meta property=\"og:title\" content=\"Du\u0161as g\u0113ls\" \/>\n<meta property=\"og:description\" content=\"Atsvaidzino\u0161a smar\u017ea nodro\u0161ina ilgsto\u0161u svaiguma saj\u016btu. \u0160is univers\u0101lais arom\u0101ts padara produktu piem\u0113rotu gan sieviet\u0113m, gan v\u012brie\u0161iem.\" \/>\n<meta property=\"og:url\" content=\"https:\/\/women.lv\/en\/product\/dusas-gels\/\" \/>\n<meta property=\"og:site_name\" content=\"Women Veikals\" \/>\n<meta property=\"article:modified_time\" content=\"2025-11-05T13:26:26+00:00\" \/>\n<meta property=\"og:image\" content=\"https:\/\/women.lv\/wp-content\/uploads\/nc\/catalog\/India\/shower-cream-200-ml-india.jpg\" \/>\n\t<meta property=\"og:image:width\" content=\"1000\" \/>\n\t<meta property=\"og:image:height\" content=\"1000\" \/>\n\t<meta property=\"og:image:type\" content=\"image\/jpeg\" \/>\n<meta name=\"twitter:card\" content=\"summary_large_image\" \/>\n<meta name=\"twitter:label1\" content=\"Estimated reading time\" \/>\n\t<meta name=\"twitter:data1\" content=\"1 minute\" \/>\n<script type=\"application\/ld+json\" class=\"yoast-schema-graph\">{\"@context\":\"https:\\\/\\\/schema.org\",\"@graph\":[{\"@type\":\"WebPage\",\"@id\":\"https:\\\/\\\/women.lv\\\/product\\\/dusas-gels\\\/\",\"url\":\"https:\\\/\\\/women.lv\\\/product\\\/dusas-gels\\\/\",\"name\":\"Du\u0161as g\u0113ls\",\"isPartOf\":{\"@id\":\"https:\\\/\\\/women.lv\\\/#website\"},\"primaryImageOfPage\":{\"@id\":\"https:\\\/\\\/women.lv\\\/product\\\/dusas-gels\\\/#primaryimage\"},\"image\":{\"@id\":\"https:\\\/\\\/women.lv\\\/product\\\/dusas-gels\\\/#primaryimage\"},\"thumbnailUrl\":\"https:\\\/\\\/women.lv\\\/wp-content\\\/uploads\\\/nc\\\/catalog\\\/India\\\/shower-cream-200-ml-india.jpg\",\"datePublished\":\"2022-05-27T12:55:49+00:00\",\"dateModified\":\"2025-11-05T13:26:26+00:00\",\"description\":\"Atsvaidzino\u0161a smar\u017ea nodro\u0161ina ilgsto\u0161u svaiguma saj\u016btu. \u0160is univers\u0101lais arom\u0101ts padara produktu piem\u0113rotu gan sieviet\u0113m, gan v\u012brie\u0161iem.\",\"breadcrumb\":{\"@id\":\"https:\\\/\\\/women.lv\\\/product\\\/dusas-gels\\\/#breadcrumb\"},\"inLanguage\":\"en-GB\",\"potentialAction\":[{\"@type\":\"ReadAction\",\"target\":[\"https:\\\/\\\/women.lv\\\/product\\\/dusas-gels\\\/\"]}]},{\"@type\":\"ImageObject\",\"inLanguage\":\"en-GB\",\"@id\":\"https:\\\/\\\/women.lv\\\/product\\\/dusas-gels\\\/#primaryimage\",\"url\":\"https:\\\/\\\/women.lv\\\/wp-content\\\/uploads\\\/nc\\\/catalog\\\/India\\\/shower-cream-200-ml-india.jpg\",\"contentUrl\":\"https:\\\/\\\/women.lv\\\/wp-content\\\/uploads\\\/nc\\\/catalog\\\/India\\\/shower-cream-200-ml-india.jpg\",\"width\":1000,\"height\":1000,\"caption\":\"Du\u0161as g\u0113ls\"},{\"@type\":\"BreadcrumbList\",\"@id\":\"https:\\\/\\\/women.lv\\\/product\\\/dusas-gels\\\/#breadcrumb\",\"itemListElement\":[{\"@type\":\"ListItem\",\"position\":1,\"name\":\"Home\",\"item\":\"https:\\\/\\\/women.lv\\\/\"},{\"@type\":\"ListItem\",\"position\":2,\"name\":\"Products\",\"item\":\"https:\\\/\\\/women.lv\\\/en\\\/shop\\\/\"},{\"@type\":\"ListItem\",\"position\":3,\"name\":\"Du\u0161as g\u0113ls\"}]},{\"@type\":\"WebSite\",\"@id\":\"https:\\\/\\\/women.lv\\\/#website\",\"url\":\"https:\\\/\\\/women.lv\\\/\",\"name\":\"Women Veikals\",\"description\":\"Uzdr\u012bksties b\u016bt skaista\",\"potentialAction\":[{\"@type\":\"SearchAction\",\"target\":{\"@type\":\"EntryPoint\",\"urlTemplate\":\"https:\\\/\\\/women.lv\\\/?s={search_term_string}\"},\"query-input\":{\"@type\":\"PropertyValueSpecification\",\"valueRequired\":true,\"valueName\":\"search_term_string\"}}],\"inLanguage\":\"en-GB\"}]}<\/script>\n<!-- \/ Yoast SEO plugin. -->","yoast_head_json":{"title":"Shower gel","description":"Atsvaidzino\u0161a smar\u017ea nodro\u0161ina ilgsto\u0161u svaiguma saj\u016btu. \u0160is univers\u0101lais arom\u0101ts padara produktu piem\u0113rotu gan sieviet\u0113m, gan v\u012brie\u0161iem.","robots":{"index":"index","follow":"follow","max-snippet":"max-snippet:-1","max-image-preview":"max-image-preview:large","max-video-preview":"max-video-preview:-1"},"canonical":"https:\/\/women.lv\/en\/product\/dusas-gels\/","og_locale":"en_GB","og_type":"article","og_title":"Du\u0161as g\u0113ls","og_description":"Atsvaidzino\u0161a smar\u017ea nodro\u0161ina ilgsto\u0161u svaiguma saj\u016btu. \u0160is univers\u0101lais arom\u0101ts padara produktu piem\u0113rotu gan sieviet\u0113m, gan v\u012brie\u0161iem.","og_url":"https:\/\/women.lv\/en\/product\/dusas-gels\/","og_site_name":"Women Veikals","article_modified_time":"2025-11-05T13:26:26+00:00","og_image":[{"width":1000,"height":1000,"url":"https:\/\/women.lv\/wp-content\/uploads\/nc\/catalog\/India\/shower-cream-200-ml-india.jpg","type":"image\/jpeg"}],"twitter_card":"summary_large_image","twitter_misc":{"Estimated reading time":"1 minute"},"schema":{"@context":"https:\/\/schema.org","@graph":[{"@type":"WebPage","@id":"https:\/\/women.lv\/product\/dusas-gels\/","url":"https:\/\/women.lv\/product\/dusas-gels\/","name":"Shower gel","isPartOf":{"@id":"https:\/\/women.lv\/#website"},"primaryImageOfPage":{"@id":"https:\/\/women.lv\/product\/dusas-gels\/#primaryimage"},"image":{"@id":"https:\/\/women.lv\/product\/dusas-gels\/#primaryimage"},"thumbnailUrl":"https:\/\/women.lv\/wp-content\/uploads\/nc\/catalog\/India\/shower-cream-200-ml-india.jpg","datePublished":"2022-05-27T12:55:49+00:00","dateModified":"2025-11-05T13:26:26+00:00","description":"Atsvaidzino\u0161a smar\u017ea nodro\u0161ina ilgsto\u0161u svaiguma saj\u016btu. \u0160is univers\u0101lais arom\u0101ts padara produktu piem\u0113rotu gan sieviet\u0113m, gan v\u012brie\u0161iem.","breadcrumb":{"@id":"https:\/\/women.lv\/product\/dusas-gels\/#breadcrumb"},"inLanguage":"en-GB","potentialAction":[{"@type":"ReadAction","target":["https:\/\/women.lv\/product\/dusas-gels\/"]}]},{"@type":"ImageObject","inLanguage":"en-GB","@id":"https:\/\/women.lv\/product\/dusas-gels\/#primaryimage","url":"https:\/\/women.lv\/wp-content\/uploads\/nc\/catalog\/India\/shower-cream-200-ml-india.jpg","contentUrl":"https:\/\/women.lv\/wp-content\/uploads\/nc\/catalog\/India\/shower-cream-200-ml-india.jpg","width":1000,"height":1000,"caption":"Du\u0161as g\u0113ls"},{"@type":"BreadcrumbList","@id":"https:\/\/women.lv\/product\/dusas-gels\/#breadcrumb","itemListElement":[{"@type":"ListItem","position":1,"name":"Home","item":"https:\/\/women.lv\/"},{"@type":"ListItem","position":2,"name":"Products","item":"https:\/\/women.lv\/en\/shop\/"},{"@type":"ListItem","position":3,"name":"Du\u0161as g\u0113ls"}]},{"@type":"WebSite","@id":"https:\/\/women.lv\/#website","url":"https:\/\/women.lv\/","name":"Women Shop","description":"Uzdr\u012bksties b\u016bt skaista","potentialAction":[{"@type":"SearchAction","target":{"@type":"EntryPoint","urlTemplate":"https:\/\/women.lv\/?s={search_term_string}"},"query-input":{"@type":"PropertyValueSpecification","valueRequired":true,"valueName":"search_term_string"}}],"inLanguage":"en-GB"}]}},"_links":{"self":[{"href":"https:\/\/women.lv\/en\/wp-json\/wp\/v2\/product\/28877","targetHints":{"allow":["GET"]}}],"collection":[{"href":"https:\/\/women.lv\/en\/wp-json\/wp\/v2\/product"}],"about":[{"href":"https:\/\/women.lv\/en\/wp-json\/wp\/v2\/types\/product"}],"replies":[{"embeddable":true,"href":"https:\/\/women.lv\/en\/wp-json\/wp\/v2\/comments?post=28877"}],"version-history":[{"count":0,"href":"https:\/\/women.lv\/en\/wp-json\/wp\/v2\/product\/28877\/revisions"}],"wp:featuredmedia":[{"embeddable":true,"href":"https:\/\/women.lv\/en\/wp-json\/wp\/v2\/media\/28878"}],"wp:attachment":[{"href":"https:\/\/women.lv\/en\/wp-json\/wp\/v2\/media?parent=28877"}],"wp:term":[{"taxonomy":"product_brand","embeddable":true,"href":"https:\/\/women.lv\/en\/wp-json\/wp\/v2\/product_brand?post=28877"},{"taxonomy":"product_cat","embeddable":true,"href":"https:\/\/women.lv\/en\/wp-json\/wp\/v2\/product_cat?post=28877"},{"taxonomy":"product_tag","embeddable":true,"href":"https:\/\/women.lv\/en\/wp-json\/wp\/v2\/product_tag?post=28877"}],"curies":[{"name":"wp","href":"https:\/\/api.w.org\/{rel}","templated":true}]}}