{"id":28871,"date":"2022-05-24T21:31:50","date_gmt":"2022-05-24T21:31:50","guid":{"rendered":"https:\/\/women.lv\/?product=aknes-mazinosi-pilieni"},"modified":"2026-03-21T11:35:30","modified_gmt":"2026-03-21T09:35:30","slug":"aknes-mazinosi-pilieni","status":"publish","type":"product","link":"https:\/\/women.lv\/en\/product\/aknes-mazinosi-pilieni\/","title":{"rendered":"Acne reducing drops"},"content":{"rendered":"<p><span style=\"font-family: Helvetica;\"><span style=\"font-size: 18px;\">Indian acne drops are effective in fighting acne.<\/span><\/span><\/p>\n<p><span style=\"font-family: Helvetica;\"><span style=\"font-size: 18px;\">They have antiseptic and antibacterial properties - the natural ingredients in the formula guarantee a gentle but effective action and a long-lasting effect. Drops accelerate the healing of spots and small wounds and prevent further skin changes.<\/span><\/span><\/p>\n<p><span style=\"font-family: Helvetica;\"><span style=\"font-size: 18px;\"><b>Active ingredients:<\/b><\/span><\/span><\/p>\n<ul>\n<li><span style=\"font-family: Helvetica;\"><span style=\"font-size: 18px;\"><i>Tea tree oil:<\/i> has disinfecting and antibacterial properties. Acts as a bactericidal agent against anaerobic bacteria that cause acne;<\/span><\/span><\/li>\n<li><span style=\"font-family: Helvetica;\"><span style=\"font-size: 18px;\"><i>Hemp oil:<\/i> provides adequate hydration, restores the skin and makes it more elastic. Useful for skin diseases such as psoriasis, eczema and seborrhea. It has the ability to regulate sebum secretion, thus preventing acne from multiplying;<\/span><\/span><\/li>\n<li><span style=\"font-family: Helvetica;\"><span style=\"font-size: 18px;\"><i>Lavender extract:<\/i> promotes wound healing after acne.<\/span><\/span><\/li>\n<\/ul>","protected":false},"excerpt":{"rendered":"<p>Indian acne drops are effective in fighting acne. They have antiseptic and antibacterial properties - the natural ingredients in the formula<\/p>","protected":false},"featured_media":28872,"comment_status":"open","ping_status":"closed","template":"","meta":[],"product_brand":[],"product_cat":[2200,2214,2215,2231],"product_tag":[3614,3612,3605,3606,3608,3609,3607,3613,3610],"class_list":{"0":"post-28871","1":"product","2":"type-product","3":"status-publish","4":"has-post-thumbnail","6":"product_cat-sejas-kopsanas-lidzekli","7":"product_cat-citi-sejas-kopsanas-lidzekli","8":"product_cat-visi-produkti","9":"product_cat-lv-on-sale","10":"product_tag-acne-mitigating-drops","11":"product_tag-aknes-mazinosi-pilieni","12":"product_tag-india","13":"product_tag-indija","14":"product_tag-poland","15":"product_tag-polija","16":"product_tag-3607","17":"product_tag-3613","18":"product_tag-3610","19":"pa_brand_nc-india","20":"pa_ean_nc-3611","21":"pa_ean_nc-poland","23":"first","24":"outofstock","25":"sale","26":"taxable","27":"shipping-taxable","28":"purchasable","29":"product-type-simple"},"yoast_head":"<!-- This site is optimized with the Yoast SEO plugin v23.9 - https:\/\/yoast.com\/wordpress\/plugins\/seo\/ -->\n<title>Aknes mazino\u0161i pilieni<\/title>\n<meta name=\"description\" content=\"Tiem piem\u012bt antiseptiskas un antibakteri\u0101las \u012bpa\u0161\u012bbas - formulas sast\u0101v\u0101 eso\u0161\u0101s dab\u012bg\u0101s sast\u0101vda\u013cas garant\u0113 maigu, bet efekt\u012bvu darb\u012bbu un ilgsto\u0161u iedarb\u012bbu. Pilieni pa\u0101trina plankumu un mazu br\u016b\u010du dz\u012b\u0161anu un nov\u0113r\u0161 turpm\u0101kas \u0101das izmai\u0146as.\" \/>\n<meta name=\"robots\" content=\"index, follow, max-snippet:-1, max-image-preview:large, max-video-preview:-1\" \/>\n<link rel=\"canonical\" href=\"https:\/\/women.lv\/en\/product\/aknes-mazinosi-pilieni\/\" \/>\n<meta property=\"og:locale\" content=\"en_GB\" \/>\n<meta property=\"og:type\" content=\"article\" \/>\n<meta property=\"og:title\" content=\"Aknes mazino\u0161i pilieni\" \/>\n<meta property=\"og:description\" content=\"Tiem piem\u012bt antiseptiskas un antibakteri\u0101las \u012bpa\u0161\u012bbas - formulas sast\u0101v\u0101 eso\u0161\u0101s dab\u012bg\u0101s sast\u0101vda\u013cas garant\u0113 maigu, bet efekt\u012bvu darb\u012bbu un ilgsto\u0161u iedarb\u012bbu. Pilieni pa\u0101trina plankumu un mazu br\u016b\u010du dz\u012b\u0161anu un nov\u0113r\u0161 turpm\u0101kas \u0101das izmai\u0146as.\" \/>\n<meta property=\"og:url\" content=\"https:\/\/women.lv\/en\/product\/aknes-mazinosi-pilieni\/\" \/>\n<meta property=\"og:site_name\" content=\"Women Veikals\" \/>\n<meta property=\"article:modified_time\" content=\"2026-03-21T09:35:30+00:00\" \/>\n<meta property=\"og:image\" content=\"https:\/\/women.lv\/wp-content\/uploads\/nc\/catalog\/India\/acne-mitigating-drops-30ml-india.jpg\" \/>\n\t<meta property=\"og:image:width\" content=\"1000\" \/>\n\t<meta property=\"og:image:height\" content=\"1000\" \/>\n\t<meta property=\"og:image:type\" content=\"image\/jpeg\" \/>\n<meta name=\"twitter:card\" content=\"summary_large_image\" \/>\n<meta name=\"twitter:label1\" content=\"Estimated reading time\" \/>\n\t<meta name=\"twitter:data1\" content=\"1 minute\" \/>\n<script type=\"application\/ld+json\" class=\"yoast-schema-graph\">{\"@context\":\"https:\/\/schema.org\",\"@graph\":[{\"@type\":\"WebPage\",\"@id\":\"https:\/\/women.lv\/product\/aknes-mazinosi-pilieni\/\",\"url\":\"https:\/\/women.lv\/product\/aknes-mazinosi-pilieni\/\",\"name\":\"Aknes mazino\u0161i pilieni\",\"isPartOf\":{\"@id\":\"https:\/\/women.lv\/#website\"},\"primaryImageOfPage\":{\"@id\":\"https:\/\/women.lv\/product\/aknes-mazinosi-pilieni\/#primaryimage\"},\"image\":{\"@id\":\"https:\/\/women.lv\/product\/aknes-mazinosi-pilieni\/#primaryimage\"},\"thumbnailUrl\":\"https:\/\/women.lv\/wp-content\/uploads\/nc\/catalog\/India\/acne-mitigating-drops-30ml-india.jpg\",\"datePublished\":\"2022-05-24T21:31:50+00:00\",\"dateModified\":\"2026-03-21T09:35:30+00:00\",\"description\":\"Tiem piem\u012bt antiseptiskas un antibakteri\u0101las \u012bpa\u0161\u012bbas - formulas sast\u0101v\u0101 eso\u0161\u0101s dab\u012bg\u0101s sast\u0101vda\u013cas garant\u0113 maigu, bet efekt\u012bvu darb\u012bbu un ilgsto\u0161u iedarb\u012bbu. Pilieni pa\u0101trina plankumu un mazu br\u016b\u010du dz\u012b\u0161anu un nov\u0113r\u0161 turpm\u0101kas \u0101das izmai\u0146as.\",\"breadcrumb\":{\"@id\":\"https:\/\/women.lv\/product\/aknes-mazinosi-pilieni\/#breadcrumb\"},\"inLanguage\":\"en-GB\",\"potentialAction\":[{\"@type\":\"ReadAction\",\"target\":[\"https:\/\/women.lv\/product\/aknes-mazinosi-pilieni\/\"]}]},{\"@type\":\"ImageObject\",\"inLanguage\":\"en-GB\",\"@id\":\"https:\/\/women.lv\/product\/aknes-mazinosi-pilieni\/#primaryimage\",\"url\":\"https:\/\/women.lv\/wp-content\/uploads\/nc\/catalog\/India\/acne-mitigating-drops-30ml-india.jpg\",\"contentUrl\":\"https:\/\/women.lv\/wp-content\/uploads\/nc\/catalog\/India\/acne-mitigating-drops-30ml-india.jpg\",\"width\":1000,\"height\":1000,\"caption\":\"Aknes mazino\u0161i pilieni\"},{\"@type\":\"BreadcrumbList\",\"@id\":\"https:\/\/women.lv\/product\/aknes-mazinosi-pilieni\/#breadcrumb\",\"itemListElement\":[{\"@type\":\"ListItem\",\"position\":1,\"name\":\"Home\",\"item\":\"https:\/\/women.lv\/\"},{\"@type\":\"ListItem\",\"position\":2,\"name\":\"Products\",\"item\":\"https:\/\/women.lv\/en\/shop\/\"},{\"@type\":\"ListItem\",\"position\":3,\"name\":\"Aknes mazino\u0161i pilieni\"}]},{\"@type\":\"WebSite\",\"@id\":\"https:\/\/women.lv\/#website\",\"url\":\"https:\/\/women.lv\/\",\"name\":\"Women Veikals\",\"description\":\"Uzdr\u012bksties b\u016bt skaista\",\"potentialAction\":[{\"@type\":\"SearchAction\",\"target\":{\"@type\":\"EntryPoint\",\"urlTemplate\":\"https:\/\/women.lv\/?s={search_term_string}\"},\"query-input\":{\"@type\":\"PropertyValueSpecification\",\"valueRequired\":true,\"valueName\":\"search_term_string\"}}],\"inLanguage\":\"en-GB\"}]}<\/script>\n<!-- \/ Yoast SEO plugin. -->","yoast_head_json":{"title":"Aknes mazino\u0161i pilieni","description":"Tiem piem\u012bt antiseptiskas un antibakteri\u0101las \u012bpa\u0161\u012bbas - formulas sast\u0101v\u0101 eso\u0161\u0101s dab\u012bg\u0101s sast\u0101vda\u013cas garant\u0113 maigu, bet efekt\u012bvu darb\u012bbu un ilgsto\u0161u iedarb\u012bbu. Pilieni pa\u0101trina plankumu un mazu br\u016b\u010du dz\u012b\u0161anu un nov\u0113r\u0161 turpm\u0101kas \u0101das izmai\u0146as.","robots":{"index":"index","follow":"follow","max-snippet":"max-snippet:-1","max-image-preview":"max-image-preview:large","max-video-preview":"max-video-preview:-1"},"canonical":"https:\/\/women.lv\/en\/product\/aknes-mazinosi-pilieni\/","og_locale":"en_GB","og_type":"article","og_title":"Aknes mazino\u0161i pilieni","og_description":"Tiem piem\u012bt antiseptiskas un antibakteri\u0101las \u012bpa\u0161\u012bbas - formulas sast\u0101v\u0101 eso\u0161\u0101s dab\u012bg\u0101s sast\u0101vda\u013cas garant\u0113 maigu, bet efekt\u012bvu darb\u012bbu un ilgsto\u0161u iedarb\u012bbu. Pilieni pa\u0101trina plankumu un mazu br\u016b\u010du dz\u012b\u0161anu un nov\u0113r\u0161 turpm\u0101kas \u0101das izmai\u0146as.","og_url":"https:\/\/women.lv\/en\/product\/aknes-mazinosi-pilieni\/","og_site_name":"Women Veikals","article_modified_time":"2026-03-21T09:35:30+00:00","og_image":[{"width":1000,"height":1000,"url":"https:\/\/women.lv\/wp-content\/uploads\/nc\/catalog\/India\/acne-mitigating-drops-30ml-india.jpg","type":"image\/jpeg"}],"twitter_card":"summary_large_image","twitter_misc":{"Estimated reading time":"1 minute"},"schema":{"@context":"https:\/\/schema.org","@graph":[{"@type":"WebPage","@id":"https:\/\/women.lv\/product\/aknes-mazinosi-pilieni\/","url":"https:\/\/women.lv\/product\/aknes-mazinosi-pilieni\/","name":"Aknes mazino\u0161i pilieni","isPartOf":{"@id":"https:\/\/women.lv\/#website"},"primaryImageOfPage":{"@id":"https:\/\/women.lv\/product\/aknes-mazinosi-pilieni\/#primaryimage"},"image":{"@id":"https:\/\/women.lv\/product\/aknes-mazinosi-pilieni\/#primaryimage"},"thumbnailUrl":"https:\/\/women.lv\/wp-content\/uploads\/nc\/catalog\/India\/acne-mitigating-drops-30ml-india.jpg","datePublished":"2022-05-24T21:31:50+00:00","dateModified":"2026-03-21T09:35:30+00:00","description":"Tiem piem\u012bt antiseptiskas un antibakteri\u0101las \u012bpa\u0161\u012bbas - formulas sast\u0101v\u0101 eso\u0161\u0101s dab\u012bg\u0101s sast\u0101vda\u013cas garant\u0113 maigu, bet efekt\u012bvu darb\u012bbu un ilgsto\u0161u iedarb\u012bbu. Pilieni pa\u0101trina plankumu un mazu br\u016b\u010du dz\u012b\u0161anu un nov\u0113r\u0161 turpm\u0101kas \u0101das izmai\u0146as.","breadcrumb":{"@id":"https:\/\/women.lv\/product\/aknes-mazinosi-pilieni\/#breadcrumb"},"inLanguage":"en-GB","potentialAction":[{"@type":"ReadAction","target":["https:\/\/women.lv\/product\/aknes-mazinosi-pilieni\/"]}]},{"@type":"ImageObject","inLanguage":"en-GB","@id":"https:\/\/women.lv\/product\/aknes-mazinosi-pilieni\/#primaryimage","url":"https:\/\/women.lv\/wp-content\/uploads\/nc\/catalog\/India\/acne-mitigating-drops-30ml-india.jpg","contentUrl":"https:\/\/women.lv\/wp-content\/uploads\/nc\/catalog\/India\/acne-mitigating-drops-30ml-india.jpg","width":1000,"height":1000,"caption":"Aknes mazino\u0161i pilieni"},{"@type":"BreadcrumbList","@id":"https:\/\/women.lv\/product\/aknes-mazinosi-pilieni\/#breadcrumb","itemListElement":[{"@type":"ListItem","position":1,"name":"Home","item":"https:\/\/women.lv\/"},{"@type":"ListItem","position":2,"name":"Products","item":"https:\/\/women.lv\/en\/shop\/"},{"@type":"ListItem","position":3,"name":"Aknes mazino\u0161i pilieni"}]},{"@type":"WebSite","@id":"https:\/\/women.lv\/#website","url":"https:\/\/women.lv\/","name":"Women Veikals","description":"Uzdr\u012bksties b\u016bt skaista","potentialAction":[{"@type":"SearchAction","target":{"@type":"EntryPoint","urlTemplate":"https:\/\/women.lv\/?s={search_term_string}"},"query-input":{"@type":"PropertyValueSpecification","valueRequired":true,"valueName":"search_term_string"}}],"inLanguage":"en-GB"}]}},"_links":{"self":[{"href":"https:\/\/women.lv\/en\/wp-json\/wp\/v2\/product\/28871","targetHints":{"allow":["GET"]}}],"collection":[{"href":"https:\/\/women.lv\/en\/wp-json\/wp\/v2\/product"}],"about":[{"href":"https:\/\/women.lv\/en\/wp-json\/wp\/v2\/types\/product"}],"replies":[{"embeddable":true,"href":"https:\/\/women.lv\/en\/wp-json\/wp\/v2\/comments?post=28871"}],"version-history":[{"count":1,"href":"https:\/\/women.lv\/en\/wp-json\/wp\/v2\/product\/28871\/revisions"}],"predecessor-version":[{"id":29519,"href":"https:\/\/women.lv\/en\/wp-json\/wp\/v2\/product\/28871\/revisions\/29519"}],"wp:featuredmedia":[{"embeddable":true,"href":"https:\/\/women.lv\/en\/wp-json\/wp\/v2\/media\/28872"}],"wp:attachment":[{"href":"https:\/\/women.lv\/en\/wp-json\/wp\/v2\/media?parent=28871"}],"wp:term":[{"taxonomy":"product_brand","embeddable":true,"href":"https:\/\/women.lv\/en\/wp-json\/wp\/v2\/product_brand?post=28871"},{"taxonomy":"product_cat","embeddable":true,"href":"https:\/\/women.lv\/en\/wp-json\/wp\/v2\/product_cat?post=28871"},{"taxonomy":"product_tag","embeddable":true,"href":"https:\/\/women.lv\/en\/wp-json\/wp\/v2\/product_tag?post=28871"}],"curies":[{"name":"wp","href":"https:\/\/api.w.org\/{rel}","templated":true}]}}