{"id":28867,"date":"2022-01-27T15:18:17","date_gmt":"2022-01-27T15:18:17","guid":{"rendered":"https:\/\/women.lv\/?product=aloe-vera-dusas-zeleja"},"modified":"2025-11-05T13:26:25","modified_gmt":"2025-11-05T13:26:25","slug":"pure-mineral-aloe-vera-dusas-zeleja","status":"publish","type":"product","link":"https:\/\/women.lv\/en\/product\/pure-mineral-aloe-vera-dusas-zeleja\/","title":{"rendered":"Aloe Vera shower gel"},"content":{"rendered":"<p><span style=\"font-family: Helvetica;\"><span style=\"font-size: 18px;\">Pure Mineral Aloe Vera shower gel with a unique moisturizing complex ensures intensive hydration of your skin, revealing its natural beauty. Its luxurious consistency and natural fragrance provide a pleasant sensation and allow natural ingredients to penetrate deep into the skin, nourishing and replenishing it. Leaving the skin soft, moisturized and full of life energy. Aloe Vera naturally soothes oily, dry or damaged skin. Rich in vitamins, nutrients and amino acids, the content nourishes, refreshes and tones the skin, leaving it with a wonderful, delicate aroma.<\/span><\/span><\/p>","protected":false},"excerpt":{"rendered":"<p>Pure Mineral Aloe Vera shower gel with a unique moisturizing complex ensures intensive hydration of your skin, revealing its natural beauty. Those<\/p>","protected":false},"featured_media":28868,"comment_status":"open","ping_status":"closed","template":"","meta":[],"product_brand":[],"product_cat":[2208,2209,2215],"product_tag":[3596,3594,2244,2243,2294,3595,2245],"class_list":{"0":"post-28867","1":"product","2":"type-product","3":"status-publish","4":"has-post-thumbnail","6":"product_cat-kermena-kopsanas-lidzekii","7":"product_cat-mazgasana-un-attirisana","8":"product_cat-visi-produkti","9":"product_tag-aloe-vera-dusas-zeleja","10":"product_tag-aloe-vera-shower-gel","11":"product_tag-israel","12":"product_tag-izraela","13":"product_tag-pure-mineral","14":"product_tag-3595","15":"product_tag-2245","16":"pa_brand_nc-pure-mineral","17":"pa_ean_nc-p642","19":"first","20":"instock","21":"taxable","22":"shipping-taxable","23":"purchasable","24":"product-type-simple"},"yoast_head":"<!-- This site is optimized with the Yoast SEO plugin v27.4 - https:\/\/yoast.com\/product\/yoast-seo-wordpress\/ -->\n<title>Aloe Vera du\u0161as \u017eeleja<\/title>\n<meta name=\"description\" content=\"Pure Mineral Aloe Vera du\u0161as \u017eeleja ar unik\u0101lu mitrino\u0161u kompleksu nodro\u0161ina intens\u012bvu J\u016bsu \u0101das mitrin\u0101\u0161anu, atkl\u0101jot t\u0101s dabisko skaistumu. T\u0101s grezn\u0101 konsistence un dabiskais arom\u0101ts nodro\u0161ina pat\u012bkamu saj\u016btu un \u013cauj dab\u012bg\u0101m sast\u0101vda\u013c\u0101m dzi\u013ci iek\u013c\u016bt \u0101d\" \/>\n<meta name=\"robots\" content=\"index, follow, max-snippet:-1, max-image-preview:large, max-video-preview:-1\" \/>\n<link rel=\"canonical\" href=\"https:\/\/women.lv\/en\/product\/pure-mineral-aloe-vera-dusas-zeleja\/\" \/>\n<meta property=\"og:locale\" content=\"en_GB\" \/>\n<meta property=\"og:type\" content=\"article\" \/>\n<meta property=\"og:title\" content=\"Aloe Vera du\u0161as \u017eeleja\" \/>\n<meta property=\"og:description\" content=\"Pure Mineral Aloe Vera du\u0161as \u017eeleja ar unik\u0101lu mitrino\u0161u kompleksu nodro\u0161ina intens\u012bvu J\u016bsu \u0101das mitrin\u0101\u0161anu, atkl\u0101jot t\u0101s dabisko skaistumu. T\u0101s grezn\u0101 konsistence un dabiskais arom\u0101ts nodro\u0161ina pat\u012bkamu saj\u016btu un \u013cauj dab\u012bg\u0101m sast\u0101vda\u013c\u0101m dzi\u013ci iek\u013c\u016bt \u0101d\" \/>\n<meta property=\"og:url\" content=\"https:\/\/women.lv\/en\/product\/pure-mineral-aloe-vera-dusas-zeleja\/\" \/>\n<meta property=\"og:site_name\" content=\"Women Veikals\" \/>\n<meta property=\"article:modified_time\" content=\"2025-11-05T13:26:25+00:00\" \/>\n<meta property=\"og:image\" content=\"https:\/\/women.lv\/wp-content\/uploads\/nc\/catalog\/Pure-Mineral\/pure-mineral-aloe-vera-shower-gel.jpg\" \/>\n\t<meta property=\"og:image:width\" content=\"1080\" \/>\n\t<meta property=\"og:image:height\" content=\"1080\" \/>\n\t<meta property=\"og:image:type\" content=\"image\/jpeg\" \/>\n<meta name=\"twitter:card\" content=\"summary_large_image\" \/>\n<meta name=\"twitter:label1\" content=\"Estimated reading time\" \/>\n\t<meta name=\"twitter:data1\" content=\"1 minute\" \/>\n<script type=\"application\/ld+json\" class=\"yoast-schema-graph\">{\"@context\":\"https:\\\/\\\/schema.org\",\"@graph\":[{\"@type\":\"WebPage\",\"@id\":\"https:\\\/\\\/women.lv\\\/product\\\/pure-mineral-aloe-vera-dusas-zeleja\\\/\",\"url\":\"https:\\\/\\\/women.lv\\\/product\\\/pure-mineral-aloe-vera-dusas-zeleja\\\/\",\"name\":\"Aloe Vera du\u0161as \u017eeleja\",\"isPartOf\":{\"@id\":\"https:\\\/\\\/women.lv\\\/#website\"},\"primaryImageOfPage\":{\"@id\":\"https:\\\/\\\/women.lv\\\/product\\\/pure-mineral-aloe-vera-dusas-zeleja\\\/#primaryimage\"},\"image\":{\"@id\":\"https:\\\/\\\/women.lv\\\/product\\\/pure-mineral-aloe-vera-dusas-zeleja\\\/#primaryimage\"},\"thumbnailUrl\":\"https:\\\/\\\/women.lv\\\/wp-content\\\/uploads\\\/nc\\\/catalog\\\/Pure-Mineral\\\/pure-mineral-aloe-vera-shower-gel.jpg\",\"datePublished\":\"2022-01-27T15:18:17+00:00\",\"dateModified\":\"2025-11-05T13:26:25+00:00\",\"description\":\"Pure Mineral Aloe Vera du\u0161as \u017eeleja ar unik\u0101lu mitrino\u0161u kompleksu nodro\u0161ina intens\u012bvu J\u016bsu \u0101das mitrin\u0101\u0161anu, atkl\u0101jot t\u0101s dabisko skaistumu. T\u0101s grezn\u0101 konsistence un dabiskais arom\u0101ts nodro\u0161ina pat\u012bkamu saj\u016btu un \u013cauj dab\u012bg\u0101m sast\u0101vda\u013c\u0101m dzi\u013ci iek\u013c\u016bt \u0101d\",\"breadcrumb\":{\"@id\":\"https:\\\/\\\/women.lv\\\/product\\\/pure-mineral-aloe-vera-dusas-zeleja\\\/#breadcrumb\"},\"inLanguage\":\"en-GB\",\"potentialAction\":[{\"@type\":\"ReadAction\",\"target\":[\"https:\\\/\\\/women.lv\\\/product\\\/pure-mineral-aloe-vera-dusas-zeleja\\\/\"]}]},{\"@type\":\"ImageObject\",\"inLanguage\":\"en-GB\",\"@id\":\"https:\\\/\\\/women.lv\\\/product\\\/pure-mineral-aloe-vera-dusas-zeleja\\\/#primaryimage\",\"url\":\"https:\\\/\\\/women.lv\\\/wp-content\\\/uploads\\\/nc\\\/catalog\\\/Pure-Mineral\\\/pure-mineral-aloe-vera-shower-gel.jpg\",\"contentUrl\":\"https:\\\/\\\/women.lv\\\/wp-content\\\/uploads\\\/nc\\\/catalog\\\/Pure-Mineral\\\/pure-mineral-aloe-vera-shower-gel.jpg\",\"width\":1080,\"height\":1080,\"caption\":\"Aloe Vera du\u0161as \u017eeleja\"},{\"@type\":\"BreadcrumbList\",\"@id\":\"https:\\\/\\\/women.lv\\\/product\\\/pure-mineral-aloe-vera-dusas-zeleja\\\/#breadcrumb\",\"itemListElement\":[{\"@type\":\"ListItem\",\"position\":1,\"name\":\"Home\",\"item\":\"https:\\\/\\\/women.lv\\\/\"},{\"@type\":\"ListItem\",\"position\":2,\"name\":\"Products\",\"item\":\"https:\\\/\\\/women.lv\\\/en\\\/shop\\\/\"},{\"@type\":\"ListItem\",\"position\":3,\"name\":\"Aloe Vera du\u0161as \u017eeleja\"}]},{\"@type\":\"WebSite\",\"@id\":\"https:\\\/\\\/women.lv\\\/#website\",\"url\":\"https:\\\/\\\/women.lv\\\/\",\"name\":\"Women Veikals\",\"description\":\"Uzdr\u012bksties b\u016bt skaista\",\"potentialAction\":[{\"@type\":\"SearchAction\",\"target\":{\"@type\":\"EntryPoint\",\"urlTemplate\":\"https:\\\/\\\/women.lv\\\/?s={search_term_string}\"},\"query-input\":{\"@type\":\"PropertyValueSpecification\",\"valueRequired\":true,\"valueName\":\"search_term_string\"}}],\"inLanguage\":\"en-GB\"}]}<\/script>\n<!-- \/ Yoast SEO plugin. -->","yoast_head_json":{"title":"Aloe Vera shower gel","description":"Pure Mineral Aloe Vera du\u0161as \u017eeleja ar unik\u0101lu mitrino\u0161u kompleksu nodro\u0161ina intens\u012bvu J\u016bsu \u0101das mitrin\u0101\u0161anu, atkl\u0101jot t\u0101s dabisko skaistumu. T\u0101s grezn\u0101 konsistence un dabiskais arom\u0101ts nodro\u0161ina pat\u012bkamu saj\u016btu un \u013cauj dab\u012bg\u0101m sast\u0101vda\u013c\u0101m dzi\u013ci iek\u013c\u016bt \u0101d","robots":{"index":"index","follow":"follow","max-snippet":"max-snippet:-1","max-image-preview":"max-image-preview:large","max-video-preview":"max-video-preview:-1"},"canonical":"https:\/\/women.lv\/en\/product\/pure-mineral-aloe-vera-dusas-zeleja\/","og_locale":"en_GB","og_type":"article","og_title":"Aloe Vera du\u0161as \u017eeleja","og_description":"Pure Mineral Aloe Vera du\u0161as \u017eeleja ar unik\u0101lu mitrino\u0161u kompleksu nodro\u0161ina intens\u012bvu J\u016bsu \u0101das mitrin\u0101\u0161anu, atkl\u0101jot t\u0101s dabisko skaistumu. T\u0101s grezn\u0101 konsistence un dabiskais arom\u0101ts nodro\u0161ina pat\u012bkamu saj\u016btu un \u013cauj dab\u012bg\u0101m sast\u0101vda\u013c\u0101m dzi\u013ci iek\u013c\u016bt \u0101d","og_url":"https:\/\/women.lv\/en\/product\/pure-mineral-aloe-vera-dusas-zeleja\/","og_site_name":"Women Veikals","article_modified_time":"2025-11-05T13:26:25+00:00","og_image":[{"width":1080,"height":1080,"url":"https:\/\/women.lv\/wp-content\/uploads\/nc\/catalog\/Pure-Mineral\/pure-mineral-aloe-vera-shower-gel.jpg","type":"image\/jpeg"}],"twitter_card":"summary_large_image","twitter_misc":{"Estimated reading time":"1 minute"},"schema":{"@context":"https:\/\/schema.org","@graph":[{"@type":"WebPage","@id":"https:\/\/women.lv\/product\/pure-mineral-aloe-vera-dusas-zeleja\/","url":"https:\/\/women.lv\/product\/pure-mineral-aloe-vera-dusas-zeleja\/","name":"Aloe Vera shower gel","isPartOf":{"@id":"https:\/\/women.lv\/#website"},"primaryImageOfPage":{"@id":"https:\/\/women.lv\/product\/pure-mineral-aloe-vera-dusas-zeleja\/#primaryimage"},"image":{"@id":"https:\/\/women.lv\/product\/pure-mineral-aloe-vera-dusas-zeleja\/#primaryimage"},"thumbnailUrl":"https:\/\/women.lv\/wp-content\/uploads\/nc\/catalog\/Pure-Mineral\/pure-mineral-aloe-vera-shower-gel.jpg","datePublished":"2022-01-27T15:18:17+00:00","dateModified":"2025-11-05T13:26:25+00:00","description":"Pure Mineral Aloe Vera du\u0161as \u017eeleja ar unik\u0101lu mitrino\u0161u kompleksu nodro\u0161ina intens\u012bvu J\u016bsu \u0101das mitrin\u0101\u0161anu, atkl\u0101jot t\u0101s dabisko skaistumu. T\u0101s grezn\u0101 konsistence un dabiskais arom\u0101ts nodro\u0161ina pat\u012bkamu saj\u016btu un \u013cauj dab\u012bg\u0101m sast\u0101vda\u013c\u0101m dzi\u013ci iek\u013c\u016bt \u0101d","breadcrumb":{"@id":"https:\/\/women.lv\/product\/pure-mineral-aloe-vera-dusas-zeleja\/#breadcrumb"},"inLanguage":"en-GB","potentialAction":[{"@type":"ReadAction","target":["https:\/\/women.lv\/product\/pure-mineral-aloe-vera-dusas-zeleja\/"]}]},{"@type":"ImageObject","inLanguage":"en-GB","@id":"https:\/\/women.lv\/product\/pure-mineral-aloe-vera-dusas-zeleja\/#primaryimage","url":"https:\/\/women.lv\/wp-content\/uploads\/nc\/catalog\/Pure-Mineral\/pure-mineral-aloe-vera-shower-gel.jpg","contentUrl":"https:\/\/women.lv\/wp-content\/uploads\/nc\/catalog\/Pure-Mineral\/pure-mineral-aloe-vera-shower-gel.jpg","width":1080,"height":1080,"caption":"Aloe Vera du\u0161as \u017eeleja"},{"@type":"BreadcrumbList","@id":"https:\/\/women.lv\/product\/pure-mineral-aloe-vera-dusas-zeleja\/#breadcrumb","itemListElement":[{"@type":"ListItem","position":1,"name":"Home","item":"https:\/\/women.lv\/"},{"@type":"ListItem","position":2,"name":"Products","item":"https:\/\/women.lv\/en\/shop\/"},{"@type":"ListItem","position":3,"name":"Aloe Vera du\u0161as \u017eeleja"}]},{"@type":"WebSite","@id":"https:\/\/women.lv\/#website","url":"https:\/\/women.lv\/","name":"Women Shop","description":"Uzdr\u012bksties b\u016bt skaista","potentialAction":[{"@type":"SearchAction","target":{"@type":"EntryPoint","urlTemplate":"https:\/\/women.lv\/?s={search_term_string}"},"query-input":{"@type":"PropertyValueSpecification","valueRequired":true,"valueName":"search_term_string"}}],"inLanguage":"en-GB"}]}},"_links":{"self":[{"href":"https:\/\/women.lv\/en\/wp-json\/wp\/v2\/product\/28867","targetHints":{"allow":["GET"]}}],"collection":[{"href":"https:\/\/women.lv\/en\/wp-json\/wp\/v2\/product"}],"about":[{"href":"https:\/\/women.lv\/en\/wp-json\/wp\/v2\/types\/product"}],"replies":[{"embeddable":true,"href":"https:\/\/women.lv\/en\/wp-json\/wp\/v2\/comments?post=28867"}],"version-history":[{"count":0,"href":"https:\/\/women.lv\/en\/wp-json\/wp\/v2\/product\/28867\/revisions"}],"wp:featuredmedia":[{"embeddable":true,"href":"https:\/\/women.lv\/en\/wp-json\/wp\/v2\/media\/28868"}],"wp:attachment":[{"href":"https:\/\/women.lv\/en\/wp-json\/wp\/v2\/media?parent=28867"}],"wp:term":[{"taxonomy":"product_brand","embeddable":true,"href":"https:\/\/women.lv\/en\/wp-json\/wp\/v2\/product_brand?post=28867"},{"taxonomy":"product_cat","embeddable":true,"href":"https:\/\/women.lv\/en\/wp-json\/wp\/v2\/product_cat?post=28867"},{"taxonomy":"product_tag","embeddable":true,"href":"https:\/\/women.lv\/en\/wp-json\/wp\/v2\/product_tag?post=28867"}],"curies":[{"name":"wp","href":"https:\/\/api.w.org\/{rel}","templated":true}]}}