{"id":28865,"date":"2022-01-27T14:48:34","date_gmt":"2022-01-27T14:48:34","guid":{"rendered":"https:\/\/women.lv\/?product=arbuzu-dusas-zeleja"},"modified":"2025-11-05T13:26:25","modified_gmt":"2025-11-05T13:26:25","slug":"pure-mineral","status":"publish","type":"product","link":"https:\/\/women.lv\/en\/product\/pure-mineral\/","title":{"rendered":"Watermelon shower gel"},"content":{"rendered":"<p><span style=\"font-family: Helvetica;\"><span style=\"font-size: 18px;\">Pure Mineral Watermelon du\u0161as \u017eeleja att\u012bra \u0101du, atst\u0101jot to skaisti mitrin\u0101tu. T\u0101s grezn\u0101 konsistence un dabiskais arom\u0101ts nodro\u0161ina pat\u012bkamu saj\u016btu un \u013cauj dab\u012bg\u0101m sast\u0101vda\u013c\u0101m dzi\u013ci iek\u013c\u016bt \u0101d\u0101, barojot un papildinot to. Papildus tam, arb\u016bzs ir lielisks dab\u012bgs mitruma avots, tas ir bag\u0101ts ar antioksidantiem un vitam\u012bniem A, C un B6. \u013baujiet pamosties J\u016bsu saj\u016bt\u0101m, ienirstot eksotisk\u0101 arb\u016bzu pasaul\u0113. \u0160\u012b maigi, atjaunojo\u0161\u0101 formula atst\u0101s J\u016bsu \u0101du z\u012bdaini maigu un atsvaidzin\u0101tu.<\/span><\/span><\/p>","protected":false},"excerpt":{"rendered":"<p>Pure Mineral Watermelon shower gel cleanses the skin, leaving it beautifully moisturized. Its luxurious consistency and natural aroma provide a pleasant sensation<\/p>","protected":false},"featured_media":28866,"comment_status":"open","ping_status":"closed","template":"","meta":[],"product_brand":[],"product_cat":[2208,2209,2215],"product_tag":[3592,2244,2243,2294,3590,3591,2245],"class_list":{"0":"post-28865","1":"product","2":"type-product","3":"status-publish","4":"has-post-thumbnail","6":"product_cat-kermena-kopsanas-lidzekii","7":"product_cat-mazgasana-un-attirisana","8":"product_cat-visi-produkti","9":"product_tag-arbuzu-dusas-zeleja","10":"product_tag-israel","11":"product_tag-izraela","12":"product_tag-pure-mineral","13":"product_tag-watermelon-shower-gel","14":"product_tag-3591","15":"product_tag-2245","16":"pa_brand_nc-pure-mineral","17":"pa_ean_nc-p643","19":"first","20":"instock","21":"taxable","22":"shipping-taxable","23":"purchasable","24":"product-type-simple"},"yoast_head":"<!-- This site is optimized with the Yoast SEO plugin v27.5 - https:\/\/yoast.com\/product\/yoast-seo-wordpress\/ -->\n<title>Arb\u016bzu du\u0161as \u017eeleja<\/title>\n<meta name=\"description\" content=\"Pure Mineral Watermelon du\u0161as \u017eeleja att\u012bra \u0101du, atst\u0101jot to skaisti mitrin\u0101tu. T\u0101s grezn\u0101 konsistence un dabiskais arom\u0101ts nodro\u0161ina pat\u012bkamu saj\u016btu un \u013cauj dab\u012bg\u0101m sast\u0101vda\u013c\u0101m dzi\u013ci iek\u013c\u016bt \u0101d\u0101, barojot un papildinot to. Papildus tam, arb\u016bzs ir lielisks\" \/>\n<meta name=\"robots\" content=\"index, follow, max-snippet:-1, max-image-preview:large, max-video-preview:-1\" \/>\n<link rel=\"canonical\" href=\"https:\/\/women.lv\/en\/product\/pure-mineral\/\" \/>\n<meta property=\"og:locale\" content=\"en_GB\" \/>\n<meta property=\"og:type\" content=\"article\" \/>\n<meta property=\"og:title\" content=\"Arb\u016bzu du\u0161as \u017eeleja\" \/>\n<meta property=\"og:description\" content=\"Pure Mineral Watermelon du\u0161as \u017eeleja att\u012bra \u0101du, atst\u0101jot to skaisti mitrin\u0101tu. T\u0101s grezn\u0101 konsistence un dabiskais arom\u0101ts nodro\u0161ina pat\u012bkamu saj\u016btu un \u013cauj dab\u012bg\u0101m sast\u0101vda\u013c\u0101m dzi\u013ci iek\u013c\u016bt \u0101d\u0101, barojot un papildinot to. Papildus tam, arb\u016bzs ir lielisks\" \/>\n<meta property=\"og:url\" content=\"https:\/\/women.lv\/en\/product\/pure-mineral\/\" \/>\n<meta property=\"og:site_name\" content=\"Women Veikals\" \/>\n<meta property=\"article:modified_time\" content=\"2025-11-05T13:26:25+00:00\" \/>\n<meta property=\"og:image\" content=\"https:\/\/women.lv\/wp-content\/uploads\/nc\/catalog\/Pure-Mineral\/pure-mineral-watermelon-shower-gel.jpg\" \/>\n\t<meta property=\"og:image:width\" content=\"1080\" \/>\n\t<meta property=\"og:image:height\" content=\"1080\" \/>\n\t<meta property=\"og:image:type\" content=\"image\/jpeg\" \/>\n<meta name=\"twitter:card\" content=\"summary_large_image\" \/>\n<script type=\"application\/ld+json\" class=\"yoast-schema-graph\">{\"@context\":\"https:\\\/\\\/schema.org\",\"@graph\":[{\"@type\":\"WebPage\",\"@id\":\"https:\\\/\\\/women.lv\\\/product\\\/pure-mineral\\\/\",\"url\":\"https:\\\/\\\/women.lv\\\/product\\\/pure-mineral\\\/\",\"name\":\"Arb\u016bzu du\u0161as \u017eeleja\",\"isPartOf\":{\"@id\":\"https:\\\/\\\/women.lv\\\/#website\"},\"primaryImageOfPage\":{\"@id\":\"https:\\\/\\\/women.lv\\\/product\\\/pure-mineral\\\/#primaryimage\"},\"image\":{\"@id\":\"https:\\\/\\\/women.lv\\\/product\\\/pure-mineral\\\/#primaryimage\"},\"thumbnailUrl\":\"https:\\\/\\\/women.lv\\\/wp-content\\\/uploads\\\/nc\\\/catalog\\\/Pure-Mineral\\\/pure-mineral-watermelon-shower-gel.jpg\",\"datePublished\":\"2022-01-27T14:48:34+00:00\",\"dateModified\":\"2025-11-05T13:26:25+00:00\",\"description\":\"Pure Mineral Watermelon du\u0161as \u017eeleja att\u012bra \u0101du, atst\u0101jot to skaisti mitrin\u0101tu. T\u0101s grezn\u0101 konsistence un dabiskais arom\u0101ts nodro\u0161ina pat\u012bkamu saj\u016btu un \u013cauj dab\u012bg\u0101m sast\u0101vda\u013c\u0101m dzi\u013ci iek\u013c\u016bt \u0101d\u0101, barojot un papildinot to. Papildus tam, arb\u016bzs ir lielisks\",\"breadcrumb\":{\"@id\":\"https:\\\/\\\/women.lv\\\/product\\\/pure-mineral\\\/#breadcrumb\"},\"inLanguage\":\"en-GB\",\"potentialAction\":[{\"@type\":\"ReadAction\",\"target\":[\"https:\\\/\\\/women.lv\\\/product\\\/pure-mineral\\\/\"]}]},{\"@type\":\"ImageObject\",\"inLanguage\":\"en-GB\",\"@id\":\"https:\\\/\\\/women.lv\\\/product\\\/pure-mineral\\\/#primaryimage\",\"url\":\"https:\\\/\\\/women.lv\\\/wp-content\\\/uploads\\\/nc\\\/catalog\\\/Pure-Mineral\\\/pure-mineral-watermelon-shower-gel.jpg\",\"contentUrl\":\"https:\\\/\\\/women.lv\\\/wp-content\\\/uploads\\\/nc\\\/catalog\\\/Pure-Mineral\\\/pure-mineral-watermelon-shower-gel.jpg\",\"width\":1080,\"height\":1080,\"caption\":\"Arb\u016bzu du\u0161as \u017eeleja\"},{\"@type\":\"BreadcrumbList\",\"@id\":\"https:\\\/\\\/women.lv\\\/product\\\/pure-mineral\\\/#breadcrumb\",\"itemListElement\":[{\"@type\":\"ListItem\",\"position\":1,\"name\":\"Home\",\"item\":\"https:\\\/\\\/women.lv\\\/\"},{\"@type\":\"ListItem\",\"position\":2,\"name\":\"Products\",\"item\":\"https:\\\/\\\/women.lv\\\/en\\\/shop\\\/\"},{\"@type\":\"ListItem\",\"position\":3,\"name\":\"Arb\u016bzu du\u0161as \u017eeleja\"}]},{\"@type\":\"WebSite\",\"@id\":\"https:\\\/\\\/women.lv\\\/#website\",\"url\":\"https:\\\/\\\/women.lv\\\/\",\"name\":\"Women Veikals\",\"description\":\"Uzdr\u012bksties b\u016bt skaista\",\"potentialAction\":[{\"@type\":\"SearchAction\",\"target\":{\"@type\":\"EntryPoint\",\"urlTemplate\":\"https:\\\/\\\/women.lv\\\/?s={search_term_string}\"},\"query-input\":{\"@type\":\"PropertyValueSpecification\",\"valueRequired\":true,\"valueName\":\"search_term_string\"}}],\"inLanguage\":\"en-GB\"}]}<\/script>\n<!-- \/ Yoast SEO plugin. -->","yoast_head_json":{"title":"Watermelon shower gel","description":"Pure Mineral Watermelon du\u0161as \u017eeleja att\u012bra \u0101du, atst\u0101jot to skaisti mitrin\u0101tu. T\u0101s grezn\u0101 konsistence un dabiskais arom\u0101ts nodro\u0161ina pat\u012bkamu saj\u016btu un \u013cauj dab\u012bg\u0101m sast\u0101vda\u013c\u0101m dzi\u013ci iek\u013c\u016bt \u0101d\u0101, barojot un papildinot to. Papildus tam, arb\u016bzs ir lielisks","robots":{"index":"index","follow":"follow","max-snippet":"max-snippet:-1","max-image-preview":"max-image-preview:large","max-video-preview":"max-video-preview:-1"},"canonical":"https:\/\/women.lv\/en\/product\/pure-mineral\/","og_locale":"en_GB","og_type":"article","og_title":"Arb\u016bzu du\u0161as \u017eeleja","og_description":"Pure Mineral Watermelon du\u0161as \u017eeleja att\u012bra \u0101du, atst\u0101jot to skaisti mitrin\u0101tu. T\u0101s grezn\u0101 konsistence un dabiskais arom\u0101ts nodro\u0161ina pat\u012bkamu saj\u016btu un \u013cauj dab\u012bg\u0101m sast\u0101vda\u013c\u0101m dzi\u013ci iek\u013c\u016bt \u0101d\u0101, barojot un papildinot to. Papildus tam, arb\u016bzs ir lielisks","og_url":"https:\/\/women.lv\/en\/product\/pure-mineral\/","og_site_name":"Women Veikals","article_modified_time":"2025-11-05T13:26:25+00:00","og_image":[{"width":1080,"height":1080,"url":"https:\/\/women.lv\/wp-content\/uploads\/nc\/catalog\/Pure-Mineral\/pure-mineral-watermelon-shower-gel.jpg","type":"image\/jpeg"}],"twitter_card":"summary_large_image","schema":{"@context":"https:\/\/schema.org","@graph":[{"@type":"WebPage","@id":"https:\/\/women.lv\/product\/pure-mineral\/","url":"https:\/\/women.lv\/product\/pure-mineral\/","name":"Watermelon shower gel","isPartOf":{"@id":"https:\/\/women.lv\/#website"},"primaryImageOfPage":{"@id":"https:\/\/women.lv\/product\/pure-mineral\/#primaryimage"},"image":{"@id":"https:\/\/women.lv\/product\/pure-mineral\/#primaryimage"},"thumbnailUrl":"https:\/\/women.lv\/wp-content\/uploads\/nc\/catalog\/Pure-Mineral\/pure-mineral-watermelon-shower-gel.jpg","datePublished":"2022-01-27T14:48:34+00:00","dateModified":"2025-11-05T13:26:25+00:00","description":"Pure Mineral Watermelon du\u0161as \u017eeleja att\u012bra \u0101du, atst\u0101jot to skaisti mitrin\u0101tu. T\u0101s grezn\u0101 konsistence un dabiskais arom\u0101ts nodro\u0161ina pat\u012bkamu saj\u016btu un \u013cauj dab\u012bg\u0101m sast\u0101vda\u013c\u0101m dzi\u013ci iek\u013c\u016bt \u0101d\u0101, barojot un papildinot to. Papildus tam, arb\u016bzs ir lielisks","breadcrumb":{"@id":"https:\/\/women.lv\/product\/pure-mineral\/#breadcrumb"},"inLanguage":"en-GB","potentialAction":[{"@type":"ReadAction","target":["https:\/\/women.lv\/product\/pure-mineral\/"]}]},{"@type":"ImageObject","inLanguage":"en-GB","@id":"https:\/\/women.lv\/product\/pure-mineral\/#primaryimage","url":"https:\/\/women.lv\/wp-content\/uploads\/nc\/catalog\/Pure-Mineral\/pure-mineral-watermelon-shower-gel.jpg","contentUrl":"https:\/\/women.lv\/wp-content\/uploads\/nc\/catalog\/Pure-Mineral\/pure-mineral-watermelon-shower-gel.jpg","width":1080,"height":1080,"caption":"Arb\u016bzu du\u0161as \u017eeleja"},{"@type":"BreadcrumbList","@id":"https:\/\/women.lv\/product\/pure-mineral\/#breadcrumb","itemListElement":[{"@type":"ListItem","position":1,"name":"Home","item":"https:\/\/women.lv\/"},{"@type":"ListItem","position":2,"name":"Products","item":"https:\/\/women.lv\/en\/shop\/"},{"@type":"ListItem","position":3,"name":"Arb\u016bzu du\u0161as \u017eeleja"}]},{"@type":"WebSite","@id":"https:\/\/women.lv\/#website","url":"https:\/\/women.lv\/","name":"Women Shop","description":"Uzdr\u012bksties b\u016bt skaista","potentialAction":[{"@type":"SearchAction","target":{"@type":"EntryPoint","urlTemplate":"https:\/\/women.lv\/?s={search_term_string}"},"query-input":{"@type":"PropertyValueSpecification","valueRequired":true,"valueName":"search_term_string"}}],"inLanguage":"en-GB"}]}},"_links":{"self":[{"href":"https:\/\/women.lv\/en\/wp-json\/wp\/v2\/product\/28865","targetHints":{"allow":["GET"]}}],"collection":[{"href":"https:\/\/women.lv\/en\/wp-json\/wp\/v2\/product"}],"about":[{"href":"https:\/\/women.lv\/en\/wp-json\/wp\/v2\/types\/product"}],"replies":[{"embeddable":true,"href":"https:\/\/women.lv\/en\/wp-json\/wp\/v2\/comments?post=28865"}],"version-history":[{"count":0,"href":"https:\/\/women.lv\/en\/wp-json\/wp\/v2\/product\/28865\/revisions"}],"wp:featuredmedia":[{"embeddable":true,"href":"https:\/\/women.lv\/en\/wp-json\/wp\/v2\/media\/28866"}],"wp:attachment":[{"href":"https:\/\/women.lv\/en\/wp-json\/wp\/v2\/media?parent=28865"}],"wp:term":[{"taxonomy":"product_brand","embeddable":true,"href":"https:\/\/women.lv\/en\/wp-json\/wp\/v2\/product_brand?post=28865"},{"taxonomy":"product_cat","embeddable":true,"href":"https:\/\/women.lv\/en\/wp-json\/wp\/v2\/product_cat?post=28865"},{"taxonomy":"product_tag","embeddable":true,"href":"https:\/\/women.lv\/en\/wp-json\/wp\/v2\/product_tag?post=28865"}],"curies":[{"name":"wp","href":"https:\/\/api.w.org\/{rel}","templated":true}]}}