{"id":28843,"date":"2022-01-25T19:25:38","date_gmt":"2022-01-25T19:25:38","guid":{"rendered":"https:\/\/women.lv\/?product=bio-balance-72h-rullejamais-dezodorants"},"modified":"2025-11-05T13:26:25","modified_gmt":"2025-11-05T13:26:25","slug":"bio-balance-72h-rullejamais-dezodorants","status":"publish","type":"product","link":"https:\/\/women.lv\/en\/product\/bio-balance-72h-rullejamais-dezodorants\/","title":{"rendered":"Bio Balance 72h roll-on deodorant"},"content":{"rendered":"<p><span style=\"font-family: Helvetica;\"><span style=\"font-size: 18px;\">This waterproof formula is designed to protect you against annoying sweat and odor. Lavilin 72h deodorant from Micro Balance does not contain aluminum, alcohol and parabens, it is safe and gentle, so it does not cause irritation. By applying this deodorant to your armpits, you&#039;ll get long-lasting protection against odor-causing bacteria, so you can feel free and enjoy the day without worrying about sweating or smell.<\/span><\/span><\/p>\n<p><span style=\"font-family: Helvetica;\"><span style=\"font-size: 18px;\">Lavilin 72h dezodorants no Micro Balance var pal\u012bdz\u0113t jums palikt sausam un justies svaigam visas dienas garum\u0101 bez \u012bpa\u0161as smakas. Izm\u0113\u0123iniet to jau \u0161odien un izbaudiet rez\u016blt\u0101tu!<\/span><\/span><\/p>","protected":false},"excerpt":{"rendered":"<p>This waterproof formula is designed to protect you against annoying sweat and odor. Lavilin 72h deodorant from Micro Balance does not contain<\/p>","protected":false},"featured_media":28844,"comment_status":"open","ping_status":"closed","template":"","meta":[],"product_brand":[],"product_cat":[2229,2208,2215],"product_tag":[3562,3560,3561,2244,2243,3559,2245],"class_list":{"0":"post-28843","1":"product","2":"type-product","3":"status-publish","4":"has-post-thumbnail","6":"product_cat-antiperspiranti-dezodoranti","7":"product_cat-kermena-kopsanas-lidzekii","8":"product_cat-visi-produkti","9":"product_tag-bio-balance-72---","10":"product_tag-bio-balance-72h-roll-on-deodorant","11":"product_tag-bio-balance-72h-rullejamais-dezodorants","12":"product_tag-israel","13":"product_tag-izraela","14":"product_tag-lavilin","15":"product_tag-2245","16":"pa_brand_nc-lavilin","17":"pa_ean_nc-a28b04","19":"first","20":"instock","21":"taxable","22":"shipping-taxable","23":"purchasable","24":"product-type-simple"},"yoast_head":"<!-- This site is optimized with the Yoast SEO plugin v27.4 - https:\/\/yoast.com\/product\/yoast-seo-wordpress\/ -->\n<title>Bio Balance 72h rull\u0113jamais dezodorants<\/title>\n<meta name=\"description\" content=\"\u0160\u012b \u016bdensiztur\u012bg\u0101 formula ir izstr\u0101d\u0101ta, lai aizsarg\u0101tu J\u016bs pret kaitino\u0161iem sviedriem un smaku. Lavilin 72h dezodorants no Micro Balance nesatur alum\u012bniju, spirtu un parab\u0113nus tas ir dro\u0161s un maigs, t\u0101p\u0113c neizraisa kairin\u0101jumu. Uzkl\u0101jot \u0161o dezodorantu uz\" \/>\n<meta name=\"robots\" content=\"index, follow, max-snippet:-1, max-image-preview:large, max-video-preview:-1\" \/>\n<link rel=\"canonical\" href=\"https:\/\/women.lv\/en\/product\/bio-balance-72h-rullejamais-dezodorants\/\" \/>\n<meta property=\"og:locale\" content=\"en_GB\" \/>\n<meta property=\"og:type\" content=\"article\" \/>\n<meta property=\"og:title\" content=\"Bio Balance 72h rull\u0113jamais dezodorants\" \/>\n<meta property=\"og:description\" content=\"\u0160\u012b \u016bdensiztur\u012bg\u0101 formula ir izstr\u0101d\u0101ta, lai aizsarg\u0101tu J\u016bs pret kaitino\u0161iem sviedriem un smaku. Lavilin 72h dezodorants no Micro Balance nesatur alum\u012bniju, spirtu un parab\u0113nus tas ir dro\u0161s un maigs, t\u0101p\u0113c neizraisa kairin\u0101jumu. Uzkl\u0101jot \u0161o dezodorantu uz\" \/>\n<meta property=\"og:url\" content=\"https:\/\/women.lv\/en\/product\/bio-balance-72h-rullejamais-dezodorants\/\" \/>\n<meta property=\"og:site_name\" content=\"Women Veikals\" \/>\n<meta property=\"article:modified_time\" content=\"2025-11-05T13:26:25+00:00\" \/>\n<meta property=\"og:image\" content=\"https:\/\/women.lv\/wp-content\/uploads\/nc\/catalog\/Israel\/Lavilin\/bio-balance-72h-roll-on-deodorant-3.jpg\" \/>\n\t<meta property=\"og:image:width\" content=\"1280\" \/>\n\t<meta property=\"og:image:height\" content=\"1280\" \/>\n\t<meta property=\"og:image:type\" content=\"image\/jpeg\" \/>\n<meta name=\"twitter:card\" content=\"summary_large_image\" \/>\n<meta name=\"twitter:label1\" content=\"Estimated reading time\" \/>\n\t<meta name=\"twitter:data1\" content=\"1 minute\" \/>\n<script type=\"application\/ld+json\" class=\"yoast-schema-graph\">{\"@context\":\"https:\\\/\\\/schema.org\",\"@graph\":[{\"@type\":\"WebPage\",\"@id\":\"https:\\\/\\\/women.lv\\\/product\\\/bio-balance-72h-rullejamais-dezodorants\\\/\",\"url\":\"https:\\\/\\\/women.lv\\\/product\\\/bio-balance-72h-rullejamais-dezodorants\\\/\",\"name\":\"Bio Balance 72h rull\u0113jamais dezodorants\",\"isPartOf\":{\"@id\":\"https:\\\/\\\/women.lv\\\/#website\"},\"primaryImageOfPage\":{\"@id\":\"https:\\\/\\\/women.lv\\\/product\\\/bio-balance-72h-rullejamais-dezodorants\\\/#primaryimage\"},\"image\":{\"@id\":\"https:\\\/\\\/women.lv\\\/product\\\/bio-balance-72h-rullejamais-dezodorants\\\/#primaryimage\"},\"thumbnailUrl\":\"https:\\\/\\\/women.lv\\\/wp-content\\\/uploads\\\/nc\\\/catalog\\\/Israel\\\/Lavilin\\\/bio-balance-72h-roll-on-deodorant-3.jpg\",\"datePublished\":\"2022-01-25T19:25:38+00:00\",\"dateModified\":\"2025-11-05T13:26:25+00:00\",\"description\":\"\u0160\u012b \u016bdensiztur\u012bg\u0101 formula ir izstr\u0101d\u0101ta, lai aizsarg\u0101tu J\u016bs pret kaitino\u0161iem sviedriem un smaku. Lavilin 72h dezodorants no Micro Balance nesatur alum\u012bniju, spirtu un parab\u0113nus tas ir dro\u0161s un maigs, t\u0101p\u0113c neizraisa kairin\u0101jumu. Uzkl\u0101jot \u0161o dezodorantu uz\",\"breadcrumb\":{\"@id\":\"https:\\\/\\\/women.lv\\\/product\\\/bio-balance-72h-rullejamais-dezodorants\\\/#breadcrumb\"},\"inLanguage\":\"en-GB\",\"potentialAction\":[{\"@type\":\"ReadAction\",\"target\":[\"https:\\\/\\\/women.lv\\\/product\\\/bio-balance-72h-rullejamais-dezodorants\\\/\"]}]},{\"@type\":\"ImageObject\",\"inLanguage\":\"en-GB\",\"@id\":\"https:\\\/\\\/women.lv\\\/product\\\/bio-balance-72h-rullejamais-dezodorants\\\/#primaryimage\",\"url\":\"https:\\\/\\\/women.lv\\\/wp-content\\\/uploads\\\/nc\\\/catalog\\\/Israel\\\/Lavilin\\\/bio-balance-72h-roll-on-deodorant-3.jpg\",\"contentUrl\":\"https:\\\/\\\/women.lv\\\/wp-content\\\/uploads\\\/nc\\\/catalog\\\/Israel\\\/Lavilin\\\/bio-balance-72h-roll-on-deodorant-3.jpg\",\"width\":1280,\"height\":1280,\"caption\":\"Bio Balance 72h rull\u0113jamais dezodorants\"},{\"@type\":\"BreadcrumbList\",\"@id\":\"https:\\\/\\\/women.lv\\\/product\\\/bio-balance-72h-rullejamais-dezodorants\\\/#breadcrumb\",\"itemListElement\":[{\"@type\":\"ListItem\",\"position\":1,\"name\":\"Home\",\"item\":\"https:\\\/\\\/women.lv\\\/\"},{\"@type\":\"ListItem\",\"position\":2,\"name\":\"Products\",\"item\":\"https:\\\/\\\/women.lv\\\/en\\\/shop\\\/\"},{\"@type\":\"ListItem\",\"position\":3,\"name\":\"Bio Balance 72h rull\u0113jamais dezodorants\"}]},{\"@type\":\"WebSite\",\"@id\":\"https:\\\/\\\/women.lv\\\/#website\",\"url\":\"https:\\\/\\\/women.lv\\\/\",\"name\":\"Women Veikals\",\"description\":\"Uzdr\u012bksties b\u016bt skaista\",\"potentialAction\":[{\"@type\":\"SearchAction\",\"target\":{\"@type\":\"EntryPoint\",\"urlTemplate\":\"https:\\\/\\\/women.lv\\\/?s={search_term_string}\"},\"query-input\":{\"@type\":\"PropertyValueSpecification\",\"valueRequired\":true,\"valueName\":\"search_term_string\"}}],\"inLanguage\":\"en-GB\"}]}<\/script>\n<!-- \/ Yoast SEO plugin. -->","yoast_head_json":{"title":"Bio Balance 72h roll-on deodorant","description":"\u0160\u012b \u016bdensiztur\u012bg\u0101 formula ir izstr\u0101d\u0101ta, lai aizsarg\u0101tu J\u016bs pret kaitino\u0161iem sviedriem un smaku. Lavilin 72h dezodorants no Micro Balance nesatur alum\u012bniju, spirtu un parab\u0113nus tas ir dro\u0161s un maigs, t\u0101p\u0113c neizraisa kairin\u0101jumu. Uzkl\u0101jot \u0161o dezodorantu uz","robots":{"index":"index","follow":"follow","max-snippet":"max-snippet:-1","max-image-preview":"max-image-preview:large","max-video-preview":"max-video-preview:-1"},"canonical":"https:\/\/women.lv\/en\/product\/bio-balance-72h-rullejamais-dezodorants\/","og_locale":"en_GB","og_type":"article","og_title":"Bio Balance 72h rull\u0113jamais dezodorants","og_description":"\u0160\u012b \u016bdensiztur\u012bg\u0101 formula ir izstr\u0101d\u0101ta, lai aizsarg\u0101tu J\u016bs pret kaitino\u0161iem sviedriem un smaku. Lavilin 72h dezodorants no Micro Balance nesatur alum\u012bniju, spirtu un parab\u0113nus tas ir dro\u0161s un maigs, t\u0101p\u0113c neizraisa kairin\u0101jumu. Uzkl\u0101jot \u0161o dezodorantu uz","og_url":"https:\/\/women.lv\/en\/product\/bio-balance-72h-rullejamais-dezodorants\/","og_site_name":"Women Veikals","article_modified_time":"2025-11-05T13:26:25+00:00","og_image":[{"width":1280,"height":1280,"url":"https:\/\/women.lv\/wp-content\/uploads\/nc\/catalog\/Israel\/Lavilin\/bio-balance-72h-roll-on-deodorant-3.jpg","type":"image\/jpeg"}],"twitter_card":"summary_large_image","twitter_misc":{"Estimated reading time":"1 minute"},"schema":{"@context":"https:\/\/schema.org","@graph":[{"@type":"WebPage","@id":"https:\/\/women.lv\/product\/bio-balance-72h-rullejamais-dezodorants\/","url":"https:\/\/women.lv\/product\/bio-balance-72h-rullejamais-dezodorants\/","name":"Bio Balance 72h roll-on deodorant","isPartOf":{"@id":"https:\/\/women.lv\/#website"},"primaryImageOfPage":{"@id":"https:\/\/women.lv\/product\/bio-balance-72h-rullejamais-dezodorants\/#primaryimage"},"image":{"@id":"https:\/\/women.lv\/product\/bio-balance-72h-rullejamais-dezodorants\/#primaryimage"},"thumbnailUrl":"https:\/\/women.lv\/wp-content\/uploads\/nc\/catalog\/Israel\/Lavilin\/bio-balance-72h-roll-on-deodorant-3.jpg","datePublished":"2022-01-25T19:25:38+00:00","dateModified":"2025-11-05T13:26:25+00:00","description":"\u0160\u012b \u016bdensiztur\u012bg\u0101 formula ir izstr\u0101d\u0101ta, lai aizsarg\u0101tu J\u016bs pret kaitino\u0161iem sviedriem un smaku. Lavilin 72h dezodorants no Micro Balance nesatur alum\u012bniju, spirtu un parab\u0113nus tas ir dro\u0161s un maigs, t\u0101p\u0113c neizraisa kairin\u0101jumu. Uzkl\u0101jot \u0161o dezodorantu uz","breadcrumb":{"@id":"https:\/\/women.lv\/product\/bio-balance-72h-rullejamais-dezodorants\/#breadcrumb"},"inLanguage":"en-GB","potentialAction":[{"@type":"ReadAction","target":["https:\/\/women.lv\/product\/bio-balance-72h-rullejamais-dezodorants\/"]}]},{"@type":"ImageObject","inLanguage":"en-GB","@id":"https:\/\/women.lv\/product\/bio-balance-72h-rullejamais-dezodorants\/#primaryimage","url":"https:\/\/women.lv\/wp-content\/uploads\/nc\/catalog\/Israel\/Lavilin\/bio-balance-72h-roll-on-deodorant-3.jpg","contentUrl":"https:\/\/women.lv\/wp-content\/uploads\/nc\/catalog\/Israel\/Lavilin\/bio-balance-72h-roll-on-deodorant-3.jpg","width":1280,"height":1280,"caption":"Bio Balance 72h rull\u0113jamais dezodorants"},{"@type":"BreadcrumbList","@id":"https:\/\/women.lv\/product\/bio-balance-72h-rullejamais-dezodorants\/#breadcrumb","itemListElement":[{"@type":"ListItem","position":1,"name":"Home","item":"https:\/\/women.lv\/"},{"@type":"ListItem","position":2,"name":"Products","item":"https:\/\/women.lv\/en\/shop\/"},{"@type":"ListItem","position":3,"name":"Bio Balance 72h rull\u0113jamais dezodorants"}]},{"@type":"WebSite","@id":"https:\/\/women.lv\/#website","url":"https:\/\/women.lv\/","name":"Women Shop","description":"Uzdr\u012bksties b\u016bt skaista","potentialAction":[{"@type":"SearchAction","target":{"@type":"EntryPoint","urlTemplate":"https:\/\/women.lv\/?s={search_term_string}"},"query-input":{"@type":"PropertyValueSpecification","valueRequired":true,"valueName":"search_term_string"}}],"inLanguage":"en-GB"}]}},"_links":{"self":[{"href":"https:\/\/women.lv\/en\/wp-json\/wp\/v2\/product\/28843","targetHints":{"allow":["GET"]}}],"collection":[{"href":"https:\/\/women.lv\/en\/wp-json\/wp\/v2\/product"}],"about":[{"href":"https:\/\/women.lv\/en\/wp-json\/wp\/v2\/types\/product"}],"replies":[{"embeddable":true,"href":"https:\/\/women.lv\/en\/wp-json\/wp\/v2\/comments?post=28843"}],"version-history":[{"count":0,"href":"https:\/\/women.lv\/en\/wp-json\/wp\/v2\/product\/28843\/revisions"}],"wp:featuredmedia":[{"embeddable":true,"href":"https:\/\/women.lv\/en\/wp-json\/wp\/v2\/media\/28844"}],"wp:attachment":[{"href":"https:\/\/women.lv\/en\/wp-json\/wp\/v2\/media?parent=28843"}],"wp:term":[{"taxonomy":"product_brand","embeddable":true,"href":"https:\/\/women.lv\/en\/wp-json\/wp\/v2\/product_brand?post=28843"},{"taxonomy":"product_cat","embeddable":true,"href":"https:\/\/women.lv\/en\/wp-json\/wp\/v2\/product_cat?post=28843"},{"taxonomy":"product_tag","embeddable":true,"href":"https:\/\/women.lv\/en\/wp-json\/wp\/v2\/product_tag?post=28843"}],"curies":[{"name":"wp","href":"https:\/\/api.w.org\/{rel}","templated":true}]}}