{"id":28825,"date":"2021-09-10T15:19:18","date_gmt":"2021-09-10T15:19:18","guid":{"rendered":"https:\/\/women.lv\/?product=ricinellas-kondicionieris"},"modified":"2025-11-05T13:26:22","modified_gmt":"2025-11-05T13:26:22","slug":"ricinellas-kondicionieris","status":"publish","type":"product","link":"https:\/\/women.lv\/en\/product\/ricinellas-kondicionieris\/","title":{"rendered":"Castor oil conditioner"},"content":{"rendered":"<p><span style=\"font-family: Helvetica;\"><span style=\"font-size: 18px;\">Restores dry and damaged hair from chemical hair treatment, coloring or thermal styling. Enriched with hemp oil, castor oil, argan oil and Dead Sea minerals to promote hair growth and control hair breakage. Moisturizing, nourishing and protecting hair against heat, dirt and harmful environmental substances. Conditioner can also help reduce split ends. <b>As a result <\/b>&#8211; mati\u00a0ir piln\u012bgi gludi, z\u012bdaini un sp\u012bd\u012bgi!<\/span><\/span><\/p>","protected":false},"excerpt":{"rendered":"<p>Restores dry and damaged hair from chemical hair treatment, coloring or thermal styling. Enriched with hemp oil, castor oil, argan oil<\/p>","protected":false},"featured_media":28826,"comment_status":"open","ping_status":"closed","template":"","meta":[],"product_brand":[],"product_cat":[2205,2204,2215],"product_tag":[3532,3534,2240,3533],"class_list":{"0":"post-28825","1":"product","2":"type-product","3":"status-publish","4":"has-post-thumbnail","6":"product_cat-kondicionieri","7":"product_cat-matu-kopsanas-lidzekli","8":"product_cat-visi-produkti","9":"product_tag-castor-oil-conditioner","10":"product_tag-ricinellas-kondicionieris","11":"product_tag-yofing","12":"product_tag-3533","13":"pa_brand_nc-yofing","14":"pa_ean_nc-3531","15":"pa_ean_nc-israel","17":"first","18":"instock","19":"sale","20":"taxable","21":"shipping-taxable","22":"purchasable","23":"product-type-simple"},"yoast_head":"<!-- This site is optimized with the Yoast SEO plugin v23.9 - https:\/\/yoast.com\/wordpress\/plugins\/seo\/ -->\n<title>R\u012bcine\u013c\u013cas kondicionieris<\/title>\n<meta name=\"description\" content=\"Rezult\u0101t\u0101 - mati ir piln\u012bgi gludi, z\u012bdaini un sp\u012bd\u012bgi!\" \/>\n<meta name=\"robots\" content=\"index, follow, max-snippet:-1, max-image-preview:large, max-video-preview:-1\" \/>\n<link rel=\"canonical\" href=\"https:\/\/women.lv\/en\/product\/ricinellas-kondicionieris\/\" \/>\n<meta property=\"og:locale\" content=\"en_GB\" \/>\n<meta property=\"og:type\" content=\"article\" \/>\n<meta property=\"og:title\" content=\"R\u012bcine\u013c\u013cas kondicionieris\" \/>\n<meta property=\"og:description\" content=\"Rezult\u0101t\u0101 - mati ir piln\u012bgi gludi, z\u012bdaini un sp\u012bd\u012bgi!\" \/>\n<meta property=\"og:url\" content=\"https:\/\/women.lv\/en\/product\/ricinellas-kondicionieris\/\" \/>\n<meta property=\"og:site_name\" content=\"Women Veikals\" \/>\n<meta property=\"article:modified_time\" content=\"2025-11-05T13:26:22+00:00\" \/>\n<meta property=\"og:image\" content=\"https:\/\/women.lv\/wp-content\/uploads\/nc\/catalog\/Israel\/Yofing\/Hair\/castor-conditioner-2.PNG\" \/>\n\t<meta property=\"og:image:width\" content=\"895\" \/>\n\t<meta property=\"og:image:height\" content=\"892\" \/>\n\t<meta property=\"og:image:type\" content=\"image\/png\" \/>\n<meta name=\"twitter:card\" content=\"summary_large_image\" \/>\n<script type=\"application\/ld+json\" class=\"yoast-schema-graph\">{\"@context\":\"https:\/\/schema.org\",\"@graph\":[{\"@type\":\"WebPage\",\"@id\":\"https:\/\/women.lv\/product\/ricinellas-kondicionieris\/\",\"url\":\"https:\/\/women.lv\/product\/ricinellas-kondicionieris\/\",\"name\":\"R\u012bcine\u013c\u013cas kondicionieris\",\"isPartOf\":{\"@id\":\"https:\/\/women.lv\/#website\"},\"primaryImageOfPage\":{\"@id\":\"https:\/\/women.lv\/product\/ricinellas-kondicionieris\/#primaryimage\"},\"image\":{\"@id\":\"https:\/\/women.lv\/product\/ricinellas-kondicionieris\/#primaryimage\"},\"thumbnailUrl\":\"https:\/\/women.lv\/wp-content\/uploads\/nc\/catalog\/Israel\/Yofing\/Hair\/castor-conditioner-2.PNG\",\"datePublished\":\"2021-09-10T15:19:18+00:00\",\"dateModified\":\"2025-11-05T13:26:22+00:00\",\"description\":\"Rezult\u0101t\u0101 - mati ir piln\u012bgi gludi, z\u012bdaini un sp\u012bd\u012bgi!\",\"breadcrumb\":{\"@id\":\"https:\/\/women.lv\/product\/ricinellas-kondicionieris\/#breadcrumb\"},\"inLanguage\":\"en-GB\",\"potentialAction\":[{\"@type\":\"ReadAction\",\"target\":[\"https:\/\/women.lv\/product\/ricinellas-kondicionieris\/\"]}]},{\"@type\":\"ImageObject\",\"inLanguage\":\"en-GB\",\"@id\":\"https:\/\/women.lv\/product\/ricinellas-kondicionieris\/#primaryimage\",\"url\":\"https:\/\/women.lv\/wp-content\/uploads\/nc\/catalog\/Israel\/Yofing\/Hair\/castor-conditioner-2.PNG\",\"contentUrl\":\"https:\/\/women.lv\/wp-content\/uploads\/nc\/catalog\/Israel\/Yofing\/Hair\/castor-conditioner-2.PNG\",\"width\":895,\"height\":892,\"caption\":\"R\u012bcine\u013c\u013cas kondicionieris\"},{\"@type\":\"BreadcrumbList\",\"@id\":\"https:\/\/women.lv\/product\/ricinellas-kondicionieris\/#breadcrumb\",\"itemListElement\":[{\"@type\":\"ListItem\",\"position\":1,\"name\":\"Home\",\"item\":\"https:\/\/women.lv\/\"},{\"@type\":\"ListItem\",\"position\":2,\"name\":\"Products\",\"item\":\"https:\/\/women.lv\/en\/shop\/\"},{\"@type\":\"ListItem\",\"position\":3,\"name\":\"R\u012bcine\u013c\u013cas kondicionieris\"}]},{\"@type\":\"WebSite\",\"@id\":\"https:\/\/women.lv\/#website\",\"url\":\"https:\/\/women.lv\/\",\"name\":\"Women Veikals\",\"description\":\"Uzdr\u012bksties b\u016bt skaista\",\"potentialAction\":[{\"@type\":\"SearchAction\",\"target\":{\"@type\":\"EntryPoint\",\"urlTemplate\":\"https:\/\/women.lv\/?s={search_term_string}\"},\"query-input\":{\"@type\":\"PropertyValueSpecification\",\"valueRequired\":true,\"valueName\":\"search_term_string\"}}],\"inLanguage\":\"en-GB\"}]}<\/script>\n<!-- \/ Yoast SEO plugin. -->","yoast_head_json":{"title":"R\u012bcine\u013c\u013cas kondicionieris","description":"Rezult\u0101t\u0101 - mati ir piln\u012bgi gludi, z\u012bdaini un sp\u012bd\u012bgi!","robots":{"index":"index","follow":"follow","max-snippet":"max-snippet:-1","max-image-preview":"max-image-preview:large","max-video-preview":"max-video-preview:-1"},"canonical":"https:\/\/women.lv\/en\/product\/ricinellas-kondicionieris\/","og_locale":"en_GB","og_type":"article","og_title":"R\u012bcine\u013c\u013cas kondicionieris","og_description":"Rezult\u0101t\u0101 - mati ir piln\u012bgi gludi, z\u012bdaini un sp\u012bd\u012bgi!","og_url":"https:\/\/women.lv\/en\/product\/ricinellas-kondicionieris\/","og_site_name":"Women Veikals","article_modified_time":"2025-11-05T13:26:22+00:00","og_image":[{"width":895,"height":892,"url":"https:\/\/women.lv\/wp-content\/uploads\/nc\/catalog\/Israel\/Yofing\/Hair\/castor-conditioner-2.PNG","type":"image\/png"}],"twitter_card":"summary_large_image","schema":{"@context":"https:\/\/schema.org","@graph":[{"@type":"WebPage","@id":"https:\/\/women.lv\/product\/ricinellas-kondicionieris\/","url":"https:\/\/women.lv\/product\/ricinellas-kondicionieris\/","name":"R\u012bcine\u013c\u013cas kondicionieris","isPartOf":{"@id":"https:\/\/women.lv\/#website"},"primaryImageOfPage":{"@id":"https:\/\/women.lv\/product\/ricinellas-kondicionieris\/#primaryimage"},"image":{"@id":"https:\/\/women.lv\/product\/ricinellas-kondicionieris\/#primaryimage"},"thumbnailUrl":"https:\/\/women.lv\/wp-content\/uploads\/nc\/catalog\/Israel\/Yofing\/Hair\/castor-conditioner-2.PNG","datePublished":"2021-09-10T15:19:18+00:00","dateModified":"2025-11-05T13:26:22+00:00","description":"Rezult\u0101t\u0101 - mati ir piln\u012bgi gludi, z\u012bdaini un sp\u012bd\u012bgi!","breadcrumb":{"@id":"https:\/\/women.lv\/product\/ricinellas-kondicionieris\/#breadcrumb"},"inLanguage":"en-GB","potentialAction":[{"@type":"ReadAction","target":["https:\/\/women.lv\/product\/ricinellas-kondicionieris\/"]}]},{"@type":"ImageObject","inLanguage":"en-GB","@id":"https:\/\/women.lv\/product\/ricinellas-kondicionieris\/#primaryimage","url":"https:\/\/women.lv\/wp-content\/uploads\/nc\/catalog\/Israel\/Yofing\/Hair\/castor-conditioner-2.PNG","contentUrl":"https:\/\/women.lv\/wp-content\/uploads\/nc\/catalog\/Israel\/Yofing\/Hair\/castor-conditioner-2.PNG","width":895,"height":892,"caption":"R\u012bcine\u013c\u013cas kondicionieris"},{"@type":"BreadcrumbList","@id":"https:\/\/women.lv\/product\/ricinellas-kondicionieris\/#breadcrumb","itemListElement":[{"@type":"ListItem","position":1,"name":"Home","item":"https:\/\/women.lv\/"},{"@type":"ListItem","position":2,"name":"Products","item":"https:\/\/women.lv\/en\/shop\/"},{"@type":"ListItem","position":3,"name":"R\u012bcine\u013c\u013cas kondicionieris"}]},{"@type":"WebSite","@id":"https:\/\/women.lv\/#website","url":"https:\/\/women.lv\/","name":"Women Veikals","description":"Uzdr\u012bksties b\u016bt skaista","potentialAction":[{"@type":"SearchAction","target":{"@type":"EntryPoint","urlTemplate":"https:\/\/women.lv\/?s={search_term_string}"},"query-input":{"@type":"PropertyValueSpecification","valueRequired":true,"valueName":"search_term_string"}}],"inLanguage":"en-GB"}]}},"_links":{"self":[{"href":"https:\/\/women.lv\/en\/wp-json\/wp\/v2\/product\/28825","targetHints":{"allow":["GET"]}}],"collection":[{"href":"https:\/\/women.lv\/en\/wp-json\/wp\/v2\/product"}],"about":[{"href":"https:\/\/women.lv\/en\/wp-json\/wp\/v2\/types\/product"}],"replies":[{"embeddable":true,"href":"https:\/\/women.lv\/en\/wp-json\/wp\/v2\/comments?post=28825"}],"version-history":[{"count":2,"href":"https:\/\/women.lv\/en\/wp-json\/wp\/v2\/product\/28825\/revisions"}],"predecessor-version":[{"id":29612,"href":"https:\/\/women.lv\/en\/wp-json\/wp\/v2\/product\/28825\/revisions\/29612"}],"wp:featuredmedia":[{"embeddable":true,"href":"https:\/\/women.lv\/en\/wp-json\/wp\/v2\/media\/28826"}],"wp:attachment":[{"href":"https:\/\/women.lv\/en\/wp-json\/wp\/v2\/media?parent=28825"}],"wp:term":[{"taxonomy":"product_brand","embeddable":true,"href":"https:\/\/women.lv\/en\/wp-json\/wp\/v2\/product_brand?post=28825"},{"taxonomy":"product_cat","embeddable":true,"href":"https:\/\/women.lv\/en\/wp-json\/wp\/v2\/product_cat?post=28825"},{"taxonomy":"product_tag","embeddable":true,"href":"https:\/\/women.lv\/en\/wp-json\/wp\/v2\/product_tag?post=28825"}],"curies":[{"name":"wp","href":"https:\/\/api.w.org\/{rel}","templated":true}]}}