{"id":28823,"date":"2021-04-16T13:19:38","date_gmt":"2021-04-16T13:19:38","guid":{"rendered":"https:\/\/women.lv\/?product=prickly-pear-matu-maska-superfood"},"modified":"2026-03-21T11:46:49","modified_gmt":"2026-03-21T09:46:49","slug":"prickly-pear-matu-maska","status":"publish","type":"product","link":"https:\/\/women.lv\/en\/product\/prickly-pear-matu-maska\/","title":{"rendered":"Prickly Pear Hair Mask \u2013 Superfood"},"content":{"rendered":"<p><span style=\"font-family: Helvetica;\"><span style=\"font-size: 18px;\"><b>Deeply moisturizes and restores<\/b> hair vitality while stabilizing the scalp with the Prickly Pear moisturizing hair mask. Enriched with a unique blend of natural oils and plant extracts, this mask is infused with nature&#039;s most powerful ingredients for visible results. Each of our superfood products is made with natural, vegan ingredients to hydrate, refresh and brighten your day!<\/span><\/span><\/p>\n<p><span style=\"font-family: Helvetica;\"><span style=\"font-size: 18px;\">Prickly pear cactus can live for years without moisture and comes back to life with just a drop of water. This desert fruit is a real super plant, rich in vitamins and natural proteins, amino acids, antioxidants and proteins. Its seeds produce rejuvenating oils that <b>deep conditioning<\/b> and <b>protects the hair<\/b>.<\/p>\n<p><\/span><\/span><\/p>\n<ul>\n<li><span style=\"font-family: Helvetica;\"><span style=\"font-size: 18px;\">SLS and paraben free, made without cruelty to the environment, never tested on animals.<\/span><\/span><\/li>\n<\/ul>","protected":false},"excerpt":{"rendered":"<p>Deeply hydrates and restores hair vitality while stabilizing the scalp with Prickly Pear Moisturizing Hair Mask. Enriched with unique natural<\/p>","protected":false},"featured_media":28824,"comment_status":"open","ping_status":"closed","template":"","meta":[],"product_brand":[],"product_cat":[2204,2207,2215],"product_tag":[3528,2244,2243,3530,3510,3509,3513,3517,3516,3518,2245,3529],"class_list":{"0":"post-28823","1":"product","2":"type-product","3":"status-publish","4":"has-post-thumbnail","6":"product_cat-matu-kopsanas-lidzekli","7":"product_cat-matu-maskas","8":"product_cat-visi-produkti","9":"product_tag-hair-mask","10":"product_tag-israel","11":"product_tag-izraela","12":"product_tag-matu-maska","13":"product_tag-prickly-pear","14":"product_tag-schwartz","15":"product_tag-superfood","16":"product_tag-vegan","17":"product_tag-vegans","18":"product_tag-3518","19":"product_tag-2245","20":"product_tag-3529","21":"pa_brand_nc-schwartz","22":"pa_ean_nc-3527","23":"pa_ean_nc-israel","25":"first","26":"instock","27":"sale","28":"taxable","29":"shipping-taxable","30":"purchasable","31":"product-type-simple"},"yoast_head":"<!-- This site is optimized with the Yoast SEO plugin v23.9 - https:\/\/yoast.com\/wordpress\/plugins\/seo\/ -->\n<title>Prickly Pear Matu maska - Superfood<\/title>\n<meta name=\"description\" content=\"Dzi\u013ci mitrina un atjauno matu vitalit\u0101ti, vienlaikus stabiliz\u0113jot galvas \u0101du ar Prickly Pear mitrino\u0161o matu masku.\" \/>\n<meta name=\"robots\" content=\"index, follow, max-snippet:-1, max-image-preview:large, max-video-preview:-1\" \/>\n<link rel=\"canonical\" href=\"https:\/\/women.lv\/en\/product\/prickly-pear-matu-maska\/\" \/>\n<meta property=\"og:locale\" content=\"en_GB\" \/>\n<meta property=\"og:type\" content=\"article\" \/>\n<meta property=\"og:title\" content=\"Prickly Pear Matu maska - Superfood\" \/>\n<meta property=\"og:description\" content=\"Dzi\u013ci mitrina un atjauno matu vitalit\u0101ti, vienlaikus stabiliz\u0113jot galvas \u0101du ar Prickly Pear mitrino\u0161o matu masku.\" \/>\n<meta property=\"og:url\" content=\"https:\/\/women.lv\/en\/product\/prickly-pear-matu-maska\/\" \/>\n<meta property=\"og:site_name\" content=\"Women Veikals\" \/>\n<meta property=\"article:modified_time\" content=\"2026-03-21T09:46:49+00:00\" \/>\n<meta property=\"og:image\" content=\"https:\/\/women.lv\/wp-content\/uploads\/nc\/catalog\/Israel\/Schwartz\/Prickly-Pear-Superfood\/prickly-pear-hair-mask.PNG\" \/>\n\t<meta property=\"og:image:width\" content=\"488\" \/>\n\t<meta property=\"og:image:height\" content=\"355\" \/>\n\t<meta property=\"og:image:type\" content=\"image\/png\" \/>\n<meta name=\"twitter:card\" content=\"summary_large_image\" \/>\n<meta name=\"twitter:label1\" content=\"Estimated reading time\" \/>\n\t<meta name=\"twitter:data1\" content=\"1 minute\" \/>\n<script type=\"application\/ld+json\" class=\"yoast-schema-graph\">{\"@context\":\"https:\/\/schema.org\",\"@graph\":[{\"@type\":\"WebPage\",\"@id\":\"https:\/\/women.lv\/product\/prickly-pear-matu-maska\/\",\"url\":\"https:\/\/women.lv\/product\/prickly-pear-matu-maska\/\",\"name\":\"Prickly Pear Matu maska - Superfood\",\"isPartOf\":{\"@id\":\"https:\/\/women.lv\/#website\"},\"primaryImageOfPage\":{\"@id\":\"https:\/\/women.lv\/product\/prickly-pear-matu-maska\/#primaryimage\"},\"image\":{\"@id\":\"https:\/\/women.lv\/product\/prickly-pear-matu-maska\/#primaryimage\"},\"thumbnailUrl\":\"https:\/\/women.lv\/wp-content\/uploads\/nc\/catalog\/Israel\/Schwartz\/Prickly-Pear-Superfood\/prickly-pear-hair-mask.PNG\",\"datePublished\":\"2021-04-16T13:19:38+00:00\",\"dateModified\":\"2026-03-21T09:46:49+00:00\",\"description\":\"Dzi\u013ci mitrina un atjauno matu vitalit\u0101ti, vienlaikus stabiliz\u0113jot galvas \u0101du ar Prickly Pear mitrino\u0161o matu masku.\",\"breadcrumb\":{\"@id\":\"https:\/\/women.lv\/product\/prickly-pear-matu-maska\/#breadcrumb\"},\"inLanguage\":\"en-GB\",\"potentialAction\":[{\"@type\":\"ReadAction\",\"target\":[\"https:\/\/women.lv\/product\/prickly-pear-matu-maska\/\"]}]},{\"@type\":\"ImageObject\",\"inLanguage\":\"en-GB\",\"@id\":\"https:\/\/women.lv\/product\/prickly-pear-matu-maska\/#primaryimage\",\"url\":\"https:\/\/women.lv\/wp-content\/uploads\/nc\/catalog\/Israel\/Schwartz\/Prickly-Pear-Superfood\/prickly-pear-hair-mask.PNG\",\"contentUrl\":\"https:\/\/women.lv\/wp-content\/uploads\/nc\/catalog\/Israel\/Schwartz\/Prickly-Pear-Superfood\/prickly-pear-hair-mask.PNG\",\"width\":488,\"height\":355,\"caption\":\"Prickly Pear Matu maska - Superfood\"},{\"@type\":\"BreadcrumbList\",\"@id\":\"https:\/\/women.lv\/product\/prickly-pear-matu-maska\/#breadcrumb\",\"itemListElement\":[{\"@type\":\"ListItem\",\"position\":1,\"name\":\"Home\",\"item\":\"https:\/\/women.lv\/\"},{\"@type\":\"ListItem\",\"position\":2,\"name\":\"Products\",\"item\":\"https:\/\/women.lv\/en\/shop\/\"},{\"@type\":\"ListItem\",\"position\":3,\"name\":\"Prickly Pear Matu maska &#8211; Superfood\"}]},{\"@type\":\"WebSite\",\"@id\":\"https:\/\/women.lv\/#website\",\"url\":\"https:\/\/women.lv\/\",\"name\":\"Women Veikals\",\"description\":\"Uzdr\u012bksties b\u016bt skaista\",\"potentialAction\":[{\"@type\":\"SearchAction\",\"target\":{\"@type\":\"EntryPoint\",\"urlTemplate\":\"https:\/\/women.lv\/?s={search_term_string}\"},\"query-input\":{\"@type\":\"PropertyValueSpecification\",\"valueRequired\":true,\"valueName\":\"search_term_string\"}}],\"inLanguage\":\"en-GB\"}]}<\/script>\n<!-- \/ Yoast SEO plugin. -->","yoast_head_json":{"title":"Prickly Pear Matu maska - Superfood","description":"Dzi\u013ci mitrina un atjauno matu vitalit\u0101ti, vienlaikus stabiliz\u0113jot galvas \u0101du ar Prickly Pear mitrino\u0161o matu masku.","robots":{"index":"index","follow":"follow","max-snippet":"max-snippet:-1","max-image-preview":"max-image-preview:large","max-video-preview":"max-video-preview:-1"},"canonical":"https:\/\/women.lv\/en\/product\/prickly-pear-matu-maska\/","og_locale":"en_GB","og_type":"article","og_title":"Prickly Pear Matu maska - Superfood","og_description":"Dzi\u013ci mitrina un atjauno matu vitalit\u0101ti, vienlaikus stabiliz\u0113jot galvas \u0101du ar Prickly Pear mitrino\u0161o matu masku.","og_url":"https:\/\/women.lv\/en\/product\/prickly-pear-matu-maska\/","og_site_name":"Women Veikals","article_modified_time":"2026-03-21T09:46:49+00:00","og_image":[{"width":488,"height":355,"url":"https:\/\/women.lv\/wp-content\/uploads\/nc\/catalog\/Israel\/Schwartz\/Prickly-Pear-Superfood\/prickly-pear-hair-mask.PNG","type":"image\/png"}],"twitter_card":"summary_large_image","twitter_misc":{"Estimated reading time":"1 minute"},"schema":{"@context":"https:\/\/schema.org","@graph":[{"@type":"WebPage","@id":"https:\/\/women.lv\/product\/prickly-pear-matu-maska\/","url":"https:\/\/women.lv\/product\/prickly-pear-matu-maska\/","name":"Prickly Pear Matu maska - Superfood","isPartOf":{"@id":"https:\/\/women.lv\/#website"},"primaryImageOfPage":{"@id":"https:\/\/women.lv\/product\/prickly-pear-matu-maska\/#primaryimage"},"image":{"@id":"https:\/\/women.lv\/product\/prickly-pear-matu-maska\/#primaryimage"},"thumbnailUrl":"https:\/\/women.lv\/wp-content\/uploads\/nc\/catalog\/Israel\/Schwartz\/Prickly-Pear-Superfood\/prickly-pear-hair-mask.PNG","datePublished":"2021-04-16T13:19:38+00:00","dateModified":"2026-03-21T09:46:49+00:00","description":"Dzi\u013ci mitrina un atjauno matu vitalit\u0101ti, vienlaikus stabiliz\u0113jot galvas \u0101du ar Prickly Pear mitrino\u0161o matu masku.","breadcrumb":{"@id":"https:\/\/women.lv\/product\/prickly-pear-matu-maska\/#breadcrumb"},"inLanguage":"en-GB","potentialAction":[{"@type":"ReadAction","target":["https:\/\/women.lv\/product\/prickly-pear-matu-maska\/"]}]},{"@type":"ImageObject","inLanguage":"en-GB","@id":"https:\/\/women.lv\/product\/prickly-pear-matu-maska\/#primaryimage","url":"https:\/\/women.lv\/wp-content\/uploads\/nc\/catalog\/Israel\/Schwartz\/Prickly-Pear-Superfood\/prickly-pear-hair-mask.PNG","contentUrl":"https:\/\/women.lv\/wp-content\/uploads\/nc\/catalog\/Israel\/Schwartz\/Prickly-Pear-Superfood\/prickly-pear-hair-mask.PNG","width":488,"height":355,"caption":"Prickly Pear Matu maska - Superfood"},{"@type":"BreadcrumbList","@id":"https:\/\/women.lv\/product\/prickly-pear-matu-maska\/#breadcrumb","itemListElement":[{"@type":"ListItem","position":1,"name":"Home","item":"https:\/\/women.lv\/"},{"@type":"ListItem","position":2,"name":"Products","item":"https:\/\/women.lv\/en\/shop\/"},{"@type":"ListItem","position":3,"name":"Prickly Pear Matu maska &#8211; Superfood"}]},{"@type":"WebSite","@id":"https:\/\/women.lv\/#website","url":"https:\/\/women.lv\/","name":"Women Veikals","description":"Uzdr\u012bksties b\u016bt skaista","potentialAction":[{"@type":"SearchAction","target":{"@type":"EntryPoint","urlTemplate":"https:\/\/women.lv\/?s={search_term_string}"},"query-input":{"@type":"PropertyValueSpecification","valueRequired":true,"valueName":"search_term_string"}}],"inLanguage":"en-GB"}]}},"_links":{"self":[{"href":"https:\/\/women.lv\/en\/wp-json\/wp\/v2\/product\/28823","targetHints":{"allow":["GET"]}}],"collection":[{"href":"https:\/\/women.lv\/en\/wp-json\/wp\/v2\/product"}],"about":[{"href":"https:\/\/women.lv\/en\/wp-json\/wp\/v2\/types\/product"}],"replies":[{"embeddable":true,"href":"https:\/\/women.lv\/en\/wp-json\/wp\/v2\/comments?post=28823"}],"version-history":[{"count":2,"href":"https:\/\/women.lv\/en\/wp-json\/wp\/v2\/product\/28823\/revisions"}],"predecessor-version":[{"id":29634,"href":"https:\/\/women.lv\/en\/wp-json\/wp\/v2\/product\/28823\/revisions\/29634"}],"wp:featuredmedia":[{"embeddable":true,"href":"https:\/\/women.lv\/en\/wp-json\/wp\/v2\/media\/28824"}],"wp:attachment":[{"href":"https:\/\/women.lv\/en\/wp-json\/wp\/v2\/media?parent=28823"}],"wp:term":[{"taxonomy":"product_brand","embeddable":true,"href":"https:\/\/women.lv\/en\/wp-json\/wp\/v2\/product_brand?post=28823"},{"taxonomy":"product_cat","embeddable":true,"href":"https:\/\/women.lv\/en\/wp-json\/wp\/v2\/product_cat?post=28823"},{"taxonomy":"product_tag","embeddable":true,"href":"https:\/\/women.lv\/en\/wp-json\/wp\/v2\/product_tag?post=28823"}],"curies":[{"name":"wp","href":"https:\/\/api.w.org\/{rel}","templated":true}]}}