{"id":28821,"date":"2021-04-16T12:43:03","date_gmt":"2021-04-16T12:43:03","guid":{"rendered":"https:\/\/women.lv\/?product=prickly-pear-mitrinoss-kondicionieris-superfood"},"modified":"2026-03-21T11:47:02","modified_gmt":"2026-03-21T09:47:02","slug":"prickly-pear-mitrinoss-kondicionieris","status":"publish","type":"product","link":"https:\/\/women.lv\/en\/product\/prickly-pear-mitrinoss-kondicionieris\/","title":{"rendered":"Prickly Pear Moisturizing Conditioner \u2013 Superfood"},"content":{"rendered":"<p><span style=\"font-family: Helvetica;\"><span style=\"font-size: 18px;\">Prickly Pear Conditioner <b>will moisturize<\/b> and will help <b>restore the natural shine<\/b> and <b>flexibility<\/b>\u00a0hair. Enriched with a unique blend of plant extracts and natural oils packed with nature&#039;s most powerful ingredients for visible results<\/span><\/span><\/p>\n<p><span style=\"font-family: Helvetica;\"><span style=\"font-size: 18px;\">Prickly pear cactus can live for years without moisture and comes back to life with just a drop of water. This desert fruit is a real super plant, rich in vitamins and natural proteins, amino acids, antioxidants and proteins. Its seeds produce rejuvenating oils that <b>deeply conditions and protects hair<\/b>.<\/span><\/span><\/p>\n<ul>\n<li><span style=\"font-family: Helvetica;\"><span style=\"font-size: 18px;\">SLS and paraben free, made without cruelty to the environment, never tested on animals.<\/span><\/span><\/li>\n<\/ul>","protected":false},"excerpt":{"rendered":"<p>Prickly Pear conditioner moisturizes and helps restore natural shine and elasticity to hair. Enriched with a unique mixture of plant extracts and natural oils,<\/p>","protected":false},"featured_media":28822,"comment_status":"open","ping_status":"closed","template":"","meta":[],"product_brand":[],"product_cat":[2205,2204,2215],"product_tag":[3524,2244,2243,3526,3510,3509,3513,3517,3516,3518,2245,3525],"class_list":{"0":"post-28821","1":"product","2":"type-product","3":"status-publish","4":"has-post-thumbnail","6":"product_cat-kondicionieri","7":"product_cat-matu-kopsanas-lidzekli","8":"product_cat-visi-produkti","9":"product_tag-hydrating-conditioner","10":"product_tag-israel","11":"product_tag-izraela","12":"product_tag-mitrinoss-kondicionieris","13":"product_tag-prickly-pear","14":"product_tag-schwartz","15":"product_tag-superfood","16":"product_tag-vegan","17":"product_tag-vegans","18":"product_tag-3518","19":"product_tag-2245","20":"product_tag-3525","21":"pa_brand_nc-schwartz","22":"pa_ean_nc-3523","23":"pa_ean_nc-israel","25":"first","26":"instock","27":"sale","28":"taxable","29":"shipping-taxable","30":"purchasable","31":"product-type-simple"},"yoast_head":"<!-- This site is optimized with the Yoast SEO plugin v23.9 - https:\/\/yoast.com\/wordpress\/plugins\/seo\/ -->\n<title>Prickly Pear Mitrino\u0161s kondicionieris - Superfood<\/title>\n<meta name=\"description\" content=\"Prickly Pear kondicionieris mitrin\u0101s un pal\u012bdz\u0113s atjaunot dabisko sp\u012bdumu un elast\u012bbu matiem. Bag\u0101tin\u0101ts ar unik\u0101lu augu ekstraktu un dabisko e\u013c\u013cu mais\u012bjumu, kas p\u0101rpild\u012bts ar dabas sp\u0113c\u012bg\u0101kaj\u0101m sast\u0101vda\u013c\u0101m, lai ieg\u016btu redzamus rezult\u0101tus\" \/>\n<meta name=\"robots\" content=\"index, follow, max-snippet:-1, max-image-preview:large, max-video-preview:-1\" \/>\n<link rel=\"canonical\" href=\"https:\/\/women.lv\/en\/product\/prickly-pear-mitrinoss-kondicionieris\/\" \/>\n<meta property=\"og:locale\" content=\"en_GB\" \/>\n<meta property=\"og:type\" content=\"article\" \/>\n<meta property=\"og:title\" content=\"Prickly Pear Mitrino\u0161s kondicionieris - Superfood\" \/>\n<meta property=\"og:description\" content=\"Prickly Pear kondicionieris mitrin\u0101s un pal\u012bdz\u0113s atjaunot dabisko sp\u012bdumu un elast\u012bbu matiem. Bag\u0101tin\u0101ts ar unik\u0101lu augu ekstraktu un dabisko e\u013c\u013cu mais\u012bjumu, kas p\u0101rpild\u012bts ar dabas sp\u0113c\u012bg\u0101kaj\u0101m sast\u0101vda\u013c\u0101m, lai ieg\u016btu redzamus rezult\u0101tus\" \/>\n<meta property=\"og:url\" content=\"https:\/\/women.lv\/en\/product\/prickly-pear-mitrinoss-kondicionieris\/\" \/>\n<meta property=\"og:site_name\" content=\"Women Veikals\" \/>\n<meta property=\"article:modified_time\" content=\"2026-03-21T09:47:02+00:00\" \/>\n<meta property=\"og:image\" content=\"https:\/\/women.lv\/wp-content\/uploads\/nc\/catalog\/Israel\/Schwartz\/Prickly-Pear-Superfood\/prickly-pear-hydrating-conditioner.PNG\" \/>\n\t<meta property=\"og:image:width\" content=\"293\" \/>\n\t<meta property=\"og:image:height\" content=\"640\" \/>\n\t<meta property=\"og:image:type\" content=\"image\/png\" \/>\n<meta name=\"twitter:card\" content=\"summary_large_image\" \/>\n<meta name=\"twitter:label1\" content=\"Estimated reading time\" \/>\n\t<meta name=\"twitter:data1\" content=\"1 minute\" \/>\n<script type=\"application\/ld+json\" class=\"yoast-schema-graph\">{\"@context\":\"https:\/\/schema.org\",\"@graph\":[{\"@type\":\"WebPage\",\"@id\":\"https:\/\/women.lv\/product\/prickly-pear-mitrinoss-kondicionieris\/\",\"url\":\"https:\/\/women.lv\/product\/prickly-pear-mitrinoss-kondicionieris\/\",\"name\":\"Prickly Pear Mitrino\u0161s kondicionieris - Superfood\",\"isPartOf\":{\"@id\":\"https:\/\/women.lv\/#website\"},\"primaryImageOfPage\":{\"@id\":\"https:\/\/women.lv\/product\/prickly-pear-mitrinoss-kondicionieris\/#primaryimage\"},\"image\":{\"@id\":\"https:\/\/women.lv\/product\/prickly-pear-mitrinoss-kondicionieris\/#primaryimage\"},\"thumbnailUrl\":\"https:\/\/women.lv\/wp-content\/uploads\/nc\/catalog\/Israel\/Schwartz\/Prickly-Pear-Superfood\/prickly-pear-hydrating-conditioner.PNG\",\"datePublished\":\"2021-04-16T12:43:03+00:00\",\"dateModified\":\"2026-03-21T09:47:02+00:00\",\"description\":\"Prickly Pear kondicionieris mitrin\u0101s un pal\u012bdz\u0113s atjaunot dabisko sp\u012bdumu un elast\u012bbu matiem. Bag\u0101tin\u0101ts ar unik\u0101lu augu ekstraktu un dabisko e\u013c\u013cu mais\u012bjumu, kas p\u0101rpild\u012bts ar dabas sp\u0113c\u012bg\u0101kaj\u0101m sast\u0101vda\u013c\u0101m, lai ieg\u016btu redzamus rezult\u0101tus\",\"breadcrumb\":{\"@id\":\"https:\/\/women.lv\/product\/prickly-pear-mitrinoss-kondicionieris\/#breadcrumb\"},\"inLanguage\":\"en-GB\",\"potentialAction\":[{\"@type\":\"ReadAction\",\"target\":[\"https:\/\/women.lv\/product\/prickly-pear-mitrinoss-kondicionieris\/\"]}]},{\"@type\":\"ImageObject\",\"inLanguage\":\"en-GB\",\"@id\":\"https:\/\/women.lv\/product\/prickly-pear-mitrinoss-kondicionieris\/#primaryimage\",\"url\":\"https:\/\/women.lv\/wp-content\/uploads\/nc\/catalog\/Israel\/Schwartz\/Prickly-Pear-Superfood\/prickly-pear-hydrating-conditioner.PNG\",\"contentUrl\":\"https:\/\/women.lv\/wp-content\/uploads\/nc\/catalog\/Israel\/Schwartz\/Prickly-Pear-Superfood\/prickly-pear-hydrating-conditioner.PNG\",\"width\":293,\"height\":640,\"caption\":\"Prickly Pear Mitrino\u0161s kondicionieris - Superfood\"},{\"@type\":\"BreadcrumbList\",\"@id\":\"https:\/\/women.lv\/product\/prickly-pear-mitrinoss-kondicionieris\/#breadcrumb\",\"itemListElement\":[{\"@type\":\"ListItem\",\"position\":1,\"name\":\"Home\",\"item\":\"https:\/\/women.lv\/\"},{\"@type\":\"ListItem\",\"position\":2,\"name\":\"Products\",\"item\":\"https:\/\/women.lv\/en\/shop\/\"},{\"@type\":\"ListItem\",\"position\":3,\"name\":\"Prickly Pear Mitrino\u0161s kondicionieris &#8211; Superfood\"}]},{\"@type\":\"WebSite\",\"@id\":\"https:\/\/women.lv\/#website\",\"url\":\"https:\/\/women.lv\/\",\"name\":\"Women Veikals\",\"description\":\"Uzdr\u012bksties b\u016bt skaista\",\"potentialAction\":[{\"@type\":\"SearchAction\",\"target\":{\"@type\":\"EntryPoint\",\"urlTemplate\":\"https:\/\/women.lv\/?s={search_term_string}\"},\"query-input\":{\"@type\":\"PropertyValueSpecification\",\"valueRequired\":true,\"valueName\":\"search_term_string\"}}],\"inLanguage\":\"en-GB\"}]}<\/script>\n<!-- \/ Yoast SEO plugin. -->","yoast_head_json":{"title":"Prickly Pear Mitrino\u0161s kondicionieris - Superfood","description":"Prickly Pear kondicionieris mitrin\u0101s un pal\u012bdz\u0113s atjaunot dabisko sp\u012bdumu un elast\u012bbu matiem. Bag\u0101tin\u0101ts ar unik\u0101lu augu ekstraktu un dabisko e\u013c\u013cu mais\u012bjumu, kas p\u0101rpild\u012bts ar dabas sp\u0113c\u012bg\u0101kaj\u0101m sast\u0101vda\u013c\u0101m, lai ieg\u016btu redzamus rezult\u0101tus","robots":{"index":"index","follow":"follow","max-snippet":"max-snippet:-1","max-image-preview":"max-image-preview:large","max-video-preview":"max-video-preview:-1"},"canonical":"https:\/\/women.lv\/en\/product\/prickly-pear-mitrinoss-kondicionieris\/","og_locale":"en_GB","og_type":"article","og_title":"Prickly Pear Mitrino\u0161s kondicionieris - Superfood","og_description":"Prickly Pear kondicionieris mitrin\u0101s un pal\u012bdz\u0113s atjaunot dabisko sp\u012bdumu un elast\u012bbu matiem. Bag\u0101tin\u0101ts ar unik\u0101lu augu ekstraktu un dabisko e\u013c\u013cu mais\u012bjumu, kas p\u0101rpild\u012bts ar dabas sp\u0113c\u012bg\u0101kaj\u0101m sast\u0101vda\u013c\u0101m, lai ieg\u016btu redzamus rezult\u0101tus","og_url":"https:\/\/women.lv\/en\/product\/prickly-pear-mitrinoss-kondicionieris\/","og_site_name":"Women Veikals","article_modified_time":"2026-03-21T09:47:02+00:00","og_image":[{"width":293,"height":640,"url":"https:\/\/women.lv\/wp-content\/uploads\/nc\/catalog\/Israel\/Schwartz\/Prickly-Pear-Superfood\/prickly-pear-hydrating-conditioner.PNG","type":"image\/png"}],"twitter_card":"summary_large_image","twitter_misc":{"Estimated reading time":"1 minute"},"schema":{"@context":"https:\/\/schema.org","@graph":[{"@type":"WebPage","@id":"https:\/\/women.lv\/product\/prickly-pear-mitrinoss-kondicionieris\/","url":"https:\/\/women.lv\/product\/prickly-pear-mitrinoss-kondicionieris\/","name":"Prickly Pear Mitrino\u0161s kondicionieris - Superfood","isPartOf":{"@id":"https:\/\/women.lv\/#website"},"primaryImageOfPage":{"@id":"https:\/\/women.lv\/product\/prickly-pear-mitrinoss-kondicionieris\/#primaryimage"},"image":{"@id":"https:\/\/women.lv\/product\/prickly-pear-mitrinoss-kondicionieris\/#primaryimage"},"thumbnailUrl":"https:\/\/women.lv\/wp-content\/uploads\/nc\/catalog\/Israel\/Schwartz\/Prickly-Pear-Superfood\/prickly-pear-hydrating-conditioner.PNG","datePublished":"2021-04-16T12:43:03+00:00","dateModified":"2026-03-21T09:47:02+00:00","description":"Prickly Pear kondicionieris mitrin\u0101s un pal\u012bdz\u0113s atjaunot dabisko sp\u012bdumu un elast\u012bbu matiem. Bag\u0101tin\u0101ts ar unik\u0101lu augu ekstraktu un dabisko e\u013c\u013cu mais\u012bjumu, kas p\u0101rpild\u012bts ar dabas sp\u0113c\u012bg\u0101kaj\u0101m sast\u0101vda\u013c\u0101m, lai ieg\u016btu redzamus rezult\u0101tus","breadcrumb":{"@id":"https:\/\/women.lv\/product\/prickly-pear-mitrinoss-kondicionieris\/#breadcrumb"},"inLanguage":"en-GB","potentialAction":[{"@type":"ReadAction","target":["https:\/\/women.lv\/product\/prickly-pear-mitrinoss-kondicionieris\/"]}]},{"@type":"ImageObject","inLanguage":"en-GB","@id":"https:\/\/women.lv\/product\/prickly-pear-mitrinoss-kondicionieris\/#primaryimage","url":"https:\/\/women.lv\/wp-content\/uploads\/nc\/catalog\/Israel\/Schwartz\/Prickly-Pear-Superfood\/prickly-pear-hydrating-conditioner.PNG","contentUrl":"https:\/\/women.lv\/wp-content\/uploads\/nc\/catalog\/Israel\/Schwartz\/Prickly-Pear-Superfood\/prickly-pear-hydrating-conditioner.PNG","width":293,"height":640,"caption":"Prickly Pear Mitrino\u0161s kondicionieris - Superfood"},{"@type":"BreadcrumbList","@id":"https:\/\/women.lv\/product\/prickly-pear-mitrinoss-kondicionieris\/#breadcrumb","itemListElement":[{"@type":"ListItem","position":1,"name":"Home","item":"https:\/\/women.lv\/"},{"@type":"ListItem","position":2,"name":"Products","item":"https:\/\/women.lv\/en\/shop\/"},{"@type":"ListItem","position":3,"name":"Prickly Pear Mitrino\u0161s kondicionieris &#8211; Superfood"}]},{"@type":"WebSite","@id":"https:\/\/women.lv\/#website","url":"https:\/\/women.lv\/","name":"Women Veikals","description":"Uzdr\u012bksties b\u016bt skaista","potentialAction":[{"@type":"SearchAction","target":{"@type":"EntryPoint","urlTemplate":"https:\/\/women.lv\/?s={search_term_string}"},"query-input":{"@type":"PropertyValueSpecification","valueRequired":true,"valueName":"search_term_string"}}],"inLanguage":"en-GB"}]}},"_links":{"self":[{"href":"https:\/\/women.lv\/en\/wp-json\/wp\/v2\/product\/28821","targetHints":{"allow":["GET"]}}],"collection":[{"href":"https:\/\/women.lv\/en\/wp-json\/wp\/v2\/product"}],"about":[{"href":"https:\/\/women.lv\/en\/wp-json\/wp\/v2\/types\/product"}],"replies":[{"embeddable":true,"href":"https:\/\/women.lv\/en\/wp-json\/wp\/v2\/comments?post=28821"}],"version-history":[{"count":2,"href":"https:\/\/women.lv\/en\/wp-json\/wp\/v2\/product\/28821\/revisions"}],"predecessor-version":[{"id":29614,"href":"https:\/\/women.lv\/en\/wp-json\/wp\/v2\/product\/28821\/revisions\/29614"}],"wp:featuredmedia":[{"embeddable":true,"href":"https:\/\/women.lv\/en\/wp-json\/wp\/v2\/media\/28822"}],"wp:attachment":[{"href":"https:\/\/women.lv\/en\/wp-json\/wp\/v2\/media?parent=28821"}],"wp:term":[{"taxonomy":"product_brand","embeddable":true,"href":"https:\/\/women.lv\/en\/wp-json\/wp\/v2\/product_brand?post=28821"},{"taxonomy":"product_cat","embeddable":true,"href":"https:\/\/women.lv\/en\/wp-json\/wp\/v2\/product_cat?post=28821"},{"taxonomy":"product_tag","embeddable":true,"href":"https:\/\/women.lv\/en\/wp-json\/wp\/v2\/product_tag?post=28821"}],"curies":[{"name":"wp","href":"https:\/\/api.w.org\/{rel}","templated":true}]}}