{"id":28817,"date":"2021-04-15T15:49:35","date_gmt":"2021-04-15T15:49:35","guid":{"rendered":"https:\/\/women.lv\/?product=prickly-pear-3-in-1-sejas-kopsanas-lidzeklis-superfood"},"modified":"2026-03-21T11:47:32","modified_gmt":"2026-03-21T09:47:32","slug":"prickly-pear-sejas-kopsanas-lidzeklis","status":"publish","type":"product","link":"https:\/\/women.lv\/en\/product\/prickly-pear-sejas-kopsanas-lidzeklis\/","title":{"rendered":"Prickly Pear 3-in-1 Face care product \u2013 Superfood"},"content":{"rendered":"<p><span style=\"font-family: Helvetica;\"><span style=\"font-size: 18px;\">Prickly Pear Face Wash 3in1 can be used in three ways: as a refresher <b>cleaning agent<\/b>, restorative <b>scrub<\/b> and restorative <b>a mask<\/b>.<\/p>\n<p><\/span><\/span><\/p>\n<p><span style=\"font-family: Helvetica;\"><span style=\"font-size: 18px;\">Prickly pear cactus can live for years without moisture and comes back to life with just a drop of water. This desert fruit is a real superplant, rich in vitamins and natural proteins, so its oil will awaken your skin&#039;s ability to deeply absorb moisture, giving it a long-lasting refreshed look.<\/p>\n<p><\/span><\/span><\/p>\n<p><span style=\"font-family: Helvetica;\"><span style=\"font-size: 18px;\">This unique formula can be used to remove excess sebum, help protect against blemishes, clog pores and even out skin tone, making it supple. This formula is used to cleanse the skin, use as a scrub or as a face mask!<\/span><\/span><\/p>\n<ul>\n<li><span style=\"font-family: Helvetica;\"><span style=\"font-size: 18px;\">Prickly Pear Face Wash is 100% vegan and scented with refreshing natural lemongrass oil.<\/span><\/span><\/li>\n<li><span style=\"font-family: Helvetica;\"><span style=\"font-size: 18px;\">SLS and paraben free, made without cruelty to the environment, never tested on animals.<\/span><\/span><\/li>\n<\/ul>","protected":false},"excerpt":{"rendered":"<p>Prickly Pear Face Wash 3in1 can be used in three ways: as a refreshing cleanser, a rejuvenating scrub and a rejuvenating mask. Prickly pear family<\/p>","protected":false},"featured_media":28818,"comment_status":"open","ping_status":"closed","template":"","meta":[],"product_brand":[],"product_cat":[2211,2200,2215],"product_tag":[3511,3512,2244,2243,3510,3509,3514,3513,3517,3516,3518,2245,3515],"class_list":{"0":"post-28817","1":"product","2":"type-product","3":"status-publish","4":"has-post-thumbnail","6":"product_cat-mazgasanas-un-attirisanas-produkti","7":"product_cat-sejas-kopsanas-lidzekli","8":"product_cat-visi-produkti","9":"product_tag-3-in-1","10":"product_tag-face-wash","11":"product_tag-israel","12":"product_tag-izraela","13":"product_tag-prickly-pear","14":"product_tag-schwartz","15":"product_tag-sejas-kopsanas-lidzeklis","16":"product_tag-superfood","17":"product_tag-vegan","18":"product_tag-vegans","19":"product_tag-3518","20":"product_tag-2245","21":"product_tag-3515","22":"pa_brand_nc-schwartz","23":"pa_ean_nc-3508","24":"pa_ean_nc-israel","26":"first","27":"instock","28":"sale","29":"taxable","30":"shipping-taxable","31":"purchasable","32":"product-type-simple"},"yoast_head":"<!-- This site is optimized with the Yoast SEO plugin v27.4 - https:\/\/yoast.com\/product\/yoast-seo-wordpress\/ -->\n<title>Prickly Pear 3-in-1 Sejas kop\u0161anas l\u012bdzeklis - Superfood<\/title>\n<meta name=\"description\" content=\"Prickly Pear Face Wash 3in 1 var lietot tr\u012bs veidos: k\u0101 atsvaidzino\u0161u t\u012br\u012b\u0161anas l\u012bdzekli, atjaunojo\u0161u skrubi un atjaunojo\u0161u masku.\" \/>\n<meta name=\"robots\" content=\"index, follow, max-snippet:-1, max-image-preview:large, max-video-preview:-1\" \/>\n<link rel=\"canonical\" href=\"https:\/\/women.lv\/en\/product\/prickly-pear-sejas-kopsanas-lidzeklis\/\" \/>\n<meta property=\"og:locale\" content=\"en_GB\" \/>\n<meta property=\"og:type\" content=\"article\" \/>\n<meta property=\"og:title\" content=\"Prickly Pear 3-in-1 Sejas kop\u0161anas l\u012bdzeklis - Superfood\" \/>\n<meta property=\"og:description\" content=\"Prickly Pear Face Wash 3in 1 var lietot tr\u012bs veidos: k\u0101 atsvaidzino\u0161u t\u012br\u012b\u0161anas l\u012bdzekli, atjaunojo\u0161u skrubi un atjaunojo\u0161u masku.\" \/>\n<meta property=\"og:url\" content=\"https:\/\/women.lv\/en\/product\/prickly-pear-sejas-kopsanas-lidzeklis\/\" \/>\n<meta property=\"og:site_name\" content=\"Women Veikals\" \/>\n<meta property=\"article:modified_time\" content=\"2026-03-21T09:47:32+00:00\" \/>\n<meta property=\"og:image\" content=\"https:\/\/women.lv\/wp-content\/uploads\/nc\/catalog\/Israel\/Schwartz\/Prickly-Pear-Superfood\/prickly-pear-face-wash.PNG\" \/>\n\t<meta property=\"og:image:width\" content=\"344\" \/>\n\t<meta property=\"og:image:height\" content=\"575\" \/>\n\t<meta property=\"og:image:type\" content=\"image\/png\" \/>\n<meta name=\"twitter:card\" content=\"summary_large_image\" \/>\n<meta name=\"twitter:label1\" content=\"Estimated reading time\" \/>\n\t<meta name=\"twitter:data1\" content=\"1 minute\" \/>\n<script type=\"application\/ld+json\" class=\"yoast-schema-graph\">{\"@context\":\"https:\\\/\\\/schema.org\",\"@graph\":[{\"@type\":\"WebPage\",\"@id\":\"https:\\\/\\\/women.lv\\\/product\\\/prickly-pear-sejas-kopsanas-lidzeklis\\\/\",\"url\":\"https:\\\/\\\/women.lv\\\/product\\\/prickly-pear-sejas-kopsanas-lidzeklis\\\/\",\"name\":\"Prickly Pear 3-in-1 Sejas kop\u0161anas l\u012bdzeklis - Superfood\",\"isPartOf\":{\"@id\":\"https:\\\/\\\/women.lv\\\/#website\"},\"primaryImageOfPage\":{\"@id\":\"https:\\\/\\\/women.lv\\\/product\\\/prickly-pear-sejas-kopsanas-lidzeklis\\\/#primaryimage\"},\"image\":{\"@id\":\"https:\\\/\\\/women.lv\\\/product\\\/prickly-pear-sejas-kopsanas-lidzeklis\\\/#primaryimage\"},\"thumbnailUrl\":\"https:\\\/\\\/women.lv\\\/wp-content\\\/uploads\\\/nc\\\/catalog\\\/Israel\\\/Schwartz\\\/Prickly-Pear-Superfood\\\/prickly-pear-face-wash.PNG\",\"datePublished\":\"2021-04-15T15:49:35+00:00\",\"dateModified\":\"2026-03-21T09:47:32+00:00\",\"description\":\"Prickly Pear Face Wash 3in 1 var lietot tr\u012bs veidos: k\u0101 atsvaidzino\u0161u t\u012br\u012b\u0161anas l\u012bdzekli, atjaunojo\u0161u skrubi un atjaunojo\u0161u masku.\",\"breadcrumb\":{\"@id\":\"https:\\\/\\\/women.lv\\\/product\\\/prickly-pear-sejas-kopsanas-lidzeklis\\\/#breadcrumb\"},\"inLanguage\":\"en-GB\",\"potentialAction\":[{\"@type\":\"ReadAction\",\"target\":[\"https:\\\/\\\/women.lv\\\/product\\\/prickly-pear-sejas-kopsanas-lidzeklis\\\/\"]}]},{\"@type\":\"ImageObject\",\"inLanguage\":\"en-GB\",\"@id\":\"https:\\\/\\\/women.lv\\\/product\\\/prickly-pear-sejas-kopsanas-lidzeklis\\\/#primaryimage\",\"url\":\"https:\\\/\\\/women.lv\\\/wp-content\\\/uploads\\\/nc\\\/catalog\\\/Israel\\\/Schwartz\\\/Prickly-Pear-Superfood\\\/prickly-pear-face-wash.PNG\",\"contentUrl\":\"https:\\\/\\\/women.lv\\\/wp-content\\\/uploads\\\/nc\\\/catalog\\\/Israel\\\/Schwartz\\\/Prickly-Pear-Superfood\\\/prickly-pear-face-wash.PNG\",\"width\":344,\"height\":575,\"caption\":\"Prickly Pear 3-in-1 Sejas kop\u0161anas l\u012bdzeklis - Superfood\"},{\"@type\":\"BreadcrumbList\",\"@id\":\"https:\\\/\\\/women.lv\\\/product\\\/prickly-pear-sejas-kopsanas-lidzeklis\\\/#breadcrumb\",\"itemListElement\":[{\"@type\":\"ListItem\",\"position\":1,\"name\":\"Home\",\"item\":\"https:\\\/\\\/women.lv\\\/\"},{\"@type\":\"ListItem\",\"position\":2,\"name\":\"Products\",\"item\":\"https:\\\/\\\/women.lv\\\/en\\\/shop\\\/\"},{\"@type\":\"ListItem\",\"position\":3,\"name\":\"Prickly Pear 3-in-1 Sejas kop\u0161anas l\u012bdzeklis &#8211; Superfood\"}]},{\"@type\":\"WebSite\",\"@id\":\"https:\\\/\\\/women.lv\\\/#website\",\"url\":\"https:\\\/\\\/women.lv\\\/\",\"name\":\"Women Veikals\",\"description\":\"Uzdr\u012bksties b\u016bt skaista\",\"potentialAction\":[{\"@type\":\"SearchAction\",\"target\":{\"@type\":\"EntryPoint\",\"urlTemplate\":\"https:\\\/\\\/women.lv\\\/?s={search_term_string}\"},\"query-input\":{\"@type\":\"PropertyValueSpecification\",\"valueRequired\":true,\"valueName\":\"search_term_string\"}}],\"inLanguage\":\"en-GB\"}]}<\/script>\n<!-- \/ Yoast SEO plugin. -->","yoast_head_json":{"title":"Prickly Pear 3-in-1 Facial care product - Superfood","description":"Prickly Pear Face Wash 3in 1 var lietot tr\u012bs veidos: k\u0101 atsvaidzino\u0161u t\u012br\u012b\u0161anas l\u012bdzekli, atjaunojo\u0161u skrubi un atjaunojo\u0161u masku.","robots":{"index":"index","follow":"follow","max-snippet":"max-snippet:-1","max-image-preview":"max-image-preview:large","max-video-preview":"max-video-preview:-1"},"canonical":"https:\/\/women.lv\/en\/product\/prickly-pear-sejas-kopsanas-lidzeklis\/","og_locale":"en_GB","og_type":"article","og_title":"Prickly Pear 3-in-1 Sejas kop\u0161anas l\u012bdzeklis - Superfood","og_description":"Prickly Pear Face Wash 3in 1 var lietot tr\u012bs veidos: k\u0101 atsvaidzino\u0161u t\u012br\u012b\u0161anas l\u012bdzekli, atjaunojo\u0161u skrubi un atjaunojo\u0161u masku.","og_url":"https:\/\/women.lv\/en\/product\/prickly-pear-sejas-kopsanas-lidzeklis\/","og_site_name":"Women Veikals","article_modified_time":"2026-03-21T09:47:32+00:00","og_image":[{"width":344,"height":575,"url":"https:\/\/women.lv\/wp-content\/uploads\/nc\/catalog\/Israel\/Schwartz\/Prickly-Pear-Superfood\/prickly-pear-face-wash.PNG","type":"image\/png"}],"twitter_card":"summary_large_image","twitter_misc":{"Estimated reading time":"1 minute"},"schema":{"@context":"https:\/\/schema.org","@graph":[{"@type":"WebPage","@id":"https:\/\/women.lv\/product\/prickly-pear-sejas-kopsanas-lidzeklis\/","url":"https:\/\/women.lv\/product\/prickly-pear-sejas-kopsanas-lidzeklis\/","name":"Prickly Pear 3-in-1 Facial care product - Superfood","isPartOf":{"@id":"https:\/\/women.lv\/#website"},"primaryImageOfPage":{"@id":"https:\/\/women.lv\/product\/prickly-pear-sejas-kopsanas-lidzeklis\/#primaryimage"},"image":{"@id":"https:\/\/women.lv\/product\/prickly-pear-sejas-kopsanas-lidzeklis\/#primaryimage"},"thumbnailUrl":"https:\/\/women.lv\/wp-content\/uploads\/nc\/catalog\/Israel\/Schwartz\/Prickly-Pear-Superfood\/prickly-pear-face-wash.PNG","datePublished":"2021-04-15T15:49:35+00:00","dateModified":"2026-03-21T09:47:32+00:00","description":"Prickly Pear Face Wash 3in 1 var lietot tr\u012bs veidos: k\u0101 atsvaidzino\u0161u t\u012br\u012b\u0161anas l\u012bdzekli, atjaunojo\u0161u skrubi un atjaunojo\u0161u masku.","breadcrumb":{"@id":"https:\/\/women.lv\/product\/prickly-pear-sejas-kopsanas-lidzeklis\/#breadcrumb"},"inLanguage":"en-GB","potentialAction":[{"@type":"ReadAction","target":["https:\/\/women.lv\/product\/prickly-pear-sejas-kopsanas-lidzeklis\/"]}]},{"@type":"ImageObject","inLanguage":"en-GB","@id":"https:\/\/women.lv\/product\/prickly-pear-sejas-kopsanas-lidzeklis\/#primaryimage","url":"https:\/\/women.lv\/wp-content\/uploads\/nc\/catalog\/Israel\/Schwartz\/Prickly-Pear-Superfood\/prickly-pear-face-wash.PNG","contentUrl":"https:\/\/women.lv\/wp-content\/uploads\/nc\/catalog\/Israel\/Schwartz\/Prickly-Pear-Superfood\/prickly-pear-face-wash.PNG","width":344,"height":575,"caption":"Prickly Pear 3-in-1 Sejas kop\u0161anas l\u012bdzeklis - Superfood"},{"@type":"BreadcrumbList","@id":"https:\/\/women.lv\/product\/prickly-pear-sejas-kopsanas-lidzeklis\/#breadcrumb","itemListElement":[{"@type":"ListItem","position":1,"name":"Home","item":"https:\/\/women.lv\/"},{"@type":"ListItem","position":2,"name":"Products","item":"https:\/\/women.lv\/en\/shop\/"},{"@type":"ListItem","position":3,"name":"Prickly Pear 3-in-1 Sejas kop\u0161anas l\u012bdzeklis &#8211; Superfood"}]},{"@type":"WebSite","@id":"https:\/\/women.lv\/#website","url":"https:\/\/women.lv\/","name":"Women Shop","description":"Uzdr\u012bksties b\u016bt skaista","potentialAction":[{"@type":"SearchAction","target":{"@type":"EntryPoint","urlTemplate":"https:\/\/women.lv\/?s={search_term_string}"},"query-input":{"@type":"PropertyValueSpecification","valueRequired":true,"valueName":"search_term_string"}}],"inLanguage":"en-GB"}]}},"_links":{"self":[{"href":"https:\/\/women.lv\/en\/wp-json\/wp\/v2\/product\/28817","targetHints":{"allow":["GET"]}}],"collection":[{"href":"https:\/\/women.lv\/en\/wp-json\/wp\/v2\/product"}],"about":[{"href":"https:\/\/women.lv\/en\/wp-json\/wp\/v2\/types\/product"}],"replies":[{"embeddable":true,"href":"https:\/\/women.lv\/en\/wp-json\/wp\/v2\/comments?post=28817"}],"version-history":[{"count":0,"href":"https:\/\/women.lv\/en\/wp-json\/wp\/v2\/product\/28817\/revisions"}],"wp:featuredmedia":[{"embeddable":true,"href":"https:\/\/women.lv\/en\/wp-json\/wp\/v2\/media\/28818"}],"wp:attachment":[{"href":"https:\/\/women.lv\/en\/wp-json\/wp\/v2\/media?parent=28817"}],"wp:term":[{"taxonomy":"product_brand","embeddable":true,"href":"https:\/\/women.lv\/en\/wp-json\/wp\/v2\/product_brand?post=28817"},{"taxonomy":"product_cat","embeddable":true,"href":"https:\/\/women.lv\/en\/wp-json\/wp\/v2\/product_cat?post=28817"},{"taxonomy":"product_tag","embeddable":true,"href":"https:\/\/women.lv\/en\/wp-json\/wp\/v2\/product_tag?post=28817"}],"curies":[{"name":"wp","href":"https:\/\/api.w.org\/{rel}","templated":true}]}}