{"id":28807,"date":"2020-12-29T14:04:02","date_gmt":"2020-12-29T14:04:02","guid":{"rendered":"https:\/\/women.lv\/?product=dabigs-sals-skrubis"},"modified":"2026-03-21T11:48:05","modified_gmt":"2026-03-21T09:48:05","slug":"dabigs-sals-skrubis","status":"publish","type":"product","link":"https:\/\/women.lv\/en\/product\/dabigs-sals-skrubis\/","title":{"rendered":"Natural salt scrub"},"content":{"rendered":"<p><span style=\"font-size: 18px; font-family: Helvetica;\">Piem\u012bt pretcelul\u012bta iedarb\u012bba, pie\u0161\u0137ir \u0101dai elast\u012bbu un tvirtumu, izgaismo un stimul\u0113 striju izl\u012bdzin\u0101\u0161anu, mitrina un izgaismo \u0101du.<\/span><\/p>\n<p><span style=\"font-family: Helvetica;\"><span style=\"font-size: 18px;\"><b>Coconut oil\u00a0<\/b>\u00a0abundantly moisturizes and nourishes dry and very sensitive skin. Restores the upper layers of the epidermis, prevents inflammation. Makes stretch marks more invisible and stimulates the smoothing of skin imperfections.<\/span><\/span><\/p>\n<p><span style=\"font-family: Helvetica;\"><span style=\"font-size: 18px;\"><strong>J\u016bras s\u0101ls<\/strong> uzlabo asinsriti, izl\u012bdzina \u0101das nepiln\u012bbas, nov\u0113r\u0161 noveco\u0161an\u0101s paz\u012bmes<\/span><\/span><\/p>\n<p><b style=\"font-size: 18px; font-family: Helvetica;\">Himalaju roz\u0101<\/b><span style=\"font-size: 18px; font-family: Helvetica;\"> <b>s\u0101ls<\/b> padara \u0101du stingru un gludu, nodro\u0161ina pretcelul\u012bta efektu.<\/span><\/p>\n<p><b style=\"font-size: 18px; font-family: Helvetica;\">V\u012bnogu kauli\u0146u e\u013c\u013ca<\/b><span style=\"font-size: 18px; font-family: Helvetica;\"> stimul\u0113 kolag\u0113na un elast\u012bna ra\u017eo\u0161anu, kas pie\u0161\u0137ir \u0101dai elast\u012bbu un tvirtumu.<\/span><\/p>\n<p><b style=\"font-size: 18px; font-family: Helvetica;\">Lavandas \u0113teriskajai e\u013c\u013cai<\/b><span style=\"font-size: 18px; font-family: Helvetica;\"> piem\u012bt antiseptiskas un prets\u0113n\u012b\u0161u \u012bpa\u0161\u012bbas. Izmanto c\u012b\u0146ai pret p\u016bt\u012bt\u0113m un grumb\u0101m.<\/span><\/p>\n<p><b style=\"font-size: 18px; font-family: Helvetica;\">Kosm\u0113tiskais perlamutrs<\/b><span style=\"font-size: 18px; font-family: Helvetica;\"> pie\u0161\u0137ir \u0101dai maigu mirdzumu.<\/span><\/p>","protected":false},"excerpt":{"rendered":"<p>It has an anti-cellulite effect, gives the skin elasticity and firmness, brightens and stimulates the smoothing of stretch marks, moisturizes and brightens the skin. Coconut oil richly moisturizes<\/p>","protected":false},"featured_media":28808,"comment_status":"open","ping_status":"closed","template":"","meta":[],"product_brand":[],"product_cat":[2214,2217,2215],"product_tag":[3490,3484,3491,3479,3483,3489,3485],"class_list":{"0":"post-28807","1":"product","2":"type-product","3":"status-publish","4":"has-post-thumbnail","6":"product_cat-citi-sejas-kopsanas-lidzekli","7":"product_cat-citi-produkti-kermena-kopsanai","8":"product_cat-visi-produkti","9":"product_tag-dabigs-sals-skrubis","10":"product_tag-krievija","11":"product_tag-natural-salt-scrub","12":"product_tag-palm","13":"product_tag-russian","14":"product_tag-3489","15":"product_tag-3485","16":"pa_brand_nc-palm","18":"first","19":"instock","20":"sale","21":"taxable","22":"shipping-taxable","23":"purchasable","24":"product-type-simple"},"yoast_head":"<!-- This site is optimized with the Yoast SEO plugin v27.5 - https:\/\/yoast.com\/product\/yoast-seo-wordpress\/ -->\n<title>Dab\u012bgs s\u0101ls skrubis<\/title>\n<meta name=\"description\" content=\"Piem\u012bt pretcelul\u012bta iedarb\u012bba, pie\u0161\u0137ir \u0101dai elast\u012bbu un tvirtumu, izgaismo un stimul\u0113 striju izl\u012bdzin\u0101\u0161anu, mitrina un izgaismo \u0101du\" \/>\n<meta name=\"robots\" content=\"index, follow, max-snippet:-1, max-image-preview:large, max-video-preview:-1\" \/>\n<link rel=\"canonical\" href=\"https:\/\/women.lv\/en\/product\/dabigs-sals-skrubis\/\" \/>\n<meta property=\"og:locale\" content=\"en_GB\" \/>\n<meta property=\"og:type\" content=\"article\" \/>\n<meta property=\"og:title\" content=\"Dab\u012bgs s\u0101ls skrubis\" \/>\n<meta property=\"og:description\" content=\"Piem\u012bt pretcelul\u012bta iedarb\u012bba, pie\u0161\u0137ir \u0101dai elast\u012bbu un tvirtumu, izgaismo un stimul\u0113 striju izl\u012bdzin\u0101\u0161anu, mitrina un izgaismo \u0101du\" \/>\n<meta property=\"og:url\" content=\"https:\/\/women.lv\/en\/product\/dabigs-sals-skrubis\/\" \/>\n<meta property=\"og:site_name\" content=\"Women Veikals\" \/>\n<meta property=\"article:modified_time\" content=\"2026-03-21T09:48:05+00:00\" \/>\n<meta property=\"og:image\" content=\"https:\/\/women.lv\/wp-content\/uploads\/nc\/catalog\/Palm\/scrub_salt.PNG\" \/>\n\t<meta property=\"og:image:width\" content=\"1121\" \/>\n\t<meta property=\"og:image:height\" content=\"884\" \/>\n\t<meta property=\"og:image:type\" content=\"image\/png\" \/>\n<meta name=\"twitter:card\" content=\"summary_large_image\" \/>\n<meta name=\"twitter:label1\" content=\"Estimated reading time\" \/>\n\t<meta name=\"twitter:data1\" content=\"1 minute\" \/>\n<script type=\"application\/ld+json\" class=\"yoast-schema-graph\">{\"@context\":\"https:\\\/\\\/schema.org\",\"@graph\":[{\"@type\":\"WebPage\",\"@id\":\"https:\\\/\\\/women.lv\\\/product\\\/dabigs-sals-skrubis\\\/\",\"url\":\"https:\\\/\\\/women.lv\\\/product\\\/dabigs-sals-skrubis\\\/\",\"name\":\"Dab\u012bgs s\u0101ls skrubis\",\"isPartOf\":{\"@id\":\"https:\\\/\\\/women.lv\\\/#website\"},\"primaryImageOfPage\":{\"@id\":\"https:\\\/\\\/women.lv\\\/product\\\/dabigs-sals-skrubis\\\/#primaryimage\"},\"image\":{\"@id\":\"https:\\\/\\\/women.lv\\\/product\\\/dabigs-sals-skrubis\\\/#primaryimage\"},\"thumbnailUrl\":\"https:\\\/\\\/women.lv\\\/wp-content\\\/uploads\\\/nc\\\/catalog\\\/Palm\\\/scrub_salt.PNG\",\"datePublished\":\"2020-12-29T14:04:02+00:00\",\"dateModified\":\"2026-03-21T09:48:05+00:00\",\"description\":\"Piem\u012bt pretcelul\u012bta iedarb\u012bba, pie\u0161\u0137ir \u0101dai elast\u012bbu un tvirtumu, izgaismo un stimul\u0113 striju izl\u012bdzin\u0101\u0161anu, mitrina un izgaismo \u0101du\",\"breadcrumb\":{\"@id\":\"https:\\\/\\\/women.lv\\\/product\\\/dabigs-sals-skrubis\\\/#breadcrumb\"},\"inLanguage\":\"en-GB\",\"potentialAction\":[{\"@type\":\"ReadAction\",\"target\":[\"https:\\\/\\\/women.lv\\\/product\\\/dabigs-sals-skrubis\\\/\"]}]},{\"@type\":\"ImageObject\",\"inLanguage\":\"en-GB\",\"@id\":\"https:\\\/\\\/women.lv\\\/product\\\/dabigs-sals-skrubis\\\/#primaryimage\",\"url\":\"https:\\\/\\\/women.lv\\\/wp-content\\\/uploads\\\/nc\\\/catalog\\\/Palm\\\/scrub_salt.PNG\",\"contentUrl\":\"https:\\\/\\\/women.lv\\\/wp-content\\\/uploads\\\/nc\\\/catalog\\\/Palm\\\/scrub_salt.PNG\",\"width\":1121,\"height\":884,\"caption\":\"Dab\u012bgs s\u0101ls skrubis\"},{\"@type\":\"BreadcrumbList\",\"@id\":\"https:\\\/\\\/women.lv\\\/product\\\/dabigs-sals-skrubis\\\/#breadcrumb\",\"itemListElement\":[{\"@type\":\"ListItem\",\"position\":1,\"name\":\"Home\",\"item\":\"https:\\\/\\\/women.lv\\\/\"},{\"@type\":\"ListItem\",\"position\":2,\"name\":\"Products\",\"item\":\"https:\\\/\\\/women.lv\\\/en\\\/shop\\\/\"},{\"@type\":\"ListItem\",\"position\":3,\"name\":\"Dab\u012bgs s\u0101ls skrubis\"}]},{\"@type\":\"WebSite\",\"@id\":\"https:\\\/\\\/women.lv\\\/#website\",\"url\":\"https:\\\/\\\/women.lv\\\/\",\"name\":\"Women Veikals\",\"description\":\"Uzdr\u012bksties b\u016bt skaista\",\"potentialAction\":[{\"@type\":\"SearchAction\",\"target\":{\"@type\":\"EntryPoint\",\"urlTemplate\":\"https:\\\/\\\/women.lv\\\/?s={search_term_string}\"},\"query-input\":{\"@type\":\"PropertyValueSpecification\",\"valueRequired\":true,\"valueName\":\"search_term_string\"}}],\"inLanguage\":\"en-GB\"}]}<\/script>\n<!-- \/ Yoast SEO plugin. -->","yoast_head_json":{"title":"Natural salt scrub","description":"Piem\u012bt pretcelul\u012bta iedarb\u012bba, pie\u0161\u0137ir \u0101dai elast\u012bbu un tvirtumu, izgaismo un stimul\u0113 striju izl\u012bdzin\u0101\u0161anu, mitrina un izgaismo \u0101du","robots":{"index":"index","follow":"follow","max-snippet":"max-snippet:-1","max-image-preview":"max-image-preview:large","max-video-preview":"max-video-preview:-1"},"canonical":"https:\/\/women.lv\/en\/product\/dabigs-sals-skrubis\/","og_locale":"en_GB","og_type":"article","og_title":"Dab\u012bgs s\u0101ls skrubis","og_description":"Piem\u012bt pretcelul\u012bta iedarb\u012bba, pie\u0161\u0137ir \u0101dai elast\u012bbu un tvirtumu, izgaismo un stimul\u0113 striju izl\u012bdzin\u0101\u0161anu, mitrina un izgaismo \u0101du","og_url":"https:\/\/women.lv\/en\/product\/dabigs-sals-skrubis\/","og_site_name":"Women Veikals","article_modified_time":"2026-03-21T09:48:05+00:00","og_image":[{"width":1121,"height":884,"url":"https:\/\/women.lv\/wp-content\/uploads\/nc\/catalog\/Palm\/scrub_salt.PNG","type":"image\/png"}],"twitter_card":"summary_large_image","twitter_misc":{"Estimated reading time":"1 minute"},"schema":{"@context":"https:\/\/schema.org","@graph":[{"@type":"WebPage","@id":"https:\/\/women.lv\/product\/dabigs-sals-skrubis\/","url":"https:\/\/women.lv\/product\/dabigs-sals-skrubis\/","name":"Natural salt scrub","isPartOf":{"@id":"https:\/\/women.lv\/#website"},"primaryImageOfPage":{"@id":"https:\/\/women.lv\/product\/dabigs-sals-skrubis\/#primaryimage"},"image":{"@id":"https:\/\/women.lv\/product\/dabigs-sals-skrubis\/#primaryimage"},"thumbnailUrl":"https:\/\/women.lv\/wp-content\/uploads\/nc\/catalog\/Palm\/scrub_salt.PNG","datePublished":"2020-12-29T14:04:02+00:00","dateModified":"2026-03-21T09:48:05+00:00","description":"Piem\u012bt pretcelul\u012bta iedarb\u012bba, pie\u0161\u0137ir \u0101dai elast\u012bbu un tvirtumu, izgaismo un stimul\u0113 striju izl\u012bdzin\u0101\u0161anu, mitrina un izgaismo \u0101du","breadcrumb":{"@id":"https:\/\/women.lv\/product\/dabigs-sals-skrubis\/#breadcrumb"},"inLanguage":"en-GB","potentialAction":[{"@type":"ReadAction","target":["https:\/\/women.lv\/product\/dabigs-sals-skrubis\/"]}]},{"@type":"ImageObject","inLanguage":"en-GB","@id":"https:\/\/women.lv\/product\/dabigs-sals-skrubis\/#primaryimage","url":"https:\/\/women.lv\/wp-content\/uploads\/nc\/catalog\/Palm\/scrub_salt.PNG","contentUrl":"https:\/\/women.lv\/wp-content\/uploads\/nc\/catalog\/Palm\/scrub_salt.PNG","width":1121,"height":884,"caption":"Dab\u012bgs s\u0101ls skrubis"},{"@type":"BreadcrumbList","@id":"https:\/\/women.lv\/product\/dabigs-sals-skrubis\/#breadcrumb","itemListElement":[{"@type":"ListItem","position":1,"name":"Home","item":"https:\/\/women.lv\/"},{"@type":"ListItem","position":2,"name":"Products","item":"https:\/\/women.lv\/en\/shop\/"},{"@type":"ListItem","position":3,"name":"Dab\u012bgs s\u0101ls skrubis"}]},{"@type":"WebSite","@id":"https:\/\/women.lv\/#website","url":"https:\/\/women.lv\/","name":"Women Shop","description":"Uzdr\u012bksties b\u016bt skaista","potentialAction":[{"@type":"SearchAction","target":{"@type":"EntryPoint","urlTemplate":"https:\/\/women.lv\/?s={search_term_string}"},"query-input":{"@type":"PropertyValueSpecification","valueRequired":true,"valueName":"search_term_string"}}],"inLanguage":"en-GB"}]}},"_links":{"self":[{"href":"https:\/\/women.lv\/en\/wp-json\/wp\/v2\/product\/28807","targetHints":{"allow":["GET"]}}],"collection":[{"href":"https:\/\/women.lv\/en\/wp-json\/wp\/v2\/product"}],"about":[{"href":"https:\/\/women.lv\/en\/wp-json\/wp\/v2\/types\/product"}],"replies":[{"embeddable":true,"href":"https:\/\/women.lv\/en\/wp-json\/wp\/v2\/comments?post=28807"}],"version-history":[{"count":0,"href":"https:\/\/women.lv\/en\/wp-json\/wp\/v2\/product\/28807\/revisions"}],"wp:featuredmedia":[{"embeddable":true,"href":"https:\/\/women.lv\/en\/wp-json\/wp\/v2\/media\/28808"}],"wp:attachment":[{"href":"https:\/\/women.lv\/en\/wp-json\/wp\/v2\/media?parent=28807"}],"wp:term":[{"taxonomy":"product_brand","embeddable":true,"href":"https:\/\/women.lv\/en\/wp-json\/wp\/v2\/product_brand?post=28807"},{"taxonomy":"product_cat","embeddable":true,"href":"https:\/\/women.lv\/en\/wp-json\/wp\/v2\/product_cat?post=28807"},{"taxonomy":"product_tag","embeddable":true,"href":"https:\/\/women.lv\/en\/wp-json\/wp\/v2\/product_tag?post=28807"}],"curies":[{"name":"wp","href":"https:\/\/api.w.org\/{rel}","templated":true}]}}