{"id":28802,"date":"2020-12-28T16:09:36","date_gmt":"2020-12-28T16:09:36","guid":{"rendered":"https:\/\/women.lv\/?product=kokosriekstu-ella"},"modified":"2026-03-21T11:48:32","modified_gmt":"2026-03-21T09:48:32","slug":"kokosriekstu-ella","status":"publish","type":"product","link":"https:\/\/women.lv\/en\/product\/kokosriekstu-ella\/","title":{"rendered":"Coconut oil"},"content":{"rendered":"<p><span style=\"font-family: Helvetica;\"><span style=\"font-size: 18px;\">Unrefined coconut oil - first cold pressed.<\/span><\/span><\/p>\n<p><span style=\"font-family: Helvetica;\"><span style=\"font-size: 18px;\">Coconut oil in a transparent bottle with a unique dispenser, packaged in a stylish box to protect it from direct sunlight. The set includes a wooden stick to make it convenient to use coconut oil even in a frozen state.\u00a0<\/span><\/span><\/p>\n<p><span style=\"font-family: Helvetica;\"><span style=\"font-size: 18px;\">The oil is made from the soft part of the coconut using the cold press method. This allows you to preserve most of the valuable trace elements.<\/span><\/span><\/p>\n<p><span style=\"font-family: Helvetica;\"><span style=\"font-size: 18px;\">The factory is located in Vietnam in a leading company in its industry.<\/span><\/span><\/p>\n<p><span style=\"font-family: Helvetica;\"><span style=\"font-size: 18px;\">Pure coconut oil solidifies below the &lt; 24\u00b0 degree mark. The dispenser allows the oil to be conveniently used even when it is congealing.<\/span><\/span><\/p>","protected":false},"excerpt":{"rendered":"<p>Unrefined coconut oil - first cold pressed. Coconut oil in a transparent bottle with a unique dispenser, packed in a stylish box for protection<\/p>","protected":false},"featured_media":28803,"comment_status":"open","ping_status":"closed","template":"","meta":[],"product_brand":[],"product_cat":[2217,2210,2214,2215],"product_tag":[3482,3481,3484,3479,3483,3480,3485],"class_list":{"0":"post-28802","1":"product","2":"type-product","3":"status-publish","4":"has-post-thumbnail","6":"product_cat-citi-produkti-kermena-kopsanai","7":"product_cat-citi-matu-kopsanas-produkti","8":"product_cat-citi-sejas-kopsanas-lidzekli","9":"product_cat-visi-produkti","10":"product_tag-coconut-oil","11":"product_tag-kokosriekstu-ella","12":"product_tag-krievija","13":"product_tag-palm","14":"product_tag-russian","15":"product_tag---palm","16":"product_tag-3485","17":"pa_brand_nc-palm","18":"pa_ean_nc-wmru1","20":"first","21":"instock","22":"sale","23":"taxable","24":"shipping-taxable","25":"purchasable","26":"product-type-simple"},"yoast_head":"<!-- This site is optimized with the Yoast SEO plugin v27.4 - https:\/\/yoast.com\/product\/yoast-seo-wordpress\/ -->\n<title>Kokosriekstu e\u013c\u013ca<\/title>\n<meta name=\"description\" content=\"100% \u043a\u043ekosriekstu e\u013c\u013ca, izgatavota no kokosrieksa m\u012bkst\u0101s da\u013cas. Aukst\u0101 spieduma kokosriekstu e\u013c\u013ca.\" \/>\n<meta name=\"robots\" content=\"index, follow, max-snippet:-1, max-image-preview:large, max-video-preview:-1\" \/>\n<link rel=\"canonical\" href=\"https:\/\/women.lv\/en\/product\/kokosriekstu-ella\/\" \/>\n<meta property=\"og:locale\" content=\"en_GB\" \/>\n<meta property=\"og:type\" content=\"article\" \/>\n<meta property=\"og:title\" content=\"Kokosriekstu e\u013c\u013ca\" \/>\n<meta property=\"og:description\" content=\"100% \u043a\u043ekosriekstu e\u013c\u013ca, izgatavota no kokosrieksa m\u012bkst\u0101s da\u013cas. Aukst\u0101 spieduma kokosriekstu e\u013c\u013ca.\" \/>\n<meta property=\"og:url\" content=\"https:\/\/women.lv\/en\/product\/kokosriekstu-ella\/\" \/>\n<meta property=\"og:site_name\" content=\"Women Veikals\" \/>\n<meta property=\"article:modified_time\" content=\"2026-03-21T09:48:32+00:00\" \/>\n<meta property=\"og:image\" content=\"https:\/\/women.lv\/wp-content\/uploads\/nc\/catalog\/Palm\/coconut_palm.jpg\" \/>\n\t<meta property=\"og:image:width\" content=\"900\" \/>\n\t<meta property=\"og:image:height\" content=\"1200\" \/>\n\t<meta property=\"og:image:type\" content=\"image\/jpeg\" \/>\n<meta name=\"twitter:card\" content=\"summary_large_image\" \/>\n<meta name=\"twitter:label1\" content=\"Estimated reading time\" \/>\n\t<meta name=\"twitter:data1\" content=\"1 minute\" \/>\n<script type=\"application\/ld+json\" class=\"yoast-schema-graph\">{\"@context\":\"https:\\\/\\\/schema.org\",\"@graph\":[{\"@type\":\"WebPage\",\"@id\":\"https:\\\/\\\/women.lv\\\/product\\\/kokosriekstu-ella\\\/\",\"url\":\"https:\\\/\\\/women.lv\\\/product\\\/kokosriekstu-ella\\\/\",\"name\":\"Kokosriekstu e\u013c\u013ca\",\"isPartOf\":{\"@id\":\"https:\\\/\\\/women.lv\\\/#website\"},\"primaryImageOfPage\":{\"@id\":\"https:\\\/\\\/women.lv\\\/product\\\/kokosriekstu-ella\\\/#primaryimage\"},\"image\":{\"@id\":\"https:\\\/\\\/women.lv\\\/product\\\/kokosriekstu-ella\\\/#primaryimage\"},\"thumbnailUrl\":\"https:\\\/\\\/women.lv\\\/wp-content\\\/uploads\\\/nc\\\/catalog\\\/Palm\\\/coconut_palm.jpg\",\"datePublished\":\"2020-12-28T16:09:36+00:00\",\"dateModified\":\"2026-03-21T09:48:32+00:00\",\"description\":\"100% \u043a\u043ekosriekstu e\u013c\u013ca, izgatavota no kokosrieksa m\u012bkst\u0101s da\u013cas. Aukst\u0101 spieduma kokosriekstu e\u013c\u013ca.\",\"breadcrumb\":{\"@id\":\"https:\\\/\\\/women.lv\\\/product\\\/kokosriekstu-ella\\\/#breadcrumb\"},\"inLanguage\":\"en-GB\",\"potentialAction\":[{\"@type\":\"ReadAction\",\"target\":[\"https:\\\/\\\/women.lv\\\/product\\\/kokosriekstu-ella\\\/\"]}]},{\"@type\":\"ImageObject\",\"inLanguage\":\"en-GB\",\"@id\":\"https:\\\/\\\/women.lv\\\/product\\\/kokosriekstu-ella\\\/#primaryimage\",\"url\":\"https:\\\/\\\/women.lv\\\/wp-content\\\/uploads\\\/nc\\\/catalog\\\/Palm\\\/coconut_palm.jpg\",\"contentUrl\":\"https:\\\/\\\/women.lv\\\/wp-content\\\/uploads\\\/nc\\\/catalog\\\/Palm\\\/coconut_palm.jpg\",\"width\":900,\"height\":1200,\"caption\":\"Kokosriekstu e\u013c\u013ca\"},{\"@type\":\"BreadcrumbList\",\"@id\":\"https:\\\/\\\/women.lv\\\/product\\\/kokosriekstu-ella\\\/#breadcrumb\",\"itemListElement\":[{\"@type\":\"ListItem\",\"position\":1,\"name\":\"Home\",\"item\":\"https:\\\/\\\/women.lv\\\/\"},{\"@type\":\"ListItem\",\"position\":2,\"name\":\"Products\",\"item\":\"https:\\\/\\\/women.lv\\\/en\\\/shop\\\/\"},{\"@type\":\"ListItem\",\"position\":3,\"name\":\"Kokosriekstu e\u013c\u013ca\"}]},{\"@type\":\"WebSite\",\"@id\":\"https:\\\/\\\/women.lv\\\/#website\",\"url\":\"https:\\\/\\\/women.lv\\\/\",\"name\":\"Women Veikals\",\"description\":\"Uzdr\u012bksties b\u016bt skaista\",\"potentialAction\":[{\"@type\":\"SearchAction\",\"target\":{\"@type\":\"EntryPoint\",\"urlTemplate\":\"https:\\\/\\\/women.lv\\\/?s={search_term_string}\"},\"query-input\":{\"@type\":\"PropertyValueSpecification\",\"valueRequired\":true,\"valueName\":\"search_term_string\"}}],\"inLanguage\":\"en-GB\"}]}<\/script>\n<!-- \/ Yoast SEO plugin. -->","yoast_head_json":{"title":"Coconut oil","description":"100% \u043a\u043ekosriekstu e\u013c\u013ca, izgatavota no kokosrieksa m\u012bkst\u0101s da\u013cas. Aukst\u0101 spieduma kokosriekstu e\u013c\u013ca.","robots":{"index":"index","follow":"follow","max-snippet":"max-snippet:-1","max-image-preview":"max-image-preview:large","max-video-preview":"max-video-preview:-1"},"canonical":"https:\/\/women.lv\/en\/product\/kokosriekstu-ella\/","og_locale":"en_GB","og_type":"article","og_title":"Kokosriekstu e\u013c\u013ca","og_description":"100% \u043a\u043ekosriekstu e\u013c\u013ca, izgatavota no kokosrieksa m\u012bkst\u0101s da\u013cas. Aukst\u0101 spieduma kokosriekstu e\u013c\u013ca.","og_url":"https:\/\/women.lv\/en\/product\/kokosriekstu-ella\/","og_site_name":"Women Veikals","article_modified_time":"2026-03-21T09:48:32+00:00","og_image":[{"width":900,"height":1200,"url":"https:\/\/women.lv\/wp-content\/uploads\/nc\/catalog\/Palm\/coconut_palm.jpg","type":"image\/jpeg"}],"twitter_card":"summary_large_image","twitter_misc":{"Estimated reading time":"1 minute"},"schema":{"@context":"https:\/\/schema.org","@graph":[{"@type":"WebPage","@id":"https:\/\/women.lv\/product\/kokosriekstu-ella\/","url":"https:\/\/women.lv\/product\/kokosriekstu-ella\/","name":"Coconut oil","isPartOf":{"@id":"https:\/\/women.lv\/#website"},"primaryImageOfPage":{"@id":"https:\/\/women.lv\/product\/kokosriekstu-ella\/#primaryimage"},"image":{"@id":"https:\/\/women.lv\/product\/kokosriekstu-ella\/#primaryimage"},"thumbnailUrl":"https:\/\/women.lv\/wp-content\/uploads\/nc\/catalog\/Palm\/coconut_palm.jpg","datePublished":"2020-12-28T16:09:36+00:00","dateModified":"2026-03-21T09:48:32+00:00","description":"100% \u043a\u043ekosriekstu e\u013c\u013ca, izgatavota no kokosrieksa m\u012bkst\u0101s da\u013cas. Aukst\u0101 spieduma kokosriekstu e\u013c\u013ca.","breadcrumb":{"@id":"https:\/\/women.lv\/product\/kokosriekstu-ella\/#breadcrumb"},"inLanguage":"en-GB","potentialAction":[{"@type":"ReadAction","target":["https:\/\/women.lv\/product\/kokosriekstu-ella\/"]}]},{"@type":"ImageObject","inLanguage":"en-GB","@id":"https:\/\/women.lv\/product\/kokosriekstu-ella\/#primaryimage","url":"https:\/\/women.lv\/wp-content\/uploads\/nc\/catalog\/Palm\/coconut_palm.jpg","contentUrl":"https:\/\/women.lv\/wp-content\/uploads\/nc\/catalog\/Palm\/coconut_palm.jpg","width":900,"height":1200,"caption":"Kokosriekstu e\u013c\u013ca"},{"@type":"BreadcrumbList","@id":"https:\/\/women.lv\/product\/kokosriekstu-ella\/#breadcrumb","itemListElement":[{"@type":"ListItem","position":1,"name":"Home","item":"https:\/\/women.lv\/"},{"@type":"ListItem","position":2,"name":"Products","item":"https:\/\/women.lv\/en\/shop\/"},{"@type":"ListItem","position":3,"name":"Kokosriekstu e\u013c\u013ca"}]},{"@type":"WebSite","@id":"https:\/\/women.lv\/#website","url":"https:\/\/women.lv\/","name":"Women Shop","description":"Uzdr\u012bksties b\u016bt skaista","potentialAction":[{"@type":"SearchAction","target":{"@type":"EntryPoint","urlTemplate":"https:\/\/women.lv\/?s={search_term_string}"},"query-input":{"@type":"PropertyValueSpecification","valueRequired":true,"valueName":"search_term_string"}}],"inLanguage":"en-GB"}]}},"_links":{"self":[{"href":"https:\/\/women.lv\/en\/wp-json\/wp\/v2\/product\/28802","targetHints":{"allow":["GET"]}}],"collection":[{"href":"https:\/\/women.lv\/en\/wp-json\/wp\/v2\/product"}],"about":[{"href":"https:\/\/women.lv\/en\/wp-json\/wp\/v2\/types\/product"}],"replies":[{"embeddable":true,"href":"https:\/\/women.lv\/en\/wp-json\/wp\/v2\/comments?post=28802"}],"version-history":[{"count":0,"href":"https:\/\/women.lv\/en\/wp-json\/wp\/v2\/product\/28802\/revisions"}],"wp:featuredmedia":[{"embeddable":true,"href":"https:\/\/women.lv\/en\/wp-json\/wp\/v2\/media\/28803"}],"wp:attachment":[{"href":"https:\/\/women.lv\/en\/wp-json\/wp\/v2\/media?parent=28802"}],"wp:term":[{"taxonomy":"product_brand","embeddable":true,"href":"https:\/\/women.lv\/en\/wp-json\/wp\/v2\/product_brand?post=28802"},{"taxonomy":"product_cat","embeddable":true,"href":"https:\/\/women.lv\/en\/wp-json\/wp\/v2\/product_cat?post=28802"},{"taxonomy":"product_tag","embeddable":true,"href":"https:\/\/women.lv\/en\/wp-json\/wp\/v2\/product_tag?post=28802"}],"curies":[{"name":"wp","href":"https:\/\/api.w.org\/{rel}","templated":true}]}}