{"id":28794,"date":"2020-12-10T14:21:27","date_gmt":"2020-12-10T14:21:27","guid":{"rendered":"https:\/\/women.lv\/?product=3-aminoskabju-mitrinoss-krems"},"modified":"2025-12-06T18:41:11","modified_gmt":"2025-12-06T16:41:11","slug":"3-aminoskabju-mitrinoss-krems","status":"publish","type":"product","link":"https:\/\/women.lv\/en\/product\/3-aminoskabju-mitrinoss-krems\/","title":{"rendered":"3% Amino Acid Moisturizing Cream"},"content":{"rendered":"<p><span style=\"font-family: Helvetica;\"><span style=\"font-size: 18px;\"><b>Fourth step 4<\/b><\/span><\/span><\/p>\n<p><span style=\"font-family: Helvetica;\"><span style=\"font-size: 18px; letter-spacing: 0.8px;\">Aim to reduce: Dehydration, dryness, dullness, uneven texture. A light moisturizing cream that provides skin hydration throughout the day.<\/span><\/span><\/p>\n<ul>\n<li><span style=\"font-family: Helvetica;\"><span style=\"font-size: 18px;\">3% amino acids<\/span><\/span><\/li>\n<li><span style=\"font-family: Helvetica;\"><span style=\"font-size: 18px;\">5% NIACINAMIDE<\/span><\/span><\/li>\n<li><span style=\"font-family: Helvetica;\"><span style=\"font-size: 18px;\">+ Vitamin C<\/span><\/span><\/li>\n<li><span style=\"font-family: Helvetica;\"><span style=\"font-size: 18px;\">+ Vitamin E\n<p><\/span><\/span><\/li>\n<\/ul>\n<p><span style=\"font-family: Helvetica;\"><span style=\"font-size: 18px;\">Colorant-free, essential oil-free, fragrance-free, mineral oil-free, paraben-free, PEG-free, silicone-free, sulfate-free<\/span><\/p>\n<p><\/span><\/p>","protected":false},"excerpt":{"rendered":"<p>Fourth step 4 Aim to reduce: Dehydration, dryness, dullness, uneven texture. A light moisturizing cream that provides skin hydration throughout the day. 3%<\/p>","protected":false},"featured_media":28795,"comment_status":"open","ping_status":"closed","template":"","meta":[],"product_brand":[],"product_cat":[2212,2213,2231,2200,2203,2215],"product_tag":[3468,3467,3407,3408,3416,3412,3413,3417,3414,3466],"class_list":{"0":"post-28794","1":"product","2":"type-product","3":"status-publish","4":"has-post-thumbnail","6":"product_cat-dienas-kremi","7":"product_cat-nakts-kremi","8":"product_cat-lv-on-sale","9":"product_cat-sejas-kopsanas-lidzekli","10":"product_cat-sejas-kremi","11":"product_cat-visi-produkti","12":"product_tag-3-amino-acids-moisturizing-cream","13":"product_tag-3-aminoskabju-mitrinoss-krems","14":"product_tag-beauty-pharma","15":"product_tag-bp","16":"product_tag-dermatologiska-kosmetika","17":"product_tag-turcija","18":"product_tag-turkey","19":"product_tag-3417","20":"product_tag-3414","21":"product_tag----3-","22":"pa_brand_nc-beauty-pharma","23":"pa_ean_nc-3465","24":"pa_ean_nc-turkey","26":"first","27":"instock","28":"sale","29":"taxable","30":"shipping-taxable","31":"purchasable","32":"product-type-simple"},"yoast_head":"<!-- This site is optimized with the Yoast SEO plugin v27.4 - https:\/\/yoast.com\/product\/yoast-seo-wordpress\/ -->\n<title>3% aminosk\u0101bju mitrino\u0161s kr\u0113ms<\/title>\n<meta name=\"description\" content=\"M\u0113r\u0137is samazin\u0101t: Dehidrat\u0101cija, sausums, bl\u0101vums, nevienm\u0113r\u012bga tekst\u016bra. Viegls mitrino\u0161s kr\u0113ms, kas nodro\u0161ina \u0101das mitrin\u0101\u0161anu visas diennakts garum\u0101.\" \/>\n<meta name=\"robots\" content=\"index, follow, max-snippet:-1, max-image-preview:large, max-video-preview:-1\" \/>\n<link rel=\"canonical\" href=\"https:\/\/women.lv\/en\/product\/3-aminoskabju-mitrinoss-krems\/\" \/>\n<meta property=\"og:locale\" content=\"en_GB\" \/>\n<meta property=\"og:type\" content=\"article\" \/>\n<meta property=\"og:title\" content=\"3% aminosk\u0101bju mitrino\u0161s kr\u0113ms\" \/>\n<meta property=\"og:description\" content=\"M\u0113r\u0137is samazin\u0101t: Dehidrat\u0101cija, sausums, bl\u0101vums, nevienm\u0113r\u012bga tekst\u016bra. Viegls mitrino\u0161s kr\u0113ms, kas nodro\u0161ina \u0101das mitrin\u0101\u0161anu visas diennakts garum\u0101.\" \/>\n<meta property=\"og:url\" content=\"https:\/\/women.lv\/en\/product\/3-aminoskabju-mitrinoss-krems\/\" \/>\n<meta property=\"og:site_name\" content=\"Women Veikals\" \/>\n<meta property=\"article:modified_time\" content=\"2025-12-06T16:41:11+00:00\" \/>\n<meta property=\"og:image\" content=\"https:\/\/women.lv\/wp-content\/uploads\/nc\/catalog\/Beauty-Pharma\/3-amino-acids-moisturizing-cream.PNG\" \/>\n\t<meta property=\"og:image:width\" content=\"668\" \/>\n\t<meta property=\"og:image:height\" content=\"669\" \/>\n\t<meta property=\"og:image:type\" content=\"image\/png\" \/>\n<meta name=\"twitter:card\" content=\"summary_large_image\" \/>\n<script type=\"application\/ld+json\" class=\"yoast-schema-graph\">{\"@context\":\"https:\\\/\\\/schema.org\",\"@graph\":[{\"@type\":\"WebPage\",\"@id\":\"https:\\\/\\\/women.lv\\\/product\\\/3-aminoskabju-mitrinoss-krems\\\/\",\"url\":\"https:\\\/\\\/women.lv\\\/product\\\/3-aminoskabju-mitrinoss-krems\\\/\",\"name\":\"3% aminosk\u0101bju mitrino\u0161s kr\u0113ms\",\"isPartOf\":{\"@id\":\"https:\\\/\\\/women.lv\\\/#website\"},\"primaryImageOfPage\":{\"@id\":\"https:\\\/\\\/women.lv\\\/product\\\/3-aminoskabju-mitrinoss-krems\\\/#primaryimage\"},\"image\":{\"@id\":\"https:\\\/\\\/women.lv\\\/product\\\/3-aminoskabju-mitrinoss-krems\\\/#primaryimage\"},\"thumbnailUrl\":\"https:\\\/\\\/women.lv\\\/wp-content\\\/uploads\\\/nc\\\/catalog\\\/Beauty-Pharma\\\/3-amino-acids-moisturizing-cream.PNG\",\"datePublished\":\"2020-12-10T14:21:27+00:00\",\"dateModified\":\"2025-12-06T16:41:11+00:00\",\"description\":\"M\u0113r\u0137is samazin\u0101t: Dehidrat\u0101cija, sausums, bl\u0101vums, nevienm\u0113r\u012bga tekst\u016bra. Viegls mitrino\u0161s kr\u0113ms, kas nodro\u0161ina \u0101das mitrin\u0101\u0161anu visas diennakts garum\u0101.\",\"breadcrumb\":{\"@id\":\"https:\\\/\\\/women.lv\\\/product\\\/3-aminoskabju-mitrinoss-krems\\\/#breadcrumb\"},\"inLanguage\":\"en-GB\",\"potentialAction\":[{\"@type\":\"ReadAction\",\"target\":[\"https:\\\/\\\/women.lv\\\/product\\\/3-aminoskabju-mitrinoss-krems\\\/\"]}]},{\"@type\":\"ImageObject\",\"inLanguage\":\"en-GB\",\"@id\":\"https:\\\/\\\/women.lv\\\/product\\\/3-aminoskabju-mitrinoss-krems\\\/#primaryimage\",\"url\":\"https:\\\/\\\/women.lv\\\/wp-content\\\/uploads\\\/nc\\\/catalog\\\/Beauty-Pharma\\\/3-amino-acids-moisturizing-cream.PNG\",\"contentUrl\":\"https:\\\/\\\/women.lv\\\/wp-content\\\/uploads\\\/nc\\\/catalog\\\/Beauty-Pharma\\\/3-amino-acids-moisturizing-cream.PNG\",\"width\":668,\"height\":669,\"caption\":\"3% aminosk\u0101bju mitrino\u0161s kr\u0113ms\"},{\"@type\":\"BreadcrumbList\",\"@id\":\"https:\\\/\\\/women.lv\\\/product\\\/3-aminoskabju-mitrinoss-krems\\\/#breadcrumb\",\"itemListElement\":[{\"@type\":\"ListItem\",\"position\":1,\"name\":\"Home\",\"item\":\"https:\\\/\\\/women.lv\\\/\"},{\"@type\":\"ListItem\",\"position\":2,\"name\":\"Products\",\"item\":\"https:\\\/\\\/women.lv\\\/en\\\/shop\\\/\"},{\"@type\":\"ListItem\",\"position\":3,\"name\":\"3% aminosk\u0101bju mitrino\u0161s kr\u0113ms\"}]},{\"@type\":\"WebSite\",\"@id\":\"https:\\\/\\\/women.lv\\\/#website\",\"url\":\"https:\\\/\\\/women.lv\\\/\",\"name\":\"Women Veikals\",\"description\":\"Uzdr\u012bksties b\u016bt skaista\",\"potentialAction\":[{\"@type\":\"SearchAction\",\"target\":{\"@type\":\"EntryPoint\",\"urlTemplate\":\"https:\\\/\\\/women.lv\\\/?s={search_term_string}\"},\"query-input\":{\"@type\":\"PropertyValueSpecification\",\"valueRequired\":true,\"valueName\":\"search_term_string\"}}],\"inLanguage\":\"en-GB\"}]}<\/script>\n<!-- \/ Yoast SEO plugin. -->","yoast_head_json":{"title":"3% Amino Acid Moisturizing Cream","description":"M\u0113r\u0137is samazin\u0101t: Dehidrat\u0101cija, sausums, bl\u0101vums, nevienm\u0113r\u012bga tekst\u016bra. Viegls mitrino\u0161s kr\u0113ms, kas nodro\u0161ina \u0101das mitrin\u0101\u0161anu visas diennakts garum\u0101.","robots":{"index":"index","follow":"follow","max-snippet":"max-snippet:-1","max-image-preview":"max-image-preview:large","max-video-preview":"max-video-preview:-1"},"canonical":"https:\/\/women.lv\/en\/product\/3-aminoskabju-mitrinoss-krems\/","og_locale":"en_GB","og_type":"article","og_title":"3% aminosk\u0101bju mitrino\u0161s kr\u0113ms","og_description":"M\u0113r\u0137is samazin\u0101t: Dehidrat\u0101cija, sausums, bl\u0101vums, nevienm\u0113r\u012bga tekst\u016bra. Viegls mitrino\u0161s kr\u0113ms, kas nodro\u0161ina \u0101das mitrin\u0101\u0161anu visas diennakts garum\u0101.","og_url":"https:\/\/women.lv\/en\/product\/3-aminoskabju-mitrinoss-krems\/","og_site_name":"Women Veikals","article_modified_time":"2025-12-06T16:41:11+00:00","og_image":[{"width":668,"height":669,"url":"https:\/\/women.lv\/wp-content\/uploads\/nc\/catalog\/Beauty-Pharma\/3-amino-acids-moisturizing-cream.PNG","type":"image\/png"}],"twitter_card":"summary_large_image","schema":{"@context":"https:\/\/schema.org","@graph":[{"@type":"WebPage","@id":"https:\/\/women.lv\/product\/3-aminoskabju-mitrinoss-krems\/","url":"https:\/\/women.lv\/product\/3-aminoskabju-mitrinoss-krems\/","name":"3% Amino Acid Moisturizing Cream","isPartOf":{"@id":"https:\/\/women.lv\/#website"},"primaryImageOfPage":{"@id":"https:\/\/women.lv\/product\/3-aminoskabju-mitrinoss-krems\/#primaryimage"},"image":{"@id":"https:\/\/women.lv\/product\/3-aminoskabju-mitrinoss-krems\/#primaryimage"},"thumbnailUrl":"https:\/\/women.lv\/wp-content\/uploads\/nc\/catalog\/Beauty-Pharma\/3-amino-acids-moisturizing-cream.PNG","datePublished":"2020-12-10T14:21:27+00:00","dateModified":"2025-12-06T16:41:11+00:00","description":"M\u0113r\u0137is samazin\u0101t: Dehidrat\u0101cija, sausums, bl\u0101vums, nevienm\u0113r\u012bga tekst\u016bra. Viegls mitrino\u0161s kr\u0113ms, kas nodro\u0161ina \u0101das mitrin\u0101\u0161anu visas diennakts garum\u0101.","breadcrumb":{"@id":"https:\/\/women.lv\/product\/3-aminoskabju-mitrinoss-krems\/#breadcrumb"},"inLanguage":"en-GB","potentialAction":[{"@type":"ReadAction","target":["https:\/\/women.lv\/product\/3-aminoskabju-mitrinoss-krems\/"]}]},{"@type":"ImageObject","inLanguage":"en-GB","@id":"https:\/\/women.lv\/product\/3-aminoskabju-mitrinoss-krems\/#primaryimage","url":"https:\/\/women.lv\/wp-content\/uploads\/nc\/catalog\/Beauty-Pharma\/3-amino-acids-moisturizing-cream.PNG","contentUrl":"https:\/\/women.lv\/wp-content\/uploads\/nc\/catalog\/Beauty-Pharma\/3-amino-acids-moisturizing-cream.PNG","width":668,"height":669,"caption":"3% aminosk\u0101bju mitrino\u0161s kr\u0113ms"},{"@type":"BreadcrumbList","@id":"https:\/\/women.lv\/product\/3-aminoskabju-mitrinoss-krems\/#breadcrumb","itemListElement":[{"@type":"ListItem","position":1,"name":"Home","item":"https:\/\/women.lv\/"},{"@type":"ListItem","position":2,"name":"Products","item":"https:\/\/women.lv\/en\/shop\/"},{"@type":"ListItem","position":3,"name":"3% aminosk\u0101bju mitrino\u0161s kr\u0113ms"}]},{"@type":"WebSite","@id":"https:\/\/women.lv\/#website","url":"https:\/\/women.lv\/","name":"Women Shop","description":"Uzdr\u012bksties b\u016bt skaista","potentialAction":[{"@type":"SearchAction","target":{"@type":"EntryPoint","urlTemplate":"https:\/\/women.lv\/?s={search_term_string}"},"query-input":{"@type":"PropertyValueSpecification","valueRequired":true,"valueName":"search_term_string"}}],"inLanguage":"en-GB"}]}},"_links":{"self":[{"href":"https:\/\/women.lv\/en\/wp-json\/wp\/v2\/product\/28794","targetHints":{"allow":["GET"]}}],"collection":[{"href":"https:\/\/women.lv\/en\/wp-json\/wp\/v2\/product"}],"about":[{"href":"https:\/\/women.lv\/en\/wp-json\/wp\/v2\/types\/product"}],"replies":[{"embeddable":true,"href":"https:\/\/women.lv\/en\/wp-json\/wp\/v2\/comments?post=28794"}],"version-history":[{"count":0,"href":"https:\/\/women.lv\/en\/wp-json\/wp\/v2\/product\/28794\/revisions"}],"wp:featuredmedia":[{"embeddable":true,"href":"https:\/\/women.lv\/en\/wp-json\/wp\/v2\/media\/28795"}],"wp:attachment":[{"href":"https:\/\/women.lv\/en\/wp-json\/wp\/v2\/media?parent=28794"}],"wp:term":[{"taxonomy":"product_brand","embeddable":true,"href":"https:\/\/women.lv\/en\/wp-json\/wp\/v2\/product_brand?post=28794"},{"taxonomy":"product_cat","embeddable":true,"href":"https:\/\/women.lv\/en\/wp-json\/wp\/v2\/product_cat?post=28794"},{"taxonomy":"product_tag","embeddable":true,"href":"https:\/\/women.lv\/en\/wp-json\/wp\/v2\/product_tag?post=28794"}],"curies":[{"name":"wp","href":"https:\/\/api.w.org\/{rel}","templated":true}]}}