{"id":28793,"date":"2020-12-09T15:56:58","date_gmt":"2020-12-09T15:56:58","guid":{"rendered":"https:\/\/women.lv\/?product=2-a-arbutins-2-c-vitaminu-balinoss-serums"},"modified":"2026-03-21T11:36:37","modified_gmt":"2026-03-21T09:36:37","slug":"2-alpha-arbutins-2-c-vitaminu-balinoss-serums","status":"publish","type":"product","link":"https:\/\/women.lv\/en\/product\/2-alpha-arbutins-2-c-vitaminu-balinoss-serums\/","title":{"rendered":"2% a-Arbutin + 2% Vitamin C Whitening Serum"},"content":{"rendered":"<p><span style=\"font-family: Helvetica;\"><span style=\"font-size: 18px;\"><b>Third step 3<\/b><\/span><\/span><\/p>\n<p><span style=\"font-family: Helvetica;\"><span style=\"font-size: 18px; letter-spacing: 0.8px;\">Aim to reduce: Skin discoloration, dullness, skin pigmentation, uneven texture. A highly potent, fast-absorbing serum infused with 2% Alpha Arbutin and 2% Vitamin C to fight dullness, dark spots and discoloration while instantly boosting brightness and radiance.<\/span><\/span><\/p>\n<ul>\n<li><span style=\"font-family: Helvetica;\"><span style=\"font-size: 18px;\">2% alpha arbutin<\/span><\/span><\/li>\n<li><span style=\"font-family: Helvetica;\"><span style=\"font-size: 18px;\">2% vitamin C<\/span><\/span><\/li>\n<li><span style=\"font-family: Helvetica;\"><span style=\"font-size: 18px;\">+ Rumex Occidentalis<\/span><\/span><\/li>\n<li><span style=\"font-family: Helvetica;\"><span style=\"font-size: 18px;\">+ B3 \/ B5 \/ B6 \/ E vitamin complex<\/span>\n<p><\/span><\/li>\n<\/ul>\n<p><span style=\"font-family: Helvetica;\"><span style=\"font-size: 18px;\">Colorant-free, essential oil-free, fragrance-free, mineral oil-free, paraben-free, PEG-free, silicone-free, sulfate-free<\/span><\/span><\/p>","protected":false},"excerpt":{"rendered":"<p>Step Three 3 Aim to reduce: Skin discoloration, dullness, skin pigmentation, uneven texture. A highly potent, fast-absorbing serum infused with 2%<\/p>","protected":false},"featured_media":28775,"comment_status":"open","ping_status":"closed","template":"","meta":[],"product_brand":[],"product_cat":[2231,2201,2200,2215],"product_tag":[3462,3464,3463,3407,3408,3415,3416,3412,3413,3417,3414],"class_list":{"0":"post-28793","1":"product","2":"type-product","3":"status-publish","4":"has-post-thumbnail","6":"product_cat-lv-on-sale","7":"product_cat-pretnovecosanas-un-pretgrumbu","8":"product_cat-sejas-kopsanas-lidzekli","9":"product_cat-visi-produkti","10":"product_tag-2-a-arbutins-2-c-vitaminu-balinoss-serums","11":"product_tag-2-alpha-arbutin-2-vitamin-c-brightening-serum","12":"product_tag-2---2----","13":"product_tag-beauty-pharma","14":"product_tag-bp","15":"product_tag-dermatological-cosmetics","16":"product_tag-dermatologiska-kosmetika","17":"product_tag-turcija","18":"product_tag-turkey","19":"product_tag-3417","20":"product_tag-3414","21":"pa_brand_nc-beauty-pharma","22":"pa_ean_nc-3461","23":"pa_ean_nc-turkey","25":"first","26":"outofstock","27":"sale","28":"taxable","29":"shipping-taxable","30":"purchasable","31":"product-type-simple"},"yoast_head":"<!-- This site is optimized with the Yoast SEO plugin v27.4 - https:\/\/yoast.com\/product\/yoast-seo-wordpress\/ -->\n<title>2% a-arbut\u012bns + 2% C vitam\u012bnu balino\u0161s serums<\/title>\n<meta name=\"description\" content=\"M\u0113r\u0137is samazin\u0101t: \u0100das kr\u0101su mai\u0146a, bl\u0101vums, \u0101das pigment\u0101cija, nevienm\u0113r\u012bga tekst\u016bra. \u013boti sp\u0113c\u012bgs, \u0101tri absorb\u0113jo\u0161s serums, kas ievad\u012bts ar 2% alfa arbut\u012bna un 2% C vitam\u012bna, lai c\u012bn\u012btos ar bl\u0101vumu, tum\u0161iem plankumiem un kr\u0101sas izmai\u0146\u0101m, vienlaikus uzre\" \/>\n<meta name=\"robots\" content=\"index, follow, max-snippet:-1, max-image-preview:large, max-video-preview:-1\" \/>\n<link rel=\"canonical\" href=\"https:\/\/women.lv\/en\/product\/2-alpha-arbutins-2-c-vitaminu-balinoss-serums\/\" \/>\n<meta property=\"og:locale\" content=\"en_GB\" \/>\n<meta property=\"og:type\" content=\"article\" \/>\n<meta property=\"og:title\" content=\"2% a-arbut\u012bns + 2% C vitam\u012bnu balino\u0161s serums\" \/>\n<meta property=\"og:description\" content=\"M\u0113r\u0137is samazin\u0101t: \u0100das kr\u0101su mai\u0146a, bl\u0101vums, \u0101das pigment\u0101cija, nevienm\u0113r\u012bga tekst\u016bra. \u013boti sp\u0113c\u012bgs, \u0101tri absorb\u0113jo\u0161s serums, kas ievad\u012bts ar 2% alfa arbut\u012bna un 2% C vitam\u012bna, lai c\u012bn\u012btos ar bl\u0101vumu, tum\u0161iem plankumiem un kr\u0101sas izmai\u0146\u0101m, vienlaikus uzre\" \/>\n<meta property=\"og:url\" content=\"https:\/\/women.lv\/en\/product\/2-alpha-arbutins-2-c-vitaminu-balinoss-serums\/\" \/>\n<meta property=\"og:site_name\" content=\"Women Veikals\" \/>\n<meta property=\"article:modified_time\" content=\"2026-03-21T09:36:37+00:00\" \/>\n<meta property=\"og:image\" content=\"https:\/\/women.lv\/wp-content\/uploads\/nc\/catalog\/Beauty-Pharma\/1-alpha-arbutin2-vitamin-c-brightening-cream-spf30.PNG\" \/>\n\t<meta property=\"og:image:width\" content=\"671\" \/>\n\t<meta property=\"og:image:height\" content=\"672\" \/>\n\t<meta property=\"og:image:type\" content=\"image\/png\" \/>\n<meta name=\"twitter:card\" content=\"summary_large_image\" \/>\n<meta name=\"twitter:label1\" content=\"Estimated reading time\" \/>\n\t<meta name=\"twitter:data1\" content=\"1 minute\" \/>\n<script type=\"application\/ld+json\" class=\"yoast-schema-graph\">{\"@context\":\"https:\\\/\\\/schema.org\",\"@graph\":[{\"@type\":\"WebPage\",\"@id\":\"https:\\\/\\\/women.lv\\\/product\\\/2-alpha-arbutins-2-c-vitaminu-balinoss-serums\\\/\",\"url\":\"https:\\\/\\\/women.lv\\\/product\\\/2-alpha-arbutins-2-c-vitaminu-balinoss-serums\\\/\",\"name\":\"2% a-arbut\u012bns + 2% C vitam\u012bnu balino\u0161s serums\",\"isPartOf\":{\"@id\":\"https:\\\/\\\/women.lv\\\/#website\"},\"primaryImageOfPage\":{\"@id\":\"https:\\\/\\\/women.lv\\\/product\\\/2-alpha-arbutins-2-c-vitaminu-balinoss-serums\\\/#primaryimage\"},\"image\":{\"@id\":\"https:\\\/\\\/women.lv\\\/product\\\/2-alpha-arbutins-2-c-vitaminu-balinoss-serums\\\/#primaryimage\"},\"thumbnailUrl\":\"https:\\\/\\\/women.lv\\\/wp-content\\\/uploads\\\/nc\\\/catalog\\\/Beauty-Pharma\\\/1-alpha-arbutin2-vitamin-c-brightening-cream-spf30.PNG\",\"datePublished\":\"2020-12-09T15:56:58+00:00\",\"dateModified\":\"2026-03-21T09:36:37+00:00\",\"description\":\"M\u0113r\u0137is samazin\u0101t: \u0100das kr\u0101su mai\u0146a, bl\u0101vums, \u0101das pigment\u0101cija, nevienm\u0113r\u012bga tekst\u016bra. \u013boti sp\u0113c\u012bgs, \u0101tri absorb\u0113jo\u0161s serums, kas ievad\u012bts ar 2% alfa arbut\u012bna un 2% C vitam\u012bna, lai c\u012bn\u012btos ar bl\u0101vumu, tum\u0161iem plankumiem un kr\u0101sas izmai\u0146\u0101m, vienlaikus uzre\",\"breadcrumb\":{\"@id\":\"https:\\\/\\\/women.lv\\\/product\\\/2-alpha-arbutins-2-c-vitaminu-balinoss-serums\\\/#breadcrumb\"},\"inLanguage\":\"en-GB\",\"potentialAction\":[{\"@type\":\"ReadAction\",\"target\":[\"https:\\\/\\\/women.lv\\\/product\\\/2-alpha-arbutins-2-c-vitaminu-balinoss-serums\\\/\"]}]},{\"@type\":\"ImageObject\",\"inLanguage\":\"en-GB\",\"@id\":\"https:\\\/\\\/women.lv\\\/product\\\/2-alpha-arbutins-2-c-vitaminu-balinoss-serums\\\/#primaryimage\",\"url\":\"https:\\\/\\\/women.lv\\\/wp-content\\\/uploads\\\/nc\\\/catalog\\\/Beauty-Pharma\\\/1-alpha-arbutin2-vitamin-c-brightening-cream-spf30.PNG\",\"contentUrl\":\"https:\\\/\\\/women.lv\\\/wp-content\\\/uploads\\\/nc\\\/catalog\\\/Beauty-Pharma\\\/1-alpha-arbutin2-vitamin-c-brightening-cream-spf30.PNG\",\"width\":671,\"height\":672,\"caption\":\"1% a-arbut\u012bns + 2% C vitam\u012bnu balino\u0161s kr\u0113ms ar SPF30\"},{\"@type\":\"BreadcrumbList\",\"@id\":\"https:\\\/\\\/women.lv\\\/product\\\/2-alpha-arbutins-2-c-vitaminu-balinoss-serums\\\/#breadcrumb\",\"itemListElement\":[{\"@type\":\"ListItem\",\"position\":1,\"name\":\"Home\",\"item\":\"https:\\\/\\\/women.lv\\\/\"},{\"@type\":\"ListItem\",\"position\":2,\"name\":\"Products\",\"item\":\"https:\\\/\\\/women.lv\\\/en\\\/shop\\\/\"},{\"@type\":\"ListItem\",\"position\":3,\"name\":\"2% a-arbut\u012bns + 2% C vitam\u012bnu balino\u0161s serums\"}]},{\"@type\":\"WebSite\",\"@id\":\"https:\\\/\\\/women.lv\\\/#website\",\"url\":\"https:\\\/\\\/women.lv\\\/\",\"name\":\"Women Veikals\",\"description\":\"Uzdr\u012bksties b\u016bt skaista\",\"potentialAction\":[{\"@type\":\"SearchAction\",\"target\":{\"@type\":\"EntryPoint\",\"urlTemplate\":\"https:\\\/\\\/women.lv\\\/?s={search_term_string}\"},\"query-input\":{\"@type\":\"PropertyValueSpecification\",\"valueRequired\":true,\"valueName\":\"search_term_string\"}}],\"inLanguage\":\"en-GB\"}]}<\/script>\n<!-- \/ Yoast SEO plugin. -->","yoast_head_json":{"title":"2% a-Arbutin + 2% Vitamin C Whitening Serum","description":"M\u0113r\u0137is samazin\u0101t: \u0100das kr\u0101su mai\u0146a, bl\u0101vums, \u0101das pigment\u0101cija, nevienm\u0113r\u012bga tekst\u016bra. \u013boti sp\u0113c\u012bgs, \u0101tri absorb\u0113jo\u0161s serums, kas ievad\u012bts ar 2% alfa arbut\u012bna un 2% C vitam\u012bna, lai c\u012bn\u012btos ar bl\u0101vumu, tum\u0161iem plankumiem un kr\u0101sas izmai\u0146\u0101m, vienlaikus uzre","robots":{"index":"index","follow":"follow","max-snippet":"max-snippet:-1","max-image-preview":"max-image-preview:large","max-video-preview":"max-video-preview:-1"},"canonical":"https:\/\/women.lv\/en\/product\/2-alpha-arbutins-2-c-vitaminu-balinoss-serums\/","og_locale":"en_GB","og_type":"article","og_title":"2% a-arbut\u012bns + 2% C vitam\u012bnu balino\u0161s serums","og_description":"M\u0113r\u0137is samazin\u0101t: \u0100das kr\u0101su mai\u0146a, bl\u0101vums, \u0101das pigment\u0101cija, nevienm\u0113r\u012bga tekst\u016bra. \u013boti sp\u0113c\u012bgs, \u0101tri absorb\u0113jo\u0161s serums, kas ievad\u012bts ar 2% alfa arbut\u012bna un 2% C vitam\u012bna, lai c\u012bn\u012btos ar bl\u0101vumu, tum\u0161iem plankumiem un kr\u0101sas izmai\u0146\u0101m, vienlaikus uzre","og_url":"https:\/\/women.lv\/en\/product\/2-alpha-arbutins-2-c-vitaminu-balinoss-serums\/","og_site_name":"Women Veikals","article_modified_time":"2026-03-21T09:36:37+00:00","og_image":[{"width":671,"height":672,"url":"https:\/\/women.lv\/wp-content\/uploads\/nc\/catalog\/Beauty-Pharma\/1-alpha-arbutin2-vitamin-c-brightening-cream-spf30.PNG","type":"image\/png"}],"twitter_card":"summary_large_image","twitter_misc":{"Estimated reading time":"1 minute"},"schema":{"@context":"https:\/\/schema.org","@graph":[{"@type":"WebPage","@id":"https:\/\/women.lv\/product\/2-alpha-arbutins-2-c-vitaminu-balinoss-serums\/","url":"https:\/\/women.lv\/product\/2-alpha-arbutins-2-c-vitaminu-balinoss-serums\/","name":"2% a-Arbutin + 2% Vitamin C Whitening Serum","isPartOf":{"@id":"https:\/\/women.lv\/#website"},"primaryImageOfPage":{"@id":"https:\/\/women.lv\/product\/2-alpha-arbutins-2-c-vitaminu-balinoss-serums\/#primaryimage"},"image":{"@id":"https:\/\/women.lv\/product\/2-alpha-arbutins-2-c-vitaminu-balinoss-serums\/#primaryimage"},"thumbnailUrl":"https:\/\/women.lv\/wp-content\/uploads\/nc\/catalog\/Beauty-Pharma\/1-alpha-arbutin2-vitamin-c-brightening-cream-spf30.PNG","datePublished":"2020-12-09T15:56:58+00:00","dateModified":"2026-03-21T09:36:37+00:00","description":"M\u0113r\u0137is samazin\u0101t: \u0100das kr\u0101su mai\u0146a, bl\u0101vums, \u0101das pigment\u0101cija, nevienm\u0113r\u012bga tekst\u016bra. \u013boti sp\u0113c\u012bgs, \u0101tri absorb\u0113jo\u0161s serums, kas ievad\u012bts ar 2% alfa arbut\u012bna un 2% C vitam\u012bna, lai c\u012bn\u012btos ar bl\u0101vumu, tum\u0161iem plankumiem un kr\u0101sas izmai\u0146\u0101m, vienlaikus uzre","breadcrumb":{"@id":"https:\/\/women.lv\/product\/2-alpha-arbutins-2-c-vitaminu-balinoss-serums\/#breadcrumb"},"inLanguage":"en-GB","potentialAction":[{"@type":"ReadAction","target":["https:\/\/women.lv\/product\/2-alpha-arbutins-2-c-vitaminu-balinoss-serums\/"]}]},{"@type":"ImageObject","inLanguage":"en-GB","@id":"https:\/\/women.lv\/product\/2-alpha-arbutins-2-c-vitaminu-balinoss-serums\/#primaryimage","url":"https:\/\/women.lv\/wp-content\/uploads\/nc\/catalog\/Beauty-Pharma\/1-alpha-arbutin2-vitamin-c-brightening-cream-spf30.PNG","contentUrl":"https:\/\/women.lv\/wp-content\/uploads\/nc\/catalog\/Beauty-Pharma\/1-alpha-arbutin2-vitamin-c-brightening-cream-spf30.PNG","width":671,"height":672,"caption":"1% a-arbut\u012bns + 2% C vitam\u012bnu balino\u0161s kr\u0113ms ar SPF30"},{"@type":"BreadcrumbList","@id":"https:\/\/women.lv\/product\/2-alpha-arbutins-2-c-vitaminu-balinoss-serums\/#breadcrumb","itemListElement":[{"@type":"ListItem","position":1,"name":"Home","item":"https:\/\/women.lv\/"},{"@type":"ListItem","position":2,"name":"Products","item":"https:\/\/women.lv\/en\/shop\/"},{"@type":"ListItem","position":3,"name":"2% a-arbut\u012bns + 2% C vitam\u012bnu balino\u0161s serums"}]},{"@type":"WebSite","@id":"https:\/\/women.lv\/#website","url":"https:\/\/women.lv\/","name":"Women Shop","description":"Uzdr\u012bksties b\u016bt skaista","potentialAction":[{"@type":"SearchAction","target":{"@type":"EntryPoint","urlTemplate":"https:\/\/women.lv\/?s={search_term_string}"},"query-input":{"@type":"PropertyValueSpecification","valueRequired":true,"valueName":"search_term_string"}}],"inLanguage":"en-GB"}]}},"_links":{"self":[{"href":"https:\/\/women.lv\/en\/wp-json\/wp\/v2\/product\/28793","targetHints":{"allow":["GET"]}}],"collection":[{"href":"https:\/\/women.lv\/en\/wp-json\/wp\/v2\/product"}],"about":[{"href":"https:\/\/women.lv\/en\/wp-json\/wp\/v2\/types\/product"}],"replies":[{"embeddable":true,"href":"https:\/\/women.lv\/en\/wp-json\/wp\/v2\/comments?post=28793"}],"version-history":[{"count":0,"href":"https:\/\/women.lv\/en\/wp-json\/wp\/v2\/product\/28793\/revisions"}],"wp:featuredmedia":[{"embeddable":true,"href":"https:\/\/women.lv\/en\/wp-json\/wp\/v2\/media\/28775"}],"wp:attachment":[{"href":"https:\/\/women.lv\/en\/wp-json\/wp\/v2\/media?parent=28793"}],"wp:term":[{"taxonomy":"product_brand","embeddable":true,"href":"https:\/\/women.lv\/en\/wp-json\/wp\/v2\/product_brand?post=28793"},{"taxonomy":"product_cat","embeddable":true,"href":"https:\/\/women.lv\/en\/wp-json\/wp\/v2\/product_cat?post=28793"},{"taxonomy":"product_tag","embeddable":true,"href":"https:\/\/women.lv\/en\/wp-json\/wp\/v2\/product_tag?post=28793"}],"curies":[{"name":"wp","href":"https:\/\/api.w.org\/{rel}","templated":true}]}}