{"id":28791,"date":"2020-12-09T14:48:46","date_gmt":"2020-12-09T14:48:46","guid":{"rendered":"https:\/\/women.lv\/?product=atjaunojosais-serums-ar-5-c-vitaminu-pigmentacijas-mazinasanai"},"modified":"2026-03-21T11:36:58","modified_gmt":"2026-03-21T09:36:58","slug":"atjaunojosais-serums-ar-5-c-vitaminu-pigmentacijas-mazinasanai","status":"publish","type":"product","link":"https:\/\/women.lv\/en\/product\/atjaunojosais-serums-ar-5-c-vitaminu-pigmentacijas-mazinasanai\/","title":{"rendered":"Regenerating serum with 5% Vitamin C to reduce pigmentation"},"content":{"rendered":"<p><span style=\"font-family: Helvetica;\"><span style=\"font-size: 18px;\"><b>Third step 3<\/b><\/span><\/span><\/p>\n<p><span style=\"font-family: Helvetica;\"><span style=\"font-size: 18px; letter-spacing: 0.8px;\">M\u0113r\u0137is samazin\u0101t:\u00a0P\u016bt\u012btes, plankumus, taukain\u012bbu, poras.\u00a0Neredzams l\u012bdzeklis pigment\u0101ciju \u0101rst\u0113\u0161anai.<\/span><\/span><\/p>\n<ul>\n<li><span style=\"font-family: Helvetica;\"><span style=\"font-size: 18px;\">5% of vitamin C<\/span><\/span><\/li>\n<li><span style=\"font-family: Helvetica;\"><span style=\"font-size: 18px;\">+ Allantoin<\/span><\/span><\/li>\n<li><span style=\"font-family: Helvetica;\"><span style=\"font-size: 18px;\">+ ProVitamin B5<\/span><\/span><\/li>\n<li><span style=\"font-family: Helvetica;\"><span style=\"font-size: 18px;\">+ Lactic acid\n<p><\/span><\/span><\/li>\n<\/ul>\n<p><span style=\"font-family: Helvetica;\"><\/p>\n<p><span style=\"font-size: 18px;\">Colorant-free, essential oil-free, fragrance-free, mineral oil-free, oil-free, paraben-free, PEG-free<\/span><\/p>\n<p><\/span><\/p>","protected":false},"excerpt":{"rendered":"<p>Third step 3 Aim to reduce: Acne, blemishes, oiliness, pores. An invisible means for the treatment of pigmentation. 5% Vitamin C + Allantoin + ProVitamin B5 +<\/p>","protected":false},"featured_media":28792,"comment_status":"open","ping_status":"closed","template":"","meta":[],"product_brand":[],"product_cat":[2214,2231,2200,2215],"product_tag":[3460,3458,3407,3408,3415,3416,3412,3413,3459,3417,3414],"class_list":{"0":"post-28791","1":"product","2":"type-product","3":"status-publish","4":"has-post-thumbnail","6":"product_cat-citi-sejas-kopsanas-lidzekli","7":"product_cat-lv-on-sale","8":"product_cat-sejas-kopsanas-lidzekli","9":"product_cat-visi-produkti","10":"product_tag-5-vitamin-c-blemish-relief-serum","11":"product_tag-atjaunojosais-serums-ar-5-c-vitaminu-pigmentacijas-mazinasanai","12":"product_tag-beauty-pharma","13":"product_tag-bp","14":"product_tag-dermatological-cosmetics","15":"product_tag-dermatologiska-kosmetika","16":"product_tag-turcija","17":"product_tag-turkey","18":"product_tag----5-","19":"product_tag-3417","20":"product_tag-3414","21":"pa_brand_nc-beauty-pharma","22":"pa_ean_nc-3457","23":"pa_ean_nc-turkey","25":"first","26":"outofstock","27":"sale","28":"taxable","29":"shipping-taxable","30":"purchasable","31":"product-type-simple"},"yoast_head":"<!-- This site is optimized with the Yoast SEO plugin v27.4 - https:\/\/yoast.com\/product\/yoast-seo-wordpress\/ -->\n<title>Atjaunojo\u0161ais serums ar 5% C Vitam\u012bnu pigment\u0101cijas mazin\u0101\u0161anai<\/title>\n<meta name=\"description\" content=\"M\u0113r\u0137is samazin\u0101t: P\u016bt\u012btes, plankumus, taukain\u012bbu, poras. Neredzams l\u012bdzeklis plankumu \u0101rst\u0113\u0161anai.\" \/>\n<meta name=\"robots\" content=\"index, follow, max-snippet:-1, max-image-preview:large, max-video-preview:-1\" \/>\n<link rel=\"canonical\" href=\"https:\/\/women.lv\/en\/product\/atjaunojosais-serums-ar-5-c-vitaminu-pigmentacijas-mazinasanai\/\" \/>\n<meta property=\"og:locale\" content=\"en_GB\" \/>\n<meta property=\"og:type\" content=\"article\" \/>\n<meta property=\"og:title\" content=\"Atjaunojo\u0161ais serums ar 5% C Vitam\u012bnu pigment\u0101cijas mazin\u0101\u0161anai\" \/>\n<meta property=\"og:description\" content=\"M\u0113r\u0137is samazin\u0101t: P\u016bt\u012btes, plankumus, taukain\u012bbu, poras. Neredzams l\u012bdzeklis plankumu \u0101rst\u0113\u0161anai.\" \/>\n<meta property=\"og:url\" content=\"https:\/\/women.lv\/en\/product\/atjaunojosais-serums-ar-5-c-vitaminu-pigmentacijas-mazinasanai\/\" \/>\n<meta property=\"og:site_name\" content=\"Women Veikals\" \/>\n<meta property=\"article:modified_time\" content=\"2026-03-21T09:36:58+00:00\" \/>\n<meta property=\"og:image\" content=\"https:\/\/women.lv\/wp-content\/uploads\/nc\/catalog\/Beauty-Pharma\/5-vitamin-c-blemish-relief-serum.PNG\" \/>\n\t<meta property=\"og:image:width\" content=\"786\" \/>\n\t<meta property=\"og:image:height\" content=\"791\" \/>\n\t<meta property=\"og:image:type\" content=\"image\/png\" \/>\n<meta name=\"twitter:card\" content=\"summary_large_image\" \/>\n<script type=\"application\/ld+json\" class=\"yoast-schema-graph\">{\"@context\":\"https:\\\/\\\/schema.org\",\"@graph\":[{\"@type\":\"WebPage\",\"@id\":\"https:\\\/\\\/women.lv\\\/product\\\/atjaunojosais-serums-ar-5-c-vitaminu-pigmentacijas-mazinasanai\\\/\",\"url\":\"https:\\\/\\\/women.lv\\\/product\\\/atjaunojosais-serums-ar-5-c-vitaminu-pigmentacijas-mazinasanai\\\/\",\"name\":\"Atjaunojo\u0161ais serums ar 5% C Vitam\u012bnu pigment\u0101cijas mazin\u0101\u0161anai\",\"isPartOf\":{\"@id\":\"https:\\\/\\\/women.lv\\\/#website\"},\"primaryImageOfPage\":{\"@id\":\"https:\\\/\\\/women.lv\\\/product\\\/atjaunojosais-serums-ar-5-c-vitaminu-pigmentacijas-mazinasanai\\\/#primaryimage\"},\"image\":{\"@id\":\"https:\\\/\\\/women.lv\\\/product\\\/atjaunojosais-serums-ar-5-c-vitaminu-pigmentacijas-mazinasanai\\\/#primaryimage\"},\"thumbnailUrl\":\"https:\\\/\\\/women.lv\\\/wp-content\\\/uploads\\\/nc\\\/catalog\\\/Beauty-Pharma\\\/5-vitamin-c-blemish-relief-serum.PNG\",\"datePublished\":\"2020-12-09T14:48:46+00:00\",\"dateModified\":\"2026-03-21T09:36:58+00:00\",\"description\":\"M\u0113r\u0137is samazin\u0101t: P\u016bt\u012btes, plankumus, taukain\u012bbu, poras. Neredzams l\u012bdzeklis plankumu \u0101rst\u0113\u0161anai.\",\"breadcrumb\":{\"@id\":\"https:\\\/\\\/women.lv\\\/product\\\/atjaunojosais-serums-ar-5-c-vitaminu-pigmentacijas-mazinasanai\\\/#breadcrumb\"},\"inLanguage\":\"en-GB\",\"potentialAction\":[{\"@type\":\"ReadAction\",\"target\":[\"https:\\\/\\\/women.lv\\\/product\\\/atjaunojosais-serums-ar-5-c-vitaminu-pigmentacijas-mazinasanai\\\/\"]}]},{\"@type\":\"ImageObject\",\"inLanguage\":\"en-GB\",\"@id\":\"https:\\\/\\\/women.lv\\\/product\\\/atjaunojosais-serums-ar-5-c-vitaminu-pigmentacijas-mazinasanai\\\/#primaryimage\",\"url\":\"https:\\\/\\\/women.lv\\\/wp-content\\\/uploads\\\/nc\\\/catalog\\\/Beauty-Pharma\\\/5-vitamin-c-blemish-relief-serum.PNG\",\"contentUrl\":\"https:\\\/\\\/women.lv\\\/wp-content\\\/uploads\\\/nc\\\/catalog\\\/Beauty-Pharma\\\/5-vitamin-c-blemish-relief-serum.PNG\",\"width\":786,\"height\":791,\"caption\":\"Atjaunojo\u0161ais serums ar 5% C Vitam\u012bnu pigment\u0101cijas mazin\u0101\u0161anai\"},{\"@type\":\"BreadcrumbList\",\"@id\":\"https:\\\/\\\/women.lv\\\/product\\\/atjaunojosais-serums-ar-5-c-vitaminu-pigmentacijas-mazinasanai\\\/#breadcrumb\",\"itemListElement\":[{\"@type\":\"ListItem\",\"position\":1,\"name\":\"Home\",\"item\":\"https:\\\/\\\/women.lv\\\/\"},{\"@type\":\"ListItem\",\"position\":2,\"name\":\"Products\",\"item\":\"https:\\\/\\\/women.lv\\\/en\\\/shop\\\/\"},{\"@type\":\"ListItem\",\"position\":3,\"name\":\"Atjaunojo\u0161ais serums ar 5% C Vitam\u012bnu pigment\u0101cijas mazin\u0101\u0161anai\"}]},{\"@type\":\"WebSite\",\"@id\":\"https:\\\/\\\/women.lv\\\/#website\",\"url\":\"https:\\\/\\\/women.lv\\\/\",\"name\":\"Women Veikals\",\"description\":\"Uzdr\u012bksties b\u016bt skaista\",\"potentialAction\":[{\"@type\":\"SearchAction\",\"target\":{\"@type\":\"EntryPoint\",\"urlTemplate\":\"https:\\\/\\\/women.lv\\\/?s={search_term_string}\"},\"query-input\":{\"@type\":\"PropertyValueSpecification\",\"valueRequired\":true,\"valueName\":\"search_term_string\"}}],\"inLanguage\":\"en-GB\"}]}<\/script>\n<!-- \/ Yoast SEO plugin. -->","yoast_head_json":{"title":"Regenerating serum with 5% Vitamin C to reduce pigmentation","description":"M\u0113r\u0137is samazin\u0101t: P\u016bt\u012btes, plankumus, taukain\u012bbu, poras. Neredzams l\u012bdzeklis plankumu \u0101rst\u0113\u0161anai.","robots":{"index":"index","follow":"follow","max-snippet":"max-snippet:-1","max-image-preview":"max-image-preview:large","max-video-preview":"max-video-preview:-1"},"canonical":"https:\/\/women.lv\/en\/product\/atjaunojosais-serums-ar-5-c-vitaminu-pigmentacijas-mazinasanai\/","og_locale":"en_GB","og_type":"article","og_title":"Atjaunojo\u0161ais serums ar 5% C Vitam\u012bnu pigment\u0101cijas mazin\u0101\u0161anai","og_description":"M\u0113r\u0137is samazin\u0101t: P\u016bt\u012btes, plankumus, taukain\u012bbu, poras. Neredzams l\u012bdzeklis plankumu \u0101rst\u0113\u0161anai.","og_url":"https:\/\/women.lv\/en\/product\/atjaunojosais-serums-ar-5-c-vitaminu-pigmentacijas-mazinasanai\/","og_site_name":"Women Veikals","article_modified_time":"2026-03-21T09:36:58+00:00","og_image":[{"width":786,"height":791,"url":"https:\/\/women.lv\/wp-content\/uploads\/nc\/catalog\/Beauty-Pharma\/5-vitamin-c-blemish-relief-serum.PNG","type":"image\/png"}],"twitter_card":"summary_large_image","schema":{"@context":"https:\/\/schema.org","@graph":[{"@type":"WebPage","@id":"https:\/\/women.lv\/product\/atjaunojosais-serums-ar-5-c-vitaminu-pigmentacijas-mazinasanai\/","url":"https:\/\/women.lv\/product\/atjaunojosais-serums-ar-5-c-vitaminu-pigmentacijas-mazinasanai\/","name":"Regenerating serum with 5% Vitamin C to reduce pigmentation","isPartOf":{"@id":"https:\/\/women.lv\/#website"},"primaryImageOfPage":{"@id":"https:\/\/women.lv\/product\/atjaunojosais-serums-ar-5-c-vitaminu-pigmentacijas-mazinasanai\/#primaryimage"},"image":{"@id":"https:\/\/women.lv\/product\/atjaunojosais-serums-ar-5-c-vitaminu-pigmentacijas-mazinasanai\/#primaryimage"},"thumbnailUrl":"https:\/\/women.lv\/wp-content\/uploads\/nc\/catalog\/Beauty-Pharma\/5-vitamin-c-blemish-relief-serum.PNG","datePublished":"2020-12-09T14:48:46+00:00","dateModified":"2026-03-21T09:36:58+00:00","description":"M\u0113r\u0137is samazin\u0101t: P\u016bt\u012btes, plankumus, taukain\u012bbu, poras. Neredzams l\u012bdzeklis plankumu \u0101rst\u0113\u0161anai.","breadcrumb":{"@id":"https:\/\/women.lv\/product\/atjaunojosais-serums-ar-5-c-vitaminu-pigmentacijas-mazinasanai\/#breadcrumb"},"inLanguage":"en-GB","potentialAction":[{"@type":"ReadAction","target":["https:\/\/women.lv\/product\/atjaunojosais-serums-ar-5-c-vitaminu-pigmentacijas-mazinasanai\/"]}]},{"@type":"ImageObject","inLanguage":"en-GB","@id":"https:\/\/women.lv\/product\/atjaunojosais-serums-ar-5-c-vitaminu-pigmentacijas-mazinasanai\/#primaryimage","url":"https:\/\/women.lv\/wp-content\/uploads\/nc\/catalog\/Beauty-Pharma\/5-vitamin-c-blemish-relief-serum.PNG","contentUrl":"https:\/\/women.lv\/wp-content\/uploads\/nc\/catalog\/Beauty-Pharma\/5-vitamin-c-blemish-relief-serum.PNG","width":786,"height":791,"caption":"Atjaunojo\u0161ais serums ar 5% C Vitam\u012bnu pigment\u0101cijas mazin\u0101\u0161anai"},{"@type":"BreadcrumbList","@id":"https:\/\/women.lv\/product\/atjaunojosais-serums-ar-5-c-vitaminu-pigmentacijas-mazinasanai\/#breadcrumb","itemListElement":[{"@type":"ListItem","position":1,"name":"Home","item":"https:\/\/women.lv\/"},{"@type":"ListItem","position":2,"name":"Products","item":"https:\/\/women.lv\/en\/shop\/"},{"@type":"ListItem","position":3,"name":"Atjaunojo\u0161ais serums ar 5% C Vitam\u012bnu pigment\u0101cijas mazin\u0101\u0161anai"}]},{"@type":"WebSite","@id":"https:\/\/women.lv\/#website","url":"https:\/\/women.lv\/","name":"Women Shop","description":"Uzdr\u012bksties b\u016bt skaista","potentialAction":[{"@type":"SearchAction","target":{"@type":"EntryPoint","urlTemplate":"https:\/\/women.lv\/?s={search_term_string}"},"query-input":{"@type":"PropertyValueSpecification","valueRequired":true,"valueName":"search_term_string"}}],"inLanguage":"en-GB"}]}},"_links":{"self":[{"href":"https:\/\/women.lv\/en\/wp-json\/wp\/v2\/product\/28791","targetHints":{"allow":["GET"]}}],"collection":[{"href":"https:\/\/women.lv\/en\/wp-json\/wp\/v2\/product"}],"about":[{"href":"https:\/\/women.lv\/en\/wp-json\/wp\/v2\/types\/product"}],"replies":[{"embeddable":true,"href":"https:\/\/women.lv\/en\/wp-json\/wp\/v2\/comments?post=28791"}],"version-history":[{"count":0,"href":"https:\/\/women.lv\/en\/wp-json\/wp\/v2\/product\/28791\/revisions"}],"wp:featuredmedia":[{"embeddable":true,"href":"https:\/\/women.lv\/en\/wp-json\/wp\/v2\/media\/28792"}],"wp:attachment":[{"href":"https:\/\/women.lv\/en\/wp-json\/wp\/v2\/media?parent=28791"}],"wp:term":[{"taxonomy":"product_brand","embeddable":true,"href":"https:\/\/women.lv\/en\/wp-json\/wp\/v2\/product_brand?post=28791"},{"taxonomy":"product_cat","embeddable":true,"href":"https:\/\/women.lv\/en\/wp-json\/wp\/v2\/product_cat?post=28791"},{"taxonomy":"product_tag","embeddable":true,"href":"https:\/\/women.lv\/en\/wp-json\/wp\/v2\/product_tag?post=28791"}],"curies":[{"name":"wp","href":"https:\/\/api.w.org\/{rel}","templated":true}]}}